{"id":5690,"date":"2025-09-06T13:41:08","date_gmt":"2025-09-06T06:41:08","guid":{"rendered":"https:\/\/gvgarden.asia\/?post_type=product&#038;p=5690"},"modified":"2025-09-15T16:57:25","modified_gmt":"2025-09-15T09:57:25","slug":"hoa-chuong","status":"publish","type":"product","link":"https:\/\/gvgarden.asia\/?product=hoa-chuong","title":{"rendered":"Hoa Chu\u00f4ng"},"content":{"rendered":"<div id=\"ez-toc-container\" class=\"ez-toc-v2_0_76 counter-hierarchy ez-toc-counter ez-toc-grey ez-toc-container-direction\">\n<div class=\"ez-toc-title-container\">\n<p class=\"ez-toc-title\" style=\"cursor:inherit\">N\u1ed9i Dung B\u00e0i Vi\u1ebft<\/p>\n<span class=\"ez-toc-title-toggle\"><a href=\"#\" class=\"ez-toc-pull-right ez-toc-btn ez-toc-btn-xs ez-toc-btn-default ez-toc-toggle\" aria-label=\"Toggle Table of Content\"><span class=\"ez-toc-js-icon-con\"><span class=\"\"><span class=\"eztoc-hide\" style=\"display:none;\">Toggle<\/span><span class=\"ez-toc-icon-toggle-span\"><svg style=\"fill: #999;color:#999\" xmlns=\"http:\/\/www.w3.org\/2000\/svg\" class=\"list-377408\" width=\"20px\" height=\"20px\" viewBox=\"0 0 24 24\" fill=\"none\"><path d=\"M6 6H4v2h2V6zm14 0H8v2h12V6zM4 11h2v2H4v-2zm16 0H8v2h12v-2zM4 16h2v2H4v-2zm16 0H8v2h12v-2z\" fill=\"currentColor\"><\/path><\/svg><svg style=\"fill: #999;color:#999\" class=\"arrow-unsorted-368013\" xmlns=\"http:\/\/www.w3.org\/2000\/svg\" width=\"10px\" height=\"10px\" viewBox=\"0 0 24 24\" version=\"1.2\" baseProfile=\"tiny\"><path d=\"M18.2 9.3l-6.2-6.3-6.2 6.3c-.2.2-.3.4-.3.7s.1.5.3.7c.2.2.4.3.7.3h11c.3 0 .5-.1.7-.3.2-.2.3-.5.3-.7s-.1-.5-.3-.7zM5.8 14.7l6.2 6.3 6.2-6.3c.2-.2.3-.5.3-.7s-.1-.5-.3-.7c-.2-.2-.4-.3-.7-.3h-11c-.3 0-.5.1-.7.3-.2.2-.3.5-.3.7s.1.5.3.7z\"\/><\/svg><\/span><\/span><\/span><\/a><\/span><\/div>\n<nav><ul class='ez-toc-list ez-toc-list-level-1 eztoc-toggle-hide-by-default' ><li class='ez-toc-page-1 ez-toc-heading-level-3'><a class=\"ez-toc-link ez-toc-heading-1\" href=\"https:\/\/gvgarden.asia\/?product=hoa-chuong\/#1_gioi_thieu_ve_hoa_chuong_campanula\" >1. Gi\u1edbi thi\u1ec7u v\u1ec1 Hoa Chu\u00f4ng (Campanula)<\/a><\/li><li class='ez-toc-page-1 ez-toc-heading-level-3'><a class=\"ez-toc-link ez-toc-heading-2\" href=\"https:\/\/gvgarden.asia\/?product=hoa-chuong\/#2_y_nghia_cua_hoa_chuong_campanula\" >2. \u00dd ngh\u0129a c\u1ee7a Hoa Chu\u00f4ng (Campanula)<\/a><\/li><li class='ez-toc-page-1 ez-toc-heading-level-3'><a class=\"ez-toc-link ez-toc-heading-3\" href=\"https:\/\/gvgarden.asia\/?product=hoa-chuong\/#3_dac_diem_noi_bat_cua_hoa_chuong_campanula\" >3. \u0110\u1eb7c \u0111i\u1ec3m n\u1ed5i b\u1eadt c\u1ee7a Hoa Chu\u00f4ng (Campanula)<\/a><\/li><li class='ez-toc-page-1 ez-toc-heading-level-3'><a class=\"ez-toc-link ez-toc-heading-4\" href=\"https:\/\/gvgarden.asia\/?product=hoa-chuong\/#4_ung_dung_cua_hoa_chuong_campanula_trong_doi_song\" >4. \u1ee8ng d\u1ee5ng c\u1ee7a Hoa Chu\u00f4ng (Campanula) trong \u0111\u1eddi s\u1ed1ng<\/a><\/li><li class='ez-toc-page-1 ez-toc-heading-level-3'><a class=\"ez-toc-link ez-toc-heading-5\" href=\"https:\/\/gvgarden.asia\/?product=hoa-chuong\/#5_cach_cham_soc_hoa_chuong_campanula_cat_canh_tai_nha_de_giu_hoa_tuoi_lau\" >5. C\u00e1ch ch\u0103m s\u00f3c Hoa Chu\u00f4ng (Campanula) c\u1eaft c\u00e0nh t\u1ea1i nh\u00e0 \u0111\u1ec3 gi\u1eef hoa t\u01b0\u01a1i l\u00e2u<\/a><\/li><li class='ez-toc-page-1 ez-toc-heading-level-3'><a class=\"ez-toc-link ez-toc-heading-6\" href=\"https:\/\/gvgarden.asia\/?product=hoa-chuong\/#6_mua_hoa_chuong_campanula_chat_luong_tai_gvgardenasia\" >6. Mua Hoa Chu\u00f4ng (Campanula) ch\u1ea5t l\u01b0\u1ee3ng t\u1ea1i GVgarden.asia<\/a><\/li><\/ul><\/nav><\/div>\n<h3><span class=\"ez-toc-section\" id=\"1_gioi_thieu_ve_hoa_chuong_campanula\"><\/span><strong>1. Gi\u1edbi thi\u1ec7u v\u1ec1 Hoa Chu\u00f4ng (Campanula)<\/strong><span class=\"ez-toc-section-end\"><\/span><\/h3>\n<div>Hoa Chu\u00f4ng (t\u00ean khoa h\u1ecdc: Campanula), hay c\u00f2n \u0111\u01b0\u1ee3c g\u1ecdi l\u00e0 Campanula, l\u00e0 m\u1ed9t lo\u00e0i hoa duy\u00ean d\u00e1ng v\u00e0 thanh nh\u00e3, n\u1ed5i b\u1eadt v\u1edbi h\u00ecnh d\u00e1ng b\u00f4ng hoa gi\u1ed1ng nh\u01b0 nh\u1eefng chi\u1ebfc chu\u00f4ng nh\u1ecf \u00fap ng\u01b0\u1ee3c. V\u1edbi s\u1ef1 \u0111a d\u1ea1ng v\u1ec1 m\u00e0u s\u1eafc t\u1eeb t\u00edm bi\u1ebfc, xanh lam d\u1ecbu m\u00e1t, tr\u1eafng tinh kh\u00f4i \u0111\u1ebfn h\u1ed3ng ph\u1ea5n nh\u1eb9 nh\u00e0ng, hoa Chu\u00f4ng mang \u0111\u1ebfn v\u1ebb \u0111\u1eb9p m\u1ecfng manh nh\u01b0ng \u0111\u1ea7y cu\u1ed1n h\u00fat, g\u1ee3i c\u1ea3m gi\u00e1c b\u00ecnh y\u00ean v\u00e0 thanh t\u1ecbnh.<\/div>\n<div><\/div>\n<div>Campanula c\u00f3 ngu\u1ed3n g\u1ed1c t\u1eeb v\u00f9ng \u00f4n \u0111\u1edbi B\u1eafc b\u00e1n c\u1ea7u, bao g\u1ed3m ch\u00e2u \u00c2u, ch\u00e2u \u00c1 v\u00e0 B\u1eafc M\u1ef9. T\u00ean g\u1ecdi &#8220;Campanula&#8221; b\u1eaft ngu\u1ed3n t\u1eeb ti\u1ebfng Latinh, c\u00f3 ngh\u0129a l\u00e0 &#8220;chi\u1ebfc chu\u00f4ng nh\u1ecf&#8221;, m\u00f4 t\u1ea3 ch\u00ednh x\u00e1c h\u00ecnh d\u1ea1ng \u0111\u1eb7c tr\u01b0ng c\u1ee7a ch\u00fang. T\u1eeb l\u00e2u, hoa Chu\u00f4ng \u0111\u00e3 \u0111\u01b0\u1ee3c y\u00eau th\u00edch v\u00e0 tr\u1ed3ng r\u1ed9ng r\u00e3i kh\u00f4ng ch\u1ec9 trong c\u00e1c khu v\u01b0\u1eddn m\u00e0 c\u00f2n l\u00e0m hoa c\u1eaft c\u00e0nh trang tr\u00ed n\u1ed9i th\u1ea5t, mang \u0111\u1ebfn v\u1ebb \u0111\u1eb9p nh\u1eb9 nh\u00e0ng v\u00e0 \u0111\u1ed9c \u0111\u00e1o.<\/div>\n<div><\/div>\n<div>Trong ng\u00f4n ng\u1eef c\u00e1c lo\u00e0i hoa, hoa Chu\u00f4ng th\u01b0\u1eddng mang theo nh\u1eefng th\u00f4ng \u0111i\u1ec7p \u00fd ngh\u0129a v\u1ec1 l\u00f2ng bi\u1ebft \u01a1n, s\u1ef1 khi\u00eam t\u1ed1n v\u00e0 t\u00ecnh y\u00eau ch\u00e2n th\u00e0nh. Ch\u00fang l\u00e0 l\u1ef1a ch\u1ecdn ho\u00e0n h\u1ea3o \u0111\u1ec3 th\u1ec3 hi\u1ec7n s\u1ef1 tr\u00e2n tr\u1ecdng v\u00e0 nh\u1eefng c\u1ea3m x\u00fac s\u00e2u k\u00edn.<\/div>\n<div><\/div>\n<h3><span class=\"ez-toc-section\" id=\"2_y_nghia_cua_hoa_chuong_campanula\"><\/span><strong>2. \u00dd ngh\u0129a c\u1ee7a Hoa Chu\u00f4ng (Campanula)<\/strong><span class=\"ez-toc-section-end\"><\/span><\/h3>\n<div>Hoa Chu\u00f4ng \u1ea9n ch\u1ee9a nhi\u1ec1u \u00fd ngh\u0129a tinh t\u1ebf v\u00e0 s\u00e2u s\u1eafc, l\u00e0m cho ch\u00fang tr\u1edf th\u00e0nh lo\u00e0i hoa \u0111\u1eb7c bi\u1ec7t trong giao ti\u1ebfp b\u1eb1ng hoa:<\/div>\n<div><\/div>\n<div>\u00dd ngh\u0129a chung: Hoa Chu\u00f4ng th\u01b0\u1eddng t\u01b0\u1ee3ng tr\u01b0ng cho l\u00f2ng bi\u1ebft \u01a1n, s\u1ef1 khi\u00eam t\u1ed1n, t\u00ecnh y\u00eau v\u0129nh c\u1eedu v\u00e0 s\u1ef1 trung th\u00e0nh. Ch\u00fang c\u0169ng bi\u1ec3u hi\u1ec7n cho ni\u1ec1m hy v\u1ecdng, s\u1ef1 th\u1eadt v\u00e0 v\u1ebb \u0111\u1eb9p kh\u00f4ng ph\u00f4 tr\u01b0\u01a1ng.<\/div>\n<div><\/div>\n<div>\u00dd ngh\u0129a theo m\u00e0u s\u1eafc:<\/div>\n<div><\/div>\n<div>Chu\u00f4ng t\u00edm\/xanh lam: Bi\u1ec3u t\u01b0\u1ee3ng c\u1ee7a l\u00f2ng bi\u1ebft \u01a1n s\u00e2u s\u1eafc, s\u1ef1 ng\u01b0\u1ee1ng m\u1ed9, t\u00ecnh y\u00eau v\u0129nh c\u1eedu v\u00e0 s\u1ef1 thanh b\u00ecnh. \u0110\u00e2y l\u00e0 m\u00e0u s\u1eafc ph\u1ed5 bi\u1ebfn v\u00e0 mang \u00fd ngh\u0129a \u0111\u1eb7c tr\u01b0ng nh\u1ea5t c\u1ee7a hoa Chu\u00f4ng. (Alt \u1ea3nh: Hoa Chu\u00f4ng xanh t\u00edm thanh nh\u00e3)<\/div>\n<div><\/div>\n<div>Chu\u00f4ng tr\u1eafng: \u0110\u1ea1i di\u1ec7n cho s\u1ef1 thu\u1ea7n khi\u1ebft, ng\u00e2y th\u01a1, v\u1ebb \u0111\u1eb9p tinh kh\u00f4i v\u00e0 l\u00f2ng th\u00e0nh th\u1eadt. Th\u01b0\u1eddng d\u00f9ng trong c\u00e1c d\u1ecbp c\u1ea7n s\u1ef1 trang tr\u1ecdng v\u00e0 trong s\u00e1ng. (Alt \u1ea3nh: B\u00ecnh hoa Chu\u00f4ng tr\u1eafng tinh kh\u00f4i)<\/div>\n<div><\/div>\n<div>Chu\u00f4ng h\u1ed3ng: Mang \u00fd ngh\u0129a c\u1ee7a s\u1ef1 d\u1ecbu d\u00e0ng, duy\u00ean d\u00e1ng, t\u00ecnh y\u00eau nh\u1eb9 nh\u00e0ng v\u00e0 l\u00f2ng tr\u1eafc \u1ea9n. (Alt \u1ea3nh: C\u00e0nh hoa Chu\u00f4ng h\u1ed3ng ph\u1ea5n l\u00e3ng m\u1ea1n)<\/div>\n<h3><span class=\"ez-toc-section\" id=\"3_dac_diem_noi_bat_cua_hoa_chuong_campanula\"><\/span><strong>3. \u0110\u1eb7c \u0111i\u1ec3m n\u1ed5i b\u1eadt c\u1ee7a Hoa Chu\u00f4ng (Campanula)<\/strong><span class=\"ez-toc-section-end\"><\/span><\/h3>\n<div>Hoa Chu\u00f4ng c\u00f3 nh\u1eefng \u0111\u1eb7c \u0111i\u1ec3m \u0111\u1ed9c \u0111\u00e1o gi\u00fap ch\u00fang d\u1ec5 d\u00e0ng \u0111\u01b0\u1ee3c nh\u1eadn bi\u1ebft v\u00e0 y\u00eau th\u00edch:<\/div>\n<div><\/div>\n<div>C\u1ea5u t\u1ea1o b\u00f4ng hoa: \u0110i\u1ec3m \u0111\u1eb7c tr\u01b0ng nh\u1ea5t l\u00e0 h\u00ecnh d\u00e1ng hoa gi\u1ed1ng nh\u01b0 nh\u1eefng chi\u1ebfc chu\u00f4ng, c\u00f3 th\u1ec3 l\u00e0 chu\u00f4ng \u0111\u01a1n ho\u1eb7c chu\u00f4ng k\u00e9p (t\u1ea7ng c\u00e1nh). Hoa th\u01b0\u1eddng m\u1ecdc th\u00e0nh ch\u00f9m ho\u1eb7c t\u1eebng b\u00f4ng ri\u00eang l\u1ebb d\u1ecdc theo th\u00e2n. K\u00edch th\u01b0\u1edbc hoa kh\u00e1 \u0111a d\u1ea1ng t\u00f9y thu\u1ed9c v\u00e0o gi\u1ed1ng. (Alt \u1ea3nh: C\u1eadn c\u1ea3nh b\u00f4ng hoa Chu\u00f4ng h\u00ecnh chu\u00f4ng)<\/div>\n<div><\/div>\n<div>Th\u00e2n v\u00e0 l\u00e1: Th\u00e2n c\u00e2y Chu\u00f4ng th\u01b0\u1eddng m\u1ea3nh mai, c\u00f3 th\u1ec3 m\u1ecdc th\u1eb3ng ho\u1eb7c r\u1ee7 xu\u1ed1ng t\u00f9y gi\u1ed1ng. L\u00e1 c\u00e2y c\u00f3 m\u00e0u xanh l\u1ee5c, h\u00ecnh b\u1ea7u d\u1ee5c ho\u1eb7c tr\u00e1i tim, th\u01b0\u1eddng c\u00f3 r\u0103ng c\u01b0a nh\u1ecf \u1edf m\u00e9p.<\/div>\n<div><\/div>\n<div>M\u00f9a hoa: Hoa Chu\u00f4ng th\u01b0\u1eddng n\u1edf r\u1ed9 v\u00e0o m\u00f9a xu\u00e2n v\u00e0 m\u00f9a h\u00e8, mang \u0111\u1ebfn v\u1ebb \u0111\u1eb9p d\u1ecbu m\u00e1t cho kh\u00f4ng gian.<\/div>\n<div><\/div>\n<div>\u0110\u1ed9 b\u1ec1n: Hoa Chu\u00f4ng c\u1eaft c\u00e0nh c\u00f3 \u0111\u1ed9 b\u1ec1n kh\u00e1 t\u1ed1t, c\u00f3 th\u1ec3 gi\u1eef t\u01b0\u01a1i trong b\u00ecnh t\u1eeb 7-10 ng\u00e0y ho\u1eb7c h\u01a1n n\u1ebfu \u0111\u01b0\u1ee3c ch\u0103m s\u00f3c \u0111\u00fang c\u00e1ch.<\/div>\n<div><\/div>\n<div>C\u00e1c lo\u1ea1i Chu\u00f4ng ph\u1ed5 bi\u1ebfn:<\/div>\n<div><\/div>\n<div>Campanula medium (Canterbury Bells): Lo\u1ea1i hoa Chu\u00f4ng th\u00e2n cao, hoa l\u1edbn, th\u01b0\u1eddng \u0111\u01b0\u1ee3c d\u00f9ng l\u00e0m hoa c\u1eaft c\u00e0nh.<\/div>\n<div><\/div>\n<div>Campanula persicifolia (Peach-leaved Bellflower): Hoa h\u00ecnh chu\u00f4ng \u0111\u01a1n gi\u1ea3n, tinh t\u1ebf, th\u00edch h\u1ee3p cho v\u01b0\u1eddn v\u00e0 c\u1eaft c\u00e0nh.<\/div>\n<div><\/div>\n<div>Campanula carpatica (Carpathian Bellflower): Lo\u1ea1i l\u00f9n h\u01a1n, th\u01b0\u1eddng d\u00f9ng tr\u1ed3ng ch\u1eadu ho\u1eb7c vi\u1ec1n b\u1ed3n hoa.<\/div>\n<h3><span class=\"ez-toc-section\" id=\"4_ung_dung_cua_hoa_chuong_campanula_trong_doi_song\"><\/span><strong>4. \u1ee8ng d\u1ee5ng c\u1ee7a Hoa Chu\u00f4ng (Campanula) trong \u0111\u1eddi s\u1ed1ng<\/strong><span class=\"ez-toc-section-end\"><\/span><\/h3>\n<div>V\u1edbi v\u1ebb \u0111\u1eb9p thanh nh\u00e3 v\u00e0 \u00fd ngh\u0129a s\u00e2u s\u1eafc, hoa Chu\u00f4ng c\u00f3 nhi\u1ec1u \u1ee9ng d\u1ee5ng ph\u1ed5 bi\u1ebfn:<\/div>\n<div><\/div>\n<div>Hoa c\u1eaft c\u00e0nh v\u00e0 c\u1eafm hoa ngh\u1ec7 thu\u1eadt: Hoa Chu\u00f4ng l\u00e0 l\u1ef1a ch\u1ecdn tuy\u1ec7t v\u1eddi cho c\u00e1c thi\u1ebft k\u1ebf hoa tinh t\u1ebf:<\/div>\n<div><\/div>\n<div>B\u00f3 hoa c\u1ea7m tay: Mang \u0111\u1ebfn v\u1ebb \u0111\u1eb9p thanh l\u1ecbch, d\u1ecbu d\u00e0ng cho b\u00f3 hoa c\u00f4 d\u00e2u, \u0111\u1eb7c bi\u1ec7t l\u00e0 trong c\u00e1c \u0111\u00e1m c\u01b0\u1edbi phong c\u00e1ch c\u1ed5 \u0111i\u1ec3n ho\u1eb7c v\u01b0\u1eddn.<\/div>\n<div><\/div>\n<div>C\u1eafm l\u1ecd trang tr\u00ed: \u0110\u1eb7t \u1edf b\u00e0n l\u00e0m vi\u1ec7c, ph\u00f2ng kh\u00e1ch, ph\u00f2ng ng\u1ee7 \u0111\u1ec3 t\u1ea1o kh\u00f4ng gian b\u00ecnh y\u00ean, thanh t\u1ecbnh. Hoa Chu\u00f4ng k\u1ebft h\u1ee3p \u0111\u1eb9p v\u1edbi hoa h\u1ed3ng, c\u1ea9m t\u00fa c\u1ea7u, ho\u1eb7c baby&#8217;s breath.<\/div>\n<div><\/div>\n<div>Thi\u1ebft k\u1ebf hoa s\u1ef1 ki\u1ec7n: Ph\u00f9 h\u1ee3p cho c\u00e1c bu\u1ed5i ti\u1ec7c trang tr\u1ecdng, s\u1ef1 ki\u1ec7n v\u0103n h\u00f3a, ho\u1eb7c c\u00e1c bu\u1ed5i l\u1ec5 k\u1ef7 ni\u1ec7m. (Alt \u1ea3nh: B\u00ecnh hoa Chu\u00f4ng v\u00e0 hoa h\u1ed3ng)<\/div>\n<div><\/div>\n<div>Qu\u00e0 t\u1eb7ng \u00fd ngh\u0129a: Hoa Chu\u00f4ng l\u00e0 m\u00f3n qu\u00e0 l\u00fd t\u01b0\u1edfng \u0111\u1ec3 th\u1ec3 hi\u1ec7n l\u00f2ng bi\u1ebft \u01a1n ch\u00e2n th\u00e0nh, s\u1ef1 ng\u01b0\u1ee1ng m\u1ed9 ho\u1eb7c l\u1eddi ch\u00fac b\u00ecnh an, h\u1ea1nh ph\u00fac \u0111\u1ebfn ng\u01b0\u1eddi th\u00e2n, b\u1ea1n b\u00e8, th\u1ea7y c\u00f4 gi\u00e1o. Ch\u00fang c\u0169ng ph\u00f9 h\u1ee3p \u0111\u1ec3 t\u1eb7ng trong d\u1ecbp sinh nh\u1eadt, k\u1ef7 ni\u1ec7m, ho\u1eb7c khi b\u1ea1n mu\u1ed1n g\u1eedi g\u1eafm s\u1ef1 tr\u00e2n tr\u1ecdng.<\/div>\n<div><\/div>\n<div>Trang tr\u00ed v\u01b0\u1eddn v\u00e0 c\u1ea3nh quan: M\u1ed9t s\u1ed1 gi\u1ed1ng hoa Chu\u00f4ng \u0111\u01b0\u1ee3c tr\u1ed3ng trong v\u01b0\u1eddn, b\u1ed3n hoa ho\u1eb7c ch\u1eadu treo, t\u1ea1o \u0111i\u1ec3m nh\u1ea5n m\u1ec1m m\u1ea1i, bay b\u1ed5ng cho kh\u00f4ng gian xanh.<\/div>\n<h3><span class=\"ez-toc-section\" id=\"5_cach_cham_soc_hoa_chuong_campanula_cat_canh_tai_nha_de_giu_hoa_tuoi_lau\"><\/span><strong>5. C\u00e1ch ch\u0103m s\u00f3c Hoa Chu\u00f4ng (Campanula) c\u1eaft c\u00e0nh t\u1ea1i nh\u00e0 \u0111\u1ec3 gi\u1eef hoa t\u01b0\u01a1i l\u00e2u<\/strong><span class=\"ez-toc-section-end\"><\/span><\/h3>\n<div>Hoa Chu\u00f4ng c\u1eaft c\u00e0nh c\u00f3 th\u1ec3 duy tr\u00ec v\u1ebb \u0111\u1eb9p thanh nh\u00e3 trong b\u00ecnh kh\u00e1 l\u00e2u n\u1ebfu \u0111\u01b0\u1ee3c ch\u0103m s\u00f3c \u0111\u00fang c\u00e1ch. H\u00e3y l\u00e0m theo c\u00e1c b\u01b0\u1edbc sau \u0111\u1ec3 t\u1ed1i \u0111a h\u00f3a tu\u1ed5i th\u1ecd c\u1ee7a ch\u00fang:<\/div>\n<div><\/div>\n<div>V\u1ec7 sinh b\u00ecnh hoa: Lu\u00f4n b\u1eaft \u0111\u1ea7u b\u1eb1ng m\u1ed9t b\u00ecnh hoa th\u1eadt s\u1ea1ch. R\u1eeda k\u1ef9 b\u00ecnh b\u1eb1ng x\u00e0 ph\u00f2ng v\u00e0 n\u01b0\u1edbc n\u00f3ng \u0111\u1ec3 lo\u1ea1i b\u1ecf vi khu\u1ea9n v\u00e0 c\u1eb7n b\u1ea9n, sau \u0111\u00f3 tr\u00e1ng l\u1ea1i b\u1eb1ng n\u01b0\u1edbc s\u1ea1ch. B\u00ecnh b\u1ea9n l\u00e0 m\u00f4i tr\u01b0\u1eddng l\u00fd t\u01b0\u1edfng cho vi khu\u1ea9n l\u00e0m hoa nhanh h\u00e9o.<\/div>\n<div><\/div>\n<div>C\u1eaft g\u1ed1c hoa \u0111\u00fang c\u00e1ch: Ngay khi mang hoa v\u1ec1, d\u00f9ng k\u00e9o s\u1eafc ho\u1eb7c dao chuy\u00ean d\u1ee5ng \u0111\u1ec3 c\u1eaft ch\u00e9o m\u1ed9t g\u00f3c 45 \u0111\u1ed9 kho\u1ea3ng 2-3 cm \u1edf g\u1ed1c c\u00e0nh hoa. Th\u1ef1c hi\u1ec7n thao t\u00e1c n\u00e0y d\u01b0\u1edbi v\u00f2i n\u01b0\u1edbc ch\u1ea3y ho\u1eb7c trong m\u1ed9t ch\u1eadu n\u01b0\u1edbc nh\u1ecf. Vi\u1ec7c c\u1eaft d\u01b0\u1edbi n\u01b0\u1edbc gi\u00fap ng\u0103n kh\u00f4ng kh\u00ed l\u1ecdt v\u00e0o c\u00e1c m\u1ea1ch d\u1eabn c\u1ee7a hoa, \u0111\u1ea3m b\u1ea3o hoa c\u00f3 th\u1ec3 h\u00fat n\u01b0\u1edbc li\u00ean t\u1ee5c v\u00e0 hi\u1ec7u qu\u1ea3. (Alt \u1ea3nh: C\u1eaft ch\u00e9o g\u1ed1c hoa Chu\u00f4ng)<\/div>\n<div><\/div>\n<div>Lo\u1ea1i b\u1ecf l\u00e1 d\u01b0\u1edbi m\u1ef1c n\u01b0\u1edbc: G\u1ee1 b\u1ecf t\u1ea5t c\u1ea3 nh\u1eefng l\u00e1 ho\u1eb7c c\u00e0nh ph\u1ee5 n\u00e0o c\u00f3 kh\u1ea3 n\u0103ng b\u1ecb ng\u1eadp trong n\u01b0\u1edbc khi c\u1eafm v\u00e0o b\u00ecnh. L\u00e1 b\u1ecb ng\u00e2m trong n\u01b0\u1edbc s\u1ebd nhanh ch\u00f3ng b\u1ecb th\u1ed1i r\u1eefa, t\u1ea1o m\u00f4i tr\u01b0\u1eddng thu\u1eadn l\u1ee3i cho vi khu\u1ea9n ph\u00e1t tri\u1ec3n, l\u00e0m \u00f4 nhi\u1ec5m ngu\u1ed3n n\u01b0\u1edbc v\u00e0 r\u00fat ng\u1eafn tu\u1ed5i th\u1ecd c\u1ee7a hoa. (Alt \u1ea3nh: G\u1ee1 b\u1ecf l\u00e1 tr\u00ean c\u00e0nh hoa Chu\u00f4ng)<\/div>\n<div><\/div>\n<div>S\u1eed d\u1ee5ng d\u01b0\u1ee1ng ch\u1ea5t c\u1eafm hoa: Pha g\u00f3i d\u01b0\u1ee1ng ch\u1ea5t c\u1eafm hoa (floral food) v\u00e0o n\u01b0\u1edbc theo t\u1ef7 l\u1ec7 h\u01b0\u1edbng d\u1eabn tr\u00ean bao b\u00ec. Dung d\u1ecbch n\u00e0y cung c\u1ea5p \u0111\u01b0\u1eddng (ngu\u1ed3n n\u0103ng l\u01b0\u1ee3ng cho hoa) v\u00e0 ch\u1ea5t di\u1ec7t khu\u1ea9n, gi\u00fap n\u01b0\u1edbc trong b\u00ecnh s\u1ea1ch s\u1ebd v\u00e0 hoa t\u01b0\u01a1i l\u00e2u h\u01a1n. N\u1ebfu kh\u00f4ng c\u00f3 d\u01b0\u1ee1ng ch\u1ea5t chuy\u00ean d\u1ee5ng, b\u1ea1n c\u00f3 th\u1ec3 t\u1ef1 pha b\u1eb1ng c\u00e1ch h\u00f2a tan m\u1ed9t th\u00eca c\u00e0 ph\u00ea \u0111\u01b0\u1eddng v\u00e0 v\u00e0i gi\u1ecdt thu\u1ed1c t\u1ea9y kh\u00f4ng m\u00f9i v\u00e0o m\u1ed9t l\u00edt n\u01b0\u1edbc s\u1ea1ch.<\/div>\n<div><\/div>\n<div>Thay n\u01b0\u1edbc th\u01b0\u1eddng xuy\u00ean: Thay to\u00e0n b\u1ed9 n\u01b0\u1edbc trong b\u00ecnh m\u1ed7i ng\u00e0y ho\u1eb7c c\u00e1ch ng\u00e0y. Khi thay n\u01b0\u1edbc, n\u00ean r\u1eeda s\u1ea1ch b\u00ecnh m\u1ed9t l\u1ea7n n\u1eefa v\u00e0 c\u1eaft l\u1ea1i g\u1ed1c hoa m\u1ed9t ch\u00fat (kho\u1ea3ng 1 cm) \u0111\u1ec3 lo\u1ea1i b\u1ecf ph\u1ea7n g\u1ed1c c\u00f3 th\u1ec3 \u0111\u00e3 b\u1ecb t\u1eafc ngh\u1ebdn ho\u1eb7c m\u1ec1m nh\u0169n, gi\u00fap hoa ti\u1ebfp t\u1ee5c h\u00fat n\u01b0\u1edbc t\u1ed1t.<\/div>\n<div><\/div>\n<div>V\u1ecb tr\u00ed \u0111\u1eb7t hoa: \u0110\u1eb7t b\u00ecnh hoa Chu\u00f4ng \u1edf n\u01a1i m\u00e1t m\u1ebb, tho\u00e1ng \u0111\u00e3ng, tr\u00e1nh \u00e1nh n\u1eafng m\u1eb7t tr\u1eddi tr\u1ef1c ti\u1ebfp, gi\u00f3 l\u00f9a m\u1ea1nh v\u00e0 c\u00e1c ngu\u1ed3n nhi\u1ec7t (nh\u01b0 TV, l\u00f2 s\u01b0\u1edfi, thi\u1ebft b\u1ecb \u0111i\u1ec7n t\u1eed). Nhi\u1ec7t \u0111\u1ed9 cao v\u00e0 lu\u1ed3ng kh\u00ed m\u1ea1nh s\u1ebd l\u00e0m hoa m\u1ea5t n\u01b0\u1edbc nhanh ch\u00f3ng. \u0110\u1ed3ng th\u1eddi, tr\u00e1nh \u0111\u1eb7t hoa g\u1ea7n c\u00e1c lo\u1ea1i tr\u00e1i c\u00e2y ch\u00edn, \u0111\u1eb7c bi\u1ec7t l\u00e0 chu\u1ed1i, v\u00ec ch\u00fang th\u1ea3i ra kh\u00ed ethylene \u2013 m\u1ed9t lo\u1ea1i kh\u00ed l\u00e0m hoa nhanh t\u00e0n. (Alt \u1ea3nh: B\u00ecnh hoa Chu\u00f4ng \u0111\u1eb7t \u1edf n\u01a1i m\u00e1t m\u1ebb)<\/div>\n<div><\/div>\n<div>Tu\u00e2n th\u1ee7 nh\u1eefng b\u01b0\u1edbc ch\u0103m s\u00f3c \u0111\u01a1n gi\u1ea3n n\u00e0y s\u1ebd gi\u00fap nh\u1eefng c\u00e0nh hoa Chu\u00f4ng c\u1ee7a b\u1ea1n lu\u00f4n gi\u1eef \u0111\u01b0\u1ee3c v\u1ebb \u0111\u1eb9p thanh nh\u00e3 v\u00e0 mang l\u1ea1i c\u1ea3m gi\u00e1c b\u00ecnh y\u00ean cho kh\u00f4ng gian s\u1ed1ng.<\/div>\n<h3><span class=\"ez-toc-section\" id=\"6_mua_hoa_chuong_campanula_chat_luong_tai_gvgardenasia\"><\/span><strong>6. Mua Hoa Chu\u00f4ng (Campanula) ch\u1ea5t l\u01b0\u1ee3ng t\u1ea1i GVgarden.asia<\/strong><span class=\"ez-toc-section-end\"><\/span><\/h3>\n<div>GVgarden.asia t\u1ef1 h\u00e0o l\u00e0 \u0111\u1ecba ch\u1ec9 uy t\u00edn cung c\u1ea5p hoa Chu\u00f4ng (Campanula) ch\u1ea5t l\u01b0\u1ee3ng cao, \u0111a d\u1ea1ng v\u1ec1 m\u00e0u s\u1eafc v\u00e0 ch\u1ee7ng lo\u1ea1i. Ch\u00fang t\u00f4i cam k\u1ebft mang \u0111\u1ebfn nh\u1eefng c\u00e0nh hoa t\u01b0\u01a1i t\u1eafn, kh\u1ecfe m\u1ea1nh nh\u1ea5t, \u0111\u01b0\u1ee3c tuy\u1ec3n ch\u1ecdn k\u1ef9 l\u01b0\u1ee1ng t\u1eeb c\u00e1c v\u01b0\u1eddn \u01b0\u01a1m \u0111\u00e1ng tin c\u1eady, \u0111\u1ea3m b\u1ea3o v\u1ebb \u0111\u1eb9p tinh kh\u00f4i v\u00e0 \u0111\u1ed9 b\u1ec1n khi \u0111\u1ebfn tay b\u1ea1n.<\/div>\n<div><\/div>\n<div>T\u1ea1i sao n\u00ean ch\u1ecdn mua Chu\u00f4ng t\u1ea1i GVgarden.asia?<\/div>\n<div>Ch\u1ea5t l\u01b0\u1ee3ng v\u01b0\u1ee3t tr\u1ed9i: Hoa lu\u00f4n t\u01b0\u01a1i m\u1edbi, kh\u00f4ng s\u00e2u b\u1ec7nh, c\u00e1nh hoa nguy\u00ean v\u1eb9n v\u00e0 chu\u1ea9n form.<\/div>\n<div><\/div>\n<div>\u0110a d\u1ea1ng l\u1ef1a ch\u1ecdn: Cung c\u1ea5p nhi\u1ec1u gi\u1ed1ng v\u00e0 m\u00e0u s\u1eafc hoa Chu\u00f4ng ph\u1ed5 bi\u1ebfn, ph\u00f9 h\u1ee3p v\u1edbi m\u1ecdi nhu c\u1ea7u trang tr\u00ed v\u00e0 t\u1eb7ng qu\u00e0.<\/div>\n<div><\/div>\n<div>Gi\u00e1 c\u1ea3 c\u1ea1nh tranh: M\u1ee9c gi\u00e1 h\u1ee3p l\u00fd, t\u01b0\u01a1ng x\u1ee9ng v\u1edbi ch\u1ea5t l\u01b0\u1ee3ng v\u00e0 v\u1ebb \u0111\u1eb9p c\u1ee7a lo\u00e0i hoa n\u00e0y.<\/div>\n<div><\/div>\n<div>T\u01b0 v\u1ea5n t\u1eadn t\u00ecnh: \u0110\u1ed9i ng\u0169 chuy\u00ean gia c\u1ee7a ch\u00fang t\u00f4i lu\u00f4n s\u1eb5n s\u00e0ng h\u1ed7 tr\u1ee3 b\u1ea1n v\u1ec1 c\u00e1ch ch\u0103m s\u00f3c v\u00e0 l\u1ef1a ch\u1ecdn hoa ph\u00f9 h\u1ee3p nh\u1ea5t.<\/div>\n<div><\/div>\n<div>Giao h\u00e0ng nhanh ch\u00f3ng v\u00e0 chuy\u00ean nghi\u1ec7p: \u0110\u1ea3m b\u1ea3o hoa \u0111\u01b0\u1ee3c v\u1eadn chuy\u1ec3n c\u1ea9n th\u1eadn, an to\u00e0n v\u00e0 \u0111\u1ebfn tay b\u1ea1n trong t\u00ecnh tr\u1ea1ng t\u1ed1t nh\u1ea5t.<\/div>\n<div><\/div>\n<div>H\u00e3y truy c\u1eadp website GVgarden.asia ho\u1eb7c li\u00ean h\u1ec7 ngay h\u00f4m nay \u0111\u1ec3 s\u1edf h\u1eefu nh\u1eefng b\u00f3 hoa Chu\u00f4ng tuy\u1ec7t \u0111\u1eb9p, mang v\u1ebb \u0111\u1eb9p thanh nh\u00e3 v\u00e0 th\u00f4ng \u0111i\u1ec7p bi\u1ebft \u01a1n \u0111\u1ebfn kh\u00f4ng gian c\u1ee7a b\u1ea1n!<\/div>\n","protected":false},"excerpt":{"rendered":"<p><span dir=\"auto\" style=\"vertical-align: inherit;\"><span dir=\"auto\" style=\"vertical-align: inherit;\">Hoa Chu\u00f4ng (t\u00ean khoa h\u1ecdc: Campanula), hay c\u00f2n \u0111\u01b0\u1ee3c g\u1ecdi l\u00e0 Campanula, l\u00e0 m\u1ed9t lo\u00e0i hoa duy\u00ean d\u00e1ng v\u00e0 thanh nh\u00e3, n\u1ed5i b\u1eadt v\u1edbi h\u00ecnh b\u00f4ng hoa gi\u1ed1ng nh\u01b0 nh\u1eefng chi\u1ebfc Nh\u1eabn chu\u00f4ng nh\u1ecf \u00fap ng\u01b0\u1ee3c. V\u1edbi s\u1ef1 \u0111a d\u1ea1ng v\u1ec1 m\u00e0u s\u1eafc t\u1eeb t\u00edm bi\u1ebfc, xanh lam d\u1ecbu m\u00e1t, tr\u1eafng tinh kh\u00f4i \u0111\u1ebfn h\u1ed3ng ph\u1ea5n nh\u1eb9 nh\u00e0ng, hoa Chu\u00f4ng mang \u0111\u1ebfn v\u1ebb \u0111\u1eb9p tinh t\u1ebf nh\u01b0ng \u0111\u1ea7y cu\u1ed1n h\u00fat, m\u1eb9o c\u1ea3m gi\u00e1c an y\u00ean v\u00e0 thanh t\u1ecbnh.Campanula c\u00f3 ngu\u1ed3n g\u1ed1c t\u1eeb v\u00f9ng \u00f4n \u0111\u1edbi B\u1eafc b\u00e1n c\u1ea7u, bao g\u1ed3m ch\u00e2u \u00c2u, ch\u00e2u \u00c1 v\u00e0 B\u1eafc M\u1ef9. T\u00ean g\u1ecdi &#8220;Campanula&#8221; b\u1eaft ngu\u1ed3n t\u1eeb ti\u1ebfng Latin, c\u00f3 ngh\u0129a l\u00e0 &#8220;chi\u1ebfc chu\u00f4ng nh\u1ecf&#8221;, m\u00f4 t\u1ea3 ch\u00ednh x\u00e1c c\u00e1c lo\u1ea1i \u0111\u1eb7c tr\u01b0ng c\u1ee7a ch\u00fang. T\u1eeb l\u00e2u, hoa Chu\u00f4ng \u0111\u00e3 \u0111\u01b0\u1ee3c y\u00eau th\u00edch v\u00e0 tr\u1ed3ng r\u1ed9ng r\u00e3i kh\u00f4ng ch\u1ec9 trong c\u00e1c khu v\u01b0\u1eddn m\u00e0 c\u00f2n l\u00e0m hoa c\u1eaft c\u00e0nh trang tr\u00ed n\u1ed9i th\u1ea5t, mang \u0111\u1ebfn v\u1ebb \u0111\u1eb9p nh\u1eb9 nh\u00e0ng v\u00e0 \u0111\u1ed9c\u0111\u1ed9.Trong ng\u00f4n ng\u1eef c\u00e1c lo\u00e0i hoa, hoa Chu\u00f4ng th\u01b0\u1eddng mang theo nh\u1eefng th\u00f4ng \u0111i\u1ec7p \u00fd ngh\u0129a v\u1ec1 l\u00f2ng bi\u1ebft \u01a1n, s\u1ef1 khi\u00eam t\u1ed1n v\u00e0 t\u00ecnh y\u00eau ch\u00e2n th\u00e0nh. Ch\u00fang l\u00e0 l\u1ef1a ch\u1ecdn ho\u00e0n h\u1ea3o \u0111\u1ec3 th\u1ec3 hi\u1ec7n s\u1ef1 quan tr\u1ecdng v\u00e0 c\u1ea3m x\u00fac s\u00e2u k\u00edn.<\/span><\/span><\/p>\n<p>&nbsp;<\/p>\n","protected":false},"featured_media":5787,"comment_status":"open","ping_status":"closed","template":"","meta":[],"product_brand":[],"product_cat":[274,301],"product_tag":[478,479],"class_list":{"0":"post-5690","1":"product","2":"type-product","3":"status-publish","4":"has-post-thumbnail","6":"product_cat-hoa-nhap-khau","7":"product_cat-hoa-la-phu-trung-quoc","8":"product_tag-hoa-chuong","9":"product_tag-hoa-chuong-trung-quoc","11":"first","12":"instock","13":"shipping-taxable","14":"product-type-simple"},"_links":{"self":[{"href":"https:\/\/gvgarden.asia\/index.php?rest_route=\/wp\/v2\/product\/5690","targetHints":{"allow":["GET"]}}],"collection":[{"href":"https:\/\/gvgarden.asia\/index.php?rest_route=\/wp\/v2\/product"}],"about":[{"href":"https:\/\/gvgarden.asia\/index.php?rest_route=\/wp\/v2\/types\/product"}],"replies":[{"embeddable":true,"href":"https:\/\/gvgarden.asia\/index.php?rest_route=%2Fwp%2Fv2%2Fcomments&post=5690"}],"version-history":[{"count":8,"href":"https:\/\/gvgarden.asia\/index.php?rest_route=\/wp\/v2\/product\/5690\/revisions"}],"predecessor-version":[{"id":5788,"href":"https:\/\/gvgarden.asia\/index.php?rest_route=\/wp\/v2\/product\/5690\/revisions\/5788"}],"wp:featuredmedia":[{"embeddable":true,"href":"https:\/\/gvgarden.asia\/index.php?rest_route=\/wp\/v2\/media\/5787"}],"wp:attachment":[{"href":"https:\/\/gvgarden.asia\/index.php?rest_route=%2Fwp%2Fv2%2Fmedia&parent=5690"}],"wp:term":[{"taxonomy":"product_brand","embeddable":true,"href":"https:\/\/gvgarden.asia\/index.php?rest_route=%2Fwp%2Fv2%2Fproduct_brand&post=5690"},{"taxonomy":"product_cat","embeddable":true,"href":"https:\/\/gvgarden.asia\/index.php?rest_route=%2Fwp%2Fv2%2Fproduct_cat&post=5690"},{"taxonomy":"product_tag","embeddable":true,"href":"https:\/\/gvgarden.asia\/index.php?rest_route=%2Fwp%2Fv2%2Fproduct_tag&post=5690"}],"curies":[{"name":"wp","href":"https:\/\/api.w.org\/{rel}","templated":true}]}}