{"id":5686,"date":"2025-09-06T13:30:46","date_gmt":"2025-09-06T06:30:46","guid":{"rendered":"https:\/\/gvgarden.asia\/?post_type=product&#038;p=5686"},"modified":"2025-09-19T15:19:53","modified_gmt":"2025-09-19T08:19:53","slug":"la-tung-da-lat","status":"publish","type":"product","link":"https:\/\/gvgarden.asia\/?product=la-tung-da-lat","title":{"rendered":"L\u00e1 T\u00f9ng"},"content":{"rendered":"<div id=\"ez-toc-container\" class=\"ez-toc-v2_0_76 counter-hierarchy ez-toc-counter ez-toc-grey ez-toc-container-direction\">\n<div class=\"ez-toc-title-container\">\n<p class=\"ez-toc-title\" style=\"cursor:inherit\">N\u1ed9i Dung B\u00e0i Vi\u1ebft<\/p>\n<span class=\"ez-toc-title-toggle\"><a href=\"#\" class=\"ez-toc-pull-right ez-toc-btn ez-toc-btn-xs ez-toc-btn-default ez-toc-toggle\" aria-label=\"Toggle Table of Content\"><span class=\"ez-toc-js-icon-con\"><span class=\"\"><span class=\"eztoc-hide\" style=\"display:none;\">Toggle<\/span><span class=\"ez-toc-icon-toggle-span\"><svg style=\"fill: #999;color:#999\" xmlns=\"http:\/\/www.w3.org\/2000\/svg\" class=\"list-377408\" width=\"20px\" height=\"20px\" viewBox=\"0 0 24 24\" fill=\"none\"><path d=\"M6 6H4v2h2V6zm14 0H8v2h12V6zM4 11h2v2H4v-2zm16 0H8v2h12v-2zM4 16h2v2H4v-2zm16 0H8v2h12v-2z\" fill=\"currentColor\"><\/path><\/svg><svg style=\"fill: #999;color:#999\" class=\"arrow-unsorted-368013\" xmlns=\"http:\/\/www.w3.org\/2000\/svg\" width=\"10px\" height=\"10px\" viewBox=\"0 0 24 24\" version=\"1.2\" baseProfile=\"tiny\"><path d=\"M18.2 9.3l-6.2-6.3-6.2 6.3c-.2.2-.3.4-.3.7s.1.5.3.7c.2.2.4.3.7.3h11c.3 0 .5-.1.7-.3.2-.2.3-.5.3-.7s-.1-.5-.3-.7zM5.8 14.7l6.2 6.3 6.2-6.3c.2-.2.3-.5.3-.7s-.1-.5-.3-.7c-.2-.2-.4-.3-.7-.3h-11c-.3 0-.5.1-.7.3-.2.2-.3.5-.3.7s.1.5.3.7z\"\/><\/svg><\/span><\/span><\/span><\/a><\/span><\/div>\n<nav><ul class='ez-toc-list ez-toc-list-level-1 eztoc-toggle-hide-by-default' ><li class='ez-toc-page-1 ez-toc-heading-level-2'><a class=\"ez-toc-link ez-toc-heading-1\" href=\"https:\/\/gvgarden.asia\/?product=la-tung-da-lat\/#la_tung_da_lat_%e2%80%93_dep_thanh_tao_va_tinh_te\" >L\u00e1 T\u00f9ng \u0110\u00e0 L\u1ea1t \u2013 \u0110\u1eb9p Thanh Tao v\u00e0 Tinh T\u1ebf<\/a><ul class='ez-toc-list-level-3' ><li class='ez-toc-heading-level-3'><a class=\"ez-toc-link ez-toc-heading-2\" href=\"https:\/\/gvgarden.asia\/?product=la-tung-da-lat\/#gioi_thieu_ve_la_tung_da_lat\" >Gi\u1edbi thi\u1ec7u v\u1ec1 l\u00e1 t\u00f9ng \u0110\u00e0 L\u1ea1t<\/a><\/li><li class='ez-toc-page-1 ez-toc-heading-level-3'><a class=\"ez-toc-link ez-toc-heading-3\" href=\"https:\/\/gvgarden.asia\/?product=la-tung-da-lat\/#y_nghia_cua_la_tung\" >\u00dd ngh\u0129a c\u1ee7a l\u00e1 t\u00f9ng<\/a><ul class='ez-toc-list-level-4' ><li class='ez-toc-heading-level-4'><a class=\"ez-toc-link ez-toc-heading-4\" href=\"https:\/\/gvgarden.asia\/?product=la-tung-da-lat\/#bieu_tuong_cua_su_truong_ton_va_may_man\" >Bi\u1ec3u t\u01b0\u1ee3ng c\u1ee7a s\u1ef1 tr\u01b0\u1eddng t\u1ed3n v\u00e0 may m\u1eafn<\/a><\/li><li class='ez-toc-page-1 ez-toc-heading-level-4'><a class=\"ez-toc-link ez-toc-heading-5\" href=\"https:\/\/gvgarden.asia\/?product=la-tung-da-lat\/#y_nghia_phong_thuy\" >\u00dd ngh\u0129a phong th\u1ee7y<\/a><\/li><li class='ez-toc-page-1 ez-toc-heading-level-4'><a class=\"ez-toc-link ez-toc-heading-6\" href=\"https:\/\/gvgarden.asia\/?product=la-tung-da-lat\/#bieu_tuong_cu_the_cua_phep_thuat\" >Bi\u1ec3u t\u01b0\u1ee3ng c\u1ee5 th\u1ec3 c\u1ee7a ph\u00e9p thu\u1eadt<\/a><\/li><li class='ez-toc-page-1 ez-toc-heading-level-4'><a class=\"ez-toc-link ez-toc-heading-7\" href=\"https:\/\/gvgarden.asia\/?product=la-tung-da-lat\/#dac_diem_cua_la_tung_da_lat\" >\u0110\u1eb7c \u0111i\u1ec3m c\u1ee7a l\u00e1 t\u00f9ng \u0110\u00e0 L\u1ea1t<\/a><\/li><li class='ez-toc-page-1 ez-toc-heading-level-4'><a class=\"ez-toc-link ez-toc-heading-8\" href=\"https:\/\/gvgarden.asia\/?product=la-tung-da-lat\/#hinh_dang_va_mau_sac\" >H\u00ecnh d\u00e1ng v\u00e0 m\u00e0u s\u1eafc<\/a><\/li><li class='ez-toc-page-1 ez-toc-heading-level-4'><a class=\"ez-toc-link ez-toc-heading-9\" href=\"https:\/\/gvgarden.asia\/?product=la-tung-da-lat\/#do_ben\" >\u0110\u1ed9 b\u1ec1n<\/a><\/li><li class='ez-toc-page-1 ez-toc-heading-level-4'><a class=\"ez-toc-link ez-toc-heading-10\" href=\"https:\/\/gvgarden.asia\/?product=la-tung-da-lat\/#nguon_goc_va_mua_vu\" >Ngu\u1ed3n g\u1ed1c v\u00e0 m\u00f9a v\u1ee5<\/a><\/li><\/ul><\/li><li class='ez-toc-page-1 ez-toc-heading-level-3'><a class=\"ez-toc-link ez-toc-heading-11\" href=\"https:\/\/gvgarden.asia\/?product=la-tung-da-lat\/#ung_dung_cua_la_tung_trong_nghe_thuat_va_doi_song\" >\u1ee8ng d\u1ee5ng c\u1ee7a l\u00e1 t\u00f9ng trong ngh\u1ec7 thu\u1eadt v\u00e0 \u0111\u1eddi s\u1ed1ng<\/a><ul class='ez-toc-list-level-4' ><li class='ez-toc-heading-level-4'><a class=\"ez-toc-link ez-toc-heading-12\" href=\"https:\/\/gvgarden.asia\/?product=la-tung-da-lat\/#plug-in_nghe_thuat\" >Plug-in ngh\u1ec7 thu\u1eadt<\/a><\/li><li class='ez-toc-page-1 ez-toc-heading-level-4'><a class=\"ez-toc-link ez-toc-heading-13\" href=\"https:\/\/gvgarden.asia\/?product=la-tung-da-lat\/#trang_tri_khong_gian_song_su_kien\" >Trang tr\u00ed kh\u00f4ng gian s\u1ed1ng &amp; s\u1ef1 ki\u1ec7n<\/a><\/li><li class='ez-toc-page-1 ez-toc-heading-level-4'><a class=\"ez-toc-link ez-toc-heading-14\" href=\"https:\/\/gvgarden.asia\/?product=la-tung-da-lat\/#nghe_thuat_thu_cong_diy\" >Ngh\u1ec7 thu\u1eadt th\u1ee7 c\u00f4ng &amp; DIY<\/a><\/li><\/ul><\/li><li class='ez-toc-page-1 ez-toc-heading-level-3'><a class=\"ez-toc-link ez-toc-heading-15\" href=\"https:\/\/gvgarden.asia\/?product=la-tung-da-lat\/#tai_sao_nen_chon_la_tung_da_lat_tu_gv_garden\" >T\u1ea1i sao n\u00ean ch\u1ecdn l\u00e1 t\u00f9ng \u0110\u00e0 L\u1ea1t t\u1eeb GV Garden?<\/a><\/li><li class='ez-toc-page-1 ez-toc-heading-level-3'><a class=\"ez-toc-link ez-toc-heading-16\" href=\"https:\/\/gvgarden.asia\/?product=la-tung-da-lat\/#ket_luan\" >K\u1ebft lu\u1eadn<\/a><\/li><\/ul><\/li><\/ul><\/nav><\/div>\n<h2><span class=\"ez-toc-section\" id=\"la_tung_da_lat_%e2%80%93_dep_thanh_tao_va_tinh_te\"><\/span><strong><span dir=\"auto\" style=\"vertical-align: inherit;\"><span dir=\"auto\" style=\"vertical-align: inherit;\">L\u00e1 T\u00f9ng \u0110\u00e0 L\u1ea1t \u2013 \u0110\u1eb9p Thanh Tao v\u00e0 Tinh T\u1ebf<\/span><\/span><\/strong><span class=\"ez-toc-section-end\"><\/span><\/h2>\n<h3><span class=\"ez-toc-section\" id=\"gioi_thieu_ve_la_tung_da_lat\"><\/span><strong><span dir=\"auto\" style=\"vertical-align: inherit;\"><span dir=\"auto\" style=\"vertical-align: inherit;\">Gi\u1edbi thi\u1ec7u v\u1ec1 l\u00e1 t\u00f9ng \u0110\u00e0 L\u1ea1t<\/span><\/span><\/strong><span class=\"ez-toc-section-end\"><\/span><\/h3>\n<div><span dir=\"auto\" style=\"vertical-align: inherit;\"><span dir=\"auto\" style=\"vertical-align: inherit;\">Trong ngh\u1ec7 thu\u1eadt c\u1eafm hoa, \u0111\u1ec3 l\u00e0m n\u1ed5i b\u1eadt v\u1ebb \u0111\u1eb9p ho\u00e0n h\u1ea3o c\u1ee7a hoa ch\u00ednh, l\u00e1 ph\u1ee5 \u0111\u00f3ng vai tr\u00f2 v\u00f4 c\u00f9ng quan tr\u1ecdng. M\u1ed9t trong nh\u1eefng lo\u1ea1i l\u00e1 \u0111\u01b0\u1ee3c y\u00eau th\u00edch v\u00e0 s\u1eed d\u1ee5ng r\u1ed9ng r\u00e3i nh\u1ea5t hi\u1ec7n nay l\u00e0 l\u00e1 t\u00f9ng \u0110\u00e0 L\u1ea1t. V\u1edbi s\u1eafc xanh b\u1ec1n b\u1ec9, phong c\u00e1ch l\u00e1 m\u1ea3nh mai nh\u01b0ng v\u01b0\u01a1n d\u00e0i kh\u1ecfe m\u1ea1nh, l\u00e1 t\u00f9ng mang \u0111\u1ebfn s\u1ef1 sang tr\u1ecdng, thanh tho\u00e1t v\u00e0 hi\u1ec7n \u0111\u1ea1i cho m\u1ecdi thi\u1ebft k\u1ebf hoa.<\/span><\/span><\/div>\n<div><\/div>\n<div><span dir=\"auto\" style=\"vertical-align: inherit;\"><span dir=\"auto\" style=\"vertical-align: inherit;\">\u0110\u01b0\u1ee3c tr\u1ed3ng v\u00e0 ch\u0103m s\u00f3c trong kh\u00ed h\u1eadu h\u00f2a h\u00f2a c\u1ee7a \u0110\u00e0 L\u1ea1t, l\u00e1 t\u00f9ng n\u01a1i \u0111\u00e2y lu\u00f4n c\u00f3 ch\u1ea5t l\u01b0\u1ee3ng v\u01b0\u1ee3t tr\u1ed9i, gi\u1eef m\u00e0u l\u00e2u, t\u01b0\u01a1i b\u1ec1n v\u00e0 d\u1ec5 d\u00e0ng k\u1ebft h\u1ee3p v\u1edbi nhi\u1ec1u lo\u00e0i hoa kh\u00e1c nhau. \u0110\u00e2y l\u00e0 l\u00fd do v\u00ec sao l\u00e1 t\u00f9ng \u0110\u00e0 L\u1ea1t tr\u1edf th\u00e0nh th\u00e0nh l\u1ef1a ch\u1ecdn quen thu\u1ed9c c\u1ee7a c\u00e1c c\u1eeda h\u00e0ng hoa, nh\u00e0 thi\u1ebft k\u1ebf hoa ngh\u1ec7 thu\u1eadt v\u00e0 c\u00e1c s\u1ef1 ki\u1ec7n l\u1edbn nh\u1ecf tr\u00ean c\u1ea3 n\u01b0\u1edbc.<\/span><\/span><\/div>\n<h3><span class=\"ez-toc-section\" id=\"y_nghia_cua_la_tung\"><\/span><strong><span dir=\"auto\" style=\"vertical-align: inherit;\"><span dir=\"auto\" style=\"vertical-align: inherit;\">\u00dd ngh\u0129a c\u1ee7a l\u00e1 t\u00f9ng<\/span><\/span><\/strong><span class=\"ez-toc-section-end\"><\/span><\/h3>\n<h4><span class=\"ez-toc-section\" id=\"bieu_tuong_cua_su_truong_ton_va_may_man\"><\/span><strong><span dir=\"auto\" style=\"vertical-align: inherit;\"><span dir=\"auto\" style=\"vertical-align: inherit;\">Bi\u1ec3u t\u01b0\u1ee3ng c\u1ee7a s\u1ef1 tr\u01b0\u1eddng t\u1ed3n v\u00e0 may m\u1eafn<\/span><\/span><\/strong><span class=\"ez-toc-section-end\"><\/span><\/h4>\n<div><span dir=\"auto\" style=\"vertical-align: inherit;\"><span dir=\"auto\" style=\"vertical-align: inherit;\">C\u00e2y t\u00f9ng t\u1eeb l\u00e2u \u0111\u00e3 \u0111\u01b0\u1ee3c xem l\u00e0 bi\u1ec3u t\u01b0\u1ee3ng c\u1ee7a s\u1ef1 s\u1ed1ng l\u00e2u b\u1ec1n, hi\u1ec3n th\u1ecb v\u00e0 may m\u1eafn. Do \u0111\u00f3, l\u00e1 t\u00f9ng khi xu\u1ea5t hi\u1ec7n trong c\u00e1c b\u00f3 hoa, l\u1eb5ng hoa hay trang tr\u00ed s\u1ef1 ki\u1ec7n, \u0111\u1ec1u mang theo \u00fd ngh\u0129a ch\u00fac ph\u00fac, tr\u01b0\u1eddng t\u1ed3n t\u1ea1i v\u00e0 th\u1ecbnh v\u01b0\u1ee3ng.<\/span><\/span><\/div>\n<h4><span class=\"ez-toc-section\" id=\"y_nghia_phong_thuy\"><\/span><strong><span dir=\"auto\" style=\"vertical-align: inherit;\"><span dir=\"auto\" style=\"vertical-align: inherit;\">\u00dd ngh\u0129a phong th\u1ee7y<\/span><\/span><\/strong><span class=\"ez-toc-section-end\"><\/span><\/h4>\n<div><span dir=\"auto\" style=\"vertical-align: inherit;\"><span dir=\"auto\" style=\"vertical-align: inherit;\">Trong phong th\u1ee7y, l\u00e1 h\u1ed3ng bi\u1ec3u t\u01b0\u1ee3ng cho thanh l\u1ecdc v\u00e0 b\u1ea3o h\u1ed9, gi\u00fap mang l\u1ea1i kh\u00f4ng gian an l\u00e0nh, c\u00e2n b\u1eb1ng n\u0103ng l\u01b0\u1ee3ng v\u00e0 thu h\u00fat t\u00e0i l\u1ed9c. V\u00ec v\u1eady, vi\u1ec7c s\u1eed d\u1ee5ng l\u00e1 h\u1ed3ng trong c\u1eafm hoa, trang tr\u00ed nh\u00e0 c\u1eeda hay s\u1ef1 ki\u1ec7n c\u0169ng \u0111\u01b0\u1ee3c xem l\u00e0 c\u00e1ch t\u1ea1o ra ngu\u1ed3n n\u0103ng l\u01b0\u1ee3ng t\u00edch c\u1ef1c.<\/span><\/span><\/div>\n<h4><span class=\"ez-toc-section\" id=\"bieu_tuong_cu_the_cua_phep_thuat\"><\/span><strong><span dir=\"auto\" style=\"vertical-align: inherit;\"><span dir=\"auto\" style=\"vertical-align: inherit;\">Bi\u1ec3u t\u01b0\u1ee3ng c\u1ee5 th\u1ec3 c\u1ee7a ph\u00e9p thu\u1eadt<\/span><\/span><\/strong><span class=\"ez-toc-section-end\"><\/span><\/h4>\n<div><span dir=\"auto\" style=\"vertical-align: inherit;\"><span dir=\"auto\" style=\"vertical-align: inherit;\">Kh\u00f4ng ch\u1ec9 \u0111\u01a1n thu\u1ea7n l\u00e0 l\u00e1 ph\u1ee5, l\u00e1 t\u00f9ng c\u00f2n mang \u0111\u1ebfn s\u1ef1 sang tr\u1ecdng, m\u1ea1nh m\u1ebd v\u00e0 thanh cao, t\u00f4n l\u00ean v\u1ebb \u0111\u1eb9p hi\u1ec7n \u0111\u1ea1i nh\u01b0ng v\u1eabn tinh t\u1ebf cho m\u1ecdi thi\u1ebft k\u1ebf hoa ngh\u1ec7 thu\u1eadt.<\/span><\/span><\/div>\n<h4><span class=\"ez-toc-section\" id=\"dac_diem_cua_la_tung_da_lat\"><\/span><strong><span dir=\"auto\" style=\"vertical-align: inherit;\"><span dir=\"auto\" style=\"vertical-align: inherit;\">\u0110\u1eb7c \u0111i\u1ec3m c\u1ee7a l\u00e1 t\u00f9ng \u0110\u00e0 L\u1ea1t<\/span><\/span><\/strong><span class=\"ez-toc-section-end\"><\/span><\/h4>\n<h4><span class=\"ez-toc-section\" id=\"hinh_dang_va_mau_sac\"><\/span><strong><span dir=\"auto\" style=\"vertical-align: inherit;\"><span dir=\"auto\" style=\"vertical-align: inherit;\">H\u00ecnh d\u00e1ng v\u00e0 m\u00e0u s\u1eafc<\/span><\/span><\/strong><span class=\"ez-toc-section-end\"><\/span><\/h4>\n<div><span dir=\"auto\" style=\"vertical-align: inherit;\"><span dir=\"auto\" style=\"vertical-align: inherit;\">L\u00e1 c\u00f3 d\u1ea1ng kim nh\u1ecf, m\u1ecdc d\u00e0y, t\u1ecfa \u0111\u1ec1u quanh c\u00e0nh.<\/span><\/span><\/div>\n<div><span dir=\"auto\" style=\"vertical-align: inherit;\"><span dir=\"auto\" style=\"vertical-align: inherit;\">M\u00e0u xanh \u0111\u1eadm, mang \u0111\u1ebfn c\u1ea3m gi\u00e1c kh\u1ecfe m\u1ea1nh v\u00e0 sang tr\u1ecdng.<\/span><\/span><\/div>\n<div><span dir=\"auto\" style=\"vertical-align: inherit;\"><span dir=\"auto\" style=\"vertical-align: inherit;\">D\u00e1ng l\u00e1 th\u1eb3ng, c\u00f3 \u0111\u1ed9 x\u00f2e t\u1ef1 nhi\u00ean, d\u1ec5 k\u1ebft h\u1ee3p v\u1edbi nhi\u1ec1u lo\u1ea1i hoa kh\u00e1c nhau.<\/span><\/span><\/div>\n<h4><span class=\"ez-toc-section\" id=\"do_ben\"><\/span><strong><span dir=\"auto\" style=\"vertical-align: inherit;\"><span dir=\"auto\" style=\"vertical-align: inherit;\">\u0110\u1ed9 b\u1ec1n<\/span><\/span><\/strong><span class=\"ez-toc-section-end\"><\/span><\/h4>\n<div><span dir=\"auto\" style=\"vertical-align: inherit;\"><span dir=\"auto\" style=\"vertical-align: inherit;\">M\u1ed9t trong nh\u1eefng \u01b0u \u0111i\u1ec3m v\u01b0\u1ee3t tr\u1ed9i c\u1ee7a l\u00e1 t\u00f9ng \u0110\u00e0 L\u1ea1t ch\u00ednh l\u00e0 \u0111\u1ed9 b\u1ec1n. Khi \u0111\u01b0\u1ee3c c\u1eaft v\u00e0 qu\u1ea3n l\u00fd \u0111\u00fang c\u00e1ch, l\u00e1 c\u00f3 th\u1ec3 gi\u1eef \u0111\u01b0\u1ee3c \u0111\u1ed9 t\u01b0\u01a1i t\u1eeb 10 \u2013 15 ng\u00e0y, l\u00e2u h\u01a1n so v\u1edbi nhi\u1ec1u lo\u1ea1i l\u00e1 ph\u1ee5 kh\u00e1c. \u0110\u00e2y l\u00e0 l\u1ef1a ch\u1ecdn l\u00fd t\u01b0\u1edfng cho c\u00e1c s\u1ef1 ki\u1ec7n, hoa c\u01b0\u1edbi ho\u1eb7c hoa tr\u01b0ng b\u00e0y d\u00e0i ng\u00e0y.<\/span><\/span><\/div>\n<h4><span class=\"ez-toc-section\" id=\"nguon_goc_va_mua_vu\"><\/span><strong><span dir=\"auto\" style=\"vertical-align: inherit;\"><span dir=\"auto\" style=\"vertical-align: inherit;\">Ngu\u1ed3n g\u1ed1c v\u00e0 m\u00f9a v\u1ee5<\/span><\/span><\/strong><span class=\"ez-toc-section-end\"><\/span><\/h4>\n<div><span dir=\"auto\" style=\"vertical-align: inherit;\"><span dir=\"auto\" style=\"vertical-align: inherit;\">Nh\u1edd kh\u00ed h\u1eadu m\u00e1t m\u1ebb xung quanh n\u0103m, \u0110\u00e0 L\u1ea1t l\u00e0 v\u00f9ng \u0111\u1ea5t l\u00fd t\u01b0\u1edfng \u0111\u1ec3 tr\u1ed3ng v\u00e0 cung c\u1ea5p l\u00e1 h\u1ed3ng ch\u1ea5t l\u01b0\u1ee3ng cao. L\u00e1 t\u00f9ng c\u00f3 th\u1ec3 ti\u1ebfp c\u1eadn xung quanh n\u0103m, \u0111\u1ea3m b\u1ea3o cung c\u1ea5p ngu\u1ed3n \u1ed5n \u0111\u1ecbnh cho th\u1ecb tr\u01b0\u1eddng trong n\u01b0\u1edbc v\u00e0 c\u1ea3 xu\u1ea5t kh\u1ea9u.<\/span><\/span><\/div>\n<h3><span class=\"ez-toc-section\" id=\"ung_dung_cua_la_tung_trong_nghe_thuat_va_doi_song\"><\/span><strong><span dir=\"auto\" style=\"vertical-align: inherit;\"><span dir=\"auto\" style=\"vertical-align: inherit;\">\u1ee8ng d\u1ee5ng c\u1ee7a l\u00e1 t\u00f9ng trong ngh\u1ec7 thu\u1eadt v\u00e0 \u0111\u1eddi s\u1ed1ng<\/span><\/span><\/strong><span class=\"ez-toc-section-end\"><\/span><\/h3>\n<h4><span class=\"ez-toc-section\" id=\"plug-in_nghe_thuat\"><\/span><strong><span dir=\"auto\" style=\"vertical-align: inherit;\"><span dir=\"auto\" style=\"vertical-align: inherit;\">Plug-in ngh\u1ec7 thu\u1eadt<\/span><\/span><\/strong><span class=\"ez-toc-section-end\"><\/span><\/h4>\n<div><span dir=\"auto\" style=\"vertical-align: inherit;\"><span dir=\"auto\" style=\"vertical-align: inherit;\">Trang tr\u00ed b\u00f3 hoa: L\u00e1 h\u1ed3ng gi\u00fap t\u1ea1o d\u00e1ng th\u1eb3ng, l\u00e0m n\u1ec1n ch\u1eafc ch\u1eafn cho hoa ch\u00ednh nh\u01b0 h\u1ed3ng, ly, lan, h\u01b0\u1edbng d\u01b0\u01a1ng\u2026<\/span><\/span><\/div>\n<div><\/div>\n<div><span dir=\"auto\" style=\"vertical-align: inherit;\"><span dir=\"auto\" style=\"vertical-align: inherit;\">L\u1eb5ng hoa &amp; gi\u1ecf hoa ngh\u1ec7 thu\u1eadt: Mang l\u1ea1i s\u1ef1 sang tr\u1ecdng, hi\u1ec7n \u0111\u1ea1i v\u00e0 kho\u1ebb.<\/span><\/span><\/div>\n<div><\/div>\n<div><span dir=\"auto\" style=\"vertical-align: inherit;\"><span dir=\"auto\" style=\"vertical-align: inherit;\">Hoa c\u01b0\u1edbi &amp; s\u1ef1 ki\u1ec7n: L\u00e1 t\u00f9ng \u0111\u01b0\u1ee3c s\u1eed d\u1ee5ng trong hoa c\u01b0\u1edbi, hoa b\u00e0n ti\u1ec7c, ph\u00f4ng n\u1ec1n \u0111\u1ec3 t\u1ea1o \u0111i\u1ec3m nh\u1ea5n tinh t\u1ebf v\u00e0 sang tr\u1ecdng.<\/span><\/span><\/div>\n<h4><span class=\"ez-toc-section\" id=\"trang_tri_khong_gian_song_su_kien\"><\/span><strong><span dir=\"auto\" style=\"vertical-align: inherit;\"><span dir=\"auto\" style=\"vertical-align: inherit;\">Trang tr\u00ed kh\u00f4ng gian s\u1ed1ng &amp; s\u1ef1 ki\u1ec7n<\/span><\/span><\/strong><span class=\"ez-toc-section-end\"><\/span><\/h4>\n<div><\/div>\n<div><span dir=\"auto\" style=\"vertical-align: inherit;\"><span dir=\"auto\" style=\"vertical-align: inherit;\">D\u00f9ng l\u00e1 t\u00f9ng \u0111\u1ec3 c\u1eafm b\u00ecnh trang tr\u00ed ph\u00f2ng kh\u00e1ch, b\u00e0n l\u00e0m vi\u1ec7c, kh\u00e1ch s\u1ea1n, nh\u00e0 h\u00e0ng\u2026 t\u1ea1o c\u1ea3m gi\u00e1c t\u01b0\u01a1i m\u1edbi v\u00e0 \u0111\u1eb3ng c\u1ea5p.<\/span><\/span><\/div>\n<div><\/div>\n<div><span dir=\"auto\" style=\"vertical-align: inherit;\"><span dir=\"auto\" style=\"vertical-align: inherit;\">L\u00e0 lo\u1ea1i l\u1ef1a ch\u1ecdn ph\u1ed5 bi\u1ebfn trong trang tr\u00ed s\u00e2n kh\u1ea5u, ti\u1ec7c c\u01b0\u1edbi, h\u1ed9i ngh\u1ecb gi\u00fap s\u1ee9c l\u00e1 kh\u1ecfe, sang tr\u1ecdng.<\/span><\/span><\/div>\n<h4><span class=\"ez-toc-section\" id=\"nghe_thuat_thu_cong_diy\"><\/span><strong><span dir=\"auto\" style=\"vertical-align: inherit;\"><span dir=\"auto\" style=\"vertical-align: inherit;\">Ngh\u1ec7 thu\u1eadt th\u1ee7 c\u00f4ng &amp; DIY<\/span><\/span><\/strong><span class=\"ez-toc-section-end\"><\/span><\/h4>\n<div><span dir=\"auto\" style=\"vertical-align: inherit;\"><span dir=\"auto\" style=\"vertical-align: inherit;\">L\u00e1 t\u00f9ng c\u0169ng \u0111\u01b0\u1ee3c \u1ee9ng d\u1ee5ng trong c\u00e1c s\u1ea3n ph\u1ea9m handmade, v\u00f2ng hoa, c\u00e2y c\u1ea3nh mini, trang tr\u00ed sinh th\u00e1i\u2026 nh\u1edd t\u00ednh linh ho\u1ea1t v\u00e0 kh\u1ea3 n\u0103ng t\u1ea1o h\u00ecnh \u0111\u1ed9c \u0111\u1eb7c.<\/span><\/span><\/div>\n<h3><span class=\"ez-toc-section\" id=\"tai_sao_nen_chon_la_tung_da_lat_tu_gv_garden\"><\/span><strong><span dir=\"auto\" style=\"vertical-align: inherit;\"><span dir=\"auto\" style=\"vertical-align: inherit;\">T\u1ea1i sao n\u00ean ch\u1ecdn l\u00e1 t\u00f9ng \u0110\u00e0 L\u1ea1t t\u1eeb GV Garden?<\/span><\/span><\/strong><span class=\"ez-toc-section-end\"><\/span><\/h3>\n<div><span dir=\"auto\" style=\"vertical-align: inherit;\"><span dir=\"auto\" style=\"vertical-align: inherit;\">Ngu\u1ed3n g\u1ed1c r\u00f5 r\u00e0ng: \u0110\u01b0\u1ee3c tr\u1ed3ng v\u00e0 thu tr\u1ef1c ti\u1ebfp t\u1eeb c\u00e1c v\u01b0\u1eddn hoa uy t\u00edn t\u1ea1i \u0110\u00e0 L\u1ea1t.<\/span><\/span><\/div>\n<div><\/div>\n<div><span dir=\"auto\" style=\"vertical-align: inherit;\"><span dir=\"auto\" style=\"vertical-align: inherit;\">Ch\u1ea5t l\u01b0\u1ee3ng \u0111\u1ea3m b\u1ea3o: L\u00e1 t\u01b0\u01a1i, m\u00e0u xanh b\u1ec1n \u0111\u1eb9p, \u0111\u01b0\u1ee3c b\u1ea3o qu\u1ea3n \u0111\u00fang quy tr\u00ecnh.<\/span><\/span><\/div>\n<div><\/div>\n<div><span dir=\"auto\" style=\"vertical-align: inherit;\"><span dir=\"auto\" style=\"vertical-align: inherit;\">Ngu\u1ed3n cung c\u1ea5p \u1ed5n \u0111\u1ecbnh: Ph\u1ee5c v\u1ee5 c\u1ea3 kh\u00e1ch h\u00e0ng v\u00e0 l\u1ebb tr\u00ean to\u00e0n qu\u1ed1c.<\/span><\/span><\/div>\n<div><\/div>\n<div><span dir=\"auto\" style=\"vertical-align: inherit;\"><span dir=\"auto\" style=\"vertical-align: inherit;\">Gi\u00e1 c\u1ea3 c\u1ea1nh tranh: Mang \u0111\u1ebfn \u0111\u01a1n v\u1ecb ti\u1ebft ki\u1ec7m nh\u01b0ng v\u1eabn \u0111\u1ea3m b\u1ea3o ch\u1ea5t l\u01b0\u1ee3ng cao.<\/span><\/span><\/div>\n<div><\/div>\n<div><span dir=\"auto\" style=\"vertical-align: inherit;\"><span dir=\"auto\" style=\"vertical-align: inherit;\">D\u1ecbch v\u1ee5 t\u1eadn t\u00e2m: H\u1ed7 tr\u1ee3 t\u01b0 v\u1ea5n l\u1ef1a ch\u1ecdn l\u00e1 ph\u00f9 h\u1ee3p cho t\u1eebng nhu c\u1ea7u c\u1eafm hoa, trang tr\u00ed.<\/span><\/span><\/div>\n<h3><span class=\"ez-toc-section\" id=\"ket_luan\"><\/span><strong><span dir=\"auto\" style=\"vertical-align: inherit;\"><span dir=\"auto\" style=\"vertical-align: inherit;\">K\u1ebft lu\u1eadn<\/span><\/span><\/strong><span class=\"ez-toc-section-end\"><\/span><\/h3>\n<div><span dir=\"auto\" style=\"vertical-align: inherit;\"><span dir=\"auto\" style=\"vertical-align: inherit;\">L\u00e1 t\u00f9ng \u0110\u00e0 L\u1ea1t l\u00e0 lo\u1ea1i l\u00e1 ph\u1ee5 cao c\u1ea5p, mang v\u1ebb \u0111\u1eb9p sang tr\u1ecdng, \u00fd ngh\u0129a may m\u1eafn v\u00e0 \u0111\u1ed9 b\u1ec1n v\u01b0\u1ee3t tr\u1ed9i. Cung c\u1ea5p kh\u1ea3 n\u0103ng \u1ee9ng d\u1ee5ng \u0111a d\u1ea1ng trong ngh\u1ec7 thu\u1eadt c\u1eafm hoa, trang tr\u00ed s\u1ef1 ki\u1ec7n v\u00e0 \u0111\u1eddi s\u1ed1ng, l\u00e1 h\u1ed3ng ng\u00e0y c\u00e0ng \u0111\u01b0\u1ee3c \u01b0a chu\u1ed9ng v\u00e0 tr\u1edf th\u00e0nh l\u1ef1a ch\u1ecdn kh\u00f4ng th\u1ec3 thi\u1ebfu trong ng\u00e0nh hoa t\u01b0\u01a1i.<\/span><\/span><\/div>\n<div><\/div>\n<div><span dir=\"auto\" style=\"vertical-align: inherit;\"><span dir=\"auto\" style=\"vertical-align: inherit;\">T\u1ea1i GV Garden, ch\u00fang t\u00f4i cung c\u1ea5p l\u00e1 t\u00f9ng \u0110\u00e0 L\u1ea1t t\u01b0\u01a1i, \u0111\u1eb9p, ch\u1ea5t l\u01b0\u1ee3ng cao cho c\u1ea3 kh\u00e1ch s\u1ec9 v\u00e0 c\u00e1 l\u1ebb, \u0111\u00e1p \u1ee9ng m\u1ecdi nhu c\u1ea7u t\u1eeb c\u1eafm hoa ngh\u1ec7 thu\u1eadt, trang tr\u00ed s\u1ef1 ki\u1ec7n \u0111\u1ebfn kh\u00f4ng gian s\u1ed1ng h\u1eb1ng ng\u00e0y.<\/span><\/span><\/div>\n","protected":false},"excerpt":{"rendered":"<p>L\u00e1 T\u00f9ng \u0110\u00e0 L\u1ea1t \u2013 \u0110\u1eb9p Thanh Tao v\u00e0 Tinh T\u1ebf Gi\u1edbi thi\u1ec7u v\u1ec1 l\u00e1 t\u00f9ng \u0110\u00e0 L\u1ea1t Trong ngh\u1ec7 thu\u1eadt c\u1eafm hoa, \u0111\u1ec3 l\u00e0m n\u1ed5i b\u1eadt v\u1ebb \u0111\u1eb9p ho\u00e0n h\u1ea3o c\u1ee7a hoa ch\u00ednh, l\u00e1 ph\u1ee5 \u0111\u00f3ng vai tr\u00f2 v\u00f4 c\u00f9ng quan tr\u1ecdng. M\u1ed9t trong nh\u1eefng lo\u1ea1i l\u00e1 \u0111\u01b0\u1ee3c y\u00eau th\u00edch v\u00e0 s\u1eed d\u1ee5ng r\u1ed9ng [&#8230;]\n","protected":false},"featured_media":5825,"comment_status":"open","ping_status":"closed","template":"","meta":[],"product_brand":[],"product_cat":[273,299],"product_tag":[466,473,470,471,472],"class_list":{"0":"post-5686","1":"product","2":"type-product","3":"status-publish","4":"has-post-thumbnail","6":"product_cat-hoa-noi-dia-viet-nam","7":"product_cat-hoa-la-phu-da-lat","8":"product_tag-la-phu-cam-hoa-da-lat","9":"product_tag-la-tung-dep","10":"product_tag-la-tung-xanh","11":"product_tag-mua-la-tung-tuoi","12":"product_tag-trang-tri-hoa-tuoi-bang-la-tung","14":"first","15":"instock","16":"shipping-taxable","17":"product-type-simple"},"_links":{"self":[{"href":"https:\/\/gvgarden.asia\/index.php?rest_route=\/wp\/v2\/product\/5686","targetHints":{"allow":["GET"]}}],"collection":[{"href":"https:\/\/gvgarden.asia\/index.php?rest_route=\/wp\/v2\/product"}],"about":[{"href":"https:\/\/gvgarden.asia\/index.php?rest_route=\/wp\/v2\/types\/product"}],"replies":[{"embeddable":true,"href":"https:\/\/gvgarden.asia\/index.php?rest_route=%2Fwp%2Fv2%2Fcomments&post=5686"}],"version-history":[{"count":2,"href":"https:\/\/gvgarden.asia\/index.php?rest_route=\/wp\/v2\/product\/5686\/revisions"}],"predecessor-version":[{"id":5826,"href":"https:\/\/gvgarden.asia\/index.php?rest_route=\/wp\/v2\/product\/5686\/revisions\/5826"}],"wp:featuredmedia":[{"embeddable":true,"href":"https:\/\/gvgarden.asia\/index.php?rest_route=\/wp\/v2\/media\/5825"}],"wp:attachment":[{"href":"https:\/\/gvgarden.asia\/index.php?rest_route=%2Fwp%2Fv2%2Fmedia&parent=5686"}],"wp:term":[{"taxonomy":"product_brand","embeddable":true,"href":"https:\/\/gvgarden.asia\/index.php?rest_route=%2Fwp%2Fv2%2Fproduct_brand&post=5686"},{"taxonomy":"product_cat","embeddable":true,"href":"https:\/\/gvgarden.asia\/index.php?rest_route=%2Fwp%2Fv2%2Fproduct_cat&post=5686"},{"taxonomy":"product_tag","embeddable":true,"href":"https:\/\/gvgarden.asia\/index.php?rest_route=%2Fwp%2Fv2%2Fproduct_tag&post=5686"}],"curies":[{"name":"wp","href":"https:\/\/api.w.org\/{rel}","templated":true}]}}