{"id":5681,"date":"2025-09-06T13:21:07","date_gmt":"2025-09-06T06:21:07","guid":{"rendered":"https:\/\/gvgarden.asia\/?post_type=product&#038;p=5681"},"modified":"2025-09-19T15:26:05","modified_gmt":"2025-09-19T08:26:05","slug":"hoa-cat-tuong-trang-da-lat","status":"publish","type":"product","link":"https:\/\/gvgarden.asia\/?product=hoa-cat-tuong-trang-da-lat","title":{"rendered":"Hoa C\u00e1t T\u01b0\u1eddng Tr\u1eafng"},"content":{"rendered":"<div id=\"ez-toc-container\" class=\"ez-toc-v2_0_76 counter-hierarchy ez-toc-counter ez-toc-grey ez-toc-container-direction\">\n<div class=\"ez-toc-title-container\">\n<p class=\"ez-toc-title\" style=\"cursor:inherit\">N\u1ed9i Dung B\u00e0i Vi\u1ebft<\/p>\n<span class=\"ez-toc-title-toggle\"><a href=\"#\" class=\"ez-toc-pull-right ez-toc-btn ez-toc-btn-xs ez-toc-btn-default ez-toc-toggle\" aria-label=\"Toggle Table of Content\"><span class=\"ez-toc-js-icon-con\"><span class=\"\"><span class=\"eztoc-hide\" style=\"display:none;\">Toggle<\/span><span class=\"ez-toc-icon-toggle-span\"><svg style=\"fill: #999;color:#999\" xmlns=\"http:\/\/www.w3.org\/2000\/svg\" class=\"list-377408\" width=\"20px\" height=\"20px\" viewBox=\"0 0 24 24\" fill=\"none\"><path d=\"M6 6H4v2h2V6zm14 0H8v2h12V6zM4 11h2v2H4v-2zm16 0H8v2h12v-2zM4 16h2v2H4v-2zm16 0H8v2h12v-2z\" fill=\"currentColor\"><\/path><\/svg><svg style=\"fill: #999;color:#999\" class=\"arrow-unsorted-368013\" xmlns=\"http:\/\/www.w3.org\/2000\/svg\" width=\"10px\" height=\"10px\" viewBox=\"0 0 24 24\" version=\"1.2\" baseProfile=\"tiny\"><path d=\"M18.2 9.3l-6.2-6.3-6.2 6.3c-.2.2-.3.4-.3.7s.1.5.3.7c.2.2.4.3.7.3h11c.3 0 .5-.1.7-.3.2-.2.3-.5.3-.7s-.1-.5-.3-.7zM5.8 14.7l6.2 6.3 6.2-6.3c.2-.2.3-.5.3-.7s-.1-.5-.3-.7c-.2-.2-.4-.3-.7-.3h-11c-.3 0-.5.1-.7.3-.2.2-.3.5-.3.7s.1.5.3.7z\"\/><\/svg><\/span><\/span><\/span><\/a><\/span><\/div>\n<nav><ul class='ez-toc-list ez-toc-list-level-1 eztoc-toggle-hide-by-default' ><li class='ez-toc-page-1 ez-toc-heading-level-2'><a class=\"ez-toc-link ez-toc-heading-1\" href=\"https:\/\/gvgarden.asia\/?product=hoa-cat-tuong-trang-da-lat\/#hoa_cat_tuong_trang_da_lat_%e2%80%93_ve_dep_cua_su_thuan_khiet\" >Hoa C\u00e1t T\u01b0\u1eddng Tr\u1eafng \u0110\u00e0 L\u1ea1t \u2013 V\u1ebb \u0110\u1eb9p C\u1ee7a S\u1ef1 Thu\u1ea7n Khi\u1ebft<\/a><ul class='ez-toc-list-level-3' ><li class='ez-toc-heading-level-3'><a class=\"ez-toc-link ez-toc-heading-2\" href=\"https:\/\/gvgarden.asia\/?product=hoa-cat-tuong-trang-da-lat\/#gioi_thieu_ve_hoa_cat_tuong_trang_da_lat\" >Gi\u1edbi Thi\u1ec7u V\u1ec1 Hoa C\u00e1t T\u01b0\u1eddng Tr\u1eafng \u0110\u00e0 L\u1ea1t<\/a><\/li><li class='ez-toc-page-1 ez-toc-heading-level-3'><a class=\"ez-toc-link ez-toc-heading-3\" href=\"https:\/\/gvgarden.asia\/?product=hoa-cat-tuong-trang-da-lat\/#y_nghia_cua_hoa_cat_tuong_trang\" >\u00dd Ngh\u0129a C\u1ee7a Hoa C\u00e1t T\u01b0\u1eddng Tr\u1eafng<\/a><\/li><li class='ez-toc-page-1 ez-toc-heading-level-3'><a class=\"ez-toc-link ez-toc-heading-4\" href=\"https:\/\/gvgarden.asia\/?product=hoa-cat-tuong-trang-da-lat\/#dac_diem_noi_bat_cua_hoa_cat_tuong_trang\" >\u0110\u1eb7c \u0110i\u1ec3m N\u1ed5i B\u1eadt C\u1ee7a Hoa C\u00e1t T\u01b0\u1eddng Tr\u1eafng<\/a><ul class='ez-toc-list-level-4' ><li class='ez-toc-heading-level-4'><a class=\"ez-toc-link ez-toc-heading-5\" href=\"https:\/\/gvgarden.asia\/?product=hoa-cat-tuong-trang-da-lat\/#mau_sac_va_do_ben\" >M\u00e0u s\u1eafc v\u00e0 \u0111\u1ed9 b\u1ec1n<\/a><\/li><li class='ez-toc-page-1 ez-toc-heading-level-4'><a class=\"ez-toc-link ez-toc-heading-6\" href=\"https:\/\/gvgarden.asia\/?product=hoa-cat-tuong-trang-da-lat\/#mua_vu_va_dieu_kien_sinh_truong\" >M\u00f9a v\u1ee5 v\u00e0 \u0111i\u1ec1u ki\u1ec7n sinh tr\u01b0\u1edfng<\/a><\/li><\/ul><\/li><li class='ez-toc-page-1 ez-toc-heading-level-3'><a class=\"ez-toc-link ez-toc-heading-7\" href=\"https:\/\/gvgarden.asia\/?product=hoa-cat-tuong-trang-da-lat\/#ung_dung_cua_hoa_cat_tuong_trang_trong_doi_song\" >\u1ee8ng D\u1ee5ng C\u1ee7a Hoa C\u00e1t T\u01b0\u1eddng Tr\u1eafng Trong \u0110\u1eddi S\u1ed1ng<\/a><ul class='ez-toc-list-level-4' ><li class='ez-toc-heading-level-4'><a class=\"ez-toc-link ez-toc-heading-8\" href=\"https:\/\/gvgarden.asia\/?product=hoa-cat-tuong-trang-da-lat\/#lam_hoa_cuoi_va_trang_tri_su_kien\" >L\u00e0m hoa c\u01b0\u1edbi v\u00e0 trang tr\u00ed s\u1ef1 ki\u1ec7n<\/a><\/li><li class='ez-toc-page-1 ez-toc-heading-level-4'><a class=\"ez-toc-link ez-toc-heading-9\" href=\"https:\/\/gvgarden.asia\/?product=hoa-cat-tuong-trang-da-lat\/#trang_tri_khong_gian_song_va_lam_viec\" >Trang tr\u00ed kh\u00f4ng gian s\u1ed1ng v\u00e0 l\u00e0m vi\u1ec7c<\/a><\/li><li class='ez-toc-page-1 ez-toc-heading-level-4'><a class=\"ez-toc-link ez-toc-heading-10\" href=\"https:\/\/gvgarden.asia\/?product=hoa-cat-tuong-trang-da-lat\/#lam_qua_tang_y_nghia\" >L\u00e0m qu\u00e0 t\u1eb7ng \u00fd ngh\u0129a<\/a><\/li><\/ul><\/li><li class='ez-toc-page-1 ez-toc-heading-level-3'><a class=\"ez-toc-link ez-toc-heading-11\" href=\"https:\/\/gvgarden.asia\/?product=hoa-cat-tuong-trang-da-lat\/#ket_luan\" >K\u1ebft Lu\u1eadn<\/a><\/li><\/ul><\/li><\/ul><\/nav><\/div>\n<h2><span class=\"ez-toc-section\" id=\"hoa_cat_tuong_trang_da_lat_%e2%80%93_ve_dep_cua_su_thuan_khiet\"><\/span><strong>Hoa C\u00e1t T\u01b0\u1eddng Tr\u1eafng \u0110\u00e0 L\u1ea1t \u2013 V\u1ebb \u0110\u1eb9p C\u1ee7a S\u1ef1 Thu\u1ea7n Khi\u1ebft<\/strong><span class=\"ez-toc-section-end\"><\/span><\/h2>\n<h3><span class=\"ez-toc-section\" id=\"gioi_thieu_ve_hoa_cat_tuong_trang_da_lat\"><\/span><strong>Gi\u1edbi Thi\u1ec7u V\u1ec1 Hoa C\u00e1t T\u01b0\u1eddng Tr\u1eafng \u0110\u00e0 L\u1ea1t<\/strong><span class=\"ez-toc-section-end\"><\/span><\/h3>\n<div>Hoa c\u00e1t t\u01b0\u1eddng tr\u1eafng l\u00e0 m\u1ed9t trong nh\u1eefng gi\u1ed1ng hoa n\u1ed5i b\u1eadt \u0111\u01b0\u1ee3c tr\u1ed3ng nhi\u1ec1u t\u1ea1i \u0110\u00e0 L\u1ea1t \u2013 v\u00f9ng \u0111\u1ea5t n\u1ed5i ti\u1ebfng v\u1edbi kh\u00ed h\u1eadu \u00f4n h\u00f2a, l\u00fd t\u01b0\u1edfng cho c\u00e1c lo\u00e0i hoa ph\u00e1t tri\u1ec3n. S\u1edf h\u1eefu nh\u1eefng c\u00e1nh hoa m\u1ecfng manh, x\u1ebfp ch\u1ed3ng m\u1ec1m m\u1ea1i, m\u00e0u tr\u1eafng tinh kh\u00f4i nh\u01b0 s\u01b0\u01a1ng mai, lo\u00e0i hoa n\u00e0y lu\u00f4n mang \u0111\u1ebfn c\u1ea3m gi\u00e1c nh\u1eb9 nh\u00e0ng v\u00e0 thanh khi\u1ebft.<\/div>\n<div><\/div>\n<div>\u1ede \u0110\u00e0 L\u1ea1t, hoa c\u00e1t t\u01b0\u1eddng tr\u1eafng \u0111\u01b0\u1ee3c ch\u0103m s\u00f3c k\u1ef9 l\u01b0\u1ee1ng theo quy tr\u00ecnh canh t\u00e1c s\u1ea1ch, t\u1eeb \u0111\u00f3 cho ra \u0111\u1eddi nh\u1eefng b\u00f4ng hoa \u0111\u1ec1u m\u00e0u, t\u01b0\u01a1i l\u00e2u v\u00e0 c\u00f3 \u0111\u1ed9 b\u1ec1n cao khi tr\u01b0ng b\u00e0y.<\/div>\n<h3><span class=\"ez-toc-section\" id=\"y_nghia_cua_hoa_cat_tuong_trang\"><\/span><strong>\u00dd Ngh\u0129a C\u1ee7a Hoa C\u00e1t T\u01b0\u1eddng Tr\u1eafng<\/strong><span class=\"ez-toc-section-end\"><\/span><\/h3>\n<div>Hoa c\u00e1t t\u01b0\u1eddng tr\u1eafng kh\u00f4ng ch\u1ec9 \u0111\u1eb9p m\u00e0 c\u00f2n mang nhi\u1ec1u t\u1ea7ng \u00fd ngh\u0129a tinh t\u1ebf:<\/div>\n<div><\/div>\n<div>T\u00ecnh y\u00eau trong s\u00e1ng: M\u00e0u tr\u1eafng t\u01b0\u1ee3ng tr\u01b0ng cho s\u1ef1 tinh khi\u1ebft, th\u1ee7y chung. V\u00ec v\u1eady, hoa c\u00e1t t\u01b0\u1eddng tr\u1eafng th\u01b0\u1eddng \u0111\u01b0\u1ee3c s\u1eed d\u1ee5ng trong l\u1ec5 c\u01b0\u1edbi, nh\u01b0 m\u1ed9t l\u1eddi ch\u00fac ph\u00fac cho t\u00ecnh y\u00eau b\u1ec1n l\u00e2u v\u00e0 trong s\u00e1ng.<\/div>\n<div><\/div>\n<div>S\u1ef1 may m\u1eafn &amp; b\u00ecnh an: T\u00ean g\u1ecdi \u201cc\u00e1t t\u01b0\u1eddng\u201d \u0111\u00e3 mang ngh\u0129a \u201c\u0111i\u1ec1u l\u00e0nh\u201d, \u201c\u0111i\u1ec1m t\u1ed1t\u201d, v\u00ec th\u1ebf hoa tr\u1edf th\u00e0nh bi\u1ec3u t\u01b0\u1ee3ng cho nh\u1eefng l\u1eddi c\u1ea7u ch\u00fac h\u1ea1nh ph\u00fac v\u00e0 b\u00ecnh y\u00ean.<\/div>\n<div><\/div>\n<div>Phong c\u00e1ch thanh l\u1ecbch: V\u1edbi m\u00e0u tr\u1eafng nh\u1eb9 nh\u00e0ng, hoa mang \u0111\u1ebfn c\u1ea3m gi\u00e1c sang tr\u1ecdng, ph\u00f9 h\u1ee3p v\u1edbi nh\u1eefng kh\u00f4ng gian hi\u1ec7n \u0111\u1ea1i ho\u1eb7c trang tr\u00ed t\u1ed1i gi\u1ea3n.<\/div>\n<h3><span class=\"ez-toc-section\" id=\"dac_diem_noi_bat_cua_hoa_cat_tuong_trang\"><\/span><strong>\u0110\u1eb7c \u0110i\u1ec3m N\u1ed5i B\u1eadt C\u1ee7a Hoa C\u00e1t T\u01b0\u1eddng Tr\u1eafng<\/strong><span class=\"ez-toc-section-end\"><\/span><\/h3>\n<div>T\u1eeb kh\u00f3a ch\u00ednh: \u0111\u1eb7c \u0111i\u1ec3m hoa c\u00e1t t\u01b0\u1eddng tr\u1eafng<\/div>\n<div>T\u1eeb kh\u00f3a ph\u1ee5: gi\u1ed1ng hoa c\u00e1t t\u01b0\u1eddng, hoa c\u00e1t t\u01b0\u1eddng c\u00f3 m\u1ea5y m\u00e0u, \u0111\u1eb7c t\u00ednh hoa c\u00e1t t\u01b0\u1eddng<\/div>\n<div><\/div>\n<div>H3: H\u00ecnh d\u00e1ng v\u00e0 c\u1ea5u tr\u00fac hoa<\/div>\n<div>Hoa c\u00e1t t\u01b0\u1eddng tr\u1eafng c\u00f3 c\u00e1nh hoa x\u1ebfp l\u1edbp, m\u1ec1m m\u1ea1i nh\u01b0 l\u1ee5a, th\u01b0\u1eddng m\u1ecdc th\u00e0nh ch\u00f9m v\u1edbi nhi\u1ec1u n\u1ee5 nh\u1ecf tr\u00ean m\u1ed7i c\u00e0nh. M\u1ed7i c\u00e0nh c\u00f3 th\u1ec3 k\u00e9o d\u00e0i t\u1eeb 50\u201370cm, r\u1ea5t th\u00edch h\u1ee3p \u0111\u1ec3 l\u00e0m hoa c\u1eafm l\u1ecd ho\u1eb7c b\u00f3 hoa c\u1ea7m tay.<\/div>\n<h4><span class=\"ez-toc-section\" id=\"mau_sac_va_do_ben\"><\/span><strong>M\u00e0u s\u1eafc v\u00e0 \u0111\u1ed9 b\u1ec1n<\/strong><span class=\"ez-toc-section-end\"><\/span><\/h4>\n<div>M\u00e0u tr\u1eafng ng\u00e0 c\u1ee7a c\u00e1t t\u01b0\u1eddng tr\u1eafng kh\u00f4ng qu\u00e1 ch\u00f3i m\u1eaft m\u00e0 thanh tho\u00e1t, nh\u1eb9 nh\u00e0ng. \u0110\u1eb7c bi\u1ec7t, hoa c\u00e1t t\u01b0\u1eddng \u0110\u00e0 L\u1ea1t c\u00f3 \u0111\u1ed9 b\u1ec1n v\u01b0\u1ee3t tr\u1ed9i \u2013 gi\u1eef t\u01b0\u01a1i t\u1eeb 7\u201310 ng\u00e0y trong \u0111i\u1ec1u ki\u1ec7n th\u01b0\u1eddng, v\u00e0 l\u00e2u h\u01a1n n\u1ebfu b\u1ea3o qu\u1ea3n l\u1ea1nh.<\/div>\n<h4><span class=\"ez-toc-section\" id=\"mua_vu_va_dieu_kien_sinh_truong\"><\/span><strong>M\u00f9a v\u1ee5 v\u00e0 \u0111i\u1ec1u ki\u1ec7n sinh tr\u01b0\u1edfng<\/strong><span class=\"ez-toc-section-end\"><\/span><\/h4>\n<div>C\u00e1t t\u01b0\u1eddng tr\u1eafng \u0111\u01b0\u1ee3c tr\u1ed3ng quanh n\u0103m t\u1ea1i \u0110\u00e0 L\u1ea1t, nh\u01b0ng \u0111\u1eb9p nh\u1ea5t v\u00e0o m\u00f9a thu \u0111\u00f4ng. Lo\u00e0i hoa n\u00e0y \u01b0a m\u00e1t, c\u1ea7n nhi\u1ec1u \u00e1nh s\u00e1ng nh\u01b0ng kh\u00f4ng ch\u1ecbu \u0111\u01b0\u1ee3c n\u1eafng g\u1eaft. Nh\u1edd kh\u00ed h\u1eadu \u1ed5n \u0111\u1ecbnh t\u1ea1i \u0110\u00e0 L\u1ea1t, hoa lu\u00f4n cho n\u0103ng su\u1ea5t cao v\u00e0 ch\u1ea5t l\u01b0\u1ee3ng \u0111\u1ed3ng \u0111\u1ec1u.<\/div>\n<h3><span class=\"ez-toc-section\" id=\"ung_dung_cua_hoa_cat_tuong_trang_trong_doi_song\"><\/span><strong>\u1ee8ng D\u1ee5ng C\u1ee7a Hoa C\u00e1t T\u01b0\u1eddng Tr\u1eafng Trong \u0110\u1eddi S\u1ed1ng<\/strong><span class=\"ez-toc-section-end\"><\/span><\/h3>\n<div>T\u1eeb kh\u00f3a ch\u00ednh: \u1ee9ng d\u1ee5ng hoa c\u00e1t t\u01b0\u1eddng tr\u1eafng<\/div>\n<div>T\u1eeb kh\u00f3a ph\u1ee5: hoa c\u00e1t t\u01b0\u1eddng d\u00f9ng \u0111\u1ec3 l\u00e0m g\u00ec, \u00fd t\u01b0\u1edfng c\u1eafm hoa c\u00e1t t\u01b0\u1eddng<\/div>\n<h4><span class=\"ez-toc-section\" id=\"lam_hoa_cuoi_va_trang_tri_su_kien\"><\/span><strong>L\u00e0m hoa c\u01b0\u1edbi v\u00e0 trang tr\u00ed s\u1ef1 ki\u1ec7n<\/strong><span class=\"ez-toc-section-end\"><\/span><\/h4>\n<div>Hoa c\u00e1t t\u01b0\u1eddng tr\u1eafng l\u00e0 l\u1ef1a ch\u1ecdn ph\u1ed5 bi\u1ebfn trong c\u00e1c l\u1ec5 c\u01b0\u1edbi, ti\u1ec7c \u0111\u00ednh h\u00f4n hay l\u1ec5 t\u1ed1t nghi\u1ec7p. S\u1eafc tr\u1eafng thu\u1ea7n khi\u1ebft d\u1ec5 k\u1ebft h\u1ee3p v\u1edbi nhi\u1ec1u lo\u1ea1i hoa kh\u00e1c nh\u01b0 baby, h\u1ed3ng pastel, ho\u1eb7c hoa lan.<\/div>\n<h4><span class=\"ez-toc-section\" id=\"trang_tri_khong_gian_song_va_lam_viec\"><\/span><strong>Trang tr\u00ed kh\u00f4ng gian s\u1ed1ng v\u00e0 l\u00e0m vi\u1ec7c<\/strong><span class=\"ez-toc-section-end\"><\/span><\/h4>\n<div>V\u1edbi v\u1ebb \u0111\u1eb9p tinh t\u1ebf, hoa c\u00e1t t\u01b0\u1eddng tr\u1eafng r\u1ea5t \u0111\u01b0\u1ee3c \u01b0a chu\u1ed9ng trong vi\u1ec7c trang tr\u00ed b\u00e0n l\u00e0m vi\u1ec7c, qu\u00e1n caf\u00e9, kh\u00e1ch s\u1ea1n ho\u1eb7c showroom. M\u1ed7i c\u00e0nh hoa nh\u01b0 mang \u0111\u1ebfn m\u1ed9t l\u00e0n gi\u00f3 nh\u1eb9 l\u00e0m d\u1ecbu m\u1ecdi m\u1ec7t m\u1ecfi trong ng\u00e0y.<\/div>\n<h4><span class=\"ez-toc-section\" id=\"lam_qua_tang_y_nghia\"><\/span><strong>L\u00e0m qu\u00e0 t\u1eb7ng \u00fd ngh\u0129a<\/strong><span class=\"ez-toc-section-end\"><\/span><\/h4>\n<div>T\u1eb7ng m\u1ed9t b\u00f3 c\u00e1t t\u01b0\u1eddng tr\u1eafng l\u00e0 g\u1eedi \u0111i l\u1eddi ch\u00fac may m\u1eafn, s\u1ef1 thanh th\u1ea3n v\u00e0 t\u00ecnh c\u1ea3m ch\u00e2n th\u00e0nh. \u0110\u1eb7c bi\u1ec7t trong nh\u1eefng d\u1ecbp nh\u01b0 m\u1eebng th\u0103ng ch\u1ee9c, m\u1eebng nh\u00e0 m\u1edbi ho\u1eb7c sinh nh\u1eadt ng\u01b0\u1eddi th\u00e2n, b\u1ea1n b\u00e8.<\/div>\n<h3><span class=\"ez-toc-section\" id=\"ket_luan\"><\/span><strong>K\u1ebft Lu\u1eadn<\/strong><span class=\"ez-toc-section-end\"><\/span><\/h3>\n<div>Hoa c\u00e1t t\u01b0\u1eddng tr\u1eafng \u0110\u00e0 L\u1ea1t kh\u00f4ng ch\u1ec9 l\u00e0 m\u1ed9t lo\u00e0i hoa \u0111\u1eb9p m\u00e0 c\u00f2n ch\u1ee9a \u0111\u1ef1ng nhi\u1ec1u t\u1ea7ng \u00fd ngh\u0129a s\u00e2u s\u1eafc. S\u1ef1 tinh t\u1ebf trong h\u00ecnh d\u00e1ng, m\u00e0u s\u1eafc k\u1ebft h\u1ee3p c\u00f9ng nh\u1eefng th\u00f4ng \u0111i\u1ec7p t\u1ed1t l\u00e0nh \u0111\u00e3 khi\u1ebfn hoa tr\u1edf th\u00e0nh l\u1ef1a ch\u1ecdn h\u00e0ng \u0111\u1ea7u trong c\u00e1c d\u1ecbp \u0111\u1eb7c bi\u1ec7t c\u0169ng nh\u01b0 trang tr\u00ed kh\u00f4ng gian s\u1ed1ng. N\u1ebfu b\u1ea1n \u0111ang t\u00ecm ki\u1ebfm m\u1ed9t lo\u00e0i hoa mang v\u1ebb \u0111\u1eb9p thu\u1ea7n khi\u1ebft v\u00e0 b\u1ec1n l\u00e2u, c\u00e1t t\u01b0\u1eddng tr\u1eafng ch\u00ednh l\u00e0 l\u1ef1a ch\u1ecdn ho\u00e0n h\u1ea3o.<\/div>\n<div><\/div>\n","protected":false},"excerpt":{"rendered":"<p>Hoa C\u00e1t T\u01b0\u1eddng Tr\u1eafng \u0110\u00e0 L\u1ea1t \u2013 V\u1ebb \u0110\u1eb9p C\u1ee7a S\u1ef1 Thu\u1ea7n Khi\u1ebft Gi\u1edbi Thi\u1ec7u V\u1ec1 Hoa C\u00e1t T\u01b0\u1eddng Tr\u1eafng \u0110\u00e0 L\u1ea1t Hoa c\u00e1t t\u01b0\u1eddng tr\u1eafng l\u00e0 m\u1ed9t trong nh\u1eefng gi\u1ed1ng hoa n\u1ed5i b\u1eadt \u0111\u01b0\u1ee3c tr\u1ed3ng nhi\u1ec1u t\u1ea1i \u0110\u00e0 L\u1ea1t \u2013 v\u00f9ng \u0111\u1ea5t n\u1ed5i ti\u1ebfng v\u1edbi kh\u00ed h\u1eadu \u00f4n h\u00f2a, l\u00fd t\u01b0\u1edfng cho c\u00e1c lo\u00e0i [&#8230;]\n","protected":false},"featured_media":5829,"comment_status":"open","ping_status":"closed","template":"","meta":[],"product_brand":[],"product_cat":[273,299],"product_tag":[463,460,464],"class_list":{"0":"post-5681","1":"product","2":"type-product","3":"status-publish","4":"has-post-thumbnail","6":"product_cat-hoa-noi-dia-viet-nam","7":"product_cat-hoa-la-phu-da-lat","8":"product_tag-cat-tuong-trang","9":"product_tag-hoa-cat-tuong-dep","10":"product_tag-hoa-cat-tuong-thanh-khiet","12":"first","13":"instock","14":"shipping-taxable","15":"product-type-simple"},"_links":{"self":[{"href":"https:\/\/gvgarden.asia\/index.php?rest_route=\/wp\/v2\/product\/5681","targetHints":{"allow":["GET"]}}],"collection":[{"href":"https:\/\/gvgarden.asia\/index.php?rest_route=\/wp\/v2\/product"}],"about":[{"href":"https:\/\/gvgarden.asia\/index.php?rest_route=\/wp\/v2\/types\/product"}],"replies":[{"embeddable":true,"href":"https:\/\/gvgarden.asia\/index.php?rest_route=%2Fwp%2Fv2%2Fcomments&post=5681"}],"version-history":[{"count":2,"href":"https:\/\/gvgarden.asia\/index.php?rest_route=\/wp\/v2\/product\/5681\/revisions"}],"predecessor-version":[{"id":5683,"href":"https:\/\/gvgarden.asia\/index.php?rest_route=\/wp\/v2\/product\/5681\/revisions\/5683"}],"wp:featuredmedia":[{"embeddable":true,"href":"https:\/\/gvgarden.asia\/index.php?rest_route=\/wp\/v2\/media\/5829"}],"wp:attachment":[{"href":"https:\/\/gvgarden.asia\/index.php?rest_route=%2Fwp%2Fv2%2Fmedia&parent=5681"}],"wp:term":[{"taxonomy":"product_brand","embeddable":true,"href":"https:\/\/gvgarden.asia\/index.php?rest_route=%2Fwp%2Fv2%2Fproduct_brand&post=5681"},{"taxonomy":"product_cat","embeddable":true,"href":"https:\/\/gvgarden.asia\/index.php?rest_route=%2Fwp%2Fv2%2Fproduct_cat&post=5681"},{"taxonomy":"product_tag","embeddable":true,"href":"https:\/\/gvgarden.asia\/index.php?rest_route=%2Fwp%2Fv2%2Fproduct_tag&post=5681"}],"curies":[{"name":"wp","href":"https:\/\/api.w.org\/{rel}","templated":true}]}}