{"id":5679,"date":"2025-09-06T13:17:47","date_gmt":"2025-09-06T06:17:47","guid":{"rendered":"https:\/\/gvgarden.asia\/?post_type=product&#038;p=5679"},"modified":"2025-09-19T15:28:53","modified_gmt":"2025-09-19T08:28:53","slug":"hoa-cat-tuong-hong-xoan-da-lat","status":"publish","type":"product","link":"https:\/\/gvgarden.asia\/?product=hoa-cat-tuong-hong-xoan-da-lat","title":{"rendered":"Hoa C\u00e1t T\u01b0\u1eddng H\u1ed3ng Xo\u0103n"},"content":{"rendered":"<div id=\"ez-toc-container\" class=\"ez-toc-v2_0_76 counter-hierarchy ez-toc-counter ez-toc-grey ez-toc-container-direction\">\n<div class=\"ez-toc-title-container\">\n<p class=\"ez-toc-title\" style=\"cursor:inherit\">N\u1ed9i Dung B\u00e0i Vi\u1ebft<\/p>\n<span class=\"ez-toc-title-toggle\"><a href=\"#\" class=\"ez-toc-pull-right ez-toc-btn ez-toc-btn-xs ez-toc-btn-default ez-toc-toggle\" aria-label=\"Toggle Table of Content\"><span class=\"ez-toc-js-icon-con\"><span class=\"\"><span class=\"eztoc-hide\" style=\"display:none;\">Toggle<\/span><span class=\"ez-toc-icon-toggle-span\"><svg style=\"fill: #999;color:#999\" xmlns=\"http:\/\/www.w3.org\/2000\/svg\" class=\"list-377408\" width=\"20px\" height=\"20px\" viewBox=\"0 0 24 24\" fill=\"none\"><path d=\"M6 6H4v2h2V6zm14 0H8v2h12V6zM4 11h2v2H4v-2zm16 0H8v2h12v-2zM4 16h2v2H4v-2zm16 0H8v2h12v-2z\" fill=\"currentColor\"><\/path><\/svg><svg style=\"fill: #999;color:#999\" class=\"arrow-unsorted-368013\" xmlns=\"http:\/\/www.w3.org\/2000\/svg\" width=\"10px\" height=\"10px\" viewBox=\"0 0 24 24\" version=\"1.2\" baseProfile=\"tiny\"><path d=\"M18.2 9.3l-6.2-6.3-6.2 6.3c-.2.2-.3.4-.3.7s.1.5.3.7c.2.2.4.3.7.3h11c.3 0 .5-.1.7-.3.2-.2.3-.5.3-.7s-.1-.5-.3-.7zM5.8 14.7l6.2 6.3 6.2-6.3c.2-.2.3-.5.3-.7s-.1-.5-.3-.7c-.2-.2-.4-.3-.7-.3h-11c-.3 0-.5.1-.7.3-.2.2-.3.5-.3.7s.1.5.3.7z\"\/><\/svg><\/span><\/span><\/span><\/a><\/span><\/div>\n<nav><ul class='ez-toc-list ez-toc-list-level-1 eztoc-toggle-hide-by-default' ><li class='ez-toc-page-1 ez-toc-heading-level-2'><a class=\"ez-toc-link ez-toc-heading-1\" href=\"https:\/\/gvgarden.asia\/?product=hoa-cat-tuong-hong-xoan-da-lat\/#hoa_cat_tuong_hong_xoan_da_lat_%e2%80%93_ve_dep_diu_dang_tu_cao_nguyen\" >Hoa C\u00e1t T\u01b0\u1eddng H\u1ed3ng Xo\u0103n \u0110\u00e0 L\u1ea1t \u2013 V\u1ebb \u0110\u1eb9p D\u1ecbu D\u00e0ng T\u1eeb Cao Nguy\u00ean<\/a><ul class='ez-toc-list-level-4' ><li class='ez-toc-heading-level-4'><ul class='ez-toc-list-level-4' ><li class='ez-toc-heading-level-4'><a class=\"ez-toc-link ez-toc-heading-2\" href=\"https:\/\/gvgarden.asia\/?product=hoa-cat-tuong-hong-xoan-da-lat\/#gioi_thieu_ve_hoa_cat_tuong_hong_xoan\" >Gi\u1edbi thi\u1ec7u v\u1ec1 hoa c\u00e1t t\u01b0\u1eddng h\u1ed3ng xo\u0103n<\/a><\/li><\/ul><\/li><li class='ez-toc-page-1 ez-toc-heading-level-3'><a class=\"ez-toc-link ez-toc-heading-3\" href=\"https:\/\/gvgarden.asia\/?product=hoa-cat-tuong-hong-xoan-da-lat\/#y_nghia_cua_hoa_cat_tuong_hong_xoan\" >\u00dd ngh\u0129a c\u1ee7a hoa c\u00e1t t\u01b0\u1eddng h\u1ed3ng xo\u0103n<\/a><ul class='ez-toc-list-level-4' ><li class='ez-toc-heading-level-4'><a class=\"ez-toc-link ez-toc-heading-4\" href=\"https:\/\/gvgarden.asia\/?product=hoa-cat-tuong-hong-xoan-da-lat\/#bieu_tuong_cua_su_may_man_va_hanh_phuc\" >Bi\u1ec3u t\u01b0\u1ee3ng c\u1ee7a s\u1ef1 may m\u1eafn v\u00e0 h\u1ea1nh ph\u00fac<\/a><\/li><li class='ez-toc-page-1 ez-toc-heading-level-4'><a class=\"ez-toc-link ez-toc-heading-5\" href=\"https:\/\/gvgarden.asia\/?product=hoa-cat-tuong-hong-xoan-da-lat\/#thong_diep_gui_gam_qua_canh_hoa_xoan_mem_mai\" >Th\u00f4ng \u0111i\u1ec7p g\u1eedi g\u1eafm qua c\u00e1nh hoa xo\u0103n m\u1ec1m m\u1ea1i<\/a><\/li><\/ul><\/li><li class='ez-toc-page-1 ez-toc-heading-level-3'><a class=\"ez-toc-link ez-toc-heading-6\" href=\"https:\/\/gvgarden.asia\/?product=hoa-cat-tuong-hong-xoan-da-lat\/#dac_diem_cua_hoa_cat_tuong_hong_xoan_da_lat\" >\u0110\u1eb7c \u0111i\u1ec3m c\u1ee7a hoa c\u00e1t t\u01b0\u1eddng h\u1ed3ng xo\u0103n \u0110\u00e0 L\u1ea1t<\/a><ul class='ez-toc-list-level-4' ><li class='ez-toc-heading-level-4'><a class=\"ez-toc-link ez-toc-heading-7\" href=\"https:\/\/gvgarden.asia\/?product=hoa-cat-tuong-hong-xoan-da-lat\/#hinh_dang_va_mau_sac\" >H\u00ecnh d\u00e1ng v\u00e0 m\u00e0u s\u1eafc<\/a><\/li><li class='ez-toc-page-1 ez-toc-heading-level-4'><a class=\"ez-toc-link ez-toc-heading-8\" href=\"https:\/\/gvgarden.asia\/?product=hoa-cat-tuong-hong-xoan-da-lat\/#dac_diem_sinh_truong\" >\u0110\u1eb7c \u0111i\u1ec3m sinh tr\u01b0\u1edfng<\/a><\/li><\/ul><\/li><li class='ez-toc-page-1 ez-toc-heading-level-3'><a class=\"ez-toc-link ez-toc-heading-9\" href=\"https:\/\/gvgarden.asia\/?product=hoa-cat-tuong-hong-xoan-da-lat\/#ung_dung_cua_hoa_cat_tuong_hong_xoan_trong_doi_song\" >\u1ee8ng d\u1ee5ng c\u1ee7a hoa c\u00e1t t\u01b0\u1eddng h\u1ed3ng xo\u0103n trong \u0111\u1eddi s\u1ed1ng<\/a><ul class='ez-toc-list-level-4' ><li class='ez-toc-heading-level-4'><a class=\"ez-toc-link ez-toc-heading-10\" href=\"https:\/\/gvgarden.asia\/?product=hoa-cat-tuong-hong-xoan-da-lat\/#trang_tri_su_kien\" >Trang tr\u00ed s\u1ef1 ki\u1ec7n<\/a><\/li><li class='ez-toc-page-1 ez-toc-heading-level-4'><a class=\"ez-toc-link ez-toc-heading-11\" href=\"https:\/\/gvgarden.asia\/?product=hoa-cat-tuong-hong-xoan-da-lat\/#lam_qua_tang\" >L\u00e0m qu\u00e0 t\u1eb7ng<\/a><\/li><li class='ez-toc-page-1 ez-toc-heading-level-4'><a class=\"ez-toc-link ez-toc-heading-12\" href=\"https:\/\/gvgarden.asia\/?product=hoa-cat-tuong-hong-xoan-da-lat\/#ung_dung_phong_thuy\" >\u1ee8ng d\u1ee5ng phong th\u1ee7y<\/a><\/li><\/ul><\/li><li class='ez-toc-page-1 ez-toc-heading-level-3'><a class=\"ez-toc-link ez-toc-heading-13\" href=\"https:\/\/gvgarden.asia\/?product=hoa-cat-tuong-hong-xoan-da-lat\/#vi_sao_nen_chon_hoa_cat_tuong_hong_xoan_da_lat_tai_gv_garden\" >V\u00ec sao n\u00ean ch\u1ecdn hoa c\u00e1t t\u01b0\u1eddng h\u1ed3ng xo\u0103n \u0110\u00e0 L\u1ea1t t\u1ea1i GV Garden?<\/a><\/li><\/ul><\/li><\/ul><\/nav><\/div>\n<h2><span class=\"ez-toc-section\" id=\"hoa_cat_tuong_hong_xoan_da_lat_%e2%80%93_ve_dep_diu_dang_tu_cao_nguyen\"><\/span><strong>Hoa C\u00e1t T\u01b0\u1eddng H\u1ed3ng Xo\u0103n \u0110\u00e0 L\u1ea1t \u2013 V\u1ebb \u0110\u1eb9p D\u1ecbu D\u00e0ng T\u1eeb Cao Nguy\u00ean<\/strong><span class=\"ez-toc-section-end\"><\/span><\/h2>\n<h4><span class=\"ez-toc-section\" id=\"gioi_thieu_ve_hoa_cat_tuong_hong_xoan\"><\/span><strong>Gi\u1edbi thi\u1ec7u v\u1ec1 hoa c\u00e1t t\u01b0\u1eddng h\u1ed3ng xo\u0103n<\/strong><span class=\"ez-toc-section-end\"><\/span><\/h4>\n<div>Hoa c\u00e1t t\u01b0\u1eddng h\u1ed3ng xo\u0103n l\u00e0 m\u1ed9t trong nh\u1eefng d\u00f2ng hoa \u0111\u01b0\u1ee3c \u01b0a chu\u1ed9ng nh\u1ea5t t\u1ea1i \u0110\u00e0 L\u1ea1t \u2013 th\u1ee7 ph\u1ee7 hoa c\u1ee7a Vi\u1ec7t Nam. V\u1edbi c\u00e1nh hoa m\u1ec1m m\u1ea1i, x\u1ebfp xo\u0103n quy\u1ebfn r\u0169 c\u00f9ng gam h\u1ed3ng ng\u1ecdt ng\u00e0o, lo\u00e0i hoa n\u00e0y lu\u00f4n chi\u1ebfm tr\u1ecdn tr\u00e1i tim c\u1ee7a nh\u1eefng ng\u01b0\u1eddi y\u00eau c\u00e1i \u0111\u1eb9p nh\u1eb9 nh\u00e0ng v\u00e0 tinh t\u1ebf.<\/div>\n<h3><span class=\"ez-toc-section\" id=\"y_nghia_cua_hoa_cat_tuong_hong_xoan\"><\/span><strong>\u00dd ngh\u0129a c\u1ee7a hoa c\u00e1t t\u01b0\u1eddng h\u1ed3ng xo\u0103n<\/strong><span class=\"ez-toc-section-end\"><\/span><\/h3>\n<h4><span class=\"ez-toc-section\" id=\"bieu_tuong_cua_su_may_man_va_hanh_phuc\"><\/span><strong>Bi\u1ec3u t\u01b0\u1ee3ng c\u1ee7a s\u1ef1 may m\u1eafn v\u00e0 h\u1ea1nh ph\u00fac<\/strong><span class=\"ez-toc-section-end\"><\/span><\/h4>\n<div>T\u00ean g\u1ecdi \u201cc\u00e1t t\u01b0\u1eddng\u201d v\u1ed1n \u0111\u00e3 mang \u00fd ngh\u0129a \u201ct\u1ed1t l\u00e0nh, c\u00e1t l\u1ee3i\u201d, k\u1ebft h\u1ee3p v\u1edbi s\u1eafc h\u1ed3ng \u2013 m\u00e0u c\u1ee7a t\u00ecnh y\u00eau v\u00e0 s\u1ef1 l\u00e3ng m\u1ea1n \u2013 khi\u1ebfn lo\u00e0i hoa n\u00e0y tr\u1edf th\u00e0nh bi\u1ec3u t\u01b0\u1ee3ng c\u1ee7a:<\/div>\n<div><\/div>\n<div>Ni\u1ec1m vui trong cu\u1ed9c s\u1ed1ng.<\/div>\n<div>T\u00ecnh y\u00eau nh\u1eb9 nh\u00e0ng, b\u1ec1n b\u1ec9.<\/div>\n<div>S\u1ef1 kh\u1edfi \u0111\u1ea7u may m\u1eafn, thu\u1eadn l\u1ee3i.<\/div>\n<h4><span class=\"ez-toc-section\" id=\"thong_diep_gui_gam_qua_canh_hoa_xoan_mem_mai\"><\/span><strong>Th\u00f4ng \u0111i\u1ec7p g\u1eedi g\u1eafm qua c\u00e1nh hoa xo\u0103n m\u1ec1m m\u1ea1i<\/strong><span class=\"ez-toc-section-end\"><\/span><\/h4>\n<div>Nh\u1eefng c\u00e1nh hoa xo\u0103n t\u1ef1 nhi\u00ean nh\u01b0 l\u1eddi nh\u1eafn nh\u1ee7 y\u00eau th\u01b0\u01a1ng ch\u00e2n th\u00e0nh v\u00e0 d\u1ecbu d\u00e0ng. \u0110\u00e2y l\u00e0 lo\u00e0i hoa th\u01b0\u1eddng \u0111\u01b0\u1ee3c ch\u1ecdn trong c\u00e1c d\u1ecbp c\u01b0\u1edbi h\u1ecfi, t\u00e2n gia hay l\u1ec5 t\u00ecnh nh\u00e2n nh\u01b0 m\u1ed9t l\u1eddi ch\u00fac an l\u00e0nh v\u00e0 tr\u1ecdn v\u1eb9n.<\/div>\n<h3><span class=\"ez-toc-section\" id=\"dac_diem_cua_hoa_cat_tuong_hong_xoan_da_lat\"><\/span><strong>\u0110\u1eb7c \u0111i\u1ec3m c\u1ee7a hoa c\u00e1t t\u01b0\u1eddng h\u1ed3ng xo\u0103n \u0110\u00e0 L\u1ea1t<\/strong><span class=\"ez-toc-section-end\"><\/span><\/h3>\n<h4><span class=\"ez-toc-section\" id=\"hinh_dang_va_mau_sac\"><\/span><strong>H\u00ecnh d\u00e1ng v\u00e0 m\u00e0u s\u1eafc<\/strong><span class=\"ez-toc-section-end\"><\/span><\/h4>\n<div>C\u00e1nh hoa: X\u1ebfp nhi\u1ec1u l\u1edbp, vi\u1ec1n xo\u0103n t\u1ef1 nhi\u00ean, m\u1ec1m m\u1ea1i nh\u01b0 l\u1ee5a.<\/div>\n<div>M\u00e0u s\u1eafc: H\u1ed3ng ph\u1ea5n, \u0111\u00f4i khi \u00e1nh nh\u1eb9 sang h\u1ed3ng kem, h\u1ed3ng \u0111\u00e0o.<\/div>\n<div>Th\u00e2n c\u00e2y: M\u1ea3nh nh\u01b0ng c\u1ee9ng c\u00e1p, d\u1ec5 c\u1eafm, d\u1ec5 b\u1ea3o qu\u1ea3n.<\/div>\n<div>L\u00e1: Thon d\u00e0i, m\u00e0u xanh nh\u1ea1t, l\u00e0m n\u1ed5i b\u1eadt s\u1eafc hoa.<\/div>\n<h4><span class=\"ez-toc-section\" id=\"dac_diem_sinh_truong\"><\/span><strong>\u0110\u1eb7c \u0111i\u1ec3m sinh tr\u01b0\u1edfng<\/strong><span class=\"ez-toc-section-end\"><\/span><\/h4>\n<div>Hoa c\u00e1t t\u01b0\u1eddng \u0111\u01b0\u1ee3c tr\u1ed3ng ch\u1ee7 y\u1ebfu \u1edf v\u00f9ng c\u00f3 kh\u00ed h\u1eadu m\u00e1t nh\u01b0 \u0110\u00e0 L\u1ea1t.<\/div>\n<div><\/div>\n<div>C\u00e2y c\u00f3 kh\u1ea3 n\u0103ng gi\u1eef hoa l\u00e2u (7\u201310 ng\u00e0y khi c\u1eafm b\u00ecnh), r\u1ea5t th\u00edch h\u1ee3p \u0111\u1ec3 l\u00e0m hoa trang tr\u00ed ho\u1eb7c hoa b\u00f3.<\/div>\n<h3><span class=\"ez-toc-section\" id=\"ung_dung_cua_hoa_cat_tuong_hong_xoan_trong_doi_song\"><\/span><strong>\u1ee8ng d\u1ee5ng c\u1ee7a hoa c\u00e1t t\u01b0\u1eddng h\u1ed3ng xo\u0103n trong \u0111\u1eddi s\u1ed1ng<\/strong><span class=\"ez-toc-section-end\"><\/span><\/h3>\n<h4><span class=\"ez-toc-section\" id=\"trang_tri_su_kien\"><\/span><strong>Trang tr\u00ed s\u1ef1 ki\u1ec7n<\/strong><span class=\"ez-toc-section-end\"><\/span><\/h4>\n<div>D\u00f9ng trong l\u1ec5 c\u01b0\u1edbi, ti\u1ec7c sinh nh\u1eadt, s\u1ef1 ki\u1ec7n khai tr\u01b0\u01a1ng v\u1edbi \u00fd ngh\u0129a ch\u00fac ph\u00fac v\u00e0 may m\u1eafn.<\/div>\n<div><\/div>\n<div>D\u1ec5 k\u1ebft h\u1ee3p c\u00f9ng c\u00e1c lo\u1ea1i hoa kh\u00e1c nh\u01b0 baby, h\u1ed3ng, tulip \u0111\u1ec3 t\u1ea1o n\u00ean t\u1ed5ng th\u1ec3 m\u1ec1m m\u1ea1i v\u00e0 sang tr\u1ecdng.<\/div>\n<h4><span class=\"ez-toc-section\" id=\"lam_qua_tang\"><\/span><strong>L\u00e0m qu\u00e0 t\u1eb7ng<\/strong><span class=\"ez-toc-section-end\"><\/span><\/h4>\n<div>B\u00f3 hoa c\u00e1t t\u01b0\u1eddng h\u1ed3ng xo\u0103n l\u00e0 m\u00f3n qu\u00e0 tinh t\u1ebf d\u00e0nh t\u1eb7ng cho ng\u01b0\u1eddi y\u00eau, m\u1eb9, ch\u1ecb g\u00e1i hay b\u1ea1n b\u00e8 th\u00e2n thi\u1ebft.<\/div>\n<div><\/div>\n<div>Th\u01b0\u1eddng \u0111\u01b0\u1ee3c d\u00f9ng v\u00e0o c\u00e1c d\u1ecbp 8\/3, 20\/10, Valentine, sinh nh\u1eadt\u2026<\/div>\n<h4><span class=\"ez-toc-section\" id=\"ung_dung_phong_thuy\"><\/span><strong> \u1ee8ng d\u1ee5ng phong th\u1ee7y<\/strong><span class=\"ez-toc-section-end\"><\/span><\/h4>\n<div>\u0110\u1eb7t b\u00ecnh hoa c\u00e1t t\u01b0\u1eddng trong ph\u00f2ng kh\u00e1ch gi\u00fap thu h\u00fat n\u0103ng l\u01b0\u1ee3ng t\u00edch c\u1ef1c, mang l\u1ea1i s\u1ef1 b\u00ecnh an, h\u00f2a h\u1ee3p cho gia \u0111\u00ecnh.<\/div>\n<div><\/div>\n<div>M\u00e0u h\u1ed3ng c\u00f2n \u0111\u1ea1i di\u1ec7n cho s\u1ef1 \u1ea5m \u00e1p, nu\u00f4i d\u01b0\u1ee1ng c\u1ea3m x\u00fac v\u00e0 s\u1ef1 s\u00e1ng t\u1ea1o.<\/div>\n<h3><span class=\"ez-toc-section\" id=\"vi_sao_nen_chon_hoa_cat_tuong_hong_xoan_da_lat_tai_gv_garden\"><\/span><strong>V\u00ec sao n\u00ean ch\u1ecdn hoa c\u00e1t t\u01b0\u1eddng h\u1ed3ng xo\u0103n \u0110\u00e0 L\u1ea1t t\u1ea1i GV Garden?<\/strong><span class=\"ez-toc-section-end\"><\/span><\/h3>\n<div>Ch\u1ea5t l\u01b0\u1ee3ng \u1ed5n \u0111\u1ecbnh: Hoa \u0111\u01b0\u1ee3c tr\u1ed3ng v\u00e0 thu ho\u1ea1ch theo ti\u00eau chu\u1ea9n n\u00f4ng nghi\u1ec7p cao c\u1ea5p t\u1ea1i \u0110\u00e0 L\u1ea1t.<\/div>\n<div><\/div>\n<div>\u0110\u1ed9 b\u1ec1n cao: Hoa c\u1eafm b\u00ecnh l\u00e2u t\u00e0n, gi\u1eef m\u00e0u \u0111\u1eb9p t\u1eeb 7\u201310 ng\u00e0y.<\/div>\n<div><\/div>\n<div>Gi\u00e1 c\u1ea3 h\u1ee3p l\u00fd: Ph\u00f9 h\u1ee3p v\u1edbi c\u1ea3 kh\u00e1ch l\u1ebb v\u00e0 kh\u00e1ch s\u1ec9.<\/div>\n<div><\/div>\n<div>T\u01b0 v\u1ea5n t\u1eadn t\u00e2m: \u0110\u1ed9i ng\u0169 h\u1ed7 tr\u1ee3 t\u1eeb ch\u1ecdn gi\u1ed1ng \u0111\u1ebfn l\u00ean \u00fd t\u01b0\u1edfng c\u1eafm hoa.<\/div>\n","protected":false},"excerpt":{"rendered":"<p>Hoa C\u00e1t T\u01b0\u1eddng H\u1ed3ng Xo\u0103n \u0110\u00e0 L\u1ea1t \u2013 V\u1ebb \u0110\u1eb9p D\u1ecbu D\u00e0ng T\u1eeb Cao Nguy\u00ean Gi\u1edbi thi\u1ec7u v\u1ec1 hoa c\u00e1t t\u01b0\u1eddng h\u1ed3ng xo\u0103n Hoa c\u00e1t t\u01b0\u1eddng h\u1ed3ng xo\u0103n l\u00e0 m\u1ed9t trong nh\u1eefng d\u00f2ng hoa \u0111\u01b0\u1ee3c \u01b0a chu\u1ed9ng nh\u1ea5t t\u1ea1i \u0110\u00e0 L\u1ea1t \u2013 th\u1ee7 ph\u1ee7 hoa c\u1ee7a Vi\u1ec7t Nam. V\u1edbi c\u00e1nh hoa m\u1ec1m m\u1ea1i, x\u1ebfp xo\u0103n [&#8230;]\n","protected":false},"featured_media":5828,"comment_status":"open","ping_status":"closed","template":"","meta":[],"product_brand":[],"product_cat":[273,299],"product_tag":[458,459,455,460,457,461,462],"class_list":{"0":"post-5679","1":"product","2":"type-product","3":"status-publish","4":"has-post-thumbnail","6":"product_cat-hoa-noi-dia-viet-nam","7":"product_cat-hoa-la-phu-da-lat","8":"product_tag-cat-tuong-hong-xoan","9":"product_tag-cat-tuong-mau-hong","10":"product_tag-hoa-cat-tuong-da-lat","11":"product_tag-hoa-cat-tuong-dep","12":"product_tag-hoa-cat-tuong-xoan","13":"product_tag-hoa-chuc-may-man","14":"product_tag-hoa-y-nghia","16":"first","17":"instock","18":"shipping-taxable","19":"product-type-simple"},"_links":{"self":[{"href":"https:\/\/gvgarden.asia\/index.php?rest_route=\/wp\/v2\/product\/5679","targetHints":{"allow":["GET"]}}],"collection":[{"href":"https:\/\/gvgarden.asia\/index.php?rest_route=\/wp\/v2\/product"}],"about":[{"href":"https:\/\/gvgarden.asia\/index.php?rest_route=\/wp\/v2\/types\/product"}],"replies":[{"embeddable":true,"href":"https:\/\/gvgarden.asia\/index.php?rest_route=%2Fwp%2Fv2%2Fcomments&post=5679"}],"version-history":[{"count":1,"href":"https:\/\/gvgarden.asia\/index.php?rest_route=\/wp\/v2\/product\/5679\/revisions"}],"predecessor-version":[{"id":5680,"href":"https:\/\/gvgarden.asia\/index.php?rest_route=\/wp\/v2\/product\/5679\/revisions\/5680"}],"wp:featuredmedia":[{"embeddable":true,"href":"https:\/\/gvgarden.asia\/index.php?rest_route=\/wp\/v2\/media\/5828"}],"wp:attachment":[{"href":"https:\/\/gvgarden.asia\/index.php?rest_route=%2Fwp%2Fv2%2Fmedia&parent=5679"}],"wp:term":[{"taxonomy":"product_brand","embeddable":true,"href":"https:\/\/gvgarden.asia\/index.php?rest_route=%2Fwp%2Fv2%2Fproduct_brand&post=5679"},{"taxonomy":"product_cat","embeddable":true,"href":"https:\/\/gvgarden.asia\/index.php?rest_route=%2Fwp%2Fv2%2Fproduct_cat&post=5679"},{"taxonomy":"product_tag","embeddable":true,"href":"https:\/\/gvgarden.asia\/index.php?rest_route=%2Fwp%2Fv2%2Fproduct_tag&post=5679"}],"curies":[{"name":"wp","href":"https:\/\/api.w.org\/{rel}","templated":true}]}}