{"id":5677,"date":"2025-09-06T13:14:27","date_gmt":"2025-09-06T06:14:27","guid":{"rendered":"https:\/\/gvgarden.asia\/?post_type=product&#038;p=5677"},"modified":"2025-09-19T15:31:18","modified_gmt":"2025-09-19T08:31:18","slug":"hoa-cat-tuong-xanh-xoan-da-lat","status":"publish","type":"product","link":"https:\/\/gvgarden.asia\/?product=hoa-cat-tuong-xanh-xoan-da-lat","title":{"rendered":"Hoa C\u00e1t T\u01b0\u1eddng Xanh Xo\u0103n"},"content":{"rendered":"<div id=\"ez-toc-container\" class=\"ez-toc-v2_0_76 counter-hierarchy ez-toc-counter ez-toc-grey ez-toc-container-direction\">\n<div class=\"ez-toc-title-container\">\n<p class=\"ez-toc-title\" style=\"cursor:inherit\">N\u1ed9i Dung B\u00e0i Vi\u1ebft<\/p>\n<span class=\"ez-toc-title-toggle\"><a href=\"#\" class=\"ez-toc-pull-right ez-toc-btn ez-toc-btn-xs ez-toc-btn-default ez-toc-toggle\" aria-label=\"Toggle Table of Content\"><span class=\"ez-toc-js-icon-con\"><span class=\"\"><span class=\"eztoc-hide\" style=\"display:none;\">Toggle<\/span><span class=\"ez-toc-icon-toggle-span\"><svg style=\"fill: #999;color:#999\" xmlns=\"http:\/\/www.w3.org\/2000\/svg\" class=\"list-377408\" width=\"20px\" height=\"20px\" viewBox=\"0 0 24 24\" fill=\"none\"><path d=\"M6 6H4v2h2V6zm14 0H8v2h12V6zM4 11h2v2H4v-2zm16 0H8v2h12v-2zM4 16h2v2H4v-2zm16 0H8v2h12v-2z\" fill=\"currentColor\"><\/path><\/svg><svg style=\"fill: #999;color:#999\" class=\"arrow-unsorted-368013\" xmlns=\"http:\/\/www.w3.org\/2000\/svg\" width=\"10px\" height=\"10px\" viewBox=\"0 0 24 24\" version=\"1.2\" baseProfile=\"tiny\"><path d=\"M18.2 9.3l-6.2-6.3-6.2 6.3c-.2.2-.3.4-.3.7s.1.5.3.7c.2.2.4.3.7.3h11c.3 0 .5-.1.7-.3.2-.2.3-.5.3-.7s-.1-.5-.3-.7zM5.8 14.7l6.2 6.3 6.2-6.3c.2-.2.3-.5.3-.7s-.1-.5-.3-.7c-.2-.2-.4-.3-.7-.3h-11c-.3 0-.5.1-.7.3-.2.2-.3.5-.3.7s.1.5.3.7z\"\/><\/svg><\/span><\/span><\/span><\/a><\/span><\/div>\n<nav><ul class='ez-toc-list ez-toc-list-level-1 eztoc-toggle-hide-by-default' ><li class='ez-toc-page-1 ez-toc-heading-level-2'><a class=\"ez-toc-link ez-toc-heading-1\" href=\"https:\/\/gvgarden.asia\/?product=hoa-cat-tuong-xanh-xoan-da-lat\/#hoa_cat_tuong_xanh_xoan_da_lat_%e2%80%93_su_thanh_nha_vuot_thoi_gian\" >Hoa C\u00e1t T\u01b0\u1eddng Xanh Xo\u0103n \u0110\u00e0 L\u1ea1t \u2013 S\u1ef1 Thanh Nh\u00e3 V\u01b0\u1ee3t Th\u1eddi Gian<\/a><ul class='ez-toc-list-level-3' ><li class='ez-toc-heading-level-3'><a class=\"ez-toc-link ez-toc-heading-2\" href=\"https:\/\/gvgarden.asia\/?product=hoa-cat-tuong-xanh-xoan-da-lat\/#gioi_thieu_chung_ve_hoa_cat_tuong_xanh_xoan\" >Gi\u1edbi thi\u1ec7u chung v\u1ec1 hoa c\u00e1t t\u01b0\u1eddng xanh xo\u0103n<\/a><\/li><li class='ez-toc-page-1 ez-toc-heading-level-3'><a class=\"ez-toc-link ez-toc-heading-3\" href=\"https:\/\/gvgarden.asia\/?product=hoa-cat-tuong-xanh-xoan-da-lat\/#y_nghia_cua_hoa_cat_tuong_xanh_xoan\" >\u00dd ngh\u0129a c\u1ee7a hoa c\u00e1t t\u01b0\u1eddng xanh xo\u0103n<\/a><\/li><li class='ez-toc-page-1 ez-toc-heading-level-3'><a class=\"ez-toc-link ez-toc-heading-4\" href=\"https:\/\/gvgarden.asia\/?product=hoa-cat-tuong-xanh-xoan-da-lat\/#dac_diem_noi_bat_cua_hoa_cat_tuong_xanh_xoan_da_lat\" >\u0110\u1eb7c \u0111i\u1ec3m n\u1ed5i b\u1eadt c\u1ee7a hoa c\u00e1t t\u01b0\u1eddng xanh xo\u0103n \u0110\u00e0 L\u1ea1t<\/a><ul class='ez-toc-list-level-4' ><li class='ez-toc-heading-level-4'><a class=\"ez-toc-link ez-toc-heading-5\" href=\"https:\/\/gvgarden.asia\/?product=hoa-cat-tuong-xanh-xoan-da-lat\/#hinh_dang_va_mau_sac\" >H\u00ecnh d\u00e1ng v\u00e0 m\u00e0u s\u1eafc<\/a><\/li><li class='ez-toc-page-1 ez-toc-heading-level-4'><a class=\"ez-toc-link ez-toc-heading-6\" href=\"https:\/\/gvgarden.asia\/?product=hoa-cat-tuong-xanh-xoan-da-lat\/#do_ben_va_kha_nang_giu_form\" >\u0110\u1ed9 b\u1ec1n v\u00e0 kh\u1ea3 n\u0103ng gi\u1eef form<\/a><\/li><li class='ez-toc-page-1 ez-toc-heading-level-4'><a class=\"ez-toc-link ez-toc-heading-7\" href=\"https:\/\/gvgarden.asia\/?product=hoa-cat-tuong-xanh-xoan-da-lat\/#mua_vu_va_nguon_goc\" >M\u00f9a v\u1ee5 v\u00e0 ngu\u1ed3n g\u1ed1c<\/a><\/li><\/ul><\/li><li class='ez-toc-page-1 ez-toc-heading-level-3'><a class=\"ez-toc-link ez-toc-heading-8\" href=\"https:\/\/gvgarden.asia\/?product=hoa-cat-tuong-xanh-xoan-da-lat\/#ung_dung_cua_hoa_cat_tuong_xanh_xoan_trong_doi_song\" >\u1ee8ng d\u1ee5ng c\u1ee7a hoa c\u00e1t t\u01b0\u1eddng xanh xo\u0103n trong \u0111\u1eddi s\u1ed1ng<\/a><ul class='ez-toc-list-level-4' ><li class='ez-toc-heading-level-4'><a class=\"ez-toc-link ez-toc-heading-9\" href=\"https:\/\/gvgarden.asia\/?product=hoa-cat-tuong-xanh-xoan-da-lat\/#trang_tri_su_kien_tiec_cuoi\" >Trang tr\u00ed s\u1ef1 ki\u1ec7n, ti\u1ec7c c\u01b0\u1edbi<\/a><\/li><li class='ez-toc-page-1 ez-toc-heading-level-4'><a class=\"ez-toc-link ez-toc-heading-10\" href=\"https:\/\/gvgarden.asia\/?product=hoa-cat-tuong-xanh-xoan-da-lat\/#lam_hoa_bo_hoa_gio_cao_cap\" >L\u00e0m hoa b\u00f3, hoa gi\u1ecf cao c\u1ea5p<\/a><\/li><li class='ez-toc-page-1 ez-toc-heading-level-4'><a class=\"ez-toc-link ez-toc-heading-11\" href=\"https:\/\/gvgarden.asia\/?product=hoa-cat-tuong-xanh-xoan-da-lat\/#chung_trong_binh_%e2%80%93_decor_nha_cua\" >Ch\u01b0ng trong b\u00ecnh \u2013 decor nh\u00e0 c\u1eeda<\/a><\/li><\/ul><\/li><li class='ez-toc-page-1 ez-toc-heading-level-3'><a class=\"ez-toc-link ez-toc-heading-12\" href=\"https:\/\/gvgarden.asia\/?product=hoa-cat-tuong-xanh-xoan-da-lat\/#ket_luan\" >K\u1ebft lu\u1eadn<\/a><\/li><\/ul><\/li><\/ul><\/nav><\/div>\n<h2><span class=\"ez-toc-section\" id=\"hoa_cat_tuong_xanh_xoan_da_lat_%e2%80%93_su_thanh_nha_vuot_thoi_gian\"><\/span><strong>Hoa C\u00e1t T\u01b0\u1eddng Xanh Xo\u0103n \u0110\u00e0 L\u1ea1t \u2013 S\u1ef1 Thanh Nh\u00e3 V\u01b0\u1ee3t Th\u1eddi Gian<\/strong><span class=\"ez-toc-section-end\"><\/span><\/h2>\n<h3><span class=\"ez-toc-section\" id=\"gioi_thieu_chung_ve_hoa_cat_tuong_xanh_xoan\"><\/span><strong>Gi\u1edbi thi\u1ec7u chung v\u1ec1 hoa c\u00e1t t\u01b0\u1eddng xanh xo\u0103n<\/strong><span class=\"ez-toc-section-end\"><\/span><\/h3>\n<div>Hoa c\u00e1t t\u01b0\u1eddng xanh xo\u0103n l\u00e0 m\u1ed9t trong nh\u1eefng gi\u1ed1ng hoa \u0111\u1ed9c \u0111\u00e1o v\u00e0 \u0111\u01b0\u1ee3c \u01b0a chu\u1ed9ng nh\u1ea5t t\u1ea1i \u0110\u00e0 L\u1ea1t \u2013 v\u00f9ng \u0111\u1ea5t c\u1ee7a mu\u00f4n v\u00e0n lo\u00e0i hoa r\u1ef1c r\u1ee1. V\u1edbi m\u00e0u xanh l\u00e1 m\u01b0\u1edbt m\u1eaft, c\u00e1nh xo\u0103n m\u1ec1m m\u1ea1i v\u00e0 \u0111\u1ed9 b\u1ec1n l\u00e2u, hoa mang \u0111\u1ebfn v\u1ebb \u0111\u1eb9p m\u1edbi l\u1ea1, thanh khi\u1ebft, r\u1ea5t ph\u00f9 h\u1ee3p \u0111\u1ec3 trang tr\u00ed s\u1ef1 ki\u1ec7n, l\u00e0m hoa b\u00f3 ho\u1eb7c hoa ch\u01b0ng trong nh\u00e0.<\/div>\n<div><\/div>\n<div>Gi\u1ed1ng hoa n\u00e0y hi\u1ec7n \u0111\u01b0\u1ee3c tr\u1ed3ng ph\u1ed5 bi\u1ebfn t\u1ea1i c\u00e1c n\u00f4ng tr\u1ea1i hoa \u1edf \u0110\u00e0 L\u1ea1t, n\u01a1i c\u00f3 kh\u00ed h\u1eadu m\u00e1t m\u1ebb quanh n\u0103m v\u00e0 \u0111\u1ea5t tr\u1ed3ng m\u00e0u m\u1ee1, gi\u00fap hoa ph\u00e1t tri\u1ec3n \u0111\u1ec1u, chu\u1ea9n form v\u00e0 c\u00f3 m\u00e0u s\u1eafc r\u1ea5t \u0111\u1eb9p.<\/div>\n<h3><span class=\"ez-toc-section\" id=\"y_nghia_cua_hoa_cat_tuong_xanh_xoan\"><\/span><strong>\u00dd ngh\u0129a c\u1ee7a hoa c\u00e1t t\u01b0\u1eddng xanh xo\u0103n<\/strong><span class=\"ez-toc-section-end\"><\/span><\/h3>\n<div>Kh\u00e1c v\u1edbi nhi\u1ec1u lo\u00e0i hoa mang gam m\u00e0u s\u1eb7c s\u1ee1, hoa c\u00e1t t\u01b0\u1eddng xanh xo\u0103n mang s\u1eafc xanh m\u00e1t d\u1ecbu, t\u01b0\u1ee3ng tr\u01b0ng cho s\u1ef1 kh\u1edfi \u0111\u1ea7u m\u1edbi, s\u1ef1 may m\u1eafn v\u00e0 t\u00e0i l\u1ed9c.<\/div>\n<div><\/div>\n<div>Trong t\u00ecnh y\u00eau, hoa bi\u1ec3u th\u1ecb s\u1ef1 d\u1ecbu d\u00e0ng, nh\u1eb9 nh\u00e0ng v\u00e0 l\u00f2ng th\u1ee7y chung.<\/div>\n<div><\/div>\n<div>Trong phong th\u1ee7y, m\u00e0u xanh l\u00e1 \u0111\u1ea1i di\u1ec7n cho s\u1ef1 s\u1ed1ng, s\u1ef1 ph\u00e1t tri\u1ec3n, r\u1ea5t ph\u00f9 h\u1ee3p \u0111\u1ec3 t\u1eb7ng v\u00e0o d\u1ecbp khai tr\u01b0\u01a1ng, l\u1ec5 t\u1ebft hay nh\u1eefng c\u1ed9t m\u1ed1c m\u1edbi trong cu\u1ed9c \u0111\u1eddi.<\/div>\n<div><\/div>\n<div>Trong ngh\u1ec7 thu\u1eadt, hoa c\u00e1t t\u01b0\u1eddng xanh xo\u0103n th\u01b0\u1eddng \u0111\u01b0\u1ee3c s\u1eed d\u1ee5ng \u0111\u1ec3 t\u1ea1o \u0111i\u1ec3m nh\u1ea5n trong c\u00e1c b\u00f3 hoa c\u01b0\u1edbi, hoa ch\u00fac m\u1eebng, hoa decor ti\u1ec7c c\u01b0\u1edbi\u2026<\/div>\n<h3><span class=\"ez-toc-section\" id=\"dac_diem_noi_bat_cua_hoa_cat_tuong_xanh_xoan_da_lat\"><\/span><strong>\u0110\u1eb7c \u0111i\u1ec3m n\u1ed5i b\u1eadt c\u1ee7a hoa c\u00e1t t\u01b0\u1eddng xanh xo\u0103n \u0110\u00e0 L\u1ea1t<\/strong><span class=\"ez-toc-section-end\"><\/span><\/h3>\n<h4><span class=\"ez-toc-section\" id=\"hinh_dang_va_mau_sac\"><\/span><strong>H\u00ecnh d\u00e1ng v\u00e0 m\u00e0u s\u1eafc<\/strong><span class=\"ez-toc-section-end\"><\/span><\/h4>\n<div>C\u00e1nh hoa xo\u0103n nh\u1eb9, t\u1ea1o th\u00e0nh c\u00e1c l\u1edbp cu\u1ed9n tr\u00f2n m\u1ec1m m\u1ea1i, \u0111\u1ea7y \u0111\u1eb7n nh\u01b0 c\u00e1nh h\u1ed3ng nh\u01b0ng mang n\u00e9t m\u1ea3nh mai h\u01a1n.<\/div>\n<div><\/div>\n<div>M\u00e0u xanh non s\u00e1ng, v\u1eeba tinh t\u1ebf v\u1eeba n\u1ed5i b\u1eadt trong m\u1ecdi ki\u1ec3u ph\u1ed1i hoa.<\/div>\n<h4><span class=\"ez-toc-section\" id=\"do_ben_va_kha_nang_giu_form\"><\/span><strong>\u0110\u1ed9 b\u1ec1n v\u00e0 kh\u1ea3 n\u0103ng gi\u1eef form<\/strong><span class=\"ez-toc-section-end\"><\/span><\/h4>\n<div>Hoa c\u00f3 \u0111\u1ed9 b\u1ec1n cao, th\u01b0\u1eddng t\u01b0\u01a1i t\u1eeb 7-10 ng\u00e0y n\u1ebfu \u0111\u01b0\u1ee3c b\u1ea3o qu\u1ea3n t\u1ed1t.<\/div>\n<div><\/div>\n<div>Khi bung n\u1edf, hoa v\u1eabn gi\u1eef \u0111\u01b0\u1ee3c form xo\u0103n \u0111\u1ec1u, kh\u00f4ng b\u1ecb x\u1ed5 c\u00e1nh hay m\u1ea5t d\u00e1ng nh\u01b0 m\u1ed9t s\u1ed1 lo\u1ea1i hoa kh\u00e1c.<\/div>\n<h4><span class=\"ez-toc-section\" id=\"mua_vu_va_nguon_goc\"><\/span><strong>M\u00f9a v\u1ee5 v\u00e0 ngu\u1ed3n g\u1ed1c<\/strong><span class=\"ez-toc-section-end\"><\/span><\/h4>\n<div>C\u00e1t t\u01b0\u1eddng xanh xo\u0103n c\u00f3 th\u1ec3 tr\u1ed3ng quanh n\u0103m t\u1ea1i \u0110\u00e0 L\u1ea1t, nh\u01b0ng m\u00f9a v\u1ee5 \u0111\u1eb9p nh\u1ea5t th\u01b0\u1eddng v\u00e0o th\u00e1ng 10 \u0111\u1ebfn th\u00e1ng 3.<\/div>\n<div><\/div>\n<div>Ngu\u1ed3n g\u1ed1c gi\u1ed1ng hoa c\u00f3 th\u1ec3 \u0111\u1ebfn t\u1eeb c\u00e1c d\u00f2ng lai t\u1ea1o nh\u1eadp kh\u1ea9u, sau \u0111\u00f3 \u0111\u01b0\u1ee3c nh\u00e2n gi\u1ed1ng v\u00e0 canh t\u00e1c ph\u00f9 h\u1ee3p v\u1edbi kh\u00ed h\u1eadu \u0110\u00e0 L\u1ea1t.<\/div>\n<h3><span class=\"ez-toc-section\" id=\"ung_dung_cua_hoa_cat_tuong_xanh_xoan_trong_doi_song\"><\/span><strong>\u1ee8ng d\u1ee5ng c\u1ee7a hoa c\u00e1t t\u01b0\u1eddng xanh xo\u0103n trong \u0111\u1eddi s\u1ed1ng<\/strong><span class=\"ez-toc-section-end\"><\/span><\/h3>\n<h4><span class=\"ez-toc-section\" id=\"trang_tri_su_kien_tiec_cuoi\"><\/span><strong>Trang tr\u00ed s\u1ef1 ki\u1ec7n, ti\u1ec7c c\u01b0\u1edbi<\/strong><span class=\"ez-toc-section-end\"><\/span><\/h4>\n<div>Hoa c\u00e1t t\u01b0\u1eddng xanh xo\u0103n l\u00e0 l\u1ef1a ch\u1ecdn ho\u00e0n h\u1ea3o \u0111\u1ec3 l\u00e0m hoa trang tr\u00ed cho c\u00e1c bu\u1ed5i ti\u1ec7c c\u01b0\u1edbi, khai tr\u01b0\u01a1ng, sinh nh\u1eadt\u2026 nh\u1edd v\u00e0o m\u00e0u s\u1eafc trang nh\u00e3, hi\u1ec7n \u0111\u1ea1i v\u00e0 form hoa tinh t\u1ebf.<\/div>\n<h4><span class=\"ez-toc-section\" id=\"lam_hoa_bo_hoa_gio_cao_cap\"><\/span><strong> L\u00e0m hoa b\u00f3, hoa gi\u1ecf cao c\u1ea5p<\/strong><span class=\"ez-toc-section-end\"><\/span><\/h4>\n<div>C\u00e1t t\u01b0\u1eddng xanh xo\u0103n th\u01b0\u1eddng \u0111\u01b0\u1ee3c k\u1ebft h\u1ee3p c\u00f9ng c\u00e1c lo\u1ea1i hoa nh\u1eadp kh\u1ea9u nh\u01b0 h\u1ed3ng Ecuador, m\u1eabu \u0111\u01a1n, \u0111\u1ed3ng ti\u1ec1n\u2026 \u0111\u1ec3 t\u1ea1o n\u00ean c\u00e1c b\u00f3 hoa, gi\u1ecf hoa t\u1eb7ng mang \u0111\u1eadm t\u00ednh ngh\u1ec7 thu\u1eadt.<\/div>\n<h4><span class=\"ez-toc-section\" id=\"chung_trong_binh_%e2%80%93_decor_nha_cua\"><\/span><strong>Ch\u01b0ng trong b\u00ecnh \u2013 decor nh\u00e0 c\u1eeda<\/strong><span class=\"ez-toc-section-end\"><\/span><\/h4>\n<div>M\u00e0u xanh l\u00e1 t\u01b0\u1ee3ng tr\u01b0ng cho s\u1ef1 th\u01b0 gi\u00e3n v\u00e0 c\u00e2n b\u1eb1ng, do \u0111\u00f3 nhi\u1ec1u gia \u0111\u00ecnh ch\u1ecdn c\u00e1t t\u01b0\u1eddng xanh \u0111\u1ec3 c\u1eafm trong b\u00ecnh, gi\u00fap kh\u00f4ng gian s\u1ed1ng tr\u1edf n\u00ean trong l\u00e0nh, nh\u1eb9 nh\u00e0ng v\u00e0 tr\u00e0n \u0111\u1ea7y n\u0103ng l\u01b0\u1ee3ng t\u00edch c\u1ef1c.<\/div>\n<h3><span class=\"ez-toc-section\" id=\"ket_luan\"><\/span><strong>K\u1ebft lu\u1eadn<\/strong><span class=\"ez-toc-section-end\"><\/span><\/h3>\n<div>V\u1edbi v\u1ebb \u0111\u1eb9p nh\u1eb9 nh\u00e0ng, \u0111\u1ed9c \u0111\u00e1o v\u00e0 gi\u00e1 tr\u1ecb phong th\u1ee7y cao, hoa c\u00e1t t\u01b0\u1eddng xanh xo\u0103n \u0110\u00e0 L\u1ea1t kh\u00f4ng ch\u1ec9 l\u00e0 m\u1ed9t lo\u00e0i hoa \u0111\u1ec3 ng\u1eafm nh\u00ecn m\u00e0 c\u00f2n l\u00e0 m\u00f3n qu\u00e0 \u00fd ngh\u0129a trong nhi\u1ec1u d\u1ecbp \u0111\u1eb7c bi\u1ec7t. N\u1ebfu b\u1ea1n \u0111ang t\u00ecm m\u1ed9t lo\u1ea1i hoa th\u1ec3 hi\u1ec7n s\u1ef1 may m\u1eafn, hy v\u1ecdng v\u00e0 kh\u1edfi \u0111\u1ea7u t\u01b0\u01a1i m\u1edbi, th\u00ec \u0111\u00e2y ch\u00ednh l\u00e0 l\u1ef1a ch\u1ecdn l\u00fd t\u01b0\u1edfng.<\/div>\n<div><\/div>\n","protected":false},"excerpt":{"rendered":"<p>Hoa C\u00e1t T\u01b0\u1eddng Xanh Xo\u0103n \u0110\u00e0 L\u1ea1t \u2013 S\u1ef1 Thanh Nh\u00e3 V\u01b0\u1ee3t Th\u1eddi Gian Gi\u1edbi thi\u1ec7u chung v\u1ec1 hoa c\u00e1t t\u01b0\u1eddng xanh xo\u0103n Hoa c\u00e1t t\u01b0\u1eddng xanh xo\u0103n l\u00e0 m\u1ed9t trong nh\u1eefng gi\u1ed1ng hoa \u0111\u1ed9c \u0111\u00e1o v\u00e0 \u0111\u01b0\u1ee3c \u01b0a chu\u1ed9ng nh\u1ea5t t\u1ea1i \u0110\u00e0 L\u1ea1t \u2013 v\u00f9ng \u0111\u1ea5t c\u1ee7a mu\u00f4n v\u00e0n lo\u00e0i hoa r\u1ef1c r\u1ee1. V\u1edbi [&#8230;]\n","protected":false},"featured_media":5831,"comment_status":"open","ping_status":"closed","template":"","meta":[],"product_brand":[],"product_cat":[273,299],"product_tag":[456,455,457],"class_list":{"0":"post-5677","1":"product","2":"type-product","3":"status-publish","4":"has-post-thumbnail","6":"product_cat-hoa-noi-dia-viet-nam","7":"product_cat-hoa-la-phu-da-lat","8":"product_tag-cat-tuong-mau-xanh","9":"product_tag-hoa-cat-tuong-da-lat","10":"product_tag-hoa-cat-tuong-xoan","12":"first","13":"instock","14":"shipping-taxable","15":"product-type-simple"},"_links":{"self":[{"href":"https:\/\/gvgarden.asia\/index.php?rest_route=\/wp\/v2\/product\/5677","targetHints":{"allow":["GET"]}}],"collection":[{"href":"https:\/\/gvgarden.asia\/index.php?rest_route=\/wp\/v2\/product"}],"about":[{"href":"https:\/\/gvgarden.asia\/index.php?rest_route=\/wp\/v2\/types\/product"}],"replies":[{"embeddable":true,"href":"https:\/\/gvgarden.asia\/index.php?rest_route=%2Fwp%2Fv2%2Fcomments&post=5677"}],"version-history":[{"count":1,"href":"https:\/\/gvgarden.asia\/index.php?rest_route=\/wp\/v2\/product\/5677\/revisions"}],"predecessor-version":[{"id":5678,"href":"https:\/\/gvgarden.asia\/index.php?rest_route=\/wp\/v2\/product\/5677\/revisions\/5678"}],"wp:featuredmedia":[{"embeddable":true,"href":"https:\/\/gvgarden.asia\/index.php?rest_route=\/wp\/v2\/media\/5831"}],"wp:attachment":[{"href":"https:\/\/gvgarden.asia\/index.php?rest_route=%2Fwp%2Fv2%2Fmedia&parent=5677"}],"wp:term":[{"taxonomy":"product_brand","embeddable":true,"href":"https:\/\/gvgarden.asia\/index.php?rest_route=%2Fwp%2Fv2%2Fproduct_brand&post=5677"},{"taxonomy":"product_cat","embeddable":true,"href":"https:\/\/gvgarden.asia\/index.php?rest_route=%2Fwp%2Fv2%2Fproduct_cat&post=5677"},{"taxonomy":"product_tag","embeddable":true,"href":"https:\/\/gvgarden.asia\/index.php?rest_route=%2Fwp%2Fv2%2Fproduct_tag&post=5677"}],"curies":[{"name":"wp","href":"https:\/\/api.w.org\/{rel}","templated":true}]}}