{"id":5669,"date":"2025-09-06T12:59:21","date_gmt":"2025-09-06T05:59:21","guid":{"rendered":"https:\/\/gvgarden.asia\/?post_type=product&#038;p=5669"},"modified":"2025-09-15T17:03:05","modified_gmt":"2025-09-15T10:03:05","slug":"hoa-hong-vang-helen-da-lat","status":"publish","type":"product","link":"https:\/\/gvgarden.asia\/?product=hoa-hong-vang-helen-da-lat","title":{"rendered":"Hoa H\u1ed3ng V\u00e0ng Helen"},"content":{"rendered":"<div id=\"ez-toc-container\" class=\"ez-toc-v2_0_76 counter-hierarchy ez-toc-counter ez-toc-grey ez-toc-container-direction\">\n<div class=\"ez-toc-title-container\">\n<p class=\"ez-toc-title\" style=\"cursor:inherit\">N\u1ed9i Dung B\u00e0i Vi\u1ebft<\/p>\n<span class=\"ez-toc-title-toggle\"><a href=\"#\" class=\"ez-toc-pull-right ez-toc-btn ez-toc-btn-xs ez-toc-btn-default ez-toc-toggle\" aria-label=\"Toggle Table of Content\"><span class=\"ez-toc-js-icon-con\"><span class=\"\"><span class=\"eztoc-hide\" style=\"display:none;\">Toggle<\/span><span class=\"ez-toc-icon-toggle-span\"><svg style=\"fill: #999;color:#999\" xmlns=\"http:\/\/www.w3.org\/2000\/svg\" class=\"list-377408\" width=\"20px\" height=\"20px\" viewBox=\"0 0 24 24\" fill=\"none\"><path d=\"M6 6H4v2h2V6zm14 0H8v2h12V6zM4 11h2v2H4v-2zm16 0H8v2h12v-2zM4 16h2v2H4v-2zm16 0H8v2h12v-2z\" fill=\"currentColor\"><\/path><\/svg><svg style=\"fill: #999;color:#999\" class=\"arrow-unsorted-368013\" xmlns=\"http:\/\/www.w3.org\/2000\/svg\" width=\"10px\" height=\"10px\" viewBox=\"0 0 24 24\" version=\"1.2\" baseProfile=\"tiny\"><path d=\"M18.2 9.3l-6.2-6.3-6.2 6.3c-.2.2-.3.4-.3.7s.1.5.3.7c.2.2.4.3.7.3h11c.3 0 .5-.1.7-.3.2-.2.3-.5.3-.7s-.1-.5-.3-.7zM5.8 14.7l6.2 6.3 6.2-6.3c.2-.2.3-.5.3-.7s-.1-.5-.3-.7c-.2-.2-.4-.3-.7-.3h-11c-.3 0-.5.1-.7.3-.2.2-.3.5-.3.7s.1.5.3.7z\"\/><\/svg><\/span><\/span><\/span><\/a><\/span><\/div>\n<nav><ul class='ez-toc-list ez-toc-list-level-1 eztoc-toggle-hide-by-default' ><li class='ez-toc-page-1 ez-toc-heading-level-2'><a class=\"ez-toc-link ez-toc-heading-1\" href=\"https:\/\/gvgarden.asia\/?product=hoa-hong-vang-helen-da-lat\/#hoa_hong_vang_helen_da_lat_%e2%80%93_sac_vang_ruc_ro_day_trang_suc\" >Hoa H\u1ed3ng V\u00e0ng Helen \u0110\u00e0 L\u1ea1t \u2013 S\u1eafc V\u00e0ng R\u1ef1c R\u1ee1 \u0110\u1ea7y Trang S\u1ee9c<\/a><ul class='ez-toc-list-level-3' ><li class='ez-toc-heading-level-3'><a class=\"ez-toc-link ez-toc-heading-2\" href=\"https:\/\/gvgarden.asia\/?product=hoa-hong-vang-helen-da-lat\/#gioi_thieu_ve_hoa_hong_vang_helen_da_lat\" >Gi\u1edbi thi\u1ec7u v\u1ec1 hoa h\u1ed3ng v\u00e0ng Helen \u0110\u00e0 L\u1ea1t<\/a><\/li><li class='ez-toc-page-1 ez-toc-heading-level-3'><a class=\"ez-toc-link ez-toc-heading-3\" href=\"https:\/\/gvgarden.asia\/?product=hoa-hong-vang-helen-da-lat\/#y_nghia_cua_hoa_hong_vang_helen\" >\u00dd ngh\u0129a c\u1ee7a hoa h\u1ed3ng v\u00e0ng Helen<\/a><ul class='ez-toc-list-level-4' ><li class='ez-toc-heading-level-4'><a class=\"ez-toc-link ez-toc-heading-4\" href=\"https:\/\/gvgarden.asia\/?product=hoa-hong-vang-helen-da-lat\/#bieu_tuong_cua_tinh_ban_su_am_ap_va_niem_vui\" >Bi\u1ec3u t\u01b0\u1ee3ng c\u1ee7a t\u00ecnh b\u1ea1n, s\u1ef1 \u1ea5m \u00e1p v\u00e0 ni\u1ec1m vui<\/a><\/li><li class='ez-toc-page-1 ez-toc-heading-level-4'><a class=\"ez-toc-link ez-toc-heading-5\" href=\"https:\/\/gvgarden.asia\/?product=hoa-hong-vang-helen-da-lat\/#mau_vang_trong_phong_thuy_%e2%80%93_hut_tai_loc_thinh_vuong_khi\" >M\u00e0u v\u00e0ng trong phong th\u1ee7y \u2013 H\u00fat t\u00e0i l\u1ed9c, th\u1ecbnh v\u01b0\u1ee3ng kh\u00ed<\/a><\/li><\/ul><\/li><li class='ez-toc-page-1 ez-toc-heading-level-3'><a class=\"ez-toc-link ez-toc-heading-6\" href=\"https:\/\/gvgarden.asia\/?product=hoa-hong-vang-helen-da-lat\/#dac_diem_noi_bat_cua_hoa_hong_vang_helen_da_lat\" >\u0110\u1eb7c \u0111i\u1ec3m n\u1ed5i b\u1eadt c\u1ee7a hoa h\u1ed3ng v\u00e0ng Helen \u0110\u00e0 L\u1ea1t<\/a><ul class='ez-toc-list-level-4' ><li class='ez-toc-heading-level-4'><a class=\"ez-toc-link ez-toc-heading-7\" href=\"https:\/\/gvgarden.asia\/?product=hoa-hong-vang-helen-da-lat\/#mau_sac_vang_tuoi_ruc_ro\" >M\u00e0u s\u1eafc v\u00e0ng t\u01b0\u01a1i r\u1ef1c r\u1ee1<\/a><\/li><li class='ez-toc-page-1 ez-toc-heading-level-4'><a class=\"ez-toc-link ez-toc-heading-8\" href=\"https:\/\/gvgarden.asia\/?product=hoa-hong-vang-helen-da-lat\/#dang_xoay_tron_%e2%80%93_canh_hoa_day_no_deu\" >D\u1ea1ng xo\u00e1y tr\u00f2n \u2013 c\u00e1nh hoa d\u00e0y, n\u1edf \u0111\u1ec1u<\/a><\/li><li class='ez-toc-page-1 ez-toc-heading-level-4'><a class=\"ez-toc-link ez-toc-heading-9\" href=\"https:\/\/gvgarden.asia\/?product=hoa-hong-vang-helen-da-lat\/#do_ben_cao_%e2%80%93_len_den_7_ngay\" >\u0110\u1ed9 b\u1ec1n cao \u2013 l\u00ean \u0111\u1ebfn 7 ng\u00e0y<\/a><\/li><\/ul><\/li><li class='ez-toc-page-1 ez-toc-heading-level-3'><a class=\"ez-toc-link ez-toc-heading-10\" href=\"https:\/\/gvgarden.asia\/?product=hoa-hong-vang-helen-da-lat\/#ung_dung_cua_hoa_hong_vang_helen_trong_doi_song\" >\u1ee8ng d\u1ee5ng c\u1ee7a hoa h\u1ed3ng v\u00e0ng Helen trong \u0111\u1eddi s\u1ed1ng<\/a><ul class='ez-toc-list-level-4' ><li class='ez-toc-heading-level-4'><a class=\"ez-toc-link ez-toc-heading-11\" href=\"https:\/\/gvgarden.asia\/?product=hoa-hong-vang-helen-da-lat\/#lam_bo_hoa_%e2%80%93_qua_tang_dac_biet\" >L\u00e0m b\u00f3 hoa \u2013 qu\u00e0 t\u1eb7ng \u0111\u1eb7c bi\u1ec7t<\/a><\/li><li class='ez-toc-page-1 ez-toc-heading-level-4'><a class=\"ez-toc-link ez-toc-heading-12\" href=\"https:\/\/gvgarden.asia\/?product=hoa-hong-vang-helen-da-lat\/#plug_in_trang_tri_khong_gian\" >Plug in trang tr\u00ed kh\u00f4ng gian<\/a><\/li><li class='ez-toc-page-1 ez-toc-heading-level-4'><a class=\"ez-toc-link ez-toc-heading-13\" href=\"https:\/\/gvgarden.asia\/?product=hoa-hong-vang-helen-da-lat\/#trang_tri_tiec_%e2%80%93_su_kien_%e2%80%93_le_cuoi\" >Trang tr\u00ed ti\u1ec7c \u2013 s\u1ef1 ki\u1ec7n \u2013 l\u1ec5 c\u01b0\u1edbi<\/a><\/li><\/ul><\/li><li class='ez-toc-page-1 ez-toc-heading-level-3'><a class=\"ez-toc-link ez-toc-heading-14\" href=\"https:\/\/gvgarden.asia\/?product=hoa-hong-vang-helen-da-lat\/#mua_hoa_hong_vang_helen_da_lat_chat_luong_tai_gv_garden\" >Mua hoa h\u1ed3ng v\u00e0ng Helen \u0110\u00e0 L\u1ea1t ch\u1ea5t l\u01b0\u1ee3ng t\u1ea1i GV Garden<\/a><\/li><\/ul><\/li><\/ul><\/nav><\/div>\n<h2><span class=\"ez-toc-section\" id=\"hoa_hong_vang_helen_da_lat_%e2%80%93_sac_vang_ruc_ro_day_trang_suc\"><\/span><strong><span dir=\"auto\" style=\"vertical-align: inherit;\"><span dir=\"auto\" style=\"vertical-align: inherit;\">Hoa H\u1ed3ng V\u00e0ng Helen \u0110\u00e0 L\u1ea1t \u2013 S\u1eafc V\u00e0ng R\u1ef1c R\u1ee1 \u0110\u1ea7y Trang S\u1ee9c<\/span><\/span><\/strong><span class=\"ez-toc-section-end\"><\/span><\/h2>\n<h3><span class=\"ez-toc-section\" id=\"gioi_thieu_ve_hoa_hong_vang_helen_da_lat\"><\/span><strong><span dir=\"auto\" style=\"vertical-align: inherit;\"><span dir=\"auto\" style=\"vertical-align: inherit;\">Gi\u1edbi thi\u1ec7u v\u1ec1 hoa h\u1ed3ng v\u00e0ng Helen \u0110\u00e0 L\u1ea1t<\/span><\/span><\/strong><span class=\"ez-toc-section-end\"><\/span><\/h3>\n<div><span dir=\"auto\" style=\"vertical-align: inherit;\"><span dir=\"auto\" style=\"vertical-align: inherit;\">Trong s\u1ed1 nh\u1eefng gi\u1ed1ng hoa h\u1ed3ng n\u1ed5i b\u1eadt t\u1ea1i \u0110\u00e0 L\u1ea1t, hoa h\u1ed3ng v\u00e0ng Helen lu\u00f4n l\u00e0 m\u1ed9t trong nh\u1eefng c\u00e1i t\u00ean g\u00e2y \u1ea5n t\u01b0\u1ee3ng m\u1ea1nh nh\u1edd m\u00e0u s\u1eafc n\u1ed5i b\u1eadt v\u00e0 v\u1ebb ngo\u00e0i cu\u1ed1n h\u00fat. V\u1edbi giai \u0111i\u1ec7u v\u00e0ng t\u01b0\u01a1i r\u1ef1c r\u1ee1 nh\u01b0 \u00e1nh n\u1eafng, hoa Helen mang \u0111\u1ebfn c\u1ea3m gi\u00e1c \u1ea5m \u00e1p, r\u1ea1ng r\u1ee1 v\u00e0 tr\u00e0n \u0111\u1ea7y n\u0103ng l\u01b0\u1ee3ng.<\/span><\/span><\/div>\n<div><\/div>\n<div><span dir=\"auto\" style=\"vertical-align: inherit;\"><span dir=\"auto\" style=\"vertical-align: inherit;\">\u0110\u01b0\u1ee3c tr\u1ed3ng t\u1ea1i c\u00e1c v\u00f9ng n\u00f4ng tr\u1ea1i hoa chuy\u00ean canh \u0110\u00e0 L\u1ea1t \u2013 n\u01a1i c\u00f3 kh\u00ed h\u1eadu \u00f4n h\u00f2a, \u0111\u1ea5t \u0111ai m\u00e0u m\u1ee1 v\u00e0 quy tr\u00ecnh ch\u0103m s\u00f3c b\u00e0i b\u1ea3n, hoa h\u1ed3ng v\u00e0ng Helen \u0110\u00e0 L\u1ea1t lu\u00f4n \u0111\u1ea1t ch\u1ea5t l\u01b0\u1ee3ng cao: \u0111\u1ed9 n\u1edf \u0111\u1ec1u, c\u00e1nh hoa d\u00e0y, \u0111\u1ed9 b\u1ec1n l\u00e2u v\u00e0 c\u00f3 th\u1ec3 gi\u1eef t\u01b0\u01a1i t\u1eeb 5 \u2013 7 ng\u00e0y sau khi c\u1eaft.<\/span><\/span><\/div>\n<div><\/div>\n<div><span dir=\"auto\" style=\"vertical-align: inherit;\"><span dir=\"auto\" style=\"vertical-align: inherit;\">T\u1ea1i GV Garden, ch\u00fang t\u00f4i t\u1ef1 h\u00e0o l\u00e0 \u0111\u01a1n v\u1ecb cung c\u1ea5p hoa h\u1ed3ng v\u00e0ng Helen s\u1ec9 &amp; l\u1ebb, ph\u1ee5c v\u1ee5 c\u1ea3 c\u00e1 nh\u00e2n, shop hoa, s\u1ef1 ki\u1ec7n v\u00e0 nh\u00e0 ph\u00e2n ph\u1ed1i to\u00e0n qu\u1ed1c.<\/span><\/span><\/div>\n<h3><span class=\"ez-toc-section\" id=\"y_nghia_cua_hoa_hong_vang_helen\"><\/span><strong><span dir=\"auto\" style=\"vertical-align: inherit;\"><span dir=\"auto\" style=\"vertical-align: inherit;\">\u00dd ngh\u0129a c\u1ee7a hoa h\u1ed3ng v\u00e0ng Helen<\/span><\/span><\/strong><span class=\"ez-toc-section-end\"><\/span><\/h3>\n<h4><span class=\"ez-toc-section\" id=\"bieu_tuong_cua_tinh_ban_su_am_ap_va_niem_vui\"><\/span><strong><span dir=\"auto\" style=\"vertical-align: inherit;\"><span dir=\"auto\" style=\"vertical-align: inherit;\">Bi\u1ec3u t\u01b0\u1ee3ng c\u1ee7a t\u00ecnh b\u1ea1n, s\u1ef1 \u1ea5m \u00e1p v\u00e0 ni\u1ec1m vui<\/span><\/span><\/strong><span class=\"ez-toc-section-end\"><\/span><\/h4>\n<div><span dir=\"auto\" style=\"vertical-align: inherit;\"><span dir=\"auto\" style=\"vertical-align: inherit;\">Kh\u00e1c v\u1edbi hoa h\u1ed3ng \u0111\u1ecf \u0111\u1ea1i di\u1ec7n cho t\u00ecnh y\u00eau n\u1ed3ng ch\u00e1y, hoa h\u1ed3ng v\u00e0ng l\u1ea1i l\u00e0 bi\u1ec3u t\u01b0\u1ee3ng c\u1ee7a:<\/span><\/span><\/div>\n<div><\/div>\n<div><span dir=\"auto\" style=\"vertical-align: inherit;\"><span dir=\"auto\" style=\"vertical-align: inherit;\">T\u00ecnh b\u1ea1n ch\u00e2n th\u00e0nh<\/span><\/span><\/div>\n<div><\/div>\n<div><span dir=\"auto\" style=\"vertical-align: inherit;\"><span dir=\"auto\" style=\"vertical-align: inherit;\">Ni\u1ec1m vui, \u00e1nh s\u00e1ng v\u00e0 s\u1ef1 l\u1ea1c quan<\/span><\/span><\/div>\n<div><\/div>\n<div><span dir=\"auto\" style=\"vertical-align: inherit;\"><span dir=\"auto\" style=\"vertical-align: inherit;\">Kh\u1edfi \u0111\u1ea7u m\u1edbi v\u00e0 l\u1eddi ch\u00fac may m\u1eafn<\/span><\/span><\/div>\n<div><\/div>\n<div><span dir=\"auto\" style=\"vertical-align: inherit;\"><span dir=\"auto\" style=\"vertical-align: inherit;\">Ch\u00ednh v\u00ec th\u1ebf, hoa h\u1ed3ng v\u00e0ng Helen \u0110\u00e0 L\u1ea1t r\u1ea5t ph\u00f9 h\u1ee3p \u0111\u1ec3 l\u00e0m qu\u00e0 t\u1eb7ng b\u1ea1n b\u00e8, \u0111\u1ed3ng nghi\u1ec7p, khai t\u00e0i, ch\u00fac m\u1eebng sinh nh\u1eadt ho\u1eb7c t\u1ed1t nghi\u1ec7p.<\/span><\/span><\/div>\n<h4><span class=\"ez-toc-section\" id=\"mau_vang_trong_phong_thuy_%e2%80%93_hut_tai_loc_thinh_vuong_khi\"><\/span><strong><span dir=\"auto\" style=\"vertical-align: inherit;\"><span dir=\"auto\" style=\"vertical-align: inherit;\">M\u00e0u v\u00e0ng trong phong th\u1ee7y \u2013 H\u00fat t\u00e0i l\u1ed9c, th\u1ecbnh v\u01b0\u1ee3ng kh\u00ed<\/span><\/span><\/strong><span class=\"ez-toc-section-end\"><\/span><\/h4>\n<div><span dir=\"auto\" style=\"vertical-align: inherit;\"><span dir=\"auto\" style=\"vertical-align: inherit;\">Theo phong th\u1ee7y \u00c1 \u0110\u00f4ng, m\u00e0u v\u00e0ng bi\u1ec3u t\u01b0\u1ee3ng cho ti\u1ec1n t\u00e0i, danh v\u1ecdng v\u00e0 n\u0103ng l\u01b0\u1ee3ng t\u00edch c\u1ef1c. C\u1eafm hoa h\u1ed3ng v\u00e0ng trong nh\u00e0 ho\u1eb7c v\u0103n ph\u00f2ng s\u1ebd mang l\u1ea1i s\u1ef1 \u1ea5m \u00e1p, thu h\u00fat may m\u1eafn v\u00e0 th\u1ecbnh v\u01b0\u1ee3ng cho gia ch\u1ee7.<\/span><\/span><\/div>\n<h3><span class=\"ez-toc-section\" id=\"dac_diem_noi_bat_cua_hoa_hong_vang_helen_da_lat\"><\/span><strong><span dir=\"auto\" style=\"vertical-align: inherit;\"><span dir=\"auto\" style=\"vertical-align: inherit;\">\u0110\u1eb7c \u0111i\u1ec3m n\u1ed5i b\u1eadt c\u1ee7a hoa h\u1ed3ng v\u00e0ng Helen \u0110\u00e0 L\u1ea1t<\/span><\/span><\/strong><span class=\"ez-toc-section-end\"><\/span><\/h3>\n<h4><span class=\"ez-toc-section\" id=\"mau_sac_vang_tuoi_ruc_ro\"><\/span><strong><span dir=\"auto\" style=\"vertical-align: inherit;\"><span dir=\"auto\" style=\"vertical-align: inherit;\">M\u00e0u s\u1eafc v\u00e0ng t\u01b0\u01a1i r\u1ef1c r\u1ee1<\/span><\/span><\/strong><span class=\"ez-toc-section-end\"><\/span><\/h4>\n<div><span dir=\"auto\" style=\"vertical-align: inherit;\"><span dir=\"auto\" style=\"vertical-align: inherit;\">\u0110i\u1ec3m nh\u1ea5n bi\u1ec3u t\u01b0\u1ee3ng nh\u1ea5t \u1edf hoa h\u1ed3ng Helen l\u00e0 s\u1eafc v\u00e0ng t\u01b0\u01a1i nh\u01b0 \u00e1nh n\u1eafng ban mai, t\u1ea1o c\u1ea3m gi\u00e1c tr\u00e0n \u0111\u1ea7y s\u1ee9c s\u1ed1ng. D\u00f9 \u0111\u1ee9ng m\u1ed9t m\u00ecnh hay k\u1ebft h\u1ee3p c\u00f9ng c\u00e1c lo\u1ea1i hoa kh\u00e1c, hoa Helen v\u1eabn lu\u00f4n n\u1ed5i b\u1eadt v\u00e0 thu h\u00fat \u00e1nh nh\u00ecn.<\/span><\/span><\/div>\n<h4><span class=\"ez-toc-section\" id=\"dang_xoay_tron_%e2%80%93_canh_hoa_day_no_deu\"><\/span><strong><span dir=\"auto\" style=\"vertical-align: inherit;\"><span dir=\"auto\" style=\"vertical-align: inherit;\">D\u1ea1ng xo\u00e1y tr\u00f2n \u2013 c\u00e1nh hoa d\u00e0y, n\u1edf \u0111\u1ec1u<\/span><\/span><\/strong><span class=\"ez-toc-section-end\"><\/span><\/h4>\n<div><span dir=\"auto\" style=\"vertical-align: inherit;\"><span dir=\"auto\" style=\"vertical-align: inherit;\">Hoa c\u00f3 d\u1ea1ng tr\u00f2n \u0111\u1ec1u, c\u00e1nh x\u1ebfp xo\u00e1y v\u00e0o t\u00e2m \u2013 \u0111\u00e2y l\u00e0 m\u1ed9t \u0111\u1eb7c \u0111i\u1ec3m c\u1ee7a nh\u1eefng gi\u1ed1ng h\u1ed3ng cao c\u1ea5p. C\u00e1nh hoa d\u00e0y gi\u00fap gi\u1eef bi\u1ec3u m\u1eabu t\u1ed1t khi chuy\u1ec3n ti\u1ebfp v\u00e0 hi\u1ec3n th\u1ecb.<\/span><\/span><\/div>\n<h4><span class=\"ez-toc-section\" id=\"do_ben_cao_%e2%80%93_len_den_7_ngay\"><\/span><strong><span dir=\"auto\" style=\"vertical-align: inherit;\"><span dir=\"auto\" style=\"vertical-align: inherit;\">\u0110\u1ed9 b\u1ec1n cao \u2013 l\u00ean \u0111\u1ebfn 7 ng\u00e0y<\/span><\/span><\/strong><span class=\"ez-toc-section-end\"><\/span><\/h4>\n<div><span dir=\"auto\" style=\"vertical-align: inherit;\"><span dir=\"auto\" style=\"vertical-align: inherit;\">\u0110\u01b0\u1ee3c tr\u1ed3ng t\u1ea1i \u0110\u00e0 L\u1ea1t \u2013 n\u01a1i c\u00f3 kh\u00ed h\u1eadu l\u00fd t\u01b0\u1edfng, hoa h\u1ed3ng v\u00e0ng Helen c\u00f3 tu\u1ed5i th\u1ecd t\u1eeb 5 \u2013 7 ng\u00e0y khi b\u1ea3o qu\u1ea3n \u0111\u00fang c\u00e1ch. D\u00f9 l\u00e0 hoa b\u00f3, hoa c\u1eafm b\u00ecnh hay hoa s\u1ef1 ki\u1ec7n, Helen v\u1eabn gi\u1eef \u0111\u01b0\u1ee3c phong \u0111\u1ed9 v\u00e0 s\u1eafc hoa l\u00e2u phai.<\/span><\/span><\/div>\n<div><\/div>\n<div><span dir=\"auto\" style=\"vertical-align: inherit;\"><span dir=\"auto\" style=\"vertical-align: inherit;\">H3: H\u01b0\u01a1ng th\u01a1m nh\u1eb9 nh\u00e0ng, d\u1ec5 ch\u1ecbu<\/span><\/span><\/div>\n<div><span dir=\"auto\" style=\"vertical-align: inherit;\"><span dir=\"auto\" style=\"vertical-align: inherit;\">Kh\u00e1c v\u1edbi c\u00e1c d\u00f2ng hoa h\u1ed3ng nh\u1eadp kh\u1ea9u th\u01a1m nh\u1eb9 nh\u00e0ng, hoa Helen c\u00f3 h\u01b0\u01a1ng th\u01a1m d\u1ecbu nh\u1eb9, kh\u00f4ng g\u00e2y kh\u00f3 ch\u1ecbu khi \u0111\u1eb7t trong kh\u00f4ng gian k\u00edn nh\u01b0 ph\u00f2ng ng\u1ee7, ph\u00f2ng kh\u00e1ch ho\u1eb7c v\u0103n ph\u00f2ng.<\/span><\/span><\/div>\n<h3><span class=\"ez-toc-section\" id=\"ung_dung_cua_hoa_hong_vang_helen_trong_doi_song\"><\/span><strong><span dir=\"auto\" style=\"vertical-align: inherit;\"><span dir=\"auto\" style=\"vertical-align: inherit;\">\u1ee8ng d\u1ee5ng c\u1ee7a hoa h\u1ed3ng v\u00e0ng Helen trong \u0111\u1eddi s\u1ed1ng<\/span><\/span><\/strong><span class=\"ez-toc-section-end\"><\/span><\/h3>\n<h4><span class=\"ez-toc-section\" id=\"lam_bo_hoa_%e2%80%93_qua_tang_dac_biet\"><\/span><strong><span dir=\"auto\" style=\"vertical-align: inherit;\"><span dir=\"auto\" style=\"vertical-align: inherit;\">L\u00e0m b\u00f3 hoa \u2013 qu\u00e0 t\u1eb7ng \u0111\u1eb7c bi\u1ec7t<\/span><\/span><\/strong><span class=\"ez-toc-section-end\"><\/span><\/h4>\n<div><span dir=\"auto\" style=\"vertical-align: inherit;\"><span dir=\"auto\" style=\"vertical-align: inherit;\">V\u1edbi \u00fd ngh\u0129a may m\u1eafn v\u00e0 r\u1ef1c r\u1ee1, hoa h\u1ed3ng v\u00e0ng Helen th\u01b0\u1eddng \u0111\u01b0\u1ee3c d\u00f9ng \u0111\u1ec3 l\u00e0m:<\/span><\/span><\/div>\n<div><\/div>\n<div><span dir=\"auto\" style=\"vertical-align: inherit;\"><span dir=\"auto\" style=\"vertical-align: inherit;\">Hoa b\u00f3 t\u1eb7ng sinh nh\u1eadt<\/span><\/span><\/div>\n<div><span dir=\"auto\" style=\"vertical-align: inherit;\"><span dir=\"auto\" style=\"vertical-align: inherit;\">Hoa ch\u00fac m\u1eebng khai b\u00e1o<\/span><\/span><\/div>\n<div><span dir=\"auto\" style=\"vertical-align: inherit;\"><span dir=\"auto\" style=\"vertical-align: inherit;\">Hoa tri \u00e2n ng\u00e0y Nh\u00e0 gi\u00e1o Vi\u1ec7t Nam<\/span><\/span><\/div>\n<div><span dir=\"auto\" style=\"vertical-align: inherit;\"><span dir=\"auto\" style=\"vertical-align: inherit;\">Hoa t\u1eb7ng \u0111\u1ed3ng nghi\u1ec7p, b\u1ea1n b\u00e8<\/span><\/span><\/div>\n<div><\/div>\n<div><span dir=\"auto\" style=\"vertical-align: inherit;\"><span dir=\"auto\" style=\"vertical-align: inherit;\">S\u1eafc v\u00e0ng t\u01b0\u01a1i s\u00e1ng c\u1ee7a Helen gi\u00fap b\u00f3 hoa tr\u1edf n\u00ean n\u1ed5i b\u1eadt v\u00e0 c\u0103ng c\u1ea3m c\u1ef1c c\u1ef1c.<\/span><\/span><\/div>\n<div><\/div>\n<h4><span class=\"ez-toc-section\" id=\"plug_in_trang_tri_khong_gian\"><\/span><strong><span dir=\"auto\" style=\"vertical-align: inherit;\"><span dir=\"auto\" style=\"vertical-align: inherit;\">Plug in trang tr\u00ed kh\u00f4ng gian<\/span><\/span><\/strong><span class=\"ez-toc-section-end\"><\/span><\/h4>\n<div><span dir=\"auto\" style=\"vertical-align: inherit;\"><span dir=\"auto\" style=\"vertical-align: inherit;\">D\u00f9ng 5\u201310 c\u00e0nh hoa Helen c\u1eafm v\u00e0o b\u00ecnh th\u1ee7y tinh hay s\u1ee9 tr\u1eafng s\u1ebd gi\u00fap kh\u00f4ng gian s\u1ed1ng h\u01b0ng s\u00e1ng v\u00e0 \u1ea5m \u00e1p. \u0110\u1eb7t \u1edf:<\/span><\/span><\/div>\n<div><\/div>\n<div><span dir=\"auto\" style=\"vertical-align: inherit;\"><span dir=\"auto\" style=\"vertical-align: inherit;\">B\u00e0n ti\u1ebfp kh\u00e1ch<\/span><\/span><\/div>\n<div><span dir=\"auto\" style=\"vertical-align: inherit;\"><span dir=\"auto\" style=\"vertical-align: inherit;\">Nh\u00e0 l\u1ec5 t\u00e2n<\/span><\/span><\/div>\n<div><span dir=\"auto\" style=\"vertical-align: inherit;\"><span dir=\"auto\" style=\"vertical-align: inherit;\">B\u00e0n \u0103n, ph\u00f2ng ng\u1ee7<\/span><\/span><\/div>\n<div><span dir=\"auto\" style=\"vertical-align: inherit;\"><span dir=\"auto\" style=\"vertical-align: inherit;\">V\u0103n ph\u00f2ng l\u00e0m vi\u1ec7c<\/span><\/span><\/div>\n<h4><span class=\"ez-toc-section\" id=\"trang_tri_tiec_%e2%80%93_su_kien_%e2%80%93_le_cuoi\"><\/span><strong><span dir=\"auto\" style=\"vertical-align: inherit;\"><span dir=\"auto\" style=\"vertical-align: inherit;\">Trang tr\u00ed ti\u1ec7c \u2013 s\u1ef1 ki\u1ec7n \u2013 l\u1ec5 c\u01b0\u1edbi<\/span><\/span><\/strong><span class=\"ez-toc-section-end\"><\/span><\/h4>\n<div><span dir=\"auto\" style=\"vertical-align: inherit;\"><span dir=\"auto\" style=\"vertical-align: inherit;\">Helen l\u00e0 l\u1ef1a ch\u1ecdn l\u00fd t\u01b0\u1edfng \u0111\u1ec3:<\/span><\/span><\/div>\n<div><\/div>\n<div><span dir=\"auto\" style=\"vertical-align: inherit;\"><span dir=\"auto\" style=\"vertical-align: inherit;\">Trang tr\u00ed ti\u1ec7c c\u01b0\u1edbi theo phong c\u00e1ch t\u01b0\u01a1i s\u00e1ng<\/span><\/span><\/div>\n<div><span dir=\"auto\" style=\"vertical-align: inherit;\"><span dir=\"auto\" style=\"vertical-align: inherit;\">L\u00e0m ph\u00f4ng n\u1ec1n cho \u1ea3nh \u0111\u00e3 ch\u1ee5p<\/span><\/span><\/div>\n<div><span dir=\"auto\" style=\"vertical-align: inherit;\"><span dir=\"auto\" style=\"vertical-align: inherit;\">Trang tr\u00ed b\u00e0n ti\u1ec7c sinh nh\u1eadt, b\u1eefa ti\u1ec7c k\u1ef7 ni\u1ec7m<\/span><\/span><\/div>\n<div><span dir=\"auto\" style=\"vertical-align: inherit;\"><span dir=\"auto\" style=\"vertical-align: inherit;\">Thi\u1ebft k\u1ebf hoa c\u1ed5ng c\u01b0\u1edbi, hoa b\u00e0n gallery<\/span><\/span><\/div>\n<div><\/div>\n<div><span dir=\"auto\" style=\"vertical-align: inherit;\"><span dir=\"auto\" style=\"vertical-align: inherit;\">M\u00e0u v\u00e0ng n\u1ed5i b\u1eadt mang l\u1ea1i s\u1ef1 sang tr\u1ecdng, hi\u1ec7n \u0111\u1ea1i v\u00e0 vui t\u01b0\u01a1i cho kh\u00f4ng gian s\u1ef1 ki\u1ec7n.<\/span><\/span><\/div>\n<h3><span class=\"ez-toc-section\" id=\"mua_hoa_hong_vang_helen_da_lat_chat_luong_tai_gv_garden\"><\/span><strong><span dir=\"auto\" style=\"vertical-align: inherit;\"><span dir=\"auto\" style=\"vertical-align: inherit;\">Mua hoa h\u1ed3ng v\u00e0ng Helen \u0110\u00e0 L\u1ea1t ch\u1ea5t l\u01b0\u1ee3ng t\u1ea1i GV Garden<\/span><\/span><\/strong><span class=\"ez-toc-section-end\"><\/span><\/h3>\n<div><span dir=\"auto\" style=\"vertical-align: inherit;\"><span dir=\"auto\" style=\"vertical-align: inherit;\">T\u1ea1i GV Garden, ch\u00fang t\u00f4i lu\u00f4n tuy\u1ec3n ch\u1ecdn hoa Helen \u0111\u1eb9p nh\u1ea5t t\u1eeb \u200b\u200bc\u00e1c n\u00f4ng tr\u1ea1i \u0110\u00e0 L\u1ea1t, \u0111\u1ea3m b\u1ea3o:<\/span><\/span><\/div>\n<div><\/div>\n<div><span dir=\"auto\" style=\"vertical-align: inherit;\"><span dir=\"auto\" style=\"vertical-align: inherit;\">Hoa m\u1edbi m\u1ed7i ng\u00e0y \u2013 giao nhanh to\u00e0n qu\u1ed1c<\/span><\/span><\/div>\n<div><\/div>\n<div><span dir=\"auto\" style=\"vertical-align: inherit;\"><span dir=\"auto\" style=\"vertical-align: inherit;\">Gi\u00e1 s\u1ec9 c\u1ea1nh tranh cho shop hoa &amp; s\u1ef1 ki\u1ec7n<\/span><\/span><\/div>\n<div><\/div>\n<div><span dir=\"auto\" style=\"vertical-align: inherit;\"><span dir=\"auto\" style=\"vertical-align: inherit;\">H\u1ed7 tr\u1ee3 g\u00f3i thi\u1ebft k\u1ebf theo y\u00eau c\u1ea7u<\/span><\/span><\/div>\n<div><\/div>\n<div><span dir=\"auto\" style=\"vertical-align: inherit;\"><span dir=\"auto\" style=\"vertical-align: inherit;\">Combo ph\u1ed1i hoa v\u00e0ng Helen c\u00f9ng b\u00e9, l\u00e1 b\u1ea1c, c\u00fac tana\u2026<\/span><\/span><\/div>\n<div><\/div>\n<div>\ud83c\udf3c<span dir=\"auto\" style=\"vertical-align: inherit;\"><span dir=\"auto\" style=\"vertical-align: inherit;\">B\u1ea1n \u0111ang t\u00ecm hoa h\u1ed3ng v\u00e0ng Helen \u0110\u00e0 L\u1ea1t v\u1edbi ch\u1ea5t l\u01b0\u1ee3ng cao, gi\u00e1 h\u1ee3p l\u00fd v\u00e0 giao h\u00e0ng chuy\u00ean nghi\u1ec7p?<\/span><\/span><\/div>\n<div>\ud83d\udc49<span dir=\"auto\" style=\"vertical-align: inherit;\"><span dir=\"auto\" style=\"vertical-align: inherit;\">Li\u00ean h\u1ec7 ngay GV Garden \u0111\u1ec3 \u0111\u01b0\u1ee3c t\u01b0 v\u1ea5n v\u00e0 \u0111\u1eb7t h\u00e0ng!<\/span><\/span><\/div>\n<div><\/div>\n","protected":false},"excerpt":{"rendered":"<p>Hoa H\u1ed3ng V\u00e0ng Helen \u0110\u00e0 L\u1ea1t \u2013 S\u1eafc V\u00e0ng R\u1ef1c R\u1ee1 \u0110\u1ea7y Trang S\u1ee9c Gi\u1edbi thi\u1ec7u v\u1ec1 hoa h\u1ed3ng v\u00e0ng Helen \u0110\u00e0 L\u1ea1t Trong s\u1ed1 nh\u1eefng gi\u1ed1ng hoa h\u1ed3ng n\u1ed5i b\u1eadt t\u1ea1i \u0110\u00e0 L\u1ea1t, hoa h\u1ed3ng v\u00e0ng Helen lu\u00f4n l\u00e0 m\u1ed9t trong nh\u1eefng c\u00e1i t\u00ean g\u00e2y \u1ea5n t\u01b0\u1ee3ng m\u1ea1nh nh\u1edd m\u00e0u s\u1eafc n\u1ed5i b\u1eadt v\u00e0 [&#8230;]\n","protected":false},"featured_media":5791,"comment_status":"open","ping_status":"closed","template":"","meta":[],"product_brand":[],"product_cat":[273,298],"product_tag":[439,414,438,395,440,421],"class_list":{"0":"post-5669","1":"product","2":"type-product","3":"status-publish","4":"has-post-thumbnail","6":"product_cat-hoa-noi-dia-viet-nam","7":"product_cat-hoa-hong-da-lat-hoa-noi-dia-viet-nam-2","8":"product_tag-hoa-helen-da-lat","9":"product_tag-hoa-hong-cao-cap","10":"product_tag-hoa-hong-helen","11":"product_tag-hoa-hong-mau-vang-tuoi","12":"product_tag-hoa-hong-vang-ruc","13":"product_tag-hoa-tuoi-da-lat","15":"first","16":"instock","17":"shipping-taxable","18":"product-type-simple"},"_links":{"self":[{"href":"https:\/\/gvgarden.asia\/index.php?rest_route=\/wp\/v2\/product\/5669","targetHints":{"allow":["GET"]}}],"collection":[{"href":"https:\/\/gvgarden.asia\/index.php?rest_route=\/wp\/v2\/product"}],"about":[{"href":"https:\/\/gvgarden.asia\/index.php?rest_route=\/wp\/v2\/types\/product"}],"replies":[{"embeddable":true,"href":"https:\/\/gvgarden.asia\/index.php?rest_route=%2Fwp%2Fv2%2Fcomments&post=5669"}],"version-history":[{"count":2,"href":"https:\/\/gvgarden.asia\/index.php?rest_route=\/wp\/v2\/product\/5669\/revisions"}],"predecessor-version":[{"id":5792,"href":"https:\/\/gvgarden.asia\/index.php?rest_route=\/wp\/v2\/product\/5669\/revisions\/5792"}],"wp:featuredmedia":[{"embeddable":true,"href":"https:\/\/gvgarden.asia\/index.php?rest_route=\/wp\/v2\/media\/5791"}],"wp:attachment":[{"href":"https:\/\/gvgarden.asia\/index.php?rest_route=%2Fwp%2Fv2%2Fmedia&parent=5669"}],"wp:term":[{"taxonomy":"product_brand","embeddable":true,"href":"https:\/\/gvgarden.asia\/index.php?rest_route=%2Fwp%2Fv2%2Fproduct_brand&post=5669"},{"taxonomy":"product_cat","embeddable":true,"href":"https:\/\/gvgarden.asia\/index.php?rest_route=%2Fwp%2Fv2%2Fproduct_cat&post=5669"},{"taxonomy":"product_tag","embeddable":true,"href":"https:\/\/gvgarden.asia\/index.php?rest_route=%2Fwp%2Fv2%2Fproduct_tag&post=5669"}],"curies":[{"name":"wp","href":"https:\/\/api.w.org\/{rel}","templated":true}]}}