{"id":5665,"date":"2025-09-06T12:53:45","date_gmt":"2025-09-06T05:53:45","guid":{"rendered":"https:\/\/gvgarden.asia\/?post_type=product&#038;p=5665"},"modified":"2025-09-15T17:16:24","modified_gmt":"2025-09-15T10:16:24","slug":"hoa-hong-ohara-hong-da-lat","status":"publish","type":"product","link":"https:\/\/gvgarden.asia\/?product=hoa-hong-ohara-hong-da-lat","title":{"rendered":"Hoa H\u1ed3ng Ohara H\u1ed3ng"},"content":{"rendered":"<div id=\"ez-toc-container\" class=\"ez-toc-v2_0_76 counter-hierarchy ez-toc-counter ez-toc-grey ez-toc-container-direction\">\n<div class=\"ez-toc-title-container\">\n<p class=\"ez-toc-title\" style=\"cursor:inherit\">N\u1ed9i Dung B\u00e0i Vi\u1ebft<\/p>\n<span class=\"ez-toc-title-toggle\"><a href=\"#\" class=\"ez-toc-pull-right ez-toc-btn ez-toc-btn-xs ez-toc-btn-default ez-toc-toggle\" aria-label=\"Toggle Table of Content\"><span class=\"ez-toc-js-icon-con\"><span class=\"\"><span class=\"eztoc-hide\" style=\"display:none;\">Toggle<\/span><span class=\"ez-toc-icon-toggle-span\"><svg style=\"fill: #999;color:#999\" xmlns=\"http:\/\/www.w3.org\/2000\/svg\" class=\"list-377408\" width=\"20px\" height=\"20px\" viewBox=\"0 0 24 24\" fill=\"none\"><path d=\"M6 6H4v2h2V6zm14 0H8v2h12V6zM4 11h2v2H4v-2zm16 0H8v2h12v-2zM4 16h2v2H4v-2zm16 0H8v2h12v-2z\" fill=\"currentColor\"><\/path><\/svg><svg style=\"fill: #999;color:#999\" class=\"arrow-unsorted-368013\" xmlns=\"http:\/\/www.w3.org\/2000\/svg\" width=\"10px\" height=\"10px\" viewBox=\"0 0 24 24\" version=\"1.2\" baseProfile=\"tiny\"><path d=\"M18.2 9.3l-6.2-6.3-6.2 6.3c-.2.2-.3.4-.3.7s.1.5.3.7c.2.2.4.3.7.3h11c.3 0 .5-.1.7-.3.2-.2.3-.5.3-.7s-.1-.5-.3-.7zM5.8 14.7l6.2 6.3 6.2-6.3c.2-.2.3-.5.3-.7s-.1-.5-.3-.7c-.2-.2-.4-.3-.7-.3h-11c-.3 0-.5.1-.7.3-.2.2-.3.5-.3.7s.1.5.3.7z\"\/><\/svg><\/span><\/span><\/span><\/a><\/span><\/div>\n<nav><ul class='ez-toc-list ez-toc-list-level-1 eztoc-toggle-hide-by-default' ><li class='ez-toc-page-1 ez-toc-heading-level-2'><a class=\"ez-toc-link ez-toc-heading-1\" href=\"https:\/\/gvgarden.asia\/?product=hoa-hong-ohara-hong-da-lat\/#hoa_hong_ohara_hong_da_lat_%e2%80%93_huong_sac_quy_phai_cho_moi_nguoi_khac_khac\" >Hoa H\u1ed3ng Ohara H\u1ed3ng \u0110\u00e0 L\u1ea1t \u2013 H\u01b0\u01a1ng S\u1eafc Qu\u00fd Ph\u00e1i Cho M\u1ecdi Ng\u01b0\u1eddi Kh\u1eafc Kh\u1eafc<\/a><ul class='ez-toc-list-level-3' ><li class='ez-toc-heading-level-3'><a class=\"ez-toc-link ez-toc-heading-2\" href=\"https:\/\/gvgarden.asia\/?product=hoa-hong-ohara-hong-da-lat\/#gioi_thieu_ve_hoa_hong_ohara_hong_%e2%80%93_net_thanh_lich_den_tu_nuoc_phap\" >Gi\u1edbi thi\u1ec7u v\u1ec1 hoa h\u1ed3ng Ohara h\u1ed3ng \u2013 N\u00e9t thanh l\u1ecbch \u0111\u1ebfn t\u1eeb n\u01b0\u1edbc Ph\u00e1p<\/a><\/li><li class='ez-toc-page-1 ez-toc-heading-level-3'><a class=\"ez-toc-link ez-toc-heading-3\" href=\"https:\/\/gvgarden.asia\/?product=hoa-hong-ohara-hong-da-lat\/#y_nghia_sau_sac_cua_hoa_hong_ohara_hong\" >\u00dd ngh\u0129a s\u00e2u s\u1eafc c\u1ee7a hoa h\u1ed3ng Ohara h\u1ed3ng<\/a><ul class='ez-toc-list-level-4' ><li class='ez-toc-heading-level-4'><a class=\"ez-toc-link ez-toc-heading-4\" href=\"https:\/\/gvgarden.asia\/?product=hoa-hong-ohara-hong-da-lat\/#bieu_tuong_cua_tinh_yeu_diu_dang_va_xin_biet_on\" >Bi\u1ec3u t\u01b0\u1ee3ng c\u1ee7a t\u00ecnh y\u00eau d\u1ecbu d\u00e0ng v\u00e0 xin bi\u1ebft \u01a1n<\/a><\/li><li class='ez-toc-page-1 ez-toc-heading-level-4'><a class=\"ez-toc-link ez-toc-heading-5\" href=\"https:\/\/gvgarden.asia\/?product=hoa-hong-ohara-hong-da-lat\/#the_hien_su_sang_trong_va_tham_my_dang_cap\" >Th\u1ec3 hi\u1ec7n s\u1ef1 sang tr\u1ecdng v\u00e0 th\u1ea9m m\u1ef9 \u0111\u1eb3ng c\u1ea5p<\/a><\/li><\/ul><\/li><li class='ez-toc-page-1 ez-toc-heading-level-3'><a class=\"ez-toc-link ez-toc-heading-6\" href=\"https:\/\/gvgarden.asia\/?product=hoa-hong-ohara-hong-da-lat\/#dac_diem_noi_bat_cua_giong_hoa_hong_ohara_hong_da_lat\" >\u0110\u1eb7c \u0111i\u1ec3m n\u1ed5i b\u1eadt c\u1ee7a gi\u1ed1ng hoa h\u1ed3ng Ohara h\u1ed3ng \u0110\u00e0 L\u1ea1t<\/a><ul class='ez-toc-list-level-4' ><li class='ez-toc-heading-level-4'><a class=\"ez-toc-link ez-toc-heading-7\" href=\"https:\/\/gvgarden.asia\/?product=hoa-hong-ohara-hong-da-lat\/#sac_hong_pastel_tinh_te_va_lang_man\" >S\u1eafc h\u1ed3ng pastel tinh t\u1ebf v\u00e0 l\u00e3ng m\u1ea1n<\/a><\/li><li class='ez-toc-page-1 ez-toc-heading-level-4'><a class=\"ez-toc-link ez-toc-heading-8\" href=\"https:\/\/gvgarden.asia\/?product=hoa-hong-ohara-hong-da-lat\/#dang_hoa_lon_canh_nhieu_no_lau\" >D\u1ea1ng hoa l\u1edbn, c\u00e1nh nhi\u1ec1u, n\u1edf l\u00e2u<\/a><\/li><li class='ez-toc-page-1 ez-toc-heading-level-4'><a class=\"ez-toc-link ez-toc-heading-9\" href=\"https:\/\/gvgarden.asia\/?product=hoa-hong-ohara-hong-da-lat\/#mui_dac_trung_%e2%80%93_diem_noi_bat\" >M\u00f9i \u0111\u1eb7c tr\u01b0ng \u2013 \u0111i\u1ec3m n\u1ed5i b\u1eadt<\/a><\/li><\/ul><\/li><li class='ez-toc-page-1 ez-toc-heading-level-3'><a class=\"ez-toc-link ez-toc-heading-10\" href=\"https:\/\/gvgarden.asia\/?product=hoa-hong-ohara-hong-da-lat\/#ung_dung_cua_hoa_hong_ohara_hong_trong_doi_song\" >\u1ee8ng d\u1ee5ng c\u1ee7a hoa h\u1ed3ng Ohara h\u1ed3ng trong \u0111\u1eddi s\u1ed1ng<\/a><ul class='ez-toc-list-level-4' ><li class='ez-toc-heading-level-4'><a class=\"ez-toc-link ez-toc-heading-11\" href=\"https:\/\/gvgarden.asia\/?product=hoa-hong-ohara-hong-da-lat\/#hoa_cuoi_%e2%80%93_ton_vinh_ve_dep_diu_dang_cua_co_dau\" >Hoa c\u01b0\u1edbi \u2013 T\u00f4n vinh v\u1ebb \u0111\u1eb9p d\u1ecbu d\u00e0ng c\u1ee7a c\u00f4 d\u00e2u<\/a><\/li><li class='ez-toc-page-1 ez-toc-heading-level-4'><a class=\"ez-toc-link ez-toc-heading-12\" href=\"https:\/\/gvgarden.asia\/?product=hoa-hong-ohara-hong-da-lat\/#qua_tang_tinh_te_cho_nguoi_phu_nu_ban_yeu_thuong\" >Qu\u00e0 t\u1eb7ng tinh t\u1ebf cho ng\u01b0\u1eddi ph\u1ee5 n\u1eef b\u1ea1n y\u00eau th\u01b0\u01a1ng<\/a><\/li><li class='ez-toc-page-1 ez-toc-heading-level-4'><a class=\"ez-toc-link ez-toc-heading-13\" href=\"https:\/\/gvgarden.asia\/?product=hoa-hong-ohara-hong-da-lat\/#trang_tri_khong_ton_tai_va_cao_cap_su_kien\" >Trang tr\u00ed kh\u00f4ng t\u1ed3n t\u1ea1i v\u00e0 cao c\u1ea5p s\u1ef1 ki\u1ec7n<\/a><\/li><\/ul><\/li><li class='ez-toc-page-1 ez-toc-heading-level-3'><a class=\"ez-toc-link ez-toc-heading-14\" href=\"https:\/\/gvgarden.asia\/?product=hoa-hong-ohara-hong-da-lat\/#mua_hoa_hong_ohara_hong_da_lat_tai_gv_garden_%e2%80%93_cam_ket_chat_luong_gia_tot\" >Mua hoa h\u1ed3ng Ohara h\u1ed3ng \u0110\u00e0 L\u1ea1t t\u1ea1i GV Garden \u2013 Cam k\u1ebft ch\u1ea5t l\u01b0\u1ee3ng, gi\u00e1 t\u1ed1t<\/a><\/li><li class='ez-toc-page-1 ez-toc-heading-level-3'><a class=\"ez-toc-link ez-toc-heading-15\" href=\"https:\/\/gvgarden.asia\/?product=hoa-hong-ohara-hong-da-lat\/#%e2%9c%85_tong_ket\" >\u2705 T\u1ed5ng k\u1ebft<\/a><\/li><\/ul><\/li><\/ul><\/nav><\/div>\n<h2><span class=\"ez-toc-section\" id=\"hoa_hong_ohara_hong_da_lat_%e2%80%93_huong_sac_quy_phai_cho_moi_nguoi_khac_khac\"><\/span><strong><span dir=\"auto\" style=\"vertical-align: inherit;\"><span dir=\"auto\" style=\"vertical-align: inherit;\">Hoa H\u1ed3ng Ohara H\u1ed3ng \u0110\u00e0 L\u1ea1t \u2013 H\u01b0\u01a1ng S\u1eafc Qu\u00fd Ph\u00e1i Cho M\u1ecdi Ng\u01b0\u1eddi Kh\u1eafc Kh\u1eafc<\/span><\/span><\/strong><span class=\"ez-toc-section-end\"><\/span><\/h2>\n<h3><span class=\"ez-toc-section\" id=\"gioi_thieu_ve_hoa_hong_ohara_hong_%e2%80%93_net_thanh_lich_den_tu_nuoc_phap\"><\/span><strong><span dir=\"auto\" style=\"vertical-align: inherit;\"><span dir=\"auto\" style=\"vertical-align: inherit;\">Gi\u1edbi thi\u1ec7u v\u1ec1 hoa h\u1ed3ng Ohara h\u1ed3ng \u2013 N\u00e9t thanh l\u1ecbch \u0111\u1ebfn t\u1eeb n\u01b0\u1edbc Ph\u00e1p<\/span><\/span><\/strong><span class=\"ez-toc-section-end\"><\/span><\/h3>\n<div><span dir=\"auto\" style=\"vertical-align: inherit;\"><span dir=\"auto\" style=\"vertical-align: inherit;\">Hoa h\u1ed3ng Ohara h\u1ed3ng l\u00e0 m\u1ed9t trong nh\u1eefng gi\u1ed1ng hoa h\u1ed3ng nh\u1eadp ngo\u1ea1i cao c\u1ea5p c\u00f3 xu\u1ea5t x\u1ee9 t\u1eeb Ph\u00e1p. Gi\u1ed1ng hoa n\u00e0y \u0111\u00e3 \u0111\u01b0\u1ee3c nh\u00e2n gi\u1ed1ng v\u00e0 tr\u1ed3ng ph\u1ed5 bi\u1ebfn t\u1ea1i \u0110\u00e0 L\u1ea1t nh\u1edd \u0111i\u1ec1u ki\u1ec7n kh\u00ed h\u1eadu m\u00e1t m\u1ebb xung quanh n\u0103m.<\/span><\/span><\/div>\n<div><\/div>\n<div><span dir=\"auto\" style=\"vertical-align: inherit;\"><span dir=\"auto\" style=\"vertical-align: inherit;\">V\u1edbi s\u1eafc h\u1ed3ng pastel nh\u1eb9 nh\u00e0ng, d\u1ea1ng hoa to tr\u00f2n, m\u00f9i h\u01b0\u01a1ng ng\u1ecdt ng\u00e0o lan t\u1ecfa, Ohara h\u1ed3ng \u0111\u01b0\u1ee3c v\u00ed nh\u01b0 \u201cn\u1eef ho\u00e0ng c\u1ee7a c\u00e1c lo\u00e0i h\u1ed3ng th\u01a1m\u201d \u2013 bi\u1ec3u t\u01b0\u1ee3ng c\u1ee7a s\u1ef1 tinh t\u1ebf, thanh khi\u1ebft v\u00e0 sang tr\u1ecdng.<\/span><\/span><\/div>\n<div><\/div>\n<div><span dir=\"auto\" style=\"vertical-align: inherit;\"><span dir=\"auto\" style=\"vertical-align: inherit;\">T\u1ea1i th\u1ecb tr\u01b0\u1eddng Vi\u1ec7t Nam, hoa h\u1ed3ng Ohara h\u1ed3ng \u0110\u00e0 L\u1ea1t \u0111\u01b0\u1ee3c \u01b0a chu\u1ed9ng trong l\u0129nh v\u1ef1c trang tr\u00ed ti\u1ec7c c\u01b0\u1edbi, b\u00f3 hoa cao c\u1ea5p v\u00e0 c\u00e1c s\u1ef1 ki\u1ec7n \u0111\u1eb3ng c\u1ea5p.<\/span><\/span><\/div>\n<h3><span class=\"ez-toc-section\" id=\"y_nghia_sau_sac_cua_hoa_hong_ohara_hong\"><\/span><strong><span dir=\"auto\" style=\"vertical-align: inherit;\"><span dir=\"auto\" style=\"vertical-align: inherit;\">\u00dd ngh\u0129a s\u00e2u s\u1eafc c\u1ee7a hoa h\u1ed3ng Ohara h\u1ed3ng<\/span><\/span><\/strong><span class=\"ez-toc-section-end\"><\/span><\/h3>\n<h4><span class=\"ez-toc-section\" id=\"bieu_tuong_cua_tinh_yeu_diu_dang_va_xin_biet_on\"><\/span><strong><span dir=\"auto\" style=\"vertical-align: inherit;\"><span dir=\"auto\" style=\"vertical-align: inherit;\">Bi\u1ec3u t\u01b0\u1ee3ng c\u1ee7a t\u00ecnh y\u00eau d\u1ecbu d\u00e0ng v\u00e0 xin bi\u1ebft \u01a1n<\/span><\/span><\/strong><span class=\"ez-toc-section-end\"><\/span><\/h4>\n<div><span dir=\"auto\" style=\"vertical-align: inherit;\"><span dir=\"auto\" style=\"vertical-align: inherit;\">Hoa h\u1ed3ng Ohara h\u1ed3ng mang s\u1eafc h\u1ed3ng nh\u1ea1t \u2013 m\u00e0u s\u1eafc tip li\u00ean t\u01b0\u1edfng \u0111\u1ebfn t\u00ecnh y\u00eau trong s\u00e1ng, ng\u1ecdt ng\u00e0o v\u00e0 ch\u00e2n th\u00e0nh. \u0110\u00e2y l\u00e0 l\u1ef1a ch\u1ecdn l\u00fd t\u01b0\u1edfng \u0111\u1ec3 th\u1ec3 hi\u1ec7n:<\/span><\/span><\/div>\n<div><\/div>\n<div><span dir=\"auto\" style=\"vertical-align: inherit;\"><span dir=\"auto\" style=\"vertical-align: inherit;\">T\u00ecnh c\u1ea3m nh\u1eb9 nh\u00e0ng trong giai \u0111o\u1ea1n \u0111\u1ea7u c\u1ee7a t\u00ecnh y\u00eau<\/span><\/span><\/div>\n<div><span dir=\"auto\" style=\"vertical-align: inherit;\"><span dir=\"auto\" style=\"vertical-align: inherit;\">L\u00f2ng bi\u1ebft \u01a1n d\u00e0nh cho m\u1eb9, th\u1ea7y c\u00f4, ng\u01b0\u1eddi th\u00e2n<\/span><\/span><\/div>\n<div><span dir=\"auto\" style=\"vertical-align: inherit;\"><span dir=\"auto\" style=\"vertical-align: inherit;\">S\u1ef1 ng\u01b0\u1ee1ng m\u1ed9 v\u00e0 t\u00f4n gi\u00e1o trong c\u00e1c m\u1ed1i quan h\u1ec7 tinh t\u1ebf<\/span><\/span><\/div>\n<h4><span class=\"ez-toc-section\" id=\"the_hien_su_sang_trong_va_tham_my_dang_cap\"><\/span><strong><span dir=\"auto\" style=\"vertical-align: inherit;\"><span dir=\"auto\" style=\"vertical-align: inherit;\">Th\u1ec3 hi\u1ec7n s\u1ef1 sang tr\u1ecdng v\u00e0 th\u1ea9m m\u1ef9 \u0111\u1eb3ng c\u1ea5p<\/span><\/span><\/strong><span class=\"ez-toc-section-end\"><\/span><\/h4>\n<div><span dir=\"auto\" style=\"vertical-align: inherit;\"><span dir=\"auto\" style=\"vertical-align: inherit;\">Kh\u00f4ng ch\u1ec9 \u0111\u1eb9p v\u1ec1 h\u00ecnh th\u1ee9c, hoa Ohara c\u00f2n n\u1ed5i b\u1eadt v\u1edbi m\u00f9i h\u01b0\u01a1ng \u0111\u1eadm v\u00e0 qu\u00fd ph\u00e1i, mang l\u1ea1i c\u1ea3m gi\u00e1c th\u01b0 gi\u00e3n v\u00e0 d\u1ec5 ch\u1ecbu. Ch\u00ednh v\u00ec v\u1eady, hoa h\u1ed3ng Ohara h\u1ed3ng th\u01b0\u1eddng xuy\u00ean xu\u1ea5t hi\u1ec7n trong c\u00e1c s\u1ef1 ki\u1ec7n, kh\u00e1ch s\u1ea1n 5 sao v\u00e0 kh\u00f4ng gian cao c\u1ea5p \u2013 bi\u1ec3u t\u01b0\u1ee3ng cho gu th\u1ea9m m\u1ef9 tinh t\u1ebf v\u00e0 \u0111\u1eb3ng c\u1ea5p.<\/span><\/span><\/div>\n<h3><span class=\"ez-toc-section\" id=\"dac_diem_noi_bat_cua_giong_hoa_hong_ohara_hong_da_lat\"><\/span><strong><span dir=\"auto\" style=\"vertical-align: inherit;\"><span dir=\"auto\" style=\"vertical-align: inherit;\">\u0110\u1eb7c \u0111i\u1ec3m n\u1ed5i b\u1eadt c\u1ee7a gi\u1ed1ng hoa h\u1ed3ng Ohara h\u1ed3ng \u0110\u00e0 L\u1ea1t<\/span><\/span><\/strong><span class=\"ez-toc-section-end\"><\/span><\/h3>\n<h4><span class=\"ez-toc-section\" id=\"sac_hong_pastel_tinh_te_va_lang_man\"><\/span><strong><span dir=\"auto\" style=\"vertical-align: inherit;\"><span dir=\"auto\" style=\"vertical-align: inherit;\">S\u1eafc h\u1ed3ng pastel tinh t\u1ebf v\u00e0 l\u00e3ng m\u1ea1n<\/span><\/span><\/strong><span class=\"ez-toc-section-end\"><\/span><\/h4>\n<div><span dir=\"auto\" style=\"vertical-align: inherit;\"><span dir=\"auto\" style=\"vertical-align: inherit;\">C\u00e1nh hoa m\u00e0u h\u1ed3ng ph\u1ea5n nh\u1eb9, khi n\u1edf r\u1ed9ng t\u1ea1o hi\u1ec7u \u1ee9ng ombre t\u1eeb h\u1ed3ng nh\u1ea1t \u1edf vi\u1ec1n \u0111\u1ebfn h\u1ed3ng \u0111\u1eadm \u1edf t\u00e2m hoa<\/span><\/span><\/div>\n<div><\/div>\n<div><span dir=\"auto\" style=\"vertical-align: inherit;\"><span dir=\"auto\" style=\"vertical-align: inherit;\">Th\u00edch h\u1ee3p cho nh\u1eefng kh\u00f4ng gian thanh l\u1ecbch, nh\u1eb9 nh\u00e0ng v\u00e0 n\u1eef t\u00ednh<\/span><\/span><\/div>\n<div><\/div>\n<div><span dir=\"auto\" style=\"vertical-align: inherit;\"><span dir=\"auto\" style=\"vertical-align: inherit;\">\u0110\u1eb7c bi\u1ec7t \u0111\u1eb9p khi ch\u1ee5p \u1ea3nh c\u1eadn c\u1ea3nh ho\u1eb7c d\u01b0\u1edbi \u00e1nh s\u00e1ng t\u1ef1 nhi\u00ean<\/span><\/span><\/div>\n<h4><span class=\"ez-toc-section\" id=\"dang_hoa_lon_canh_nhieu_no_lau\"><\/span><strong><span dir=\"auto\" style=\"vertical-align: inherit;\"><span dir=\"auto\" style=\"vertical-align: inherit;\">D\u1ea1ng hoa l\u1edbn, c\u00e1nh nhi\u1ec1u, n\u1edf l\u00e2u<\/span><\/span><\/strong><span class=\"ez-toc-section-end\"><\/span><\/h4>\n<div><span dir=\"auto\" style=\"vertical-align: inherit;\"><span dir=\"auto\" style=\"vertical-align: inherit;\">B\u00f4ng k\u00edch th\u01b0\u1edbc l\u1edbn (\u0111\u01b0\u1eddng k\u00ednh 9\u201312cm)<\/span><\/span><\/div>\n<div><\/div>\n<div><span dir=\"auto\" style=\"vertical-align: inherit;\"><span dir=\"auto\" style=\"vertical-align: inherit;\">S\u1ed1 l\u01b0\u1ee3ng c\u00e1nh d\u00e0y (tr\u00ean 60 c\u00e1nh), n\u1ee9t \u0111\u1ec1u theo h\u00ecnh tr\u00f2n<\/span><\/span><\/div>\n<div><\/div>\n<div><span dir=\"auto\" style=\"vertical-align: inherit;\"><span dir=\"auto\" style=\"vertical-align: inherit;\">Hoa n\u1edf b\u1ec1n b\u1ec9 t\u1eeb 5\u20137 ng\u00e0y sau khi c\u1eaft n\u1ebfu b\u1ea3o qu\u1ea3n t\u1ed1t<\/span><\/span><\/div>\n<div><\/div>\n<div><span dir=\"auto\" style=\"vertical-align: inherit;\"><span dir=\"auto\" style=\"vertical-align: inherit;\">C\u00e1nh hoa m\u1ec1m, bung \u0111\u1ec1u, \u0111\u01b0\u1ee3c gi\u1eef thi\u1ebft k\u1ebf l\u00e2u d\u00e0i<\/span><\/span><\/div>\n<h4><span class=\"ez-toc-section\" id=\"mui_dac_trung_%e2%80%93_diem_noi_bat\"><\/span><strong><span dir=\"auto\" style=\"vertical-align: inherit;\"><span dir=\"auto\" style=\"vertical-align: inherit;\">M\u00f9i \u0111\u1eb7c tr\u01b0ng \u2013 \u0111i\u1ec3m n\u1ed5i b\u1eadt<\/span><\/span><\/strong><span class=\"ez-toc-section-end\"><\/span><\/h4>\n<div><span dir=\"auto\" style=\"vertical-align: inherit;\"><span dir=\"auto\" style=\"vertical-align: inherit;\">M\u00f9i th\u01a1m ng\u1ecdt ng\u00e0o, d\u1ecbu d\u00e0ng, ph\u1ea3ng tho\u1ea3ng m\u00f9i n\u01b0\u1edbc hoa cao c\u1ea5p<\/span><\/span><\/div>\n<div><\/div>\n<div><span dir=\"auto\" style=\"vertical-align: inherit;\"><span dir=\"auto\" style=\"vertical-align: inherit;\">Th\u00edch h\u1ee3p s\u1eed d\u1ee5ng trong c\u00e1c kh\u00f4ng gian ch\u1eadt h\u1eb9p nh\u01b0 ph\u00f2ng kh\u00e1ch, spa, ph\u00f2ng ng\u1ee7 \u0111\u1ec3 t\u1ea1o c\u1ea3m gi\u00e1c th\u01b0 th\u00e1i<\/span><\/span><\/div>\n<div><\/div>\n<div><span dir=\"auto\" style=\"vertical-align: inherit;\"><span dir=\"auto\" style=\"vertical-align: inherit;\">L\u00e0 m\u1ed9t trong nh\u1eefng gi\u1ed1ng hoa h\u1ed3ng th\u01a1m nh\u1ea5t hi\u1ec7n nay<\/span><\/span><\/div>\n<h3><span class=\"ez-toc-section\" id=\"ung_dung_cua_hoa_hong_ohara_hong_trong_doi_song\"><\/span><strong><span dir=\"auto\" style=\"vertical-align: inherit;\"><span dir=\"auto\" style=\"vertical-align: inherit;\">\u1ee8ng d\u1ee5ng c\u1ee7a hoa h\u1ed3ng Ohara h\u1ed3ng trong \u0111\u1eddi s\u1ed1ng<\/span><\/span><\/strong><span class=\"ez-toc-section-end\"><\/span><\/h3>\n<h4><span class=\"ez-toc-section\" id=\"hoa_cuoi_%e2%80%93_ton_vinh_ve_dep_diu_dang_cua_co_dau\"><\/span><strong><span dir=\"auto\" style=\"vertical-align: inherit;\"><span dir=\"auto\" style=\"vertical-align: inherit;\">Hoa c\u01b0\u1edbi \u2013 T\u00f4n vinh v\u1ebb \u0111\u1eb9p d\u1ecbu d\u00e0ng c\u1ee7a c\u00f4 d\u00e2u<\/span><\/span><\/strong><span class=\"ez-toc-section-end\"><\/span><\/h4>\n<div><span dir=\"auto\" style=\"vertical-align: inherit;\"><span dir=\"auto\" style=\"vertical-align: inherit;\">Th\u01b0\u1eddng \u0111\u01b0\u1ee3c k\u1ebft h\u1ee3p l\u00e0m hoa c\u01b0\u1edbi c\u1ea7m tay, hoa c\u00e0i t\u00f3c, c\u1eafm b\u00e0n tr\u01b0ng b\u00e0y \u0111\u00e1m c\u01b0\u1edbi<\/span><\/span><\/div>\n<div><\/div>\n<div><span dir=\"auto\" style=\"vertical-align: inherit;\"><span dir=\"auto\" style=\"vertical-align: inherit;\">T\u1ea1o concept ti\u1ec7c c\u01b0\u1edbi m\u00e0u h\u1ed3ng pastel nh\u1eb9 nh\u00e0ng, c\u1ed5 \u0111i\u1ec3n v\u00e0 l\u00e3ng m\u1ea1n<\/span><\/span><\/div>\n<div><\/div>\n<div><span dir=\"auto\" style=\"vertical-align: inherit;\"><span dir=\"auto\" style=\"vertical-align: inherit;\">Ph\u00f9 h\u1ee3p v\u1edbi phong c\u00e1ch c\u01b0\u1edbi t\u1ed1i gi\u1ea3n, c\u1ed5 \u0111i\u1ec3n, m\u1ed9c m\u1ea1c<\/span><\/span><\/div>\n<h4><span class=\"ez-toc-section\" id=\"qua_tang_tinh_te_cho_nguoi_phu_nu_ban_yeu_thuong\"><\/span><strong><span dir=\"auto\" style=\"vertical-align: inherit;\"><span dir=\"auto\" style=\"vertical-align: inherit;\">Qu\u00e0 t\u1eb7ng tinh t\u1ebf cho ng\u01b0\u1eddi ph\u1ee5 n\u1eef b\u1ea1n y\u00eau th\u01b0\u01a1ng<\/span><\/span><\/strong><span class=\"ez-toc-section-end\"><\/span><\/h4>\n<div><span dir=\"auto\" style=\"vertical-align: inherit;\"><span dir=\"auto\" style=\"vertical-align: inherit;\">Th\u00edch h\u1ee3p l\u00e0m qu\u00e0 t\u1eb7ng m\u1eb9, ch\u1ecb g\u00e1i, ng\u01b0\u1eddi y\u00eau, tr\u00f9m n\u1eef nh\u00e2n d\u1ecbp 8\/3, 20\/10, sinh nh\u1eadt<\/span><\/span><\/div>\n<div><\/div>\n<div><span dir=\"auto\" style=\"vertical-align: inherit;\"><span dir=\"auto\" style=\"vertical-align: inherit;\">Th\u1ec3 hi\u1ec7n s\u1ef1 bi\u1ebft \u01a1n, tr\u00e2n tr\u1ecdng v\u00e0 t\u00ecnh c\u1ea3m s\u00e2u l\u1eafng<\/span><\/span><\/div>\n<h4><span class=\"ez-toc-section\" id=\"trang_tri_khong_ton_tai_va_cao_cap_su_kien\"><\/span><strong><span dir=\"auto\" style=\"vertical-align: inherit;\"><span dir=\"auto\" style=\"vertical-align: inherit;\">Trang tr\u00ed kh\u00f4ng t\u1ed3n t\u1ea1i v\u00e0 cao c\u1ea5p s\u1ef1 ki\u1ec7n<\/span><\/span><\/strong><span class=\"ez-toc-section-end\"><\/span><\/h4>\n<div><span dir=\"auto\" style=\"vertical-align: inherit;\"><span dir=\"auto\" style=\"vertical-align: inherit;\">D\u00f9ng \u0111\u1ec3 trang tr\u00ed b\u00e0n ti\u1ec7c, ph\u00f2ng kh\u00e1ch, showroom, spa, boutique<\/span><\/span><\/div>\n<div><\/div>\n<div><span dir=\"auto\" style=\"vertical-align: inherit;\"><span dir=\"auto\" style=\"vertical-align: inherit;\">\u0110\u01b0\u1ee3c l\u1ef1a ch\u1ecdn trong c\u00e1c s\u1ef1 ki\u1ec7n th\u1eddi trang, tri\u1ec3n l\u00e3m, ti\u1ec7c r\u01b0\u1ee3u b\u1edfi v\u1ebb \u0111\u1eb9p trang nh\u00e3 v\u00e0 m\u00f9i h\u01b0\u01a1ng d\u1ec5 ch\u1ecbu<\/span><\/span><\/div>\n<h3><span class=\"ez-toc-section\" id=\"mua_hoa_hong_ohara_hong_da_lat_tai_gv_garden_%e2%80%93_cam_ket_chat_luong_gia_tot\"><\/span><strong><span dir=\"auto\" style=\"vertical-align: inherit;\"><span dir=\"auto\" style=\"vertical-align: inherit;\">Mua hoa h\u1ed3ng Ohara h\u1ed3ng \u0110\u00e0 L\u1ea1t t\u1ea1i GV Garden \u2013 Cam k\u1ebft ch\u1ea5t l\u01b0\u1ee3ng, gi\u00e1 t\u1ed1t<\/span><\/span><\/strong><span class=\"ez-toc-section-end\"><\/span><\/h3>\n<div><span dir=\"auto\" style=\"vertical-align: inherit;\"><span dir=\"auto\" style=\"vertical-align: inherit;\">T\u1ea1i GV Garden, ch\u00fang t\u00f4i t\u1ef1 h\u00e0o l\u00e0 \u0111\u01a1n v\u1ecb chuy\u00ean cung c\u1ea5p s\u1ec9 v\u00e0 l\u1ebb hoa h\u1ed3ng Ohara h\u1ed3ng ch\u00ednh g\u1ed1c \u0110\u00e0 L\u1ea1t:<\/span><\/span><\/div>\n<div><\/div>\n<div><span dir=\"auto\" style=\"vertical-align: inherit;\"><span dir=\"auto\" style=\"vertical-align: inherit;\">Ch\u1ea5t l\u01b0\u1ee3ng cao \u2013 Hoa m\u1edbi c\u1eaft m\u1ed7i ng\u00e0y<\/span><\/span><\/div>\n<div><\/div>\n<div><span dir=\"auto\" style=\"vertical-align: inherit;\"><span dir=\"auto\" style=\"vertical-align: inherit;\">Giao h\u00e0ng to\u00e0n qu\u1ed1c, \u0111\u1ea3m b\u1ea3o \u0111\u00fang th\u1eddi gian v\u00e0 s\u1ed1 l\u01b0\u1ee3ng<\/span><\/span><\/div>\n<div><\/div>\n<div><span dir=\"auto\" style=\"vertical-align: inherit;\"><span dir=\"auto\" style=\"vertical-align: inherit;\">Nh\u1eadn \u0111\u1eb7t hoa theo nhu c\u1ea7u c\u00e1 nh\u00e2n, s\u1ef1 ki\u1ec7n, \u0111\u01a1n h\u00e0ng c\u01b0\u1edbi \u2013 sinh nh\u1eadt \u2013 khai t\u00e0i kho\u1ea3n<\/span><\/span><\/div>\n<div><\/div>\n<div><span dir=\"auto\" style=\"vertical-align: inherit;\"><span dir=\"auto\" style=\"vertical-align: inherit;\">\u01afu \u0111\u00e3i gi\u00e1 t\u1ed1t cho \u0111\u1ea1i l\u00fd, L\u00e1 hoa, ng\u01b0\u1eddi t\u1ed5 ch\u1ee9c \u0111\u00e1m c\u01b0\u1edbi<\/span><\/span><\/div>\n<div><\/div>\n<div>\ud83d\udcde<span dir=\"auto\" style=\"vertical-align: inherit;\"><span dir=\"auto\" style=\"vertical-align: inherit;\">Li\u00ean h\u1ec7 ngay v\u1edbi GV Garden \u0111\u1ec3 \u0111\u1eb7t hoa Ohara h\u1ed3ng cho ti\u1ec7c c\u01b0\u1edbi, trang tr\u00ed kh\u00f4ng gian hay t\u1eb7ng qu\u00e0 sang tr\u1ecdng!<\/span><\/span><\/div>\n<h3><span class=\"ez-toc-section\" id=\"%e2%9c%85_tong_ket\"><\/span>\u2705 <strong><span dir=\"auto\" style=\"vertical-align: inherit;\"><span dir=\"auto\" style=\"vertical-align: inherit;\">T\u1ed5ng k\u1ebft:<\/span><\/span><\/strong><span class=\"ez-toc-section-end\"><\/span><\/h3>\n<div><span dir=\"auto\" style=\"vertical-align: inherit;\"><span dir=\"auto\" style=\"vertical-align: inherit;\">Hoa h\u1ed3ng Ohara h\u1ed3ng \u0110\u00e0 L\u1ea1t kh\u00f4ng ch\u1ec9 g\u00e2y \u1ea5n t\u01b0\u1ee3ng b\u1edfi s\u1eafc hoa nh\u1eb9 nh\u00e0ng, thanh l\u1ecbch m\u00e0 c\u00f2n ch\u00ednh ph\u1ee5c tr\u00e1i tim m\u1ecdi ng\u01b0\u1eddi b\u1edfi m\u00f9i h\u01b0\u01a1ng \u0111\u1eb7c tr\u01b0ng v\u00e0 \u00fd ngh\u0129a s\u00e2u s\u1eafc. N\u1ebfu b\u1ea1n \u0111ang t\u00ecm ki\u1ebfm m\u1ed9t lo\u1ea1i gi\u1ed1ng hoa v\u1eeba \u0111\u1eb9p \u2013 th\u01a1m \u2013 b\u1ec1n, ph\u00f9 h\u1ee3p cho m\u1ecdi d\u1ecbp quan tr\u1ecdng th\u00ec Ohara h\u1ed3ng ch\u00ednh l\u00e0 lo\u1ea1i l\u1ef1a ch\u1ecdn ho\u00e0n h\u1ea3o.<\/span><\/span><\/div>\n","protected":false},"excerpt":{"rendered":"<p>Hoa H\u1ed3ng Ohara H\u1ed3ng \u0110\u00e0 L\u1ea1t \u2013 H\u01b0\u01a1ng S\u1eafc Qu\u00fd Ph\u00e1i Cho M\u1ecdi Ng\u01b0\u1eddi Kh\u1eafc Kh\u1eafc Gi\u1edbi thi\u1ec7u v\u1ec1 hoa h\u1ed3ng Ohara h\u1ed3ng \u2013 N\u00e9t thanh l\u1ecbch \u0111\u1ebfn t\u1eeb n\u01b0\u1edbc Ph\u00e1p Hoa h\u1ed3ng Ohara h\u1ed3ng l\u00e0 m\u1ed9t trong nh\u1eefng gi\u1ed1ng hoa h\u1ed3ng nh\u1eadp ngo\u1ea1i cao c\u1ea5p c\u00f3 xu\u1ea5t x\u1ee9 t\u1eeb Ph\u00e1p. Gi\u1ed1ng hoa n\u00e0y \u0111\u00e3 [&#8230;]\n","protected":false},"featured_media":5793,"comment_status":"open","ping_status":"closed","template":"","meta":[],"product_brand":[],"product_cat":[273,298],"product_tag":[435,437,433,434,432,436,431],"class_list":{"0":"post-5665","1":"product","2":"type-product","3":"status-publish","4":"has-post-thumbnail","6":"product_cat-hoa-noi-dia-viet-nam","7":"product_cat-hoa-hong-da-lat-hoa-noi-dia-viet-nam-2","8":"product_tag-giong-hoa-hong-cao-cap","9":"product_tag-hoa-cat-canh-dep","10":"product_tag-hoa-cuoi-mau-hong","11":"product_tag-hoa-hong-hong-pastel","12":"product_tag-hoa-hong-ngoai-ohara","13":"product_tag-hoa-hong-phap","14":"product_tag-hoa-hong-thom-da-lat","16":"first","17":"instock","18":"shipping-taxable","19":"product-type-simple"},"_links":{"self":[{"href":"https:\/\/gvgarden.asia\/index.php?rest_route=\/wp\/v2\/product\/5665","targetHints":{"allow":["GET"]}}],"collection":[{"href":"https:\/\/gvgarden.asia\/index.php?rest_route=\/wp\/v2\/product"}],"about":[{"href":"https:\/\/gvgarden.asia\/index.php?rest_route=\/wp\/v2\/types\/product"}],"replies":[{"embeddable":true,"href":"https:\/\/gvgarden.asia\/index.php?rest_route=%2Fwp%2Fv2%2Fcomments&post=5665"}],"version-history":[{"count":4,"href":"https:\/\/gvgarden.asia\/index.php?rest_route=\/wp\/v2\/product\/5665\/revisions"}],"predecessor-version":[{"id":5794,"href":"https:\/\/gvgarden.asia\/index.php?rest_route=\/wp\/v2\/product\/5665\/revisions\/5794"}],"wp:featuredmedia":[{"embeddable":true,"href":"https:\/\/gvgarden.asia\/index.php?rest_route=\/wp\/v2\/media\/5793"}],"wp:attachment":[{"href":"https:\/\/gvgarden.asia\/index.php?rest_route=%2Fwp%2Fv2%2Fmedia&parent=5665"}],"wp:term":[{"taxonomy":"product_brand","embeddable":true,"href":"https:\/\/gvgarden.asia\/index.php?rest_route=%2Fwp%2Fv2%2Fproduct_brand&post=5665"},{"taxonomy":"product_cat","embeddable":true,"href":"https:\/\/gvgarden.asia\/index.php?rest_route=%2Fwp%2Fv2%2Fproduct_cat&post=5665"},{"taxonomy":"product_tag","embeddable":true,"href":"https:\/\/gvgarden.asia\/index.php?rest_route=%2Fwp%2Fv2%2Fproduct_tag&post=5665"}],"curies":[{"name":"wp","href":"https:\/\/api.w.org\/{rel}","templated":true}]}}