{"id":5661,"date":"2025-09-06T12:47:56","date_gmt":"2025-09-06T05:47:56","guid":{"rendered":"https:\/\/gvgarden.asia\/?post_type=product&#038;p=5661"},"modified":"2025-09-06T12:51:40","modified_gmt":"2025-09-06T05:51:40","slug":"hoa-hong-do-co-dau-da-lat","status":"publish","type":"product","link":"https:\/\/gvgarden.asia\/?product=hoa-hong-do-co-dau-da-lat","title":{"rendered":"Hoa H\u1ed3ng \u0110\u1ecf C\u00f4 D\u00e2u"},"content":{"rendered":"<div id=\"ez-toc-container\" class=\"ez-toc-v2_0_76 counter-hierarchy ez-toc-counter ez-toc-grey ez-toc-container-direction\">\n<div class=\"ez-toc-title-container\">\n<p class=\"ez-toc-title\" style=\"cursor:inherit\">N\u1ed9i Dung B\u00e0i Vi\u1ebft<\/p>\n<span class=\"ez-toc-title-toggle\"><a href=\"#\" class=\"ez-toc-pull-right ez-toc-btn ez-toc-btn-xs ez-toc-btn-default ez-toc-toggle\" aria-label=\"Toggle Table of Content\"><span class=\"ez-toc-js-icon-con\"><span class=\"\"><span class=\"eztoc-hide\" style=\"display:none;\">Toggle<\/span><span class=\"ez-toc-icon-toggle-span\"><svg style=\"fill: #999;color:#999\" xmlns=\"http:\/\/www.w3.org\/2000\/svg\" class=\"list-377408\" width=\"20px\" height=\"20px\" viewBox=\"0 0 24 24\" fill=\"none\"><path d=\"M6 6H4v2h2V6zm14 0H8v2h12V6zM4 11h2v2H4v-2zm16 0H8v2h12v-2zM4 16h2v2H4v-2zm16 0H8v2h12v-2z\" fill=\"currentColor\"><\/path><\/svg><svg style=\"fill: #999;color:#999\" class=\"arrow-unsorted-368013\" xmlns=\"http:\/\/www.w3.org\/2000\/svg\" width=\"10px\" height=\"10px\" viewBox=\"0 0 24 24\" version=\"1.2\" baseProfile=\"tiny\"><path d=\"M18.2 9.3l-6.2-6.3-6.2 6.3c-.2.2-.3.4-.3.7s.1.5.3.7c.2.2.4.3.7.3h11c.3 0 .5-.1.7-.3.2-.2.3-.5.3-.7s-.1-.5-.3-.7zM5.8 14.7l6.2 6.3 6.2-6.3c.2-.2.3-.5.3-.7s-.1-.5-.3-.7c-.2-.2-.4-.3-.7-.3h-11c-.3 0-.5.1-.7.3-.2.2-.3.5-.3.7s.1.5.3.7z\"\/><\/svg><\/span><\/span><\/span><\/a><\/span><\/div>\n<nav><ul class='ez-toc-list ez-toc-list-level-1 eztoc-toggle-hide-by-default' ><li class='ez-toc-page-1 ez-toc-heading-level-2'><a class=\"ez-toc-link ez-toc-heading-1\" href=\"https:\/\/gvgarden.asia\/?product=hoa-hong-do-co-dau-da-lat\/#hoa_hong_do_co_dau_da_lat_%e2%80%93_ve_dep_vinh_cuu_cua_tinh_yeu\" >Hoa H\u1ed3ng \u0110\u1ecf C\u00f4 D\u00e2u \u0110\u00e0 L\u1ea1t \u2013 V\u1ebb \u0110\u1eb9p V\u0129nh C\u1eedu C\u1ee7a T\u00ecnh Y\u00eau<\/a><ul class='ez-toc-list-level-3' ><li class='ez-toc-heading-level-3'><a class=\"ez-toc-link ez-toc-heading-2\" href=\"https:\/\/gvgarden.asia\/?product=hoa-hong-do-co-dau-da-lat\/#gioi_thieu_hoa_hong_do_co_dau_%e2%80%93_mau_sac_khong_bao_gio_loi_thoi\" >Gi\u1edbi Thi\u1ec7u Hoa H\u1ed3ng \u0110\u1ecf C\u00f4 D\u00e2u \u2013 M\u00e0u S\u1eafc Kh\u00f4ng Bao Gi\u1edd L\u1ed7i Th\u1eddi<\/a><\/li><li class='ez-toc-page-1 ez-toc-heading-level-3'><a class=\"ez-toc-link ez-toc-heading-3\" href=\"https:\/\/gvgarden.asia\/?product=hoa-hong-do-co-dau-da-lat\/#y_nghia_cua_hoa_hong_do_co_dau_trong_tinh_yeu_va_cuoc_song\" >\u00dd Ngh\u0129a C\u1ee7a Hoa H\u1ed3ng \u0110\u1ecf C\u00f4 D\u00e2u Trong T\u00ecnh Y\u00eau V\u00e0 Cu\u1ed9c S\u1ed1ng<\/a><ul class='ez-toc-list-level-4' ><li class='ez-toc-heading-level-4'><a class=\"ez-toc-link ez-toc-heading-4\" href=\"https:\/\/gvgarden.asia\/?product=hoa-hong-do-co-dau-da-lat\/#tinh_yeu_nong_nan_va_thuy_chung\" >T\u00ecnh y\u00eau n\u1ed3ng n\u00e0n v\u00e0 th\u1ee7y chung<\/a><\/li><li class='ez-toc-page-1 ez-toc-heading-level-4'><a class=\"ez-toc-link ez-toc-heading-5\" href=\"https:\/\/gvgarden.asia\/?product=hoa-hong-do-co-dau-da-lat\/#su_sang_trong_va_quyen_luc_trong_giao_tiep\" >S\u1ef1 sang tr\u1ecdng v\u00e0 quy\u1ec1n l\u1ef1c trong giao ti\u1ebfp<\/a><\/li><\/ul><\/li><li class='ez-toc-page-1 ez-toc-heading-level-3'><a class=\"ez-toc-link ez-toc-heading-6\" href=\"https:\/\/gvgarden.asia\/?product=hoa-hong-do-co-dau-da-lat\/#dac_diem_nhan_biet_hoa_hong_do_co_dau_chuan_da_lat\" >\u0110\u1eb7c \u0110i\u1ec3m Nh\u1eadn Bi\u1ebft Hoa H\u1ed3ng \u0110\u1ecf C\u00f4 D\u00e2u Chu\u1ea9n \u0110\u00e0 L\u1ea1t<\/a><ul class='ez-toc-list-level-4' ><li class='ez-toc-heading-level-4'><a class=\"ez-toc-link ez-toc-heading-7\" href=\"https:\/\/gvgarden.asia\/?product=hoa-hong-do-co-dau-da-lat\/#mau_sac_ruc_ro_chuan_do_nhung\" >M\u00e0u s\u1eafc r\u1ef1c r\u1ee1, chu\u1ea9n \u0111\u1ecf nhung<\/a><\/li><li class='ez-toc-page-1 ez-toc-heading-level-4'><a class=\"ez-toc-link ez-toc-heading-8\" href=\"https:\/\/gvgarden.asia\/?product=hoa-hong-do-co-dau-da-lat\/#form_hoa_va_chat_canh\" >Form hoa v\u00e0 ch\u1ea5t c\u00e1nh<\/a><\/li><li class='ez-toc-page-1 ez-toc-heading-level-4'><a class=\"ez-toc-link ez-toc-heading-9\" href=\"https:\/\/gvgarden.asia\/?product=hoa-hong-do-co-dau-da-lat\/#do_ben_an_tuong\" >\u0110\u1ed9 b\u1ec1n \u1ea5n t\u01b0\u1ee3ng<\/a><\/li><\/ul><\/li><li class='ez-toc-page-1 ez-toc-heading-level-3'><a class=\"ez-toc-link ez-toc-heading-10\" href=\"https:\/\/gvgarden.asia\/?product=hoa-hong-do-co-dau-da-lat\/#ung_dung_hoa_hong_do_co_dau_trong_thuc_te\" >\u1ee8ng D\u1ee5ng Hoa H\u1ed3ng \u0110\u1ecf C\u00f4 D\u00e2u Trong Th\u1ef1c T\u1ebf<\/a><ul class='ez-toc-list-level-4' ><li class='ez-toc-heading-level-4'><a class=\"ez-toc-link ez-toc-heading-11\" href=\"https:\/\/gvgarden.asia\/?product=hoa-hong-do-co-dau-da-lat\/#lam_hoa_cuoi_truyen_thong_va_hien_dai\" >L\u00e0m hoa c\u01b0\u1edbi truy\u1ec1n th\u1ed1ng v\u00e0 hi\u1ec7n \u0111\u1ea1i<\/a><\/li><li class='ez-toc-page-1 ez-toc-heading-level-4'><a class=\"ez-toc-link ez-toc-heading-12\" href=\"https:\/\/gvgarden.asia\/?product=hoa-hong-do-co-dau-da-lat\/#bo_hoa_tang_trong_dip_quan_trong\" >B\u00f3 hoa t\u1eb7ng trong d\u1ecbp quan tr\u1ecdng<\/a><\/li><li class='ez-toc-page-1 ez-toc-heading-level-4'><a class=\"ez-toc-link ez-toc-heading-13\" href=\"https:\/\/gvgarden.asia\/?product=hoa-hong-do-co-dau-da-lat\/#cam_binh_%e2%80%93_diem_nhan_sang_trong_cho_khong_gian_song\" >C\u1eafm b\u00ecnh \u2013 \u0111i\u1ec3m nh\u1ea5n sang tr\u1ecdng cho kh\u00f4ng gian s\u1ed1ng<\/a><\/li><\/ul><\/li><li class='ez-toc-page-1 ez-toc-heading-level-3'><a class=\"ez-toc-link ez-toc-heading-14\" href=\"https:\/\/gvgarden.asia\/?product=hoa-hong-do-co-dau-da-lat\/#mua_hoa_hong_do_co_dau_da_lat_o_dau_uy_tin\" >Mua Hoa H\u1ed3ng \u0110\u1ecf C\u00f4 D\u00e2u \u0110\u00e0 L\u1ea1t \u1ede \u0110\u00e2u Uy T\u00edn?<\/a><ul class='ez-toc-list-level-4' ><li class='ez-toc-heading-level-4'><a class=\"ez-toc-link ez-toc-heading-15\" href=\"https:\/\/gvgarden.asia\/?product=hoa-hong-do-co-dau-da-lat\/#gv_garden_%e2%80%93_nguon_hoa_hong_do_chat_luong_cho_si_va_le\" >GV Garden \u2013 Ngu\u1ed3n hoa h\u1ed3ng \u0111\u1ecf ch\u1ea5t l\u01b0\u1ee3ng cho s\u1ec9 v\u00e0 l\u1ebb<\/a><\/li><\/ul><\/li><li class='ez-toc-page-1 ez-toc-heading-level-3'><a class=\"ez-toc-link ez-toc-heading-16\" href=\"https:\/\/gvgarden.asia\/?product=hoa-hong-do-co-dau-da-lat\/#ket_luan\" >K\u1ebft Lu\u1eadn<\/a><\/li><\/ul><\/li><\/ul><\/nav><\/div>\n<h2><span class=\"ez-toc-section\" id=\"hoa_hong_do_co_dau_da_lat_%e2%80%93_ve_dep_vinh_cuu_cua_tinh_yeu\"><\/span><strong>Hoa H\u1ed3ng \u0110\u1ecf C\u00f4 D\u00e2u \u0110\u00e0 L\u1ea1t \u2013 V\u1ebb \u0110\u1eb9p V\u0129nh C\u1eedu C\u1ee7a T\u00ecnh Y\u00eau<\/strong><span class=\"ez-toc-section-end\"><\/span><\/h2>\n<h3><span class=\"ez-toc-section\" id=\"gioi_thieu_hoa_hong_do_co_dau_%e2%80%93_mau_sac_khong_bao_gio_loi_thoi\"><\/span><strong>Gi\u1edbi Thi\u1ec7u Hoa H\u1ed3ng \u0110\u1ecf C\u00f4 D\u00e2u \u2013 M\u00e0u S\u1eafc Kh\u00f4ng Bao Gi\u1edd L\u1ed7i Th\u1eddi<\/strong><span class=\"ez-toc-section-end\"><\/span><\/h3>\n<div>Hoa h\u1ed3ng \u0111\u1ecf c\u00f4 d\u00e2u l\u00e0 m\u1ed9t trong nh\u1eefng gi\u1ed1ng hoa h\u1ed3ng c\u1eaft c\u00e0nh \u0111\u01b0\u1ee3c \u01b0a chu\u1ed9ng h\u00e0ng \u0111\u1ea7u t\u1ea1i \u0110\u00e0 L\u1ea1t. S\u1edf h\u1eefu m\u00e0u \u0111\u1ecf nhung \u0111\u1eadm quy\u1ebfn r\u0169, k\u1ebft h\u1ee3p v\u1edbi form tr\u00f2n \u0111\u1ec1u v\u00e0 c\u00e1nh hoa d\u00e0y x\u1ebfp ch\u1eb7t, \u0111\u00e2y l\u00e0 d\u00f2ng hoa bi\u1ec3u t\u01b0\u1ee3ng cho t\u00ecnh y\u00eau n\u1ed3ng ch\u00e1y, v\u0129nh c\u1eedu v\u00e0 sang tr\u1ecdng.<\/div>\n<div><\/div>\n<div>T\u1ea1i GV Garden \u2013 \u0111\u01a1n v\u1ecb chuy\u00ean cung c\u1ea5p hoa \u0110\u00e0 L\u1ea1t s\u1ec9 v\u00e0 l\u1ebb \u2013 hoa h\u1ed3ng \u0111\u1ecf c\u00f4 d\u00e2u lu\u00f4n thu\u1ed9c top c\u00e1c gi\u1ed1ng hoa b\u00e1n ch\u1ea1y nh\u1ea5t nh\u1edd ch\u1ea5t l\u01b0\u1ee3ng cao, m\u00e0u s\u1eafc \u1ed5n \u0111\u1ecbnh v\u00e0 d\u1ec5 \u1ee9ng d\u1ee5ng trong nhi\u1ec1u ki\u1ec3u c\u1eafm hoa ngh\u1ec7 thu\u1eadt.<\/div>\n<h3><span class=\"ez-toc-section\" id=\"y_nghia_cua_hoa_hong_do_co_dau_trong_tinh_yeu_va_cuoc_song\"><\/span><strong>\u00dd Ngh\u0129a C\u1ee7a Hoa H\u1ed3ng \u0110\u1ecf C\u00f4 D\u00e2u Trong T\u00ecnh Y\u00eau V\u00e0 Cu\u1ed9c S\u1ed1ng<\/strong><span class=\"ez-toc-section-end\"><\/span><\/h3>\n<h4><span class=\"ez-toc-section\" id=\"tinh_yeu_nong_nan_va_thuy_chung\"><\/span><strong>T\u00ecnh y\u00eau n\u1ed3ng n\u00e0n v\u00e0 th\u1ee7y chung<\/strong><span class=\"ez-toc-section-end\"><\/span><\/h4>\n<div>M\u00e0u \u0111\u1ecf lu\u00f4n g\u1eafn li\u1ec1n v\u1edbi h\u00ecnh \u1ea3nh t\u00ecnh y\u00eau s\u00e2u \u0111\u1eadm, l\u1eddi t\u1ecf t\u00ecnh d\u0169ng c\u1ea3m, v\u00e0 cam k\u1ebft v\u0129nh c\u1eedu. V\u00ec v\u1eady, hoa h\u1ed3ng \u0111\u1ecf c\u00f4 d\u00e2u th\u01b0\u1eddng xu\u1ea5t hi\u1ec7n trong c\u00e1c d\u1ecbp:<\/div>\n<div><\/div>\n<div>C\u1ea7u h\u00f4n<\/div>\n<div>K\u1ef7 ni\u1ec7m t\u00ecnh y\u00eau<\/div>\n<div>Ng\u00e0y Valentine<\/div>\n<div>Ng\u00e0y c\u01b0\u1edbi ho\u1eb7c ti\u1ec7c \u0111\u00ednh h\u00f4n<\/div>\n<div><\/div>\n<div>\u0110\u1ed1i v\u1edbi c\u00e1c c\u1eb7p \u0111\u00f4i, b\u00f3 hoa h\u1ed3ng \u0111\u1ecf kh\u00f4ng ch\u1ec9 \u0111\u01a1n thu\u1ea7n l\u00e0 m\u00f3n qu\u00e0 m\u00e0 c\u00f2n l\u00e0 l\u1eddi h\u1ee9a g\u1eafn b\u00f3 tr\u1ecdn \u0111\u1eddi.<\/div>\n<h4><span class=\"ez-toc-section\" id=\"su_sang_trong_va_quyen_luc_trong_giao_tiep\"><\/span><strong>S\u1ef1 sang tr\u1ecdng v\u00e0 quy\u1ec1n l\u1ef1c trong giao ti\u1ebfp<\/strong><span class=\"ez-toc-section-end\"><\/span><\/h4>\n<div>Ngo\u00e0i \u00fd ngh\u0129a t\u00ecnh y\u00eau, m\u00e0u \u0111\u1ecf c\u00f2n t\u01b0\u1ee3ng tr\u01b0ng cho quy\u1ec1n l\u1ef1c, may m\u1eafn v\u00e0 th\u00e0nh c\u00f4ng. V\u00ec v\u1eady, hoa h\u1ed3ng \u0111\u1ecf c\u00f4 d\u00e2u th\u01b0\u1eddng \u0111\u01b0\u1ee3c l\u1ef1a ch\u1ecdn \u0111\u1ec3:<\/div>\n<div><\/div>\n<div>Trang tr\u00ed s\u1ef1 ki\u1ec7n l\u1edbn<\/div>\n<div>T\u1eb7ng s\u1ebfp, \u0111\u1ed1i t\u00e1c n\u1eef<\/div>\n<div>Ch\u00fac m\u1eebng th\u0103ng ch\u1ee9c, khai tr\u01b0\u01a1ng<\/div>\n<h3><span class=\"ez-toc-section\" id=\"dac_diem_nhan_biet_hoa_hong_do_co_dau_chuan_da_lat\"><\/span><strong>\u0110\u1eb7c \u0110i\u1ec3m Nh\u1eadn Bi\u1ebft Hoa H\u1ed3ng \u0110\u1ecf C\u00f4 D\u00e2u Chu\u1ea9n \u0110\u00e0 L\u1ea1t<\/strong><span class=\"ez-toc-section-end\"><\/span><\/h3>\n<h4><span class=\"ez-toc-section\" id=\"mau_sac_ruc_ro_chuan_do_nhung\"><\/span><strong>M\u00e0u s\u1eafc r\u1ef1c r\u1ee1, chu\u1ea9n \u0111\u1ecf nhung<\/strong><span class=\"ez-toc-section-end\"><\/span><\/h4>\n<div>T\u00f4ng m\u00e0u: \u0110\u1ecf \u0111\u1eadm d\u1ea1ng nhung, kh\u00f4ng loang, kh\u00f4ng vi\u1ec1n ch\u00e1y<\/div>\n<div>\u0110\u1ed9 \u0111\u1eadm m\u00e0u: \u1ed4n \u0111\u1ecbnh c\u1ea3 khi n\u1edf r\u1ed9, t\u1ea1o chi\u1ec1u s\u00e2u cho t\u1eebng l\u1edbp c\u00e1nh<\/div>\n<div>Hi\u1ec7u \u1ee9ng \u00e1nh s\u00e1ng: B\u1eaft s\u00e1ng t\u1ed1t, l\u00ean h\u00ecnh \u0111\u1eb9p n\u00ean r\u1ea5t h\u1ee3p d\u00f9ng trong b\u00f3 c\u01b0\u1edbi ho\u1eb7c ch\u1ee5p h\u00ecnh<\/div>\n<h4><span class=\"ez-toc-section\" id=\"form_hoa_va_chat_canh\"><\/span><strong>Form hoa v\u00e0 ch\u1ea5t c\u00e1nh<\/strong><span class=\"ez-toc-section-end\"><\/span><\/h4>\n<div>Form: Tr\u00f2n \u0111\u1ec1u, n\u1edf d\u1ea1ng ch\u00e9n s\u00e2u ho\u1eb7c d\u1ea1ng ly<\/div>\n<div>C\u00e1nh hoa: X\u1ebfp \u0111\u1ec1u, d\u00e0y, \u00f4m kh\u00edt v\u00e0 bung d\u1ea7n ra khi n\u1edf \u2013 kh\u00f4ng bung loe<\/div>\n<div>Th\u00e2n v\u00e0 l\u00e1: Th\u00e2n d\u00e0i, c\u1ee9ng c\u00e1p, \u00edt gai \u2013 ph\u00f9 h\u1ee3p c\u1eafm b\u00ecnh ho\u1eb7c c\u1eafm k\u1ec7 l\u1edbn<\/div>\n<h4><span class=\"ez-toc-section\" id=\"do_ben_an_tuong\"><\/span><strong>\u0110\u1ed9 b\u1ec1n \u1ea5n t\u01b0\u1ee3ng<\/strong><span class=\"ez-toc-section-end\"><\/span><\/h4>\n<div>Th\u1eddi gian t\u01b0\u01a1i l\u00e2u t\u1eeb 5\u20137 ng\u00e0y n\u1ebfu b\u1ea3o qu\u1ea3n m\u00e1t<\/div>\n<div>C\u00e1nh kh\u00f4ng b\u1ecb h\u00e9o \u0111\u1ea7u, gi\u1eef form t\u1ed1t k\u1ec3 c\u1ea3 khi hoa bung ho\u00e0n to\u00e0n<\/div>\n<div>D\u1ec5 v\u1eadn chuy\u1ec3n, th\u00edch h\u1ee3p l\u00e0m hoa s\u1ef1 ki\u1ec7n v\u00e0 hoa c\u01b0\u1edbi c\u1ea7n chu\u1ea9n m\u00e0u<\/div>\n<h3><span class=\"ez-toc-section\" id=\"ung_dung_hoa_hong_do_co_dau_trong_thuc_te\"><\/span><strong>\u1ee8ng D\u1ee5ng Hoa H\u1ed3ng \u0110\u1ecf C\u00f4 D\u00e2u Trong Th\u1ef1c T\u1ebf<\/strong><span class=\"ez-toc-section-end\"><\/span><\/h3>\n<h4><span class=\"ez-toc-section\" id=\"lam_hoa_cuoi_truyen_thong_va_hien_dai\"><\/span><strong>L\u00e0m hoa c\u01b0\u1edbi truy\u1ec1n th\u1ed1ng v\u00e0 hi\u1ec7n \u0111\u1ea1i<\/strong><span class=\"ez-toc-section-end\"><\/span><\/h4>\n<div>\u0110\u1ecf l\u00e0 m\u00e0u c\u1ee7a may m\u1eafn v\u00e0 h\u1ef7 s\u1ef1, v\u00ec th\u1ebf hoa h\u1ed3ng \u0111\u1ecf c\u00f4 d\u00e2u th\u01b0\u1eddng \u0111\u01b0\u1ee3c ch\u1ecdn l\u00e0m:<\/div>\n<div><\/div>\n<div>Hoa c\u1ea7m tay c\u00f4 d\u00e2u<\/div>\n<div>Hoa trang tr\u00ed b\u00e0n th\u1edd gia ti\u00ean<\/div>\n<div>Hoa c\u00e0i \u00e1o cho ch\u00fa r\u1ec3 v\u00e0 ph\u00f9 r\u1ec3<\/div>\n<div>Hoa trang tr\u00ed c\u1ed5ng c\u01b0\u1edbi, backdrop<\/div>\n<div><\/div>\n<div>V\u1edbi form \u0111\u1ec1u v\u00e0 c\u00e1nh d\u00e0y, h\u1ed3ng \u0111\u1ecf c\u00f4 d\u00e2u mang \u0111\u1ebfn c\u1ea3m gi\u00e1c ch\u1ec9n chu, tr\u1ecdn v\u1eb9n v\u00e0 sang tr\u1ecdng.<\/div>\n<h4><span class=\"ez-toc-section\" id=\"bo_hoa_tang_trong_dip_quan_trong\"><\/span><strong>B\u00f3 hoa t\u1eb7ng trong d\u1ecbp quan tr\u1ecdng<\/strong><span class=\"ez-toc-section-end\"><\/span><\/h4>\n<div>B\u1ea1n \u0111ang t\u00ecm m\u1ed9t b\u00f3 hoa \u0111\u1ec3 th\u1ec3 hi\u1ec7n l\u1eddi t\u1ecf t\u00ecnh, s\u1ef1 bi\u1ebft \u01a1n, ho\u1eb7c l\u00f2ng ng\u01b0\u1ee1ng m\u1ed9?<\/div>\n<div>H\u1ed3ng \u0111\u1ecf c\u00f4 d\u00e2u ch\u00ednh l\u00e0 s\u1ef1 l\u1ef1a ch\u1ecdn ho\u00e0n h\u1ea3o cho:<\/div>\n<div><\/div>\n<div>Ng\u00e0y 8\/3, 20\/10<\/div>\n<div>Sinh nh\u1eadt ng\u01b0\u1eddi y\u00eau, v\u1ee3, m\u1eb9<\/div>\n<div>Ng\u00e0y Valentine<\/div>\n<div>Ng\u00e0y k\u1ef7 ni\u1ec7m c\u01b0\u1edbi<\/div>\n<h4><span class=\"ez-toc-section\" id=\"cam_binh_%e2%80%93_diem_nhan_sang_trong_cho_khong_gian_song\"><\/span><strong>C\u1eafm b\u00ecnh \u2013 \u0111i\u1ec3m nh\u1ea5n sang tr\u1ecdng cho kh\u00f4ng gian s\u1ed1ng<\/strong><span class=\"ez-toc-section-end\"><\/span><\/h4>\n<div>Ch\u1ec9 c\u1ea7n 10\u201315 b\u00f4ng h\u1ed3ng \u0111\u1ecf c\u00f4 d\u00e2u l\u00e0 b\u1ea1n \u0111\u00e3 c\u00f3 ngay m\u1ed9t b\u00ecnh hoa sang tr\u1ecdng \u0111\u1ec3:<\/div>\n<div>Trang tr\u00ed ph\u00f2ng kh\u00e1ch<\/div>\n<div>\u0110\u1eb7t t\u1ea1i b\u00e0n ti\u1ec7c, l\u1ec5 t\u00e2n, ph\u00f2ng l\u00e0m vi\u1ec7c<\/div>\n<div>L\u00e0m \u0111i\u1ec3m nh\u1ea5n cho c\u00e1c kh\u00f4ng gian c\u1ea7n t\u1ea1o c\u1ea3m gi\u00e1c \u1ea5m \u00e1p v\u00e0 \u0111\u1eb3ng c\u1ea5p<\/div>\n<h3><span class=\"ez-toc-section\" id=\"mua_hoa_hong_do_co_dau_da_lat_o_dau_uy_tin\"><\/span><strong>Mua Hoa H\u1ed3ng \u0110\u1ecf C\u00f4 D\u00e2u \u0110\u00e0 L\u1ea1t \u1ede \u0110\u00e2u Uy T\u00edn?<\/strong><span class=\"ez-toc-section-end\"><\/span><\/h3>\n<h4><span class=\"ez-toc-section\" id=\"gv_garden_%e2%80%93_nguon_hoa_hong_do_chat_luong_cho_si_va_le\"><\/span><strong>GV Garden \u2013 Ngu\u1ed3n hoa h\u1ed3ng \u0111\u1ecf ch\u1ea5t l\u01b0\u1ee3ng cho s\u1ec9 v\u00e0 l\u1ebb<\/strong><span class=\"ez-toc-section-end\"><\/span><\/h4>\n<div>GV Garden cung c\u1ea5p hoa h\u1ed3ng \u0111\u1ecf c\u00f4 d\u00e2u chu\u1ea9n \u0110\u00e0 L\u1ea1t v\u1edbi ch\u1ea5t l\u01b0\u1ee3ng \u0111\u01b0\u1ee3c tuy\u1ec3n ch\u1ecdn k\u1ef9 l\u01b0\u1ee1ng:<\/div>\n<div><\/div>\n<div>M\u00e0u l\u00ean \u0111\u1ec1u, c\u00e1nh d\u00e0y, n\u1edf \u0111\u1eb9p<\/div>\n<div><\/div>\n<div>C\u00e0nh hoa d\u00e0i, \u00edt gai, d\u1ec5 ph\u1ed1i trong c\u00e1c m\u1eabu thi\u1ebft k\u1ebf<\/div>\n<div><\/div>\n<div>C\u00f3 s\u1eb5n s\u1ed1 l\u01b0\u1ee3ng l\u1edbn cho \u0111\u00e1m c\u01b0\u1edbi, s\u1ef1 ki\u1ec7n ho\u1eb7c \u0111\u1ea1i l\u00fd hoa<\/div>\n<div><\/div>\n<div>\ud83c\udf39 Li\u00ean h\u1ec7 \u0111\u1eb7t h\u00e0ng nhanh:<\/div>\n<div>\ud83d\udc49 Zalo\/Hotline: 0888.57.3355<\/div>\n<div>\ud83d\udc49 Website: GVgarden.asia<\/div>\n<div>\ud83d\udc49 Facebook: GV Garden \u2013 Shop hoa \u0110\u00e0 L\u1ea1t<\/div>\n<h3><span class=\"ez-toc-section\" id=\"ket_luan\"><\/span><strong>K\u1ebft Lu\u1eadn<\/strong><span class=\"ez-toc-section-end\"><\/span><\/h3>\n<div>Hoa h\u1ed3ng \u0111\u1ecf c\u00f4 d\u00e2u l\u00e0 l\u1ef1a ch\u1ecdn l\u00fd t\u01b0\u1edfng cho nh\u1eefng ai y\u00eau v\u1ebb \u0111\u1eb9p c\u1ed5 \u0111i\u1ec3n, tinh t\u1ebf v\u00e0 \u0111\u1ea7y c\u1ea3m x\u00fac. T\u1eeb \u00fd ngh\u0129a s\u00e2u s\u1eafc trong t\u00ecnh y\u00eau \u0111\u1ebfn kh\u1ea3 n\u0103ng \u1ee9ng d\u1ee5ng \u0111a d\u1ea1ng trong trang tr\u00ed v\u00e0 qu\u00e0 t\u1eb7ng, gi\u1ed1ng hoa n\u00e0y x\u1ee9ng \u0111\u00e1ng tr\u1edf th\u00e0nh t\u00e2m \u0111i\u1ec3m trong m\u1ecdi d\u1ecbp quan tr\u1ecdng c\u1ee7a b\u1ea1n.<\/div>\n","protected":false},"excerpt":{"rendered":"<p>Hoa H\u1ed3ng \u0110\u1ecf C\u00f4 D\u00e2u \u0110\u00e0 L\u1ea1t \u2013 V\u1ebb \u0110\u1eb9p V\u0129nh C\u1eedu C\u1ee7a T\u00ecnh Y\u00eau Gi\u1edbi Thi\u1ec7u Hoa H\u1ed3ng \u0110\u1ecf C\u00f4 D\u00e2u \u2013 M\u00e0u S\u1eafc Kh\u00f4ng Bao Gi\u1edd L\u1ed7i Th\u1eddi Hoa h\u1ed3ng \u0111\u1ecf c\u00f4 d\u00e2u l\u00e0 m\u1ed9t trong nh\u1eefng gi\u1ed1ng hoa h\u1ed3ng c\u1eaft c\u00e0nh \u0111\u01b0\u1ee3c \u01b0a chu\u1ed9ng h\u00e0ng \u0111\u1ea7u t\u1ea1i \u0110\u00e0 L\u1ea1t. S\u1edf h\u1eefu m\u00e0u [&#8230;]\n","protected":false},"featured_media":0,"comment_status":"open","ping_status":"closed","template":"","meta":[],"product_brand":[],"product_cat":[273,298],"product_tag":[427,430,429,428],"class_list":{"0":"post-5661","1":"product","2":"type-product","3":"status-publish","5":"product_cat-hoa-noi-dia-viet-nam","6":"product_cat-hoa-hong-da-lat-hoa-noi-dia-viet-nam-2","7":"product_tag-dac-diem-hoa-hong-do-co-dau-hoa-hong-do-la-gi","8":"product_tag-hoa-cuoi-mau-do-dep","9":"product_tag-hoa-hong-do-cat-canh-da-lat","10":"product_tag-y-nghia-hoa-hong-do-trong-tinh-yeu","12":"first","13":"instock","14":"shipping-taxable","15":"product-type-simple"},"_links":{"self":[{"href":"https:\/\/gvgarden.asia\/index.php?rest_route=\/wp\/v2\/product\/5661","targetHints":{"allow":["GET"]}}],"collection":[{"href":"https:\/\/gvgarden.asia\/index.php?rest_route=\/wp\/v2\/product"}],"about":[{"href":"https:\/\/gvgarden.asia\/index.php?rest_route=\/wp\/v2\/types\/product"}],"replies":[{"embeddable":true,"href":"https:\/\/gvgarden.asia\/index.php?rest_route=%2Fwp%2Fv2%2Fcomments&post=5661"}],"version-history":[{"count":3,"href":"https:\/\/gvgarden.asia\/index.php?rest_route=\/wp\/v2\/product\/5661\/revisions"}],"predecessor-version":[{"id":5664,"href":"https:\/\/gvgarden.asia\/index.php?rest_route=\/wp\/v2\/product\/5661\/revisions\/5664"}],"wp:attachment":[{"href":"https:\/\/gvgarden.asia\/index.php?rest_route=%2Fwp%2Fv2%2Fmedia&parent=5661"}],"wp:term":[{"taxonomy":"product_brand","embeddable":true,"href":"https:\/\/gvgarden.asia\/index.php?rest_route=%2Fwp%2Fv2%2Fproduct_brand&post=5661"},{"taxonomy":"product_cat","embeddable":true,"href":"https:\/\/gvgarden.asia\/index.php?rest_route=%2Fwp%2Fv2%2Fproduct_cat&post=5661"},{"taxonomy":"product_tag","embeddable":true,"href":"https:\/\/gvgarden.asia\/index.php?rest_route=%2Fwp%2Fv2%2Fproduct_tag&post=5661"}],"curies":[{"name":"wp","href":"https:\/\/api.w.org\/{rel}","templated":true}]}}