{"id":5659,"date":"2025-09-06T12:46:22","date_gmt":"2025-09-06T05:46:22","guid":{"rendered":"https:\/\/gvgarden.asia\/?post_type=product&#038;p=5659"},"modified":"2025-09-15T17:20:31","modified_gmt":"2025-09-15T10:20:31","slug":"hoa-hong-wicklen-da-lat","status":"publish","type":"product","link":"https:\/\/gvgarden.asia\/?product=hoa-hong-wicklen-da-lat","title":{"rendered":"Hoa H\u1ed3ng Wicklen"},"content":{"rendered":"<div id=\"ez-toc-container\" class=\"ez-toc-v2_0_76 counter-hierarchy ez-toc-counter ez-toc-grey ez-toc-container-direction\">\n<div class=\"ez-toc-title-container\">\n<p class=\"ez-toc-title\" style=\"cursor:inherit\">N\u1ed9i Dung B\u00e0i Vi\u1ebft<\/p>\n<span class=\"ez-toc-title-toggle\"><a href=\"#\" class=\"ez-toc-pull-right ez-toc-btn ez-toc-btn-xs ez-toc-btn-default ez-toc-toggle\" aria-label=\"Toggle Table of Content\"><span class=\"ez-toc-js-icon-con\"><span class=\"\"><span class=\"eztoc-hide\" style=\"display:none;\">Toggle<\/span><span class=\"ez-toc-icon-toggle-span\"><svg style=\"fill: #999;color:#999\" xmlns=\"http:\/\/www.w3.org\/2000\/svg\" class=\"list-377408\" width=\"20px\" height=\"20px\" viewBox=\"0 0 24 24\" fill=\"none\"><path d=\"M6 6H4v2h2V6zm14 0H8v2h12V6zM4 11h2v2H4v-2zm16 0H8v2h12v-2zM4 16h2v2H4v-2zm16 0H8v2h12v-2z\" fill=\"currentColor\"><\/path><\/svg><svg style=\"fill: #999;color:#999\" class=\"arrow-unsorted-368013\" xmlns=\"http:\/\/www.w3.org\/2000\/svg\" width=\"10px\" height=\"10px\" viewBox=\"0 0 24 24\" version=\"1.2\" baseProfile=\"tiny\"><path d=\"M18.2 9.3l-6.2-6.3-6.2 6.3c-.2.2-.3.4-.3.7s.1.5.3.7c.2.2.4.3.7.3h11c.3 0 .5-.1.7-.3.2-.2.3-.5.3-.7s-.1-.5-.3-.7zM5.8 14.7l6.2 6.3 6.2-6.3c.2-.2.3-.5.3-.7s-.1-.5-.3-.7c-.2-.2-.4-.3-.7-.3h-11c-.3 0-.5.1-.7.3-.2.2-.3.5-.3.7s.1.5.3.7z\"\/><\/svg><\/span><\/span><\/span><\/a><\/span><\/div>\n<nav><ul class='ez-toc-list ez-toc-list-level-1 eztoc-toggle-hide-by-default' ><li class='ez-toc-page-1 ez-toc-heading-level-2'><a class=\"ez-toc-link ez-toc-heading-1\" href=\"https:\/\/gvgarden.asia\/?product=hoa-hong-wicklen-da-lat\/#hoa_hong_wicklen_da_lat_%e2%80%93_nang_tho_mau_kem_hong_kieu_ky\" >Hoa H\u1ed3ng Wicklen \u0110\u00e0 L\u1ea1t \u2013 N\u00e0ng Th\u01a1 M\u00e0u Kem H\u1ed3ng Ki\u00eau K\u1ef3<\/a><ul class='ez-toc-list-level-3' ><li class='ez-toc-heading-level-3'><a class=\"ez-toc-link ez-toc-heading-2\" href=\"https:\/\/gvgarden.asia\/?product=hoa-hong-wicklen-da-lat\/#gioi_thieu_hoa_hong_wicklen_%e2%80%93_bieu_tuong_cua_net_dep_tinh_te\" >Gi\u1edbi Thi\u1ec7u Hoa H\u1ed3ng Wicklen \u2013 Bi\u1ec3u T\u01b0\u1ee3ng C\u1ee7a N\u00e9t \u0110\u1eb9p Tinh T\u1ebf<\/a><\/li><li class='ez-toc-page-1 ez-toc-heading-level-3'><a class=\"ez-toc-link ez-toc-heading-3\" href=\"https:\/\/gvgarden.asia\/?product=hoa-hong-wicklen-da-lat\/#y_nghia_cua_hoa_hong_wicklen_%e2%80%93_diu_dang_va_biet_on\" >\u00dd Ngh\u0129a C\u1ee7a Hoa H\u1ed3ng Wicklen \u2013 D\u1ecbu D\u00e0ng V\u00e0 Bi\u1ebft \u01a0n<\/a><ul class='ez-toc-list-level-4' ><li class='ez-toc-heading-level-4'><a class=\"ez-toc-link ez-toc-heading-4\" href=\"https:\/\/gvgarden.asia\/?product=hoa-hong-wicklen-da-lat\/#su_hoa_quyen_cua_tinh_yeu_va_long_biet_on\" >S\u1ef1 h\u00f2a quy\u1ec7n c\u1ee7a t\u00ecnh y\u00eau v\u00e0 l\u00f2ng bi\u1ebft \u01a1n<\/a><\/li><li class='ez-toc-page-1 ez-toc-heading-level-4'><a class=\"ez-toc-link ez-toc-heading-5\" href=\"https:\/\/gvgarden.asia\/?product=hoa-hong-wicklen-da-lat\/#mau_sac_mang_thong_diep_cua_su_truong_thanh_va_thau_hieu\" >M\u00e0u s\u1eafc mang th\u00f4ng \u0111i\u1ec7p c\u1ee7a s\u1ef1 tr\u01b0\u1edfng th\u00e0nh v\u00e0 th\u1ea5u hi\u1ec3u<\/a><\/li><\/ul><\/li><li class='ez-toc-page-1 ez-toc-heading-level-3'><a class=\"ez-toc-link ez-toc-heading-6\" href=\"https:\/\/gvgarden.asia\/?product=hoa-hong-wicklen-da-lat\/#dac_diem_nhan_biet_hoa_hong_wicklen_chuan_da_lat\" >\u0110\u1eb7c \u0110i\u1ec3m Nh\u1eadn Bi\u1ebft Hoa H\u1ed3ng Wicklen Chu\u1ea9n \u0110\u00e0 L\u1ea1t<\/a><ul class='ez-toc-list-level-4' ><li class='ez-toc-heading-level-4'><a class=\"ez-toc-link ez-toc-heading-7\" href=\"https:\/\/gvgarden.asia\/?product=hoa-hong-wicklen-da-lat\/#mau_sac_dac_trung\" >M\u00e0u s\u1eafc \u0111\u1eb7c tr\u01b0ng<\/a><\/li><li class='ez-toc-page-1 ez-toc-heading-level-4'><a class=\"ez-toc-link ez-toc-heading-8\" href=\"https:\/\/gvgarden.asia\/?product=hoa-hong-wicklen-da-lat\/#form_va_canh_hoa\" >Form v\u00e0 c\u00e1nh hoa<\/a><\/li><li class='ez-toc-page-1 ez-toc-heading-level-4'><a class=\"ez-toc-link ez-toc-heading-9\" href=\"https:\/\/gvgarden.asia\/?product=hoa-hong-wicklen-da-lat\/#do_ben\" >\u0110\u1ed9 b\u1ec1n<\/a><\/li><\/ul><\/li><li class='ez-toc-page-1 ez-toc-heading-level-3'><a class=\"ez-toc-link ez-toc-heading-10\" href=\"https:\/\/gvgarden.asia\/?product=hoa-hong-wicklen-da-lat\/#ung_dung_cua_hoa_hong_wicklen_trong_cuoc_song\" >\u1ee8ng D\u1ee5ng C\u1ee7a Hoa H\u1ed3ng Wicklen Trong Cu\u1ed9c S\u1ed1ng<\/a><ul class='ez-toc-list-level-4' ><li class='ez-toc-heading-level-4'><a class=\"ez-toc-link ez-toc-heading-11\" href=\"https:\/\/gvgarden.asia\/?product=hoa-hong-wicklen-da-lat\/#dung_lam_hoa_cuoi_cao_cap\" >D\u00f9ng l\u00e0m hoa c\u01b0\u1edbi cao c\u1ea5p<\/a><\/li><li class='ez-toc-page-1 ez-toc-heading-level-4'><a class=\"ez-toc-link ez-toc-heading-12\" href=\"https:\/\/gvgarden.asia\/?product=hoa-hong-wicklen-da-lat\/#trang_tri_su_kien_%e2%80%93_tao_diem_nhan_tinh_te\" >Trang tr\u00ed s\u1ef1 ki\u1ec7n \u2013 t\u1ea1o \u0111i\u1ec3m nh\u1ea5n tinh t\u1ebf<\/a><\/li><li class='ez-toc-page-1 ez-toc-heading-level-4'><a class=\"ez-toc-link ez-toc-heading-13\" href=\"https:\/\/gvgarden.asia\/?product=hoa-hong-wicklen-da-lat\/#qua_tang_mang_tinh_ca_nhan_hoa_cao\" >Qu\u00e0 t\u1eb7ng mang t\u00ednh c\u00e1 nh\u00e2n h\u00f3a cao<\/a><\/li><\/ul><\/li><li class='ez-toc-page-1 ez-toc-heading-level-3'><a class=\"ez-toc-link ez-toc-heading-14\" href=\"https:\/\/gvgarden.asia\/?product=hoa-hong-wicklen-da-lat\/#mua_hoa_hong_wicklen_da_lat_o_dau_uy_tin\" >Mua Hoa H\u1ed3ng Wicklen \u0110\u00e0 L\u1ea1t \u1ede \u0110\u00e2u Uy T\u00edn?<\/a><ul class='ez-toc-list-level-4' ><li class='ez-toc-heading-level-4'><a class=\"ez-toc-link ez-toc-heading-15\" href=\"https:\/\/gvgarden.asia\/?product=hoa-hong-wicklen-da-lat\/#gv_garden_%e2%80%93_nha_cung_cap_hoa_hong_wicklen_si_va_le\" >GV Garden \u2013 Nh\u00e0 cung c\u1ea5p hoa h\u1ed3ng Wicklen s\u1ec9 v\u00e0 l\u1ebb<\/a><\/li><\/ul><\/li><li class='ez-toc-page-1 ez-toc-heading-level-3'><a class=\"ez-toc-link ez-toc-heading-16\" href=\"https:\/\/gvgarden.asia\/?product=hoa-hong-wicklen-da-lat\/#ket_luan\" >K\u1ebft Lu\u1eadn<\/a><\/li><\/ul><\/li><\/ul><\/nav><\/div>\n<h2><span class=\"ez-toc-section\" id=\"hoa_hong_wicklen_da_lat_%e2%80%93_nang_tho_mau_kem_hong_kieu_ky\"><\/span><strong>Hoa H\u1ed3ng Wicklen \u0110\u00e0 L\u1ea1t \u2013 N\u00e0ng Th\u01a1 M\u00e0u Kem H\u1ed3ng Ki\u00eau K\u1ef3<\/strong><span class=\"ez-toc-section-end\"><\/span><\/h2>\n<h3><span class=\"ez-toc-section\" id=\"gioi_thieu_hoa_hong_wicklen_%e2%80%93_bieu_tuong_cua_net_dep_tinh_te\"><\/span><strong>Gi\u1edbi Thi\u1ec7u Hoa H\u1ed3ng Wicklen \u2013 Bi\u1ec3u T\u01b0\u1ee3ng C\u1ee7a N\u00e9t \u0110\u1eb9p Tinh T\u1ebf<\/strong><span class=\"ez-toc-section-end\"><\/span><\/h3>\n<div>Hoa h\u1ed3ng Wicklen l\u00e0 m\u1ed9t trong nh\u1eefng gi\u1ed1ng hoa h\u1ed3ng cao c\u1ea5p \u0111\u01b0\u1ee3c tr\u1ed3ng nhi\u1ec1u t\u1ea1i v\u00f9ng kh\u00ed h\u1eadu l\u1ea1nh c\u1ee7a \u0110\u00e0 L\u1ea1t. N\u1ed5i b\u1eadt v\u1edbi s\u1eafc h\u1ed3ng ph\u1ea5n ng\u1ecdt ng\u00e0o pha kem, \u0111\u00f4i khi \u00e1nh l\u00ean s\u1eafc cam nh\u1eb9 \u1edf vi\u1ec1n c\u00e1nh, Wicklen d\u1ec5 d\u00e0ng chinh ph\u1ee5c c\u1ea3 nh\u1eefng kh\u00e1ch h\u00e0ng kh\u00f3 t\u00ednh nh\u1ea5t b\u1edfi v\u1ebb \u0111\u1eb9p v\u1eeba thanh l\u1ecbch, v\u1eeba n\u1ed3ng n\u00e0n.<\/div>\n<div><\/div>\n<div>T\u1ea1i GV Garden, Wicklen l\u00e0 m\u1ed9t trong nh\u1eefng d\u00f2ng hoa b\u00e1n ch\u1ea1y nh\u1ea5t b\u1edfi ch\u1ea5t l\u01b0\u1ee3ng c\u00e1nh d\u00e0y, form n\u1edf \u0111\u1ec1u v\u00e0 m\u00e0u s\u1eafc thay \u0111\u1ed5i nh\u1eb9 theo t\u1eebng giai \u0111o\u1ea1n bung n\u1ee5 \u2013 t\u1ea1o n\u00ean hi\u1ec7u \u1ee9ng \u201cm\u1ed7i ng\u00e0y m\u1ed9t v\u1ebb\u201d.<\/div>\n<div><\/div>\n<h3><span class=\"ez-toc-section\" id=\"y_nghia_cua_hoa_hong_wicklen_%e2%80%93_diu_dang_va_biet_on\"><\/span><strong>\u00dd Ngh\u0129a C\u1ee7a Hoa H\u1ed3ng Wicklen \u2013 D\u1ecbu D\u00e0ng V\u00e0 Bi\u1ebft \u01a0n<\/strong><span class=\"ez-toc-section-end\"><\/span><\/h3>\n<h4><span class=\"ez-toc-section\" id=\"su_hoa_quyen_cua_tinh_yeu_va_long_biet_on\"><\/span><strong>S\u1ef1 h\u00f2a quy\u1ec7n c\u1ee7a t\u00ecnh y\u00eau v\u00e0 l\u00f2ng bi\u1ebft \u01a1n<\/strong><span class=\"ez-toc-section-end\"><\/span><\/h4>\n<div>M\u00e0u s\u1eafc c\u1ee7a Wicklen kh\u00f4ng r\u1ef1c r\u1ee1 nh\u01b0 cam ch\u00e1y, kh\u00f4ng ng\u00e2y th\u01a1 nh\u01b0 h\u1ed3ng pastel, m\u00e0 l\u00e0 s\u1ef1 pha tr\u1ed9n gi\u1eefa s\u1ef1 ng\u1ecdt ng\u00e0o c\u1ee7a t\u00ecnh y\u00eau v\u00e0 s\u1ef1 tr\u00e2n tr\u1ecdng c\u1ee7a l\u00f2ng bi\u1ebft \u01a1n. \u0110\u00e2y l\u00e0 l\u00fd do v\u00ec sao Wicklen r\u1ea5t \u0111\u01b0\u1ee3c \u01b0a chu\u1ed9ng trong c\u00e1c d\u1ecbp:<\/div>\n<div><\/div>\n<div>L\u1ec5 c\u01b0\u1edbi,<\/div>\n<div>Sinh nh\u1eadt ng\u01b0\u1eddi th\u00e2n,<\/div>\n<div>T\u1eb7ng m\u1eb9, ng\u01b0\u1eddi th\u1ea7y, c\u1ea5p tr\u00ean,<\/div>\n<div>K\u1ef7 ni\u1ec7m ng\u00e0y y\u00eau hay ng\u00e0y c\u01b0\u1edbi.<\/div>\n<h4><span class=\"ez-toc-section\" id=\"mau_sac_mang_thong_diep_cua_su_truong_thanh_va_thau_hieu\"><\/span><strong>M\u00e0u s\u1eafc mang th\u00f4ng \u0111i\u1ec7p c\u1ee7a s\u1ef1 tr\u01b0\u1edfng th\u00e0nh v\u00e0 th\u1ea5u hi\u1ec3u<\/strong><span class=\"ez-toc-section-end\"><\/span><\/h4>\n<div>Wicklen kh\u00f4ng d\u00e0nh cho s\u1ef1 s\u00f4i n\u1ed5i tu\u1ed5i tr\u1ebb, m\u00e0 l\u00e0 d\u00e0nh cho s\u1ef1 tinh t\u1ebf c\u1ee7a nh\u1eefng tr\u00e1i tim \u0111\u00e3 t\u1eebng tr\u1ea3i \u2013 bi\u1ebft y\u00eau s\u00e2u, v\u00e0 bi\u1ebft qu\u00fd \u0111i\u1ec1u gi\u1ea3n d\u1ecb.<\/div>\n<h3><span class=\"ez-toc-section\" id=\"dac_diem_nhan_biet_hoa_hong_wicklen_chuan_da_lat\"><\/span><strong>\u0110\u1eb7c \u0110i\u1ec3m Nh\u1eadn Bi\u1ebft Hoa H\u1ed3ng Wicklen Chu\u1ea9n \u0110\u00e0 L\u1ea1t<\/strong><span class=\"ez-toc-section-end\"><\/span><\/h3>\n<h4><span class=\"ez-toc-section\" id=\"mau_sac_dac_trung\"><\/span><strong>M\u00e0u s\u1eafc \u0111\u1eb7c tr\u01b0ng<\/strong><span class=\"ez-toc-section-end\"><\/span><\/h4>\n<div>M\u00e0u ch\u1ee7 \u0111\u1ea1o: H\u1ed3ng kem<\/div>\n<div>Vi\u1ec1n c\u00e1nh: \u00c1nh cam nh\u1ea1t, \u0111\u00f4i khi chuy\u1ec3n sang h\u1ed3ng nude ho\u1eb7c h\u1ed3ng \u0111\u1ea5t khi hoa n\u1edf r\u1ed9<\/div>\n<div>C\u00e1nh ngo\u00e0i: C\u00f3 th\u1ec3 h\u01a1i xo\u0103n, vi\u1ec1n ch\u00e1y nh\u1eb9 \u2013 \u0111\u1eb7c tr\u01b0ng c\u1ee7a hoa tr\u1ed3ng \u1edf kh\u00ed h\u1eadu l\u1ea1nh nh\u01b0 \u0110\u00e0 L\u1ea1t<\/div>\n<h4><span class=\"ez-toc-section\" id=\"form_va_canh_hoa\"><\/span><strong>Form v\u00e0 c\u00e1nh hoa<\/strong><span class=\"ez-toc-section-end\"><\/span><\/h4>\n<div>Form: Tr\u00f2n \u0111\u1ec1u, n\u1edf theo d\u1ea1ng ly ho\u1eb7c tr\u1ee9ng<\/div>\n<div>C\u00e1nh: X\u1ebfp nhi\u1ec1u l\u1edbp, d\u00e0y, m\u1ec1m m\u1ea1i nh\u01b0ng gi\u1eef form l\u00e2u<\/div>\n<div>Th\u00e2n: D\u00e0i, th\u1eb3ng, l\u00e1 xanh \u0111\u1eadm, r\u1ea5t th\u00edch h\u1ee3p \u0111\u1ec3 c\u1eafm b\u00ecnh ho\u1eb7c b\u00f3 hoa<\/div>\n<h4><span class=\"ez-toc-section\" id=\"do_ben\"><\/span><strong>\u0110\u1ed9 b\u1ec1n<\/strong><span class=\"ez-toc-section-end\"><\/span><\/h4>\n<div>Hoa Wicklen gi\u1eef form t\u1ed1t t\u1eeb 5\u20137 ng\u00e0y n\u1ebfu b\u1ea3o qu\u1ea3n trong nhi\u1ec7t \u0111\u1ed9 m\u00e1t, thay n\u01b0\u1edbc \u0111\u1ec1u v\u00e0 tr\u00e1nh \u00e1nh n\u1eafng tr\u1ef1c ti\u1ebfp.<\/div>\n<h3><span class=\"ez-toc-section\" id=\"ung_dung_cua_hoa_hong_wicklen_trong_cuoc_song\"><\/span><strong>\u1ee8ng D\u1ee5ng C\u1ee7a Hoa H\u1ed3ng Wicklen Trong Cu\u1ed9c S\u1ed1ng<\/strong><span class=\"ez-toc-section-end\"><\/span><\/h3>\n<h4><span class=\"ez-toc-section\" id=\"dung_lam_hoa_cuoi_cao_cap\"><\/span><strong>D\u00f9ng l\u00e0m hoa c\u01b0\u1edbi cao c\u1ea5p<\/strong><span class=\"ez-toc-section-end\"><\/span><\/h4>\n<div>V\u1edbi gam m\u00e0u d\u1ecbu d\u00e0ng, Wicklen r\u1ea5t \u0111\u01b0\u1ee3c c\u00e1c c\u00f4 d\u00e2u ch\u1ecdn l\u00e0m hoa c\u01b0\u1edbi c\u1ea7m tay ho\u1eb7c hoa c\u00e0i ng\u1ef1c cho ch\u00fa r\u1ec3. M\u00e0u s\u1eafc trung t\u00ednh d\u1ec5 ph\u1ed1i h\u1ee3p v\u1edbi c\u00e1c t\u00f4ng pastel, v\u00e0ng champagne hay tr\u1eafng kem trong ti\u1ec7c c\u01b0\u1edbi.<\/div>\n<h4><span class=\"ez-toc-section\" id=\"trang_tri_su_kien_%e2%80%93_tao_diem_nhan_tinh_te\"><\/span><strong>Trang tr\u00ed s\u1ef1 ki\u1ec7n \u2013 t\u1ea1o \u0111i\u1ec3m nh\u1ea5n tinh t\u1ebf<\/strong><span class=\"ez-toc-section-end\"><\/span><\/h4>\n<div>Wicklen \u0111\u01b0\u1ee3c s\u1eed d\u1ee5ng nhi\u1ec1u trong backdrop ch\u1ee5p \u1ea3nh, trang tr\u00ed b\u00e0n ti\u1ec7c, gi\u1ecf hoa t\u1eb7ng kh\u00e1ch VIP, nh\u1edd s\u1ef1 sang tr\u1ecdng, nh\u1eb9 nh\u00e0ng v\u00e0 h\u1ee3p v\u1edbi nhi\u1ec1u ch\u1ee7 \u0111\u1ec1 ti\u1ec7c: t\u1eeb vintage \u0111\u1ebfn hi\u1ec7n \u0111\u1ea1i.<\/div>\n<h4><span class=\"ez-toc-section\" id=\"qua_tang_mang_tinh_ca_nhan_hoa_cao\"><\/span><strong>Qu\u00e0 t\u1eb7ng mang t\u00ednh c\u00e1 nh\u00e2n h\u00f3a cao<\/strong><span class=\"ez-toc-section-end\"><\/span><\/h4>\n<div>M\u1ed9t b\u00f3 Wicklen k\u1ebft h\u1ee3p c\u00f9ng l\u00e1 b\u1ea1c, c\u00e1t t\u01b0\u1eddng tr\u1eafng ho\u1eb7c baby \u2013 s\u1ebd tr\u1edf th\u00e0nh m\u00f3n qu\u00e0 \u00fd ngh\u0129a cho nh\u1eefng d\u1ecbp \u0111\u1eb7c bi\u1ec7t, \u0111\u1eb7c bi\u1ec7t v\u1edbi ng\u01b0\u1eddi ph\u1ee5 n\u1eef tr\u01b0\u1edfng th\u00e0nh, m\u1eb9, ch\u1ecb g\u00e1i, ng\u01b0\u1eddi y\u00eau l\u00e2u n\u0103m,\u2026<\/div>\n<h3><span class=\"ez-toc-section\" id=\"mua_hoa_hong_wicklen_da_lat_o_dau_uy_tin\"><\/span><strong>Mua Hoa H\u1ed3ng Wicklen \u0110\u00e0 L\u1ea1t \u1ede \u0110\u00e2u Uy T\u00edn?<\/strong><span class=\"ez-toc-section-end\"><\/span><\/h3>\n<h4><span class=\"ez-toc-section\" id=\"gv_garden_%e2%80%93_nha_cung_cap_hoa_hong_wicklen_si_va_le\"><\/span><strong>GV Garden \u2013 Nh\u00e0 cung c\u1ea5p hoa h\u1ed3ng Wicklen s\u1ec9 v\u00e0 l\u1ebb<\/strong><span class=\"ez-toc-section-end\"><\/span><\/h4>\n<div>T\u1ea1i GV Garden, ch\u00fang t\u00f4i cung c\u1ea5p hoa h\u1ed3ng Wicklen chu\u1ea9n \u0110\u00e0 L\u1ea1t v\u1edbi ch\u1ea5t l\u01b0\u1ee3ng v\u01b0\u1ee3t tr\u1ed9i:<\/div>\n<div><\/div>\n<div>C\u00e1nh d\u00e0y, t\u01b0\u01a1i l\u00e2u, l\u00ean m\u00e0u \u0111\u1ec1u<\/div>\n<div><\/div>\n<div>Giao h\u00e0ng to\u00e0n qu\u1ed1c<\/div>\n<div><\/div>\n<div>Gi\u00e1 s\u1ec9 \u01b0u \u0111\u00e3i cho \u0111\u1ea1i l\u00fd, ti\u1ec7m hoa<\/div>\n<div><\/div>\n<div>\ud83d\udc49 \u0110\u1eb7t h\u00e0ng ngay h\u00f4m nay qua Hotline: 0888.57.3355 ho\u1eb7c inbox fanpage \u0111\u1ec3 \u0111\u01b0\u1ee3c b\u00e1o gi\u00e1 t\u1ed1t nh\u1ea5t.<\/div>\n<h3><span class=\"ez-toc-section\" id=\"ket_luan\"><\/span><strong>K\u1ebft Lu\u1eadn<\/strong><span class=\"ez-toc-section-end\"><\/span><\/h3>\n<div>Hoa h\u1ed3ng Wicklen \u0110\u00e0 L\u1ea1t kh\u00f4ng ch\u1ec9 l\u00e0 m\u1ed9t gi\u1ed1ng hoa \u0111\u1eb9p m\u00e0 c\u00f2n l\u00e0 bi\u1ec3u t\u01b0\u1ee3ng c\u1ee7a s\u1ef1 d\u1ecbu d\u00e0ng, tinh t\u1ebf v\u00e0 tr\u01b0\u1edfng th\u00e0nh trong t\u00ecnh c\u1ea3m. V\u1edbi v\u1ebb ngo\u00e0i cu\u1ed1n h\u00fat, \u00fd ngh\u0129a s\u00e2u s\u1eafc v\u00e0 \u0111\u1ed9 b\u1ec1n cao, Wicklen x\u1ee9ng \u0111\u00e1ng l\u00e0 l\u1ef1a ch\u1ecdn h\u00e0ng \u0111\u1ea7u cho m\u1ecdi d\u1ecbp \u0111\u1eb7c bi\u1ec7t.<\/div>\n","protected":false},"excerpt":{"rendered":"<p>Hoa H\u1ed3ng Wicklen \u0110\u00e0 L\u1ea1t \u2013 N\u00e0ng Th\u01a1 M\u00e0u Kem H\u1ed3ng Ki\u00eau K\u1ef3 Gi\u1edbi Thi\u1ec7u Hoa H\u1ed3ng Wicklen \u2013 Bi\u1ec3u T\u01b0\u1ee3ng C\u1ee7a N\u00e9t \u0110\u1eb9p Tinh T\u1ebf Hoa h\u1ed3ng Wicklen l\u00e0 m\u1ed9t trong nh\u1eefng gi\u1ed1ng hoa h\u1ed3ng cao c\u1ea5p \u0111\u01b0\u1ee3c tr\u1ed3ng nhi\u1ec1u t\u1ea1i v\u00f9ng kh\u00ed h\u1eadu l\u1ea1nh c\u1ee7a \u0110\u00e0 L\u1ea1t. N\u1ed5i b\u1eadt v\u1edbi s\u1eafc h\u1ed3ng ph\u1ea5n [&#8230;]\n","protected":false},"featured_media":5797,"comment_status":"open","ping_status":"closed","template":"","meta":[],"product_brand":[],"product_cat":[273,298],"product_tag":[423,425,426,422,424],"class_list":{"0":"post-5659","1":"product","2":"type-product","3":"status-publish","4":"has-post-thumbnail","6":"product_cat-hoa-noi-dia-viet-nam","7":"product_cat-hoa-hong-da-lat-hoa-noi-dia-viet-nam-2","8":"product_tag-dac-diem-hoa-hong-wicklen","9":"product_tag-hoa-hong-cao-cap-da-lat","10":"product_tag-hoa-hong-cat-canh-dep","11":"product_tag-hong-wicklen-mau-gi","12":"product_tag-y-nghia-hoa-hong-wicklen","14":"first","15":"instock","16":"shipping-taxable","17":"product-type-simple"},"_links":{"self":[{"href":"https:\/\/gvgarden.asia\/index.php?rest_route=\/wp\/v2\/product\/5659","targetHints":{"allow":["GET"]}}],"collection":[{"href":"https:\/\/gvgarden.asia\/index.php?rest_route=\/wp\/v2\/product"}],"about":[{"href":"https:\/\/gvgarden.asia\/index.php?rest_route=\/wp\/v2\/types\/product"}],"replies":[{"embeddable":true,"href":"https:\/\/gvgarden.asia\/index.php?rest_route=%2Fwp%2Fv2%2Fcomments&post=5659"}],"version-history":[{"count":1,"href":"https:\/\/gvgarden.asia\/index.php?rest_route=\/wp\/v2\/product\/5659\/revisions"}],"predecessor-version":[{"id":5660,"href":"https:\/\/gvgarden.asia\/index.php?rest_route=\/wp\/v2\/product\/5659\/revisions\/5660"}],"wp:featuredmedia":[{"embeddable":true,"href":"https:\/\/gvgarden.asia\/index.php?rest_route=\/wp\/v2\/media\/5797"}],"wp:attachment":[{"href":"https:\/\/gvgarden.asia\/index.php?rest_route=%2Fwp%2Fv2%2Fmedia&parent=5659"}],"wp:term":[{"taxonomy":"product_brand","embeddable":true,"href":"https:\/\/gvgarden.asia\/index.php?rest_route=%2Fwp%2Fv2%2Fproduct_brand&post=5659"},{"taxonomy":"product_cat","embeddable":true,"href":"https:\/\/gvgarden.asia\/index.php?rest_route=%2Fwp%2Fv2%2Fproduct_cat&post=5659"},{"taxonomy":"product_tag","embeddable":true,"href":"https:\/\/gvgarden.asia\/index.php?rest_route=%2Fwp%2Fv2%2Fproduct_tag&post=5659"}],"curies":[{"name":"wp","href":"https:\/\/api.w.org\/{rel}","templated":true}]}}