{"id":5652,"date":"2025-09-06T12:37:45","date_gmt":"2025-09-06T05:37:45","guid":{"rendered":"https:\/\/gvgarden.asia\/?post_type=product&#038;p=5652"},"modified":"2025-09-06T12:37:46","modified_gmt":"2025-09-06T05:37:46","slug":"hoa-hong-cam-ngoc-trai-da-lat","status":"publish","type":"product","link":"https:\/\/gvgarden.asia\/?product=hoa-hong-cam-ngoc-trai-da-lat","title":{"rendered":"Hoa H\u1ed3ng Cam Ng\u1ecdc Trai"},"content":{"rendered":"<div id=\"ez-toc-container\" class=\"ez-toc-v2_0_76 counter-hierarchy ez-toc-counter ez-toc-grey ez-toc-container-direction\">\n<div class=\"ez-toc-title-container\">\n<p class=\"ez-toc-title\" style=\"cursor:inherit\">N\u1ed9i Dung B\u00e0i Vi\u1ebft<\/p>\n<span class=\"ez-toc-title-toggle\"><a href=\"#\" class=\"ez-toc-pull-right ez-toc-btn ez-toc-btn-xs ez-toc-btn-default ez-toc-toggle\" aria-label=\"Toggle Table of Content\"><span class=\"ez-toc-js-icon-con\"><span class=\"\"><span class=\"eztoc-hide\" style=\"display:none;\">Toggle<\/span><span class=\"ez-toc-icon-toggle-span\"><svg style=\"fill: #999;color:#999\" xmlns=\"http:\/\/www.w3.org\/2000\/svg\" class=\"list-377408\" width=\"20px\" height=\"20px\" viewBox=\"0 0 24 24\" fill=\"none\"><path d=\"M6 6H4v2h2V6zm14 0H8v2h12V6zM4 11h2v2H4v-2zm16 0H8v2h12v-2zM4 16h2v2H4v-2zm16 0H8v2h12v-2z\" fill=\"currentColor\"><\/path><\/svg><svg style=\"fill: #999;color:#999\" class=\"arrow-unsorted-368013\" xmlns=\"http:\/\/www.w3.org\/2000\/svg\" width=\"10px\" height=\"10px\" viewBox=\"0 0 24 24\" version=\"1.2\" baseProfile=\"tiny\"><path d=\"M18.2 9.3l-6.2-6.3-6.2 6.3c-.2.2-.3.4-.3.7s.1.5.3.7c.2.2.4.3.7.3h11c.3 0 .5-.1.7-.3.2-.2.3-.5.3-.7s-.1-.5-.3-.7zM5.8 14.7l6.2 6.3 6.2-6.3c.2-.2.3-.5.3-.7s-.1-.5-.3-.7c-.2-.2-.4-.3-.7-.3h-11c-.3 0-.5.1-.7.3-.2.2-.3.5-.3.7s.1.5.3.7z\"\/><\/svg><\/span><\/span><\/span><\/a><\/span><\/div>\n<nav><ul class='ez-toc-list ez-toc-list-level-1 eztoc-toggle-hide-by-default' ><li class='ez-toc-page-1 ez-toc-heading-level-2'><a class=\"ez-toc-link ez-toc-heading-1\" href=\"https:\/\/gvgarden.asia\/?product=hoa-hong-cam-ngoc-trai-da-lat\/#hoa_hong_cam_ngoc_trai_da_lat_%e2%80%93_net_dep_diu_dang_va_sang_trong_tu_thien_nhien\" >Hoa H\u1ed3ng Cam Ng\u1ecdc Trai \u0110\u00e0 L\u1ea1t \u2013 N\u00e9t \u0110\u1eb9p D\u1ecbu D\u00e0ng v\u00e0 Sang Tr\u1ecdng T\u1eeb Thi\u00ean Nhi\u00ean<\/a><ul class='ez-toc-list-level-3' ><li class='ez-toc-heading-level-3'><a class=\"ez-toc-link ez-toc-heading-2\" href=\"https:\/\/gvgarden.asia\/?product=hoa-hong-cam-ngoc-trai-da-lat\/#gioi_thieu_ve_hoa_hong_cam_ngoc_trai\" >Gi\u1edbi thi\u1ec7u v\u1ec1 hoa h\u1ed3ng Cam Ng\u1ecdc Trai<\/a><\/li><li class='ez-toc-page-1 ez-toc-heading-level-3'><a class=\"ez-toc-link ez-toc-heading-3\" href=\"https:\/\/gvgarden.asia\/?product=hoa-hong-cam-ngoc-trai-da-lat\/#y_nghia_cua_hoa_hong_cam_ngoc_trai\" >\u00dd ngh\u0129a c\u1ee7a hoa h\u1ed3ng Cam Ng\u1ecdc Trai<\/a><ul class='ez-toc-list-level-4' ><li class='ez-toc-heading-level-4'><a class=\"ez-toc-link ez-toc-heading-4\" href=\"https:\/\/gvgarden.asia\/?product=hoa-hong-cam-ngoc-trai-da-lat\/#bieu_tuong_cua_su_yeu_thuong_va_ngot_ngao\" >Bi\u1ec3u t\u01b0\u1ee3ng c\u1ee7a s\u1ef1 y\u00eau th\u01b0\u01a1ng v\u00e0 ng\u1ecdt ng\u00e0o<\/a><\/li><li class='ez-toc-page-1 ez-toc-heading-level-4'><a class=\"ez-toc-link ez-toc-heading-5\" href=\"https:\/\/gvgarden.asia\/?product=hoa-hong-cam-ngoc-trai-da-lat\/#loi_chuc_cua_su_an_yen_va_tin_tuong\" >L\u1eddi ch\u00fac c\u1ee7a s\u1ef1 an y\u00ean v\u00e0 tin t\u01b0\u1edfng<\/a><\/li><\/ul><\/li><li class='ez-toc-page-1 ez-toc-heading-level-3'><a class=\"ez-toc-link ez-toc-heading-6\" href=\"https:\/\/gvgarden.asia\/?product=hoa-hong-cam-ngoc-trai-da-lat\/#dac_diem_noi_bat_cua_hoa_hong_cam_ngoc_trai_da_lat\" >\u0110\u1eb7c \u0111i\u1ec3m n\u1ed5i b\u1eadt c\u1ee7a hoa h\u1ed3ng Cam Ng\u1ecdc Trai \u0110\u00e0 L\u1ea1t<\/a><ul class='ez-toc-list-level-4' ><li class='ez-toc-heading-level-4'><a class=\"ez-toc-link ez-toc-heading-7\" href=\"https:\/\/gvgarden.asia\/?product=hoa-hong-cam-ngoc-trai-da-lat\/#mau_sac_dac_biet_%e2%80%93_sac_cam_anh_hong_nhe\" >M\u00e0u s\u1eafc \u0111\u1eb7c bi\u1ec7t \u2013 S\u1eafc cam \u00e1nh h\u1ed3ng nh\u1eb9<\/a><\/li><li class='ez-toc-page-1 ez-toc-heading-level-4'><a class=\"ez-toc-link ez-toc-heading-8\" href=\"https:\/\/gvgarden.asia\/?product=hoa-hong-cam-ngoc-trai-da-lat\/#form_bong_tron_nhieu_canh_no_deu\" >Form b\u00f4ng tr\u00f2n, nhi\u1ec1u c\u00e1nh, n\u1edf \u0111\u1ec1u<\/a><\/li><li class='ez-toc-page-1 ez-toc-heading-level-4'><a class=\"ez-toc-link ez-toc-heading-9\" href=\"https:\/\/gvgarden.asia\/?product=hoa-hong-cam-ngoc-trai-da-lat\/#huong_thom_nhe_va_do_ben_cao\" >H\u01b0\u01a1ng th\u01a1m nh\u1eb9 v\u00e0 \u0111\u1ed9 b\u1ec1n cao<\/a><\/li><li class='ez-toc-page-1 ez-toc-heading-level-4'><a class=\"ez-toc-link ez-toc-heading-10\" href=\"https:\/\/gvgarden.asia\/?product=hoa-hong-cam-ngoc-trai-da-lat\/#than_hoa_khoe_la_xanh_bong\" >Th\u00e2n hoa kh\u1ecfe, l\u00e1 xanh b\u00f3ng<\/a><\/li><\/ul><\/li><li class='ez-toc-page-1 ez-toc-heading-level-3'><a class=\"ez-toc-link ez-toc-heading-11\" href=\"https:\/\/gvgarden.asia\/?product=hoa-hong-cam-ngoc-trai-da-lat\/#ung_dung_cua_hoa_hong_cam_ngoc_trai_trong_doi_song\" >\u1ee8ng d\u1ee5ng c\u1ee7a hoa h\u1ed3ng Cam Ng\u1ecdc Trai trong \u0111\u1eddi s\u1ed1ng<\/a><ul class='ez-toc-list-level-4' ><li class='ez-toc-heading-level-4'><a class=\"ez-toc-link ez-toc-heading-12\" href=\"https:\/\/gvgarden.asia\/?product=hoa-hong-cam-ngoc-trai-da-lat\/#lam_hoa_bo_hoa_hop_cao_cap\" >L\u00e0m hoa b\u00f3, hoa h\u1ed9p cao c\u1ea5p<\/a><\/li><li class='ez-toc-page-1 ez-toc-heading-level-4'><a class=\"ez-toc-link ez-toc-heading-13\" href=\"https:\/\/gvgarden.asia\/?product=hoa-hong-cam-ngoc-trai-da-lat\/#trang_tri_khong_gian_noi_that_va_tiec_cuoi\" >Trang tr\u00ed kh\u00f4ng gian n\u1ed9i th\u1ea5t v\u00e0 ti\u1ec7c c\u01b0\u1edbi<\/a><\/li><li class='ez-toc-page-1 ez-toc-heading-level-4'><a class=\"ez-toc-link ez-toc-heading-14\" href=\"https:\/\/gvgarden.asia\/?product=hoa-hong-cam-ngoc-trai-da-lat\/#hoa_tang_sang_trong_cho_doanh_nghiep\" >Hoa t\u1eb7ng sang tr\u1ecdng cho doanh nghi\u1ec7p<\/a><\/li><\/ul><\/li><li class='ez-toc-page-1 ez-toc-heading-level-3'><a class=\"ez-toc-link ez-toc-heading-15\" href=\"https:\/\/gvgarden.asia\/?product=hoa-hong-cam-ngoc-trai-da-lat\/#mua_hoa_hong_cam_ngoc_trai_da_lat_o_dau_uy_tin\" >Mua hoa h\u1ed3ng Cam Ng\u1ecdc Trai \u0110\u00e0 L\u1ea1t \u1edf \u0111\u00e2u uy t\u00edn?<\/a><\/li><\/ul><\/li><\/ul><\/nav><\/div>\n<h2><span class=\"ez-toc-section\" id=\"hoa_hong_cam_ngoc_trai_da_lat_%e2%80%93_net_dep_diu_dang_va_sang_trong_tu_thien_nhien\"><\/span><strong>Hoa H\u1ed3ng Cam Ng\u1ecdc Trai \u0110\u00e0 L\u1ea1t \u2013 N\u00e9t \u0110\u1eb9p D\u1ecbu D\u00e0ng v\u00e0 Sang Tr\u1ecdng T\u1eeb Thi\u00ean Nhi\u00ean<\/strong><span class=\"ez-toc-section-end\"><\/span><\/h2>\n<h3><span class=\"ez-toc-section\" id=\"gioi_thieu_ve_hoa_hong_cam_ngoc_trai\"><\/span><strong>Gi\u1edbi thi\u1ec7u v\u1ec1 hoa h\u1ed3ng Cam Ng\u1ecdc Trai<\/strong><span class=\"ez-toc-section-end\"><\/span><\/h3>\n<div>Hoa h\u1ed3ng Cam Ng\u1ecdc Trai l\u00e0 m\u1ed9t trong nh\u1eefng gi\u1ed1ng h\u1ed3ng cao c\u1ea5p, n\u1ed5i b\u1eadt trong b\u1ed9 s\u01b0u t\u1eadp hoa h\u1ed3ng \u0110\u00e0 L\u1ea1t t\u1ea1i GV Garden. V\u1edbi s\u1eafc cam ph\u1ea5n nh\u1ea1t t\u1ef1a nh\u01b0 \u00e1nh ng\u1ecdc trai h\u1ed3ng \u1ea9n hi\u1ec7n trong s\u01b0\u01a1ng s\u1edbm, hoa mang l\u1ea1i c\u1ea3m gi\u00e1c nh\u1eb9 nh\u00e0ng, thanh l\u1ecbch v\u00e0 \u0111\u1ea7y tinh t\u1ebf. \u0110\u00e2y l\u00e0 l\u1ef1a ch\u1ecdn ho\u00e0n h\u1ea3o cho nh\u1eefng ai y\u00eau th\u00edch v\u1ebb \u0111\u1eb9p n\u1ec1n n\u00e3, sang tr\u1ecdng m\u00e0 kh\u00f4ng qu\u00e1 ph\u00f4 tr\u01b0\u01a1ng.<\/div>\n<h3><span class=\"ez-toc-section\" id=\"y_nghia_cua_hoa_hong_cam_ngoc_trai\"><\/span><strong>\u00dd ngh\u0129a c\u1ee7a hoa h\u1ed3ng Cam Ng\u1ecdc Trai<\/strong><span class=\"ez-toc-section-end\"><\/span><\/h3>\n<h4><span class=\"ez-toc-section\" id=\"bieu_tuong_cua_su_yeu_thuong_va_ngot_ngao\"><\/span><strong>Bi\u1ec3u t\u01b0\u1ee3ng c\u1ee7a s\u1ef1 y\u00eau th\u01b0\u01a1ng v\u00e0 ng\u1ecdt ng\u00e0o<\/strong><span class=\"ez-toc-section-end\"><\/span><\/h4>\n<div>Hoa h\u1ed3ng cam t\u1eeb l\u00e2u \u0111\u00e3 \u0111\u01b0\u1ee3c xem l\u00e0 bi\u1ec3u t\u01b0\u1ee3ng c\u1ee7a s\u1ef1 nhi\u1ec7t huy\u1ebft, tr\u00e2n tr\u1ecdng v\u00e0 kh\u00e1t khao g\u1eafn b\u00f3. Nh\u01b0ng ri\u00eang Cam Ng\u1ecdc Trai \u2013 v\u1edbi s\u1eafc \u0111\u1ed9 nh\u1ea1t, l\u1ea1i mang th\u00eam \u00fd ngh\u0129a s\u00e2u s\u1eafc v\u1ec1 s\u1ef1 d\u1ecbu d\u00e0ng, th\u1ea5u hi\u1ec3u v\u00e0 ng\u1ecdt ng\u00e0o trong t\u00ecnh c\u1ea3m.<\/div>\n<h4><span class=\"ez-toc-section\" id=\"loi_chuc_cua_su_an_yen_va_tin_tuong\"><\/span><strong>L\u1eddi ch\u00fac c\u1ee7a s\u1ef1 an y\u00ean v\u00e0 tin t\u01b0\u1edfng<\/strong><span class=\"ez-toc-section-end\"><\/span><\/h4>\n<div>Kh\u00f4ng r\u1ef1c r\u1ee1 nh\u01b0 \u0111\u1ecf, kh\u00f4ng tinh kh\u00f4i nh\u01b0 tr\u1eafng, s\u1eafc cam pastel c\u1ee7a Ng\u1ecdc Trai g\u1ee3i nh\u1edb \u0111\u1ebfn nh\u1eefng c\u1ea3m x\u00fac b\u00ecnh y\u00ean, ph\u00f9 h\u1ee3p \u0111\u1ec3 t\u1eb7ng b\u1ea1n \u0111\u1eddi, b\u1ea1n th\u00e2n, ho\u1eb7c nh\u1eefng ng\u01b0\u1eddi ph\u1ee5 n\u1eef tinh t\u1ebf trong cu\u1ed9c s\u1ed1ng nh\u01b0 m\u1eb9, c\u00f4 gi\u00e1o, \u0111\u1ed3ng nghi\u1ec7p\u2026<\/div>\n<h3><span class=\"ez-toc-section\" id=\"dac_diem_noi_bat_cua_hoa_hong_cam_ngoc_trai_da_lat\"><\/span><strong>\u0110\u1eb7c \u0111i\u1ec3m n\u1ed5i b\u1eadt c\u1ee7a hoa h\u1ed3ng Cam Ng\u1ecdc Trai \u0110\u00e0 L\u1ea1t<\/strong><span class=\"ez-toc-section-end\"><\/span><\/h3>\n<h4><span class=\"ez-toc-section\" id=\"mau_sac_dac_biet_%e2%80%93_sac_cam_anh_hong_nhe\"><\/span><strong>M\u00e0u s\u1eafc \u0111\u1eb7c bi\u1ec7t \u2013 S\u1eafc cam \u00e1nh h\u1ed3ng nh\u1eb9<\/strong><span class=\"ez-toc-section-end\"><\/span><\/h4>\n<div>M\u00e0u hoa l\u00e0 \u0111i\u1ec3m thu h\u00fat \u0111\u1ea7u ti\u00ean c\u1ee7a gi\u1ed1ng h\u1ed3ng n\u00e0y. S\u1eafc cam nh\u1ea1t pha \u00e1nh h\u1ed3ng nh\u1eb9 nh\u01b0 l\u1edbp ng\u1ecdc trai ph\u1edbt s\u01b0\u01a1ng, t\u1ea1o n\u00ean s\u1ef1 kh\u00e1c bi\u1ec7t r\u00f5 r\u1ec7t so v\u1edbi c\u00e1c d\u00f2ng hoa cam truy\u1ec1n th\u1ed1ng.<\/div>\n<h4><span class=\"ez-toc-section\" id=\"form_bong_tron_nhieu_canh_no_deu\"><\/span><strong>Form b\u00f4ng tr\u00f2n, nhi\u1ec1u c\u00e1nh, n\u1edf \u0111\u1ec1u<\/strong><span class=\"ez-toc-section-end\"><\/span><\/h4>\n<div>B\u00f4ng hoa Cam Ng\u1ecdc Trai th\u01b0\u1eddng c\u00f3 k\u00edch th\u01b0\u1edbc v\u1eeba ph\u1ea3i (5\u20136cm), form tr\u00f2n \u0111\u1ec1u, c\u00e1nh x\u1ebfp kh\u00edt v\u00e0 m\u1ec1m m\u01b0\u1ee3t. Khi n\u1edf ho\u00e0n to\u00e0n, hoa bung \u0111\u1ec1u nh\u01b0 \u0111\u00f3a h\u1ed3ng c\u1ed5 t\u00edch.<\/div>\n<h4><span class=\"ez-toc-section\" id=\"huong_thom_nhe_va_do_ben_cao\"><\/span><strong>H\u01b0\u01a1ng th\u01a1m nh\u1eb9 v\u00e0 \u0111\u1ed9 b\u1ec1n cao<\/strong><span class=\"ez-toc-section-end\"><\/span><\/h4>\n<div>Kh\u00f4ng qu\u00e1 n\u1ed3ng, Cam Ng\u1ecdc Trai s\u1edf h\u1eefu h\u01b0\u01a1ng th\u01a1m d\u1ecbu \u2013 d\u1ec5 ch\u1ecbu cho kh\u00f4ng gian k\u00edn nh\u01b0 ph\u00f2ng ng\u1ee7, ph\u00f2ng kh\u00e1ch. \u0110\u1eb7c bi\u1ec7t, hoa c\u00f3 th\u1ec3 gi\u1eef t\u01b0\u01a1i t\u1eeb 7\u201310 ng\u00e0y n\u1ebfu \u0111\u01b0\u1ee3c b\u1ea3o qu\u1ea3n \u0111\u00fang c\u00e1ch.<\/div>\n<h4><span class=\"ez-toc-section\" id=\"than_hoa_khoe_la_xanh_bong\"><\/span><strong>Th\u00e2n hoa kh\u1ecfe, l\u00e1 xanh b\u00f3ng<\/strong><span class=\"ez-toc-section-end\"><\/span><\/h4>\n<div>\u0110\u01b0\u1ee3c tr\u1ed3ng v\u00e0 ch\u0103m s\u00f3c k\u1ef9 l\u01b0\u1ee1ng t\u1ea1i v\u00f9ng cao nguy\u00ean \u0110\u00e0 L\u1ea1t, th\u00e2n hoa Cam Ng\u1ecdc Trai ch\u1eafc kh\u1ecfe, th\u1eb3ng v\u00e0 \u00edt gai. L\u00e1 d\u00e0y, xanh th\u1eabm \u2013 l\u00e0 \u0111i\u1ec3m c\u1ed9ng l\u1edbn trong c\u1eafm hoa trang tr\u00ed.<\/div>\n<h3><span class=\"ez-toc-section\" id=\"ung_dung_cua_hoa_hong_cam_ngoc_trai_trong_doi_song\"><\/span><strong>\u1ee8ng d\u1ee5ng c\u1ee7a hoa h\u1ed3ng Cam Ng\u1ecdc Trai trong \u0111\u1eddi s\u1ed1ng<\/strong><span class=\"ez-toc-section-end\"><\/span><\/h3>\n<h4><span class=\"ez-toc-section\" id=\"lam_hoa_bo_hoa_hop_cao_cap\"><\/span><strong>L\u00e0m hoa b\u00f3, hoa h\u1ed9p cao c\u1ea5p<\/strong><span class=\"ez-toc-section-end\"><\/span><\/h4>\n<div>S\u1eafc hoa nh\u1eb9 nh\u00e0ng, d\u1ec5 ph\u1ed1i c\u00f9ng nhi\u1ec1u t\u00f4ng m\u00e0u nh\u01b0 tr\u1eafng, v\u00e0ng kem, h\u1ed3ng pastel\u2026 gi\u00fap hoa Cam Ng\u1ecdc Trai tr\u1edf th\u00e0nh l\u1ef1a ch\u1ecdn h\u00e0ng \u0111\u1ea7u trong c\u00e1c b\u00f3 hoa ch\u00fac m\u1eebng, sinh nh\u1eadt, ho\u1eb7c hoa t\u1eb7ng ng\u01b0\u1eddi th\u00e2n.<\/div>\n<h4><span class=\"ez-toc-section\" id=\"trang_tri_khong_gian_noi_that_va_tiec_cuoi\"><\/span><strong>Trang tr\u00ed kh\u00f4ng gian n\u1ed9i th\u1ea5t v\u00e0 ti\u1ec7c c\u01b0\u1edbi<\/strong><span class=\"ez-toc-section-end\"><\/span><\/h4>\n<div>Hoa \u0111\u01b0\u1ee3c s\u1eed d\u1ee5ng nhi\u1ec1u trong c\u00e1c bu\u1ed5i ti\u1ec7c c\u01b0\u1edbi, sinh nh\u1eadt, khai tr\u01b0\u01a1ng ho\u1eb7c trang tr\u00ed ph\u00f2ng kh\u00e1ch, b\u00e0n \u0103n. \u0110\u1eb7c bi\u1ec7t, s\u1eafc cam pastel ph\u00f9 h\u1ee3p v\u1edbi c\u00e1c kh\u00f4ng gian mang phong c\u00e1ch ch\u00e2u \u00c2u ho\u1eb7c t\u1ed1i gi\u1ea3n hi\u1ec7n \u0111\u1ea1i.<\/div>\n<h4><span class=\"ez-toc-section\" id=\"hoa_tang_sang_trong_cho_doanh_nghiep\"><\/span><strong>Hoa t\u1eb7ng sang tr\u1ecdng cho doanh nghi\u1ec7p<\/strong><span class=\"ez-toc-section-end\"><\/span><\/h4>\n<div>Trong c\u00e1c d\u1ecbp quan tr\u1ecdng nh\u01b0 tri \u00e2n \u0111\u1ed1i t\u00e1c, s\u1ef1 ki\u1ec7n khai tr\u01b0\u01a1ng, t\u1eb7ng hoa Cam Ng\u1ecdc Trai th\u1ec3 hi\u1ec7n s\u1ef1 tinh t\u1ebf, chuy\u00ean nghi\u1ec7p m\u00e0 kh\u00f4ng k\u00e9m ph\u1ea7n \u1ea5m \u00e1p.<\/div>\n<h3><span class=\"ez-toc-section\" id=\"mua_hoa_hong_cam_ngoc_trai_da_lat_o_dau_uy_tin\"><\/span><strong>Mua hoa h\u1ed3ng Cam Ng\u1ecdc Trai \u0110\u00e0 L\u1ea1t \u1edf \u0111\u00e2u uy t\u00edn?<\/strong><span class=\"ez-toc-section-end\"><\/span><\/h3>\n<div>T\u1ea1i GV Garden, ch\u00fang t\u00f4i cung c\u1ea5p s\u1ec9 v\u00e0 l\u1ebb c\u00e1c d\u00f2ng hoa h\u1ed3ng cao c\u1ea5p \u0110\u00e0 L\u1ea1t \u2013 \u0111\u1eb7c bi\u1ec7t l\u00e0 gi\u1ed1ng Cam Ng\u1ecdc Trai chu\u1ea9n gi\u1ed1ng, chu\u1ea9n m\u00e0u, chu\u1ea9n ch\u1ea5t l\u01b0\u1ee3ng.<\/div>\n<div>\u2705 Hoa lu\u00f4n \u0111\u01b0\u1ee3c c\u1eaft trong ng\u00e0y \u2013 \u0111\u1ea3m b\u1ea3o \u0111\u1ed9 t\u01b0\u01a1i m\u1edbi<\/div>\n<div>\u2705 \u0110\u00f3ng g\u00f3i chuy\u00ean nghi\u1ec7p \u2013 v\u1eadn chuy\u1ec3n to\u00e0n qu\u1ed1c<\/div>\n<div>\u2705 Gi\u00e1 t\u1ed1t cho kh\u00e1ch s\u1ec9 \u2013 h\u1ed7 tr\u1ee3 h\u00ecnh \u1ea3nh, marketing<\/div>\n<div><\/div>\n<div>\ud83d\udcde Li\u00ean h\u1ec7 ngay GV Garden \u0111\u1ec3 \u0111\u01b0\u1ee3c t\u01b0 v\u1ea5n v\u00e0 \u0111\u1eb7t hoa nhanh ch\u00f3ng!<\/div>\n","protected":false},"excerpt":{"rendered":"<div class=\"elementor-element elementor-element-24178e5 elementor-widget elementor-widget-heading\" data-id=\"24178e5\" data-element_type=\"widget\" data-widget_type=\"heading.default\">\n<div class=\"elementor-widget-container\">\n<h2 class=\"elementor-heading-title elementor-size-default\">M\u00f4 t\u1ea3 ng\u1eafn:<\/h2>\n<\/div>\n<\/div>\n<div class=\"elementor-element elementor-element-7f3718d3 elementor-widget elementor-widget-text-editor\" data-id=\"7f3718d3\" data-element_type=\"widget\" data-widget_type=\"text-editor.default\">\n<div class=\"elementor-widget-container\">\n<div class=\"elementor-element elementor-element-7f3718d3 elementor-widget elementor-widget-text-editor\" data-id=\"7f3718d3\" data-element_type=\"widget\" data-widget_type=\"text-editor.default\">\n<div class=\"elementor-widget-container\">\n<ul>\n<li>Chu\u0309ng loa\u0323i: Hoa Lan Dendrobium ( Chi Lan Ho\u00e0ng Tha\u0309o)<\/li>\n<li class=\"p1\">Xu\u00e2\u0301t x\u01b0\u0301: Th\u00e1i Lan<\/li>\n<li class=\"p1\">M\u00e0u s\u0103\u0301c: V\u00e0ng<\/li>\n<li class=\"p1\">K\u00edch th\u01b0\u01a1\u0301c: 55-70cm<\/li>\n<li class=\"p1\">Gi\u00e1 hoa thay \u0111\u00f4\u0309i theo ng\u00e0y kh\u00f4ng c\u00f4\u0301 \u0111i\u0323nh<\/li>\n<\/ul>\n<p class=\"p1\"><strong>* CH\u00cdNH S\u00c1CH MUA H\u00c0NG:<\/strong><\/p>\n<ul>\n<li class=\"p1\">Giao h\u00e0ng to\u00e0n qu\u00f4\u0301c<\/li>\n<li class=\"p1\">Ki\u00ea\u0309m tra h\u00e0ng tr\u01b0\u01a1\u0301c khi thanh to\u00e1n<\/li>\n<li class=\"p1\">Xu\u1ea5t VAT theo y\u00eau c\u1ea7u c\u1ee7a kh\u00e1ch h\u00e0ng<\/li>\n<li class=\"p1\">Kh\u00e1ch si\u0309 li\u00ean h\u00ea\u0323 b\u00e1o gi\u00e1<\/li>\n<\/ul>\n<\/div>\n<\/div>\n<\/div>\n<\/div>\n","protected":false},"featured_media":0,"comment_status":"open","ping_status":"closed","template":"","meta":[],"product_brand":[],"product_cat":[273,298],"product_tag":[414,358,415,341,416],"class_list":{"0":"post-5652","1":"product","2":"type-product","3":"status-publish","5":"product_cat-hoa-noi-dia-viet-nam","6":"product_cat-hoa-hong-da-lat-hoa-noi-dia-viet-nam-2","7":"product_tag-hoa-hong-cao-cap","8":"product_tag-hoa-hong-dep-da-lat","9":"product_tag-hoa-hong-mau-cam-nhe","10":"product_tag-hoa-hong-pastel","11":"product_tag-hoa-tang-sinh-nhat-sang-trong","13":"first","14":"instock","15":"shipping-taxable","16":"product-type-simple"},"_links":{"self":[{"href":"https:\/\/gvgarden.asia\/index.php?rest_route=\/wp\/v2\/product\/5652","targetHints":{"allow":["GET"]}}],"collection":[{"href":"https:\/\/gvgarden.asia\/index.php?rest_route=\/wp\/v2\/product"}],"about":[{"href":"https:\/\/gvgarden.asia\/index.php?rest_route=\/wp\/v2\/types\/product"}],"replies":[{"embeddable":true,"href":"https:\/\/gvgarden.asia\/index.php?rest_route=%2Fwp%2Fv2%2Fcomments&post=5652"}],"version-history":[{"count":2,"href":"https:\/\/gvgarden.asia\/index.php?rest_route=\/wp\/v2\/product\/5652\/revisions"}],"predecessor-version":[{"id":5654,"href":"https:\/\/gvgarden.asia\/index.php?rest_route=\/wp\/v2\/product\/5652\/revisions\/5654"}],"wp:attachment":[{"href":"https:\/\/gvgarden.asia\/index.php?rest_route=%2Fwp%2Fv2%2Fmedia&parent=5652"}],"wp:term":[{"taxonomy":"product_brand","embeddable":true,"href":"https:\/\/gvgarden.asia\/index.php?rest_route=%2Fwp%2Fv2%2Fproduct_brand&post=5652"},{"taxonomy":"product_cat","embeddable":true,"href":"https:\/\/gvgarden.asia\/index.php?rest_route=%2Fwp%2Fv2%2Fproduct_cat&post=5652"},{"taxonomy":"product_tag","embeddable":true,"href":"https:\/\/gvgarden.asia\/index.php?rest_route=%2Fwp%2Fv2%2Fproduct_tag&post=5652"}],"curies":[{"name":"wp","href":"https:\/\/api.w.org\/{rel}","templated":true}]}}