{"id":4394,"date":"2025-07-19T12:44:39","date_gmt":"2025-07-19T05:44:39","guid":{"rendered":"https:\/\/gvgarden.asia\/?post_type=product&#038;p=4394"},"modified":"2025-09-15T17:23:14","modified_gmt":"2025-09-15T10:23:14","slug":"hoa-huong-duong-niem-vui-hy-vong","status":"publish","type":"product","link":"https:\/\/gvgarden.asia\/?product=hoa-huong-duong-niem-vui-hy-vong","title":{"rendered":"Hoa H\u01b0\u1edbng D\u01b0\u01a1ng"},"content":{"rendered":"<div id=\"ez-toc-container\" class=\"ez-toc-v2_0_76 counter-hierarchy ez-toc-counter ez-toc-grey ez-toc-container-direction\">\n<div class=\"ez-toc-title-container\">\n<p class=\"ez-toc-title\" style=\"cursor:inherit\">N\u1ed9i Dung B\u00e0i Vi\u1ebft<\/p>\n<span class=\"ez-toc-title-toggle\"><a href=\"#\" class=\"ez-toc-pull-right ez-toc-btn ez-toc-btn-xs ez-toc-btn-default ez-toc-toggle\" aria-label=\"Toggle Table of Content\"><span class=\"ez-toc-js-icon-con\"><span class=\"\"><span class=\"eztoc-hide\" style=\"display:none;\">Toggle<\/span><span class=\"ez-toc-icon-toggle-span\"><svg style=\"fill: #999;color:#999\" xmlns=\"http:\/\/www.w3.org\/2000\/svg\" class=\"list-377408\" width=\"20px\" height=\"20px\" viewBox=\"0 0 24 24\" fill=\"none\"><path d=\"M6 6H4v2h2V6zm14 0H8v2h12V6zM4 11h2v2H4v-2zm16 0H8v2h12v-2zM4 16h2v2H4v-2zm16 0H8v2h12v-2z\" fill=\"currentColor\"><\/path><\/svg><svg style=\"fill: #999;color:#999\" class=\"arrow-unsorted-368013\" xmlns=\"http:\/\/www.w3.org\/2000\/svg\" width=\"10px\" height=\"10px\" viewBox=\"0 0 24 24\" version=\"1.2\" baseProfile=\"tiny\"><path d=\"M18.2 9.3l-6.2-6.3-6.2 6.3c-.2.2-.3.4-.3.7s.1.5.3.7c.2.2.4.3.7.3h11c.3 0 .5-.1.7-.3.2-.2.3-.5.3-.7s-.1-.5-.3-.7zM5.8 14.7l6.2 6.3 6.2-6.3c.2-.2.3-.5.3-.7s-.1-.5-.3-.7c-.2-.2-.4-.3-.7-.3h-11c-.3 0-.5.1-.7.3-.2.2-.3.5-.3.7s.1.5.3.7z\"\/><\/svg><\/span><\/span><\/span><\/a><\/span><\/div>\n<nav><ul class='ez-toc-list ez-toc-list-level-1 eztoc-toggle-hide-by-default' ><li class='ez-toc-page-1 ez-toc-heading-level-3'><a class=\"ez-toc-link ez-toc-heading-1\" href=\"https:\/\/gvgarden.asia\/?product=hoa-huong-duong-niem-vui-hy-vong\/#1_gioi_thieu_ve_hoa_huong_duong\" >1. Gi\u1edbi thi\u1ec7u v\u1ec1 Hoa H\u01b0\u1edbng D\u01b0\u01a1ng<\/a><\/li><li class='ez-toc-page-1 ez-toc-heading-level-3'><a class=\"ez-toc-link ez-toc-heading-2\" href=\"https:\/\/gvgarden.asia\/?product=hoa-huong-duong-niem-vui-hy-vong\/#2_y_nghia_cua_hoa_huong_duong\" >2. \u00dd ngh\u0129a c\u1ee7a Hoa H\u01b0\u1edbng D\u01b0\u01a1ng<\/a><\/li><li class='ez-toc-page-1 ez-toc-heading-level-3'><a class=\"ez-toc-link ez-toc-heading-3\" href=\"https:\/\/gvgarden.asia\/?product=hoa-huong-duong-niem-vui-hy-vong\/#4_ung_dung_cua_hoa_huong_duong_trong_doi_song\" >4. \u1ee8ng d\u1ee5ng c\u1ee7a Hoa H\u01b0\u1edbng D\u01b0\u01a1ng trong \u0111\u1eddi s\u1ed1ng<\/a><\/li><li class='ez-toc-page-1 ez-toc-heading-level-3'><a class=\"ez-toc-link ez-toc-heading-4\" href=\"https:\/\/gvgarden.asia\/?product=hoa-huong-duong-niem-vui-hy-vong\/#5_cach_cham_soc_hoa_huong_duong_cat_canh_tai_nha_de_giu_hoa_tuoi_lau\" >5. C\u00e1ch ch\u0103m s\u00f3c Hoa H\u01b0\u1edbng D\u01b0\u01a1ng c\u1eaft c\u00e0nh t\u1ea1i nh\u00e0 \u0111\u1ec3 gi\u1eef hoa t\u01b0\u01a1i l\u00e2u<\/a><\/li><li class='ez-toc-page-1 ez-toc-heading-level-3'><a class=\"ez-toc-link ez-toc-heading-5\" href=\"https:\/\/gvgarden.asia\/?product=hoa-huong-duong-niem-vui-hy-vong\/#6_mua_hoa_huong_duong_chat_luong_tai_gvgardencom\" >6. Mua Hoa H\u01b0\u1edbng D\u01b0\u01a1ng ch\u1ea5t l\u01b0\u1ee3ng t\u1ea1i GVgarden.com<\/a><\/li><\/ul><\/nav><\/div>\n<h3><span class=\"ez-toc-section\" id=\"1_gioi_thieu_ve_hoa_huong_duong\"><\/span>1. Gi\u1edbi thi\u1ec7u v\u1ec1 Hoa H\u01b0\u1edbng D\u01b0\u01a1ng<span class=\"ez-toc-section-end\"><\/span><\/h3>\n<div>Hoa H\u01b0\u1edbng D\u01b0\u01a1ng, hay c\u00f2n \u0111\u01b0\u1ee3c g\u1ecdi th\u00e2n m\u1eadt l\u00e0 hoa M\u1eb7t Tr\u1eddi (t\u00ean khoa h\u1ecdc: Helianthus annuus), l\u00e0 lo\u00e0i hoa mang v\u1ebb \u0111\u1eb9p r\u1ea1ng r\u1ee1 v\u00e0 tr\u00e0n \u0111\u1ea7y n\u0103ng l\u01b0\u1ee3ng t\u00edch c\u1ef1c. \u0110\u00fang nh\u01b0 t\u00ean g\u1ecdi, nh\u1eefng b\u00f4ng hoa n\u00e0y lu\u00f4n h\u01b0\u1edbng v\u1ec1 ph\u00eda m\u1eb7t tr\u1eddi, t\u01b0\u1ee3ng tr\u01b0ng cho ni\u1ec1m tin, hy v\u1ecdng v\u00e0 s\u1ef1 ki\u00ean \u0111\u1ecbnh kh\u00f4ng ng\u1eebng ngh\u1ec9. V\u1edbi nh\u1eefng c\u00e1nh hoa m\u00e0u v\u00e0ng t\u01b0\u01a1i s\u00e1ng bao quanh nh\u1ee5y hoa n\u00e2u s\u1eabm, hoa H\u01b0\u1edbng D\u01b0\u01a1ng mang \u0111\u1ebfn m\u1ed9t c\u1ea3m gi\u00e1c \u1ea5m \u00e1p v\u00e0 l\u1ea1c quan, xua tan m\u1ecdi u \u00e1m.<\/div>\n<div><\/div>\n<div>H\u01b0\u1edbng D\u01b0\u01a1ng c\u00f3 ngu\u1ed3n g\u1ed1c t\u1eeb ch\u00e2u M\u1ef9, n\u01a1i ch\u00fang \u0111\u00e3 \u0111\u01b0\u1ee3c c\u00e1c b\u1ed9 l\u1ea1c b\u1ea3n \u0111\u1ecba tr\u1ed3ng t\u1eeb h\u00e0ng ng\u00e0n n\u0103m tr\u01b0\u1edbc v\u1edbi nhi\u1ec1u m\u1ee5c \u0111\u00edch kh\u00e1c nhau, t\u1eeb ngu\u1ed3n th\u1ef1c ph\u1ea9m \u0111\u1ebfn \u00fd ngh\u0129a t\u00e2m linh. Sau \u0111\u00f3, H\u01b0\u1edbng D\u01b0\u01a1ng \u0111\u00e3 du nh\u1eadp v\u00e0 tr\u1edf n\u00ean ph\u1ed5 bi\u1ebfn tr\u00ean kh\u1eafp th\u1ebf gi\u1edbi, kh\u00f4ng ch\u1ec9 v\u00ec v\u1ebb \u0111\u1eb9p m\u00e0 c\u00f2n b\u1edfi kh\u1ea3 n\u0103ng th\u00edch nghi t\u1ed1t v\u00e0 nh\u1eefng gi\u00e1 tr\u1ecb bi\u1ec3u t\u01b0\u1ee3ng s\u00e2u s\u1eafc m\u00e0 ch\u00fang \u0111\u1ea1i di\u1ec7n.<\/div>\n<div><\/div>\n<div>Ng\u00e0y nay, hoa H\u01b0\u1edbng D\u01b0\u01a1ng l\u00e0 l\u1ef1a ch\u1ecdn h\u00e0ng \u0111\u1ea7u cho nh\u1eefng ai mu\u1ed1n truy\u1ec1n t\u1ea3i th\u00f4ng \u0111i\u1ec7p v\u1ec1 s\u1ef1 vui v\u1ebb, t\u00edch c\u1ef1c, v\u00e0 l\u00e0 \u0111i\u1ec3m nh\u1ea5n tuy\u1ec7t v\u1eddi trong trang tr\u00ed ho\u1eb7c l\u00e0m qu\u00e0 t\u1eb7ng.<\/div>\n<div><\/div>\n<h3><span class=\"ez-toc-section\" id=\"2_y_nghia_cua_hoa_huong_duong\"><\/span>2. \u00dd ngh\u0129a c\u1ee7a Hoa H\u01b0\u1edbng D\u01b0\u01a1ng<span class=\"ez-toc-section-end\"><\/span><\/h3>\n<div>Hoa H\u01b0\u1edbng D\u01b0\u01a1ng l\u00e0 bi\u1ec3u t\u01b0\u1ee3ng c\u1ee7a nhi\u1ec1u gi\u00e1 tr\u1ecb t\u00edch c\u1ef1c v\u00e0 \u0111\u01b0\u1ee3c y\u00eau th\u00edch r\u1ed9ng r\u00e3i b\u1edfi nh\u1eefng \u00fd ngh\u0129a s\u00e2u s\u1eafc m\u00e0 ch\u00fang mang l\u1ea1i:<\/div>\n<div><\/div>\n<div>\u00dd ngh\u0129a chung: H\u01b0\u1edbng D\u01b0\u01a1ng t\u01b0\u1ee3ng tr\u01b0ng cho ni\u1ec1m tin, hy v\u1ecdng, s\u1ef1 l\u1ea1c quan, ni\u1ec1m vui v\u00e0 h\u1ea1nh ph\u00fac. \u0110\u1eb7c bi\u1ec7t, kh\u1ea3 n\u0103ng lu\u00f4n h\u01b0\u1edbng v\u1ec1 ph\u00eda m\u1eb7t tr\u1eddi c\u1ee7a ch\u00fang l\u00e0 bi\u1ec3u t\u01b0\u1ee3ng m\u1ea1nh m\u1ebd cho s\u1ef1 ki\u00ean \u0111\u1ecbnh, l\u00f2ng trung th\u00e0nh v\u00e0 \u00fd ch\u00ed v\u01b0\u01a1n l\u00ean. Hoa H\u01b0\u1edbng D\u01b0\u01a1ng c\u00f2n th\u1ec3 hi\u1ec7n s\u1ef1 ng\u01b0\u1ee1ng m\u1ed9 v\u00e0 t\u00f4n k\u00ednh.<\/div>\n<div><\/div>\n<div>\u00dd ngh\u0129a trong c\u00e1c m\u1ed1i quan h\u1ec7:<\/div>\n<div><\/div>\n<div>T\u00ecnh b\u1ea1n: H\u01b0\u1edbng D\u01b0\u01a1ng l\u00e0 bi\u1ec3u t\u01b0\u1ee3ng tuy\u1ec7t v\u1eddi c\u1ee7a t\u00ecnh b\u1ea1n ch\u00e2n th\u00e0nh, \u1ea5m \u00e1p v\u00e0 v\u0129nh c\u1eedu, lu\u00f4n soi s\u00e1ng v\u00e0 \u0111\u1ed3ng h\u00e0nh c\u00f9ng nhau.<\/div>\n<div><\/div>\n<div>T\u00ecnh y\u00eau: Trong t\u00ecnh y\u00eau, hoa H\u01b0\u1edbng D\u01b0\u01a1ng th\u1ec3 hi\u1ec7n t\u00ecnh y\u00eau th\u1ee7y chung, son s\u1eaft, kh\u00f4ng bao gi\u1edd thay \u0111\u1ed5i, lu\u00f4n h\u01b0\u1edbng v\u1ec1 ng\u01b0\u1eddi m\u00ecnh y\u00eau nh\u01b0 hoa h\u01b0\u1edbng v\u1ec1 m\u1eb7t tr\u1eddi.<\/div>\n<div><\/div>\n<div>Gia \u0111\u00ecnh: Mang \u00fd ngh\u0129a v\u1ec1 s\u1ef1 g\u1eafn k\u1ebft, \u0111o\u00e0n t\u1ee5 v\u00e0 h\u1ea1nh ph\u00fac \u1ea5m no trong gia \u0111\u00ecnh.<\/div>\n<div><\/div>\n<div>\u00dd ngh\u0129a trong cu\u1ed9c s\u1ed1ng:<\/div>\n<div><\/div>\n<div>Ngh\u1ecb l\u1ef1c v\u00e0 v\u01b0\u01a1n l\u00ean: Nh\u1eafc nh\u1edf ch\u00fang ta lu\u00f4n h\u01b0\u1edbng v\u1ec1 ph\u00eda tr\u01b0\u1edbc, \u0111\u1ed1i m\u1eb7t v\u1edbi kh\u00f3 kh\u0103n v\u00e0 t\u00ecm th\u1ea5y \u00e1nh s\u00e1ng hy v\u1ecdng.<\/div>\n<div><\/div>\n<div>Th\u00e0nh c\u00f4ng v\u00e0 may m\u1eafn: S\u1eafc v\u00e0ng r\u1ef1c r\u1ee1 c\u1ee7a hoa H\u01b0\u1edbng D\u01b0\u01a1ng c\u0169ng \u0111\u01b0\u1ee3c cho l\u00e0 mang l\u1ea1i may m\u1eafn, t\u00e0i l\u1ed9c v\u00e0 th\u00e0nh c\u00f4ng trong c\u00f4ng vi\u1ec7c.<\/div>\n<div><\/div>\n<div>Alt \u1ea3nh: Hoa H\u01b0\u1edbng D\u01b0\u01a1ng r\u1ea1ng r\u1ee1 d\u01b0\u1edbi n\u1eafng<\/div>\n<div><\/div>\n<div>Alt \u1ea3nh: B\u00f3 hoa H\u01b0\u1edbng D\u01b0\u01a1ng t\u01b0\u1ee3ng tr\u01b0ng ni\u1ec1m vui<\/div>\n<div><\/div>\n<div>3. \u0110\u1eb7c \u0111i\u1ec3m n\u1ed5i b\u1eadt c\u1ee7a Hoa H\u01b0\u1edbng D\u01b0\u01a1ng<\/div>\n<div>Hoa H\u01b0\u1edbng D\u01b0\u01a1ng c\u00f3 nh\u1eefng \u0111\u1eb7c \u0111i\u1ec3m d\u1ec5 nh\u1eadn bi\u1ebft v\u00e0 v\u00f4 c\u00f9ng n\u1ed5i b\u1eadt, t\u1ea1o n\u00ean s\u1ee9c h\u00fat ri\u00eang c\u1ee7a ch\u00fang:<\/div>\n<div><\/div>\n<div>C\u1ea5u t\u1ea1o b\u00f4ng hoa: B\u00f4ng H\u01b0\u1edbng D\u01b0\u01a1ng c\u00f3 k\u00edch th\u01b0\u1edbc \u0111a d\u1ea1ng, t\u1eeb nh\u1ecf nh\u1eafn ch\u1ec9 v\u00e0i cm \u0111\u1ebfn kh\u1ed5ng l\u1ed3 h\u01a1n 30 cm \u0111\u01b0\u1eddng k\u00ednh. C\u00e1nh hoa (c\u00e1nh tia) m\u00e0u v\u00e0ng t\u01b0\u01a1i ho\u1eb7c v\u00e0ng cam, th\u01b0\u1eddng m\u1ecdc th\u00e0nh m\u1ed9t v\u00f2ng l\u1edbn xung quanh ph\u1ea7n nh\u1ee5y hoa (\u0111\u0129a hoa). Ph\u1ea7n nh\u1ee5y hoa th\u01b0\u1eddng c\u00f3 m\u00e0u n\u00e2u s\u1eabm, ch\u1ee9a h\u00e0ng tr\u0103m h\u1ea1t nh\u1ecf li ti x\u1ebfp theo h\u00ecnh xo\u1eafn \u1ed1c \u0111\u1ed9c \u0111\u00e1o. (Alt \u1ea3nh: C\u1eadn c\u1ea3nh nh\u1ee5y hoa H\u01b0\u1edbng D\u01b0\u01a1ng)<\/div>\n<div><\/div>\n<div>Kh\u1ea3 n\u0103ng h\u01b0\u1edbng n\u1eafng (Heliotropism): \u0110\u00e2y l\u00e0 \u0111\u1eb7c \u0111i\u1ec3m n\u1ed5i ti\u1ebfng nh\u1ea5t c\u1ee7a H\u01b0\u1edbng D\u01b0\u01a1ng. Khi c\u00f2n non, th\u00e2n v\u00e0 hoa c\u00f3 kh\u1ea3 n\u0103ng quay theo h\u01b0\u1edbng m\u1eb7t tr\u1eddi t\u1eeb \u0111\u00f4ng sang t\u00e2y trong ng\u00e0y. Khi tr\u01b0\u1edfng th\u00e0nh, hoa th\u01b0\u1eddng c\u1ed1 \u0111\u1ecbnh v\u00e0 h\u01b0\u1edbng v\u1ec1 ph\u00eda \u0111\u00f4ng.<\/div>\n<div><\/div>\n<div>Th\u00e2n v\u00e0 l\u00e1: Th\u00e2n c\u00e2y H\u01b0\u1edbng D\u01b0\u01a1ng th\u01b0\u1eddng th\u1eb3ng, cao v\u00e0 c\u1ee9ng c\u00e1p, c\u00f3 th\u1ec3 \u0111\u1ea1t chi\u1ec1u cao \u1ea5n t\u01b0\u1ee3ng (t\u1eeb 1m \u0111\u1ebfn h\u01a1n 3m t\u00f9y gi\u1ed1ng). L\u00e1 c\u00e2y l\u1edbn, h\u00ecnh tr\u00e1i tim ho\u1eb7c b\u1ea7u d\u1ee5c, m\u00e0u xanh \u0111\u1eadm, c\u00f3 l\u00f4ng t\u01a1 m\u1ecbn.<\/div>\n<div><\/div>\n<div>C\u00e1c lo\u1ea1i H\u01b0\u1edbng D\u01b0\u01a1ng ph\u1ed5 bi\u1ebfn:<\/div>\n<div><\/div>\n<div>Gi\u1ed1ng \u0111\u01a1n th\u00e2n: Ph\u00e1t tri\u1ec3n m\u1ed9t b\u00f4ng hoa l\u1edbn duy nh\u1ea5t tr\u00ean m\u1ed9t th\u00e2n.<\/div>\n<div><\/div>\n<div>Gi\u1ed1ng ph\u00e2n nh\u00e1nh: T\u1ea1o ra nhi\u1ec1u b\u00f4ng hoa nh\u1ecf h\u01a1n tr\u00ean nhi\u1ec1u nh\u00e1nh.<\/div>\n<div><\/div>\n<div>Gi\u1ed1ng l\u00f9n (d\u1ea1ng ch\u1eadu): Th\u00edch h\u1ee3p tr\u1ed3ng trong ch\u1eadu v\u1edbi chi\u1ec1u cao khi\u00eam t\u1ed1n.<\/div>\n<div><\/div>\n<div>C\u00e1c gi\u1ed1ng m\u00e0u s\u1eafc \u0111\u1eb7c bi\u1ec7t: Ngo\u00e0i m\u00e0u v\u00e0ng truy\u1ec1n th\u1ed1ng, c\u00f2n c\u00f3 c\u00e1c gi\u1ed1ng H\u01b0\u1edbng D\u01b0\u01a1ng m\u00e0u \u0111\u1ecf t\u00eda, cam ho\u1eb7c th\u1eadm ch\u00ed l\u00e0 m\u00e0u kem.<\/div>\n<div><\/div>\n<h3><span class=\"ez-toc-section\" id=\"4_ung_dung_cua_hoa_huong_duong_trong_doi_song\"><\/span>4. \u1ee8ng d\u1ee5ng c\u1ee7a Hoa H\u01b0\u1edbng D\u01b0\u01a1ng trong \u0111\u1eddi s\u1ed1ng<span class=\"ez-toc-section-end\"><\/span><\/h3>\n<div>V\u1edbi v\u1ebb \u0111\u1eb9p r\u1ea1ng r\u1ee1 v\u00e0 \u00fd ngh\u0129a s\u00e2u s\u1eafc, hoa H\u01b0\u1edbng D\u01b0\u01a1ng c\u00f3 r\u1ea5t nhi\u1ec1u \u1ee9ng d\u1ee5ng \u0111a d\u1ea1ng trong cu\u1ed9c s\u1ed1ng:<\/div>\n<div><\/div>\n<div>Hoa c\u1eaft c\u00e0nh v\u00e0 c\u1eafm hoa ngh\u1ec7 thu\u1eadt: H\u01b0\u1edbng D\u01b0\u01a1ng l\u00e0 l\u1ef1a ch\u1ecdn tuy\u1ec7t v\u1eddi \u0111\u1ec3 l\u00e0m hoa c\u1eaft c\u00e0nh, mang \u0111\u1ebfn ngu\u1ed3n n\u0103ng l\u01b0\u1ee3ng t\u00edch c\u1ef1c cho m\u1ecdi kh\u00f4ng gian:<\/div>\n<div><\/div>\n<div>B\u00f3 hoa ch\u00fac m\u1eebng: L\u00fd t\u01b0\u1edfng cho c\u00e1c d\u1ecbp sinh nh\u1eadt, khai tr\u01b0\u01a1ng, t\u1ed1t nghi\u1ec7p, ho\u1eb7c \u0111\u1ec3 \u0111\u1ed9ng vi\u00ean, c\u1ed5 v\u0169 tinh th\u1ea7n.<\/div>\n<div><\/div>\n<div>Hoa trang tr\u00ed: C\u1eafm l\u1ecd \u0111\u1eb7t b\u00e0n l\u00e0m vi\u1ec7c, ph\u00f2ng kh\u00e1ch, b\u1ebfp \u0103n, mang \u0111\u1ebfn kh\u00f4ng kh\u00ed t\u01b0\u01a1i vui, \u1ea5m \u00e1p.<\/div>\n<div><\/div>\n<div>Hoa c\u01b0\u1edbi: Th\u00edch h\u1ee3p cho \u0111\u00e1m c\u01b0\u1edbi phong c\u00e1ch rustic, m\u1ed9c m\u1ea1c ho\u1eb7c ngo\u00e0i tr\u1eddi, t\u1ea1o v\u1ebb \u0111\u1eb9p t\u1ef1 nhi\u00ean v\u00e0 tr\u00e0n \u0111\u1ea7y s\u1ee9c s\u1ed1ng. (Alt \u1ea3nh: B\u00ecnh hoa H\u01b0\u1edbng D\u01b0\u01a1ng trang tr\u00ed b\u00e0n \u0103n)<\/div>\n<div><\/div>\n<div>Qu\u00e0 t\u1eb7ng \u00fd ngh\u0129a: H\u01b0\u1edbng D\u01b0\u01a1ng l\u00e0 m\u00f3n qu\u00e0 ho\u00e0n h\u1ea3o \u0111\u1ec3 th\u1ec3 hi\u1ec7n t\u00ecnh b\u1ea1n, t\u00ecnh y\u00eau chung th\u1ee7y, s\u1ef1 ng\u01b0\u1ee1ng m\u1ed9 v\u00e0 l\u1eddi ch\u00fac v\u1ec1 ni\u1ec1m vui, h\u1ea1nh ph\u00fac, th\u00e0nh c\u00f4ng. \u0110\u1eb7c bi\u1ec7t \u00fd ngh\u0129a khi t\u1eb7ng cho ng\u01b0\u1eddi b\u1ea1n mu\u1ed1n \u0111\u1ed9ng vi\u00ean ho\u1eb7c tri \u00e2n.<\/div>\n<div><\/div>\n<div>Trong \u1ea9m th\u1ef1c v\u00e0 s\u1ee9c kh\u1ecfe: H\u1ea1t H\u01b0\u1edbng D\u01b0\u01a1ng l\u00e0 ngu\u1ed3n th\u1ef1c ph\u1ea9m dinh d\u01b0\u1ee1ng phong ph\u00fa, ch\u1ee9a nhi\u1ec1u vitamin E, magie v\u00e0 selen. D\u1ea7u H\u01b0\u1edbng D\u01b0\u01a1ng c\u0169ng \u0111\u01b0\u1ee3c s\u1eed d\u1ee5ng r\u1ed9ng r\u00e3i trong n\u1ea5u \u0103n.<\/div>\n<div><\/div>\n<div>Trang tr\u00ed c\u1ea3nh quan: H\u01b0\u1edbng D\u01b0\u01a1ng \u0111\u01b0\u1ee3c tr\u1ed3ng th\u00e0nh c\u00e1nh \u0111\u1ed3ng l\u1edbn t\u1ea1o n\u00ean c\u1ea3nh quan \u0111\u1eb9p m\u1eaft, thu h\u00fat kh\u00e1ch du l\u1ecbch. Ch\u00fang c\u0169ng c\u00f3 th\u1ec3 tr\u1ed3ng trong v\u01b0\u1eddn nh\u00e0 ho\u1eb7c b\u1ed3n c\u00e2y \u0111\u1ec3 t\u00f4 \u0111i\u1ec3m kh\u00f4ng gian.<\/div>\n<div><\/div>\n<h3><span class=\"ez-toc-section\" id=\"5_cach_cham_soc_hoa_huong_duong_cat_canh_tai_nha_de_giu_hoa_tuoi_lau\"><\/span>5. C\u00e1ch ch\u0103m s\u00f3c Hoa H\u01b0\u1edbng D\u01b0\u01a1ng c\u1eaft c\u00e0nh t\u1ea1i nh\u00e0 \u0111\u1ec3 gi\u1eef hoa t\u01b0\u01a1i l\u00e2u<span class=\"ez-toc-section-end\"><\/span><\/h3>\n<div>Hoa H\u01b0\u1edbng D\u01b0\u01a1ng c\u1eaft c\u00e0nh c\u00f3 th\u1ec3 gi\u1eef \u0111\u01b0\u1ee3c \u0111\u1ed9 t\u01b0\u01a1i l\u00e2u n\u1ebfu b\u1ea1n bi\u1ebft c\u00e1ch ch\u0103m s\u00f3c \u0111\u00fang. D\u01b0\u1edbi \u0111\u00e2y l\u00e0 c\u00e1c b\u01b0\u1edbc \u0111\u1ec3 gi\u00fap nh\u1eefng b\u00f4ng H\u01b0\u1edbng D\u01b0\u01a1ng r\u1ef1c r\u1ee1 c\u1ee7a b\u1ea1n lu\u00f4n tr\u00e0n \u0111\u1ea7y s\u1ee9c s\u1ed1ng:<\/div>\n<div><\/div>\n<div>V\u1ec7 sinh b\u00ecnh hoa: Lu\u00f4n b\u1eaft \u0111\u1ea7u b\u1eb1ng vi\u1ec7c r\u1eeda s\u1ea1ch b\u00ecnh hoa b\u1eb1ng x\u00e0 ph\u00f2ng v\u00e0 n\u01b0\u1edbc \u1ea5m. Vi khu\u1ea9n b\u00e1m trong b\u00ecnh l\u00e0 nguy\u00ean nh\u00e2n ch\u00ednh l\u00e0m hoa nhanh h\u00e9o. Sau khi r\u1eeda, tr\u00e1ng l\u1ea1i b\u00ecnh th\u1eadt k\u1ef9 b\u1eb1ng n\u01b0\u1edbc s\u1ea1ch.<\/div>\n<div><\/div>\n<div>C\u1eaft g\u1ed1c hoa \u0111\u00fang c\u00e1ch: Ngay khi nh\u1eadn hoa, h\u00e3y d\u00f9ng k\u00e9o s\u1eafc ho\u1eb7c dao chuy\u00ean d\u1ee5ng \u0111\u1ec3 c\u1eaft ch\u00e9o m\u1ed9t g\u00f3c 45 \u0111\u1ed9 \u1edf ph\u1ea7n g\u1ed1c c\u00e0nh, kho\u1ea3ng 2-3 cm. Thao t\u00e1c n\u00e0y c\u1ea7n \u0111\u01b0\u1ee3c th\u1ef1c hi\u1ec7n d\u01b0\u1edbi v\u00f2i n\u01b0\u1edbc ch\u1ea3y ho\u1eb7c trong m\u1ed9t ch\u1eadu n\u01b0\u1edbc nh\u1ecf. Vi\u1ec7c c\u1eaft d\u01b0\u1edbi n\u01b0\u1edbc gi\u00fap ng\u0103n kh\u00f4ng kh\u00ed l\u1ecdt v\u00e0o c\u00e1c m\u1ea1ch d\u1eabn c\u1ee7a c\u00e0nh, \u0111\u1ea3m b\u1ea3o hoa c\u00f3 th\u1ec3 h\u00fat n\u01b0\u1edbc li\u00ean t\u1ee5c v\u00e0 hi\u1ec7u qu\u1ea3. (Alt \u1ea3nh: C\u1eaft ch\u00e9o g\u1ed1c hoa H\u01b0\u1edbng D\u01b0\u01a1ng d\u01b0\u1edbi n\u01b0\u1edbc)<\/div>\n<div><\/div>\n<div>Lo\u1ea1i b\u1ecf l\u00e1 d\u01b0\u1edbi m\u1ef1c n\u01b0\u1edbc: G\u1ee1 b\u1ecf t\u1ea5t c\u1ea3 nh\u1eefng l\u00e1 ho\u1eb7c c\u00e0nh ph\u1ee5 n\u00e0o c\u00f3 kh\u1ea3 n\u0103ng b\u1ecb ng\u1eadp trong n\u01b0\u1edbc khi c\u1eafm v\u00e0o b\u00ecnh. L\u00e1 b\u1ecb ng\u00e2m trong n\u01b0\u1edbc s\u1ebd nhanh ch\u00f3ng b\u1ecb th\u1ed1i r\u1eefa, t\u1ea1o m\u00f4i tr\u01b0\u1eddng thu\u1eadn l\u1ee3i cho vi khu\u1ea9n ph\u00e1t tri\u1ec3n, l\u00e0m \u00f4 nhi\u1ec5m ngu\u1ed3n n\u01b0\u1edbc v\u00e0 r\u00fat ng\u1eafn tu\u1ed5i th\u1ecd c\u1ee7a hoa. (Alt \u1ea3nh: G\u1ee1 b\u1ecf l\u00e1 d\u01b0\u1edbi g\u1ed1c hoa H\u01b0\u1edbng D\u01b0\u01a1ng)<\/div>\n<div><\/div>\n<div>S\u1eed d\u1ee5ng d\u01b0\u1ee1ng ch\u1ea5t c\u1eafm hoa: Pha g\u00f3i d\u01b0\u1ee1ng ch\u1ea5t c\u1eafm hoa (floral food) theo t\u1ef7 l\u1ec7 h\u01b0\u1edbng d\u1eabn tr\u00ean bao b\u00ec. Dung d\u1ecbch n\u00e0y cung c\u1ea5p dinh d\u01b0\u1ee1ng c\u1ea7n thi\u1ebft cho hoa v\u00e0 c\u00f3 ch\u1ea5t kh\u00e1ng khu\u1ea9n gi\u00fap n\u01b0\u1edbc s\u1ea1ch h\u01a1n. N\u1ebfu kh\u00f4ng c\u00f3 d\u01b0\u1ee1ng ch\u1ea5t chuy\u00ean d\u1ee5ng, b\u1ea1n c\u00f3 th\u1ec3 t\u1ef1 pha b\u1eb1ng c\u00e1ch h\u00f2a tan m\u1ed9t th\u00eca c\u00e0 ph\u00ea \u0111\u01b0\u1eddng v\u00e0 v\u00e0i gi\u1ecdt thu\u1ed1c t\u1ea9y kh\u00f4ng m\u00f9i v\u00e0o m\u1ed9t l\u00edt n\u01b0\u1edbc s\u1ea1ch.<\/div>\n<div><\/div>\n<div>Thay n\u01b0\u1edbc th\u01b0\u1eddng xuy\u00ean: Thay to\u00e0n b\u1ed9 n\u01b0\u1edbc trong b\u00ecnh m\u1ed7i ng\u00e0y ho\u1eb7c c\u00e1ch ng\u00e0y. Khi thay n\u01b0\u1edbc, n\u00ean r\u1eeda s\u1ea1ch b\u00ecnh m\u1ed9t l\u1ea7n n\u1eefa v\u00e0 c\u1eaft l\u1ea1i g\u1ed1c hoa m\u1ed9t ch\u00fat (kho\u1ea3ng 1 cm) \u0111\u1ec3 lo\u1ea1i b\u1ecf ph\u1ea7n g\u1ed1c c\u00f3 th\u1ec3 \u0111\u00e3 b\u1ecb t\u1eafc ngh\u1ebdn ho\u1eb7c m\u1ec1m nh\u0169n, gi\u00fap hoa ti\u1ebfp t\u1ee5c h\u00fat n\u01b0\u1edbc t\u1ed1t.<\/div>\n<div><\/div>\n<div>V\u1ecb tr\u00ed \u0111\u1eb7t hoa: \u0110\u1eb7t b\u00ecnh hoa H\u01b0\u1edbng D\u01b0\u01a1ng \u1edf n\u01a1i m\u00e1t m\u1ebb, tho\u00e1ng \u0111\u00e3ng, tr\u00e1nh \u00e1nh n\u1eafng m\u1eb7t tr\u1eddi tr\u1ef1c ti\u1ebfp, gi\u00f3 l\u00f9a m\u1ea1nh v\u00e0 c\u00e1c ngu\u1ed3n nhi\u1ec7t (nh\u01b0 TV, l\u00f2 s\u01b0\u1edfi, thi\u1ebft b\u1ecb \u0111i\u1ec7n t\u1eed). Nhi\u1ec7t \u0111\u1ed9 cao v\u00e0 lu\u1ed3ng kh\u00ed m\u1ea1nh s\u1ebd l\u00e0m hoa m\u1ea5t n\u01b0\u1edbc nhanh ch\u00f3ng. \u0110\u1ed3ng th\u1eddi, tr\u00e1nh \u0111\u1eb7t hoa g\u1ea7n c\u00e1c lo\u1ea1i tr\u00e1i c\u00e2y ch\u00edn, \u0111\u1eb7c bi\u1ec7t l\u00e0 chu\u1ed1i, v\u00ec ch\u00fang th\u1ea3i ra kh\u00ed ethylene \u2013 m\u1ed9t lo\u1ea1i kh\u00ed l\u00e0m hoa nhanh t\u00e0n. (Alt \u1ea3nh: B\u00ecnh hoa H\u01b0\u1edbng D\u01b0\u01a1ng r\u1ea1ng r\u1ee1 trong ph\u00f2ng)<\/div>\n<div><\/div>\n<div>Tu\u00e2n th\u1ee7 nh\u1eefng b\u01b0\u1edbc ch\u0103m s\u00f3c \u0111\u01a1n gi\u1ea3n n\u00e0y s\u1ebd gi\u00fap nh\u1eefng b\u00f4ng hoa H\u01b0\u1edbng D\u01b0\u01a1ng c\u1ee7a b\u1ea1n lu\u00f4n t\u01b0\u01a1i t\u1eafn v\u00e0 mang l\u1ea1i ngu\u1ed3n n\u0103ng l\u01b0\u1ee3ng t\u00edch c\u1ef1c cho kh\u00f4ng gian s\u1ed1ng.<\/div>\n<div><\/div>\n<h3><span class=\"ez-toc-section\" id=\"6_mua_hoa_huong_duong_chat_luong_tai_gvgardencom\"><\/span>6. Mua Hoa H\u01b0\u1edbng D\u01b0\u01a1ng ch\u1ea5t l\u01b0\u1ee3ng t\u1ea1i GVgarden.com<span class=\"ez-toc-section-end\"><\/span><\/h3>\n<div>GVgarden.com t\u1ef1 h\u00e0o l\u00e0 \u0111\u1ecba ch\u1ec9 uy t\u00edn cung c\u1ea5p hoa H\u01b0\u1edbng D\u01b0\u01a1ng ch\u1ea5t l\u01b0\u1ee3ng cao, \u0111a d\u1ea1ng v\u1ec1 k\u00edch th\u01b0\u1edbc v\u00e0 ch\u1ee7ng lo\u1ea1i. Ch\u00fang t\u00f4i cam k\u1ebft mang \u0111\u1ebfn nh\u1eefng b\u00f4ng hoa t\u01b0\u01a1i t\u1eafn, kh\u1ecfe m\u1ea1nh nh\u1ea5t, \u0111\u01b0\u1ee3c tuy\u1ec3n ch\u1ecdn k\u1ef9 l\u01b0\u1ee1ng t\u1eeb c\u00e1c v\u01b0\u1eddn \u01b0\u01a1m \u0111\u00e1ng tin c\u1eady, \u0111\u1ea3m b\u1ea3o v\u1ebb \u0111\u1eb9p r\u1ea1ng r\u1ee1 v\u00e0 \u0111\u1ed9 b\u1ec1n khi \u0111\u1ebfn tay b\u1ea1n.<\/div>\n<div><\/div>\n<div>T\u1ea1i sao n\u00ean ch\u1ecdn mua H\u01b0\u1edbng D\u01b0\u01a1ng t\u1ea1i GVgarden.com?<\/div>\n<div>Ch\u1ea5t l\u01b0\u1ee3ng v\u01b0\u1ee3t tr\u1ed9i: Hoa lu\u00f4n t\u01b0\u01a1i m\u1edbi, kh\u00f4ng s\u00e2u b\u1ec7nh, c\u00e1nh hoa nguy\u00ean v\u1eb9n v\u00e0 m\u00e0u s\u1eafc chu\u1ea9n.<\/div>\n<div><\/div>\n<div>\u0110a d\u1ea1ng l\u1ef1a ch\u1ecdn: Cung c\u1ea5p nhi\u1ec1u gi\u1ed1ng H\u01b0\u1edbng D\u01b0\u01a1ng ph\u1ed5 bi\u1ebfn, ph\u00f9 h\u1ee3p v\u1edbi m\u1ecdi nhu c\u1ea7u trang tr\u00ed v\u00e0 t\u1eb7ng qu\u00e0.<\/div>\n<div><\/div>\n<div>Gi\u00e1 c\u1ea3 c\u1ea1nh tranh: M\u1ee9c gi\u00e1 h\u1ee3p l\u00fd, t\u01b0\u01a1ng x\u1ee9ng v\u1edbi ch\u1ea5t l\u01b0\u1ee3ng v\u00e0 v\u1ebb \u0111\u1eb9p c\u1ee7a hoa.<\/div>\n<div><\/div>\n<div>T\u01b0 v\u1ea5n t\u1eadn t\u00ecnh: \u0110\u1ed9i ng\u0169 chuy\u00ean gia c\u1ee7a ch\u00fang t\u00f4i lu\u00f4n s\u1eb5n s\u00e0ng h\u1ed7 tr\u1ee3 b\u1ea1n v\u1ec1 c\u00e1ch ch\u0103m s\u00f3c v\u00e0 l\u1ef1a ch\u1ecdn hoa ph\u00f9 h\u1ee3p nh\u1ea5t.<\/div>\n<div><\/div>\n<div>Giao h\u00e0ng nhanh ch\u00f3ng v\u00e0 chuy\u00ean nghi\u1ec7p: \u0110\u1ea3m b\u1ea3o hoa \u0111\u01b0\u1ee3c v\u1eadn chuy\u1ec3n c\u1ea9n th\u1eadn, an to\u00e0n v\u00e0 \u0111\u1ebfn tay b\u1ea1n trong t\u00ecnh tr\u1ea1ng t\u1ed1t nh\u1ea5t.<\/div>\n<div><\/div>\n<div>H\u00e3y truy c\u1eadp website GVgarden.com ho\u1eb7c li\u00ean h\u1ec7 ngay h\u00f4m nay \u0111\u1ec3 s\u1edf h\u1eefu nh\u1eefng b\u00f3 hoa H\u01b0\u1edbng D\u01b0\u01a1ng tuy\u1ec7t \u0111\u1eb9p, mang \u00e1nh n\u1eafng, ni\u1ec1m vui v\u00e0 hy v\u1ecdng \u0111\u1ebfn kh\u00f4ng gian c\u1ee7a b\u1ea1n!<\/div>\n","protected":false},"excerpt":{"rendered":"<p>1. Gi\u1edbi thi\u1ec7u v\u1ec1 Hoa H\u01b0\u1edbng D\u01b0\u01a1ng Hoa H\u01b0\u1edbng D\u01b0\u01a1ng, hay c\u00f2n \u0111\u01b0\u1ee3c g\u1ecdi th\u00e2n m\u1eadt l\u00e0 hoa M\u1eb7t Tr\u1eddi (t\u00ean khoa h\u1ecdc: Helianthus annuus), l\u00e0 lo\u00e0i hoa mang v\u1ebb \u0111\u1eb9p r\u1ea1ng r\u1ee1 v\u00e0 tr\u00e0n \u0111\u1ea7y n\u0103ng l\u01b0\u1ee3ng t\u00edch c\u1ef1c. \u0110\u00fang nh\u01b0 t\u00ean g\u1ecdi, nh\u1eefng b\u00f4ng hoa n\u00e0y lu\u00f4n h\u01b0\u1edbng v\u1ec1 ph\u00eda m\u1eb7t tr\u1eddi, t\u01b0\u1ee3ng [&#8230;]\n","protected":false},"featured_media":5798,"comment_status":"open","ping_status":"closed","template":"","meta":[],"product_brand":[],"product_cat":[299,273],"product_tag":[],"class_list":{"0":"post-4394","1":"product","2":"type-product","3":"status-publish","4":"has-post-thumbnail","6":"product_cat-hoa-la-phu-da-lat","7":"product_cat-hoa-noi-dia-viet-nam","9":"first","10":"instock","11":"shipping-taxable","12":"product-type-simple"},"_links":{"self":[{"href":"https:\/\/gvgarden.asia\/index.php?rest_route=\/wp\/v2\/product\/4394","targetHints":{"allow":["GET"]}}],"collection":[{"href":"https:\/\/gvgarden.asia\/index.php?rest_route=\/wp\/v2\/product"}],"about":[{"href":"https:\/\/gvgarden.asia\/index.php?rest_route=\/wp\/v2\/types\/product"}],"replies":[{"embeddable":true,"href":"https:\/\/gvgarden.asia\/index.php?rest_route=%2Fwp%2Fv2%2Fcomments&post=4394"}],"version-history":[{"count":3,"href":"https:\/\/gvgarden.asia\/index.php?rest_route=\/wp\/v2\/product\/4394\/revisions"}],"predecessor-version":[{"id":5582,"href":"https:\/\/gvgarden.asia\/index.php?rest_route=\/wp\/v2\/product\/4394\/revisions\/5582"}],"wp:featuredmedia":[{"embeddable":true,"href":"https:\/\/gvgarden.asia\/index.php?rest_route=\/wp\/v2\/media\/5798"}],"wp:attachment":[{"href":"https:\/\/gvgarden.asia\/index.php?rest_route=%2Fwp%2Fv2%2Fmedia&parent=4394"}],"wp:term":[{"taxonomy":"product_brand","embeddable":true,"href":"https:\/\/gvgarden.asia\/index.php?rest_route=%2Fwp%2Fv2%2Fproduct_brand&post=4394"},{"taxonomy":"product_cat","embeddable":true,"href":"https:\/\/gvgarden.asia\/index.php?rest_route=%2Fwp%2Fv2%2Fproduct_cat&post=4394"},{"taxonomy":"product_tag","embeddable":true,"href":"https:\/\/gvgarden.asia\/index.php?rest_route=%2Fwp%2Fv2%2Fproduct_tag&post=4394"}],"curies":[{"name":"wp","href":"https:\/\/api.w.org\/{rel}","templated":true}]}}