{"id":4380,"date":"2025-07-19T12:43:44","date_gmt":"2025-07-19T05:43:44","guid":{"rendered":"https:\/\/gvgarden.asia\/?post_type=product&#038;p=4380"},"modified":"2025-09-05T15:23:07","modified_gmt":"2025-09-05T08:23:07","slug":"hoa-mau-don-nu-hoang-thinh-vuong","status":"publish","type":"product","link":"https:\/\/gvgarden.asia\/?product=hoa-mau-don-nu-hoang-thinh-vuong","title":{"rendered":"Hoa M\u1eabu \u0110\u01a1n (Peony)"},"content":{"rendered":"<div id=\"ez-toc-container\" class=\"ez-toc-v2_0_76 counter-hierarchy ez-toc-counter ez-toc-grey ez-toc-container-direction\">\n<div class=\"ez-toc-title-container\">\n<p class=\"ez-toc-title\" style=\"cursor:inherit\">N\u1ed9i Dung B\u00e0i Vi\u1ebft<\/p>\n<span class=\"ez-toc-title-toggle\"><a href=\"#\" class=\"ez-toc-pull-right ez-toc-btn ez-toc-btn-xs ez-toc-btn-default ez-toc-toggle\" aria-label=\"Toggle Table of Content\"><span class=\"ez-toc-js-icon-con\"><span class=\"\"><span class=\"eztoc-hide\" style=\"display:none;\">Toggle<\/span><span class=\"ez-toc-icon-toggle-span\"><svg style=\"fill: #999;color:#999\" xmlns=\"http:\/\/www.w3.org\/2000\/svg\" class=\"list-377408\" width=\"20px\" height=\"20px\" viewBox=\"0 0 24 24\" fill=\"none\"><path d=\"M6 6H4v2h2V6zm14 0H8v2h12V6zM4 11h2v2H4v-2zm16 0H8v2h12v-2zM4 16h2v2H4v-2zm16 0H8v2h12v-2z\" fill=\"currentColor\"><\/path><\/svg><svg style=\"fill: #999;color:#999\" class=\"arrow-unsorted-368013\" xmlns=\"http:\/\/www.w3.org\/2000\/svg\" width=\"10px\" height=\"10px\" viewBox=\"0 0 24 24\" version=\"1.2\" baseProfile=\"tiny\"><path d=\"M18.2 9.3l-6.2-6.3-6.2 6.3c-.2.2-.3.4-.3.7s.1.5.3.7c.2.2.4.3.7.3h11c.3 0 .5-.1.7-.3.2-.2.3-.5.3-.7s-.1-.5-.3-.7zM5.8 14.7l6.2 6.3 6.2-6.3c.2-.2.3-.5.3-.7s-.1-.5-.3-.7c-.2-.2-.4-.3-.7-.3h-11c-.3 0-.5.1-.7.3-.2.2-.3.5-.3.7s.1.5.3.7z\"\/><\/svg><\/span><\/span><\/span><\/a><\/span><\/div>\n<nav><ul class='ez-toc-list ez-toc-list-level-1 eztoc-toggle-hide-by-default' ><li class='ez-toc-page-1 ez-toc-heading-level-3'><a class=\"ez-toc-link ez-toc-heading-1\" href=\"https:\/\/gvgarden.asia\/?product=hoa-mau-don-nu-hoang-thinh-vuong\/#1_gioi_thieu_ve_hoa_mau_don\" >1. Gi\u1edbi thi\u1ec7u v\u1ec1 Hoa M\u1eabu \u0110\u01a1n<\/a><\/li><li class='ez-toc-page-1 ez-toc-heading-level-3'><a class=\"ez-toc-link ez-toc-heading-2\" href=\"https:\/\/gvgarden.asia\/?product=hoa-mau-don-nu-hoang-thinh-vuong\/#2_y_nghia_cua_hoa_mau_don\" >2. \u00dd ngh\u0129a c\u1ee7a Hoa M\u1eabu \u0110\u01a1n<\/a><\/li><li class='ez-toc-page-1 ez-toc-heading-level-3'><a class=\"ez-toc-link ez-toc-heading-3\" href=\"https:\/\/gvgarden.asia\/?product=hoa-mau-don-nu-hoang-thinh-vuong\/#3_dac_diem_noi_bat_cua_hoa_mau_don\" >3. \u0110\u1eb7c \u0111i\u1ec3m n\u1ed5i b\u1eadt c\u1ee7a Hoa M\u1eabu \u0110\u01a1n<\/a><\/li><li class='ez-toc-page-1 ez-toc-heading-level-3'><a class=\"ez-toc-link ez-toc-heading-4\" href=\"https:\/\/gvgarden.asia\/?product=hoa-mau-don-nu-hoang-thinh-vuong\/#4_ung_dung_cua_hoa_mau_don_trong_doi_song\" >4. \u1ee8ng d\u1ee5ng c\u1ee7a Hoa M\u1eabu \u0110\u01a1n trong \u0111\u1eddi s\u1ed1ng<\/a><\/li><li class='ez-toc-page-1 ez-toc-heading-level-3'><a class=\"ez-toc-link ez-toc-heading-5\" href=\"https:\/\/gvgarden.asia\/?product=hoa-mau-don-nu-hoang-thinh-vuong\/#5_cach_cham_soc_hoa_mau_don_cat_canh_tai_nha_de_giu_hoa_tuoi_lau\" >5. C\u00e1ch ch\u0103m s\u00f3c Hoa M\u1eabu \u0110\u01a1n c\u1eaft c\u00e0nh t\u1ea1i nh\u00e0 \u0111\u1ec3 gi\u1eef hoa t\u01b0\u01a1i l\u00e2u<\/a><\/li><li class='ez-toc-page-1 ez-toc-heading-level-3'><a class=\"ez-toc-link ez-toc-heading-6\" href=\"https:\/\/gvgarden.asia\/?product=hoa-mau-don-nu-hoang-thinh-vuong\/#6_mua_hoa_mau_don_chat_luong_tai_gvgardenasia\" >6. Mua Hoa M\u1eabu \u0110\u01a1n ch\u1ea5t l\u01b0\u1ee3ng t\u1ea1i GVgarden.asia<\/a><\/li><\/ul><\/nav><\/div>\n<h3><span class=\"ez-toc-section\" id=\"1_gioi_thieu_ve_hoa_mau_don\"><\/span><strong>1. Gi\u1edbi thi\u1ec7u v\u1ec1 Hoa M\u1eabu \u0110\u01a1n<\/strong><span class=\"ez-toc-section-end\"><\/span><\/h3>\n<div>Hoa M\u1eabu \u0110\u01a1n (t\u00ean khoa h\u1ecdc: Paeonia) \u0111\u01b0\u1ee3c m\u1ec7nh danh l\u00e0 &#8220;N\u1eef ho\u00e0ng c\u1ee7a c\u00e1c lo\u00e0i hoa&#8221; b\u1edfi v\u1ebb \u0111\u1eb9p l\u1ed9ng l\u1eaby, ki\u00eau sa v\u00e0 nh\u1eefng c\u00e1nh hoa m\u1ec1m m\u1ea1i, d\u00e0y d\u1eb7n x\u1ebfp ch\u1ed3ng l\u00ean nhau t\u1ea1o th\u00e0nh b\u00f4ng hoa to tr\u00f2n, quy\u1ebfn r\u0169. Lo\u00e0i hoa n\u00e0y kh\u00f4ng ch\u1ec9 chinh ph\u1ee5c l\u00f2ng ng\u01b0\u1eddi b\u1edfi s\u1eafc v\u00f3c di\u1ec5m l\u1ec7 m\u00e0 c\u00f2n b\u1edfi h\u01b0\u01a1ng th\u01a1m nh\u1eb9 nh\u00e0ng, tinh t\u1ebf v\u00e0 nh\u1eefng \u00fd ngh\u0129a s\u00e2u s\u1eafc m\u00e0 ch\u00fang mang l\u1ea1i.<\/div>\n<div><\/div>\n<div>M\u1eabu \u0110\u01a1n c\u00f3 ngu\u1ed3n g\u1ed1c t\u1eeb ch\u00e2u \u00c1, \u0111\u1eb7c bi\u1ec7t l\u00e0 Trung Qu\u1ed1c, n\u01a1i ch\u00fang \u0111\u00e3 \u0111\u01b0\u1ee3c tr\u00e2n tr\u1ecdng v\u00e0 tr\u1ed3ng t\u1eeb h\u00e0ng ng\u00e0n n\u0103m tr\u01b0\u1edbc. Trong v\u0103n h\u00f3a ph\u01b0\u01a1ng \u0110\u00f4ng, M\u1eabu \u0110\u01a1n l\u00e0 bi\u1ec3u t\u01b0\u1ee3ng c\u1ee7a s\u1ef1 ph\u00fa qu\u00fd, th\u1ecbnh v\u01b0\u1ee3ng, danh v\u1ecdng v\u00e0 t\u00ecnh y\u00eau v\u0129nh c\u1eedu. Khi du nh\u1eadp sang ph\u01b0\u01a1ng T\u00e2y, M\u1eabu \u0110\u01a1n c\u0169ng nhanh ch\u00f3ng tr\u1edf th\u00e0nh lo\u00e0i hoa \u0111\u01b0\u1ee3c y\u00eau th\u00edch, xu\u1ea5t hi\u1ec7n trong nhi\u1ec1u khu v\u01b0\u1eddn sang tr\u1ecdng v\u00e0 l\u00e0 l\u1ef1a ch\u1ecdn h\u00e0ng \u0111\u1ea7u cho hoa c\u1eaft c\u00e0nh trong c\u00e1c s\u1ef1 ki\u1ec7n quan tr\u1ecdng.<\/div>\n<div><\/div>\n<div>V\u1edbi s\u1ef1 \u0111a d\u1ea1ng v\u1ec1 m\u00e0u s\u1eafc t\u1eeb tr\u1eafng tinh kh\u00f4i, h\u1ed3ng ph\u1ea5n nh\u1eb9 nh\u00e0ng, \u0111\u1ecf th\u1eafm n\u1ed3ng n\u00e0n \u0111\u1ebfn v\u00e0ng t\u01b0\u01a1i s\u00e1ng, hoa M\u1eabu \u0110\u01a1n lu\u00f4n mang \u0111\u1ebfn v\u1ebb \u0111\u1eb9p sang tr\u1ecdng v\u00e0 \u1ea5n t\u01b0\u1ee3ng cho b\u1ea5t k\u1ef3 kh\u00f4ng gian n\u00e0o.<\/div>\n<div><\/div>\n<h3><span class=\"ez-toc-section\" id=\"2_y_nghia_cua_hoa_mau_don\"><\/span><strong>2. \u00dd ngh\u0129a c\u1ee7a Hoa M\u1eabu \u0110\u01a1n<\/strong><span class=\"ez-toc-section-end\"><\/span><\/h3>\n<div>Hoa M\u1eabu \u0110\u01a1n mang nhi\u1ec1u \u00fd ngh\u0129a phong ph\u00fa, \u0111\u1eb7c bi\u1ec7t trong v\u0103n h\u00f3a \u00c1 \u0110\u00f4ng v\u00e0 ph\u01b0\u01a1ng T\u00e2y, l\u00e0m cho ch\u00fang tr\u1edf th\u00e0nh lo\u00e0i hoa c\u00f3 s\u1ee9c h\u00fat \u0111\u1eb7c bi\u1ec7t:<\/div>\n<div><\/div>\n<div>\u00dd ngh\u0129a chung: M\u1eabu \u0110\u01a1n l\u00e0 bi\u1ec3u t\u01b0\u1ee3ng c\u1ee7a s\u1ef1 gi\u00e0u sang, ph\u00fa qu\u00fd, th\u1ecbnh v\u01b0\u1ee3ng, danh d\u1ef1 v\u00e0 quy\u1ec1n l\u1ef1c. Ch\u00fang c\u0169ng \u0111\u1ea1i di\u1ec7n cho s\u1ef1 may m\u1eafn, h\u1ea1nh ph\u00fac, t\u00ecnh y\u00eau chung th\u1ee7y v\u00e0 v\u1ebb \u0111\u1eb9p v\u0129nh c\u1eedu.<\/div>\n<div><\/div>\n<div>\u00dd ngh\u0129a theo m\u00e0u s\u1eafc:<\/div>\n<div><\/div>\n<div>M\u1eabu \u0110\u01a1n tr\u1eafng: T\u01b0\u1ee3ng tr\u01b0ng cho s\u1ef1 thu\u1ea7n khi\u1ebft, v\u1ebb \u0111\u1eb9p tinh kh\u00f4i, s\u1ef1 duy\u00ean d\u00e1ng v\u00e0 l\u00f2ng ch\u00e2n th\u00e0nh. Th\u01b0\u1eddng \u0111\u01b0\u1ee3c s\u1eed d\u1ee5ng trong \u0111\u00e1m c\u01b0\u1edbi ho\u1eb7c \u0111\u1ec3 b\u00e0y t\u1ecf s\u1ef1 tr\u00e2n tr\u1ecdng. (Alt \u1ea3nh: Hoa M\u1eabu \u0110\u01a1n tr\u1eafng mu\u1ed1t thanh l\u1ecbch)<\/div>\n<div><\/div>\n<div>M\u1eabu \u0110\u01a1n h\u1ed3ng: Bi\u1ec3u t\u01b0\u1ee3ng c\u1ee7a t\u00ecnh y\u00eau l\u00e3ng m\u1ea1n, s\u1ef1 d\u1ecbu d\u00e0ng, h\u1ea1nh ph\u00fac h\u00f4n nh\u00e2n v\u00e0 s\u1ef1 duy\u00ean d\u00e1ng. L\u00e0 l\u1ef1a ch\u1ecdn ph\u1ed5 bi\u1ebfn cho c\u00e1c c\u1eb7p \u0111\u00f4i. (Alt \u1ea3nh: B\u00f3 hoa M\u1eabu \u0110\u01a1n h\u1ed3ng ph\u1edbt ng\u1ecdt ng\u00e0o)<\/div>\n<div><\/div>\n<div>M\u1eabu \u0110\u01a1n \u0111\u1ecf: \u0110\u1ea1i di\u1ec7n cho ni\u1ec1m \u0111am m\u00ea ch\u00e1y b\u1ecfng, t\u00ecnh y\u00eau m\u00e3nh li\u1ec7t, s\u1ef1 th\u1ecbnh v\u01b0\u1ee3ng v\u00e0 may m\u1eafn. Th\u01b0\u1eddng xu\u1ea5t hi\u1ec7n trong c\u00e1c d\u1ecbp l\u1ec5 h\u1ed9i, khai tr\u01b0\u01a1ng. (Alt \u1ea3nh: Hoa M\u1eabu \u0110\u01a1n \u0111\u1ecf th\u1eafm r\u1ef1c r\u1ee1)<\/div>\n<div><\/div>\n<div>M\u1eabu \u0110\u01a1n v\u00e0ng: Mang \u00fd ngh\u0129a c\u1ee7a ni\u1ec1m vui, s\u1ef1 gi\u00e0u c\u00f3, t\u00e0i l\u1ed9c v\u00e0 s\u1ef1 kh\u1edfi \u0111\u1ea7u m\u1edbi \u0111\u1ea7y hy v\u1ecdng. (Alt \u1ea3nh: Hoa M\u1eabu \u0110\u01a1n v\u00e0ng \u00f3ng \u1ea3)<\/div>\n<div><\/div>\n<div>M\u1eabu \u0110\u01a1n t\u00edm: Bi\u1ec3u tr\u01b0ng cho s\u1ef1 sang tr\u1ecdng, qu\u00fd ph\u00e1i, b\u00ed \u1ea9n v\u00e0 s\u1ef1 l\u00e3ng m\u1ea1n v\u0129nh c\u1eedu. (Alt \u1ea3nh: B\u00f4ng hoa M\u1eabu \u0110\u01a1n t\u00edm quy\u1ebfn r\u0169)<\/div>\n<div><\/div>\n<h3><span class=\"ez-toc-section\" id=\"3_dac_diem_noi_bat_cua_hoa_mau_don\"><\/span><strong>3. \u0110\u1eb7c \u0111i\u1ec3m n\u1ed5i b\u1eadt c\u1ee7a Hoa M\u1eabu \u0110\u01a1n<\/strong><span class=\"ez-toc-section-end\"><\/span><\/h3>\n<div>Hoa M\u1eabu \u0110\u01a1n c\u00f3 nh\u1eefng \u0111\u1eb7c \u0111i\u1ec3m ri\u00eang bi\u1ec7t khi\u1ebfn ch\u00fang tr\u1edf n\u00ean \u0111\u1eb7c bi\u1ec7t v\u00e0 \u0111\u01b0\u1ee3c s\u0103n \u0111\u00f3n:<\/div>\n<div><\/div>\n<div>C\u1ea5u t\u1ea1o b\u00f4ng hoa: B\u00f4ng M\u1eabu \u0110\u01a1n c\u00f3 k\u00edch th\u01b0\u1edbc l\u1edbn, th\u01b0\u1eddng \u0111\u1ea1t \u0111\u01b0\u1eddng k\u00ednh t\u1eeb 10-25 cm. C\u00e1nh hoa m\u1ec1m m\u1ea1i, d\u00e0y d\u1eb7n, x\u1ebfp ch\u1ed3ng l\u00ean nhau th\u00e0nh nhi\u1ec1u l\u1edbp t\u1ea1o n\u00ean h\u00ecnh d\u00e1ng b\u00f4ng tr\u00f2n \u0111\u1ea7y \u0111\u1eb7n ho\u1eb7c b\u00e1n c\u1ea7u. M\u1ed9t s\u1ed1 gi\u1ed1ng c\u00f3 nh\u1ee5y v\u00e0ng \u00f3ng n\u1ed5i b\u1eadt \u1edf trung t\u00e2m. (Alt \u1ea3nh: C\u1eadn c\u1ea3nh b\u00f4ng hoa M\u1eabu \u0110\u01a1n n\u1edf r\u1ed9)<\/div>\n<div><\/div>\n<div>M\u00f9i h\u01b0\u01a1ng: Nhi\u1ec1u gi\u1ed1ng M\u1eabu \u0110\u01a1n c\u00f3 m\u00f9i h\u01b0\u01a1ng nh\u1eb9 nh\u00e0ng, ng\u1ecdt ng\u00e0o v\u00e0 d\u1ec5 ch\u1ecbu, l\u00e0m t\u0103ng th\u00eam s\u1ee9c h\u1ea5p d\u1eabn c\u1ee7a lo\u00e0i hoa n\u00e0y.<\/div>\n<div><\/div>\n<div>Th\u00e2n v\u00e0 l\u00e1: Th\u00e2n c\u00e2y M\u1eabu \u0110\u01a1n th\u01b0\u1eddng c\u1ee9ng c\u00e1p, th\u1eb3ng, gi\u00fap n\u00e2ng \u0111\u1ee1 nh\u1eefng b\u00f4ng hoa l\u1edbn. L\u00e1 c\u00e2y c\u00f3 m\u00e0u xanh \u0111\u1eadm, th\u01b0\u1eddng l\u00e0 l\u00e1 k\u00e9p v\u1edbi c\u00e1c th\u00f9y s\u00e2u, mang v\u1ebb \u0111\u1eb9p kh\u1ecfe kho\u1eafn, sang tr\u1ecdng.<\/div>\n<div><\/div>\n<div>C\u00e1c lo\u1ea1i M\u1eabu \u0110\u01a1n ph\u1ed5 bi\u1ebfn:<\/div>\n<div><\/div>\n<div>M\u1eabu \u0110\u01a1n th\u00e2n g\u1ed7 (Tree Peony): C\u00f3 th\u00e2n h\u00f3a g\u1ed7, s\u1ed1ng l\u00e2u n\u0103m v\u00e0 cho hoa r\u1ea5t l\u1edbn, th\u01b0\u1eddng \u0111\u01b0\u1ee3c tr\u1ed3ng l\u00e0m c\u00e2y c\u1ea3nh.<\/div>\n<div><\/div>\n<div>M\u1eabu \u0110\u01a1n th\u00e2n th\u1ea3o (Herbaceous Peony): Th\u00e2n m\u1ec1m, l\u1ee5i t\u00e0n v\u00e0o m\u00f9a \u0111\u00f4ng v\u00e0 m\u1ecdc l\u1ea1i v\u00e0o m\u00f9a xu\u00e2n. \u0110\u00e2y l\u00e0 lo\u1ea1i ph\u1ed5 bi\u1ebfn nh\u1ea5t d\u00f9ng l\u00e0m hoa c\u1eaft c\u00e0nh.<\/div>\n<div><\/div>\n<div>M\u1eabu \u0110\u01a1n Itoh (Intersectional Peony): L\u00e0 gi\u1ed1ng lai gi\u1eefa M\u1eabu \u0110\u01a1n th\u00e2n g\u1ed7 v\u00e0 th\u00e2n th\u1ea3o, k\u1ebft h\u1ee3p \u01b0u \u0111i\u1ec3m c\u1ee7a c\u1ea3 hai lo\u1ea1i.<\/div>\n<div><\/div>\n<h3><span class=\"ez-toc-section\" id=\"4_ung_dung_cua_hoa_mau_don_trong_doi_song\"><\/span><strong>4. \u1ee8ng d\u1ee5ng c\u1ee7a Hoa M\u1eabu \u0110\u01a1n trong \u0111\u1eddi s\u1ed1ng<\/strong><span class=\"ez-toc-section-end\"><\/span><\/h3>\n<div>V\u1edbi v\u1ebb \u0111\u1eb9p l\u1ed9ng l\u1eaby v\u00e0 \u00fd ngh\u0129a t\u1ed1t l\u00e0nh, hoa M\u1eabu \u0110\u01a1n c\u00f3 r\u1ea5t nhi\u1ec1u \u1ee9ng d\u1ee5ng trong \u0111\u1eddi s\u1ed1ng:<\/div>\n<div><\/div>\n<div>Hoa c\u1eaft c\u00e0nh v\u00e0 c\u1eafm hoa ngh\u1ec7 thu\u1eadt: M\u1eabu \u0110\u01a1n l\u00e0 l\u1ef1a ch\u1ecdn h\u00e0ng \u0111\u1ea7u cho hoa c\u1eaft c\u00e0nh trong c\u00e1c d\u1ecbp quan tr\u1ecdng. V\u1ebb \u0111\u1eb9p sang tr\u1ecdng v\u00e0 k\u00edch th\u01b0\u1edbc l\u1edbn c\u1ee7a ch\u00fang t\u1ea1o \u0111i\u1ec3m nh\u1ea5n \u1ea5n t\u01b0\u1ee3ng:<\/div>\n<div><\/div>\n<div>Hoa c\u01b0\u1edbi: Hoa c\u1ea7m tay c\u00f4 d\u00e2u, hoa trang tr\u00ed l\u1ec5 \u0111\u01b0\u1eddng, backdrop, mang \u00fd ngh\u0129a t\u00ecnh y\u00eau chung th\u1ee7y v\u00e0 h\u1ea1nh ph\u00fac vi\u00ean m\u00e3n.<\/div>\n<div><\/div>\n<div>Hoa trang tr\u00ed kh\u00f4ng gian: C\u1eafm l\u1ecd l\u1edbn \u0111\u1eb7t \u1edf ph\u00f2ng kh\u00e1ch, s\u1ea3nh kh\u00e1ch s\u1ea1n, b\u00e0n ti\u1ec7c, mang \u0111\u1ebfn v\u1ebb \u0111\u1eb9p \u0111\u1eb3ng c\u1ea5p v\u00e0 sang tr\u1ecdng.<\/div>\n<div><\/div>\n<div>Hoa ch\u00fac m\u1eebng: T\u1eb7ng trong c\u00e1c d\u1ecbp khai tr\u01b0\u01a1ng, th\u0103ng ch\u1ee9c, m\u1eebng th\u1ecd \u0111\u1ec3 ch\u00fac may m\u1eafn, th\u1ecbnh v\u01b0\u1ee3ng. (Alt \u1ea3nh: B\u00ecnh hoa M\u1eabu \u0110\u01a1n trang tr\u00ed ph\u00f2ng kh\u00e1ch)<\/div>\n<div><\/div>\n<div>Qu\u00e0 t\u1eb7ng \u00fd ngh\u0129a: M\u1eabu \u0110\u01a1n l\u00e0 m\u00f3n qu\u00e0 th\u1ec3 hi\u1ec7n s\u1ef1 t\u00f4n k\u00ednh, ng\u01b0\u1ee1ng m\u1ed9 v\u00e0 l\u1eddi ch\u00fac t\u1ed1t \u0111\u1eb9p v\u1ec1 s\u1ef1 gi\u00e0u sang, h\u1ea1nh ph\u00fac v\u00e0 th\u00e0nh c\u00f4ng. Th\u00edch h\u1ee3p t\u1eb7ng cho \u0111\u1ed1i t\u00e1c, c\u1ea5p tr\u00ean, ho\u1eb7c nh\u1eefng ng\u01b0\u1eddi th\u00e2n y\u00eau trong c\u00e1c d\u1ecbp \u0111\u1eb7c bi\u1ec7t.<\/div>\n<div><\/div>\n<div>Trong phong th\u1ee7y: Trong v\u0103n h\u00f3a \u00c1 \u0110\u00f4ng, \u0111\u1eb7t tranh ho\u1eb7c b\u00ecnh hoa M\u1eabu \u0110\u01a1n trong nh\u00e0, \u0111\u1eb7c bi\u1ec7t l\u00e0 h\u01b0\u1edbng T\u00e2y Nam, \u0111\u01b0\u1ee3c cho l\u00e0 mang l\u1ea1i t\u00e0i l\u1ed9c, may m\u1eafn, t\u00ecnh duy\u00ean t\u1ed1t \u0111\u1eb9p v\u00e0 h\u00f2a thu\u1eadn cho gia \u0111\u00ecnh.<\/div>\n<div><\/div>\n<h3><span class=\"ez-toc-section\" id=\"5_cach_cham_soc_hoa_mau_don_cat_canh_tai_nha_de_giu_hoa_tuoi_lau\"><\/span><strong>5. C\u00e1ch ch\u0103m s\u00f3c Hoa M\u1eabu \u0110\u01a1n c\u1eaft c\u00e0nh t\u1ea1i nh\u00e0 \u0111\u1ec3 gi\u1eef hoa t\u01b0\u01a1i l\u00e2u<\/strong><span class=\"ez-toc-section-end\"><\/span><\/h3>\n<div>Hoa M\u1eabu \u0110\u01a1n l\u00e0 lo\u1ea1i hoa c\u1eaft c\u00e0nh c\u00f3 \u0111\u1ed9 b\u1ec1n kh\u00e1 t\u1ed1t n\u1ebfu \u0111\u01b0\u1ee3c ch\u0103m s\u00f3c \u0111\u00fang c\u00e1ch. \u0110\u1ec3 nh\u1eefng b\u00f4ng M\u1eabu \u0110\u01a1n l\u1ed9ng l\u1eaby b\u1ea1n mua t\u1eeb GVgarden.asia gi\u1eef \u0111\u01b0\u1ee3c v\u1ebb \u0111\u1eb9p r\u1ea1ng r\u1ee1 l\u00e2u nh\u1ea5t, h\u00e3y l\u00e0m theo c\u00e1c b\u01b0\u1edbc sau:<\/div>\n<div><\/div>\n<div>V\u1ec7 sinh b\u00ecnh hoa: Lu\u00f4n b\u1eaft \u0111\u1ea7u v\u1edbi m\u1ed9t b\u00ecnh hoa th\u1eadt s\u1ea1ch. R\u1eeda k\u1ef9 b\u00ecnh b\u1eb1ng x\u00e0 ph\u00f2ng v\u00e0 n\u01b0\u1edbc n\u00f3ng \u0111\u1ec3 lo\u1ea1i b\u1ecf m\u1ecdi vi khu\u1ea9n c\u00f2n s\u00f3t l\u1ea1i, sau \u0111\u00f3 tr\u00e1ng l\u1ea1i b\u1eb1ng n\u01b0\u1edbc s\u1ea1ch. B\u00ecnh b\u1ea9n l\u00e0 m\u00f4i tr\u01b0\u1eddng l\u00fd t\u01b0\u1edfng cho vi khu\u1ea9n ph\u00e1t tri\u1ec3n, l\u00e0m hoa nhanh t\u00e0n.<\/div>\n<div><\/div>\n<div>C\u1eaft g\u1ed1c hoa \u0111\u00fang c\u00e1ch: Ngay khi nh\u1eadn hoa, d\u00f9ng dao s\u1eafc ho\u1eb7c k\u00e9o chuy\u00ean d\u1ee5ng \u0111\u1ec3 c\u1eaft ch\u00e9o m\u1ed9t g\u00f3c 45 \u0111\u1ed9 kho\u1ea3ng 2-3 cm \u1edf g\u1ed1c c\u00e0nh hoa. Quan tr\u1ecdng l\u00e0 th\u1ef1c hi\u1ec7n thao t\u00e1c n\u00e0y d\u01b0\u1edbi v\u00f2i n\u01b0\u1edbc ch\u1ea3y ho\u1eb7c trong m\u1ed9t ch\u1eadu n\u01b0\u1edbc nh\u1ecf. Vi\u1ec7c n\u00e0y gi\u00fap ng\u0103n kh\u00f4ng kh\u00ed l\u1ecdt v\u00e0o m\u1ea1ch d\u1eabn c\u1ee7a hoa, \u0111\u1ea3m b\u1ea3o kh\u1ea3 n\u0103ng h\u00fat n\u01b0\u1edbc t\u1ed1i \u01b0u. (Alt \u1ea3nh: C\u1eaft ch\u00e9o g\u1ed1c hoa M\u1eabu \u0110\u01a1n)<\/div>\n<div><\/div>\n<div>Lo\u1ea1i b\u1ecf l\u00e1 d\u01b0\u1edbi m\u1ef1c n\u01b0\u1edbc: G\u1ee1 b\u1ecf t\u1ea5t c\u1ea3 nh\u1eefng l\u00e1 ho\u1eb7c c\u00e0nh ph\u1ee5 s\u1ebd b\u1ecb ng\u00e2m trong n\u01b0\u1edbc khi b\u1ea1n \u0111\u1eb7t hoa v\u00e0o b\u00ecnh. L\u00e1 b\u1ecb ng\u1eadp n\u01b0\u1edbc s\u1ebd nhanh ch\u00f3ng ph\u00e2n h\u1ee7y, t\u1ea1o \u0111i\u1ec1u ki\u1ec7n cho vi khu\u1ea9n ph\u00e1t tri\u1ec3n m\u1ea1nh, g\u00e2y \u00f4 nhi\u1ec5m ngu\u1ed3n n\u01b0\u1edbc v\u00e0 l\u00e0m hoa nhanh h\u00e9o. (Alt \u1ea3nh: Lo\u1ea1i b\u1ecf l\u00e1 th\u1eeba tr\u00ean c\u00e0nh M\u1eabu \u0110\u01a1n)<\/div>\n<div><\/div>\n<div>S\u1eed d\u1ee5ng d\u01b0\u1ee1ng ch\u1ea5t c\u1eafm hoa: Pha g\u00f3i d\u01b0\u1ee1ng ch\u1ea5t c\u1eafm hoa (floral food) v\u00e0o n\u01b0\u1edbc theo \u0111\u00fang t\u1ef7 l\u1ec7 h\u01b0\u1edbng d\u1eabn tr\u00ean bao b\u00ec. D\u01b0\u1ee1ng ch\u1ea5t n\u00e0y cung c\u1ea5p \u0111\u01b0\u1eddng (n\u0103ng l\u01b0\u1ee3ng cho hoa) v\u00e0 ch\u1ea5t di\u1ec7t khu\u1ea9n, gi\u00fap n\u01b0\u1edbc trong b\u00ecnh s\u1ea1ch s\u1ebd v\u00e0 hoa t\u01b0\u01a1i l\u00e2u h\u01a1n. N\u1ebfu kh\u00f4ng c\u00f3, b\u1ea1n c\u00f3 th\u1ec3 t\u1ef1 pha dung d\u1ecbch b\u1eb1ng c\u00e1ch th\u00eam m\u1ed9t th\u00eca c\u00e0 ph\u00ea \u0111\u01b0\u1eddng v\u00e0 v\u00e0i gi\u1ecdt thu\u1ed1c t\u1ea9y kh\u00f4ng m\u00f9i v\u00e0o m\u1ed9t l\u00edt n\u01b0\u1edbc.<\/div>\n<div><\/div>\n<div>Thay n\u01b0\u1edbc th\u01b0\u1eddng xuy\u00ean: Thay to\u00e0n b\u1ed9 n\u01b0\u1edbc trong b\u00ecnh m\u1ed7i ng\u00e0y ho\u1eb7c c\u00e1ch ng\u00e0y. Khi thay n\u01b0\u1edbc, h\u00e3y r\u1eeda s\u1ea1ch b\u00ecnh m\u1ed9t l\u1ea7n n\u1eefa v\u00e0 c\u1eaft l\u1ea1i g\u1ed1c hoa m\u1ed9t ch\u00fat (kho\u1ea3ng 1 cm) \u0111\u1ec3 lo\u1ea1i b\u1ecf ph\u1ea7n g\u1ed1c c\u00f3 th\u1ec3 b\u1ecb t\u1eafc ngh\u1ebdn ho\u1eb7c m\u1ec1m nh\u0169n.<\/div>\n<div><\/div>\n<div>V\u1ecb tr\u00ed \u0111\u1eb7t hoa: \u0110\u1eb7t b\u00ecnh hoa M\u1eabu \u0110\u01a1n \u1edf n\u01a1i m\u00e1t m\u1ebb, tho\u00e1ng \u0111\u00e3ng, tr\u00e1nh \u00e1nh n\u1eafng m\u1eb7t tr\u1eddi tr\u1ef1c ti\u1ebfp, gi\u00f3 l\u00f9a m\u1ea1nh, v\u00e0 c\u00e1c ngu\u1ed3n nhi\u1ec7t (nh\u01b0 tivi, l\u00f2 s\u01b0\u1edfi, m\u00e1y t\u00ednh). Nhi\u1ec7t \u0111\u1ed9 cao v\u00e0 lu\u1ed3ng kh\u00ed m\u1ea1nh s\u1ebd l\u00e0m hoa m\u1ea5t n\u01b0\u1edbc nhanh ch\u00f3ng. C\u0169ng n\u00ean tr\u00e1nh \u0111\u1eb7t hoa g\u1ea7n c\u00e1c lo\u1ea1i tr\u00e1i c\u00e2y ch\u00edn, \u0111\u1eb7c bi\u1ec7t l\u00e0 chu\u1ed1i, v\u00ec ch\u00fang th\u1ea3i ra kh\u00ed ethylene l\u00e0m hoa nhanh t\u00e0n. (Alt \u1ea3nh: B\u00ecnh hoa M\u1eabu \u0110\u01a1n sang tr\u1ecdng tr\u00ean b\u00e0n)<\/div>\n<div><\/div>\n<div>Th\u1ef1c hi\u1ec7n \u0111\u00fang v\u00e0 \u0111\u1ec1u \u0111\u1eb7n c\u00e1c b\u01b0\u1edbc ch\u0103m s\u00f3c n\u00e0y s\u1ebd gi\u00fap nh\u1eefng b\u00f4ng hoa M\u1eabu \u0110\u01a1n c\u1ee7a b\u1ea1n duy tr\u00ec v\u1ebb \u0111\u1eb9p l\u1ed9ng l\u1eaby v\u00e0 r\u1ea1ng r\u1ee1, t\u00f4 \u0111i\u1ec3m cho kh\u00f4ng gian s\u1ed1ng th\u00eam ph\u1ea7n sang tr\u1ecdng v\u00e0 tr\u00e0n \u0111\u1ea7y n\u0103ng l\u01b0\u1ee3ng t\u00edch c\u1ef1c.<\/div>\n<div><\/div>\n<h3><span class=\"ez-toc-section\" id=\"6_mua_hoa_mau_don_chat_luong_tai_gvgardenasia\"><\/span><strong>6. Mua Hoa M\u1eabu \u0110\u01a1n ch\u1ea5t l\u01b0\u1ee3ng t\u1ea1i GVgarden.asia<\/strong><span class=\"ez-toc-section-end\"><\/span><\/h3>\n<div>GVgarden.asia t\u1ef1 h\u00e0o l\u00e0 \u0111\u1ecba ch\u1ec9 uy t\u00edn cung c\u1ea5p hoa M\u1eabu \u0110\u01a1n ch\u1ea5t l\u01b0\u1ee3ng cao, \u0111a d\u1ea1ng v\u1ec1 m\u00e0u s\u1eafc v\u00e0 ch\u1ee7ng lo\u1ea1i. Ch\u00fang t\u00f4i cam k\u1ebft mang \u0111\u1ebfn nh\u1eefng b\u00f4ng hoa t\u01b0\u01a1i t\u1eafn, kh\u1ecfe m\u1ea1nh nh\u1ea5t, \u0111\u01b0\u1ee3c tuy\u1ec3n ch\u1ecdn k\u1ef9 l\u01b0\u1ee1ng t\u1eeb c\u00e1c v\u01b0\u1eddn \u01b0\u01a1m uy t\u00edn, \u0111\u1ea3m b\u1ea3o \u0111\u1ed9 b\u1ec1n v\u00e0 v\u1ebb \u0111\u1eb9p ho\u00e0n h\u1ea3o khi \u0111\u1ebfn tay b\u1ea1n.<\/div>\n<div><\/div>\n<div>T\u1ea1i sao n\u00ean ch\u1ecdn mua M\u1eabu \u0110\u01a1n t\u1ea1i GVgarden.asia?<\/div>\n<div>Ch\u1ea5t l\u01b0\u1ee3ng v\u01b0\u1ee3t tr\u1ed9i: Hoa lu\u00f4n t\u01b0\u01a1i m\u1edbi, kh\u00f4ng s\u00e2u b\u1ec7nh, c\u00e1nh hoa nguy\u00ean v\u1eb9n v\u00e0 chu\u1ea9n form.<\/div>\n<div><\/div>\n<div>\u0110a d\u1ea1ng l\u1ef1a ch\u1ecdn: Cung c\u1ea5p nhi\u1ec1u gi\u1ed1ng v\u00e0 m\u00e0u s\u1eafc hoa M\u1eabu \u0110\u01a1n ph\u1ed5 bi\u1ebfn v\u00e0 \u0111\u1ed9c \u0111\u00e1o.<\/div>\n<div><\/div>\n<div>Gi\u00e1 c\u1ea3 c\u1ea1nh tranh: M\u1ee9c gi\u00e1 h\u1ee3p l\u00fd, t\u01b0\u01a1ng x\u1ee9ng v\u1edbi ch\u1ea5t l\u01b0\u1ee3ng v\u00e0 v\u1ebb \u0111\u1eb9p c\u1ee7a lo\u00e0i hoa cao c\u1ea5p n\u00e0y.<\/div>\n<div><\/div>\n<div>T\u01b0 v\u1ea5n t\u1eadn t\u00ecnh: \u0110\u1ed9i ng\u0169 chuy\u00ean gia s\u1eb5n s\u00e0ng h\u1ed7 tr\u1ee3 b\u1ea1n v\u1ec1 c\u00e1ch ch\u0103m s\u00f3c v\u00e0 l\u1ef1a ch\u1ecdn hoa ph\u00f9 h\u1ee3p nh\u1ea5t.<\/div>\n<div><\/div>\n<div>Giao h\u00e0ng nhanh ch\u00f3ng v\u00e0 chuy\u00ean nghi\u1ec7p: \u0110\u1ea3m b\u1ea3o hoa \u0111\u01b0\u1ee3c v\u1eadn chuy\u1ec3n c\u1ea9n th\u1eadn, an to\u00e0n v\u00e0 \u0111\u1ebfn tay b\u1ea1n trong t\u00ecnh tr\u1ea1ng t\u1ed1t nh\u1ea5t.<\/div>\n<div><\/div>\n<div>H\u00e3y truy c\u1eadp website GVgarden.asia ho\u1eb7c li\u00ean h\u1ec7 ngay h\u00f4m nay \u0111\u1ec3 s\u1edf h\u1eefu nh\u1eefng b\u00f3 hoa M\u1eabu \u0110\u01a1n tuy\u1ec7t \u0111\u1eb9p, mang s\u1eafc m\u00e0u l\u1ed9ng l\u1eaby v\u00e0 \u00fd ngh\u0129a th\u1ecbnh v\u01b0\u1ee3ng \u0111\u1ebfn kh\u00f4ng gian c\u1ee7a b\u1ea1n!<\/div>\n","protected":false},"excerpt":{"rendered":"<p>1. Gi\u1edbi thi\u1ec7u v\u1ec1 Hoa M\u1eabu \u0110\u01a1n Hoa M\u1eabu \u0110\u01a1n (t\u00ean khoa h\u1ecdc: Paeonia) \u0111\u01b0\u1ee3c m\u1ec7nh danh l\u00e0 &#8220;N\u1eef ho\u00e0ng c\u1ee7a c\u00e1c lo\u00e0i hoa&#8221; b\u1edfi v\u1ebb \u0111\u1eb9p l\u1ed9ng l\u1eaby, ki\u00eau sa v\u00e0 nh\u1eefng c\u00e1nh hoa m\u1ec1m m\u1ea1i, d\u00e0y d\u1eb7n x\u1ebfp ch\u1ed3ng l\u00ean nhau t\u1ea1o th\u00e0nh b\u00f4ng hoa to tr\u00f2n, quy\u1ebfn r\u0169. Lo\u00e0i hoa n\u00e0y kh\u00f4ng [&#8230;]\n","protected":false},"featured_media":4474,"comment_status":"open","ping_status":"closed","template":"","meta":[],"product_brand":[],"product_cat":[301,274],"product_tag":[324,325],"class_list":{"0":"post-4380","1":"product","2":"type-product","3":"status-publish","4":"has-post-thumbnail","6":"product_cat-hoa-la-phu-trung-quoc","7":"product_cat-hoa-nhap-khau","8":"product_tag-hoa-mau-don","9":"product_tag-hoa-peony","11":"first","12":"instock","13":"shipping-taxable","14":"product-type-simple"},"_links":{"self":[{"href":"https:\/\/gvgarden.asia\/index.php?rest_route=\/wp\/v2\/product\/4380","targetHints":{"allow":["GET"]}}],"collection":[{"href":"https:\/\/gvgarden.asia\/index.php?rest_route=\/wp\/v2\/product"}],"about":[{"href":"https:\/\/gvgarden.asia\/index.php?rest_route=\/wp\/v2\/types\/product"}],"replies":[{"embeddable":true,"href":"https:\/\/gvgarden.asia\/index.php?rest_route=%2Fwp%2Fv2%2Fcomments&post=4380"}],"version-history":[{"count":3,"href":"https:\/\/gvgarden.asia\/index.php?rest_route=\/wp\/v2\/product\/4380\/revisions"}],"predecessor-version":[{"id":5605,"href":"https:\/\/gvgarden.asia\/index.php?rest_route=\/wp\/v2\/product\/4380\/revisions\/5605"}],"wp:featuredmedia":[{"embeddable":true,"href":"https:\/\/gvgarden.asia\/index.php?rest_route=\/wp\/v2\/media\/4474"}],"wp:attachment":[{"href":"https:\/\/gvgarden.asia\/index.php?rest_route=%2Fwp%2Fv2%2Fmedia&parent=4380"}],"wp:term":[{"taxonomy":"product_brand","embeddable":true,"href":"https:\/\/gvgarden.asia\/index.php?rest_route=%2Fwp%2Fv2%2Fproduct_brand&post=4380"},{"taxonomy":"product_cat","embeddable":true,"href":"https:\/\/gvgarden.asia\/index.php?rest_route=%2Fwp%2Fv2%2Fproduct_cat&post=4380"},{"taxonomy":"product_tag","embeddable":true,"href":"https:\/\/gvgarden.asia\/index.php?rest_route=%2Fwp%2Fv2%2Fproduct_tag&post=4380"}],"curies":[{"name":"wp","href":"https:\/\/api.w.org\/{rel}","templated":true}]}}