{"id":4379,"date":"2025-07-19T12:43:44","date_gmt":"2025-07-19T05:43:44","guid":{"rendered":"https:\/\/gvgarden.asia\/?post_type=product&#038;p=4379"},"modified":"2025-09-05T15:19:07","modified_gmt":"2025-09-05T08:19:07","slug":"lan-ho-diep-cat-canh-tim-ve-dep-sang-trong","status":"publish","type":"product","link":"https:\/\/gvgarden.asia\/?product=lan-ho-diep-cat-canh-tim-ve-dep-sang-trong","title":{"rendered":"Hoa Lan H\u1ed3 \u0110i\u1ec7p T\u00edm"},"content":{"rendered":"<div id=\"ez-toc-container\" class=\"ez-toc-v2_0_76 counter-hierarchy ez-toc-counter ez-toc-grey ez-toc-container-direction\">\n<div class=\"ez-toc-title-container\">\n<p class=\"ez-toc-title\" style=\"cursor:inherit\">N\u1ed9i Dung B\u00e0i Vi\u1ebft<\/p>\n<span class=\"ez-toc-title-toggle\"><a href=\"#\" class=\"ez-toc-pull-right ez-toc-btn ez-toc-btn-xs ez-toc-btn-default ez-toc-toggle\" aria-label=\"Toggle Table of Content\"><span class=\"ez-toc-js-icon-con\"><span class=\"\"><span class=\"eztoc-hide\" style=\"display:none;\">Toggle<\/span><span class=\"ez-toc-icon-toggle-span\"><svg style=\"fill: #999;color:#999\" xmlns=\"http:\/\/www.w3.org\/2000\/svg\" class=\"list-377408\" width=\"20px\" height=\"20px\" viewBox=\"0 0 24 24\" fill=\"none\"><path d=\"M6 6H4v2h2V6zm14 0H8v2h12V6zM4 11h2v2H4v-2zm16 0H8v2h12v-2zM4 16h2v2H4v-2zm16 0H8v2h12v-2z\" fill=\"currentColor\"><\/path><\/svg><svg style=\"fill: #999;color:#999\" class=\"arrow-unsorted-368013\" xmlns=\"http:\/\/www.w3.org\/2000\/svg\" width=\"10px\" height=\"10px\" viewBox=\"0 0 24 24\" version=\"1.2\" baseProfile=\"tiny\"><path d=\"M18.2 9.3l-6.2-6.3-6.2 6.3c-.2.2-.3.4-.3.7s.1.5.3.7c.2.2.4.3.7.3h11c.3 0 .5-.1.7-.3.2-.2.3-.5.3-.7s-.1-.5-.3-.7zM5.8 14.7l6.2 6.3 6.2-6.3c.2-.2.3-.5.3-.7s-.1-.5-.3-.7c-.2-.2-.4-.3-.7-.3h-11c-.3 0-.5.1-.7.3-.2.2-.3.5-.3.7s.1.5.3.7z\"\/><\/svg><\/span><\/span><\/span><\/a><\/span><\/div>\n<nav><ul class='ez-toc-list ez-toc-list-level-1 eztoc-toggle-hide-by-default' ><li class='ez-toc-page-1 ez-toc-heading-level-3'><a class=\"ez-toc-link ez-toc-heading-1\" href=\"https:\/\/gvgarden.asia\/?product=lan-ho-diep-cat-canh-tim-ve-dep-sang-trong\/#1_gioi_thieu_ve_lan_ho_diep_cat_canh_mau_tim\" >1. Gi\u1edbi thi\u1ec7u v\u1ec1 Lan H\u1ed3 \u0110i\u1ec7p C\u1eaft C\u00e0nh M\u00e0u T\u00edm<\/a><\/li><li class='ez-toc-page-1 ez-toc-heading-level-3'><a class=\"ez-toc-link ez-toc-heading-2\" href=\"https:\/\/gvgarden.asia\/?product=lan-ho-diep-cat-canh-tim-ve-dep-sang-trong\/#2_y_nghia_cua_lan_ho_diep_cat_canh_mau_tim\" >2. \u00dd ngh\u0129a c\u1ee7a Lan H\u1ed3 \u0110i\u1ec7p C\u1eaft C\u00e0nh M\u00e0u T\u00edm<\/a><\/li><li class='ez-toc-page-1 ez-toc-heading-level-3'><a class=\"ez-toc-link ez-toc-heading-3\" href=\"https:\/\/gvgarden.asia\/?product=lan-ho-diep-cat-canh-tim-ve-dep-sang-trong\/#3_dac_diem_noi_bat_cua_lan_ho_diep_cat_canh_tim\" >3. \u0110\u1eb7c \u0111i\u1ec3m n\u1ed5i b\u1eadt c\u1ee7a Lan H\u1ed3 \u0110i\u1ec7p C\u1eaft C\u00e0nh T\u00edm<\/a><\/li><li class='ez-toc-page-1 ez-toc-heading-level-3'><a class=\"ez-toc-link ez-toc-heading-4\" href=\"https:\/\/gvgarden.asia\/?product=lan-ho-diep-cat-canh-tim-ve-dep-sang-trong\/#4_ung_dung_cua_lan_ho_diep_cat_canh_tim_trong_doi_song\" >4. \u1ee8ng d\u1ee5ng c\u1ee7a Lan H\u1ed3 \u0110i\u1ec7p C\u1eaft C\u00e0nh T\u00edm trong \u0111\u1eddi s\u1ed1ng<\/a><\/li><li class='ez-toc-page-1 ez-toc-heading-level-3'><a class=\"ez-toc-link ez-toc-heading-5\" href=\"https:\/\/gvgarden.asia\/?product=lan-ho-diep-cat-canh-tim-ve-dep-sang-trong\/#5_cach_cham_soc_lan_ho_diep_cat_canh_tim_tai_nha_de_giu_hoa_tuoi_lau\" >5. C\u00e1ch ch\u0103m s\u00f3c Lan H\u1ed3 \u0110i\u1ec7p C\u1eaft C\u00e0nh T\u00edm t\u1ea1i nh\u00e0 \u0111\u1ec3 gi\u1eef hoa t\u01b0\u01a1i l\u00e2u<\/a><\/li><li class='ez-toc-page-1 ez-toc-heading-level-3'><a class=\"ez-toc-link ez-toc-heading-6\" href=\"https:\/\/gvgarden.asia\/?product=lan-ho-diep-cat-canh-tim-ve-dep-sang-trong\/#6_mua_lan_ho_diep_cat_canh_tim_chat_luong_tai_gvgardenasia\" >6. Mua Lan H\u1ed3 \u0110i\u1ec7p C\u1eaft C\u00e0nh T\u00edm ch\u1ea5t l\u01b0\u1ee3ng t\u1ea1i GVgarden.asia<\/a><\/li><\/ul><\/nav><\/div>\n<h3><span class=\"ez-toc-section\" id=\"1_gioi_thieu_ve_lan_ho_diep_cat_canh_mau_tim\"><\/span><strong>1. Gi\u1edbi thi\u1ec7u v\u1ec1 Lan H\u1ed3 \u0110i\u1ec7p C\u1eaft C\u00e0nh M\u00e0u T\u00edm<\/strong><span class=\"ez-toc-section-end\"><\/span><\/h3>\n<div>Lan H\u1ed3 \u0110i\u1ec7p (t\u00ean khoa h\u1ecdc: Phalaenopsis), v\u1edbi v\u1ebb \u0111\u1eb9p ki\u00eau sa v\u00e0 l\u1ed9ng l\u1eaby, t\u1eeb l\u00e2u \u0111\u00e3 \u0111\u01b0\u1ee3c m\u1ec7nh danh l\u00e0 &#8220;N\u1eef ho\u00e0ng c\u1ee7a c\u00e1c lo\u00e0i hoa lan&#8221;. Trong s\u1ed1 \u0111\u00f3, Lan H\u1ed3 \u0110i\u1ec7p c\u1eaft c\u00e0nh m\u00e0u t\u00edm n\u1ed5i b\u1eadt v\u1edbi s\u1eafc m\u00e0u qu\u00fd ph\u00e1i, huy\u1ec1n b\u00ed v\u00e0 \u0111\u1ea7y cu\u1ed1n h\u00fat. Nh\u1eefng c\u00e1nh hoa m\u1ec1m m\u1ea1i, u\u1ed1n l\u01b0\u1ee3n nh\u01b0 c\u00e1nh b\u01b0\u1edbm, c\u00f9ng s\u1eafc t\u00edm \u0111a d\u1ea1ng t\u1eeb t\u00edm lavender nh\u1eb9 nh\u00e0ng, t\u00edm than sang tr\u1ecdng \u0111\u1ebfn t\u00edm pha v\u00e2n \u0111\u1ed9c \u0111\u00e1o, mang \u0111\u1ebfn s\u1ef1 tinh t\u1ebf v\u00e0 \u0111\u1eb3ng c\u1ea5p cho m\u1ecdi kh\u00f4ng gian.<\/div>\n<div><\/div>\n<div>Lan H\u1ed3 \u0110i\u1ec7p c\u00f3 ngu\u1ed3n g\u1ed1c t\u1eeb c\u00e1c v\u00f9ng nhi\u1ec7t \u0111\u1edbi c\u1ee7a \u0110\u00f4ng Nam \u00c1 v\u00e0 Australia. T\u00ean g\u1ecdi &#8220;Phalaenopsis&#8221; c\u00f3 ngh\u0129a l\u00e0 &#8220;gi\u1ed1ng b\u01b0\u1edbm \u0111\u00eam&#8221;, \u00e1m ch\u1ec9 h\u00ecnh d\u00e1ng b\u00f4ng hoa gi\u1ed1ng nh\u01b0 m\u1ed9t \u0111\u00e0n b\u01b0\u1edbm \u0111ang bay l\u01b0\u1ee3n. T\u1eeb khi \u0111\u01b0\u1ee3c ph\u00e1t hi\u1ec7n, Lan H\u1ed3 \u0110i\u1ec7p \u0111\u00e3 nhanh ch\u00f3ng tr\u1edf th\u00e0nh lo\u00e0i hoa \u0111\u01b0\u1ee3c y\u00eau th\u00edch tr\u00ean to\u00e0n c\u1ea7u, kh\u00f4ng ch\u1ec9 b\u1edfi v\u1ebb \u0111\u1eb9p m\u00e0 c\u00f2n b\u1edfi \u0111\u1ed9 b\u1ec1n \u0111\u00e1ng kinh ng\u1ea1c c\u1ee7a hoa c\u1eaft c\u00e0nh.<\/div>\n<div><\/div>\n<div>Lan H\u1ed3 \u0110i\u1ec7p c\u1eaft c\u00e0nh m\u00e0u t\u00edm l\u00e0 l\u1ef1a ch\u1ecdn ho\u00e0n h\u1ea3o \u0111\u1ec3 th\u1ec3 hi\u1ec7n s\u1ef1 sang tr\u1ecdng, l\u00f2ng ng\u01b0\u1ee1ng m\u1ed9 v\u00e0 nh\u1eefng th\u00f4ng \u0111i\u1ec7p t\u00ecnh y\u00eau s\u00e2u s\u1eafc, l\u00e0m cho ch\u00fang tr\u1edf th\u00e0nh m\u00f3n qu\u00e0 \u00fd ngh\u0129a trong nhi\u1ec1u d\u1ecbp \u0111\u1eb7c bi\u1ec7t.<\/div>\n<div><\/div>\n<h3><span class=\"ez-toc-section\" id=\"2_y_nghia_cua_lan_ho_diep_cat_canh_mau_tim\"><\/span><strong>2. \u00dd ngh\u0129a c\u1ee7a Lan H\u1ed3 \u0110i\u1ec7p C\u1eaft C\u00e0nh M\u00e0u T\u00edm<\/strong><span class=\"ez-toc-section-end\"><\/span><\/h3>\n<div>M\u1ed7i s\u1eafc th\u00e1i c\u1ee7a Lan H\u1ed3 \u0110i\u1ec7p t\u00edm \u0111\u1ec1u mang trong m\u00ecnh nh\u1eefng th\u00f4ng \u0111i\u1ec7p ri\u00eang, l\u00e0m t\u0103ng th\u00eam gi\u00e1 tr\u1ecb bi\u1ec3u c\u1ea3m c\u1ee7a lo\u00e0i hoa n\u00e0y:<\/div>\n<div><\/div>\n<div>\u00dd ngh\u0129a chung c\u1ee7a Lan H\u1ed3 \u0110i\u1ec7p: T\u01b0\u1ee3ng tr\u01b0ng cho v\u1ebb \u0111\u1eb9p thanh l\u1ecbch, sang tr\u1ecdng, s\u1ef1 gi\u00e0u c\u00f3, th\u1ecbnh v\u01b0\u1ee3ng v\u00e0 h\u1ea1nh ph\u00fac. Ch\u00fang c\u00f2n bi\u1ec3u tr\u01b0ng cho t\u00ecnh y\u00eau, s\u1ef1 ng\u01b0\u1ee1ng m\u1ed9 v\u00e0 l\u00f2ng t\u00f4n k\u00ednh.<\/div>\n<div><\/div>\n<div>\u00dd ngh\u0129a \u0111\u1eb7c bi\u1ec7t c\u1ee7a Lan H\u1ed3 \u0110i\u1ec7p T\u00edm:<\/div>\n<div><\/div>\n<div>T\u00ecnh y\u00eau son s\u1eaft v\u00e0 th\u1ee7y chung: S\u1eafc t\u00edm l\u00e0 m\u00e0u c\u1ee7a s\u1ef1 l\u00e3ng m\u1ea1n v\u00e0 b\u1ec1n ch\u1eb7t. Lan H\u1ed3 \u0110i\u1ec7p t\u00edm th\u1ec3 hi\u1ec7n m\u1ed9t t\u00ecnh y\u00eau s\u00e2u s\u1eafc, v\u0129nh c\u1eedu v\u00e0 kh\u00f4ng thay \u0111\u1ed5i, m\u1ed9t l\u00f2ng m\u1ed9t d\u1ea1 h\u01b0\u1edbng v\u1ec1 \u0111\u1ed1i ph\u01b0\u01a1ng. \u0110\u00e2y l\u00e0 l\u1ef1a ch\u1ecdn tuy\u1ec7t v\u1eddi \u0111\u1ec3 k\u1ef7 ni\u1ec7m t\u00ecnh y\u00eau \u0111\u00f4i l\u1ee9a.<\/div>\n<div><\/div>\n<div>S\u1ef1 qu\u00fd ph\u00e1i v\u00e0 b\u00ed \u1ea9n: M\u00e0u t\u00edm g\u1eafn li\u1ec1n v\u1edbi ho\u00e0ng gia, quy\u1ec1n l\u1ef1c v\u00e0 s\u1ef1 b\u00ed \u1ea9n. Lan H\u1ed3 \u0110i\u1ec7p t\u00edm mang \u0111\u1ebfn v\u1ebb \u0111\u1eb9p sang tr\u1ecdng, l\u00f4i cu\u1ed1n v\u00e0 \u0111\u1ea7y s\u1ee9c h\u00fat, th\u1ec3 hi\u1ec7n gu th\u1ea9m m\u1ef9 tinh t\u1ebf c\u1ee7a ng\u01b0\u1eddi s\u1edf h\u1eefu.<\/div>\n<div><\/div>\n<div>S\u1ef1 ng\u01b0\u1ee1ng m\u1ed9 v\u00e0 t\u00f4n tr\u1ecdng: Khi b\u1ea1n mu\u1ed1n b\u00e0y t\u1ecf l\u00f2ng ng\u01b0\u1ee1ng m\u1ed9, s\u1ef1 k\u00ednh tr\u1ecdng \u0111\u1eb7c bi\u1ec7t \u0111\u1ed1i v\u1edbi m\u1ed9t ai \u0111\u00f3 c\u00f3 \u0111\u1ecba v\u1ecb ho\u1eb7c t\u00ednh c\u00e1ch \u0111\u1ed9c \u0111\u00e1o, Lan H\u1ed3 \u0110i\u1ec7p t\u00edm l\u00e0 l\u1ef1a ch\u1ecdn l\u00fd t\u01b0\u1edfng.<\/div>\n<div><\/div>\n<div>Th\u00e0nh c\u00f4ng v\u00e0 th\u1ecbnh v\u01b0\u1ee3ng: Lan H\u1ed3 \u0110i\u1ec7p n\u00f3i chung, v\u00e0 \u0111\u1eb7c bi\u1ec7t l\u00e0 m\u00e0u t\u00edm, c\u00f2n mang \u00fd ngh\u0129a v\u1ec1 s\u1ef1 th\u00e0nh c\u00f4ng, t\u00e0i l\u1ed9c v\u00e0 ph\u00fa qu\u00fd, th\u01b0\u1eddng \u0111\u01b0\u1ee3c t\u1eb7ng trong c\u00e1c d\u1ecbp khai tr\u01b0\u01a1ng, t\u00e2n gia.<\/div>\n<div><\/div>\n<div>Alt \u1ea3nh: C\u00e0nh Lan H\u1ed3 \u0110i\u1ec7p t\u00edm sang tr\u1ecdng<\/div>\n<div><\/div>\n<div>Alt \u1ea3nh: B\u00f3 hoa Lan H\u1ed3 \u0110i\u1ec7p t\u00edm l\u00e3ng m\u1ea1n<\/div>\n<div><\/div>\n<h3><span class=\"ez-toc-section\" id=\"3_dac_diem_noi_bat_cua_lan_ho_diep_cat_canh_tim\"><\/span><strong>3. \u0110\u1eb7c \u0111i\u1ec3m n\u1ed5i b\u1eadt c\u1ee7a Lan H\u1ed3 \u0110i\u1ec7p C\u1eaft C\u00e0nh T\u00edm<\/strong><span class=\"ez-toc-section-end\"><\/span><\/h3>\n<div>Lan H\u1ed3 \u0110i\u1ec7p c\u1eaft c\u00e0nh t\u00edm s\u1edf h\u1eefu nh\u1eefng \u0111\u1eb7c \u0111i\u1ec3m \u0111\u1ed9c \u0111\u00e1o, khi\u1ebfn ch\u00fang tr\u1edf n\u00ean \u0111\u1eb7c bi\u1ec7t v\u00e0 \u0111\u01b0\u1ee3c \u01b0a chu\u1ed9ng:<\/div>\n<div><\/div>\n<div>C\u1ea5u t\u1ea1o b\u00f4ng hoa: B\u00f4ng hoa Lan H\u1ed3 \u0110i\u1ec7p c\u00f3 h\u00ecnh d\u00e1ng \u0111\u1eb7c tr\u01b0ng gi\u1ed1ng c\u00e1nh b\u01b0\u1edbm v\u1edbi 5 c\u00e1nh x\u00f2e r\u1ed9ng, th\u01b0\u1eddng c\u00f3 m\u1ed9t c\u00e1nh m\u00f4i (labellum) n\u1ed5i b\u1eadt \u1edf gi\u1eefa, c\u00f3 th\u1ec3 c\u00f3 c\u00e1c h\u1ecda ti\u1ebft, v\u00e2n ho\u1eb7c \u0111\u1ed1m m\u00e0u kh\u00e1c. S\u1eafc t\u00edm \u0111a d\u1ea1ng t\u1eeb t\u00edm nh\u1ea1t \u0111\u1ebfn t\u00edm \u0111\u1eadm, \u0111\u00f4i khi c\u00f3 pha tr\u1ed9n tr\u1eafng ho\u1eb7c v\u00e2n \u0111en. (Alt \u1ea3nh: C\u1eadn c\u1ea3nh b\u00f4ng Lan H\u1ed3 \u0110i\u1ec7p t\u00edm v\u1edbi c\u00e1nh m\u00f4i)<\/div>\n<div><\/div>\n<div>Th\u00e2n c\u00e0nh: C\u00e0nh hoa Lan H\u1ed3 \u0110i\u1ec7p c\u1eaft c\u00e0nh th\u01b0\u1eddng d\u00e0i, th\u1eb3ng ho\u1eb7c h\u01a1i cong m\u1ec1m m\u1ea1i, c\u00f3 th\u1ec3 mang nhi\u1ec1u b\u00f4ng hoa n\u1edf \u0111\u1ed3ng lo\u1ea1t ho\u1eb7c n\u1edf n\u1ed1i ti\u1ebfp. \u0110\u1ed9 b\u1ec1n c\u1ee7a c\u00e0nh hoa c\u1eaft l\u00e0 \u01b0u \u0111i\u1ec3m n\u1ed5i tr\u1ed9i.<\/div>\n<div><\/div>\n<div>\u0110\u1ed9 b\u1ec1n v\u01b0\u1ee3t tr\u1ed9i: M\u1ed9t trong nh\u1eefng l\u00fd do khi\u1ebfn Lan H\u1ed3 \u0110i\u1ec7p \u0111\u01b0\u1ee3c \u01b0a chu\u1ed9ng l\u00e0m hoa c\u1eaft c\u00e0nh l\u00e0 kh\u1ea3 n\u0103ng gi\u1eef t\u01b0\u01a1i r\u1ea5t l\u00e2u. M\u1ed9t c\u00e0nh Lan H\u1ed3 \u0110i\u1ec7p t\u00edm c\u1eaft c\u00e0nh c\u00f3 th\u1ec3 t\u01b0\u01a1i \u0111\u1eb9p trong b\u00ecnh t\u1eeb 2-4 tu\u1ea7n ho\u1eb7c th\u1eadm ch\u00ed l\u00e2u h\u01a1n n\u1ebfu \u0111\u01b0\u1ee3c ch\u0103m s\u00f3c \u0111\u00fang c\u00e1ch.<\/div>\n<div><\/div>\n<div>Kh\u00f4ng m\u00f9i ho\u1eb7c m\u00f9i r\u1ea5t nh\u1eb9: H\u1ea7u h\u1ebft c\u00e1c gi\u1ed1ng Lan H\u1ed3 \u0110i\u1ec7p kh\u00f4ng c\u00f3 m\u00f9i ho\u1eb7c ch\u1ec9 c\u00f3 m\u00f9i r\u1ea5t nh\u1eb9, ph\u00f9 h\u1ee3p v\u1edbi m\u1ecdi kh\u00f4ng gian, k\u1ec3 c\u1ea3 nh\u1eefng n\u01a1i k\u00edn \u0111\u00e1o.<\/div>\n<div><\/div>\n<h3><span class=\"ez-toc-section\" id=\"4_ung_dung_cua_lan_ho_diep_cat_canh_tim_trong_doi_song\"><\/span><strong>4. \u1ee8ng d\u1ee5ng c\u1ee7a Lan H\u1ed3 \u0110i\u1ec7p C\u1eaft C\u00e0nh T\u00edm trong \u0111\u1eddi s\u1ed1ng<\/strong><span class=\"ez-toc-section-end\"><\/span><\/h3>\n<div>V\u1edbi v\u1ebb \u0111\u1eb9p sang tr\u1ecdng v\u00e0 \u0111\u1ed9 b\u1ec1n \u1ea5n t\u01b0\u1ee3ng, Lan H\u1ed3 \u0110i\u1ec7p c\u1eaft c\u00e0nh t\u00edm c\u00f3 nhi\u1ec1u \u1ee9ng d\u1ee5ng cao c\u1ea5p trong \u0111\u1eddi s\u1ed1ng:<\/div>\n<div><\/div>\n<div>Hoa trang tr\u00ed n\u1ed9i th\u1ea5t cao c\u1ea5p: Lan H\u1ed3 \u0110i\u1ec7p t\u00edm l\u00e0 l\u1ef1a ch\u1ecdn ho\u00e0n h\u1ea3o \u0111\u1ec3 t\u00f4n l\u00ean v\u1ebb \u0111\u1eb9p sang tr\u1ecdng cho m\u1ecdi kh\u00f4ng gian:<\/div>\n<div><\/div>\n<div>C\u1eafm l\u1ecd trang tr\u00ed: \u0110\u1eb7t \u1edf b\u00e0n ti\u1ebfp kh\u00e1ch, b\u00e0n \u0103n, s\u1ea3nh kh\u00e1ch s\u1ea1n, v\u0103n ph\u00f2ng l\u00e0m vi\u1ec7c. M\u1ed9t b\u00ecnh Lan H\u1ed3 \u0110i\u1ec7p t\u00edm \u0111\u01a1n gi\u1ea3n c\u0169ng \u0111\u1ee7 t\u1ea1o \u0111i\u1ec3m nh\u1ea5n \u0111\u1eb3ng c\u1ea5p.<\/div>\n<div><\/div>\n<div>Trang tr\u00ed s\u1ef1 ki\u1ec7n: Ph\u00f9 h\u1ee3p cho c\u00e1c bu\u1ed5i ti\u1ec7c sang tr\u1ecdng, h\u1ed9i ngh\u1ecb, tri\u1ec3n l\u00e3m, mang \u0111\u1ebfn kh\u00f4ng kh\u00ed chuy\u00ean nghi\u1ec7p v\u00e0 tinh t\u1ebf. (Alt \u1ea3nh: B\u00ecnh Lan H\u1ed3 \u0110i\u1ec7p t\u00edm trang tr\u00ed kh\u00f4ng gian sang tr\u1ecdng)<\/div>\n<div><\/div>\n<div>Qu\u00e0 t\u1eb7ng \u00fd ngh\u0129a v\u00e0 \u0111\u1eb3ng c\u1ea5p: Lan H\u1ed3 \u0110i\u1ec7p t\u00edm l\u00e0 m\u00f3n qu\u00e0 bi\u1ec3u \u0111\u1ea1t s\u1ef1 t\u00f4n tr\u1ecdng, ng\u01b0\u1ee1ng m\u1ed9 v\u00e0 t\u00ecnh c\u1ea3m s\u00e2u s\u1eafc, th\u01b0\u1eddng \u0111\u01b0\u1ee3c l\u1ef1a ch\u1ecdn trong c\u00e1c d\u1ecbp:<\/div>\n<div><\/div>\n<div>Qu\u00e0 t\u1eb7ng \u0111\u1ed1i t\u00e1c, c\u1ea5p tr\u00ean: Th\u1ec3 hi\u1ec7n s\u1ef1 chuy\u00ean nghi\u1ec7p, \u0111\u1eb3ng c\u1ea5p v\u00e0 l\u1eddi ch\u00fac th\u00e0nh c\u00f4ng, th\u1ecbnh v\u01b0\u1ee3ng.<\/div>\n<div><\/div>\n<div>Qu\u00e0 t\u1eb7ng ng\u01b0\u1eddi th\u00e2n, ng\u01b0\u1eddi y\u00eau: G\u1eedi g\u1eafm t\u00ecnh y\u00eau son s\u1eaft, l\u00e3ng m\u1ea1n v\u00e0 b\u1ec1n ch\u1eb7t.<\/div>\n<div><\/div>\n<div>Ch\u00fac m\u1eebng khai tr\u01b0\u01a1ng, t\u00e2n gia: Mang \u00fd ngh\u0129a t\u00e0i l\u1ed9c, ph\u00fa qu\u00fd v\u00e0 may m\u1eafn. (Alt \u1ea3nh: H\u1ed9p qu\u00e0 Lan H\u1ed3 \u0110i\u1ec7p t\u00edm c\u1eaft c\u00e0nh)<\/div>\n<div><\/div>\n<div>Hoa c\u01b0\u1edbi \u0111\u1ed9c \u0111\u00e1o: V\u1edbi v\u1ebb \u0111\u1eb9p thanh tao v\u00e0 \u00fd ngh\u0129a t\u00ecnh y\u00eau v\u0129nh c\u1eedu, Lan H\u1ed3 \u0110i\u1ec7p t\u00edm \u0111\u01b0\u1ee3c s\u1eed d\u1ee5ng trong b\u00f3 hoa c\u00f4 d\u00e2u, hoa trang tr\u00ed ti\u1ec7c c\u01b0\u1edbi, \u0111\u1eb7c bi\u1ec7t ph\u00f9 h\u1ee3p v\u1edbi phong c\u00e1ch c\u01b0\u1edbi hi\u1ec7n \u0111\u1ea1i, sang tr\u1ecdng.<\/div>\n<div><\/div>\n<h3><span class=\"ez-toc-section\" id=\"5_cach_cham_soc_lan_ho_diep_cat_canh_tim_tai_nha_de_giu_hoa_tuoi_lau\"><\/span><strong>5. C\u00e1ch ch\u0103m s\u00f3c Lan H\u1ed3 \u0110i\u1ec7p C\u1eaft C\u00e0nh T\u00edm t\u1ea1i nh\u00e0 \u0111\u1ec3 gi\u1eef hoa t\u01b0\u01a1i l\u00e2u<\/strong><span class=\"ez-toc-section-end\"><\/span><\/h3>\n<div>Lan H\u1ed3 \u0110i\u1ec7p c\u1eaft c\u00e0nh n\u1ed5i ti\u1ebfng v\u1edbi \u0111\u1ed9 b\u1ec1n, nh\u01b0ng vi\u1ec7c ch\u0103m s\u00f3c \u0111\u00fang c\u00e1ch s\u1ebd gi\u00fap nh\u1eefng c\u00e0nh hoa t\u00edm l\u1ed9ng l\u1eaby c\u1ee7a b\u1ea1n gi\u1eef \u0111\u01b0\u1ee3c v\u1ebb \u0111\u1eb9p qu\u00fd ph\u00e1i l\u00e2u h\u01a1n n\u1eefa.<\/div>\n<div><\/div>\n<div>V\u1ec7 sinh b\u00ecnh hoa: Lu\u00f4n b\u1eaft \u0111\u1ea7u b\u1eb1ng m\u1ed9t b\u00ecnh hoa th\u1eadt s\u1ea1ch. R\u1eeda k\u1ef9 b\u00ecnh b\u1eb1ng x\u00e0 ph\u00f2ng v\u00e0 n\u01b0\u1edbc n\u00f3ng \u0111\u1ec3 lo\u1ea1i b\u1ecf m\u1ecdi vi khu\u1ea9n v\u00e0 c\u1eb7n b\u1ea9n, sau \u0111\u00f3 tr\u00e1ng l\u1ea1i b\u1eb1ng n\u01b0\u1edbc s\u1ea1ch. Vi khu\u1ea9n l\u00e0 nguy\u00ean nh\u00e2n ch\u00ednh khi\u1ebfn hoa nhanh h\u00e9o.<\/div>\n<div><\/div>\n<div>C\u1eaft g\u1ed1c hoa \u0111\u00fang c\u00e1ch: Ngay khi nh\u1eadn hoa, d\u00f9ng k\u00e9o s\u1eafc ho\u1eb7c dao chuy\u00ean d\u1ee5ng \u0111\u1ec3 c\u1eaft ch\u00e9o m\u1ed9t g\u00f3c 45 \u0111\u1ed9 kho\u1ea3ng 2-3 cm \u1edf g\u1ed1c c\u00e0nh hoa. Thao t\u00e1c n\u00e0y c\u1ea7n \u0111\u01b0\u1ee3c th\u1ef1c hi\u1ec7n d\u01b0\u1edbi v\u00f2i n\u01b0\u1edbc ch\u1ea3y ho\u1eb7c trong m\u1ed9t ch\u1eadu n\u01b0\u1edbc nh\u1ecf. Vi\u1ec7c c\u1eaft d\u01b0\u1edbi n\u01b0\u1edbc gi\u00fap ng\u0103n kh\u00f4ng kh\u00ed l\u1ecdt v\u00e0o c\u00e1c m\u1ea1ch d\u1eabn c\u1ee7a hoa, \u0111\u1ea3m b\u1ea3o hoa c\u00f3 th\u1ec3 h\u00fat n\u01b0\u1edbc li\u00ean t\u1ee5c v\u00e0 hi\u1ec7u qu\u1ea3. (Alt \u1ea3nh: C\u1eaft ch\u00e9o g\u1ed1c c\u00e0nh Lan H\u1ed3 \u0110i\u1ec7p)<\/div>\n<div><\/div>\n<div>S\u1eed d\u1ee5ng d\u01b0\u1ee1ng ch\u1ea5t c\u1eafm hoa: Pha g\u00f3i d\u01b0\u1ee1ng ch\u1ea5t c\u1eafm hoa (floral food) v\u00e0o n\u01b0\u1edbc theo t\u1ef7 l\u1ec7 h\u01b0\u1edbng d\u1eabn tr\u00ean bao b\u00ec. Dung d\u1ecbch n\u00e0y cung c\u1ea5p dinh d\u01b0\u1ee1ng c\u1ea7n thi\u1ebft cho hoa v\u00e0 c\u00f3 ch\u1ea5t kh\u00e1ng khu\u1ea9n gi\u00fap n\u01b0\u1edbc s\u1ea1ch h\u01a1n. \u0110\u1ed1i v\u1edbi Lan H\u1ed3 \u0110i\u1ec7p, d\u01b0\u1ee1ng ch\u1ea5t c\u1eafm hoa \u0111\u1eb7c bi\u1ec7t quan tr\u1ecdng \u0111\u1ec3 duy tr\u00ec \u0111\u1ed9 t\u01b0\u01a1i.<\/div>\n<div><\/div>\n<div>Thay n\u01b0\u1edbc th\u01b0\u1eddng xuy\u00ean: Thay to\u00e0n b\u1ed9 n\u01b0\u1edbc trong b\u00ecnh m\u1ed7i 2-3 ng\u00e0y m\u1ed9t l\u1ea7n. Khi thay n\u01b0\u1edbc, n\u00ean r\u1eeda s\u1ea1ch b\u00ecnh m\u1ed9t l\u1ea7n n\u1eefa v\u00e0 c\u1eaft l\u1ea1i g\u1ed1c hoa m\u1ed9t ch\u00fat (kho\u1ea3ng 1 cm) \u0111\u1ec3 lo\u1ea1i b\u1ecf ph\u1ea7n g\u1ed1c c\u00f3 th\u1ec3 \u0111\u00e3 b\u1ecb t\u1eafc ngh\u1ebdn ho\u1eb7c m\u1ec1m nh\u0169n, gi\u00fap hoa ti\u1ebfp t\u1ee5c h\u00fat n\u01b0\u1edbc t\u1ed1t.<\/div>\n<div><\/div>\n<div>V\u1ecb tr\u00ed \u0111\u1eb7t hoa: \u0110\u1eb7t b\u00ecnh Lan H\u1ed3 \u0110i\u1ec7p t\u00edm \u1edf n\u01a1i m\u00e1t m\u1ebb, tho\u00e1ng \u0111\u00e3ng, tr\u00e1nh \u00e1nh n\u1eafng m\u1eb7t tr\u1eddi tr\u1ef1c ti\u1ebfp, gi\u00f3 l\u00f9a m\u1ea1nh v\u00e0 c\u00e1c ngu\u1ed3n nhi\u1ec7t (nh\u01b0 TV, l\u00f2 s\u01b0\u1edfi, thi\u1ebft b\u1ecb \u0111i\u1ec7n t\u1eed). Nhi\u1ec7t \u0111\u1ed9 cao v\u00e0 lu\u1ed3ng kh\u00ed m\u1ea1nh s\u1ebd l\u00e0m hoa m\u1ea5t n\u01b0\u1edbc nhanh ch\u00f3ng. \u0110\u1ed3ng th\u1eddi, tr\u00e1nh \u0111\u1eb7t hoa g\u1ea7n c\u00e1c lo\u1ea1i tr\u00e1i c\u00e2y ch\u00edn, \u0111\u1eb7c bi\u1ec7t l\u00e0 chu\u1ed1i v\u00e0 t\u00e1o, v\u00ec ch\u00fang th\u1ea3i ra kh\u00ed ethylene \u2013 m\u1ed9t lo\u1ea1i kh\u00ed l\u00e0m hoa nhanh t\u00e0n. (Alt \u1ea3nh: B\u00ecnh Lan H\u1ed3 \u0110i\u1ec7p t\u00edm \u0111\u1eb7t \u1edf n\u01a1i m\u00e1t m\u1ebb)<\/div>\n<div><\/div>\n<div>Ki\u1ec3m tra \u0111\u1ed9 \u1ea9m v\u00e0 phun s\u01b0\u01a1ng: Lan H\u1ed3 \u0110i\u1ec7p \u01b0a \u1ea9m. B\u1ea1n c\u00f3 th\u1ec3 phun s\u01b0\u01a1ng nh\u1eb9 nh\u00e0ng l\u00ean th\u00e2n v\u00e0 kh\u00f4ng kh\u00ed xung quanh hoa v\u00e0o bu\u1ed5i s\u00e1ng s\u1edbm, nh\u01b0ng tr\u00e1nh phun tr\u1ef1c ti\u1ebfp v\u00e0o c\u00e1nh hoa \u0111\u1ec3 tr\u00e1nh \u0111\u1ecdng n\u01b0\u1edbc g\u00e2y \u0111\u1ed1m.<\/div>\n<div><\/div>\n<div>Tu\u00e2n th\u1ee7 nh\u1eefng b\u01b0\u1edbc ch\u0103m s\u00f3c \u0111\u01a1n gi\u1ea3n n\u00e0y s\u1ebd gi\u00fap nh\u1eefng c\u00e0nh Lan H\u1ed3 \u0110i\u1ec7p c\u1eaft c\u00e0nh t\u00edm c\u1ee7a b\u1ea1n gi\u1eef \u0111\u01b0\u1ee3c v\u1ebb \u0111\u1eb9p qu\u00fd ph\u00e1i v\u00e0 r\u1ea1ng r\u1ee1, t\u00f4 \u0111i\u1ec3m cho kh\u00f4ng gian s\u1ed1ng th\u00eam ph\u1ea7n sang tr\u1ecdng v\u00e0 tr\u00e0n \u0111\u1ea7y \u00fd ngh\u0129a.<\/div>\n<div><\/div>\n<h3><span class=\"ez-toc-section\" id=\"6_mua_lan_ho_diep_cat_canh_tim_chat_luong_tai_gvgardenasia\"><\/span><strong>6. Mua Lan H\u1ed3 \u0110i\u1ec7p C\u1eaft C\u00e0nh T\u00edm ch\u1ea5t l\u01b0\u1ee3ng t\u1ea1i GVgarden.asia<\/strong><span class=\"ez-toc-section-end\"><\/span><\/h3>\n<div>GVgarden.asia t\u1ef1 h\u00e0o l\u00e0 \u0111\u1ecba ch\u1ec9 uy t\u00edn cung c\u1ea5p Lan H\u1ed3 \u0110i\u1ec7p c\u1eaft c\u00e0nh t\u00edm ch\u1ea5t l\u01b0\u1ee3ng cao, \u0111\u01b0\u1ee3c tuy\u1ec3n ch\u1ecdn k\u1ef9 l\u01b0\u1ee1ng t\u1eeb c\u00e1c v\u01b0\u1eddn \u01b0\u01a1m uy t\u00edn nh\u1ea5t. Ch\u00fang t\u00f4i cam k\u1ebft mang \u0111\u1ebfn nh\u1eefng c\u00e0nh hoa t\u01b0\u01a1i t\u1eafn, kh\u1ecfe m\u1ea1nh, v\u1edbi m\u00e0u s\u1eafc chu\u1ea9n v\u00e0 \u0111\u1ed9 b\u1ec1n v\u01b0\u1ee3t tr\u1ed9i, \u0111\u1ea3m b\u1ea3o v\u1ebb \u0111\u1eb9p ho\u00e0n h\u1ea3o khi \u0111\u1ebfn tay b\u1ea1n.<\/div>\n<div><\/div>\n<div>T\u1ea1i sao n\u00ean ch\u1ecdn mua Lan H\u1ed3 \u0110i\u1ec7p T\u00edm t\u1ea1i GVgarden.asia?<\/div>\n<div>Ch\u1ea5t l\u01b0\u1ee3ng v\u01b0\u1ee3t tr\u1ed9i: Hoa lu\u00f4n t\u01b0\u01a1i m\u1edbi, kh\u00f4ng s\u00e2u b\u1ec7nh, c\u00e1nh hoa nguy\u00ean v\u1eb9n, m\u00e0u s\u1eafc v\u00e0 form d\u00e1ng chu\u1ea9n.<\/div>\n<div><\/div>\n<div>\u0110a d\u1ea1ng l\u1ef1a ch\u1ecdn: Cung c\u1ea5p nhi\u1ec1u s\u1eafc th\u00e1i t\u00edm kh\u00e1c nhau c\u1ee7a Lan H\u1ed3 \u0110i\u1ec7p c\u1eaft c\u00e0nh, ph\u00f9 h\u1ee3p v\u1edbi m\u1ecdi s\u1edf th\u00edch v\u00e0 m\u1ee5c \u0111\u00edch s\u1eed d\u1ee5ng.<\/div>\n<div><\/div>\n<div>Gi\u00e1 c\u1ea3 c\u1ea1nh tranh: M\u1ee9c gi\u00e1 h\u1ee3p l\u00fd, t\u01b0\u01a1ng x\u1ee9ng v\u1edbi ch\u1ea5t l\u01b0\u1ee3ng v\u00e0 v\u1ebb \u0111\u1eb9p \u0111\u1eb3ng c\u1ea5p c\u1ee7a lo\u00e0i hoa n\u00e0y.<\/div>\n<div><\/div>\n<div>T\u01b0 v\u1ea5n t\u1eadn t\u00ecnh: \u0110\u1ed9i ng\u0169 chuy\u00ean gia c\u1ee7a ch\u00fang t\u00f4i lu\u00f4n s\u1eb5n s\u00e0ng h\u1ed7 tr\u1ee3 b\u1ea1n v\u1ec1 c\u00e1ch ch\u0103m s\u00f3c v\u00e0 l\u1ef1a ch\u1ecdn hoa ph\u00f9 h\u1ee3p nh\u1ea5t.<\/div>\n<div><\/div>\n<div>Giao h\u00e0ng nhanh ch\u00f3ng v\u00e0 chuy\u00ean nghi\u1ec7p: \u0110\u1ea3m b\u1ea3o hoa \u0111\u01b0\u1ee3c v\u1eadn chuy\u1ec3n c\u1ea9n th\u1eadn, an to\u00e0n v\u00e0 \u0111\u1ebfn tay b\u1ea1n trong t\u00ecnh tr\u1ea1ng t\u1ed1t nh\u1ea5t.<\/div>\n<div><\/div>\n<div>H\u00e3y truy c\u1eadp website GVgarden.asia ho\u1eb7c li\u00ean h\u1ec7 ngay h\u00f4m nay \u0111\u1ec3 s\u1edf h\u1eefu nh\u1eefng c\u00e0nh Lan H\u1ed3 \u0110i\u1ec7p c\u1eaft c\u00e0nh t\u00edm tuy\u1ec7t \u0111\u1eb9p, mang v\u1ebb \u0111\u1eb9p sang tr\u1ecdng, \u00fd ngh\u0129a t\u00ecnh y\u00eau son s\u1eaft v\u00e0 s\u1ef1 \u0111\u1eb3ng c\u1ea5p \u0111\u1ebfn kh\u00f4ng gian c\u1ee7a b\u1ea1n!<\/div>\n","protected":false},"excerpt":{"rendered":"<p>1. Gi\u1edbi thi\u1ec7u v\u1ec1 Lan H\u1ed3 \u0110i\u1ec7p C\u1eaft C\u00e0nh M\u00e0u T\u00edm Lan H\u1ed3 \u0110i\u1ec7p (t\u00ean khoa h\u1ecdc: Phalaenopsis), v\u1edbi v\u1ebb \u0111\u1eb9p ki\u00eau sa v\u00e0 l\u1ed9ng l\u1eaby, t\u1eeb l\u00e2u \u0111\u00e3 \u0111\u01b0\u1ee3c m\u1ec7nh danh l\u00e0 &#8220;N\u1eef ho\u00e0ng c\u1ee7a c\u00e1c lo\u00e0i hoa lan&#8221;. Trong s\u1ed1 \u0111\u00f3, Lan H\u1ed3 \u0110i\u1ec7p c\u1eaft c\u00e0nh m\u00e0u t\u00edm n\u1ed5i b\u1eadt v\u1edbi s\u1eafc m\u00e0u [&#8230;]\n","protected":false},"featured_media":4472,"comment_status":"open","ping_status":"closed","template":"","meta":[],"product_brand":[],"product_cat":[275,304],"product_tag":[323],"class_list":{"0":"post-4379","1":"product","2":"type-product","3":"status-publish","4":"has-post-thumbnail","6":"product_cat-hoa-lan","7":"product_cat-hoa-lan-ho-diep-hoa-lan","8":"product_tag-hoa-lan-ho-diep","10":"first","11":"instock","12":"shipping-taxable","13":"product-type-simple"},"_links":{"self":[{"href":"https:\/\/gvgarden.asia\/index.php?rest_route=\/wp\/v2\/product\/4379","targetHints":{"allow":["GET"]}}],"collection":[{"href":"https:\/\/gvgarden.asia\/index.php?rest_route=\/wp\/v2\/product"}],"about":[{"href":"https:\/\/gvgarden.asia\/index.php?rest_route=\/wp\/v2\/types\/product"}],"replies":[{"embeddable":true,"href":"https:\/\/gvgarden.asia\/index.php?rest_route=%2Fwp%2Fv2%2Fcomments&post=4379"}],"version-history":[{"count":3,"href":"https:\/\/gvgarden.asia\/index.php?rest_route=\/wp\/v2\/product\/4379\/revisions"}],"predecessor-version":[{"id":5602,"href":"https:\/\/gvgarden.asia\/index.php?rest_route=\/wp\/v2\/product\/4379\/revisions\/5602"}],"wp:featuredmedia":[{"embeddable":true,"href":"https:\/\/gvgarden.asia\/index.php?rest_route=\/wp\/v2\/media\/4472"}],"wp:attachment":[{"href":"https:\/\/gvgarden.asia\/index.php?rest_route=%2Fwp%2Fv2%2Fmedia&parent=4379"}],"wp:term":[{"taxonomy":"product_brand","embeddable":true,"href":"https:\/\/gvgarden.asia\/index.php?rest_route=%2Fwp%2Fv2%2Fproduct_brand&post=4379"},{"taxonomy":"product_cat","embeddable":true,"href":"https:\/\/gvgarden.asia\/index.php?rest_route=%2Fwp%2Fv2%2Fproduct_cat&post=4379"},{"taxonomy":"product_tag","embeddable":true,"href":"https:\/\/gvgarden.asia\/index.php?rest_route=%2Fwp%2Fv2%2Fproduct_tag&post=4379"}],"curies":[{"name":"wp","href":"https:\/\/api.w.org\/{rel}","templated":true}]}}