{"id":4377,"date":"2025-07-19T12:43:44","date_gmt":"2025-07-19T05:43:44","guid":{"rendered":"https:\/\/gvgarden.asia\/?post_type=product&#038;p=4377"},"modified":"2025-09-19T15:42:05","modified_gmt":"2025-09-19T08:42:05","slug":"hoa-phang-cam-chuong-sac-dep-vinh-cuu","status":"publish","type":"product","link":"https:\/\/gvgarden.asia\/?product=hoa-phang-cam-chuong-sac-dep-vinh-cuu","title":{"rendered":"Hoa C\u1ea9m Ch\u01b0\u1edbng"},"content":{"rendered":"<div id=\"ez-toc-container\" class=\"ez-toc-v2_0_76 counter-hierarchy ez-toc-counter ez-toc-grey ez-toc-container-direction\">\n<div class=\"ez-toc-title-container\">\n<p class=\"ez-toc-title\" style=\"cursor:inherit\">N\u1ed9i Dung B\u00e0i Vi\u1ebft<\/p>\n<span class=\"ez-toc-title-toggle\"><a href=\"#\" class=\"ez-toc-pull-right ez-toc-btn ez-toc-btn-xs ez-toc-btn-default ez-toc-toggle\" aria-label=\"Toggle Table of Content\"><span class=\"ez-toc-js-icon-con\"><span class=\"\"><span class=\"eztoc-hide\" style=\"display:none;\">Toggle<\/span><span class=\"ez-toc-icon-toggle-span\"><svg style=\"fill: #999;color:#999\" xmlns=\"http:\/\/www.w3.org\/2000\/svg\" class=\"list-377408\" width=\"20px\" height=\"20px\" viewBox=\"0 0 24 24\" fill=\"none\"><path d=\"M6 6H4v2h2V6zm14 0H8v2h12V6zM4 11h2v2H4v-2zm16 0H8v2h12v-2zM4 16h2v2H4v-2zm16 0H8v2h12v-2z\" fill=\"currentColor\"><\/path><\/svg><svg style=\"fill: #999;color:#999\" class=\"arrow-unsorted-368013\" xmlns=\"http:\/\/www.w3.org\/2000\/svg\" width=\"10px\" height=\"10px\" viewBox=\"0 0 24 24\" version=\"1.2\" baseProfile=\"tiny\"><path d=\"M18.2 9.3l-6.2-6.3-6.2 6.3c-.2.2-.3.4-.3.7s.1.5.3.7c.2.2.4.3.7.3h11c.3 0 .5-.1.7-.3.2-.2.3-.5.3-.7s-.1-.5-.3-.7zM5.8 14.7l6.2 6.3 6.2-6.3c.2-.2.3-.5.3-.7s-.1-.5-.3-.7c-.2-.2-.4-.3-.7-.3h-11c-.3 0-.5.1-.7.3-.2.2-.3.5-.3.7s.1.5.3.7z\"\/><\/svg><\/span><\/span><\/span><\/a><\/span><\/div>\n<nav><ul class='ez-toc-list ez-toc-list-level-1 eztoc-toggle-hide-by-default' ><li class='ez-toc-page-1 ez-toc-heading-level-3'><a class=\"ez-toc-link ez-toc-heading-1\" href=\"https:\/\/gvgarden.asia\/?product=hoa-phang-cam-chuong-sac-dep-vinh-cuu\/#1_gioi_thieu_ve_hoa_phang_cam_chuong\" >1. Gi\u1edbi thi\u1ec7u v\u1ec1 Hoa Ph\u0103ng (C\u1ea9m Ch\u01b0\u1edbng)<\/a><\/li><li class='ez-toc-page-1 ez-toc-heading-level-3'><a class=\"ez-toc-link ez-toc-heading-2\" href=\"https:\/\/gvgarden.asia\/?product=hoa-phang-cam-chuong-sac-dep-vinh-cuu\/#2_y_nghia_cua_hoa_phang_cam_chuong\" >2. \u00dd ngh\u0129a c\u1ee7a Hoa Ph\u0103ng (C\u1ea9m Ch\u01b0\u1edbng)<\/a><\/li><li class='ez-toc-page-1 ez-toc-heading-level-3'><a class=\"ez-toc-link ez-toc-heading-3\" href=\"https:\/\/gvgarden.asia\/?product=hoa-phang-cam-chuong-sac-dep-vinh-cuu\/#3_dac_diem_noi_bat_cua_hoa_phang_cam_chuong\" >3. \u0110\u1eb7c \u0111i\u1ec3m n\u1ed5i b\u1eadt c\u1ee7a Hoa Ph\u0103ng (C\u1ea9m Ch\u01b0\u1edbng)<\/a><\/li><li class='ez-toc-page-1 ez-toc-heading-level-3'><a class=\"ez-toc-link ez-toc-heading-4\" href=\"https:\/\/gvgarden.asia\/?product=hoa-phang-cam-chuong-sac-dep-vinh-cuu\/#4_ung_dung_cua_hoa_phang_cam_chuong_trong_doi_song\" >4. \u1ee8ng d\u1ee5ng c\u1ee7a Hoa Ph\u0103ng (C\u1ea9m Ch\u01b0\u1edbng) trong \u0111\u1eddi s\u1ed1ng<\/a><\/li><li class='ez-toc-page-1 ez-toc-heading-level-3'><a class=\"ez-toc-link ez-toc-heading-5\" href=\"https:\/\/gvgarden.asia\/?product=hoa-phang-cam-chuong-sac-dep-vinh-cuu\/#5_cach_cham_soc_hoa_phang_cam_chuong_cat_canh_tai_nha_de_giu_hoa_tuoi_lau\" >5. C\u00e1ch ch\u0103m s\u00f3c Hoa Ph\u0103ng (C\u1ea9m Ch\u01b0\u1edbng) c\u1eaft c\u00e0nh t\u1ea1i nh\u00e0 \u0111\u1ec3 gi\u1eef hoa t\u01b0\u01a1i l\u00e2u<\/a><\/li><li class='ez-toc-page-1 ez-toc-heading-level-3'><a class=\"ez-toc-link ez-toc-heading-6\" href=\"https:\/\/gvgarden.asia\/?product=hoa-phang-cam-chuong-sac-dep-vinh-cuu\/#6_mua_hoa_phang_cam_chuong_chat_luong_tai_gvgardencom\" >6. Mua Hoa Ph\u0103ng (C\u1ea9m Ch\u01b0\u1edbng) ch\u1ea5t l\u01b0\u1ee3ng t\u1ea1i GVgarden.com<\/a><\/li><\/ul><\/nav><\/div>\n<h3><span class=\"ez-toc-section\" id=\"1_gioi_thieu_ve_hoa_phang_cam_chuong\"><\/span><strong>1. Gi\u1edbi thi\u1ec7u v\u1ec1 Hoa Ph\u0103ng (C\u1ea9m Ch\u01b0\u1edbng)<\/strong><span class=\"ez-toc-section-end\"><\/span><\/h3>\n<div>Hoa Ph\u0103ng, hay c\u00f2n g\u1ecdi l\u00e0 hoa C\u1ea9m Ch\u01b0\u1edbng (t\u00ean khoa h\u1ecdc: Dianthus caryophyllus), l\u00e0 m\u1ed9t trong nh\u1eefng lo\u00e0i hoa \u0111\u01b0\u1ee3c y\u00eau th\u00edch v\u00e0 tr\u1ed3ng ph\u1ed5 bi\u1ebfn nh\u1ea5t tr\u00ean th\u1ebf gi\u1edbi. V\u1edbi nh\u1eefng c\u00e1nh hoa m\u1ecfng manh x\u1ebfp l\u1edbp t\u1ea1o th\u00e0nh b\u00f4ng tr\u00f2n \u0111\u1ea7y \u0111\u1eb7n, c\u00f9ng b\u1ea3ng m\u00e0u phong ph\u00fa t\u1eeb tr\u1eafng tinh kh\u00f4i, h\u1ed3ng d\u1ecbu d\u00e0ng, \u0111\u1ecf r\u1ef1c r\u1ee1 \u0111\u1ebfn v\u00e0ng t\u01b0\u01a1i t\u1eafn, th\u1eadm ch\u00ed l\u00e0 c\u00e1c m\u00e0u pha tr\u1ed9n \u0111\u1ed9c \u0111\u00e1o, hoa Ph\u0103ng lu\u00f4n mang \u0111\u1ebfn v\u1ebb \u0111\u1eb9p c\u1ed5 \u0111i\u1ec3n nh\u01b0ng kh\u00f4ng k\u00e9m ph\u1ea7n quy\u1ebfn r\u0169.<\/div>\n<div><\/div>\n<div>C\u1ea9m Ch\u01b0\u1edbng c\u00f3 ngu\u1ed3n g\u1ed1c t\u1eeb v\u00f9ng \u0110\u1ecba Trung H\u1ea3i, n\u01a1i ch\u00fang \u0111\u00e3 \u0111\u01b0\u1ee3c tr\u1ed3ng v\u00e0 t\u00f4n vinh trong h\u00e0ng ng\u00e0n n\u0103m. T\u00ean g\u1ecdi &#8220;Dianthus&#8221; xu\u1ea5t ph\u00e1t t\u1eeb ti\u1ebfng Hy L\u1ea1p, c\u00f3 ngh\u0129a l\u00e0 &#8220;hoa c\u1ee7a Ch\u00faa&#8221; ho\u1eb7c &#8220;hoa thi\u00eang li\u00eang&#8221;, th\u1ec3 hi\u1ec7n s\u1ef1 tr\u00e2n tr\u1ecdng m\u00e0 con ng\u01b0\u1eddi d\u00e0nh cho lo\u00e0i hoa n\u00e0y. Theo th\u1eddi gian, hoa Ph\u0103ng \u0111\u00e3 du nh\u1eadp v\u00e0 ph\u00e1t tri\u1ec3n m\u1ea1nh m\u1ebd \u1edf nhi\u1ec1u qu\u1ed1c gia, tr\u1edf th\u00e0nh bi\u1ec3u t\u01b0\u1ee3ng cho nhi\u1ec1u c\u1ea3m x\u00fac v\u00e0 gi\u00e1 tr\u1ecb kh\u00e1c nhau.<\/div>\n<div><\/div>\n<h3><span class=\"ez-toc-section\" id=\"2_y_nghia_cua_hoa_phang_cam_chuong\"><\/span><strong>2. \u00dd ngh\u0129a c\u1ee7a Hoa Ph\u0103ng (C\u1ea9m Ch\u01b0\u1edbng)<\/strong><span class=\"ez-toc-section-end\"><\/span><\/h3>\n<div>Hoa Ph\u0103ng mang trong m\u00ecnh nhi\u1ec1u \u00fd ngh\u0129a s\u00e2u s\u1eafc, bi\u1ebfn ch\u00fang th\u00e0nh m\u00f3n qu\u00e0 ho\u00e0n h\u1ea3o cho v\u00f4 v\u00e0n d\u1ecbp kh\u00e1c nhau.<\/div>\n<div><\/div>\n<div>\u00dd ngh\u0129a chung: Hoa Ph\u0103ng th\u01b0\u1eddng t\u01b0\u1ee3ng tr\u01b0ng cho t\u00ecnh y\u00eau, s\u1ef1 quy\u1ebfn r\u0169, ni\u1ec1m t\u1ef1 h\u00e0o v\u00e0 s\u1ef1 kh\u00e1c bi\u1ec7t. Ch\u00fang c\u0169ng l\u00e0 bi\u1ec3u t\u01b0\u1ee3ng c\u1ee7a t\u00ecnh m\u1eabu t\u1eed v\u00e0 l\u00f2ng bi\u1ebft \u01a1n s\u00e2u s\u1eafc.<\/div>\n<div><\/div>\n<div>\u00dd ngh\u0129a theo m\u00e0u s\u1eafc:<\/div>\n<div><\/div>\n<div>Ph\u0103ng tr\u1eafng: Bi\u1ec3u t\u01b0\u1ee3ng c\u1ee7a t\u00ecnh y\u00eau thu\u1ea7n khi\u1ebft, s\u1ef1 may m\u1eafn v\u00e0 l\u00f2ng trung th\u00e0nh. Th\u01b0\u1eddng d\u00f9ng trong \u0111\u00e1m c\u01b0\u1edbi ho\u1eb7c \u0111\u1ec3 b\u00e0y t\u1ecf s\u1ef1 ng\u01b0\u1ee1ng m\u1ed9. (Alt \u1ea3nh: Hoa Ph\u0103ng tr\u1eafng tinh kh\u00f4i trong b\u00ecnh)<\/div>\n<div><\/div>\n<div>Ph\u0103ng h\u1ed3ng: Mang \u00fd ngh\u0129a c\u1ee7a l\u00f2ng bi\u1ebft \u01a1n, t\u00ecnh m\u1eabu t\u1eed v\u00e0 s\u1ef1 d\u1ecbu d\u00e0ng. \u0110\u00e2y l\u00e0 lo\u00e0i hoa \u0111\u1eb7c tr\u01b0ng trong Ng\u00e0y c\u1ee7a M\u1eb9. (Alt \u1ea3nh: B\u00f3 hoa Ph\u0103ng h\u1ed3ng t\u01b0\u01a1i t\u1eafn)<\/div>\n<div><\/div>\n<div>Ph\u0103ng \u0111\u1ecf: Th\u1ec3 hi\u1ec7n t\u00ecnh y\u00eau s\u00e2u \u0111\u1eadm, s\u1ef1 \u0111am m\u00ea v\u00e0 ng\u01b0\u1ee1ng m\u1ed9. Ph\u0103ng \u0111\u1ecf t\u01b0\u01a1i bi\u1ec3u tr\u01b0ng cho t\u00ecnh y\u00eau thu\u1ea7n khi\u1ebft, c\u00f2n ph\u0103ng \u0111\u1ecf \u0111\u1eadm l\u00e0 bi\u1ec3u t\u01b0\u1ee3ng c\u1ee7a t\u00ecnh c\u1ea3m n\u1ed3ng n\u00e0n. (Alt \u1ea3nh: Ch\u1eadu hoa Ph\u0103ng \u0111\u1ecf r\u1ef1c r\u1ee1)<\/div>\n<div><\/div>\n<div>Ph\u0103ng v\u00e0ng: Ban \u0111\u1ea7u mang \u00fd ngh\u0129a c\u1ee7a s\u1ef1 t\u1eeb ch\u1ed1i, nh\u01b0ng ng\u00e0y nay Ph\u0103ng v\u00e0ng th\u01b0\u1eddng t\u01b0\u1ee3ng tr\u01b0ng cho ni\u1ec1m vui, s\u1ef1 l\u1ea1c quan v\u00e0 t\u00ecnh b\u1ea1n ch\u00e2n th\u00e0nh. (Alt \u1ea3nh: Hoa Ph\u0103ng v\u00e0ng r\u1ef1c r\u1ee1)<\/div>\n<div><\/div>\n<div>Ph\u0103ng t\u00edm: Bi\u1ec3u tr\u01b0ng cho s\u1ef1 th\u1ea5t th\u01b0\u1eddng, b\u00ed \u1ea9n v\u00e0 s\u1ef1 thay \u0111\u1ed5i. Th\u01b0\u1eddng \u0111\u01b0\u1ee3c d\u00f9ng \u0111\u1ec3 th\u1ec3 hi\u1ec7n c\u1ea3m x\u00fac ph\u1ee9c t\u1ea1p. (Alt \u1ea3nh: C\u00e1nh \u0111\u1ed3ng hoa Ph\u0103ng t\u00edm bi\u1ebfc)<\/div>\n<div><\/div>\n<h3><span class=\"ez-toc-section\" id=\"3_dac_diem_noi_bat_cua_hoa_phang_cam_chuong\"><\/span><strong>3. \u0110\u1eb7c \u0111i\u1ec3m n\u1ed5i b\u1eadt c\u1ee7a Hoa Ph\u0103ng (C\u1ea9m Ch\u01b0\u1edbng)<\/strong><span class=\"ez-toc-section-end\"><\/span><\/h3>\n<div>Hoa Ph\u0103ng n\u1ed5i b\u1eadt v\u1edbi nh\u1eefng \u0111\u1eb7c \u0111i\u1ec3m ri\u00eang bi\u1ec7t, d\u1ec5 d\u00e0ng nh\u1eadn di\u1ec7n v\u00e0 \u0111\u01b0\u1ee3c y\u00eau th\u00edch:<\/div>\n<div><\/div>\n<div>C\u1ea5u t\u1ea1o b\u00f4ng hoa: B\u00f4ng Ph\u0103ng c\u00f3 d\u1ea1ng h\u00ecnh tr\u00f2n ho\u1eb7c b\u00e1n c\u1ea7u, \u0111\u01b0\u1ee3c t\u1ea1o th\u00e0nh t\u1eeb nhi\u1ec1u l\u1edbp c\u00e1nh hoa m\u1ecfng manh, m\u1ec1m m\u1ea1i, x\u1ebfp ch\u1ed3ng l\u00ean nhau m\u1ed9t c\u00e1ch tinh x\u1ea3o. C\u00e1c c\u00e1nh hoa th\u01b0\u1eddng c\u00f3 m\u00e9p r\u0103ng c\u01b0a ho\u1eb7c g\u1ee3n s\u00f3ng, t\u1ea1o n\u00ean v\u1ebb \u0111\u1eb9p \u0111\u1ed9c \u0111\u00e1o. Hoa c\u00f3 th\u1ec3 c\u00f3 m\u1ed9t m\u00e0u ho\u1eb7c nhi\u1ec1u m\u00e0u pha tr\u1ed9n. (Alt \u1ea3nh: C\u1eadn c\u1ea3nh b\u00f4ng hoa Ph\u0103ng v\u1edbi c\u00e1nh x\u1ebfp l\u1edbp)<\/div>\n<div><\/div>\n<div>Th\u00e2n v\u00e0 l\u00e1: Th\u00e2n c\u00e2y Ph\u0103ng th\u01b0\u1eddng th\u1eb3ng, c\u1ee9ng c\u00e1p, v\u00e0 c\u00f3 \u0111\u1ed1t r\u00f5 r\u1ec7t. L\u00e1 c\u00e2y m\u00e0u xanh x\u00e1m \u0111\u1ebfn xanh l\u1ee5c, h\u00ecnh gi\u00e1o v\u00e0 m\u1ecdc \u0111\u1ed1i x\u1ee9ng. (Alt \u1ea3nh: C\u00e0nh hoa Ph\u0103ng v\u1edbi l\u00e1 xanh \u0111\u1eb7c tr\u01b0ng)<\/div>\n<div><\/div>\n<div>M\u00f9i h\u01b0\u01a1ng: Nhi\u1ec1u gi\u1ed1ng Ph\u0103ng c\u00f3 m\u00f9i h\u01b0\u01a1ng \u0111\u1eb7c tr\u01b0ng, thoang tho\u1ea3ng m\u00f9i \u0111inh h\u01b0\u01a1ng ho\u1eb7c h\u01b0\u01a1ng ti\u00eau cay nh\u1eb9, t\u1ea1o n\u00ean s\u1ef1 h\u1ea5p d\u1eabn kh\u00f3 c\u01b0\u1ee1ng.<\/div>\n<div><\/div>\n<div>C\u00e1c lo\u1ea1i Ph\u0103ng ph\u1ed5 bi\u1ebfn:<\/div>\n<div><\/div>\n<div>Ph\u0103ng \u0111\u01a1n: M\u1ed7i c\u00e0nh ch\u1ec9 c\u00f3 m\u1ed9t b\u00f4ng hoa l\u1edbn.<\/div>\n<div><\/div>\n<div>Ph\u0103ng ch\u00f9m: M\u1ed7i c\u00e0nh c\u00f3 nhi\u1ec1u b\u00f4ng hoa nh\u1ecf h\u01a1n m\u1ecdc th\u00e0nh ch\u00f9m.<\/div>\n<div><\/div>\n<div>Ph\u0103ng mini: C\u00e1c gi\u1ed1ng c\u00f3 k\u00edch th\u01b0\u1edbc hoa v\u00e0 c\u00e0nh nh\u1ecf g\u1ecdn, th\u00edch h\u1ee3p cho c\u00e1c b\u00f3 hoa nh\u1ecf xinh.<\/div>\n<div><\/div>\n<h3><span class=\"ez-toc-section\" id=\"4_ung_dung_cua_hoa_phang_cam_chuong_trong_doi_song\"><\/span><strong>4. \u1ee8ng d\u1ee5ng c\u1ee7a Hoa Ph\u0103ng (C\u1ea9m Ch\u01b0\u1edbng) trong \u0111\u1eddi s\u1ed1ng<\/strong><span class=\"ez-toc-section-end\"><\/span><\/h3>\n<div>V\u1edbi v\u1ebb \u0111\u1eb9p \u0111a d\u1ea1ng v\u00e0 \u00fd ngh\u0129a phong ph\u00fa, hoa Ph\u0103ng \u0111\u01b0\u1ee3c \u1ee9ng d\u1ee5ng r\u1ed9ng r\u00e3i trong nhi\u1ec1u kh\u00eda c\u1ea1nh c\u1ee7a \u0111\u1eddi s\u1ed1ng:<\/div>\n<div><\/div>\n<div>Hoa c\u1eaft c\u00e0nh v\u00e0 c\u1eafm hoa ngh\u1ec7 thu\u1eadt: \u0110\u00e2y l\u00e0 \u1ee9ng d\u1ee5ng ph\u1ed5 bi\u1ebfn nh\u1ea5t c\u1ee7a hoa Ph\u0103ng. Nh\u1edd \u0111\u1ed9 b\u1ec1n cao, th\u00e2n c\u1ee9ng c\u00e1p v\u00e0 v\u1ebb \u0111\u1eb9p \u0111a d\u1ea1ng, Ph\u0103ng l\u00e0 l\u1ef1a ch\u1ecdn l\u00fd t\u01b0\u1edfng cho c\u00e1c b\u00f3 hoa, l\u1eb5ng hoa, v\u00e0 thi\u1ebft k\u1ebf hoa s\u1ef1 ki\u1ec7n. Ch\u00fang th\u01b0\u1eddng xu\u1ea5t hi\u1ec7n trong:<\/div>\n<div><\/div>\n<div>B\u00f3 hoa ch\u00fac m\u1eebng: Sinh nh\u1eadt, khai tr\u01b0\u01a1ng, t\u1ed1t nghi\u1ec7p.<\/div>\n<div><\/div>\n<div>Hoa trang tr\u00ed: C\u1eafm l\u1ecd \u0111\u1eb7t b\u00e0n \u0103n, b\u00e0n l\u00e0m vi\u1ec7c, ph\u00f2ng kh\u00e1ch.<\/div>\n<div><\/div>\n<div>Hoa c\u01b0\u1edbi: Hoa c\u1ea7m tay c\u00f4 d\u00e2u, hoa trang tr\u00ed ti\u1ec7c c\u01b0\u1edbi, th\u01b0\u1eddng k\u1ebft h\u1ee3p v\u1edbi h\u1ed3ng, baby. (Alt \u1ea3nh: B\u00f3 hoa Ph\u0103ng h\u1ed3ng v\u00e0 tr\u1eafng cho c\u00f4 d\u00e2u)<\/div>\n<div><\/div>\n<div>Qu\u00e0 t\u1eb7ng \u00fd ngh\u0129a: Ph\u0103ng l\u00e0 m\u00f3n qu\u00e0 ho\u00e0n h\u1ea3o \u0111\u1ec3 th\u1ec3 hi\u1ec7n t\u00ecnh y\u00eau, l\u00f2ng bi\u1ebft \u01a1n, s\u1ef1 ng\u01b0\u1ee1ng m\u1ed9 \u0111\u1ed1i v\u1edbi ng\u01b0\u1eddi th\u00e2n, b\u1ea1n b\u00e8, th\u1ea7y c\u00f4 gi\u00e1o, \u0111\u1eb7c bi\u1ec7t trong Ng\u00e0y c\u1ee7a M\u1eb9 v\u00e0 c\u00e1c d\u1ecbp k\u1ef7 ni\u1ec7m.<\/div>\n<div><\/div>\n<div>Trang tr\u00ed c\u1ea3nh quan: M\u1ed9t s\u1ed1 gi\u1ed1ng Ph\u0103ng c\u0169ng \u0111\u01b0\u1ee3c tr\u1ed3ng trong ch\u1eadu ho\u1eb7c v\u01b0\u1eddn \u0111\u1ec3 t\u1ea1o \u0111i\u1ec3m nh\u1ea5n m\u00e0u s\u1eafc cho kh\u00f4ng gian.<\/div>\n<div><\/div>\n<h3><span class=\"ez-toc-section\" id=\"5_cach_cham_soc_hoa_phang_cam_chuong_cat_canh_tai_nha_de_giu_hoa_tuoi_lau\"><\/span><strong>5. C\u00e1ch ch\u0103m s\u00f3c Hoa Ph\u0103ng (C\u1ea9m Ch\u01b0\u1edbng) c\u1eaft c\u00e0nh t\u1ea1i nh\u00e0 \u0111\u1ec3 gi\u1eef hoa t\u01b0\u01a1i l\u00e2u<\/strong><span class=\"ez-toc-section-end\"><\/span><\/h3>\n<div>\u0110\u1ec3 nh\u1eefng b\u00f4ng hoa Ph\u0103ng c\u1eaft c\u00e0nh b\u1ea1n mua v\u1ec1 t\u1eeb GVgarden.com gi\u1eef \u0111\u01b0\u1ee3c v\u1ebb t\u01b0\u01a1i t\u1eafn v\u00e0 r\u1ef1c r\u1ee1 trong th\u1eddi gian d\u00e0i, h\u00e3y \u00e1p d\u1ee5ng c\u00e1c b\u01b0\u1edbc ch\u0103m s\u00f3c \u0111\u01a1n gi\u1ea3n sau:<\/div>\n<div><\/div>\n<div>V\u1ec7 sinh b\u00ecnh hoa: Lu\u00f4n s\u1eed d\u1ee5ng b\u00ecnh hoa s\u1ea1ch s\u1ebd. Vi khu\u1ea9n trong b\u00ecnh b\u1ea9n l\u00e0 nguy\u00ean nh\u00e2n h\u00e0ng \u0111\u1ea7u khi\u1ebfn hoa nhanh t\u00e0n. R\u1eeda s\u1ea1ch b\u00ecnh b\u1eb1ng x\u00e0 ph\u00f2ng v\u00e0 n\u01b0\u1edbc n\u00f3ng, sau \u0111\u00f3 tr\u00e1ng l\u1ea1i th\u1eadt k\u1ef9.<\/div>\n<div><\/div>\n<div>C\u1eaft g\u1ed1c hoa \u0111\u00fang c\u00e1ch: Ngay sau khi mang hoa v\u1ec1 nh\u00e0, d\u00f9ng k\u00e9o s\u1eafc ho\u1eb7c dao chuy\u00ean d\u1ee5ng \u0111\u1ec3 c\u1eaft ch\u00e9o m\u1ed9t g\u00f3c 45 \u0111\u1ed9 kho\u1ea3ng 2-3 cm \u1edf g\u1ed1c c\u00e0nh hoa. Th\u1ef1c hi\u1ec7n vi\u1ec7c n\u00e0y d\u01b0\u1edbi v\u00f2i n\u01b0\u1edbc ch\u1ea3y ho\u1eb7c trong m\u1ed9t ch\u1eadu n\u01b0\u1edbc nh\u1ecf \u0111\u1ec3 tr\u00e1nh b\u1ecdt kh\u00ed l\u1ecdt v\u00e0o m\u1ea1ch d\u1eabn, gi\u00fap c\u00e0nh hoa h\u00fat n\u01b0\u1edbc hi\u1ec7u qu\u1ea3 h\u01a1n. (Alt \u1ea3nh: C\u1eaft ch\u00e9o g\u1ed1c hoa Ph\u0103ng)<\/div>\n<div><\/div>\n<div>Lo\u1ea1i b\u1ecf l\u00e1 th\u1eeba: G\u1ee1 b\u1ecf t\u1ea5t c\u1ea3 nh\u1eefng l\u00e1 n\u1eb1m d\u01b0\u1edbi m\u1ef1c n\u01b0\u1edbc trong b\u00ecnh. L\u00e1 b\u1ecb ng\u00e2m trong n\u01b0\u1edbc s\u1ebd nhanh ch\u00f3ng th\u1ed1i r\u1eefa, t\u1ea1o m\u00f4i tr\u01b0\u1eddng cho vi khu\u1ea9n ph\u00e1t tri\u1ec3n, l\u00e0m h\u1ecfng ngu\u1ed3n n\u01b0\u1edbc v\u00e0 \u0111\u1ea9y nhanh qu\u00e1 tr\u00ecnh ph\u00e2n h\u1ee7y c\u1ee7a hoa. (Alt \u1ea3nh: Lo\u1ea1i b\u1ecf l\u00e1 d\u01b0\u1edbi g\u1ed1c hoa Ph\u0103ng)<\/div>\n<div><\/div>\n<div>S\u1eed d\u1ee5ng d\u01b0\u1ee1ng ch\u1ea5t c\u1eafm hoa: Pha g\u00f3i d\u01b0\u1ee1ng ch\u1ea5t c\u1eafm hoa (floral food) theo \u0111\u00fang t\u1ef7 l\u1ec7 h\u01b0\u1edbng d\u1eabn tr\u00ean bao b\u00ec. Dung d\u1ecbch n\u00e0y cung c\u1ea5p dinh d\u01b0\u1ee1ng thi\u1ebft y\u1ebfu v\u00e0 ho\u1ea1t ch\u1ea5t di\u1ec7t khu\u1ea9n, gi\u00fap hoa t\u01b0\u01a1i l\u00e2u h\u01a1n. N\u1ebfu kh\u00f4ng c\u00f3 s\u1eb5n, b\u1ea1n c\u00f3 th\u1ec3 h\u00f2a tan m\u1ed9t th\u00eca c\u00e0 ph\u00ea \u0111\u01b0\u1eddng v\u00e0 v\u00e0i gi\u1ecdt thu\u1ed1c t\u1ea9y kh\u00f4ng m\u00f9i v\u00e0o m\u1ed9t l\u00edt n\u01b0\u1edbc.<\/div>\n<div><\/div>\n<div>Thay n\u01b0\u1edbc th\u01b0\u1eddng xuy\u00ean: Thay to\u00e0n b\u1ed9 n\u01b0\u1edbc trong b\u00ecnh m\u1ed7i ng\u00e0y ho\u1eb7c c\u00e1ch ng\u00e0y. Khi thay n\u01b0\u1edbc, h\u00e3y r\u1eeda s\u1ea1ch b\u00ecnh m\u1ed9t l\u1ea7n n\u1eefa v\u00e0 c\u1eaft l\u1ea1i g\u1ed1c hoa m\u1ed9t ch\u00fat \u0111\u1ec3 lo\u1ea1i b\u1ecf ph\u1ea7n g\u1ed1c c\u00f3 th\u1ec3 b\u1ecb t\u1eafc ngh\u1ebdn do vi khu\u1ea9n.<\/div>\n<div><\/div>\n<div>V\u1ecb tr\u00ed \u0111\u1eb7t hoa: \u0110\u1eb7t b\u00ecnh hoa \u1edf n\u01a1i m\u00e1t m\u1ebb, tho\u00e1ng \u0111\u00e3ng, tr\u00e1nh xa \u00e1nh n\u1eafng m\u1eb7t tr\u1eddi tr\u1ef1c ti\u1ebfp, gi\u00f3 l\u00f9a m\u1ea1nh, v\u00e0 c\u00e1c ngu\u1ed3n nhi\u1ec7t (nh\u01b0 tivi, l\u00f2 s\u01b0\u1edfi, thi\u1ebft b\u1ecb \u0111i\u1ec7n t\u1eed). C\u0169ng n\u00ean tr\u00e1nh \u0111\u1eb7t hoa g\u1ea7n b\u00e1t tr\u00e1i c\u00e2y ch\u00edn, v\u00ec kh\u00ed ethylene t\u1eeb tr\u00e1i c\u00e2y c\u00f3 th\u1ec3 l\u00e0m hoa nhanh t\u00e0n. (Alt \u1ea3nh: B\u00ecnh hoa Ph\u0103ng t\u01b0\u01a1i r\u1ea1ng r\u1ee1 tr\u00ean b\u00e0n)<\/div>\n<div><\/div>\n<div>Th\u1ef1c hi\u1ec7n \u0111\u00fang c\u00e1c b\u01b0\u1edbc ch\u0103m s\u00f3c tr\u00ean s\u1ebd gi\u00fap nh\u1eefng b\u00f4ng hoa Ph\u0103ng c\u1ee7a b\u1ea1n lu\u00f4n t\u01b0\u01a1i m\u1edbi, t\u00f4 \u0111i\u1ec3m cho kh\u00f4ng gian s\u1ed1ng th\u00eam ph\u1ea7n r\u1ef1c r\u1ee1 v\u00e0 b\u1ec1n \u0111\u1eb9p.<\/div>\n<div><\/div>\n<h3><span class=\"ez-toc-section\" id=\"6_mua_hoa_phang_cam_chuong_chat_luong_tai_gvgardencom\"><\/span><strong>6. Mua Hoa Ph\u0103ng (C\u1ea9m Ch\u01b0\u1edbng) ch\u1ea5t l\u01b0\u1ee3ng t\u1ea1i GVgarden.com<\/strong><span class=\"ez-toc-section-end\"><\/span><\/h3>\n<div>GVgarden.asia t\u1ef1 h\u00e0o l\u00e0 \u0111\u1ecba ch\u1ec9 uy t\u00edn cung c\u1ea5p hoa Ph\u0103ng (C\u1ea9m Ch\u01b0\u1edbng) ch\u1ea5t l\u01b0\u1ee3ng cao, \u0111a d\u1ea1ng v\u1ec1 m\u00e0u s\u1eafc v\u00e0 ch\u1ee7ng lo\u1ea1i. Ch\u00fang t\u00f4i cam k\u1ebft mang \u0111\u1ebfn nh\u1eefng b\u00f3 hoa t\u01b0\u01a1i t\u1eafn, kh\u1ecfe m\u1ea1nh nh\u1ea5t, \u0111\u01b0\u1ee3c tuy\u1ec3n ch\u1ecdn k\u1ef9 l\u01b0\u1ee1ng t\u1eeb c\u00e1c ngu\u1ed3n cung c\u1ea5p \u0111\u00e1ng tin c\u1eady.<\/div>\n<div><\/div>\n<div>T\u1ea1i sao n\u00ean ch\u1ecdn mua Ph\u0103ng t\u1ea1i GVgarden.asia?<\/div>\n<div>Ch\u1ea5t l\u01b0\u1ee3ng \u0111\u1ea3m b\u1ea3o: Hoa lu\u00f4n t\u01b0\u01a1i m\u1edbi, kh\u00f4ng s\u00e2u b\u1ec7nh, c\u00e1nh hoa nguy\u00ean v\u1eb9n.<\/div>\n<div><\/div>\n<div>\u0110a d\u1ea1ng l\u1ef1a ch\u1ecdn: Cung c\u1ea5p nhi\u1ec1u m\u00e0u s\u1eafc v\u00e0 ki\u1ec3u d\u00e1ng hoa Ph\u0103ng ph\u1ed5 bi\u1ebfn.<\/div>\n<div><\/div>\n<div>Gi\u00e1 c\u1ea3 c\u1ea1nh tranh: M\u1ee9c gi\u00e1 h\u1ee3p l\u00fd, ph\u00f9 h\u1ee3p v\u1edbi ch\u1ea5t l\u01b0\u1ee3ng s\u1ea3n ph\u1ea9m.<\/div>\n<div><\/div>\n<div>T\u01b0 v\u1ea5n t\u1eadn t\u00ecnh: \u0110\u1ed9i ng\u0169 chuy\u00ean gia s\u1eb5n s\u00e0ng h\u1ed7 tr\u1ee3 b\u1ea1n v\u1ec1 c\u00e1ch ch\u0103m s\u00f3c v\u00e0 l\u1ef1a ch\u1ecdn hoa.<\/div>\n<div><\/div>\n<div>Giao h\u00e0ng nhanh ch\u00f3ng: D\u1ecbch v\u1ee5 giao h\u00e0ng ti\u1ec7n l\u1ee3i, \u0111\u1ea3m b\u1ea3o hoa \u0111\u1ebfn tay b\u1ea1n trong t\u00ecnh tr\u1ea1ng t\u1ed1t nh\u1ea5t.<\/div>\n<div><\/div>\n<div>H\u00e3y truy c\u1eadp website GVgarden.com ho\u1eb7c li\u00ean h\u1ec7 ngay h\u00f4m nay \u0111\u1ec3 s\u1edf h\u1eefu nh\u1eefng b\u00f3 hoa Ph\u0103ng tuy\u1ec7t \u0111\u1eb9p, mang s\u1eafc m\u00e0u v\u00e0 \u00fd ngh\u0129a \u0111\u1ebfn kh\u00f4ng gian c\u1ee7a b\u1ea1n!<\/div>\n","protected":false},"excerpt":{"rendered":"<p>1. Gi\u1edbi thi\u1ec7u v\u1ec1 Hoa Ph\u0103ng (C\u1ea9m Ch\u01b0\u1edbng) Hoa Ph\u0103ng, hay c\u00f2n g\u1ecdi l\u00e0 hoa C\u1ea9m Ch\u01b0\u1edbng (t\u00ean khoa h\u1ecdc: Dianthus caryophyllus), l\u00e0 m\u1ed9t trong nh\u1eefng lo\u00e0i hoa \u0111\u01b0\u1ee3c y\u00eau th\u00edch v\u00e0 tr\u1ed3ng ph\u1ed5 bi\u1ebfn nh\u1ea5t tr\u00ean th\u1ebf gi\u1edbi. V\u1edbi nh\u1eefng c\u00e1nh hoa m\u1ecfng manh x\u1ebfp l\u1edbp t\u1ea1o th\u00e0nh b\u00f4ng tr\u00f2n \u0111\u1ea7y \u0111\u1eb7n, c\u00f9ng b\u1ea3ng [&#8230;]\n","protected":false},"featured_media":5833,"comment_status":"open","ping_status":"closed","template":"","meta":[],"product_brand":[],"product_cat":[301,274],"product_tag":[],"class_list":{"0":"post-4377","1":"product","2":"type-product","3":"status-publish","4":"has-post-thumbnail","6":"product_cat-hoa-la-phu-trung-quoc","7":"product_cat-hoa-nhap-khau","9":"first","10":"instock","11":"shipping-taxable","12":"product-type-simple"},"_links":{"self":[{"href":"https:\/\/gvgarden.asia\/index.php?rest_route=\/wp\/v2\/product\/4377","targetHints":{"allow":["GET"]}}],"collection":[{"href":"https:\/\/gvgarden.asia\/index.php?rest_route=\/wp\/v2\/product"}],"about":[{"href":"https:\/\/gvgarden.asia\/index.php?rest_route=\/wp\/v2\/types\/product"}],"replies":[{"embeddable":true,"href":"https:\/\/gvgarden.asia\/index.php?rest_route=%2Fwp%2Fv2%2Fcomments&post=4377"}],"version-history":[{"count":4,"href":"https:\/\/gvgarden.asia\/index.php?rest_route=\/wp\/v2\/product\/4377\/revisions"}],"predecessor-version":[{"id":5598,"href":"https:\/\/gvgarden.asia\/index.php?rest_route=\/wp\/v2\/product\/4377\/revisions\/5598"}],"wp:featuredmedia":[{"embeddable":true,"href":"https:\/\/gvgarden.asia\/index.php?rest_route=\/wp\/v2\/media\/5833"}],"wp:attachment":[{"href":"https:\/\/gvgarden.asia\/index.php?rest_route=%2Fwp%2Fv2%2Fmedia&parent=4377"}],"wp:term":[{"taxonomy":"product_brand","embeddable":true,"href":"https:\/\/gvgarden.asia\/index.php?rest_route=%2Fwp%2Fv2%2Fproduct_brand&post=4377"},{"taxonomy":"product_cat","embeddable":true,"href":"https:\/\/gvgarden.asia\/index.php?rest_route=%2Fwp%2Fv2%2Fproduct_cat&post=4377"},{"taxonomy":"product_tag","embeddable":true,"href":"https:\/\/gvgarden.asia\/index.php?rest_route=%2Fwp%2Fv2%2Fproduct_tag&post=4377"}],"curies":[{"name":"wp","href":"https:\/\/api.w.org\/{rel}","templated":true}]}}