{"id":4376,"date":"2025-07-19T12:43:44","date_gmt":"2025-07-19T05:43:44","guid":{"rendered":"https:\/\/gvgarden.asia\/?post_type=product&#038;p=4376"},"modified":"2025-09-05T14:59:29","modified_gmt":"2025-09-05T07:59:29","slug":"hoa-cuc-tana-trung-quoc","status":"publish","type":"product","link":"https:\/\/gvgarden.asia\/?product=hoa-cuc-tana-trung-quoc","title":{"rendered":"C\u00fac Tana"},"content":{"rendered":"<div id=\"ez-toc-container\" class=\"ez-toc-v2_0_76 counter-hierarchy ez-toc-counter ez-toc-grey ez-toc-container-direction\">\n<div class=\"ez-toc-title-container\">\n<p class=\"ez-toc-title\" style=\"cursor:inherit\">N\u1ed9i Dung B\u00e0i Vi\u1ebft<\/p>\n<span class=\"ez-toc-title-toggle\"><a href=\"#\" class=\"ez-toc-pull-right ez-toc-btn ez-toc-btn-xs ez-toc-btn-default ez-toc-toggle\" aria-label=\"Toggle Table of Content\"><span class=\"ez-toc-js-icon-con\"><span class=\"\"><span class=\"eztoc-hide\" style=\"display:none;\">Toggle<\/span><span class=\"ez-toc-icon-toggle-span\"><svg style=\"fill: #999;color:#999\" xmlns=\"http:\/\/www.w3.org\/2000\/svg\" class=\"list-377408\" width=\"20px\" height=\"20px\" viewBox=\"0 0 24 24\" fill=\"none\"><path d=\"M6 6H4v2h2V6zm14 0H8v2h12V6zM4 11h2v2H4v-2zm16 0H8v2h12v-2zM4 16h2v2H4v-2zm16 0H8v2h12v-2z\" fill=\"currentColor\"><\/path><\/svg><svg style=\"fill: #999;color:#999\" class=\"arrow-unsorted-368013\" xmlns=\"http:\/\/www.w3.org\/2000\/svg\" width=\"10px\" height=\"10px\" viewBox=\"0 0 24 24\" version=\"1.2\" baseProfile=\"tiny\"><path d=\"M18.2 9.3l-6.2-6.3-6.2 6.3c-.2.2-.3.4-.3.7s.1.5.3.7c.2.2.4.3.7.3h11c.3 0 .5-.1.7-.3.2-.2.3-.5.3-.7s-.1-.5-.3-.7zM5.8 14.7l6.2 6.3 6.2-6.3c.2-.2.3-.5.3-.7s-.1-.5-.3-.7c-.2-.2-.4-.3-.7-.3h-11c-.3 0-.5.1-.7.3-.2.2-.3.5-.3.7s.1.5.3.7z\"\/><\/svg><\/span><\/span><\/span><\/a><\/span><\/div>\n<nav><ul class='ez-toc-list ez-toc-list-level-1 eztoc-toggle-hide-by-default' ><li class='ez-toc-page-1 ez-toc-heading-level-2'><a class=\"ez-toc-link ez-toc-heading-1\" href=\"https:\/\/gvgarden.asia\/?product=hoa-cuc-tana-trung-quoc\/#hoa_cuc_tana_trung_quoc_%e2%80%93_ve_dep_trang_tinh_khoi_tu_nhung_dieu_nho_be\" >Hoa C\u00fac Tana Trung Qu\u1ed1c \u2013 V\u1ebb \u0110\u1eb9p Tr\u1eafng Tinh Kh\u00f4i T\u1eeb Nh\u1eefng \u0110i\u1ec1u Nh\u1ecf B\u00e9<\/a><ul class='ez-toc-list-level-3' ><li class='ez-toc-heading-level-3'><a class=\"ez-toc-link ez-toc-heading-2\" href=\"https:\/\/gvgarden.asia\/?product=hoa-cuc-tana-trung-quoc\/#gioi_thieu_ve_hoa_cuc_tana_trung_quoc\" >Gi\u1edbi Thi\u1ec7u V\u1ec1 Hoa C\u00fac Tana Trung Qu\u1ed1c<\/a><\/li><li class='ez-toc-page-1 ez-toc-heading-level-3'><a class=\"ez-toc-link ez-toc-heading-3\" href=\"https:\/\/gvgarden.asia\/?product=hoa-cuc-tana-trung-quoc\/#y_nghia_cua_hoa_cuc_tana\" >\u00dd Ngh\u0129a C\u1ee7a Hoa C\u00fac Tana<\/a><ul class='ez-toc-list-level-4' ><li class='ez-toc-heading-level-4'><a class=\"ez-toc-link ez-toc-heading-4\" href=\"https:\/\/gvgarden.asia\/?product=hoa-cuc-tana-trung-quoc\/#bieu_tuong_cua_su_nhe_nhang_va_tinh_khiet\" >Bi\u1ec3u t\u01b0\u1ee3ng c\u1ee7a s\u1ef1 nh\u1eb9 nh\u00e0ng v\u00e0 tinh khi\u1ebft<\/a><\/li><li class='ez-toc-page-1 ez-toc-heading-level-4'><a class=\"ez-toc-link ez-toc-heading-5\" href=\"https:\/\/gvgarden.asia\/?product=hoa-cuc-tana-trung-quoc\/#tuong_trung_cho_nhung_dieu_gian_di_nhung_chan_thanh\" >T\u01b0\u1ee3ng tr\u01b0ng cho nh\u1eefng \u0111i\u1ec1u gi\u1ea3n d\u1ecb nh\u01b0ng ch\u00e2n th\u00e0nh<\/a><\/li><li class='ez-toc-page-1 ez-toc-heading-level-4'><a class=\"ez-toc-link ez-toc-heading-6\" href=\"https:\/\/gvgarden.asia\/?product=hoa-cuc-tana-trung-quoc\/#su_gan_bo_va_vung_ben\" >S\u1ef1 g\u1eafn b\u00f3 v\u00e0 v\u1eefng b\u1ec1n<\/a><\/li><\/ul><\/li><li class='ez-toc-page-1 ez-toc-heading-level-3'><a class=\"ez-toc-link ez-toc-heading-7\" href=\"https:\/\/gvgarden.asia\/?product=hoa-cuc-tana-trung-quoc\/#dac_diem_noi_bat_cua_hoa_cuc_tana_trung_quoc\" >\u0110\u1eb7c \u0110i\u1ec3m N\u1ed5i B\u1eadt C\u1ee7a Hoa C\u00fac Tana Trung Qu\u1ed1c<\/a><ul class='ez-toc-list-level-4' ><li class='ez-toc-heading-level-4'><a class=\"ez-toc-link ez-toc-heading-8\" href=\"https:\/\/gvgarden.asia\/?product=hoa-cuc-tana-trung-quoc\/#kich_thuoc_nho_gon_bong_nhieu\" >K\u00edch th\u01b0\u1edbc nh\u1ecf g\u1ecdn, b\u00f4ng nhi\u1ec1u<\/a><\/li><li class='ez-toc-page-1 ez-toc-heading-level-4'><a class=\"ez-toc-link ez-toc-heading-9\" href=\"https:\/\/gvgarden.asia\/?product=hoa-cuc-tana-trung-quoc\/#canh_hoa_mong_nhe_mau_trang_thuan_khiet\" >C\u00e1nh hoa m\u1ecfng nh\u1eb9, m\u00e0u tr\u1eafng thu\u1ea7n khi\u1ebft<\/a><\/li><li class='ez-toc-page-1 ez-toc-heading-level-4'><a class=\"ez-toc-link ez-toc-heading-10\" href=\"https:\/\/gvgarden.asia\/?product=hoa-cuc-tana-trung-quoc\/#do_ben_hoa_tot_neu_duoc_bao_quan_dung_cach\" >\u0110\u1ed9 b\u1ec1n hoa t\u1ed1t n\u1ebfu \u0111\u01b0\u1ee3c b\u1ea3o qu\u1ea3n \u0111\u00fang c\u00e1ch<\/a><\/li><\/ul><\/li><li class='ez-toc-page-1 ez-toc-heading-level-3'><a class=\"ez-toc-link ez-toc-heading-11\" href=\"https:\/\/gvgarden.asia\/?product=hoa-cuc-tana-trung-quoc\/#ung_dung_cua_hoa_cuc_tana_trong_nghe_thuat_cam_hoa\" >\u1ee8ng D\u1ee5ng C\u1ee7a Hoa C\u00fac Tana Trong Ngh\u1ec7 Thu\u1eadt C\u1eafm Hoa<\/a><ul class='ez-toc-list-level-4' ><li class='ez-toc-heading-level-4'><a class=\"ez-toc-link ez-toc-heading-12\" href=\"https:\/\/gvgarden.asia\/?product=hoa-cuc-tana-trung-quoc\/#dung_lam_bo_hoa_nhe_nhang_thanh_lich\" >D\u00f9ng l\u00e0m b\u00f3 hoa nh\u1eb9 nh\u00e0ng, thanh l\u1ecbch<\/a><\/li><li class='ez-toc-page-1 ez-toc-heading-level-4'><a class=\"ez-toc-link ez-toc-heading-13\" href=\"https:\/\/gvgarden.asia\/?product=hoa-cuc-tana-trung-quoc\/#trang_tri_su_kien_ban_tiec_cuoi\" >Trang tr\u00ed s\u1ef1 ki\u1ec7n, b\u00e0n ti\u1ec7c c\u01b0\u1edbi<\/a><\/li><li class='ez-toc-page-1 ez-toc-heading-level-4'><a class=\"ez-toc-link ez-toc-heading-14\" href=\"https:\/\/gvgarden.asia\/?product=hoa-cuc-tana-trung-quoc\/#cam_binh_%e2%80%93_trang_tri_nha_cua_nhe_nhang\" >C\u1eafm b\u00ecnh \u2013 Trang tr\u00ed nh\u00e0 c\u1eeda nh\u1eb9 nh\u00e0ng<\/a><\/li><\/ul><\/li><li class='ez-toc-page-1 ez-toc-heading-level-3'><a class=\"ez-toc-link ez-toc-heading-15\" href=\"https:\/\/gvgarden.asia\/?product=hoa-cuc-tana-trung-quoc\/#gv_garden_%e2%80%93_noi_nhap_khau_va_phan_phoi_cuc_tana_trung_quoc_uy_tin\" >GV Garden \u2013 N\u01a1i Nh\u1eadp Kh\u1ea9u V\u00e0 Ph\u00e2n Ph\u1ed1i C\u00fac Tana Trung Qu\u1ed1c Uy T\u00edn<\/a><\/li><li class='ez-toc-page-1 ez-toc-heading-level-3'><a class=\"ez-toc-link ez-toc-heading-16\" href=\"https:\/\/gvgarden.asia\/?product=hoa-cuc-tana-trung-quoc\/#ket_luan\" >K\u1ebft Lu\u1eadn<\/a><\/li><\/ul><\/li><\/ul><\/nav><\/div>\n<h2><span class=\"ez-toc-section\" id=\"hoa_cuc_tana_trung_quoc_%e2%80%93_ve_dep_trang_tinh_khoi_tu_nhung_dieu_nho_be\"><\/span><strong>Hoa C\u00fac Tana Trung Qu\u1ed1c \u2013 V\u1ebb \u0110\u1eb9p Tr\u1eafng Tinh Kh\u00f4i T\u1eeb Nh\u1eefng \u0110i\u1ec1u Nh\u1ecf B\u00e9<\/strong><span class=\"ez-toc-section-end\"><\/span><\/h2>\n<h3><span class=\"ez-toc-section\" id=\"gioi_thieu_ve_hoa_cuc_tana_trung_quoc\"><\/span><strong>Gi\u1edbi Thi\u1ec7u V\u1ec1 Hoa C\u00fac Tana Trung Qu\u1ed1c<\/strong><span class=\"ez-toc-section-end\"><\/span><\/h3>\n<div>Hoa c\u00fac Tana (c\u00f2n g\u1ecdi l\u00e0 Tana Daisy) l\u00e0 m\u1ed9t trong nh\u1eefng lo\u00e0i hoa nh\u1eadp kh\u1ea9u t\u1eeb Trung Qu\u1ed1c \u0111\u01b0\u1ee3c y\u00eau th\u00edch t\u1ea1i Vi\u1ec7t Nam nh\u1edd v\u1ebb ngo\u00e0i m\u1ecfng manh, d\u1ecbu d\u00e0ng v\u00e0 d\u1ec5 \u1ee9ng d\u1ee5ng trong ngh\u1ec7 thu\u1eadt c\u1eafm hoa.<\/div>\n<div><\/div>\n<div>Kh\u00e1c v\u1edbi c\u00e1c lo\u1ea1i hoa r\u1ef1c r\u1ee1, c\u00fac Tana mang m\u1ed9t v\u1ebb \u0111\u1eb9p ri\u00eang \u2013 tr\u1eafng tinh khi\u1ebft, nh\u1ecf nh\u1eafn v\u00e0 g\u1ecdn g\u00e0ng, t\u1ef1a nh\u01b0 \u00e1nh n\u1eafng \u0111\u1ea7u ng\u00e0y trong tr\u1ebbo. M\u1ed7i nh\u00e1nh c\u00fac c\u00f3 nhi\u1ec1u nh\u00e1nh nh\u1ecf, n\u1edf bung t\u1ef1 nhi\u00ean, mang \u0111\u1ebfn c\u1ea3m gi\u00e1c nh\u1eb9 nh\u00e0ng, th\u01b0 gi\u00e3n, ph\u00f9 h\u1ee3p v\u1edbi m\u1ecdi phong c\u00e1ch trang tr\u00ed \u2013 t\u1eeb hi\u1ec7n \u0111\u1ea1i \u0111\u1ebfn vintage, t\u1ed1i gi\u1ea3n.<\/div>\n<div><\/div>\n<div>Hi\u1ec7n nay, GV Garden l\u00e0 m\u1ed9t trong nh\u1eefng \u0111\u01a1n v\u1ecb cung c\u1ea5p hoa c\u00fac Tana Trung Qu\u1ed1c nh\u1eadp kh\u1ea9u \u1ed5n \u0111\u1ecbnh theo tu\u1ea7n, \u0111\u1ea3m b\u1ea3o ch\u1ea5t l\u01b0\u1ee3ng, \u0111\u1ed9 t\u01b0\u01a1i v\u00e0 m\u00e0u s\u1eafc chu\u1ea9n nh\u1ea5t tr\u00ean th\u1ecb tr\u01b0\u1eddng.<\/div>\n<div><\/div>\n<h3><span class=\"ez-toc-section\" id=\"y_nghia_cua_hoa_cuc_tana\"><\/span><strong>\u00dd Ngh\u0129a C\u1ee7a Hoa C\u00fac Tana<\/strong><span class=\"ez-toc-section-end\"><\/span><\/h3>\n<h4><span class=\"ez-toc-section\" id=\"bieu_tuong_cua_su_nhe_nhang_va_tinh_khiet\"><\/span><strong>Bi\u1ec3u t\u01b0\u1ee3ng c\u1ee7a s\u1ef1 nh\u1eb9 nh\u00e0ng v\u00e0 tinh khi\u1ebft<\/strong><span class=\"ez-toc-section-end\"><\/span><\/h4>\n<div>S\u1eafc tr\u1eafng c\u1ee7a hoa c\u00fac Tana t\u01b0\u1ee3ng tr\u01b0ng cho s\u1ef1 trong tr\u1ebbo, ng\u00e2y th\u01a1 v\u00e0 y\u00ean b\u00ecnh. \u0110\u00f3 l\u00e0 l\u00fd do lo\u00e0i hoa n\u00e0y th\u01b0\u1eddng xu\u1ea5t hi\u1ec7n trong c\u00e1c concept ch\u1ee5p h\u00ecnh nh\u1eb9 nh\u00e0ng, phong c\u00e1ch H\u00e0n Qu\u1ed1c hay vintage.<\/div>\n<div><\/div>\n<h4><span class=\"ez-toc-section\" id=\"tuong_trung_cho_nhung_dieu_gian_di_nhung_chan_thanh\"><\/span><strong>T\u01b0\u1ee3ng tr\u01b0ng cho nh\u1eefng \u0111i\u1ec1u gi\u1ea3n d\u1ecb nh\u01b0ng ch\u00e2n th\u00e0nh<\/strong><span class=\"ez-toc-section-end\"><\/span><\/h4>\n<div>V\u1edbi k\u00edch th\u01b0\u1edbc nh\u1ecf xinh v\u00e0 v\u1ebb \u0111\u1eb9p m\u1ed9c m\u1ea1c, c\u00fac Tana th\u1ec3 hi\u1ec7n nh\u1eefng t\u00ecnh c\u1ea3m \u00e2m th\u1ea7m, d\u1ecbu d\u00e0ng m\u00e0 s\u00e2u s\u1eafc, r\u1ea5t ph\u00f9 h\u1ee3p \u0111\u1ec3 d\u00e0nh t\u1eb7ng b\u1ea1n b\u00e8, ng\u01b0\u1eddi th\u00e2n, ho\u1eb7c g\u1eedi g\u1eafm m\u1ed9t l\u1eddi y\u00eau th\u01b0\u01a1ng gi\u1ea3n \u0111\u01a1n.<\/div>\n<div><\/div>\n<h4><span class=\"ez-toc-section\" id=\"su_gan_bo_va_vung_ben\"><\/span><strong>S\u1ef1 g\u1eafn b\u00f3 v\u00e0 v\u1eefng b\u1ec1n<\/strong><span class=\"ez-toc-section-end\"><\/span><\/h4>\n<div>Do m\u1ed7i nh\u00e1nh hoa c\u00f3 nhi\u1ec1u b\u00f4ng nh\u1ecf m\u1ecdc s\u00e1t nhau, c\u00fac Tana c\u00f2n l\u00e0 bi\u1ec3u t\u01b0\u1ee3ng c\u1ee7a t\u00ecnh c\u1ea3m b\u1ec1n ch\u1eb7t, \u0111o\u00e0n k\u1ebft v\u00e0 h\u00f2a thu\u1eadn, th\u01b0\u1eddng \u0111\u01b0\u1ee3c d\u00f9ng trong hoa c\u01b0\u1edbi nh\u01b0 m\u1ed9t l\u1eddi ch\u00fac h\u1ea1nh ph\u00fac l\u00e2u d\u00e0i.<\/div>\n<div><\/div>\n<h3><span class=\"ez-toc-section\" id=\"dac_diem_noi_bat_cua_hoa_cuc_tana_trung_quoc\"><\/span><strong>\u0110\u1eb7c \u0110i\u1ec3m N\u1ed5i B\u1eadt C\u1ee7a Hoa C\u00fac Tana Trung Qu\u1ed1c<\/strong><span class=\"ez-toc-section-end\"><\/span><\/h3>\n<h4><span class=\"ez-toc-section\" id=\"kich_thuoc_nho_gon_bong_nhieu\"><\/span><strong>K\u00edch th\u01b0\u1edbc nh\u1ecf g\u1ecdn, b\u00f4ng nhi\u1ec1u<\/strong><span class=\"ez-toc-section-end\"><\/span><\/h4>\n<div>M\u1ed7i nh\u00e1nh hoa c\u00fac Tana th\u01b0\u1eddng c\u00f3 t\u1eeb 5\u201315 b\u00f4ng nh\u1ecf, \u0111\u01b0\u1eddng k\u00ednh t\u1eeb 1\u20131.5 cm. Hoa n\u1edf \u0111\u1ec1u, c\u00e1nh nh\u1ecf tr\u1eafng xinh, nh\u1ee5y v\u00e0ng nh\u1ea1t \u2013 t\u1ed5ng th\u1ec3 t\u1ea1o c\u1ea3m gi\u00e1c h\u00e0i h\u00f2a, \u0111\u00e1ng y\u00eau.<\/div>\n<div><\/div>\n<h4><span class=\"ez-toc-section\" id=\"canh_hoa_mong_nhe_mau_trang_thuan_khiet\"><\/span><strong>C\u00e1nh hoa m\u1ecfng nh\u1eb9, m\u00e0u tr\u1eafng thu\u1ea7n khi\u1ebft<\/strong><span class=\"ez-toc-section-end\"><\/span><\/h4>\n<div>\u0110i\u1ec3m \u0111\u1eb7c tr\u01b0ng nh\u1ea5t c\u1ee7a c\u00fac Tana l\u00e0 s\u1eafc tr\u1eafng thu\u1ea7n khi\u1ebft, kh\u00f4ng pha l\u1eabn t\u1ea1p s\u1eafc, th\u00edch h\u1ee3p d\u00f9ng ph\u1ed1i v\u1edbi c\u00e1c lo\u1ea1i hoa n\u1ed5i b\u1eadt kh\u00e1c nh\u01b0 h\u1ed3ng nh\u1eadp kh\u1ea9u, m\u1eabu \u0111\u01a1n, lan h\u1ed3 \u0111i\u1ec7p&#8230;<\/div>\n<div><\/div>\n<h4><span class=\"ez-toc-section\" id=\"do_ben_hoa_tot_neu_duoc_bao_quan_dung_cach\"><\/span><strong>\u0110\u1ed9 b\u1ec1n hoa t\u1ed1t n\u1ebfu \u0111\u01b0\u1ee3c b\u1ea3o qu\u1ea3n \u0111\u00fang c\u00e1ch<\/strong><span class=\"ez-toc-section-end\"><\/span><\/h4>\n<div>D\u00f9 c\u00e1nh hoa m\u1ea3nh, nh\u01b0ng hoa c\u00fac Tana c\u00f3 th\u1ec3 gi\u1eef t\u01b0\u01a1i 4\u20136 ng\u00e0y khi \u0111\u01b0\u1ee3c b\u1ea3o qu\u1ea3n trong m\u00f4i tr\u01b0\u1eddng m\u00e1t, tr\u00e1nh \u00e1nh n\u1eafng tr\u1ef1c ti\u1ebfp. Khi c\u1eafm b\u00ecnh c\u00f3 th\u1ec3 s\u1eed d\u1ee5ng th\u00eam vi\u00ean d\u01b0\u1ee1ng hoa \u0111\u1ec3 k\u00e9o d\u00e0i tu\u1ed5i th\u1ecd.<\/div>\n<div><\/div>\n<h3><span class=\"ez-toc-section\" id=\"ung_dung_cua_hoa_cuc_tana_trong_nghe_thuat_cam_hoa\"><\/span><strong>\u1ee8ng D\u1ee5ng C\u1ee7a Hoa C\u00fac Tana Trong Ngh\u1ec7 Thu\u1eadt C\u1eafm Hoa<\/strong><span class=\"ez-toc-section-end\"><\/span><\/h3>\n<h4><span class=\"ez-toc-section\" id=\"dung_lam_bo_hoa_nhe_nhang_thanh_lich\"><\/span><strong>D\u00f9ng l\u00e0m b\u00f3 hoa nh\u1eb9 nh\u00e0ng, thanh l\u1ecbch<\/strong><span class=\"ez-toc-section-end\"><\/span><\/h4>\n<div>Hoa c\u00fac Tana th\u01b0\u1eddng \u0111\u01b0\u1ee3c d\u00f9ng trong:<\/div>\n<div>B\u00f3 hoa t\u1eb7ng sinh nh\u1eadt, b\u1ea1n b\u00e8, c\u00f4 gi\u00e1o<\/div>\n<div>B\u00f3 hoa c\u01b0\u1edbi tone tr\u1eafng \u2013 pastel<\/div>\n<div>Hoa ch\u1ee5p h\u00ecnh k\u1ef7 y\u1ebfu, ch\u1ee5p \u1ea3nh ngo\u1ea1i c\u1ea3nh<\/div>\n<div><\/div>\n<div>Ph\u1ed1i h\u1ee3p c\u00fac Tana c\u00f9ng c\u00e1c lo\u1ea1i hoa m\u1ec1m nh\u01b0 baby tr\u1eafng, h\u1ed3ng pastel, ho\u1eb7c hoa d\u1ea1i s\u1ebd t\u1ea1o n\u00ean t\u1ed5ng th\u1ec3 nh\u1eb9 nh\u00e0ng, thanh tho\u00e1t v\u00e0 d\u1ec5 g\u00e2y thi\u1ec7n c\u1ea3m.<\/div>\n<div><\/div>\n<h4><span class=\"ez-toc-section\" id=\"trang_tri_su_kien_ban_tiec_cuoi\"><\/span><strong>Trang tr\u00ed s\u1ef1 ki\u1ec7n, b\u00e0n ti\u1ec7c c\u01b0\u1edbi<\/strong><span class=\"ez-toc-section-end\"><\/span><\/h4>\n<div>T\u1ea1i c\u00e1c ti\u1ec7c c\u01b0\u1edbi mang phong c\u00e1ch ph\u01b0\u01a1ng T\u00e2y, rustic ho\u1eb7c t\u1ed1i gi\u1ea3n, c\u00fac Tana th\u01b0\u1eddng xu\u1ea5t hi\u1ec7n \u1edf:<\/div>\n<div>C\u1ed5ng hoa c\u01b0\u1edbi<\/div>\n<div>B\u00e0n gallery<\/div>\n<div>Trang tr\u00ed b\u00e0n ti\u1ec7c, gh\u1ebf c\u01b0\u1edbi<\/div>\n<div>Hoa c\u00e0i \u00e1o ch\u00fa r\u1ec3<\/div>\n<div><\/div>\n<div>V\u1ebb \u0111\u1eb9p thanh l\u1ecbch, kh\u00f4ng qu\u00e1 r\u1ef1c r\u1ee1 c\u1ee7a c\u00fac Tana gi\u00fap t\u00f4n l\u00ean t\u1ed5ng th\u1ec3 kh\u00f4ng gian m\u00e0 kh\u00f4ng g\u00e2y r\u1ed1i m\u1eaft.<\/div>\n<div><\/div>\n<h4><span class=\"ez-toc-section\" id=\"cam_binh_%e2%80%93_trang_tri_nha_cua_nhe_nhang\"><\/span><strong>C\u1eafm b\u00ecnh \u2013 Trang tr\u00ed nh\u00e0 c\u1eeda nh\u1eb9 nh\u00e0ng<\/strong><span class=\"ez-toc-section-end\"><\/span><\/h4>\n<div>C\u00fac Tana l\u00e0 l\u1ef1a ch\u1ecdn tuy\u1ec7t v\u1eddi \u0111\u1ec3 c\u1eafm b\u00ecnh nh\u1ecf trong ph\u00f2ng ng\u1ee7, g\u00f3c l\u00e0m vi\u1ec7c ho\u1eb7c ph\u00f2ng tr\u00e0, t\u1ea1o c\u1ea3m gi\u00e1c nh\u1eb9 nh\u00e0ng v\u00e0 th\u01b0 gi\u00e3n. B\u1ea1n c\u00f3 th\u1ec3 c\u1eafm \u0111\u01a1n ho\u1eb7c k\u1ebft h\u1ee3p c\u00f9ng l\u00e1 b\u1ea1c, baby, h\u1ed3ng nh\u00ed\u2026<\/div>\n<div><\/div>\n<h3><span class=\"ez-toc-section\" id=\"gv_garden_%e2%80%93_noi_nhap_khau_va_phan_phoi_cuc_tana_trung_quoc_uy_tin\"><\/span><strong>GV Garden \u2013 N\u01a1i Nh\u1eadp Kh\u1ea9u V\u00e0 Ph\u00e2n Ph\u1ed1i C\u00fac Tana Trung Qu\u1ed1c Uy T\u00edn<\/strong><span class=\"ez-toc-section-end\"><\/span><\/h3>\n<div>GV Garden t\u1ef1 h\u00e0o l\u00e0 \u0111\u1ed1i t\u00e1c c\u1ee7a nhi\u1ec1u c\u1eeda h\u00e0ng hoa, studio c\u01b0\u1edbi, planner v\u00e0 \u0111\u1ea1i l\u00fd s\u1ec9 hoa to\u00e0n qu\u1ed1c. V\u1edbi l\u1ee3i th\u1ebf ngu\u1ed3n h\u00e0ng nh\u1eadp kh\u1ea9u tr\u1ef1c ti\u1ebfp t\u1eeb Trung Qu\u1ed1c, hoa c\u00fac Tana t\u1ea1i GV Garden lu\u00f4n \u0111\u1ea3m b\u1ea3o:<\/div>\n<div>\u2705 T\u01b0\u01a1i l\u00e2u \u2013 s\u1ea1ch \u2013 \u0111\u1eb9p, \u0111\u00fang m\u00e0u chu\u1ea9n<\/div>\n<div>\u2705 Giao h\u00e0ng to\u00e0n qu\u1ed1c b\u1eb1ng xe l\u1ea1nh<\/div>\n<div>\u2705 C\u00f3 s\u1eb5n s\u1ed1 l\u01b0\u1ee3ng l\u1edbn m\u1ed7i tu\u1ea7n<\/div>\n<div>\u2705 T\u01b0 v\u1ea5n ph\u1ed1i hoa \u2013 m\u1eabu c\u1eafm ph\u00f9 h\u1ee3p<\/div>\n<div><\/div>\n<h3><span class=\"ez-toc-section\" id=\"ket_luan\"><\/span><strong>K\u1ebft Lu\u1eadn<\/strong><span class=\"ez-toc-section-end\"><\/span><\/h3>\n<div>Hoa c\u00fac Tana Trung Qu\u1ed1c l\u00e0 lo\u00e0i hoa nh\u1ecf xinh mang nhi\u1ec1u t\u1ea7ng \u00fd ngh\u0129a v\u00e0 \u1ee9ng d\u1ee5ng phong ph\u00fa trong cu\u1ed9c s\u1ed1ng hi\u1ec7n \u0111\u1ea1i. Kh\u00f4ng ch\u1ec9 \u0111\u01a1n thu\u1ea7n l\u00e0 m\u1ed9t lo\u1ea1i hoa trang tr\u00ed, Tana c\u00f2n l\u00e0 m\u1ed9t bi\u1ec3u t\u01b0\u1ee3ng c\u1ee7a s\u1ef1 d\u1ecbu d\u00e0ng, tinh t\u1ebf v\u00e0 c\u1ea3m x\u00fac ch\u00e2n th\u00e0nh.<\/div>\n<div><\/div>\n<div>\ud83d\udc49 N\u1ebfu b\u1ea1n \u0111ang t\u00ecm ki\u1ebfm m\u1ed9t lo\u1ea1i hoa tr\u1eafng nh\u1ecf \u0111\u1ec3 b\u1ed5 sung v\u00e0o b\u1ed9 s\u01b0u t\u1eadp hoa t\u01b0\u01a1i, h\u00e3y ch\u1ecdn c\u00fac Tana t\u1ea1i GV Garden \u2013 \u0111\u1ea3m b\u1ea3o b\u1ea1n s\u1ebd h\u00e0i l\u00f2ng t\u1eeb s\u1eafc hoa \u0111\u1ebfn d\u1ecbch v\u1ee5!<\/div>\n<div><\/div>\n","protected":false},"excerpt":{"rendered":"<p>Hoa C\u00fac Tana Trung Qu\u1ed1c \u2013 V\u1ebb \u0110\u1eb9p Tr\u1eafng Tinh Kh\u00f4i T\u1eeb Nh\u1eefng \u0110i\u1ec1u Nh\u1ecf B\u00e9 Gi\u1edbi Thi\u1ec7u V\u1ec1 Hoa C\u00fac Tana Trung Qu\u1ed1c Hoa c\u00fac Tana (c\u00f2n g\u1ecdi l\u00e0 Tana Daisy) l\u00e0 m\u1ed9t trong nh\u1eefng lo\u00e0i hoa nh\u1eadp kh\u1ea9u t\u1eeb Trung Qu\u1ed1c \u0111\u01b0\u1ee3c y\u00eau th\u00edch t\u1ea1i Vi\u1ec7t Nam nh\u1edd v\u1ebb ngo\u00e0i m\u1ecfng manh, d\u1ecbu [&#8230;]\n","protected":false},"featured_media":4466,"comment_status":"open","ping_status":"closed","template":"","meta":[],"product_brand":[],"product_cat":[301,274],"product_tag":[322,321],"class_list":{"0":"post-4376","1":"product","2":"type-product","3":"status-publish","4":"has-post-thumbnail","6":"product_cat-hoa-la-phu-trung-quoc","7":"product_cat-hoa-nhap-khau","8":"product_tag-hoa-cuc-tana-nhap-khau","9":"product_tag-hoa-cuc-trang-nho","11":"first","12":"instock","13":"shipping-taxable","14":"product-type-simple"},"_links":{"self":[{"href":"https:\/\/gvgarden.asia\/index.php?rest_route=\/wp\/v2\/product\/4376","targetHints":{"allow":["GET"]}}],"collection":[{"href":"https:\/\/gvgarden.asia\/index.php?rest_route=\/wp\/v2\/product"}],"about":[{"href":"https:\/\/gvgarden.asia\/index.php?rest_route=\/wp\/v2\/types\/product"}],"replies":[{"embeddable":true,"href":"https:\/\/gvgarden.asia\/index.php?rest_route=%2Fwp%2Fv2%2Fcomments&post=4376"}],"version-history":[{"count":3,"href":"https:\/\/gvgarden.asia\/index.php?rest_route=\/wp\/v2\/product\/4376\/revisions"}],"predecessor-version":[{"id":5595,"href":"https:\/\/gvgarden.asia\/index.php?rest_route=\/wp\/v2\/product\/4376\/revisions\/5595"}],"wp:featuredmedia":[{"embeddable":true,"href":"https:\/\/gvgarden.asia\/index.php?rest_route=\/wp\/v2\/media\/4466"}],"wp:attachment":[{"href":"https:\/\/gvgarden.asia\/index.php?rest_route=%2Fwp%2Fv2%2Fmedia&parent=4376"}],"wp:term":[{"taxonomy":"product_brand","embeddable":true,"href":"https:\/\/gvgarden.asia\/index.php?rest_route=%2Fwp%2Fv2%2Fproduct_brand&post=4376"},{"taxonomy":"product_cat","embeddable":true,"href":"https:\/\/gvgarden.asia\/index.php?rest_route=%2Fwp%2Fv2%2Fproduct_cat&post=4376"},{"taxonomy":"product_tag","embeddable":true,"href":"https:\/\/gvgarden.asia\/index.php?rest_route=%2Fwp%2Fv2%2Fproduct_tag&post=4376"}],"curies":[{"name":"wp","href":"https:\/\/api.w.org\/{rel}","templated":true}]}}