{"id":4375,"date":"2025-07-19T12:43:44","date_gmt":"2025-07-19T05:43:44","guid":{"rendered":"https:\/\/gvgarden.asia\/?post_type=product&#038;p=4375"},"modified":"2025-09-05T15:31:15","modified_gmt":"2025-09-05T08:31:15","slug":"hoa-hong-pinkployd-da-lat","status":"publish","type":"product","link":"https:\/\/gvgarden.asia\/?product=hoa-hong-pinkployd-da-lat","title":{"rendered":"Hoa H\u1ed3ng Pinkloyd"},"content":{"rendered":"<div class=\"css-146c3p1 r-bcqeeo r-1ttztb7 r-qvutc0 r-1qd0xha r-a023e6 r-16dba41 r-1adg3ll r-1b5gpbm r-a8ghvy\" dir=\"ltr\">\n<div class=\"css-146c3p1 r-bcqeeo r-1ttztb7 r-qvutc0 r-1qd0xha r-a023e6 r-16dba41 r-1adg3ll r-1b5gpbm r-a8ghvy\" dir=\"ltr\">\n<div id=\"ez-toc-container\" class=\"ez-toc-v2_0_76 counter-hierarchy ez-toc-counter ez-toc-grey ez-toc-container-direction\">\n<div class=\"ez-toc-title-container\">\n<p class=\"ez-toc-title\" style=\"cursor:inherit\">N\u1ed9i Dung B\u00e0i Vi\u1ebft<\/p>\n<span class=\"ez-toc-title-toggle\"><a href=\"#\" class=\"ez-toc-pull-right ez-toc-btn ez-toc-btn-xs ez-toc-btn-default ez-toc-toggle\" aria-label=\"Toggle Table of Content\"><span class=\"ez-toc-js-icon-con\"><span class=\"\"><span class=\"eztoc-hide\" style=\"display:none;\">Toggle<\/span><span class=\"ez-toc-icon-toggle-span\"><svg style=\"fill: #999;color:#999\" xmlns=\"http:\/\/www.w3.org\/2000\/svg\" class=\"list-377408\" width=\"20px\" height=\"20px\" viewBox=\"0 0 24 24\" fill=\"none\"><path d=\"M6 6H4v2h2V6zm14 0H8v2h12V6zM4 11h2v2H4v-2zm16 0H8v2h12v-2zM4 16h2v2H4v-2zm16 0H8v2h12v-2z\" fill=\"currentColor\"><\/path><\/svg><svg style=\"fill: #999;color:#999\" class=\"arrow-unsorted-368013\" xmlns=\"http:\/\/www.w3.org\/2000\/svg\" width=\"10px\" height=\"10px\" viewBox=\"0 0 24 24\" version=\"1.2\" baseProfile=\"tiny\"><path d=\"M18.2 9.3l-6.2-6.3-6.2 6.3c-.2.2-.3.4-.3.7s.1.5.3.7c.2.2.4.3.7.3h11c.3 0 .5-.1.7-.3.2-.2.3-.5.3-.7s-.1-.5-.3-.7zM5.8 14.7l6.2 6.3 6.2-6.3c.2-.2.3-.5.3-.7s-.1-.5-.3-.7c-.2-.2-.4-.3-.7-.3h-11c-.3 0-.5.1-.7.3-.2.2-.3.5-.3.7s.1.5.3.7z\"\/><\/svg><\/span><\/span><\/span><\/a><\/span><\/div>\n<nav><ul class='ez-toc-list ez-toc-list-level-1 eztoc-toggle-hide-by-default' ><li class='ez-toc-page-1 ez-toc-heading-level-2'><a class=\"ez-toc-link ez-toc-heading-1\" href=\"https:\/\/gvgarden.asia\/?product=hoa-hong-pinkployd-da-lat\/#hoa_hong_pinkployd_%e2%80%93_bieu_tuong_cua_dep_hien_dai_va_sang_trong\" >Hoa H\u1ed3ng Pinkployd \u2013 Bi\u1ec3u T\u01b0\u1ee3ng C\u1ee7a \u0110\u1eb9p Hi\u1ec7n \u0110\u1ea1i V\u00e0 Sang Tr\u1ecdng<\/a><ul class='ez-toc-list-level-3' ><li class='ez-toc-heading-level-3'><a class=\"ez-toc-link ez-toc-heading-2\" href=\"https:\/\/gvgarden.asia\/?product=hoa-hong-pinkployd-da-lat\/#gioi_thieu_ve_hoa_hong_pinkployd\" >Gi\u1edbi thi\u1ec7u v\u1ec1 Hoa H\u1ed3ng Pinkployd<\/a><\/li><li class='ez-toc-page-1 ez-toc-heading-level-3'><a class=\"ez-toc-link ez-toc-heading-3\" href=\"https:\/\/gvgarden.asia\/?product=hoa-hong-pinkployd-da-lat\/#y_nghia_cua_hoa_hong_pinkployd\" >\u00dd Ngh\u0129a C\u1ee7a Hoa H\u1ed3ng Pinkployd<\/a><ul class='ez-toc-list-level-4' ><li class='ez-toc-heading-level-4'><a class=\"ez-toc-link ez-toc-heading-4\" href=\"https:\/\/gvgarden.asia\/?product=hoa-hong-pinkployd-da-lat\/#tinh_yeu_nong_nhiet_va_giam_dan\" >T\u00ecnh y\u00eau n\u1ed3ng nhi\u1ec7t v\u00e0 gi\u1ea3m d\u1ea7n<\/a><\/li><li class='ez-toc-page-1 ez-toc-heading-level-4'><a class=\"ez-toc-link ez-toc-heading-5\" href=\"https:\/\/gvgarden.asia\/?product=hoa-hong-pinkployd-da-lat\/#tu_dong_va_hien_dai\" >T\u1ef1 \u0111\u1ed9ng v\u00e0 hi\u1ec7n \u0111\u1ea1i<\/a><\/li><li class='ez-toc-page-1 ez-toc-heading-level-4'><a class=\"ez-toc-link ez-toc-heading-6\" href=\"https:\/\/gvgarden.asia\/?product=hoa-hong-pinkployd-da-lat\/#bieu_tuong_cua_cap_do_cao_cap\" >Bi\u1ec3u t\u01b0\u1ee3ng c\u1ee7a c\u1ea5p \u0111\u1ed9 cao c\u1ea5p<\/a><\/li><\/ul><\/li><li class='ez-toc-page-1 ez-toc-heading-level-3'><a class=\"ez-toc-link ez-toc-heading-7\" href=\"https:\/\/gvgarden.asia\/?product=hoa-hong-pinkployd-da-lat\/#dac_diem_noi_bat_cua_hoa_hong_pinkployd\" >\u0110\u1eb7c \u0111i\u1ec3m n\u1ed5i b\u1eadt c\u1ee7a Hoa H\u1ed3ng Pinkployd<\/a><ul class='ez-toc-list-level-4' ><li class='ez-toc-heading-level-4'><a class=\"ez-toc-link ez-toc-heading-8\" href=\"https:\/\/gvgarden.asia\/?product=hoa-hong-pinkployd-da-lat\/#mau_sac_ruc_ro_va_thu_hut\" >M\u00e0u s\u1eafc r\u1ef1c r\u1ee1 v\u00e0 thu h\u00fat<\/a><\/li><li class='ez-toc-page-1 ez-toc-heading-level-4'><a class=\"ez-toc-link ez-toc-heading-9\" href=\"https:\/\/gvgarden.asia\/?product=hoa-hong-pinkployd-da-lat\/#form_hoa_lon_va_day_canh\" >Form hoa l\u1edbn v\u00e0 d\u00e0y c\u00e1nh<\/a><\/li><li class='ez-toc-page-1 ez-toc-heading-level-4'><a class=\"ez-toc-link ez-toc-heading-10\" href=\"https:\/\/gvgarden.asia\/?product=hoa-hong-pinkployd-da-lat\/#do_ben_vuot_troi\" >\u0110\u1ed9 b\u1ec1n v\u01b0\u1ee3t tr\u1ed9i<\/a><\/li><\/ul><\/li><li class='ez-toc-page-1 ez-toc-heading-level-3'><a class=\"ez-toc-link ez-toc-heading-11\" href=\"https:\/\/gvgarden.asia\/?product=hoa-hong-pinkployd-da-lat\/#ung_dung_cua_hoa_hong_pinkployd_trong_trang_tri_va_su_kien\" >\u1ee8ng d\u1ee5ng c\u1ee7a Hoa H\u1ed3ng Pinkployd Trong Trang Tr\u00ed V\u00e0 S\u1ef1 Ki\u1ec7n<\/a><ul class='ez-toc-list-level-4' ><li class='ez-toc-heading-level-4'><a class=\"ez-toc-link ez-toc-heading-12\" href=\"https:\/\/gvgarden.asia\/?product=hoa-hong-pinkployd-da-lat\/#trang_tri_tiec_cuoi_va_su_kien_cao_cap\" >Trang tr\u00ed ti\u1ec7c c\u01b0\u1edbi v\u00e0 s\u1ef1 ki\u1ec7n cao c\u1ea5p<\/a><\/li><li class='ez-toc-page-1 ez-toc-heading-level-4'><a class=\"ez-toc-link ez-toc-heading-13\" href=\"https:\/\/gvgarden.asia\/?product=hoa-hong-pinkployd-da-lat\/#bo_hoa_tang_sang_trong\" >B\u00f3 hoa t\u1eb7ng sang tr\u1ecdng<\/a><\/li><li class='ez-toc-page-1 ez-toc-heading-level-4'><a class=\"ez-toc-link ez-toc-heading-14\" href=\"https:\/\/gvgarden.asia\/?product=hoa-hong-pinkployd-da-lat\/#cam_trang_tri_khong_gian\" >C\u1eafm trang tr\u00ed kh\u00f4ng gian<\/a><\/li><\/ul><\/li><li class='ez-toc-page-1 ez-toc-heading-level-3'><a class=\"ez-toc-link ez-toc-heading-15\" href=\"https:\/\/gvgarden.asia\/?product=hoa-hong-pinkployd-da-lat\/#mua_hoa_hong_pinkployd_o_dau_uy_tin\" >Mua Hoa H\u1ed3ng Pinkployd \u1ede \u0110\u00e2u Uy T\u00edn?<\/a><\/li><li class='ez-toc-page-1 ez-toc-heading-level-3'><a class=\"ez-toc-link ez-toc-heading-16\" href=\"https:\/\/gvgarden.asia\/?product=hoa-hong-pinkployd-da-lat\/#ket_luan\" >K\u1ebft Lu\u1eadn<\/a><\/li><\/ul><\/li><\/ul><\/nav><\/div>\n<h2><span class=\"ez-toc-section\" id=\"hoa_hong_pinkployd_%e2%80%93_bieu_tuong_cua_dep_hien_dai_va_sang_trong\"><\/span><strong><span dir=\"auto\" style=\"vertical-align: inherit;\"><span dir=\"auto\" style=\"vertical-align: inherit;\">Hoa H\u1ed3ng Pinkployd \u2013 Bi\u1ec3u T\u01b0\u1ee3ng C\u1ee7a \u0110\u1eb9p Hi\u1ec7n \u0110\u1ea1i V\u00e0 Sang Tr\u1ecdng<\/span><\/span><\/strong><span class=\"ez-toc-section-end\"><\/span><\/h2>\n<h3><span class=\"ez-toc-section\" id=\"gioi_thieu_ve_hoa_hong_pinkployd\"><\/span><strong><span dir=\"auto\" style=\"vertical-align: inherit;\"><span dir=\"auto\" style=\"vertical-align: inherit;\">Gi\u1edbi thi\u1ec7u v\u1ec1 Hoa H\u1ed3ng Pinkployd<\/span><\/span><\/strong><span class=\"ez-toc-section-end\"><\/span><\/h3>\n<div><span dir=\"auto\" style=\"vertical-align: inherit;\"><span dir=\"auto\" style=\"vertical-align: inherit;\">Hoa h\u1ed3ng Pinkployd l\u00e0 m\u1ed9t trong nh\u1eefng gi\u1ed1ng h\u1ed3ng n\u1ed5i b\u1eadt \u0111\u1ebfn t\u1eeb Ecuador, nay \u0111\u00e3 \u0111\u01b0\u1ee3c nh\u00e2n gi\u1ed1ng v\u00e0 tr\u1ed3ng th\u00e0nh c\u00f4ng t\u1ea1i \u0110\u00e0 L\u1ea1t v\u1edbi ch\u1ea5t l\u01b0\u1ee3ng kh\u00f4ng thua b\u1ea3n g\u1ed1c. Lo\u1ea1i hoa n\u00e0y g\u00e2y \u1ea5n t\u01b0\u1ee3ng m\u1ea1nh b\u1edfi m\u00e0u h\u1ed3ng c\u00e1nh sen \u0111\u1eadm r\u1ef1c r\u1ee1, d\u1ea1ng hoa l\u1edbn v\u00e0 \u0111\u1ed9 b\u1ec1n v\u01b0\u1ee3t tr\u1ed9i \u2013 r\u1ea5t ph\u00f9 h\u1ee3p v\u1edbi th\u1ecb gi\u00e1c hi\u1ec7n \u0111\u1ea1i, y\u00eau th\u00edch s\u1ef1 sang tr\u1ecdng v\u00e0 n\u1ed5i b\u1eadt.<\/span><\/span><\/div>\n<div><\/div>\n<div><span dir=\"auto\" style=\"vertical-align: inherit;\"><span dir=\"auto\" style=\"vertical-align: inherit;\">T\u1ea1i GV Garden, hoa h\u1ed3ng Pinkployd \u0111\u01b0\u1ee3c tuy\u1ec3n d\u1ee5ng k\u1ef9 thu\u1eadt l\u01b0\u1ee1ng c\u01b0 t\u1eeb n\u00f4ng tr\u1ea1i chuy\u00ean canh t\u1ea1i \u0110\u00e0 L\u1ea1t, \u0111\u1ea3m b\u1ea3o m\u00e0u s\u1eafc chu\u1ea9n, c\u00e1nh d\u00e0y, t\u01b0\u01a1i l\u00e2u v\u00e0 \u0111\u1ea1t chu\u1ea9n tr\u01b0ng b\u00e0y cho c\u00e1c s\u1ef1 ki\u1ec7n cao c\u1ea5p.<\/span><\/span><\/div>\n<div><\/div>\n<h3><span class=\"ez-toc-section\" id=\"y_nghia_cua_hoa_hong_pinkployd\"><\/span><strong><span dir=\"auto\" style=\"vertical-align: inherit;\"><span dir=\"auto\" style=\"vertical-align: inherit;\">\u00dd Ngh\u0129a C\u1ee7a Hoa H\u1ed3ng Pinkployd<\/span><\/span><\/strong><span class=\"ez-toc-section-end\"><\/span><\/h3>\n<h4><span class=\"ez-toc-section\" id=\"tinh_yeu_nong_nhiet_va_giam_dan\"><\/span><strong><span dir=\"auto\" style=\"vertical-align: inherit;\"><span dir=\"auto\" style=\"vertical-align: inherit;\">T\u00ecnh y\u00eau n\u1ed3ng nhi\u1ec7t v\u00e0 gi\u1ea3m d\u1ea7n<\/span><\/span><\/strong><span class=\"ez-toc-section-end\"><\/span><\/h4>\n<div><span dir=\"auto\" style=\"vertical-align: inherit;\"><span dir=\"auto\" style=\"vertical-align: inherit;\">M\u00e0u h\u1ed3ng \u0111\u1eadm \u0111\u1eb7c tr\u01b0ng c\u1ee7a hoa Pinkployd t\u01b0\u1ee3ng tr\u01b0ng cho t\u00ecnh y\u00eau s\u00e2u s\u1eafc, n\u1ed3ng n\u00e0n v\u00e0 l\u1eeda ch\u00e1y \u2013 th\u01b0\u1eddng \u0111\u01b0\u1ee3c ch\u1ecdn l\u00e0m qu\u00e0 t\u1eb7ng cho ng\u01b0\u1eddi y\u00eau trong d\u1ecbp k\u1ef7 ni\u1ec7m, l\u1ec5 t\u00ecnh nh\u00e2n ho\u1eb7c c\u1ea7u h\u00f4n.<\/span><\/span><\/div>\n<div><\/div>\n<h4><span class=\"ez-toc-section\" id=\"tu_dong_va_hien_dai\"><\/span><strong><span dir=\"auto\" style=\"vertical-align: inherit;\"><span dir=\"auto\" style=\"vertical-align: inherit;\">T\u1ef1 \u0111\u1ed9ng v\u00e0 hi\u1ec7n \u0111\u1ea1i<\/span><\/span><\/strong><span class=\"ez-toc-section-end\"><\/span><\/h4>\n<div><span dir=\"auto\" style=\"vertical-align: inherit;\"><span dir=\"auto\" style=\"vertical-align: inherit;\">Kh\u00e1c v\u1edbi c\u00e1c d\u00f2ng h\u1ed3ng truy\u1ec1n th\u1ed1ng, Pinkployd mang h\u01a1i th\u1edf hi\u1ec7n \u0111\u1ea1i, c\u00f3 th\u1ec3 hi\u1ec7n gu th\u1ea9m m\u1ef9 t\u00e1o b\u1ea1o v\u00e0 c\u00e1 t\u00ednh m\u1ea1nh m\u1ebd. Lo\u1ea1i hoa n\u00e0y r\u1ea5t \u0111\u01b0\u1ee3c l\u00f2ng gi\u1edbi tr\u1ebb th\u00e0nh th\u1ecb v\u00e0 c\u00e1c kh\u00e1ch h\u00e0ng cao c\u1ea5p.<\/span><\/span><\/div>\n<div><\/div>\n<h4><span class=\"ez-toc-section\" id=\"bieu_tuong_cua_cap_do_cao_cap\"><\/span><strong><span dir=\"auto\" style=\"vertical-align: inherit;\"><span dir=\"auto\" style=\"vertical-align: inherit;\">Bi\u1ec3u t\u01b0\u1ee3ng c\u1ee7a c\u1ea5p \u0111\u1ed9 cao c\u1ea5p<\/span><\/span><\/strong><span class=\"ez-toc-section-end\"><\/span><\/h4>\n<div><span dir=\"auto\" style=\"vertical-align: inherit;\"><span dir=\"auto\" style=\"vertical-align: inherit;\">Pinkployd th\u01b0\u1eddng xu\u1ea5t hi\u1ec7n trong c\u00e1c b\u00f3 hoa ngh\u1ec7 thu\u1eadt, b\u00e0n ti\u1ec7c c\u01b0\u1edbi sang tr\u1ecdng ho\u1eb7c s\u1ef1 ki\u1ec7n mang t\u00ednh bi\u1ec3u t\u01b0\u1ee3ng, c\u00f3 th\u1ec3 hi\u1ec7n c\u1ea5p \u0111\u1ed9 \u0111\u1eb3ng c\u1ea5p v\u00e0 tinh t\u1ebf c\u1ee7a ng\u01b0\u1eddi \u0111\u01b0\u1ee3c ch\u1ecdn hoa.<\/span><\/span><\/div>\n<div><\/div>\n<h3><span class=\"ez-toc-section\" id=\"dac_diem_noi_bat_cua_hoa_hong_pinkployd\"><\/span><strong><span dir=\"auto\" style=\"vertical-align: inherit;\"><span dir=\"auto\" style=\"vertical-align: inherit;\">\u0110\u1eb7c \u0111i\u1ec3m n\u1ed5i b\u1eadt c\u1ee7a Hoa H\u1ed3ng Pinkployd<\/span><\/span><\/strong><span class=\"ez-toc-section-end\"><\/span><\/h3>\n<h4><span class=\"ez-toc-section\" id=\"mau_sac_ruc_ro_va_thu_hut\"><\/span><strong><span dir=\"auto\" style=\"vertical-align: inherit;\"><span dir=\"auto\" style=\"vertical-align: inherit;\">M\u00e0u s\u1eafc r\u1ef1c r\u1ee1 v\u00e0 thu h\u00fat<\/span><\/span><\/strong><span class=\"ez-toc-section-end\"><\/span><\/h4>\n<div><span dir=\"auto\" style=\"vertical-align: inherit;\"><span dir=\"auto\" style=\"vertical-align: inherit;\">Kh\u00f4ng gi\u1ed1ng nh\u1eefng t\u00f4ng h\u1ed3ng nh\u1ea1t d\u1ecbu d\u00e0ng, hoa h\u1ed3ng Pinkployd s\u1edf h\u1eefu m\u00e0u h\u1ed3ng fuchsia \u0111\u1eadm, b\u1eaft m\u1eaft, r\u1ea5t n\u1ed5i b\u1eadt d\u00f9 ch\u1ec9 duy \u0111\u01a1n s\u1eafc.<\/span><\/span><\/div>\n<div><\/div>\n<h4><span class=\"ez-toc-section\" id=\"form_hoa_lon_va_day_canh\"><\/span><strong><span dir=\"auto\" style=\"vertical-align: inherit;\"><span dir=\"auto\" style=\"vertical-align: inherit;\">Form hoa l\u1edbn v\u00e0 d\u00e0y c\u00e1nh<\/span><\/span><\/strong><span class=\"ez-toc-section-end\"><\/span><\/h4>\n<div><span dir=\"auto\" style=\"vertical-align: inherit;\"><span dir=\"auto\" style=\"vertical-align: inherit;\">K\u00edch th\u01b0\u1edbc b\u00f4ng c\u00f3 th\u1ec3 \u0111\u1ea1t t\u1eeb 5\u20137cm, c\u00e1nh d\u00e0y x\u1ebfp \u0111\u1ec1u, n\u1edf tr\u00f2n \u0111\u1eb9p nh\u01b0 hoa gi\u1ea3. Ch\u00ednh \u0111i\u1ec1u n\u00e0y t\u1ea1o Pinkployd tr\u1edf th\u00e0nh th\u00e0nh \u201cn\u1eef ho\u00e0ng \u00e1nh \u0111\u00e8n\u201d trong m\u1ecdi kh\u00f4ng gian.<\/span><\/span><\/div>\n<div><\/div>\n<h4><span class=\"ez-toc-section\" id=\"do_ben_vuot_troi\"><\/span><strong><span dir=\"auto\" style=\"vertical-align: inherit;\"><span dir=\"auto\" style=\"vertical-align: inherit;\">\u0110\u1ed9 b\u1ec1n v\u01b0\u1ee3t tr\u1ed9i<\/span><\/span><\/strong><span class=\"ez-toc-section-end\"><\/span><\/h4>\n<div><span dir=\"auto\" style=\"vertical-align: inherit;\"><span dir=\"auto\" style=\"vertical-align: inherit;\">Khi b\u1ea3o qu\u1ea3n \u0111\u00fang c\u00e1ch, hoa c\u00f3 th\u1ec3 t\u01b0\u01a1i l\u00e2u t\u1eeb 5\u201310 ng\u00e0y, gi\u1eef h\u00ecnh th\u1ee9c \u0111\u1eb9p v\u00e0 kh\u00f4ng d\u1ec5 th\u01b0\u01a1ng nh\u01b0 m\u1ed9t s\u1ed1 lo\u1ea1i hoa h\u1ed3ng kh\u00e1c.<\/span><\/span><\/div>\n<div><\/div>\n<h3><span class=\"ez-toc-section\" id=\"ung_dung_cua_hoa_hong_pinkployd_trong_trang_tri_va_su_kien\"><\/span><strong><span dir=\"auto\" style=\"vertical-align: inherit;\"><span dir=\"auto\" style=\"vertical-align: inherit;\">\u1ee8ng d\u1ee5ng c\u1ee7a Hoa H\u1ed3ng Pinkployd Trong Trang Tr\u00ed V\u00e0 S\u1ef1 Ki\u1ec7n<\/span><\/span><\/strong><span class=\"ez-toc-section-end\"><\/span><\/h3>\n<h4><span class=\"ez-toc-section\" id=\"trang_tri_tiec_cuoi_va_su_kien_cao_cap\"><\/span><strong><span dir=\"auto\" style=\"vertical-align: inherit;\"><span dir=\"auto\" style=\"vertical-align: inherit;\">Trang tr\u00ed ti\u1ec7c c\u01b0\u1edbi v\u00e0 s\u1ef1 ki\u1ec7n cao c\u1ea5p<\/span><\/span><\/strong><span class=\"ez-toc-section-end\"><\/span><\/h4>\n<div><span dir=\"auto\" style=\"vertical-align: inherit;\"><span dir=\"auto\" style=\"vertical-align: inherit;\">Hoa Pinkployd th\u01b0\u1eddng \u0111\u01b0\u1ee3c s\u1eed d\u1ee5ng trong k\u1ebf ho\u1ea1ch t\u1ed5 ch\u1ee9c \u0111\u00e1m c\u01b0\u1edbi v\u00e0 thi\u1ebft k\u1ebf s\u1ef1 ki\u1ec7n, \u0111\u1eb7c bi\u1ec7t l\u00e0 c\u00e1c bu\u1ed5i l\u1ec5 sang tr\u1ecdng nh\u01b0: l\u1ec5 c\u01b0\u1edbi, khai t\u00e0i, ti\u1ec7c tri \u00e2n&#8230;<\/span><\/span><\/div>\n<div><\/div>\n<h4><span class=\"ez-toc-section\" id=\"bo_hoa_tang_sang_trong\"><\/span><strong><span dir=\"auto\" style=\"vertical-align: inherit;\"><span dir=\"auto\" style=\"vertical-align: inherit;\">B\u00f3 hoa t\u1eb7ng sang tr\u1ecdng<\/span><\/span><\/strong><span class=\"ez-toc-section-end\"><\/span><\/h4>\n<div><span dir=\"auto\" style=\"vertical-align: inherit;\"><span dir=\"auto\" style=\"vertical-align: inherit;\">V\u1edbi m\u00e0u s\u1eafc \u0111\u1ed9c gay, Pinkployd \u0111\u00e3 \u0111\u01b0\u1ee3c \u01b0a chu\u1ed9ng trong c\u00e1c b\u00f3 hoa t\u1eb7ng ph\u1ee5 n\u1eef th\u00e0nh \u0111\u1ea1t, sinh nh\u1eadt ng\u01b0\u1eddi y\u00eau, Qu\u1ea3n tr\u1ecb vi\u00ean n\u1eef, th\u1ec3 hi\u1ec7n s\u1ef1 t\u00f4n tr\u1ecdng v\u00e0 \u0111\u1eb3ng c\u1ea5p.<\/span><\/span><\/div>\n<div><\/div>\n<h4><span class=\"ez-toc-section\" id=\"cam_trang_tri_khong_gian\"><\/span><strong><span dir=\"auto\" style=\"vertical-align: inherit;\"><span dir=\"auto\" style=\"vertical-align: inherit;\">C\u1eafm trang tr\u00ed kh\u00f4ng gian<\/span><\/span><\/strong><span class=\"ez-toc-section-end\"><\/span><\/h4>\n<div><span dir=\"auto\" style=\"vertical-align: inherit;\"><span dir=\"auto\" style=\"vertical-align: inherit;\">Kh\u00f4ng ch\u1ec9 l\u00e0 qu\u00e0 t\u1eb7ng, Pinkployd c\u00f2n th\u00edch h\u1ee3p \u0111\u1ec3 tr\u01b0ng b\u00e0y trong ph\u00f2ng kh\u00e1ch, b\u00e0n \u0103n, showroom ho\u1eb7c spa, gi\u00fap kh\u00f4ng gian th\u00eam sang tr\u1ecdng, hi\u1ec7n \u0111\u1ea1i v\u00e0 n\u1ed5i b\u1eadt.<\/span><\/span><\/div>\n<div><\/div>\n<h3><span class=\"ez-toc-section\" id=\"mua_hoa_hong_pinkployd_o_dau_uy_tin\"><\/span><strong><span dir=\"auto\" style=\"vertical-align: inherit;\"><span dir=\"auto\" style=\"vertical-align: inherit;\">Mua Hoa H\u1ed3ng Pinkployd \u1ede \u0110\u00e2u Uy T\u00edn?<\/span><\/span><\/strong><span class=\"ez-toc-section-end\"><\/span><\/h3>\n<div><span dir=\"auto\" style=\"vertical-align: inherit;\"><span dir=\"auto\" style=\"vertical-align: inherit;\">T\u1ea1i GV Garden, ch\u00fang t\u00f4i cung c\u1ea5p hoa h\u1ed3ng Pinkployd ch\u1ea5t l\u01b0\u1ee3ng cao, nh\u1eadp gi\u1ed1ng ti\u00eau chu\u1ea9n t\u1eeb Ecuador, tr\u1ed3ng t\u1ea1i \u0110\u00e0 L\u1ea1t. V\u1edbi h\u1ec7 th\u1ed1ng v\u1eadn chuy\u1ec3n chuy\u00ean nghi\u1ec7p, hoa lu\u00f4n \u0111\u01b0\u1ee3c giao t\u01b0\u01a1i m\u1edbi t\u1eadn n\u01a1i, s\u1eb5n s\u00e0ng cho m\u1ecdi m\u1ee5c ti\u00eau s\u1eed d\u1ee5ng t\u1eeb trang tr\u00ed \u0111\u1ebfn s\u1ef1 ki\u1ec7n.<\/span><\/span><\/div>\n<div><\/div>\n<div><span dir=\"auto\" style=\"vertical-align: inherit;\"><span dir=\"auto\" style=\"vertical-align: inherit;\">\u01afu \u0111\u00e3i khi \u0111\u1eb7t hoa t\u1ea1i GV Garden:<\/span><\/span><\/div>\n<div><span dir=\"auto\" style=\"vertical-align: inherit;\"><span dir=\"auto\" style=\"vertical-align: inherit;\">Mi\u1ec5n ph\u00ed g\u00f3i hoa ngh\u1ec7 thu\u1eadt cho \u0111\u01a1n h\u00e0ng t\u1eeb 500.000\u0111<\/span><\/span><\/div>\n<div><\/div>\n<div><span dir=\"auto\" style=\"vertical-align: inherit;\"><span dir=\"auto\" style=\"vertical-align: inherit;\">Giao h\u00e0ng nhanh to\u00e0n qu\u1ed1c<\/span><\/span><\/div>\n<div><\/div>\n<div><span dir=\"auto\" style=\"vertical-align: inherit;\"><span dir=\"auto\" style=\"vertical-align: inherit;\">\u01afu \u0111\u00e3i gi\u00e1 s\u1ec9 cho \u0111\u1ea1i l\u00fd &amp; l\u00e1 hoa<\/span><\/span><\/div>\n<h3><span class=\"ez-toc-section\" id=\"ket_luan\"><\/span><strong><span dir=\"auto\" style=\"vertical-align: inherit;\"><span dir=\"auto\" style=\"vertical-align: inherit;\">K\u1ebft Lu\u1eadn<\/span><\/span><\/strong><span class=\"ez-toc-section-end\"><\/span><\/h3>\n<div><span dir=\"auto\" style=\"vertical-align: inherit;\"><span dir=\"auto\" style=\"vertical-align: inherit;\">Hoa h\u1ed3ng Pinkployd kh\u00f4ng ch\u1ec9 l\u00e0 lo\u00e0i hoa \u0111\u1eb9p v\u1ec1 h\u00ecnh th\u1ee9c, m\u00e0 c\u00f2n mang th\u00f4ng \u0111i\u1ec7p m\u1ea1nh m\u1ebd c\u1ee7a t\u00ecnh y\u00eau, s\u1ef1 t\u1ef1 tin v\u00e0 \u0111\u1eb3ng c\u1ea5p. N\u1ebfu b\u1ea1n \u0111ang t\u00ecm ki\u1ebfm m\u1ed9t d\u00f2ng hoa sang \u2013 \u0111\u1eb9p \u2013 b\u1ec1n th\u00ec Pinkployd ch\u00ednh l\u00e0 l\u1ef1a ch\u1ecdn ho\u00e0n h\u1ea3o.<\/span><\/span><\/div>\n<\/div>\n<\/div>\n","protected":false},"excerpt":{"rendered":"<p>Hoa H\u1ed3ng Pinkployd \u2013 Bi\u1ec3u T\u01b0\u1ee3ng C\u1ee7a \u0110\u1eb9p Hi\u1ec7n \u0110\u1ea1i V\u00e0 Sang Tr\u1ecdng Gi\u1edbi thi\u1ec7u v\u1ec1 Hoa H\u1ed3ng Pinkployd Hoa h\u1ed3ng Pinkployd l\u00e0 m\u1ed9t trong nh\u1eefng gi\u1ed1ng h\u1ed3ng n\u1ed5i b\u1eadt \u0111\u1ebfn t\u1eeb Ecuador, nay \u0111\u00e3 \u0111\u01b0\u1ee3c nh\u00e2n gi\u1ed1ng v\u00e0 tr\u1ed3ng th\u00e0nh c\u00f4ng t\u1ea1i \u0110\u00e0 L\u1ea1t v\u1edbi ch\u1ea5t l\u01b0\u1ee3ng kh\u00f4ng thua b\u1ea3n g\u1ed1c. Lo\u1ea1i hoa n\u00e0y [&#8230;]\n","protected":false},"featured_media":5608,"comment_status":"open","ping_status":"closed","template":"","meta":[],"product_brand":[],"product_cat":[298,273],"product_tag":[311,319,313,320,318],"class_list":{"0":"post-4375","1":"product","2":"type-product","3":"status-publish","4":"has-post-thumbnail","6":"product_cat-hoa-hong-da-lat-hoa-noi-dia-viet-nam-2","7":"product_cat-hoa-noi-dia-viet-nam","8":"product_tag-hoa-hong-da-lat","9":"product_tag-hoa-hong-mau-canh-sen","10":"product_tag-hoa-hong-nhap-khau","11":"product_tag-hoa-hong-su-kien","12":"product_tag-hoa-pinkloyd","14":"first","15":"instock","16":"shipping-taxable","17":"product-type-simple"},"_links":{"self":[{"href":"https:\/\/gvgarden.asia\/index.php?rest_route=\/wp\/v2\/product\/4375","targetHints":{"allow":["GET"]}}],"collection":[{"href":"https:\/\/gvgarden.asia\/index.php?rest_route=\/wp\/v2\/product"}],"about":[{"href":"https:\/\/gvgarden.asia\/index.php?rest_route=\/wp\/v2\/types\/product"}],"replies":[{"embeddable":true,"href":"https:\/\/gvgarden.asia\/index.php?rest_route=%2Fwp%2Fv2%2Fcomments&post=4375"}],"version-history":[{"count":5,"href":"https:\/\/gvgarden.asia\/index.php?rest_route=\/wp\/v2\/product\/4375\/revisions"}],"predecessor-version":[{"id":5609,"href":"https:\/\/gvgarden.asia\/index.php?rest_route=\/wp\/v2\/product\/4375\/revisions\/5609"}],"wp:featuredmedia":[{"embeddable":true,"href":"https:\/\/gvgarden.asia\/index.php?rest_route=\/wp\/v2\/media\/5608"}],"wp:attachment":[{"href":"https:\/\/gvgarden.asia\/index.php?rest_route=%2Fwp%2Fv2%2Fmedia&parent=4375"}],"wp:term":[{"taxonomy":"product_brand","embeddable":true,"href":"https:\/\/gvgarden.asia\/index.php?rest_route=%2Fwp%2Fv2%2Fproduct_brand&post=4375"},{"taxonomy":"product_cat","embeddable":true,"href":"https:\/\/gvgarden.asia\/index.php?rest_route=%2Fwp%2Fv2%2Fproduct_cat&post=4375"},{"taxonomy":"product_tag","embeddable":true,"href":"https:\/\/gvgarden.asia\/index.php?rest_route=%2Fwp%2Fv2%2Fproduct_tag&post=4375"}],"curies":[{"name":"wp","href":"https:\/\/api.w.org\/{rel}","templated":true}]}}