{"id":4374,"date":"2025-07-19T12:43:44","date_gmt":"2025-07-19T05:43:44","guid":{"rendered":"https:\/\/gvgarden.asia\/?post_type=product&#038;p=4374"},"modified":"2025-09-05T15:27:01","modified_gmt":"2025-09-05T08:27:01","slug":"hoa-hong-tim-hue-da-lat","status":"publish","type":"product","link":"https:\/\/gvgarden.asia\/?product=hoa-hong-tim-hue-da-lat","title":{"rendered":"Hoa H\u1ed3ng T\u00edm Hu\u1ebf"},"content":{"rendered":"<div id=\"ez-toc-container\" class=\"ez-toc-v2_0_76 counter-hierarchy ez-toc-counter ez-toc-grey ez-toc-container-direction\">\n<div class=\"ez-toc-title-container\">\n<p class=\"ez-toc-title\" style=\"cursor:inherit\">N\u1ed9i Dung B\u00e0i Vi\u1ebft<\/p>\n<span class=\"ez-toc-title-toggle\"><a href=\"#\" class=\"ez-toc-pull-right ez-toc-btn ez-toc-btn-xs ez-toc-btn-default ez-toc-toggle\" aria-label=\"Toggle Table of Content\"><span class=\"ez-toc-js-icon-con\"><span class=\"\"><span class=\"eztoc-hide\" style=\"display:none;\">Toggle<\/span><span class=\"ez-toc-icon-toggle-span\"><svg style=\"fill: #999;color:#999\" xmlns=\"http:\/\/www.w3.org\/2000\/svg\" class=\"list-377408\" width=\"20px\" height=\"20px\" viewBox=\"0 0 24 24\" fill=\"none\"><path d=\"M6 6H4v2h2V6zm14 0H8v2h12V6zM4 11h2v2H4v-2zm16 0H8v2h12v-2zM4 16h2v2H4v-2zm16 0H8v2h12v-2z\" fill=\"currentColor\"><\/path><\/svg><svg style=\"fill: #999;color:#999\" class=\"arrow-unsorted-368013\" xmlns=\"http:\/\/www.w3.org\/2000\/svg\" width=\"10px\" height=\"10px\" viewBox=\"0 0 24 24\" version=\"1.2\" baseProfile=\"tiny\"><path d=\"M18.2 9.3l-6.2-6.3-6.2 6.3c-.2.2-.3.4-.3.7s.1.5.3.7c.2.2.4.3.7.3h11c.3 0 .5-.1.7-.3.2-.2.3-.5.3-.7s-.1-.5-.3-.7zM5.8 14.7l6.2 6.3 6.2-6.3c.2-.2.3-.5.3-.7s-.1-.5-.3-.7c-.2-.2-.4-.3-.7-.3h-11c-.3 0-.5.1-.7.3-.2.2-.3.5-.3.7s.1.5.3.7z\"\/><\/svg><\/span><\/span><\/span><\/a><\/span><\/div>\n<nav><ul class='ez-toc-list ez-toc-list-level-1 eztoc-toggle-hide-by-default' ><li class='ez-toc-page-1 ez-toc-heading-level-2'><a class=\"ez-toc-link ez-toc-heading-1\" href=\"https:\/\/gvgarden.asia\/?product=hoa-hong-tim-hue-da-lat\/#hoa_hong_tim_hue_da_lat_%e2%80%93_su_diu_dang_thuy_chung_tu_nhung_doa_hoa_tram_mac\" >Hoa H\u1ed3ng T\u00edm Hu\u1ebf \u0110\u00e0 L\u1ea1t \u2013 S\u1ef1 D\u1ecbu \u0110\u1eb7ng Th\u1ee7y Chung T\u1eeb Nh\u1eefng \u0110\u00f3a Hoa Tr\u1ea7m M\u1eb7c<\/a><ul class='ez-toc-list-level-3' ><li class='ez-toc-heading-level-3'><a class=\"ez-toc-link ez-toc-heading-2\" href=\"https:\/\/gvgarden.asia\/?product=hoa-hong-tim-hue-da-lat\/#gioi_thieu_ve_hoa_hong_tim_hue_da_lat\" >Gi\u1edbi thi\u1ec7u v\u1ec1 hoa h\u1ed3ng t\u00edm Hu\u1ebf \u0110\u00e0 L\u1ea1t<\/a><\/li><li class='ez-toc-page-1 ez-toc-heading-level-3'><a class=\"ez-toc-link ez-toc-heading-3\" href=\"https:\/\/gvgarden.asia\/?product=hoa-hong-tim-hue-da-lat\/#y_nghia_cua_hoa_hong_tim_hue\" >\u00dd ngh\u0129a c\u1ee7a hoa h\u1ed3ng t\u00edm Hu\u1ebf<\/a><ul class='ez-toc-list-level-4' ><li class='ez-toc-heading-level-4'><a class=\"ez-toc-link ez-toc-heading-4\" href=\"https:\/\/gvgarden.asia\/?product=hoa-hong-tim-hue-da-lat\/#tinh_yeu_thuy_chung_va_su_quy_trong_sau_sac\" >T\u00ecnh y\u00eau th\u1ee7y chung v\u00e0 s\u1ef1 qu\u00fd tr\u1ecdng s\u00e2u s\u1eafc<\/a><\/li><li class='ez-toc-page-1 ez-toc-heading-level-4'><a class=\"ez-toc-link ez-toc-heading-5\" href=\"https:\/\/gvgarden.asia\/?product=hoa-hong-tim-hue-da-lat\/#net_duyen_tham_va_hoai_co_cua_nguoi_con_gai_viet\" >N\u00e9t duy\u00ean th\u1ea7m v\u00e0 ho\u00e0i c\u1ed5 c\u1ee7a ng\u01b0\u1eddi con g\u00e1i Vi\u1ec7t<\/a><\/li><\/ul><\/li><li class='ez-toc-page-1 ez-toc-heading-level-3'><a class=\"ez-toc-link ez-toc-heading-6\" href=\"https:\/\/gvgarden.asia\/?product=hoa-hong-tim-hue-da-lat\/#dac_diem_noi_bat_cua_hoa_hong_tim_hue_da_lat\" >\u0110\u1eb7c \u0111i\u1ec3m n\u1ed5i b\u1eadt c\u1ee7a hoa h\u1ed3ng t\u00edm Hu\u1ebf \u0110\u00e0 L\u1ea1t<\/a><ul class='ez-toc-list-level-4' ><li class='ez-toc-heading-level-4'><a class=\"ez-toc-link ez-toc-heading-7\" href=\"https:\/\/gvgarden.asia\/?product=hoa-hong-tim-hue-da-lat\/#mau_sac_tim_nhat_den_tim_anh_hong_doc_dao\" >M\u00e0u s\u1eafc t\u00edm nh\u1ea1t \u0111\u1ebfn t\u00edm \u00e1nh h\u1ed3ng \u0111\u1ed9c \u0111\u00e1o<\/a><\/li><li class='ez-toc-page-1 ez-toc-heading-level-4'><a class=\"ez-toc-link ez-toc-heading-8\" href=\"https:\/\/gvgarden.asia\/?product=hoa-hong-tim-hue-da-lat\/#mau_hoa_co_dien_%e2%80%93_canh_mem_nhe_nhang\" >M\u1eabu hoa c\u1ed5 \u0111i\u1ec3n \u2013 c\u00e1nh m\u1ec1m, nh\u1eb9 nh\u00e0ng<\/a><\/li><li class='ez-toc-page-1 ez-toc-heading-level-4'><a class=\"ez-toc-link ez-toc-heading-9\" href=\"https:\/\/gvgarden.asia\/?product=hoa-hong-tim-hue-da-lat\/#do_ben_kha_tot_4_%e2%80%93_6_ngay\" >\u0110\u1ed9 b\u1ec1n kh\u00e1 t\u1ed1t (4 \u2013 6 ng\u00e0y)<\/a><\/li><li class='ez-toc-page-1 ez-toc-heading-level-4'><a class=\"ez-toc-link ez-toc-heading-10\" href=\"https:\/\/gvgarden.asia\/?product=hoa-hong-tim-hue-da-lat\/#mui_huong_nhe_nhang_de_chiu\" >M\u00f9i h\u01b0\u01a1ng nh\u1eb9 nh\u00e0ng, d\u1ec5 ch\u1ecbu<\/a><\/li><\/ul><\/li><li class='ez-toc-page-1 ez-toc-heading-level-3'><a class=\"ez-toc-link ez-toc-heading-11\" href=\"https:\/\/gvgarden.asia\/?product=hoa-hong-tim-hue-da-lat\/#ung_dung_cua_hoa_hong_tim_hue_trong_doi_song\" >\u1ee8ng d\u1ee5ng c\u1ee7a hoa h\u1ed3ng t\u00edm Hu\u1ebf trong \u0111\u1eddi s\u1ed1ng<\/a><ul class='ez-toc-list-level-4' ><li class='ez-toc-heading-level-4'><a class=\"ez-toc-link ez-toc-heading-12\" href=\"https:\/\/gvgarden.asia\/?product=hoa-hong-tim-hue-da-lat\/#qua_tang_ky_niem_cau_hon_le_cuoi\" >Qu\u00e0 t\u1eb7ng k\u1ef7 ni\u1ec7m, c\u1ea7u h\u00f4n, l\u1ec5 c\u01b0\u1edbi<\/a><\/li><li class='ez-toc-page-1 ez-toc-heading-level-4'><a class=\"ez-toc-link ez-toc-heading-13\" href=\"https:\/\/gvgarden.asia\/?product=hoa-hong-tim-hue-da-lat\/#plug_in_trang_tri_khong_gian_song\" >Plug in trang tr\u00ed kh\u00f4ng gian s\u1ed1ng<\/a><\/li><li class='ez-toc-page-1 ez-toc-heading-level-4'><a class=\"ez-toc-link ez-toc-heading-14\" href=\"https:\/\/gvgarden.asia\/?product=hoa-hong-tim-hue-da-lat\/#phoi_hop_su_kien_%e2%80%93_tiec_tra_%e2%80%93_concept_hoai_co\" >Ph\u1ed1i h\u1ee3p s\u1ef1 ki\u1ec7n \u2013 ti\u1ec7c tr\u00e0 \u2013 concept ho\u00e0i c\u1ed5<\/a><\/li><\/ul><\/li><li class='ez-toc-page-1 ez-toc-heading-level-3'><a class=\"ez-toc-link ez-toc-heading-15\" href=\"https:\/\/gvgarden.asia\/?product=hoa-hong-tim-hue-da-lat\/#mua_hoa_hong_tim_hue_da_lat_chat_luong_tai_gv_garden\" >Mua hoa h\u1ed3ng t\u00edm Hu\u1ebf \u0110\u00e0 L\u1ea1t ch\u1ea5t l\u01b0\u1ee3ng t\u1ea1i GV Garden<\/a><\/li><\/ul><\/li><\/ul><\/nav><\/div>\n<h2><span class=\"ez-toc-section\" id=\"hoa_hong_tim_hue_da_lat_%e2%80%93_su_diu_dang_thuy_chung_tu_nhung_doa_hoa_tram_mac\"><\/span><strong><span dir=\"auto\" style=\"vertical-align: inherit;\"><span dir=\"auto\" style=\"vertical-align: inherit;\">Hoa H\u1ed3ng T\u00edm Hu\u1ebf \u0110\u00e0 L\u1ea1t \u2013 S\u1ef1 D\u1ecbu \u0110\u1eb7ng Th\u1ee7y Chung T\u1eeb Nh\u1eefng \u0110\u00f3a Hoa Tr\u1ea7m M\u1eb7c<\/span><\/span><\/strong><span class=\"ez-toc-section-end\"><\/span><\/h2>\n<h3><span class=\"ez-toc-section\" id=\"gioi_thieu_ve_hoa_hong_tim_hue_da_lat\"><\/span><strong><span dir=\"auto\" style=\"vertical-align: inherit;\"><span dir=\"auto\" style=\"vertical-align: inherit;\">Gi\u1edbi thi\u1ec7u v\u1ec1 hoa h\u1ed3ng t\u00edm Hu\u1ebf \u0110\u00e0 L\u1ea1t<\/span><\/span><\/strong><span class=\"ez-toc-section-end\"><\/span><\/h3>\n<div><span dir=\"auto\" style=\"vertical-align: inherit;\"><span dir=\"auto\" style=\"vertical-align: inherit;\">Trong th\u1ebf gi\u1edbi \u0111a s\u1eafc c\u1ee7a c\u00e1c lo\u00e0i hoa h\u1ed3ng, hoa h\u1ed3ng t\u00edm Hu\u1ebf l\u00e0 m\u1ed9t lo\u00e0i hoa \u0111\u1eb7c bi\u1ec7t \u2013 mang v\u1ebb \u0111\u1eb9p y\u00ean t\u0129nh, s\u00e2u l\u1eafng v\u00e0 b\u00ed \u1ea9n, m\u1eb9o \u0111\u1ebfn n\u00e9t duy\u00ean d\u00e1ng c\u1ee7a ng\u01b0\u1eddi con g\u00e1i x\u1ee9 Hu\u1ebf.<\/span><\/span><\/div>\n<div><\/div>\n<div><span dir=\"auto\" style=\"vertical-align: inherit;\"><span dir=\"auto\" style=\"vertical-align: inherit;\">\u0110\u01b0\u1ee3c tr\u1ed3ng t\u1ea1i v\u00f9ng kh\u00ed h\u1eadu m\u00e1t m\u1ebb xung quanh n\u0103m \u0110\u00e0 L\u1ea1t, hoa h\u1ed3ng t\u00edm Hu\u1ebf ph\u00e1t tri\u1ec3n v\u1edbi c\u00e1c d\u1ea1ng hoa c\u1ed5 \u0111i\u1ec3n, c\u00e1nh m\u1ec1m, m\u00e0u t\u00edm nh\u1ea1t ho\u1eb7c t\u00edm pha \u00e1nh h\u1ed3ng. \u0110\u00e2y l\u00e0 m\u1ed9t gi\u1ed1ng hoa h\u1ed3ng \u0111\u1eb9p mang phong v\u1ecb \u00c1 \u0110\u00f4ng, ph\u00f9 h\u1ee3p cho c\u1ea3 nhu c\u1ea7u c\u1eafm b\u00ecnh, l\u00e0m hoa b\u00f3 v\u00e0 trang tr\u00ed s\u1ef1 ki\u1ec7n.<\/span><\/span><\/div>\n<div><\/div>\n<div><span dir=\"auto\" style=\"vertical-align: inherit;\"><span dir=\"auto\" style=\"vertical-align: inherit;\">T\u1ea1i GV Garden, ch\u00fang t\u00f4i tuy\u1ec3n ch\u1ecdn nh\u1eefng b\u00f4ng hoa h\u1ed3ng t\u00edm Hu\u1ebf ch\u1ea5t l\u01b0\u1ee3ng cao, t\u01b0\u01a1i m\u1edbi m\u1ed7i ng\u00e0y, s\u1eb5n s\u00e0ng ph\u1ee5c v\u1ee5 kh\u00e1ch l\u1ebb, shop hoa, v\u00e0 \u0111\u1ea1i l\u00fd to\u00e0n qu\u1ed1c.<\/span><\/span><\/div>\n<h3><span class=\"ez-toc-section\" id=\"y_nghia_cua_hoa_hong_tim_hue\"><\/span><strong><span dir=\"auto\" style=\"vertical-align: inherit;\"><span dir=\"auto\" style=\"vertical-align: inherit;\">\u00dd ngh\u0129a c\u1ee7a hoa h\u1ed3ng t\u00edm Hu\u1ebf<\/span><\/span><\/strong><span class=\"ez-toc-section-end\"><\/span><\/h3>\n<h4><span class=\"ez-toc-section\" id=\"tinh_yeu_thuy_chung_va_su_quy_trong_sau_sac\"><\/span><strong><span dir=\"auto\" style=\"vertical-align: inherit;\"><span dir=\"auto\" style=\"vertical-align: inherit;\">T\u00ecnh y\u00eau th\u1ee7y chung v\u00e0 s\u1ef1 qu\u00fd tr\u1ecdng s\u00e2u s\u1eafc<\/span><\/span><\/strong><span class=\"ez-toc-section-end\"><\/span><\/h4>\n<div><span dir=\"auto\" style=\"vertical-align: inherit;\"><span dir=\"auto\" style=\"vertical-align: inherit;\">Trong ng\u00f4n ng\u1eef hoa ph\u01b0\u01a1ng T\u00e2y, hoa h\u1ed3ng t\u00edm bi\u1ec3u t\u01b0\u1ee3ng cho:<\/span><\/span><\/div>\n<div><span dir=\"auto\" style=\"vertical-align: inherit;\"><span dir=\"auto\" style=\"vertical-align: inherit;\">T\u00ecnh y\u00eau th\u1ee7y chung, kh\u00f4ng thay \u0111\u1ed5i theo th\u1eddi gian<\/span><\/span><\/div>\n<div><span dir=\"auto\" style=\"vertical-align: inherit;\"><span dir=\"auto\" style=\"vertical-align: inherit;\">S\u1ef1 say m\u00ea v\u00e0 \u0111\u1eafm say ngay t\u1eeb c\u00e1i nh\u00ecn \u0111\u1ea7u ti\u00ean<\/span><\/span><\/div>\n<div><span dir=\"auto\" style=\"vertical-align: inherit;\"><span dir=\"auto\" style=\"vertical-align: inherit;\">T\u00ecnh c\u1ea3m s\u00e2u \u0111\u1eadm, b\u1ec1n ch\u1eb7t v\u00e0 b\u1ec1n v\u1eefng<\/span><\/span><\/div>\n<div><\/div>\n<div><span dir=\"auto\" style=\"vertical-align: inherit;\"><span dir=\"auto\" style=\"vertical-align: inherit;\">V\u1edbi s\u1eafc t\u00edm \u0111\u1eb7c tr\u01b0ng mang ch\u00fat tr\u1ea7m m\u1eb7c v\u00e0 s\u00e2u l\u1eafng, hoa h\u1ed3ng t\u00edm Hu\u1ebf l\u00e0 l\u1ef1a ch\u1ecdn tuy\u1ec7t v\u1eddi \u0111\u1ec3 th\u1ec3 hi\u1ec7n t\u00ecnh c\u1ea3m tr\u00e2n tr\u1ecdng, g\u1eafn b\u00f3 d\u00e0i d\u00e0i trong nh\u1eefng d\u1ecbp \u0111\u1eb7c bi\u1ec7t nh\u01b0 k\u1ef7 ni\u1ec7m ng\u00e0y c\u01b0\u1edbi, l\u1ec5 t\u00ecnh nh\u00e2n hay ng\u00e0y h\u00f4n.<\/span><\/span><\/div>\n<div><\/div>\n<h4><span class=\"ez-toc-section\" id=\"net_duyen_tham_va_hoai_co_cua_nguoi_con_gai_viet\"><\/span><strong><span dir=\"auto\" style=\"vertical-align: inherit;\"><span dir=\"auto\" style=\"vertical-align: inherit;\">N\u00e9t duy\u00ean th\u1ea7m v\u00e0 ho\u00e0i c\u1ed5 c\u1ee7a ng\u01b0\u1eddi con g\u00e1i Vi\u1ec7t<\/span><\/span><\/strong><span class=\"ez-toc-section-end\"><\/span><\/h4>\n<div><span dir=\"auto\" style=\"vertical-align: inherit;\"><span dir=\"auto\" style=\"vertical-align: inherit;\">M\u00e0u t\u00edm l\u00e0 m\u0169i nh\u1ecdn \u0111\u1ebfn \u00e1o d\u00e0i t\u00edm nh\u1eb9 nh\u00e0ng c\u1ee7a ng\u01b0\u1eddi con g\u00e1i Hu\u1ebf, l\u00e0 s\u1ef1 k\u00edn \u0111\u00e1o nh\u01b0ng \u0111\u1ea7y cu\u1ed1n h\u00fat, hoa h\u1ed3ng t\u00edm Hu\u1ebf tr\u1edf th\u00e0nh bi\u1ec3u t\u01b0\u1ee3ng c\u1ee7a v\u1ebb \u0111\u1eb9p d\u1ecbu d\u00e0ng, tinh t\u1ebf v\u00e0 \u0111\u1ea7y n\u1ed9i t\u00e2m.<\/span><\/span><\/div>\n<h3><span class=\"ez-toc-section\" id=\"dac_diem_noi_bat_cua_hoa_hong_tim_hue_da_lat\"><\/span><strong><span dir=\"auto\" style=\"vertical-align: inherit;\"><span dir=\"auto\" style=\"vertical-align: inherit;\">\u0110\u1eb7c \u0111i\u1ec3m n\u1ed5i b\u1eadt c\u1ee7a hoa h\u1ed3ng t\u00edm Hu\u1ebf \u0110\u00e0 L\u1ea1t<\/span><\/span><\/strong><span class=\"ez-toc-section-end\"><\/span><\/h3>\n<h4><span class=\"ez-toc-section\" id=\"mau_sac_tim_nhat_den_tim_anh_hong_doc_dao\"><\/span><strong><span dir=\"auto\" style=\"vertical-align: inherit;\"><span dir=\"auto\" style=\"vertical-align: inherit;\">M\u00e0u s\u1eafc t\u00edm nh\u1ea1t \u0111\u1ebfn t\u00edm \u00e1nh h\u1ed3ng \u0111\u1ed9c \u0111\u00e1o<\/span><\/span><\/strong><span class=\"ez-toc-section-end\"><\/span><\/h4>\n<div><span dir=\"auto\" style=\"vertical-align: inherit;\"><span dir=\"auto\" style=\"vertical-align: inherit;\">Hoa c\u00f3 m\u00e0u t\u00edm Hu\u1ebf nh\u1eb9 nh\u00e0ng, kh\u00f4ng qu\u00e1 \u0111\u1eadm, \u0111\u00f4i khi pha ch\u00fat \u00e1nh h\u1ed3ng h\u1ed3ng \u2013 t\u1ea1o n\u00ean v\u1ebb m\u1ec1m m\u1ea1i, nh\u1eb9 nh\u00e0ng v\u00e0 r\u1ea5t d\u1ec5 ph\u1ed1i h\u1ee3p v\u1edbi c\u00e1c lo\u1ea1i hoa kh\u00e1c. \u0110\u00e2y l\u00e0 s\u1eafc t\u00edm m\u0169i c\u1ea3m gi\u00e1c m\u01a1 m\u1ed9ng, l\u00fd t\u01b0\u1edfng \u0111\u1ec3 th\u1ec3 hi\u1ec7n s\u1ef1 l\u00e3ng m\u1ea1n k\u00edn \u0111\u00e1o.<\/span><\/span><\/div>\n<h4><span class=\"ez-toc-section\" id=\"mau_hoa_co_dien_%e2%80%93_canh_mem_nhe_nhang\"><\/span><strong><span dir=\"auto\" style=\"vertical-align: inherit;\"><span dir=\"auto\" style=\"vertical-align: inherit;\">M\u1eabu hoa c\u1ed5 \u0111i\u1ec3n \u2013 c\u00e1nh m\u1ec1m, nh\u1eb9 nh\u00e0ng<\/span><\/span><\/strong><span class=\"ez-toc-section-end\"><\/span><\/h4>\n<div><span dir=\"auto\" style=\"vertical-align: inherit;\"><span dir=\"auto\" style=\"vertical-align: inherit;\">Hoa h\u1ed3ng t\u00edm Hu\u1ebf c\u00f3 d\u1ea1ng hoa tr\u00f2n c\u1ed5 \u0111i\u1ec3n, kh\u00f4ng qu\u00e1 l\u1edbn nh\u01b0ng g\u1ecdn g\u00e0ng v\u00e0 thanh l\u1ecbch. C\u00e1nh hoa m\u1ecfng, m\u1ec1m m\u1ea1i, th\u01b0\u1eddng \u0111\u01b0\u1ee3c s\u1eafp x\u1ebfp nh\u1eb9 nh\u00e0ng, t\u1ea1o n\u00ean c\u1ea3m gi\u00e1c gi\u00e1c bay b\u1ed5ng nh\u01b0 t\u00e0 \u00e1o d\u00e0i trong gi\u00f3.<\/span><\/span><\/div>\n<div><\/div>\n<h4><span class=\"ez-toc-section\" id=\"do_ben_kha_tot_4_%e2%80%93_6_ngay\"><\/span><strong><span dir=\"auto\" style=\"vertical-align: inherit;\"><span dir=\"auto\" style=\"vertical-align: inherit;\">\u0110\u1ed9 b\u1ec1n kh\u00e1 t\u1ed1t (4 \u2013 6 ng\u00e0y)<\/span><\/span><\/strong><span class=\"ez-toc-section-end\"><\/span><\/h4>\n<div><span dir=\"auto\" style=\"vertical-align: inherit;\"><span dir=\"auto\" style=\"vertical-align: inherit;\">D\u00f9 c\u00f3 c\u00e1nh hoa m\u1ec1m h\u01a1n so v\u1edbi c\u00e1c gi\u1ed1ng h\u1ed3ng \u0110\u00e0 L\u1ea1t c\u00e1nh d\u00e0y, hoa h\u1ed3ng t\u00edm Hu\u1ebf v\u1eabn c\u00f3 tu\u1ed5i th\u1ecd trung b\u00ecnh \u0111\u00fang t\u1eeb 4\u20136 ng\u00e0y khi \u0111\u01b0\u1ee3c c\u1eafm n\u01b0\u1edbc v\u00e0 b\u1ea3o qu\u1ea3n c\u00e1ch.<\/span><\/span><\/div>\n<div><\/div>\n<h4><span class=\"ez-toc-section\" id=\"mui_huong_nhe_nhang_de_chiu\"><\/span><strong><span dir=\"auto\" style=\"vertical-align: inherit;\"><span dir=\"auto\" style=\"vertical-align: inherit;\">M\u00f9i h\u01b0\u01a1ng nh\u1eb9 nh\u00e0ng, d\u1ec5 ch\u1ecbu<\/span><\/span><\/strong><span class=\"ez-toc-section-end\"><\/span><\/h4>\n<div><span dir=\"auto\" style=\"vertical-align: inherit;\"><span dir=\"auto\" style=\"vertical-align: inherit;\">H\u01b0\u01a1ng th\u01a1m c\u1ee7a hoa t\u00edm Hu\u1ebf kh\u00f4ng n\u1ed3ng \u0111\u1eadm nh\u01b0 hoa h\u1ed3ng c\u1ed5, nh\u01b0ng c\u00f3 \u0111\u1ed9 d\u1ecbu nh\u1eb9, t\u1ea1o c\u1ea3m gi\u00e1c th\u01b0 gi\u00e3n v\u00e0 d\u1ec5 ch\u1ecbu khi c\u1eafm trong nh\u00e0, ph\u00f2ng ng\u1ee7 ho\u1eb7c kh\u00f4ng gian l\u00e0m vi\u1ec7c.<\/span><\/span><\/div>\n<div><\/div>\n<h3><span class=\"ez-toc-section\" id=\"ung_dung_cua_hoa_hong_tim_hue_trong_doi_song\"><\/span><strong><span dir=\"auto\" style=\"vertical-align: inherit;\"><span dir=\"auto\" style=\"vertical-align: inherit;\">\u1ee8ng d\u1ee5ng c\u1ee7a hoa h\u1ed3ng t\u00edm Hu\u1ebf trong \u0111\u1eddi s\u1ed1ng<\/span><\/span><\/strong><span class=\"ez-toc-section-end\"><\/span><\/h3>\n<h4><span class=\"ez-toc-section\" id=\"qua_tang_ky_niem_cau_hon_le_cuoi\"><\/span><strong><span dir=\"auto\" style=\"vertical-align: inherit;\"><span dir=\"auto\" style=\"vertical-align: inherit;\">Qu\u00e0 t\u1eb7ng k\u1ef7 ni\u1ec7m, c\u1ea7u h\u00f4n, l\u1ec5 c\u01b0\u1edbi<\/span><\/span><\/strong><span class=\"ez-toc-section-end\"><\/span><\/h4>\n<div><span dir=\"auto\" style=\"vertical-align: inherit;\"><span dir=\"auto\" style=\"vertical-align: inherit;\">V\u1edbi \u00fd ngh\u0129a th\u1ee7y chung v\u00e0 t\u00ecnh y\u00eau s\u00e2u s\u1eafc, hoa h\u1ed3ng t\u00edm Hu\u1ebf r\u1ea5t ph\u00f9 h\u1ee3p \u0111\u1ec3:<\/span><\/span><\/div>\n<div><span dir=\"auto\" style=\"vertical-align: inherit;\"><span dir=\"auto\" style=\"vertical-align: inherit;\">L\u00e0m b\u00f3 hoa t\u1eb7ng ng\u01b0\u1eddi y\u00eau, v\u1ee3 ho\u1eb7c b\u1ea1n \u0111\u1eddi<\/span><\/span><\/div>\n<div><span dir=\"auto\" style=\"vertical-align: inherit;\"><span dir=\"auto\" style=\"vertical-align: inherit;\">Trang tr\u00ed ti\u1ec7c c\u01b0\u1edbi theo phong c\u00e1ch c\u1ed5 \u0111i\u1ec3n, ho\u00e0i ni\u1ec7m<\/span><\/span><\/div>\n<div><span dir=\"auto\" style=\"vertical-align: inherit;\"><span dir=\"auto\" style=\"vertical-align: inherit;\">T\u1eb7ng l\u1ec5 k\u1ef7 ni\u1ec7m ng\u00e0y c\u01b0\u1edbi, l\u1ec5 t\u00ecnh nh\u00e2n<\/span><\/span><\/div>\n<div><span dir=\"auto\" style=\"vertical-align: inherit;\"><span dir=\"auto\" style=\"vertical-align: inherit;\">L\u00e0m hoa c\u1ea7u h\u00f4n t\u1ebf, kh\u00e1c bi\u1ec7t<\/span><\/span><\/div>\n<div><\/div>\n<h4><span class=\"ez-toc-section\" id=\"plug_in_trang_tri_khong_gian_song\"><\/span><strong><span dir=\"auto\" style=\"vertical-align: inherit;\"><span dir=\"auto\" style=\"vertical-align: inherit;\">Plug in trang tr\u00ed kh\u00f4ng gian s\u1ed1ng<\/span><\/span><\/strong><span class=\"ez-toc-section-end\"><\/span><\/h4>\n<div><span dir=\"auto\" style=\"vertical-align: inherit;\"><span dir=\"auto\" style=\"vertical-align: inherit;\">Ch\u1ec9 c\u1ea7n 7\u201310 hoa h\u1ed3ng t\u00edm Hu\u1ebf, b\u1ea1n \u0111\u00e3 c\u00f3 th\u1ec3 t\u1ea1o n\u00ean m\u1ed9t b\u00ecnh hoa mang v\u1ebb \u0111\u1eb9p nh\u1eb9 nh\u00e0ng, ho\u00e0i c\u1ed5 r\u1ea5t ri\u00eang. Th\u00edch h\u1ee3p t\u1ea1i:<\/span><\/span><\/div>\n<div><span dir=\"auto\" style=\"vertical-align: inherit;\"><span dir=\"auto\" style=\"vertical-align: inherit;\">Ph\u00f2ng kh\u00e1ch theo phong c\u00e1ch vintage<\/span><\/span><\/div>\n<div><span dir=\"auto\" style=\"vertical-align: inherit;\"><span dir=\"auto\" style=\"vertical-align: inherit;\">G\u00f3c l\u00e0m vi\u1ec7c y\u00eau th\u00edch<\/span><\/span><\/div>\n<div><span dir=\"auto\" style=\"vertical-align: inherit;\"><span dir=\"auto\" style=\"vertical-align: inherit;\">C\u1eeda s\u1ed5, ph\u00f2ng tr\u00e0 ho\u1eb7c studio<\/span><\/span><\/div>\n<div><span dir=\"auto\" style=\"vertical-align: inherit;\"><span dir=\"auto\" style=\"vertical-align: inherit;\">Ph\u00f2ng ng\u1ee7 t\u1ea1o g\u00f3c th\u01b0 gi\u00e3n<\/span><\/span><\/div>\n<div><\/div>\n<h4><span class=\"ez-toc-section\" id=\"phoi_hop_su_kien_%e2%80%93_tiec_tra_%e2%80%93_concept_hoai_co\"><\/span><strong><span dir=\"auto\" style=\"vertical-align: inherit;\"><span dir=\"auto\" style=\"vertical-align: inherit;\">Ph\u1ed1i h\u1ee3p s\u1ef1 ki\u1ec7n \u2013 ti\u1ec7c tr\u00e0 \u2013 concept ho\u00e0i c\u1ed5<\/span><\/span><\/strong><span class=\"ez-toc-section-end\"><\/span><\/h4>\n<div><span dir=\"auto\" style=\"vertical-align: inherit;\"><span dir=\"auto\" style=\"vertical-align: inherit;\">Hoa h\u1ed3ng t\u00edm Hu\u1ebf th\u01b0\u1eddng \u0111\u01b0\u1ee3c ch\u1ecdn l\u00e0m ch\u1ee7 \u0111\u1ea1o trong ti\u1ec7c theo tone t\u00edm \u2013 tr\u1eafng \u2013 kh\u1ecfa th\u00e2n, k\u1ebft h\u1ee3p c\u00f9ng:<\/span><\/span><\/div>\n<div><span dir=\"auto\" style=\"vertical-align: inherit;\"><span dir=\"auto\" style=\"vertical-align: inherit;\">C\u00fac tana tr\u1eafng<\/span><\/span><\/div>\n<div><span dir=\"auto\" style=\"vertical-align: inherit;\"><span dir=\"auto\" style=\"vertical-align: inherit;\">Hoa baby (h\u01a1i th\u1edf c\u1ee7a em b\u00e9)<\/span><\/span><\/div>\n<div><span dir=\"auto\" style=\"vertical-align: inherit;\"><span dir=\"auto\" style=\"vertical-align: inherit;\">L\u00e1 b\u1ea1c<\/span><\/span><\/div>\n<div><span dir=\"auto\" style=\"vertical-align: inherit;\"><span dir=\"auto\" style=\"vertical-align: inherit;\">H\u1ed3ng kem, h\u1ed3ng ph\u1ea5n<\/span><\/span><\/div>\n<div><span dir=\"auto\" style=\"vertical-align: inherit;\"><span dir=\"auto\" style=\"vertical-align: inherit;\">S\u1ef1 k\u1ebft h\u1ee3p n\u00e0y t\u1ea1o n\u00ean kh\u00f4ng gian v\u1eeba trang nh\u00e3, v\u1eeba n\u00ean th\u01a1, r\u1ea5t \u0111\u01b0\u1ee3c \u01b0a th\u00edch trong concept \u1ea3nh ch\u1ee5p ho\u1eb7c ti\u1ec7c \u1ea5m c\u00fang.<\/span><\/span><\/div>\n<div><\/div>\n<h3><span class=\"ez-toc-section\" id=\"mua_hoa_hong_tim_hue_da_lat_chat_luong_tai_gv_garden\"><\/span><strong><span dir=\"auto\" style=\"vertical-align: inherit;\"><span dir=\"auto\" style=\"vertical-align: inherit;\">Mua hoa h\u1ed3ng t\u00edm Hu\u1ebf \u0110\u00e0 L\u1ea1t ch\u1ea5t l\u01b0\u1ee3ng t\u1ea1i GV Garden<\/span><\/span><\/strong><span class=\"ez-toc-section-end\"><\/span><\/h3>\n<div><span dir=\"auto\" style=\"vertical-align: inherit;\"><span dir=\"auto\" style=\"vertical-align: inherit;\">T\u1ea1i GV Garden, ch\u00fang t\u00f4i tr\u1ef1c ti\u1ebfp thu mua t\u1eeb c\u00e1c n\u00f4ng tr\u1ea1i uy t\u00edn t\u1ea1i \u0110\u00e0 L\u1ea1t, cam k\u1ebft:<\/span><\/span><\/div>\n<div><span dir=\"auto\" style=\"vertical-align: inherit;\"><span dir=\"auto\" style=\"vertical-align: inherit;\">Hoa c\u1eaft s\u00e1ng \u2013 giao trong ng\u00e0y, b\u1ea3o tr\u00ec t\u01b0\u01a1i l\u00e2u<\/span><\/span><\/div>\n<div><span dir=\"auto\" style=\"vertical-align: inherit;\"><span dir=\"auto\" style=\"vertical-align: inherit;\">Gi\u00e1 h\u1ea5p d\u1eabn cho kh\u00e1ch bu\u00f4n v\u00e0 c\u1eeda h\u00e0ng hoa<\/span><\/span><\/div>\n<div><span dir=\"auto\" style=\"vertical-align: inherit;\"><span dir=\"auto\" style=\"vertical-align: inherit;\">H\u1ed7 tr\u1ee3 ph\u00e2n ph\u1ed1i c\u00e1c ch\u1ee7 \u0111\u1ec1, t\u01b0 v\u1ea5n mi\u1ec5n ph\u00ed<\/span><\/span><\/div>\n<div><span dir=\"auto\" style=\"vertical-align: inherit;\"><span dir=\"auto\" style=\"vertical-align: inherit;\">Giao h\u00e0ng to\u00e0n qu\u1ed1c, \u0111\u00f3ng g\u00f3i chuy\u00ean nghi\u1ec7p<\/span><\/span><\/div>\n<div><\/div>\n<div>\ud83c\udf38<span dir=\"auto\" style=\"vertical-align: inherit;\"><span dir=\"auto\" style=\"vertical-align: inherit;\">B\u1ea1n y\u00eau th\u00edch s\u1ef1 l\u00e3ng m\u1ea1n, nh\u1eb9 nh\u00e0ng v\u00e0 th\u1ee7y chung?<\/span><\/span><\/div>\n<div>\ud83d\udc49<span dir=\"auto\" style=\"vertical-align: inherit;\"><span dir=\"auto\" style=\"vertical-align: inherit;\">H\u00e3y \u0111\u1ec3 hoa h\u1ed3ng t\u00edm Hu\u1ebf \u0110\u00e0 L\u1ea1t t\u1eeb GV Garden thay b\u1ea1n g\u1eedi nh\u1eefng c\u1ea3m x\u00fac tinh t\u1ebf nh\u1ea5t!<\/span><\/span><\/div>\n<p>&nbsp;<\/p>\n","protected":false},"excerpt":{"rendered":"<p>Hoa H\u1ed3ng T\u00edm Hu\u1ebf \u0110\u00e0 L\u1ea1t \u2013 S\u1ef1 D\u1ecbu \u0110\u1eb7ng Th\u1ee7y Chung T\u1eeb Nh\u1eefng \u0110\u00f3a Hoa Tr\u1ea7m M\u1eb7c Gi\u1edbi thi\u1ec7u v\u1ec1 hoa h\u1ed3ng t\u00edm Hu\u1ebf \u0110\u00e0 L\u1ea1t Trong th\u1ebf gi\u1edbi \u0111a s\u1eafc c\u1ee7a c\u00e1c lo\u00e0i hoa h\u1ed3ng, hoa h\u1ed3ng t\u00edm Hu\u1ebf l\u00e0 m\u1ed9t lo\u00e0i hoa \u0111\u1eb7c bi\u1ec7t \u2013 mang v\u1ebb \u0111\u1eb9p y\u00ean t\u0129nh, s\u00e2u l\u1eafng [&#8230;]\n","protected":false},"featured_media":5604,"comment_status":"open","ping_status":"closed","template":"","meta":[],"product_brand":[],"product_cat":[298,273],"product_tag":[317],"class_list":{"0":"post-4374","1":"product","2":"type-product","3":"status-publish","4":"has-post-thumbnail","6":"product_cat-hoa-hong-da-lat-hoa-noi-dia-viet-nam-2","7":"product_cat-hoa-noi-dia-viet-nam","8":"product_tag-hoa-hong-tim-hue","10":"first","11":"instock","12":"shipping-taxable","13":"product-type-simple"},"_links":{"self":[{"href":"https:\/\/gvgarden.asia\/index.php?rest_route=\/wp\/v2\/product\/4374","targetHints":{"allow":["GET"]}}],"collection":[{"href":"https:\/\/gvgarden.asia\/index.php?rest_route=\/wp\/v2\/product"}],"about":[{"href":"https:\/\/gvgarden.asia\/index.php?rest_route=\/wp\/v2\/types\/product"}],"replies":[{"embeddable":true,"href":"https:\/\/gvgarden.asia\/index.php?rest_route=%2Fwp%2Fv2%2Fcomments&post=4374"}],"version-history":[{"count":4,"href":"https:\/\/gvgarden.asia\/index.php?rest_route=\/wp\/v2\/product\/4374\/revisions"}],"predecessor-version":[{"id":5607,"href":"https:\/\/gvgarden.asia\/index.php?rest_route=\/wp\/v2\/product\/4374\/revisions\/5607"}],"wp:featuredmedia":[{"embeddable":true,"href":"https:\/\/gvgarden.asia\/index.php?rest_route=\/wp\/v2\/media\/5604"}],"wp:attachment":[{"href":"https:\/\/gvgarden.asia\/index.php?rest_route=%2Fwp%2Fv2%2Fmedia&parent=4374"}],"wp:term":[{"taxonomy":"product_brand","embeddable":true,"href":"https:\/\/gvgarden.asia\/index.php?rest_route=%2Fwp%2Fv2%2Fproduct_brand&post=4374"},{"taxonomy":"product_cat","embeddable":true,"href":"https:\/\/gvgarden.asia\/index.php?rest_route=%2Fwp%2Fv2%2Fproduct_cat&post=4374"},{"taxonomy":"product_tag","embeddable":true,"href":"https:\/\/gvgarden.asia\/index.php?rest_route=%2Fwp%2Fv2%2Fproduct_tag&post=4374"}],"curies":[{"name":"wp","href":"https:\/\/api.w.org\/{rel}","templated":true}]}}