{"id":4373,"date":"2025-07-19T12:43:44","date_gmt":"2025-07-19T05:43:44","guid":{"rendered":"https:\/\/gvgarden.asia\/?post_type=product&#038;p=4373"},"modified":"2025-09-19T15:53:41","modified_gmt":"2025-09-19T08:53:41","slug":"hoa-hong-simmer-da-lat","status":"publish","type":"product","link":"https:\/\/gvgarden.asia\/?product=hoa-hong-simmer-da-lat","title":{"rendered":"Hoa H\u1ed3ng Simmer"},"content":{"rendered":"<div id=\"ez-toc-container\" class=\"ez-toc-v2_0_76 counter-hierarchy ez-toc-counter ez-toc-grey ez-toc-container-direction\">\n<div class=\"ez-toc-title-container\">\n<p class=\"ez-toc-title\" style=\"cursor:inherit\">N\u1ed9i Dung B\u00e0i Vi\u1ebft<\/p>\n<span class=\"ez-toc-title-toggle\"><a href=\"#\" class=\"ez-toc-pull-right ez-toc-btn ez-toc-btn-xs ez-toc-btn-default ez-toc-toggle\" aria-label=\"Toggle Table of Content\"><span class=\"ez-toc-js-icon-con\"><span class=\"\"><span class=\"eztoc-hide\" style=\"display:none;\">Toggle<\/span><span class=\"ez-toc-icon-toggle-span\"><svg style=\"fill: #999;color:#999\" xmlns=\"http:\/\/www.w3.org\/2000\/svg\" class=\"list-377408\" width=\"20px\" height=\"20px\" viewBox=\"0 0 24 24\" fill=\"none\"><path d=\"M6 6H4v2h2V6zm14 0H8v2h12V6zM4 11h2v2H4v-2zm16 0H8v2h12v-2zM4 16h2v2H4v-2zm16 0H8v2h12v-2z\" fill=\"currentColor\"><\/path><\/svg><svg style=\"fill: #999;color:#999\" class=\"arrow-unsorted-368013\" xmlns=\"http:\/\/www.w3.org\/2000\/svg\" width=\"10px\" height=\"10px\" viewBox=\"0 0 24 24\" version=\"1.2\" baseProfile=\"tiny\"><path d=\"M18.2 9.3l-6.2-6.3-6.2 6.3c-.2.2-.3.4-.3.7s.1.5.3.7c.2.2.4.3.7.3h11c.3 0 .5-.1.7-.3.2-.2.3-.5.3-.7s-.1-.5-.3-.7zM5.8 14.7l6.2 6.3 6.2-6.3c.2-.2.3-.5.3-.7s-.1-.5-.3-.7c-.2-.2-.4-.3-.7-.3h-11c-.3 0-.5.1-.7.3-.2.2-.3.5-.3.7s.1.5.3.7z\"\/><\/svg><\/span><\/span><\/span><\/a><\/span><\/div>\n<nav><ul class='ez-toc-list ez-toc-list-level-1 eztoc-toggle-hide-by-default' ><li class='ez-toc-page-1 ez-toc-heading-level-2'><a class=\"ez-toc-link ez-toc-heading-1\" href=\"https:\/\/gvgarden.asia\/?product=hoa-hong-simmer-da-lat\/#hoa_hong_simmer_%e2%80%93_ve_dep_diu_dang_ma_cuon_hut_tu_da_lat\" >Hoa H\u1ed3ng Simmer \u2013 V\u1ebb \u0110\u1eb9p D\u1ecbu D\u00e0ng M\u00e0 Cu\u1ed1n H\u00fat T\u1eeb \u0110\u00e0 L\u1ea1t<\/a><ul class='ez-toc-list-level-3' ><li class='ez-toc-heading-level-3'><a class=\"ez-toc-link ez-toc-heading-2\" href=\"https:\/\/gvgarden.asia\/?product=hoa-hong-simmer-da-lat\/#gioi_thieu_ve_hoa_hong_simmer\" >Gi\u1edbi Thi\u1ec7u V\u1ec1 Hoa H\u1ed3ng Simmer<\/a><\/li><li class='ez-toc-page-1 ez-toc-heading-level-3'><a class=\"ez-toc-link ez-toc-heading-3\" href=\"https:\/\/gvgarden.asia\/?product=hoa-hong-simmer-da-lat\/#y_nghia_cua_hoa_hong_simmer\" >\u00dd Ngh\u0129a C\u1ee7a Hoa H\u1ed3ng Simmer<\/a><ul class='ez-toc-list-level-4' ><li class='ez-toc-heading-level-4'><a class=\"ez-toc-link ez-toc-heading-4\" href=\"https:\/\/gvgarden.asia\/?product=hoa-hong-simmer-da-lat\/#bieu_tuong_cua_su_ngot_ngao_va_am_ap\" >Bi\u1ec3u t\u01b0\u1ee3ng c\u1ee7a s\u1ef1 ng\u1ecdt ng\u00e0o v\u00e0 \u1ea5m \u00e1p<\/a><\/li><li class='ez-toc-page-1 ez-toc-heading-level-4'><a class=\"ez-toc-link ez-toc-heading-5\" href=\"https:\/\/gvgarden.asia\/?product=hoa-hong-simmer-da-lat\/#dai_dien_cho_nang_luong_tich_cuc\" >\u0110\u1ea1i di\u1ec7n cho n\u0103ng l\u01b0\u1ee3ng t\u00edch c\u1ef1c<\/a><\/li><li class='ez-toc-page-1 ez-toc-heading-level-4'><a class=\"ez-toc-link ez-toc-heading-6\" href=\"https:\/\/gvgarden.asia\/?product=hoa-hong-simmer-da-lat\/#tinh_cam_nhe_nhang_va_thu_hut\" >T\u00ecnh c\u1ea3m nh\u1eb9 nh\u00e0ng v\u00e0 thu h\u00fat<\/a><\/li><\/ul><\/li><li class='ez-toc-page-1 ez-toc-heading-level-3'><a class=\"ez-toc-link ez-toc-heading-7\" href=\"https:\/\/gvgarden.asia\/?product=hoa-hong-simmer-da-lat\/#dac_diem_cua_hoa_hong_simmer_da_lat\" >\u0110\u1eb7c \u0110i\u1ec3m C\u1ee7a Hoa H\u1ed3ng Simmer \u0110\u00e0 L\u1ea1t<\/a><ul class='ez-toc-list-level-4' ><li class='ez-toc-heading-level-4'><a class=\"ez-toc-link ez-toc-heading-8\" href=\"https:\/\/gvgarden.asia\/?product=hoa-hong-simmer-da-lat\/#1_mau_cam_san_ho_thanh_lich\" >1. M\u00e0u cam san h\u00f4 thanh l\u1ecbch<\/a><\/li><li class='ez-toc-page-1 ez-toc-heading-level-4'><a class=\"ez-toc-link ez-toc-heading-9\" href=\"https:\/\/gvgarden.asia\/?product=hoa-hong-simmer-da-lat\/#2_form_tron_day_canh_no_deu\" >2. Form tr\u00f2n, d\u00e0y c\u00e1nh, n\u1edf \u0111\u1ec1u<\/a><\/li><li class='ez-toc-page-1 ez-toc-heading-level-4'><a class=\"ez-toc-link ez-toc-heading-10\" href=\"https:\/\/gvgarden.asia\/?product=hoa-hong-simmer-da-lat\/#3_than_khoe_canh_ben_lau_tan\" >3. Th\u00e2n kho\u1ebb, c\u00e1nh b\u1ec1n, l\u00e2u t\u00e0n<\/a><\/li><\/ul><\/li><li class='ez-toc-page-1 ez-toc-heading-level-3'><a class=\"ez-toc-link ez-toc-heading-11\" href=\"https:\/\/gvgarden.asia\/?product=hoa-hong-simmer-da-lat\/#ung_dung_cua_hoa_hong_simmer_trong_trang_tri_va_cuoc_song\" >\u1ee8ng D\u1ee5ng C\u1ee7a Hoa H\u1ed3ng Simmer Trong Trang Tr\u00ed V\u00e0 Cu\u1ed9c S\u1ed1ng<\/a><ul class='ez-toc-list-level-4' ><li class='ez-toc-heading-level-4'><a class=\"ez-toc-link ez-toc-heading-12\" href=\"https:\/\/gvgarden.asia\/?product=hoa-hong-simmer-da-lat\/#1_trang_tri_su_kien_va_tiec_cuoi\" >1. Trang tr\u00ed s\u1ef1 ki\u1ec7n v\u00e0 ti\u1ec7c c\u01b0\u1edbi<\/a><\/li><li class='ez-toc-page-1 ez-toc-heading-level-4'><a class=\"ez-toc-link ez-toc-heading-13\" href=\"https:\/\/gvgarden.asia\/?product=hoa-hong-simmer-da-lat\/#2_bo_hoa_nghe_thuat_cao_cap\" >2. B\u00f3 hoa ngh\u1ec7 thu\u1eadt cao c\u1ea5p<\/a><\/li><li class='ez-toc-page-1 ez-toc-heading-level-4'><a class=\"ez-toc-link ez-toc-heading-14\" href=\"https:\/\/gvgarden.asia\/?product=hoa-hong-simmer-da-lat\/#3_cam_binh_trang_tri_khong_gian\" >3. C\u1eafm b\u00ecnh trang tr\u00ed kh\u00f4ng gian<\/a><\/li><\/ul><\/li><li class='ez-toc-page-1 ez-toc-heading-level-3'><a class=\"ez-toc-link ez-toc-heading-15\" href=\"https:\/\/gvgarden.asia\/?product=hoa-hong-simmer-da-lat\/#tai_sao_nen_mua_hoa_hong_simmer_tai_gv_garden\" >T\u1ea1i Sao N\u00ean Mua Hoa H\u1ed3ng Simmer T\u1ea1i GV Garden?<\/a><\/li><li class='ez-toc-page-1 ez-toc-heading-level-3'><a class=\"ez-toc-link ez-toc-heading-16\" href=\"https:\/\/gvgarden.asia\/?product=hoa-hong-simmer-da-lat\/#ket_luan\" >K\u1ebft Lu\u1eadn<\/a><\/li><\/ul><\/li><\/ul><\/nav><\/div>\n<h2><span class=\"ez-toc-section\" id=\"hoa_hong_simmer_%e2%80%93_ve_dep_diu_dang_ma_cuon_hut_tu_da_lat\"><\/span><strong>Hoa H\u1ed3ng Simmer \u2013 V\u1ebb \u0110\u1eb9p D\u1ecbu D\u00e0ng M\u00e0 Cu\u1ed1n H\u00fat T\u1eeb \u0110\u00e0 L\u1ea1t<\/strong><span class=\"ez-toc-section-end\"><\/span><\/h2>\n<h3><span class=\"ez-toc-section\" id=\"gioi_thieu_ve_hoa_hong_simmer\"><\/span><strong>Gi\u1edbi Thi\u1ec7u V\u1ec1 Hoa H\u1ed3ng Simmer<\/strong><span class=\"ez-toc-section-end\"><\/span><\/h3>\n<div>Hoa h\u1ed3ng Simmer l\u00e0 m\u1ed9t trong nh\u1eefng gi\u1ed1ng hoa h\u1ed3ng nh\u1eadp kh\u1ea9u cao c\u1ea5p, hi\u1ec7n \u0111\u01b0\u1ee3c tr\u1ed3ng th\u00e0nh c\u00f4ng t\u1ea1i \u0110\u00e0 L\u1ea1t. Lo\u00e0i hoa n\u00e0y g\u00e2y \u1ea5n t\u01b0\u1ee3ng b\u1edfi s\u1eafc cam san h\u00f4 \u00e1nh \u0111\u00e0o ng\u1ecdt ng\u00e0o, d\u1ecbu d\u00e0ng nh\u01b0ng v\u1eabn \u0111\u1ee7 n\u1ed5i b\u1eadt \u0111\u1ec3 thu h\u00fat \u00e1nh nh\u00ecn. Nh\u1edd v\u00e0o \u0111i\u1ec1u ki\u1ec7n kh\u00ed h\u1eadu m\u00e1t m\u1ebb quanh n\u0103m, hoa h\u1ed3ng Simmer \u0110\u00e0 L\u1ea1t cho ch\u1ea5t l\u01b0\u1ee3ng v\u01b0\u1ee3t tr\u1ed9i, c\u00e1nh d\u00e0y, b\u1ec1n m\u00e0u v\u00e0 t\u01b0\u01a1i l\u00e2u.<\/div>\n<div><\/div>\n<div>T\u1ea1i GV Garden, hoa Simmer lu\u00f4n n\u1eb1m trong nh\u00f3m s\u1ea3n ph\u1ea9m \u0111\u01b0\u1ee3c kh\u00e1ch h\u00e0ng y\u00eau th\u00edch nh\u1ea5t nh\u1edd v\u1ebb \u0111\u1eb9p tinh t\u1ebf, \u0111a d\u1ee5ng trong c\u00e1c thi\u1ebft k\u1ebf hoa ngh\u1ec7 thu\u1eadt v\u00e0 trang tr\u00ed cao c\u1ea5p.<\/div>\n<div><\/div>\n<h3><span class=\"ez-toc-section\" id=\"y_nghia_cua_hoa_hong_simmer\"><\/span><strong>\u00dd Ngh\u0129a C\u1ee7a Hoa H\u1ed3ng Simmer<\/strong><span class=\"ez-toc-section-end\"><\/span><\/h3>\n<h4><span class=\"ez-toc-section\" id=\"bieu_tuong_cua_su_ngot_ngao_va_am_ap\"><\/span><strong>Bi\u1ec3u t\u01b0\u1ee3ng c\u1ee7a s\u1ef1 ng\u1ecdt ng\u00e0o v\u00e0 \u1ea5m \u00e1p<\/strong><span class=\"ez-toc-section-end\"><\/span><\/h4>\n<div>Kh\u00e1c v\u1edbi m\u00e0u \u0111\u1ecf m\u00e3nh li\u1ec7t hay h\u1ed3ng l\u00e3ng m\u1ea1n, s\u1eafc cam nh\u1eb9 nh\u00e0ng c\u1ee7a hoa Simmer g\u1ee3i nh\u1eafc \u0111\u1ebfn s\u1ef1 \u1ea5m \u00e1p, th\u00e2n thi\u1ec7n v\u00e0 s\u1ef1 k\u1ebft n\u1ed1i t\u00ecnh c\u1ea3m m\u1ed9t c\u00e1ch ch\u00e2n th\u00e0nh. \u0110\u00e2y l\u00e0 lo\u00e0i hoa r\u1ea5t ph\u00f9 h\u1ee3p \u0111\u1ec3 g\u1eedi g\u1eafm nh\u1eefng l\u1eddi ch\u00fac t\u1ed1t \u0111\u1eb9p, l\u1eddi c\u1ea3m \u01a1n ho\u1eb7c tri \u00e2n.<\/div>\n<h4><span class=\"ez-toc-section\" id=\"dai_dien_cho_nang_luong_tich_cuc\"><\/span><strong>\u0110\u1ea1i di\u1ec7n cho n\u0103ng l\u01b0\u1ee3ng t\u00edch c\u1ef1c<\/strong><span class=\"ez-toc-section-end\"><\/span><\/h4>\n<div>M\u00e0u cam l\u00e0 m\u00e0u c\u1ee7a n\u0103ng l\u01b0\u1ee3ng v\u00e0 s\u00e1ng t\u1ea1o. T\u1eb7ng m\u1ed9t b\u00f3 hoa Simmer c\u0169ng l\u00e0 c\u00e1ch \u0111\u1ec3 ti\u1ebfp th\u00eam \u0111\u1ed9ng l\u1ef1c, s\u1ef1 l\u1ea1c quan v\u00e0 ngu\u1ed3n c\u1ea3m h\u1ee9ng t\u00edch c\u1ef1c cho ng\u01b0\u1eddi nh\u1eadn \u2013 r\u1ea5t ph\u00f9 h\u1ee3p trong m\u00f4i tr\u01b0\u1eddng l\u00e0m vi\u1ec7c chuy\u00ean nghi\u1ec7p ho\u1eb7c c\u00e1c d\u1ecbp quan tr\u1ecdng nh\u01b0 khai tr\u01b0\u01a1ng, th\u0103ng ch\u1ee9c.<\/div>\n<div><\/div>\n<h4><span class=\"ez-toc-section\" id=\"tinh_cam_nhe_nhang_va_thu_hut\"><\/span><strong>T\u00ecnh c\u1ea3m nh\u1eb9 nh\u00e0ng v\u00e0 thu h\u00fat<\/strong><span class=\"ez-toc-section-end\"><\/span><\/h4>\n<div>Simmer kh\u00f4ng qu\u00e1 n\u1ed3ng n\u00e0n, kh\u00f4ng qu\u00e1 r\u1ef1c r\u1ee1 \u2013 nh\u01b0ng ch\u00ednh v\u00ec th\u1ebf m\u00e0 d\u1ec5 t\u1ea1o thi\u1ec7n c\u1ea3m. Hoa th\u01b0\u1eddng \u0111\u01b0\u1ee3c l\u1ef1a ch\u1ecdn \u0111\u1ec3 th\u1ec3 hi\u1ec7n t\u00ecnh c\u1ea3m ch\u00e2n th\u00e0nh trong c\u00e1c m\u1ed1i quan h\u1ec7 g\u1eafn b\u00f3, nh\u01b0 b\u1ea1n b\u00e8, \u0111\u1ed3ng nghi\u1ec7p, ng\u01b0\u1eddi th\u00e2n y\u00eau&#8230;<\/div>\n<div><\/div>\n<h3><span class=\"ez-toc-section\" id=\"dac_diem_cua_hoa_hong_simmer_da_lat\"><\/span><strong>\u0110\u1eb7c \u0110i\u1ec3m C\u1ee7a Hoa H\u1ed3ng Simmer \u0110\u00e0 L\u1ea1t<\/strong><span class=\"ez-toc-section-end\"><\/span><\/h3>\n<h4><span class=\"ez-toc-section\" id=\"1_mau_cam_san_ho_thanh_lich\"><\/span><strong>1. M\u00e0u cam san h\u00f4 thanh l\u1ecbch<\/strong><span class=\"ez-toc-section-end\"><\/span><\/h4>\n<div>S\u1eafc cam \u0111\u1eb7c tr\u01b0ng c\u1ee7a Simmer l\u00e0 cam san h\u00f4 pha ch\u00fat \u00e1nh h\u1ed3ng \u0111\u00e0o, t\u1ea1o c\u1ea3m gi\u00e1c d\u1ecbu nh\u1eb9, d\u1ec5 ch\u1ecbu v\u00e0 c\u1ef1c k\u1ef3 &#8220;\u0103n \u1ea3nh&#8221;. M\u00e0u s\u1eafc n\u00e0y r\u1ea5t th\u00edch h\u1ee3p \u0111\u1ec3 k\u1ebft h\u1ee3p c\u00f9ng c\u00e1c hoa tone tr\u1eafng, kem, xanh pastel\u2026 t\u1ea1o th\u00e0nh c\u00e1c thi\u1ebft k\u1ebf thanh l\u1ecbch, hi\u1ec7n \u0111\u1ea1i.<\/div>\n<div><\/div>\n<h4><span class=\"ez-toc-section\" id=\"2_form_tron_day_canh_no_deu\"><\/span><strong>2. Form tr\u00f2n, d\u00e0y c\u00e1nh, n\u1edf \u0111\u1ec1u<\/strong><span class=\"ez-toc-section-end\"><\/span><\/h4>\n<div>Simmer c\u00f3 b\u00f4ng form tr\u00f2n chu\u1ea9n, k\u00edch th\u01b0\u1edbc kho\u1ea3ng 5\u20136 cm, nhi\u1ec1u l\u1edbp c\u00e1nh m\u1ec1m m\u1ea1i x\u1ebfp \u0111\u1ec1u nhau. Khi n\u1edf, hoa bung \u0111\u1ec1u t\u1eeb trong ra ngo\u00e0i, kh\u00f4ng b\u1ecb x\u00f2e qu\u00e1 m\u1ee9c, gi\u1eef \u0111\u01b0\u1ee3c v\u1ebb \u0111\u1ea7y \u0111\u1eb7n v\u00e0 c\u00e2n \u0111\u1ed1i r\u1ea5t l\u00e2u.<\/div>\n<div><\/div>\n<h4><span class=\"ez-toc-section\" id=\"3_than_khoe_canh_ben_lau_tan\"><\/span><strong>3. Th\u00e2n kho\u1ebb, c\u00e1nh b\u1ec1n, l\u00e2u t\u00e0n<\/strong><span class=\"ez-toc-section-end\"><\/span><\/h4>\n<div>M\u1ed9t \u01b0u \u0111i\u1ec3m l\u1edbn c\u1ee7a hoa h\u1ed3ng Simmer \u0110\u00e0 L\u1ea1t l\u00e0 th\u1eddi gian t\u01b0\u01a1i l\u00e2u t\u1eeb 7\u201310 ng\u00e0y (n\u1ebfu b\u1ea3o qu\u1ea3n t\u1ed1t), c\u00e1nh d\u00e0y n\u00ean \u00edt b\u1ecb d\u1eadp, \u00edt r\u1ee5ng. Hoa kh\u00f4ng c\u00f3 m\u00f9i th\u01a1m \u0111\u1eadm, nh\u01b0ng b\u00f9 l\u1ea1i r\u1ea5t d\u1ec5 b\u1ea3o qu\u1ea3n v\u00e0 v\u1eadn chuy\u1ec3n.<\/div>\n<div><\/div>\n<h3><span class=\"ez-toc-section\" id=\"ung_dung_cua_hoa_hong_simmer_trong_trang_tri_va_cuoc_song\"><\/span><strong>\u1ee8ng D\u1ee5ng C\u1ee7a Hoa H\u1ed3ng Simmer Trong Trang Tr\u00ed V\u00e0 Cu\u1ed9c S\u1ed1ng<\/strong><span class=\"ez-toc-section-end\"><\/span><\/h3>\n<h4><span class=\"ez-toc-section\" id=\"1_trang_tri_su_kien_va_tiec_cuoi\"><\/span><strong>1. Trang tr\u00ed s\u1ef1 ki\u1ec7n v\u00e0 ti\u1ec7c c\u01b0\u1edbi<\/strong><span class=\"ez-toc-section-end\"><\/span><\/h4>\n<div>Simmer th\u01b0\u1eddng \u0111\u01b0\u1ee3c l\u1ef1a ch\u1ecdn l\u00e0m hoa ch\u1ee7 \u0111\u1ea1o trong trang tr\u00ed c\u01b0\u1edbi nh\u1edd v\u1ebb \u0111\u1eb9p nh\u1eb9 nh\u00e0ng, kh\u00f4ng qu\u00e1 &#8220;k\u00e9n m\u00e0u&#8221;, l\u1ea1i to\u00e1t l\u00ean s\u1ef1 \u1ea5m \u00e1p v\u00e0 h\u1ea1nh ph\u00fac. Nh\u1eefng b\u00e0n gallery, c\u1ed5ng hoa hay l\u1ed1i \u0111i l\u1ec5 c\u01b0\u1edbi s\u1eed d\u1ee5ng Simmer lu\u00f4n t\u1ea1o \u0111\u01b0\u1ee3c c\u1ea3m gi\u00e1c trang nh\u00e3 m\u00e0 tinh t\u1ebf.<\/div>\n<div><\/div>\n<h4><span class=\"ez-toc-section\" id=\"2_bo_hoa_nghe_thuat_cao_cap\"><\/span><strong>2. B\u00f3 hoa ngh\u1ec7 thu\u1eadt cao c\u1ea5p<\/strong><span class=\"ez-toc-section-end\"><\/span><\/h4>\n<div>Hoa Simmer l\u00e0 ch\u1ea5t li\u1ec7u l\u00fd t\u01b0\u1edfng cho c\u00e1c thi\u1ebft k\u1ebf b\u00f3 hoa hi\u1ec7n \u0111\u1ea1i \u2013 t\u1eeb b\u00f3 hoa sinh nh\u1eadt, hoa t\u1eb7ng m\u1eb9, t\u1eb7ng b\u1ea1n g\u00e1i \u0111\u1ebfn hoa ch\u00fac m\u1eebng th\u0103ng ch\u1ee9c. S\u1ef1 k\u1ebft h\u1ee3p gi\u1eefa m\u00e0u cam san h\u00f4 v\u00e0 c\u00e1c m\u00e0u trung t\u00ednh lu\u00f4n mang \u0111\u1ebfn c\u1ea3m gi\u00e1c cao c\u1ea5p, th\u1eddi th\u01b0\u1ee3ng.<\/div>\n<div><\/div>\n<h4><span class=\"ez-toc-section\" id=\"3_cam_binh_trang_tri_khong_gian\"><\/span><strong>3. C\u1eafm b\u00ecnh trang tr\u00ed kh\u00f4ng gian<\/strong><span class=\"ez-toc-section-end\"><\/span><\/h4>\n<div>C\u1eafm b\u00ecnh hoa Simmer t\u1ea1i b\u00e0n tr\u00e0, ph\u00f2ng kh\u00e1ch, qu\u1ea7y l\u1ec5 t\u00e2n hay c\u1eeda h\u00e0ng s\u1ebd gi\u00fap kh\u00f4ng gian tr\u1edf n\u00ean \u1ea5m c\u00fang, d\u1ec5 ch\u1ecbu v\u00e0 n\u1ed5i b\u1eadt h\u01a1n. V\u1edbi form tr\u00f2n v\u00e0 m\u00e0u cam t\u1ef1 nhi\u00ean, Simmer r\u1ea5t d\u1ec5 ph\u1ed1i v\u1edbi c\u00e1c lo\u1ea1i l\u00e1 ph\u1ee5 nh\u01b0 salal, baby, hay l\u00e1 b\u1ea1c&#8230;<\/div>\n<div><\/div>\n<h3><span class=\"ez-toc-section\" id=\"tai_sao_nen_mua_hoa_hong_simmer_tai_gv_garden\"><\/span><strong>T\u1ea1i Sao N\u00ean Mua Hoa H\u1ed3ng Simmer T\u1ea1i GV Garden?<\/strong><span class=\"ez-toc-section-end\"><\/span><\/h3>\n<div>GV Garden l\u00e0 m\u1ed9t trong nh\u1eefng \u0111\u01a1n v\u1ecb chuy\u00ean cung c\u1ea5p hoa h\u1ed3ng \u0110\u00e0 L\u1ea1t cao c\u1ea5p d\u00e0nh cho kh\u00e1ch l\u1ebb v\u00e0 \u0111\u1ea1i l\u00fd tr\u00ean to\u00e0n qu\u1ed1c. V\u1edbi h\u1ec7 th\u1ed1ng n\u00f4ng tr\u1ea1i v\u00e0 kho ph\u00e2n ph\u1ed1i hi\u1ec7n \u0111\u1ea1i, ch\u00fang t\u00f4i cam k\u1ebft:<\/div>\n<div><\/div>\n<div>Ngu\u1ed3n g\u1ed1c gi\u1ed1ng r\u00f5 r\u00e0ng \u2013 Hoa Simmer chu\u1ea9n gi\u1ed1ng nh\u1eadp kh\u1ea9u tr\u1ed3ng t\u1ea1i \u0110\u00e0 L\u1ea1t<\/div>\n<div><\/div>\n<div>T\u01b0\u01a1i m\u1edbi m\u1ed7i ng\u00e0y \u2013 Giao h\u00e0ng nhanh, b\u1ea3o qu\u1ea3n m\u00e1t, c\u1eaft s\u00e1ng s\u1edbm<\/div>\n<div><\/div>\n<div>Form \u0111\u1eb9p chu\u1ea9n s\u1ef1 ki\u1ec7n \u2013 L\u1ef1a k\u1ef9 theo \u0111\u01a1n, c\u00f3 ch\u00ednh s\u00e1ch \u0111\u1ed5i h\u00e0ng n\u1ebfu hoa kh\u00f4ng \u0111\u1ea1t<\/div>\n<div><\/div>\n<div>H\u1ed7 tr\u1ee3 s\u1ec9 \u2013 l\u1ebb linh ho\u1ea1t \u2013 \u01afu \u0111\u00e3i ri\u00eang cho ti\u1ec7m hoa, \u0111\u1ea1i l\u00fd v\u00e0 wedding planner<\/div>\n<div><\/div>\n<h3><span class=\"ez-toc-section\" id=\"ket_luan\"><\/span><strong>K\u1ebft Lu\u1eadn<\/strong><span class=\"ez-toc-section-end\"><\/span><\/h3>\n<div>Hoa h\u1ed3ng Simmer l\u00e0 s\u1ef1 k\u1ebft h\u1ee3p ho\u00e0n h\u1ea3o gi\u1eefa v\u1ebb \u0111\u1eb9p d\u1ecbu d\u00e0ng v\u00e0 tinh t\u1ebf, r\u1ea5t th\u00edch h\u1ee3p cho c\u1ea3 trang tr\u00ed l\u1eabn l\u00e0m qu\u00e0 t\u1eb7ng. N\u1ebfu b\u1ea1n \u0111ang t\u00ecm ki\u1ebfm m\u1ed9t d\u00f2ng hoa c\u00f3 form b\u00f4ng \u0111\u1eb9p \u2013 m\u00e0u s\u1eafc sang \u2013 \u1ee9ng d\u1ee5ng linh ho\u1ea1t, th\u00ec Simmer ch\u00ednh l\u00e0 l\u1ef1a ch\u1ecdn l\u00fd t\u01b0\u1edfng.<\/div>\n<div><\/div>\n","protected":false},"excerpt":{"rendered":"<p>Hoa H\u1ed3ng Simmer \u2013 V\u1ebb \u0110\u1eb9p D\u1ecbu D\u00e0ng M\u00e0 Cu\u1ed1n H\u00fat T\u1eeb \u0110\u00e0 L\u1ea1t Gi\u1edbi Thi\u1ec7u V\u1ec1 Hoa H\u1ed3ng Simmer Hoa h\u1ed3ng Simmer l\u00e0 m\u1ed9t trong nh\u1eefng gi\u1ed1ng hoa h\u1ed3ng nh\u1eadp kh\u1ea9u cao c\u1ea5p, hi\u1ec7n \u0111\u01b0\u1ee3c tr\u1ed3ng th\u00e0nh c\u00f4ng t\u1ea1i \u0110\u00e0 L\u1ea1t. Lo\u00e0i hoa n\u00e0y g\u00e2y \u1ea5n t\u01b0\u1ee3ng b\u1edfi s\u1eafc cam san h\u00f4 \u00e1nh \u0111\u00e0o [&#8230;]\n","protected":false},"featured_media":5839,"comment_status":"open","ping_status":"closed","template":"","meta":[],"product_brand":[],"product_cat":[298,273],"product_tag":[312,316,314,313,315],"class_list":{"0":"post-4373","1":"product","2":"type-product","3":"status-publish","4":"has-post-thumbnail","6":"product_cat-hoa-hong-da-lat-hoa-noi-dia-viet-nam-2","7":"product_cat-hoa-noi-dia-viet-nam","8":"product_tag-hoa-hong-cam-da-lat","9":"product_tag-hoa-hong-cam-simmer","10":"product_tag-hoa-hong-nghe-thuat","11":"product_tag-hoa-hong-nhap-khau","12":"product_tag-hoa-tang-cao-cap","14":"first","15":"instock","16":"shipping-taxable","17":"product-type-simple"},"_links":{"self":[{"href":"https:\/\/gvgarden.asia\/index.php?rest_route=\/wp\/v2\/product\/4373","targetHints":{"allow":["GET"]}}],"collection":[{"href":"https:\/\/gvgarden.asia\/index.php?rest_route=\/wp\/v2\/product"}],"about":[{"href":"https:\/\/gvgarden.asia\/index.php?rest_route=\/wp\/v2\/types\/product"}],"replies":[{"embeddable":true,"href":"https:\/\/gvgarden.asia\/index.php?rest_route=%2Fwp%2Fv2%2Fcomments&post=4373"}],"version-history":[{"count":3,"href":"https:\/\/gvgarden.asia\/index.php?rest_route=\/wp\/v2\/product\/4373\/revisions"}],"predecessor-version":[{"id":5588,"href":"https:\/\/gvgarden.asia\/index.php?rest_route=\/wp\/v2\/product\/4373\/revisions\/5588"}],"wp:featuredmedia":[{"embeddable":true,"href":"https:\/\/gvgarden.asia\/index.php?rest_route=\/wp\/v2\/media\/5839"}],"wp:attachment":[{"href":"https:\/\/gvgarden.asia\/index.php?rest_route=%2Fwp%2Fv2%2Fmedia&parent=4373"}],"wp:term":[{"taxonomy":"product_brand","embeddable":true,"href":"https:\/\/gvgarden.asia\/index.php?rest_route=%2Fwp%2Fv2%2Fproduct_brand&post=4373"},{"taxonomy":"product_cat","embeddable":true,"href":"https:\/\/gvgarden.asia\/index.php?rest_route=%2Fwp%2Fv2%2Fproduct_cat&post=4373"},{"taxonomy":"product_tag","embeddable":true,"href":"https:\/\/gvgarden.asia\/index.php?rest_route=%2Fwp%2Fv2%2Fproduct_tag&post=4373"}],"curies":[{"name":"wp","href":"https:\/\/api.w.org\/{rel}","templated":true}]}}