{"id":4372,"date":"2025-07-19T12:43:44","date_gmt":"2025-07-19T05:43:44","guid":{"rendered":"https:\/\/gvgarden.asia\/?post_type=product&#038;p=4372"},"modified":"2025-09-19T16:01:53","modified_gmt":"2025-09-19T09:01:53","slug":"hoa-hong-kem-hong-da-lat","status":"publish","type":"product","link":"https:\/\/gvgarden.asia\/?product=hoa-hong-kem-hong-da-lat","title":{"rendered":"Hoa H\u1ed3ng Kem H\u1ed3ng"},"content":{"rendered":"<div id=\"ez-toc-container\" class=\"ez-toc-v2_0_76 counter-hierarchy ez-toc-counter ez-toc-grey ez-toc-container-direction\">\n<div class=\"ez-toc-title-container\">\n<p class=\"ez-toc-title\" style=\"cursor:inherit\">N\u1ed9i Dung B\u00e0i Vi\u1ebft<\/p>\n<span class=\"ez-toc-title-toggle\"><a href=\"#\" class=\"ez-toc-pull-right ez-toc-btn ez-toc-btn-xs ez-toc-btn-default ez-toc-toggle\" aria-label=\"Toggle Table of Content\"><span class=\"ez-toc-js-icon-con\"><span class=\"\"><span class=\"eztoc-hide\" style=\"display:none;\">Toggle<\/span><span class=\"ez-toc-icon-toggle-span\"><svg style=\"fill: #999;color:#999\" xmlns=\"http:\/\/www.w3.org\/2000\/svg\" class=\"list-377408\" width=\"20px\" height=\"20px\" viewBox=\"0 0 24 24\" fill=\"none\"><path d=\"M6 6H4v2h2V6zm14 0H8v2h12V6zM4 11h2v2H4v-2zm16 0H8v2h12v-2zM4 16h2v2H4v-2zm16 0H8v2h12v-2z\" fill=\"currentColor\"><\/path><\/svg><svg style=\"fill: #999;color:#999\" class=\"arrow-unsorted-368013\" xmlns=\"http:\/\/www.w3.org\/2000\/svg\" width=\"10px\" height=\"10px\" viewBox=\"0 0 24 24\" version=\"1.2\" baseProfile=\"tiny\"><path d=\"M18.2 9.3l-6.2-6.3-6.2 6.3c-.2.2-.3.4-.3.7s.1.5.3.7c.2.2.4.3.7.3h11c.3 0 .5-.1.7-.3.2-.2.3-.5.3-.7s-.1-.5-.3-.7zM5.8 14.7l6.2 6.3 6.2-6.3c.2-.2.3-.5.3-.7s-.1-.5-.3-.7c-.2-.2-.4-.3-.7-.3h-11c-.3 0-.5.1-.7.3-.2.2-.3.5-.3.7s.1.5.3.7z\"\/><\/svg><\/span><\/span><\/span><\/a><\/span><\/div>\n<nav><ul class='ez-toc-list ez-toc-list-level-1 eztoc-toggle-hide-by-default' ><li class='ez-toc-page-1 ez-toc-heading-level-2'><a class=\"ez-toc-link ez-toc-heading-1\" href=\"https:\/\/gvgarden.asia\/?product=hoa-hong-kem-hong-da-lat\/#hoa_hong_kem_hong_da_lat_%e2%80%93_ve_dep_ngot_ngao_khong_the_choi_tu\" >Hoa H\u1ed3ng Kem H\u1ed3ng \u0110\u00e0 L\u1ea1t \u2013 V\u1ebb \u0110\u1eb9p Ng\u1ecdt Ng\u00e0o Kh\u00f4ng Th\u1ec3 Ch\u1ed1i T\u1eeb<\/a><ul class='ez-toc-list-level-3' ><li class='ez-toc-heading-level-3'><a class=\"ez-toc-link ez-toc-heading-2\" href=\"https:\/\/gvgarden.asia\/?product=hoa-hong-kem-hong-da-lat\/#gioi_thieu_ve_hoa_hong_kem_hong_da_lat\" >Gi\u1edbi thi\u1ec7u v\u1ec1 hoa h\u1ed3ng kem h\u1ed3ng \u0110\u00e0 L\u1ea1t<\/a><\/li><li class='ez-toc-page-1 ez-toc-heading-level-3'><a class=\"ez-toc-link ez-toc-heading-3\" href=\"https:\/\/gvgarden.asia\/?product=hoa-hong-kem-hong-da-lat\/#y_nghia_cua_hoa_hong_kem_hong\" >\u00dd ngh\u0129a c\u1ee7a hoa h\u1ed3ng kem h\u1ed3ng<\/a><ul class='ez-toc-list-level-4' ><li class='ez-toc-heading-level-4'><a class=\"ez-toc-link ez-toc-heading-4\" href=\"https:\/\/gvgarden.asia\/?product=hoa-hong-kem-hong-da-lat\/#1bieu_tuong_cua_su_diu_dang_va_tinh_te\" >1.Bi\u1ec3u t\u01b0\u1ee3ng c\u1ee7a s\u1ef1 d\u1ecbu d\u00e0ng v\u00e0 tinh t\u1ebf<\/a><\/li><li class='ez-toc-page-1 ez-toc-heading-level-4'><a class=\"ez-toc-link ez-toc-heading-5\" href=\"https:\/\/gvgarden.asia\/?product=hoa-hong-kem-hong-da-lat\/#2_tinh_cam_chan_thanh_va_su_biet_on\" >2. T\u00ecnh c\u1ea3m ch\u00e2n th\u00e0nh v\u00e0 s\u1ef1 bi\u1ebft \u01a1n<\/a><\/li><li class='ez-toc-page-1 ez-toc-heading-level-4'><a class=\"ez-toc-link ez-toc-heading-6\" href=\"https:\/\/gvgarden.asia\/?product=hoa-hong-kem-hong-da-lat\/#3_y_nghia_trong_cac_dip_dac_biet\" >3. \u00dd ngh\u0129a trong c\u00e1c d\u1ecbp \u0111\u1eb7c bi\u1ec7t<\/a><\/li><\/ul><\/li><li class='ez-toc-page-1 ez-toc-heading-level-3'><a class=\"ez-toc-link ez-toc-heading-7\" href=\"https:\/\/gvgarden.asia\/?product=hoa-hong-kem-hong-da-lat\/#dac_diem_cua_hoa_hong_kem_hong_da_lat\" >\u0110\u1eb7c \u0111i\u1ec3m c\u1ee7a hoa h\u1ed3ng kem h\u1ed3ng \u0110\u00e0 L\u1ea1t<\/a><ul class='ez-toc-list-level-4' ><li class='ez-toc-heading-level-4'><a class=\"ez-toc-link ez-toc-heading-8\" href=\"https:\/\/gvgarden.asia\/?product=hoa-hong-kem-hong-da-lat\/#1_hinh_dang_mau_sac\" >1. H\u00ecnh d\u00e1ng &amp; m\u00e0u s\u1eafc<\/a><\/li><li class='ez-toc-page-1 ez-toc-heading-level-4'><a class=\"ez-toc-link ez-toc-heading-9\" href=\"https:\/\/gvgarden.asia\/?product=hoa-hong-kem-hong-da-lat\/#2_do_ben_va_kha_nang_bao_quan\" >2. \u0110\u1ed9 b\u1ec1n v\u00e0 kh\u1ea3 n\u0103ng b\u1ea3o qu\u1ea3n<\/a><\/li><li class='ez-toc-page-1 ez-toc-heading-level-4'><a class=\"ez-toc-link ez-toc-heading-10\" href=\"https:\/\/gvgarden.asia\/?product=hoa-hong-kem-hong-da-lat\/#3_nguon_goc_va_canh_tac_tai_da_lat\" >3. Ngu\u1ed3n g\u1ed1c v\u00e0 canh t\u00e1c t\u1ea1i \u0110\u00e0 L\u1ea1t<\/a><\/li><\/ul><\/li><li class='ez-toc-page-1 ez-toc-heading-level-3'><a class=\"ez-toc-link ez-toc-heading-11\" href=\"https:\/\/gvgarden.asia\/?product=hoa-hong-kem-hong-da-lat\/#ung_dung_cua_hoa_hong_kem_hong_trong_doi_song\" >\u1ee8ng d\u1ee5ng c\u1ee7a hoa h\u1ed3ng kem h\u1ed3ng trong \u0111\u1eddi s\u1ed1ng<\/a><ul class='ez-toc-list-level-4' ><li class='ez-toc-heading-level-4'><a class=\"ez-toc-link ez-toc-heading-12\" href=\"https:\/\/gvgarden.asia\/?product=hoa-hong-kem-hong-da-lat\/#1_trang_tri_tiec_va_su_kien\" >1. Trang tr\u00ed ti\u1ec7c v\u00e0 s\u1ef1 ki\u1ec7n<\/a><\/li><li class='ez-toc-page-1 ez-toc-heading-level-4'><a class=\"ez-toc-link ez-toc-heading-13\" href=\"https:\/\/gvgarden.asia\/?product=hoa-hong-kem-hong-da-lat\/#2_lam_qua_tang_trong_cac_dip_dac_biet\" >2. L\u00e0m qu\u00e0 t\u1eb7ng trong c\u00e1c d\u1ecbp \u0111\u1eb7c bi\u1ec7t<\/a><\/li><li class='ez-toc-page-1 ez-toc-heading-level-4'><a class=\"ez-toc-link ez-toc-heading-14\" href=\"https:\/\/gvgarden.asia\/?product=hoa-hong-kem-hong-da-lat\/#3_trang_tri_khong_gian_song_va_cua_hang\" >3. Trang tr\u00ed kh\u00f4ng gian s\u1ed1ng v\u00e0 c\u1eeda h\u00e0ng<\/a><\/li><\/ul><\/li><li class='ez-toc-page-1 ez-toc-heading-level-3'><a class=\"ez-toc-link ez-toc-heading-15\" href=\"https:\/\/gvgarden.asia\/?product=hoa-hong-kem-hong-da-lat\/#mua_hoa_hong_kem_hong_da_lat_o_dau_dep_va_uy_tin\" >Mua hoa h\u1ed3ng kem h\u1ed3ng \u0110\u00e0 L\u1ea1t \u1edf \u0111\u00e2u \u0111\u1eb9p v\u00e0 uy t\u00edn?<\/a><\/li><\/ul><\/li><\/ul><\/nav><\/div>\n<h2><span class=\"ez-toc-section\" id=\"hoa_hong_kem_hong_da_lat_%e2%80%93_ve_dep_ngot_ngao_khong_the_choi_tu\"><\/span><strong>Hoa H\u1ed3ng Kem H\u1ed3ng \u0110\u00e0 L\u1ea1t \u2013 V\u1ebb \u0110\u1eb9p Ng\u1ecdt Ng\u00e0o Kh\u00f4ng Th\u1ec3 Ch\u1ed1i T\u1eeb<\/strong><span class=\"ez-toc-section-end\"><\/span><\/h2>\n<h3><span class=\"ez-toc-section\" id=\"gioi_thieu_ve_hoa_hong_kem_hong_da_lat\"><\/span><strong>Gi\u1edbi thi\u1ec7u v\u1ec1 hoa h\u1ed3ng kem h\u1ed3ng \u0110\u00e0 L\u1ea1t<\/strong><span class=\"ez-toc-section-end\"><\/span><\/h3>\n<div>Hoa h\u1ed3ng kem h\u1ed3ng l\u00e0 m\u1ed9t trong nh\u1eefng d\u00f2ng hoa h\u1ed3ng nh\u1eadp n\u1ed9i \u0111\u01b0\u1ee3c tr\u1ed3ng th\u00e0nh c\u00f4ng t\u1ea1i v\u00f9ng kh\u00ed h\u1eadu m\u00e1t m\u1ebb c\u1ee7a \u0110\u00e0 L\u1ea1t. S\u1edf h\u1eefu s\u1eafc m\u00e0u nh\u1eb9 nh\u00e0ng, pha tr\u1ed9n gi\u1eefa m\u00e0u kem v\u00e0 s\u1eafc h\u1ed3ng ph\u1ea5n, hoa mang \u0111\u1ebfn c\u1ea3m gi\u00e1c tinh kh\u00f4i, ng\u1ecdt ng\u00e0o v\u00e0 \u0111\u1ea7y quy\u1ebfn r\u0169.<\/div>\n<div><\/div>\n<div>T\u1ea1i GV Garden, hoa h\u1ed3ng kem h\u1ed3ng lu\u00f4n n\u1eb1m trong top nh\u1eefng lo\u1ea1i hoa \u0111\u01b0\u1ee3c kh\u00e1ch h\u00e0ng y\u00eau th\u00edch nh\u1ea5t nh\u1edd m\u00e0u s\u1eafc d\u1ec5 ph\u1ed1i, \u0111\u1ed9 b\u1ec1n cao v\u00e0 v\u1ebb \u0111\u1eb9p duy\u00ean d\u00e1ng kh\u00f3 c\u01b0\u1ee1ng.<\/div>\n<div><\/div>\n<h3><span class=\"ez-toc-section\" id=\"y_nghia_cua_hoa_hong_kem_hong\"><\/span><strong>\u00dd ngh\u0129a c\u1ee7a hoa h\u1ed3ng kem h\u1ed3ng<\/strong><span class=\"ez-toc-section-end\"><\/span><\/h3>\n<h4><span class=\"ez-toc-section\" id=\"1bieu_tuong_cua_su_diu_dang_va_tinh_te\"><\/span><strong>1.Bi\u1ec3u t\u01b0\u1ee3ng c\u1ee7a s\u1ef1 d\u1ecbu d\u00e0ng v\u00e0 tinh t\u1ebf<\/strong><span class=\"ez-toc-section-end\"><\/span><\/h4>\n<div>S\u1eafc h\u1ed3ng ph\u1ea5n d\u1ecbu nh\u1eb9 h\u00f2a quy\u1ec7n c\u00f9ng t\u00f4ng kem thanh khi\u1ebft khi\u1ebfn lo\u00e0i hoa n\u00e0y tr\u1edf th\u00e0nh bi\u1ec3u t\u01b0\u1ee3ng c\u1ee7a s\u1ef1 n\u1eef t\u00ednh, trong s\u00e1ng v\u00e0 d\u1ecbu d\u00e0ng \u2013 r\u1ea5t ph\u00f9 h\u1ee3p \u0111\u1ec3 t\u1eb7ng cho ng\u01b0\u1eddi ph\u1ee5 n\u1eef b\u1ea1n y\u00eau th\u01b0\u01a1ng.<\/div>\n<div><\/div>\n<h4><span class=\"ez-toc-section\" id=\"2_tinh_cam_chan_thanh_va_su_biet_on\"><\/span><strong>2. T\u00ecnh c\u1ea3m ch\u00e2n th\u00e0nh v\u00e0 s\u1ef1 bi\u1ebft \u01a1n<\/strong><span class=\"ez-toc-section-end\"><\/span><\/h4>\n<div>Hoa h\u1ed3ng kem h\u1ed3ng kh\u00f4ng qu\u00e1 r\u1ef1c r\u1ee1 nh\u01b0ng v\u1eabn \u0111\u1ee7 n\u1ed5i b\u1eadt \u0111\u1ec3 th\u1ec3 hi\u1ec7n s\u1ef1 quan t\u00e2m s\u00e2u s\u1eafc. \u0110\u00e2y l\u00e0 l\u1ef1a ch\u1ecdn l\u00fd t\u01b0\u1edfng \u0111\u1ec3 g\u1eedi g\u1eafm th\u00f4ng \u0111i\u1ec7p tri \u00e2n, c\u1ea3m k\u00edch hay l\u1eddi xin l\u1ed7i ch\u00e2n th\u00e0nh.<\/div>\n<div><\/div>\n<h4><span class=\"ez-toc-section\" id=\"3_y_nghia_trong_cac_dip_dac_biet\"><\/span><strong>3. \u00dd ngh\u0129a trong c\u00e1c d\u1ecbp \u0111\u1eb7c bi\u1ec7t<\/strong><span class=\"ez-toc-section-end\"><\/span><\/h4>\n<div>T\u1eb7ng m\u1eb9, ch\u1ecb g\u00e1i, ng\u01b0\u1eddi th\u00e2n nh\u00e2n d\u1ecbp sinh nh\u1eadt, l\u1ec5 Vu Lan<\/div>\n<div>T\u1eb7ng b\u1ea1n g\u00e1i, v\u1ee3 trong c\u00e1c ng\u00e0y k\u1ef7 ni\u1ec7m, l\u1ec5 t\u00ecnh nh\u00e2n<\/div>\n<div>T\u1eb7ng c\u00f4 gi\u00e1o d\u1ecbp 20\/11 nh\u01b0 m\u1ed9t l\u1eddi c\u1ea3m \u01a1n \u00fd ngh\u0129a<\/div>\n<div><\/div>\n<h3><span class=\"ez-toc-section\" id=\"dac_diem_cua_hoa_hong_kem_hong_da_lat\"><\/span><strong>\u0110\u1eb7c \u0111i\u1ec3m c\u1ee7a hoa h\u1ed3ng kem h\u1ed3ng \u0110\u00e0 L\u1ea1t<\/strong><span class=\"ez-toc-section-end\"><\/span><\/h3>\n<h4><span class=\"ez-toc-section\" id=\"1_hinh_dang_mau_sac\"><\/span><strong>1. H\u00ecnh d\u00e1ng &amp; m\u00e0u s\u1eafc<\/strong><span class=\"ez-toc-section-end\"><\/span><\/h4>\n<div>C\u00e1nh hoa: D\u00e0y, m\u1ecbn, x\u1ebfp khum tr\u00f2n m\u1ec1m m\u1ea1i<\/div>\n<div>M\u00e0u s\u1eafc: Pha tr\u1ed9n ho\u00e0n h\u1ea3o gi\u1eefa kem nh\u1ea1t v\u00e0 h\u1ed3ng ph\u1ea5n<\/div>\n<div>Form b\u00f4ng: Tr\u00f2n \u0111\u1ec1u, n\u1edf theo ki\u1ec3u c\u00fap c\u1ed5 \u0111i\u1ec3n<\/div>\n<div>\u0110\u1ed9 l\u1edbn: Trung b\u00ecnh kho\u1ea3ng 5\u20136cm\/b\u00f4ng<\/div>\n<div><\/div>\n<h4><span class=\"ez-toc-section\" id=\"2_do_ben_va_kha_nang_bao_quan\"><\/span><strong>2. \u0110\u1ed9 b\u1ec1n v\u00e0 kh\u1ea3 n\u0103ng b\u1ea3o qu\u1ea3n<\/strong><span class=\"ez-toc-section-end\"><\/span><\/h4>\n<div>Hoa c\u00f3 th\u1ec3 gi\u1eef t\u01b0\u01a1i t\u1eeb 5\u20137 ng\u00e0y n\u1ebfu b\u1ea3o qu\u1ea3n t\u1ed1t<\/div>\n<div>Ph\u00f9 h\u1ee3p v\u1edbi \u0111i\u1ec1u ki\u1ec7n kh\u00ed h\u1eadu trong nh\u00e0 v\u00e0 m\u00f4i tr\u01b0\u1eddng m\u00e1y l\u1ea1nh<\/div>\n<div>N\u1ee5 hoa n\u1edf \u0111\u1ec1u, kh\u00f4ng b\u1ecb r\u0169 nhanh nh\u01b0 nhi\u1ec1u gi\u1ed1ng hoa h\u1ed3ng kh\u00e1c<\/div>\n<div><\/div>\n<h4><span class=\"ez-toc-section\" id=\"3_nguon_goc_va_canh_tac_tai_da_lat\"><\/span><strong>3. Ngu\u1ed3n g\u1ed1c v\u00e0 canh t\u00e1c t\u1ea1i \u0110\u00e0 L\u1ea1t<\/strong><span class=\"ez-toc-section-end\"><\/span><\/h4>\n<div>Lo\u00e0i hoa n\u00e0y v\u1ed1n c\u00f3 xu\u1ea5t x\u1ee9 t\u1eeb ch\u00e2u \u00c2u nh\u01b0ng \u0111\u00e3 \u0111\u01b0\u1ee3c thu\u1ea7n h\u00f3a v\u00e0 canh t\u00e1c th\u00e0nh c\u00f4ng t\u1ea1i c\u00e1c n\u00f4ng tr\u1ea1i hoa \u1edf \u0110\u00e0 L\u1ea1t. Nh\u1edd v\u00e0o kh\u00ed h\u1eadu m\u00e1t l\u1ea1nh quanh n\u0103m, hoa h\u1ed3ng kem h\u1ed3ng \u0110\u00e0 L\u1ea1t cho m\u00e0u s\u1eafc t\u01b0\u01a1i t\u1eafn, b\u1ec1n m\u00e0u v\u00e0 ch\u1ea5t l\u01b0\u1ee3ng \u1ed5n \u0111\u1ecbnh quanh n\u0103m.<\/div>\n<div><\/div>\n<h3><span class=\"ez-toc-section\" id=\"ung_dung_cua_hoa_hong_kem_hong_trong_doi_song\"><\/span><strong>\u1ee8ng d\u1ee5ng c\u1ee7a hoa h\u1ed3ng kem h\u1ed3ng trong \u0111\u1eddi s\u1ed1ng<\/strong><span class=\"ez-toc-section-end\"><\/span><\/h3>\n<h4><span class=\"ez-toc-section\" id=\"1_trang_tri_tiec_va_su_kien\"><\/span><strong>1. Trang tr\u00ed ti\u1ec7c v\u00e0 s\u1ef1 ki\u1ec7n<\/strong><span class=\"ez-toc-section-end\"><\/span><\/h4>\n<div>Hoa h\u1ed3ng kem h\u1ed3ng \u0111\u01b0\u1ee3c s\u1eed d\u1ee5ng nhi\u1ec1u trong:<\/div>\n<div>Trang tr\u00ed b\u00e0n gallery, ti\u1ec7c c\u01b0\u1edbi, l\u1ec5 h\u1ecfi<\/div>\n<div>K\u1ebft hoa c\u1ea7m tay c\u00f4 d\u00e2u<\/div>\n<div>Hoa ch\u00fac m\u1eebng trong s\u1ef1 ki\u1ec7n doanh nghi\u1ec7p<\/div>\n<div><\/div>\n<h4><span class=\"ez-toc-section\" id=\"2_lam_qua_tang_trong_cac_dip_dac_biet\"><\/span><strong>2. L\u00e0m qu\u00e0 t\u1eb7ng trong c\u00e1c d\u1ecbp \u0111\u1eb7c bi\u1ec7t<\/strong><span class=\"ez-toc-section-end\"><\/span><\/h4>\n<div>B\u00f3 hoa sinh nh\u1eadt<\/div>\n<div>H\u1ed9p hoa l\u1ec5 T\u00ecnh nh\u00e2n, 8\/3, 20\/10<\/div>\n<div>Gi\u1ecf hoa t\u1eb7ng m\u1eb9, t\u1eb7ng v\u1ee3<\/div>\n<div><\/div>\n<h4><span class=\"ez-toc-section\" id=\"3_trang_tri_khong_gian_song_va_cua_hang\"><\/span><strong>3. Trang tr\u00ed kh\u00f4ng gian s\u1ed1ng v\u00e0 c\u1eeda h\u00e0ng<\/strong><span class=\"ez-toc-section-end\"><\/span><\/h4>\n<div>\u0110\u1eb7t trong b\u00ecnh th\u1ee7y tinh \u0111\u1ec3 b\u00e0n l\u00e0m vi\u1ec7c, b\u00e0n \u0103n<\/div>\n<div>K\u1ebft h\u1ee3p c\u00f9ng hoa baby, c\u00fac m\u1eabu \u0111\u01a1n, l\u00e1 b\u1ea1c\u2026 \u0111\u1ec3 t\u1ea1o \u0111i\u1ec3m nh\u1ea5n trang nh\u00e3<\/div>\n<div>Trang tr\u00ed c\u1eeda h\u00e0ng, qu\u00e1n c\u00e0 ph\u00ea theo phong c\u00e1ch H\u00e0n Qu\u1ed1c<\/div>\n<div><\/div>\n<h3><span class=\"ez-toc-section\" id=\"mua_hoa_hong_kem_hong_da_lat_o_dau_dep_va_uy_tin\"><\/span><strong>Mua hoa h\u1ed3ng kem h\u1ed3ng \u0110\u00e0 L\u1ea1t \u1edf \u0111\u00e2u \u0111\u1eb9p v\u00e0 uy t\u00edn?<\/strong><span class=\"ez-toc-section-end\"><\/span><\/h3>\n<div>GV Garden t\u1ef1 h\u00e0o l\u00e0 nh\u00e0 cung c\u1ea5p hoa t\u01b0\u01a1i cao c\u1ea5p, v\u1edbi nhi\u1ec1u d\u00f2ng hoa h\u1ed3ng nh\u1eadp kh\u1ea9u v\u00e0 hoa h\u1ed3ng \u0110\u00e0 L\u1ea1t ch\u1ea5t l\u01b0\u1ee3ng, trong \u0111\u00f3 c\u00f3 hoa h\u1ed3ng kem h\u1ed3ng \u0111\u01b0\u1ee3c tuy\u1ec3n ch\u1ecdn k\u1ef9 c\u00e0ng.<\/div>\n<div><\/div>\n<div>Cam k\u1ebft c\u1ee7a ch\u00fang t\u00f4i:<\/div>\n<div><\/div>\n<div>Hoa m\u1edbi m\u1ed7i ng\u00e0y \u2013 \u0111\u1ea3m b\u1ea3o \u0111\u1ed9 t\u01b0\u01a1i<\/div>\n<div><\/div>\n<div>Giao h\u00e0ng nhanh ch\u00f3ng to\u00e0n qu\u1ed1c<\/div>\n<div><\/div>\n<div>H\u1ed7 tr\u1ee3 kh\u00e1ch h\u00e0ng \u0111\u1eb7t hoa theo y\u00eau c\u1ea7u \u2013 thi\u1ebft k\u1ebf ri\u00eang theo \u00fd t\u01b0\u1edfng<\/div>\n<div><\/div>\n<div>\ud83d\udc49 Li\u00ean h\u1ec7 ngay v\u1edbi GV Garden qua hotline\/zalo 0888 57 33 55 \u0111\u1ec3 \u0111\u01b0\u1ee3c t\u01b0 v\u1ea5n mi\u1ec5n ph\u00ed v\u00e0 \u0111\u1eb7t h\u00e0ng!<\/div>\n","protected":false},"excerpt":{"rendered":"<p>Hoa H\u1ed3ng Kem H\u1ed3ng \u0110\u00e0 L\u1ea1t \u2013 V\u1ebb \u0110\u1eb9p Ng\u1ecdt Ng\u00e0o Kh\u00f4ng Th\u1ec3 Ch\u1ed1i T\u1eeb Gi\u1edbi thi\u1ec7u v\u1ec1 hoa h\u1ed3ng kem h\u1ed3ng \u0110\u00e0 L\u1ea1t Hoa h\u1ed3ng kem h\u1ed3ng l\u00e0 m\u1ed9t trong nh\u1eefng d\u00f2ng hoa h\u1ed3ng nh\u1eadp n\u1ed9i \u0111\u01b0\u1ee3c tr\u1ed3ng th\u00e0nh c\u00f4ng t\u1ea1i v\u00f9ng kh\u00ed h\u1eadu m\u00e1t m\u1ebb c\u1ee7a \u0110\u00e0 L\u1ea1t. S\u1edf h\u1eefu s\u1eafc m\u00e0u nh\u1eb9 [&#8230;]\n","protected":false},"featured_media":5840,"comment_status":"open","ping_status":"closed","template":"","meta":[],"product_brand":[],"product_cat":[298,273],"product_tag":[311,307,308,310,309],"class_list":{"0":"post-4372","1":"product","2":"type-product","3":"status-publish","4":"has-post-thumbnail","6":"product_cat-hoa-hong-da-lat-hoa-noi-dia-viet-nam-2","7":"product_cat-hoa-noi-dia-viet-nam","8":"product_tag-hoa-hong-da-lat","9":"product_tag-hoa-hong-kem-hong","10":"product_tag-hoa-hong-mau-kem","11":"product_tag-shop-hoa-tuoi-da-lat","12":"product_tag-y-nghia-hoa-hong-kem-hong","14":"first","15":"instock","16":"shipping-taxable","17":"product-type-simple"},"_links":{"self":[{"href":"https:\/\/gvgarden.asia\/index.php?rest_route=\/wp\/v2\/product\/4372","targetHints":{"allow":["GET"]}}],"collection":[{"href":"https:\/\/gvgarden.asia\/index.php?rest_route=\/wp\/v2\/product"}],"about":[{"href":"https:\/\/gvgarden.asia\/index.php?rest_route=\/wp\/v2\/types\/product"}],"replies":[{"embeddable":true,"href":"https:\/\/gvgarden.asia\/index.php?rest_route=%2Fwp%2Fv2%2Fcomments&post=4372"}],"version-history":[{"count":3,"href":"https:\/\/gvgarden.asia\/index.php?rest_route=\/wp\/v2\/product\/4372\/revisions"}],"predecessor-version":[{"id":5586,"href":"https:\/\/gvgarden.asia\/index.php?rest_route=\/wp\/v2\/product\/4372\/revisions\/5586"}],"wp:featuredmedia":[{"embeddable":true,"href":"https:\/\/gvgarden.asia\/index.php?rest_route=\/wp\/v2\/media\/5840"}],"wp:attachment":[{"href":"https:\/\/gvgarden.asia\/index.php?rest_route=%2Fwp%2Fv2%2Fmedia&parent=4372"}],"wp:term":[{"taxonomy":"product_brand","embeddable":true,"href":"https:\/\/gvgarden.asia\/index.php?rest_route=%2Fwp%2Fv2%2Fproduct_brand&post=4372"},{"taxonomy":"product_cat","embeddable":true,"href":"https:\/\/gvgarden.asia\/index.php?rest_route=%2Fwp%2Fv2%2Fproduct_cat&post=4372"},{"taxonomy":"product_tag","embeddable":true,"href":"https:\/\/gvgarden.asia\/index.php?rest_route=%2Fwp%2Fv2%2Fproduct_tag&post=4372"}],"curies":[{"name":"wp","href":"https:\/\/api.w.org\/{rel}","templated":true}]}}