{"id":4371,"date":"2025-07-19T12:43:43","date_gmt":"2025-07-19T05:43:43","guid":{"rendered":"https:\/\/gvgarden.asia\/?post_type=product&#038;p=4371"},"modified":"2025-10-15T16:21:42","modified_gmt":"2025-10-15T09:21:42","slug":"hoa-hong-trang-co-da-lat","status":"publish","type":"product","link":"https:\/\/gvgarden.asia\/?product=hoa-hong-trang-co-da-lat","title":{"rendered":"Hoa H\u1ed3ng Tr\u1eafng C\u1ed3"},"content":{"rendered":"<div id=\"ez-toc-container\" class=\"ez-toc-v2_0_76 counter-hierarchy ez-toc-counter ez-toc-grey ez-toc-container-direction\">\n<div class=\"ez-toc-title-container\">\n<p class=\"ez-toc-title\" style=\"cursor:inherit\">N\u1ed9i Dung B\u00e0i Vi\u1ebft<\/p>\n<span class=\"ez-toc-title-toggle\"><a href=\"#\" class=\"ez-toc-pull-right ez-toc-btn ez-toc-btn-xs ez-toc-btn-default ez-toc-toggle\" aria-label=\"Toggle Table of Content\"><span class=\"ez-toc-js-icon-con\"><span class=\"\"><span class=\"eztoc-hide\" style=\"display:none;\">Toggle<\/span><span class=\"ez-toc-icon-toggle-span\"><svg style=\"fill: #999;color:#999\" xmlns=\"http:\/\/www.w3.org\/2000\/svg\" class=\"list-377408\" width=\"20px\" height=\"20px\" viewBox=\"0 0 24 24\" fill=\"none\"><path d=\"M6 6H4v2h2V6zm14 0H8v2h12V6zM4 11h2v2H4v-2zm16 0H8v2h12v-2zM4 16h2v2H4v-2zm16 0H8v2h12v-2z\" fill=\"currentColor\"><\/path><\/svg><svg style=\"fill: #999;color:#999\" class=\"arrow-unsorted-368013\" xmlns=\"http:\/\/www.w3.org\/2000\/svg\" width=\"10px\" height=\"10px\" viewBox=\"0 0 24 24\" version=\"1.2\" baseProfile=\"tiny\"><path d=\"M18.2 9.3l-6.2-6.3-6.2 6.3c-.2.2-.3.4-.3.7s.1.5.3.7c.2.2.4.3.7.3h11c.3 0 .5-.1.7-.3.2-.2.3-.5.3-.7s-.1-.5-.3-.7zM5.8 14.7l6.2 6.3 6.2-6.3c.2-.2.3-.5.3-.7s-.1-.5-.3-.7c-.2-.2-.4-.3-.7-.3h-11c-.3 0-.5.1-.7.3-.2.2-.3.5-.3.7s.1.5.3.7z\"\/><\/svg><\/span><\/span><\/span><\/a><\/span><\/div>\n<nav><ul class='ez-toc-list ez-toc-list-level-1 eztoc-toggle-hide-by-default' ><li class='ez-toc-page-1 ez-toc-heading-level-2'><a class=\"ez-toc-link ez-toc-heading-1\" href=\"https:\/\/gvgarden.asia\/?product=hoa-hong-trang-co-da-lat\/#hoa_hong_trang_co_da_lat_%e2%80%93_dep_tinh_khiet_tu_cao_nguyen\" >Hoa h\u1ed3ng tr\u1eafng C\u1ed3 \u0110\u00e0 L\u1ea1t \u2013 \u0110\u1eb9p Tinh Khi\u1ebft T\u1eeb Cao Nguy\u00ean<\/a><ul class='ez-toc-list-level-3' ><li class='ez-toc-heading-level-3'><a class=\"ez-toc-link ez-toc-heading-2\" href=\"https:\/\/gvgarden.asia\/?product=hoa-hong-trang-co-da-lat\/#gioi_thieu_hoa_hong_trang_co_da_lat\" >Gi\u1edbi Thi\u1ec7u Hoa H\u1ed3ng Tr\u1eafng C\u1ed3 \u0110\u00e0 L\u1ea1t<\/a><ul class='ez-toc-list-level-4' ><li class='ez-toc-heading-level-4'><a class=\"ez-toc-link ez-toc-heading-3\" href=\"https:\/\/gvgarden.asia\/?product=hoa-hong-trang-co-da-lat\/#nguon_goc_va_xuat_xu\" >Ngu\u1ed3n g\u1ed1c v\u00e0 xu\u1ea5t x\u1ee9<\/a><\/li><li class='ez-toc-page-1 ez-toc-heading-level-4'><a class=\"ez-toc-link ez-toc-heading-4\" href=\"https:\/\/gvgarden.asia\/?product=hoa-hong-trang-co-da-lat\/#ly_do_ten_goi_%e2%80%9ctrang_co%e2%80%9d\" >L\u00fd do t\u00ean g\u1ecdi \u201cTr\u1eafng C\u1ed3\u201d<\/a><\/li><\/ul><\/li><li class='ez-toc-page-1 ez-toc-heading-level-3'><a class=\"ez-toc-link ez-toc-heading-5\" href=\"https:\/\/gvgarden.asia\/?product=hoa-hong-trang-co-da-lat\/#y_nghia_hoa_hong_trang_co\" >\u00dd Ngh\u0129a Hoa H\u1ed3ng tr\u1eafng C\u1ed3<\/a><ul class='ez-toc-list-level-4' ><li class='ez-toc-heading-level-4'><a class=\"ez-toc-link ez-toc-heading-6\" href=\"https:\/\/gvgarden.asia\/?product=hoa-hong-trang-co-da-lat\/#bieu_tuong_cua_su_tinh_khiet_va_trung_thuc\" >Bi\u1ec3u t\u01b0\u1ee3ng c\u1ee7a s\u1ef1 tinh khi\u1ebft v\u00e0 trung th\u1ef1c<\/a><\/li><li class='ez-toc-page-1 ez-toc-heading-level-4'><a class=\"ez-toc-link ez-toc-heading-7\" href=\"https:\/\/gvgarden.asia\/?product=hoa-hong-trang-co-da-lat\/#tinh_yeu_vinh_cuu_va_xin_biet_on_sau_sac\" >T\u00ecnh y\u00eau v\u0129nh c\u1eedu v\u00e0 xin bi\u1ebft \u01a1n s\u00e2u s\u1eafc<\/a><\/li><\/ul><\/li><li class='ez-toc-page-1 ez-toc-heading-level-3'><a class=\"ez-toc-link ez-toc-heading-8\" href=\"https:\/\/gvgarden.asia\/?product=hoa-hong-trang-co-da-lat\/#dac_diem_noi_bat_cua_hoa_hong_trang_co\" >\u0110\u1eb7c \u0111i\u1ec3m n\u1ed5i b\u1eadt c\u1ee7a hoa h\u1ed3ng tr\u1eafng C\u1ed3<\/a><ul class='ez-toc-list-level-4' ><li class='ez-toc-heading-level-4'><a class=\"ez-toc-link ez-toc-heading-9\" href=\"https:\/\/gvgarden.asia\/?product=hoa-hong-trang-co-da-lat\/#hinh_dang_va_mau_sac\" >H\u00ecnh d\u00e1ng v\u00e0 m\u00e0u s\u1eafc<\/a><\/li><li class='ez-toc-page-1 ez-toc-heading-level-4'><a class=\"ez-toc-link ez-toc-heading-10\" href=\"https:\/\/gvgarden.asia\/?product=hoa-hong-trang-co-da-lat\/#do_ben_va_kha_nang_quan_ly\" >\u0110\u1ed9 b\u1ec1n v\u00e0 kh\u1ea3 n\u0103ng qu\u1ea3n l\u00fd<\/a><\/li><li class='ez-toc-page-1 ez-toc-heading-level-4'><a class=\"ez-toc-link ez-toc-heading-11\" href=\"https:\/\/gvgarden.asia\/?product=hoa-hong-trang-co-da-lat\/#mui_huong_nhe_nhang\" >M\u00f9i h\u01b0\u01a1ng nh\u1eb9 nh\u00e0ng<\/a><\/li><\/ul><\/li><li class='ez-toc-page-1 ez-toc-heading-level-3'><a class=\"ez-toc-link ez-toc-heading-12\" href=\"https:\/\/gvgarden.asia\/?product=hoa-hong-trang-co-da-lat\/#ung_dung_cua_hoa_hong_trang_co_da_lat\" >\u1ee8ng d\u1ee5ng c\u1ee7a Hoa H\u1ed3ng tr\u1eafng C\u1ed3 \u0110\u00e0 L\u1ea1t<\/a><ul class='ez-toc-list-level-4' ><li class='ez-toc-heading-level-4'><a class=\"ez-toc-link ez-toc-heading-13\" href=\"https:\/\/gvgarden.asia\/?product=hoa-hong-trang-co-da-lat\/#trang_tri_su_kien_tiec_cuoi_va_hoi_nghi\" >Trang tr\u00ed s\u1ef1 ki\u1ec7n ti\u1ec7c c\u01b0\u1edbi v\u00e0 h\u1ed9i ngh\u1ecb<\/a><\/li><li class='ez-toc-page-1 ez-toc-heading-level-4'><a class=\"ez-toc-link ez-toc-heading-14\" href=\"https:\/\/gvgarden.asia\/?product=hoa-hong-trang-co-da-lat\/#qua_tang_dac_biet_trong_nhung_dip_dac_biet\" >Qu\u00e0 t\u1eb7ng \u0111\u1eb7c bi\u1ec7t trong nh\u1eefng d\u1ecbp \u0111\u1eb7c bi\u1ec7t<\/a><\/li><li class='ez-toc-page-1 ez-toc-heading-level-4'><a class=\"ez-toc-link ez-toc-heading-15\" href=\"https:\/\/gvgarden.asia\/?product=hoa-hong-trang-co-da-lat\/#trang_tri_khong_gian_song_va_lam_viec\" >Trang tr\u00ed kh\u00f4ng gian s\u1ed1ng v\u00e0 l\u00e0m vi\u1ec7c<\/a><\/li><li class='ez-toc-page-1 ez-toc-heading-level-4'><a class=\"ez-toc-link ez-toc-heading-16\" href=\"https:\/\/gvgarden.asia\/?product=hoa-hong-trang-co-da-lat\/#huong_dan_bao_quan_hoa_hong_trang_co\" >H\u01b0\u1edbng d\u1eabn B\u1ea3o Qu\u1ea3n Hoa H\u1ed3ng tr\u1eafng C\u1ed3<\/a><\/li><\/ul><\/li><li class='ez-toc-page-1 ez-toc-heading-level-3'><a class=\"ez-toc-link ez-toc-heading-17\" href=\"https:\/\/gvgarden.asia\/?product=hoa-hong-trang-co-da-lat\/#gv_garden_%e2%80%93_dia_chi_cung_cap_hoa_hong_trang_co_chat_luong_tai_da_lat\" >GV Garden \u2013 \u0110\u1ecba Ch\u1ec9 Cung C\u1ea5p Hoa H\u1ed3ng Tr\u1eafng C\u1ed3 Ch\u1ea5t L\u01b0\u1ee3ng T\u1ea1i \u0110\u00e0 L\u1ea1t<\/a><\/li><\/ul><\/li><\/ul><\/nav><\/div>\n<h2><span class=\"ez-toc-section\" id=\"hoa_hong_trang_co_da_lat_%e2%80%93_dep_tinh_khiet_tu_cao_nguyen\"><\/span><strong><span dir=\"auto\" style=\"vertical-align: inherit;\"><span dir=\"auto\" style=\"vertical-align: inherit;\">Hoa h\u1ed3ng tr\u1eafng C\u1ed3 \u0110\u00e0 L\u1ea1t \u2013 \u0110\u1eb9p Tinh Khi\u1ebft T\u1eeb Cao Nguy\u00ean<\/span><\/span><\/strong><span class=\"ez-toc-section-end\"><\/span><\/h2>\n<h3><span class=\"ez-toc-section\" id=\"gioi_thieu_hoa_hong_trang_co_da_lat\"><\/span><strong><span dir=\"auto\" style=\"vertical-align: inherit;\"><span dir=\"auto\" style=\"vertical-align: inherit;\">Gi\u1edbi Thi\u1ec7u Hoa H\u1ed3ng Tr\u1eafng C\u1ed3 \u0110\u00e0 L\u1ea1t<\/span><\/span><\/strong><span class=\"ez-toc-section-end\"><\/span><\/h3>\n<h4><span class=\"ez-toc-section\" id=\"nguon_goc_va_xuat_xu\"><\/span><strong><span dir=\"auto\" style=\"vertical-align: inherit;\"><span dir=\"auto\" style=\"vertical-align: inherit;\">Ngu\u1ed3n g\u1ed1c v\u00e0 xu\u1ea5t x\u1ee9<\/span><\/span><\/strong><span class=\"ez-toc-section-end\"><\/span><\/h4>\n<div><span dir=\"auto\" style=\"vertical-align: inherit;\"><span dir=\"auto\" style=\"vertical-align: inherit;\">Hoa h\u1ed3ng tr\u1eafng C\u1ed3 l\u00e0 m\u1ed9t trong nh\u1eefng gi\u1ed1ng hoa h\u1ed3ng cao c\u1ea5p \u0111\u01b0\u1ee3c tr\u1ed3ng ph\u1ed5 bi\u1ebfn t\u1ea1i v\u00f9ng kh\u00ed h\u1eadu m\u00e1t m\u1ebb c\u1ee7a \u0110\u00e0 L\u1ea1t. H\u1ed7 tr\u1ee3 \u0111i\u1ec1u ki\u1ec7n kho\u00e1ng s\u1ea3n nh\u01b0\u1ee1ng l\u00fd t\u01b0\u1edfng, hoa ph\u00e1t tri\u1ec3n s\u1ee9c m\u1ea1nh, n\u1edf \u0111\u1ec1u v\u00e0 gi\u1eef m\u00e0u r\u1ea5t l\u00e2u.<\/span><\/span><\/div>\n<div><\/div>\n<h4><span class=\"ez-toc-section\" id=\"ly_do_ten_goi_%e2%80%9ctrang_co%e2%80%9d\"><\/span><strong><span dir=\"auto\" style=\"vertical-align: inherit;\"><span dir=\"auto\" style=\"vertical-align: inherit;\">L\u00fd do t\u00ean g\u1ecdi \u201cTr\u1eafng C\u1ed3\u201d<\/span><\/span><\/strong><span class=\"ez-toc-section-end\"><\/span><\/h4>\n<div><span dir=\"auto\" style=\"vertical-align: inherit;\"><span dir=\"auto\" style=\"vertical-align: inherit;\">T\u00ean g\u1ecdi &#8220;Tr\u1eafng C\u1ed3&#8221; b\u1eaft ngu\u1ed3n t\u1eeb s\u1eafc tr\u1eafng ng\u00e0 \u0111\u1eb7c bi\u1ec7t ph\u1ea7n c\u00e1nh d\u00e0y, bung \u0111\u1ec1u v\u00e0 d\u1ea1ng tr\u00f2n to, \u0111\u1eb9p nh\u01b0 chim c\u1ed3 dang c\u00e1nh. \u0110\u00e2y l\u00e0 gi\u1ed1ng hoa \u0111\u1eb7c bi\u1ec7t ph\u00f9 h\u1ee3p v\u1edbi th\u1ecb tr\u01b0\u1eddng cao c\u1ea5p, s\u1ef1 ki\u1ec7n, \u0111\u00e1m c\u01b0\u1edbi, qu\u00e0 t\u1eb7ng.<\/span><\/span><\/div>\n<div><\/div>\n<h3><span class=\"ez-toc-section\" id=\"y_nghia_hoa_hong_trang_co\"><\/span><strong><span dir=\"auto\" style=\"vertical-align: inherit;\"><span dir=\"auto\" style=\"vertical-align: inherit;\">\u00dd Ngh\u0129a Hoa H\u1ed3ng tr\u1eafng C\u1ed3<\/span><\/span><\/strong><span class=\"ez-toc-section-end\"><\/span><\/h3>\n<h4><span class=\"ez-toc-section\" id=\"bieu_tuong_cua_su_tinh_khiet_va_trung_thuc\"><\/span><strong><span dir=\"auto\" style=\"vertical-align: inherit;\"><span dir=\"auto\" style=\"vertical-align: inherit;\">Bi\u1ec3u t\u01b0\u1ee3ng c\u1ee7a s\u1ef1 tinh khi\u1ebft v\u00e0 trung th\u1ef1c<\/span><\/span><\/strong><span class=\"ez-toc-section-end\"><\/span><\/h4>\n<div><span dir=\"auto\" style=\"vertical-align: inherit;\"><span dir=\"auto\" style=\"vertical-align: inherit;\">Hoa h\u1ed3ng tr\u1eafng t\u1eeb l\u00e2u \u0111\u00e3 \u0111\u01b0\u1ee3c bi\u1ebft \u0111\u1ebfn nh\u01b0 bi\u1ec3u t\u01b0\u1ee3ng c\u1ee7a s\u1ef1 trong tr\u1eafng, tinh khi\u1ebft v\u00e0 ch\u00e2n th\u00e0nh. m\u00e0u tr\u1eafng C\u1ed3 kh\u00f4ng ch\u1ec9 gi\u1eef \u00fd ngh\u0129a v\u1eefng ch\u1eafc m\u00e0 c\u00f2n t\u1ea1o n\u00ean c\u1ea3m gi\u00e1c sang tr\u1ecdng, thanh cao.<\/span><\/span><\/div>\n<div><\/div>\n<h4><span class=\"ez-toc-section\" id=\"tinh_yeu_vinh_cuu_va_xin_biet_on_sau_sac\"><\/span><strong><span dir=\"auto\" style=\"vertical-align: inherit;\"><span dir=\"auto\" style=\"vertical-align: inherit;\">T\u00ecnh y\u00eau v\u0129nh c\u1eedu v\u00e0 xin bi\u1ebft \u01a1n s\u00e2u s\u1eafc<\/span><\/span><\/strong><span class=\"ez-toc-section-end\"><\/span><\/h4>\n<div><span dir=\"auto\" style=\"vertical-align: inherit;\"><span dir=\"auto\" style=\"vertical-align: inherit;\">Trong nh\u1eefng d\u1ecbp tr\u1ecdng \u0111\u1ea1i nh\u01b0 c\u01b0\u1edbi h\u1ecfi, l\u1ec5 t\u1ed1t nghi\u1ec7p hay tri \u00e2n, tr\u1eafng C\u1ed3 th\u01b0\u1eddng \u0111\u01b0\u1ee3c l\u1ef1a ch\u1ecdn \u0111\u1ec3 thay l\u1eddi mu\u1ed1n n\u00f3i \u2013 c\u00f3 th\u1ec3 hi\u1ec7n m\u1ed9t t\u00ecnh y\u00eau v\u0129nh h\u1eb1ng, m\u1ed9t t\u1ea5m l\u00f2ng bi\u1ebft \u01a1n s\u00e2u l\u1eafng.<\/span><\/span><\/div>\n<div><\/div>\n<h3><span class=\"ez-toc-section\" id=\"dac_diem_noi_bat_cua_hoa_hong_trang_co\"><\/span><strong><span dir=\"auto\" style=\"vertical-align: inherit;\"><span dir=\"auto\" style=\"vertical-align: inherit;\">\u0110\u1eb7c \u0111i\u1ec3m n\u1ed5i b\u1eadt c\u1ee7a hoa h\u1ed3ng tr\u1eafng C\u1ed3<\/span><\/span><\/strong><span class=\"ez-toc-section-end\"><\/span><\/h3>\n<h4><span class=\"ez-toc-section\" id=\"hinh_dang_va_mau_sac\"><\/span><strong><span dir=\"auto\" style=\"vertical-align: inherit;\"><span dir=\"auto\" style=\"vertical-align: inherit;\">H\u00ecnh d\u00e1ng v\u00e0 m\u00e0u s\u1eafc<\/span><\/span><\/strong><span class=\"ez-toc-section-end\"><\/span><\/h4>\n<div><span dir=\"auto\" style=\"vertical-align: inherit;\"><span dir=\"auto\" style=\"vertical-align: inherit;\">M\u00e0u s\u1eafc: tr\u1eafng ng\u00e0 pha kem nh\u1eb9 \u2013 v\u1eeba tinh t\u1ebf v\u1eeba kh\u00f4ng qu\u00e1 l\u1ea1nh l\u00f9ng.<\/span><\/span><\/div>\n<div><span dir=\"auto\" style=\"vertical-align: inherit;\"><span dir=\"auto\" style=\"vertical-align: inherit;\">D\u1ea1ng hoa: Tr\u00f2n \u0111\u1ec1u, c\u00e1nh d\u00e0y v\u00e0 n\u1edf bung xo\u1eafn \u0111\u1eb9p m\u1eaft.<\/span><\/span><\/div>\n<div><span dir=\"auto\" style=\"vertical-align: inherit;\"><span dir=\"auto\" style=\"vertical-align: inherit;\">K\u00edch th\u01b0\u1edbc: Hoa to, \u0111\u01b0\u1eddng k\u00ednh b\u00f4ng t\u1eeb 7\u201310 cm khi ph\u00f3ng ho\u00e0n to\u00e0n.<\/span><\/span><\/div>\n<div><span dir=\"auto\" style=\"vertical-align: inherit;\"><span dir=\"auto\" style=\"vertical-align: inherit;\">C\u00e1nh hoa: D\u00e0y, ch\u1eafc v\u00e0 l\u00e2u t\u00e0n.<\/span><\/span><\/div>\n<div><\/div>\n<h4><span class=\"ez-toc-section\" id=\"do_ben_va_kha_nang_quan_ly\"><\/span><strong><span dir=\"auto\" style=\"vertical-align: inherit;\"><span dir=\"auto\" style=\"vertical-align: inherit;\">\u0110\u1ed9 b\u1ec1n v\u00e0 kh\u1ea3 n\u0103ng qu\u1ea3n l\u00fd<\/span><\/span><\/strong><span class=\"ez-toc-section-end\"><\/span><\/h4>\n<div><span dir=\"auto\" style=\"vertical-align: inherit;\"><span dir=\"auto\" style=\"vertical-align: inherit;\">C\u1ed3 tr\u1eafng c\u00f3 th\u1ec3 gi\u1eef chim t\u1eeb 5\u20137 ng\u00e0y n\u1ebfu \u0111\u01b0\u1ee3c ch\u0103m s\u00f3c \u0111\u00fang c\u00e1ch. C\u00e1nh hoa kh\u00f4ng d\u1ec5 th\u01b0\u01a1ng, ph\u00f9 h\u1ee3p v\u1edbi c\u00e1c b\u1ed9 l\u1ecdc, b\u00f3 hoa ho\u1eb7c tr\u01b0ng b\u00e0y s\u1ef1 ki\u1ec7n k\u00e9o d\u00e0i.<\/span><\/span><\/div>\n<div><\/div>\n<h4><span class=\"ez-toc-section\" id=\"mui_huong_nhe_nhang\"><\/span><strong><span dir=\"auto\" style=\"vertical-align: inherit;\"><span dir=\"auto\" style=\"vertical-align: inherit;\">M\u00f9i h\u01b0\u01a1ng nh\u1eb9 nh\u00e0ng<\/span><\/span><\/strong><span class=\"ez-toc-section-end\"><\/span><\/h4>\n<div><span dir=\"auto\" style=\"vertical-align: inherit;\"><span dir=\"auto\" style=\"vertical-align: inherit;\">Kh\u00f4ng qu\u00e1 n\u1ed3ng n\u00e0n, tr\u1eafng C\u1ed3 t\u1ecfa ra h\u01b0\u01a1ng th\u01a1m d\u1ecbu d\u00e0ng, tinh t\u1ebf \u2013 \u0111\u1ee7 \u0111\u1ec3 t\u1ea1o c\u1ea3m gi\u00e1c th\u01b0 th\u00e1i v\u00e0 d\u1ec5 ch\u1ecbu trong kh\u00f4ng gian s\u1ed1ng ho\u1eb7c l\u00e0m vi\u1ec7c.<\/span><\/span><\/div>\n<div><\/div>\n<h3><span class=\"ez-toc-section\" id=\"ung_dung_cua_hoa_hong_trang_co_da_lat\"><\/span><strong><span dir=\"auto\" style=\"vertical-align: inherit;\"><span dir=\"auto\" style=\"vertical-align: inherit;\">\u1ee8ng d\u1ee5ng c\u1ee7a Hoa H\u1ed3ng tr\u1eafng C\u1ed3 \u0110\u00e0 L\u1ea1t<\/span><\/span><\/strong><span class=\"ez-toc-section-end\"><\/span><\/h3>\n<h4><span class=\"ez-toc-section\" id=\"trang_tri_su_kien_tiec_cuoi_va_hoi_nghi\"><\/span><strong><span dir=\"auto\" style=\"vertical-align: inherit;\"><span dir=\"auto\" style=\"vertical-align: inherit;\">Trang tr\u00ed s\u1ef1 ki\u1ec7n ti\u1ec7c c\u01b0\u1edbi v\u00e0 h\u1ed9i ngh\u1ecb<\/span><\/span><\/strong><span class=\"ez-toc-section-end\"><\/span><\/h4>\n<div><span dir=\"auto\" style=\"vertical-align: inherit;\"><span dir=\"auto\" style=\"vertical-align: inherit;\">Hoa tr\u1eafng C\u1ed3 l\u00e0 l\u1ef1a ch\u1ecdn l\u00fd t\u01b0\u1edfng cho l\u1ec5 c\u01b0\u1edbi sang tr\u1ecdng ho\u1eb7c s\u1ef1 ki\u1ec7n c\u1ea7n phong c\u00e1ch tinh t\u1ebf, thanh nh\u00e3. Khi k\u1ebft h\u1ee3p v\u1edbi c\u00e1c lo\u00e0i hoa kh\u00e1c nh\u01b0 baby tr\u1eafng, b\u1ea1ch \u0111\u00e0n ho\u1eb7c hoa l\u00e1 ph\u1ee5 Trung Qu\u1ed1c, tr\u1eafng C\u1ed3 c\u00e0ng n\u1ed5i b\u1eadt v\u00e0 thu h\u00fat.<\/span><\/span><\/div>\n<div><\/div>\n<h4><span class=\"ez-toc-section\" id=\"qua_tang_dac_biet_trong_nhung_dip_dac_biet\"><\/span><strong><span dir=\"auto\" style=\"vertical-align: inherit;\"><span dir=\"auto\" style=\"vertical-align: inherit;\">Qu\u00e0 t\u1eb7ng \u0111\u1eb7c bi\u1ec7t trong nh\u1eefng d\u1ecbp \u0111\u1eb7c bi\u1ec7t<\/span><\/span><\/strong><span class=\"ez-toc-section-end\"><\/span><\/h4>\n<div><span dir=\"auto\" style=\"vertical-align: inherit;\"><span dir=\"auto\" style=\"vertical-align: inherit;\">D\u00f9 l\u00e0 sinh nh\u1eadt, t\u1ed1t nghi\u1ec7p, ng\u00e0y l\u1ec5 tri \u00e2n hay d\u1ecbp ch\u00fac m\u1eebng, m\u1ed9t b\u00f3 hoa h\u1ed3ng tr\u1eafng C\u1ed3 lu\u00f4n l\u00e0 m\u00f3n qu\u00e0 \u00fd ngh\u0129a, th\u1ec3 hi\u1ec7n s\u1ef1 tinh t\u1ebf v\u00e0 qu\u00e0 t\u1eb7ng c\u1ee7a ng\u01b0\u1eddi t\u1eb7ng.<\/span><\/span><\/div>\n<div><\/div>\n<h4><span class=\"ez-toc-section\" id=\"trang_tri_khong_gian_song_va_lam_viec\"><\/span><strong><span dir=\"auto\" style=\"vertical-align: inherit;\"><span dir=\"auto\" style=\"vertical-align: inherit;\">Trang tr\u00ed kh\u00f4ng gian s\u1ed1ng v\u00e0 l\u00e0m vi\u1ec7c<\/span><\/span><\/strong><span class=\"ez-toc-section-end\"><\/span><\/h4>\n<div><span dir=\"auto\" style=\"vertical-align: inherit;\"><span dir=\"auto\" style=\"vertical-align: inherit;\">Tr\u01b0ng b\u00e0y tr\u1eafng C\u1ed3 trong ph\u00f2ng kh\u00e1ch, ph\u00f2ng ng\u1ee7 hay v\u0103n ph\u00f2ng gi\u00fap t\u1ea1o c\u1ea3m gi\u00e1c nh\u1eb9 nh\u00e0ng, th\u01b0 gi\u00e3n, n\u00e2ng cao t\u00ednh th\u1ea9m m\u1ef9 v\u00e0 tinh th\u1ea7n.<\/span><\/span><\/div>\n<h4><span class=\"ez-toc-section\" id=\"huong_dan_bao_quan_hoa_hong_trang_co\"><\/span><strong><span dir=\"auto\" style=\"vertical-align: inherit;\"><span dir=\"auto\" style=\"vertical-align: inherit;\">H\u01b0\u1edbng d\u1eabn B\u1ea3o Qu\u1ea3n Hoa H\u1ed3ng tr\u1eafng C\u1ed3<\/span><\/span><\/strong><span class=\"ez-toc-section-end\"><\/span><\/h4>\n<div><span dir=\"auto\" style=\"vertical-align: inherit;\"><span dir=\"auto\" style=\"vertical-align: inherit;\">C\u1eaft g\u1ed1c ch\u00e9o 45 \u0111\u1ed9, thay n\u01b0\u1edbc m\u1ed7i ng\u00e0y.<\/span><\/span><\/div>\n<div><span dir=\"auto\" style=\"vertical-align: inherit;\"><span dir=\"auto\" style=\"vertical-align: inherit;\">\u0110\u1eb7t hoa n\u01a1i m\u00e1t m\u1ebb, tr\u00e1nh \u00e1nh n\u1eafng v\u00e0 gi\u00f3 m\u1ea1nh.<\/span><\/span><\/div>\n<div><span dir=\"auto\" style=\"vertical-align: inherit;\"><span dir=\"auto\" style=\"vertical-align: inherit;\">C\u00f3 th\u1ec3 s\u1eed d\u1ee5ng ch\u1ea5t d\u01b0\u1ee1ng hoa \u0111\u1ec3 t\u0103ng \u0111\u1ed9 t\u01b0\u01a1i.<\/span><\/span><\/div>\n<div><\/div>\n<h3><span class=\"ez-toc-section\" id=\"gv_garden_%e2%80%93_dia_chi_cung_cap_hoa_hong_trang_co_chat_luong_tai_da_lat\"><\/span><strong><span dir=\"auto\" style=\"vertical-align: inherit;\"><span dir=\"auto\" style=\"vertical-align: inherit;\">GV Garden \u2013 \u0110\u1ecba Ch\u1ec9 Cung C\u1ea5p Hoa H\u1ed3ng Tr\u1eafng C\u1ed3 Ch\u1ea5t L\u01b0\u1ee3ng T\u1ea1i \u0110\u00e0 L\u1ea1t<\/span><\/span><\/strong><span class=\"ez-toc-section-end\"><\/span><\/h3>\n<div><span dir=\"auto\" style=\"vertical-align: inherit;\"><span dir=\"auto\" style=\"vertical-align: inherit;\">GV Garden chuy\u00ean cung c\u1ea5p hoa h\u1ed3ng tr\u1eafng C\u1ed3 tuy\u1ec3n ch\u1ecdn \u2013 cam k\u1ebft:<\/span><\/span><\/div>\n<div><span dir=\"auto\" style=\"vertical-align: inherit;\"><span dir=\"auto\" style=\"vertical-align: inherit;\">Hoa \u0111\u1eb9p \u0111\u1ec1u, \u0111\u00fang gi\u1ed1ng, c\u1eaft trong ng\u00e0y.<\/span><\/span><\/div>\n<div><span dir=\"auto\" style=\"vertical-align: inherit;\"><span dir=\"auto\" style=\"vertical-align: inherit;\">Giao h\u00e0ng to\u00e0n qu\u1ed1c \u2013 b\u1ea3o qu\u1ea3n l\u1ea1nh 100%.<\/span><\/span><\/div>\n<div><span dir=\"auto\" style=\"vertical-align: inherit;\"><span dir=\"auto\" style=\"vertical-align: inherit;\">Gi\u00e1 h\u1ea5p h\u1ea5p d\u1eabn cho kh\u00e1ch h\u00e0ng \u0111\u1ea1i l\u00fd, shop hoa, studio.<\/span><\/span><\/div>\n","protected":false},"excerpt":{"rendered":"<p>Hoa h\u1ed3ng tr\u1eafng C\u1ed3 \u0110\u00e0 L\u1ea1t \u2013 \u0110\u1eb9p Tinh Khi\u1ebft T\u1eeb Cao Nguy\u00ean Gi\u1edbi Thi\u1ec7u Hoa H\u1ed3ng Tr\u1eafng C\u1ed3 \u0110\u00e0 L\u1ea1t Ngu\u1ed3n g\u1ed1c v\u00e0 xu\u1ea5t x\u1ee9 Hoa h\u1ed3ng tr\u1eafng C\u1ed3 l\u00e0 m\u1ed9t trong nh\u1eefng gi\u1ed1ng hoa h\u1ed3ng cao c\u1ea5p \u0111\u01b0\u1ee3c tr\u1ed3ng ph\u1ed5 bi\u1ebfn t\u1ea1i v\u00f9ng kh\u00ed h\u1eadu m\u00e1t m\u1ebb c\u1ee7a \u0110\u00e0 L\u1ea1t. H\u1ed7 tr\u1ee3 \u0111i\u1ec1u [&#8230;]\n","protected":false},"featured_media":5849,"comment_status":"open","ping_status":"closed","template":"","meta":[],"product_brand":[],"product_cat":[298,273],"product_tag":[332,331,328,329,330],"class_list":{"0":"post-4371","1":"product","2":"type-product","3":"status-publish","4":"has-post-thumbnail","6":"product_cat-hoa-hong-da-lat-hoa-noi-dia-viet-nam-2","7":"product_cat-hoa-noi-dia-viet-nam","8":"product_tag-hoa-hong-da-lat-cao-cap","9":"product_tag-hoa-hong-trang-co-gia-si","10":"product_tag-hoa-hong-trang-nga","11":"product_tag-hoa-trang-co-da-lat","12":"product_tag-mua-hoa-hong-trang-co","14":"first","15":"instock","16":"shipping-taxable","17":"product-type-simple"},"_links":{"self":[{"href":"https:\/\/gvgarden.asia\/index.php?rest_route=\/wp\/v2\/product\/4371","targetHints":{"allow":["GET"]}}],"collection":[{"href":"https:\/\/gvgarden.asia\/index.php?rest_route=\/wp\/v2\/product"}],"about":[{"href":"https:\/\/gvgarden.asia\/index.php?rest_route=\/wp\/v2\/types\/product"}],"replies":[{"embeddable":true,"href":"https:\/\/gvgarden.asia\/index.php?rest_route=%2Fwp%2Fv2%2Fcomments&post=4371"}],"version-history":[{"count":4,"href":"https:\/\/gvgarden.asia\/index.php?rest_route=\/wp\/v2\/product\/4371\/revisions"}],"predecessor-version":[{"id":5850,"href":"https:\/\/gvgarden.asia\/index.php?rest_route=\/wp\/v2\/product\/4371\/revisions\/5850"}],"wp:featuredmedia":[{"embeddable":true,"href":"https:\/\/gvgarden.asia\/index.php?rest_route=\/wp\/v2\/media\/5849"}],"wp:attachment":[{"href":"https:\/\/gvgarden.asia\/index.php?rest_route=%2Fwp%2Fv2%2Fmedia&parent=4371"}],"wp:term":[{"taxonomy":"product_brand","embeddable":true,"href":"https:\/\/gvgarden.asia\/index.php?rest_route=%2Fwp%2Fv2%2Fproduct_brand&post=4371"},{"taxonomy":"product_cat","embeddable":true,"href":"https:\/\/gvgarden.asia\/index.php?rest_route=%2Fwp%2Fv2%2Fproduct_cat&post=4371"},{"taxonomy":"product_tag","embeddable":true,"href":"https:\/\/gvgarden.asia\/index.php?rest_route=%2Fwp%2Fv2%2Fproduct_tag&post=4371"}],"curies":[{"name":"wp","href":"https:\/\/api.w.org\/{rel}","templated":true}]}}