{"id":4369,"date":"2025-07-19T12:43:43","date_gmt":"2025-07-19T05:43:43","guid":{"rendered":"https:\/\/gvgarden.asia\/?post_type=product&#038;p=4369"},"modified":"2025-09-19T16:40:49","modified_gmt":"2025-09-19T09:40:49","slug":"hoa-hong-kem-trung-da-lat","status":"publish","type":"product","link":"https:\/\/gvgarden.asia\/?product=hoa-hong-kem-trung-da-lat","title":{"rendered":"Hoa H\u1ed3ng Kem Tr\u1ee9ng"},"content":{"rendered":"<div id=\"ez-toc-container\" class=\"ez-toc-v2_0_76 counter-hierarchy ez-toc-counter ez-toc-grey ez-toc-container-direction\">\n<div class=\"ez-toc-title-container\">\n<p class=\"ez-toc-title\" style=\"cursor:inherit\">N\u1ed9i Dung B\u00e0i Vi\u1ebft<\/p>\n<span class=\"ez-toc-title-toggle\"><a href=\"#\" class=\"ez-toc-pull-right ez-toc-btn ez-toc-btn-xs ez-toc-btn-default ez-toc-toggle\" aria-label=\"Toggle Table of Content\"><span class=\"ez-toc-js-icon-con\"><span class=\"\"><span class=\"eztoc-hide\" style=\"display:none;\">Toggle<\/span><span class=\"ez-toc-icon-toggle-span\"><svg style=\"fill: #999;color:#999\" xmlns=\"http:\/\/www.w3.org\/2000\/svg\" class=\"list-377408\" width=\"20px\" height=\"20px\" viewBox=\"0 0 24 24\" fill=\"none\"><path d=\"M6 6H4v2h2V6zm14 0H8v2h12V6zM4 11h2v2H4v-2zm16 0H8v2h12v-2zM4 16h2v2H4v-2zm16 0H8v2h12v-2z\" fill=\"currentColor\"><\/path><\/svg><svg style=\"fill: #999;color:#999\" class=\"arrow-unsorted-368013\" xmlns=\"http:\/\/www.w3.org\/2000\/svg\" width=\"10px\" height=\"10px\" viewBox=\"0 0 24 24\" version=\"1.2\" baseProfile=\"tiny\"><path d=\"M18.2 9.3l-6.2-6.3-6.2 6.3c-.2.2-.3.4-.3.7s.1.5.3.7c.2.2.4.3.7.3h11c.3 0 .5-.1.7-.3.2-.2.3-.5.3-.7s-.1-.5-.3-.7zM5.8 14.7l6.2 6.3 6.2-6.3c.2-.2.3-.5.3-.7s-.1-.5-.3-.7c-.2-.2-.4-.3-.7-.3h-11c-.3 0-.5.1-.7.3-.2.2-.3.5-.3.7s.1.5.3.7z\"\/><\/svg><\/span><\/span><\/span><\/a><\/span><\/div>\n<nav><ul class='ez-toc-list ez-toc-list-level-1 eztoc-toggle-hide-by-default' ><li class='ez-toc-page-1 ez-toc-heading-level-2'><a class=\"ez-toc-link ez-toc-heading-1\" href=\"https:\/\/gvgarden.asia\/?product=hoa-hong-kem-trung-da-lat\/#hoa_hong_kem_trung_da_lat_%e2%80%93_su_tinh_te_an_minh_trong_gam_mau_diu_ngot\" >Hoa H\u1ed3ng Kem Tr\u1ee9ng \u0110\u00e0 L\u1ea1t \u2013 S\u1ef1 Tinh T\u1ebf \u1ea8n M\u00ecnh Trong Gam M\u00e0u D\u1ecbu Ng\u1ecdt<\/a><ul class='ez-toc-list-level-3' ><li class='ez-toc-heading-level-3'><a class=\"ez-toc-link ez-toc-heading-2\" href=\"https:\/\/gvgarden.asia\/?product=hoa-hong-kem-trung-da-lat\/#gioi_thieu_ve_hoa_hong_kem_trung_trung_ga_da_lat\" >Gi\u1edbi thi\u1ec7u v\u1ec1 hoa h\u1ed3ng kem tr\u1ee9ng (tr\u1ee9ng g\u00e0) \u0110\u00e0 L\u1ea1t<\/a><\/li><li class='ez-toc-page-1 ez-toc-heading-level-3'><a class=\"ez-toc-link ez-toc-heading-3\" href=\"https:\/\/gvgarden.asia\/?product=hoa-hong-kem-trung-da-lat\/#y_nghia_cua_hoa_hong_kem_trung\" >\u00dd ngh\u0129a c\u1ee7a hoa h\u1ed3ng kem tr\u1ee9ng<\/a><ul class='ez-toc-list-level-4' ><li class='ez-toc-heading-level-4'><a class=\"ez-toc-link ez-toc-heading-4\" href=\"https:\/\/gvgarden.asia\/?product=hoa-hong-kem-trung-da-lat\/#su_nhe_nhang_trong_tinh_cam\" >S\u1ef1 nh\u1eb9 nh\u00e0ng trong t\u00ecnh c\u1ea3m<\/a><\/li><li class='ez-toc-page-1 ez-toc-heading-level-4'><a class=\"ez-toc-link ez-toc-heading-5\" href=\"https:\/\/gvgarden.asia\/?product=hoa-hong-kem-trung-da-lat\/#bieu_tuong_cua_su_sang_trong_va_thanh_lich\" >Bi\u1ec3u t\u01b0\u1ee3ng c\u1ee7a s\u1ef1 sang tr\u1ecdng v\u00e0 thanh l\u1ecbch<\/a><\/li><\/ul><\/li><li class='ez-toc-page-1 ez-toc-heading-level-3'><a class=\"ez-toc-link ez-toc-heading-6\" href=\"https:\/\/gvgarden.asia\/?product=hoa-hong-kem-trung-da-lat\/#dac_diem_cua_hoa_hong_kem_trung_da_lat\" >\u0110\u1eb7c \u0111i\u1ec3m c\u1ee7a hoa h\u1ed3ng kem tr\u1ee9ng \u0110\u00e0 L\u1ea1t<\/a><ul class='ez-toc-list-level-4' ><li class='ez-toc-heading-level-4'><a class=\"ez-toc-link ez-toc-heading-7\" href=\"https:\/\/gvgarden.asia\/?product=hoa-hong-kem-trung-da-lat\/#mau_sac_va_hinh_dang\" >M\u00e0u s\u1eafc v\u00e0 h\u00ecnh d\u00e1ng<\/a><\/li><li class='ez-toc-page-1 ez-toc-heading-level-4'><a class=\"ez-toc-link ez-toc-heading-8\" href=\"https:\/\/gvgarden.asia\/?product=hoa-hong-kem-trung-da-lat\/#do_ben_va_kha_nang_bao_quan\" >\u0110\u1ed9 b\u1ec1n v\u00e0 kh\u1ea3 n\u0103ng b\u1ea3o qu\u1ea3n<\/a><\/li><li class='ez-toc-page-1 ez-toc-heading-level-4'><a class=\"ez-toc-link ez-toc-heading-9\" href=\"https:\/\/gvgarden.asia\/?product=hoa-hong-kem-trung-da-lat\/#mua_vu_va_nguon_goc\" >M\u00f9a v\u1ee5 v\u00e0 ngu\u1ed3n g\u1ed1c<\/a><\/li><\/ul><\/li><li class='ez-toc-page-1 ez-toc-heading-level-3'><a class=\"ez-toc-link ez-toc-heading-10\" href=\"https:\/\/gvgarden.asia\/?product=hoa-hong-kem-trung-da-lat\/#ung_dung_cua_hoa_hong_kem_trung_trong_doi_song\" >\u1ee8ng d\u1ee5ng c\u1ee7a hoa h\u1ed3ng kem tr\u1ee9ng trong \u0111\u1eddi s\u1ed1ng<\/a><ul class='ez-toc-list-level-4' ><li class='ez-toc-heading-level-4'><a class=\"ez-toc-link ez-toc-heading-11\" href=\"https:\/\/gvgarden.asia\/?product=hoa-hong-kem-trung-da-lat\/#trang_tri_su_kien_cao_cap\" >Trang tr\u00ed s\u1ef1 ki\u1ec7n cao c\u1ea5p<\/a><\/li><li class='ez-toc-page-1 ez-toc-heading-level-4'><a class=\"ez-toc-link ez-toc-heading-12\" href=\"https:\/\/gvgarden.asia\/?product=hoa-hong-kem-trung-da-lat\/#lam_qua_tang_tinh_te\" >L\u00e0m qu\u00e0 t\u1eb7ng tinh t\u1ebf<\/a><\/li><li class='ez-toc-page-1 ez-toc-heading-level-4'><a class=\"ez-toc-link ez-toc-heading-13\" href=\"https:\/\/gvgarden.asia\/?product=hoa-hong-kem-trung-da-lat\/#hoa_decor_khong_gian_song\" >Hoa decor kh\u00f4ng gian s\u1ed1ng<\/a><\/li><\/ul><\/li><li class='ez-toc-page-1 ez-toc-heading-level-3'><a class=\"ez-toc-link ez-toc-heading-14\" href=\"https:\/\/gvgarden.asia\/?product=hoa-hong-kem-trung-da-lat\/#noi_mua_hoa_hong_kem_trung_da_lat_uy_tin\" >N\u01a1i mua hoa h\u1ed3ng kem tr\u1ee9ng \u0110\u00e0 L\u1ea1t uy t\u00edn<\/a><\/li><li class='ez-toc-page-1 ez-toc-heading-level-3'><a class=\"ez-toc-link ez-toc-heading-15\" href=\"https:\/\/gvgarden.asia\/?product=hoa-hong-kem-trung-da-lat\/#tong_ket\" >T\u1ed5ng k\u1ebft<\/a><\/li><\/ul><\/li><\/ul><\/nav><\/div>\n<h2><span class=\"ez-toc-section\" id=\"hoa_hong_kem_trung_da_lat_%e2%80%93_su_tinh_te_an_minh_trong_gam_mau_diu_ngot\"><\/span><strong>Hoa H\u1ed3ng Kem Tr\u1ee9ng \u0110\u00e0 L\u1ea1t \u2013 S\u1ef1 Tinh T\u1ebf \u1ea8n M\u00ecnh Trong Gam M\u00e0u D\u1ecbu Ng\u1ecdt<\/strong><span class=\"ez-toc-section-end\"><\/span><\/h2>\n<h3><span class=\"ez-toc-section\" id=\"gioi_thieu_ve_hoa_hong_kem_trung_trung_ga_da_lat\"><\/span><strong>Gi\u1edbi thi\u1ec7u v\u1ec1 hoa h\u1ed3ng kem tr\u1ee9ng (tr\u1ee9ng g\u00e0) \u0110\u00e0 L\u1ea1t<\/strong><span class=\"ez-toc-section-end\"><\/span><\/h3>\n<div>Hoa h\u1ed3ng kem tr\u1ee9ng (c\u00f2n g\u1ecdi l\u00e0 hoa h\u1ed3ng m\u00e0u tr\u1ee9ng g\u00e0) l\u00e0 m\u1ed9t trong nh\u1eefng gi\u1ed1ng hoa \u0111\u01b0\u1ee3c y\u00eau th\u00edch nh\u1ea5t t\u1ea1i \u0110\u00e0 L\u1ea1t nh\u1edd gam m\u00e0u ng\u1ecdt ng\u00e0o, thanh tho\u00e1t nh\u01b0ng kh\u00f4ng k\u00e9m ph\u1ea7n sang tr\u1ecdng. C\u00e1nh hoa c\u00f3 m\u00e0u kem v\u00e0ng nh\u1ea1t nh\u01b0 l\u00f2ng \u0111\u1ecf tr\u1ee9ng g\u00e0 \u0111\u01b0\u1ee3c \u0111\u00e1nh nh\u1eb9, t\u1ea1o n\u00ean c\u1ea3m gi\u00e1c v\u1eeba \u1ea5m \u00e1p v\u1eeba d\u1ecbu d\u00e0ng, r\u1ea5t ph\u00f9 h\u1ee3p v\u1edbi nh\u1eefng ai y\u00eau th\u00edch phong c\u00e1ch t\u1ed1i gi\u1ea3n, tinh t\u1ebf.<\/div>\n<div><\/div>\n<div>Lo\u00e0i hoa n\u00e0y kh\u00f4ng ch\u1ec9 \u0111\u01b0\u1ee3c tr\u1ed3ng t\u1ea1i c\u00e1c trang tr\u1ea1i hoa l\u1edbn t\u1ea1i \u0110\u00e0 L\u1ea1t m\u00e0 c\u00f2n l\u00e0 l\u1ef1a ch\u1ecdn h\u00e0ng \u0111\u1ea7u trong c\u00e1c b\u00f3 hoa ngh\u1ec7 thu\u1eadt, hoa c\u01b0\u1edbi v\u00e0 qu\u00e0 t\u1eb7ng doanh nghi\u1ec7p.<\/div>\n<div><\/div>\n<div>T\u1ea1i sao n\u00ean ch\u1ecdn hoa h\u1ed3ng kem tr\u1ee9ng:<\/div>\n<div>M\u00e0u s\u1eafc hi\u1ebfm, thanh l\u1ecbch<\/div>\n<div>D\u1ec5 k\u1ebft h\u1ee3p v\u1edbi nhi\u1ec1u lo\u1ea1i hoa kh\u00e1c<\/div>\n<div>\u0110\u01b0\u1ee3c gi\u1edbi decor \u01b0a chu\u1ed9ng trong trang tr\u00ed cao c\u1ea5p<\/div>\n<div><\/div>\n<h3><span class=\"ez-toc-section\" id=\"y_nghia_cua_hoa_hong_kem_trung\"><\/span><strong>\u00dd ngh\u0129a c\u1ee7a hoa h\u1ed3ng kem tr\u1ee9ng<\/strong><span class=\"ez-toc-section-end\"><\/span><\/h3>\n<h4><span class=\"ez-toc-section\" id=\"su_nhe_nhang_trong_tinh_cam\"><\/span><strong>S\u1ef1 nh\u1eb9 nh\u00e0ng trong t\u00ecnh c\u1ea3m<\/strong><span class=\"ez-toc-section-end\"><\/span><\/h4>\n<div>Kh\u00e1c v\u1edbi hoa h\u1ed3ng \u0111\u1ecf t\u01b0\u1ee3ng tr\u01b0ng cho t\u00ecnh y\u00eau m\u00e3nh li\u1ec7t, hoa h\u1ed3ng kem tr\u1ee9ng \u0111\u1ea1i di\u1ec7n cho t\u00ecnh c\u1ea3m nh\u1eb9 nh\u00e0ng, \u00eam \u00e1i v\u00e0 \u0111\u1ea7y chi\u1ec1u s\u00e2u. \u0110\u00e2y l\u00e0 m\u00f3n qu\u00e0 l\u00fd t\u01b0\u1edfng cho nh\u1eefng ai \u0111ang trong giai \u0111o\u1ea1n vun \u0111\u1eafp t\u00ecnh y\u00eau ho\u1eb7c mu\u1ed1n th\u1ec3 hi\u1ec7n s\u1ef1 quan t\u00e2m s\u00e2u s\u1eafc nh\u01b0ng k\u00edn \u0111\u00e1o.<\/div>\n<div><\/div>\n<div>Th\u00f4ng \u0111i\u1ec7p:<\/div>\n<div>&#8220;T\u00ecnh c\u1ea3m c\u1ee7a t\u00f4i d\u00e0nh cho b\u1ea1n nh\u1eb9 nh\u00e0ng, ch\u00e2n th\u00e0nh v\u00e0 l\u00e2u b\u1ec1n.&#8221;<\/div>\n<div><\/div>\n<h4><span class=\"ez-toc-section\" id=\"bieu_tuong_cua_su_sang_trong_va_thanh_lich\"><\/span><strong>Bi\u1ec3u t\u01b0\u1ee3ng c\u1ee7a s\u1ef1 sang tr\u1ecdng v\u00e0 thanh l\u1ecbch<\/strong><span class=\"ez-toc-section-end\"><\/span><\/h4>\n<div>M\u00e0u kem tr\u1ee9ng kh\u00f4ng ch\u1ec9 l\u00e0 gam m\u00e0u \u0111\u01b0\u1ee3c \u01b0a chu\u1ed9ng trong thi\u1ebft k\u1ebf n\u1ed9i th\u1ea5t, th\u1eddi trang m\u00e0 c\u00f2n th\u1ec3 hi\u1ec7n m\u1ed9t phong c\u00e1ch s\u1ed1ng tinh t\u1ebf v\u00e0 \u0111\u1eb3ng c\u1ea5p. Nh\u1eefng b\u00f3 hoa kem tr\u1ee9ng \u0111\u01b0\u1ee3c ph\u1ed1i theo t\u00f4ng pastel th\u01b0\u1eddng mang \u0111\u1ebfn c\u1ea3m gi\u00e1c thanh l\u1ecbch, r\u1ea5t ph\u00f9 h\u1ee3p trong c\u00e1c s\u1ef1 ki\u1ec7n nh\u01b0 h\u1ed9i th\u1ea3o, ti\u1ec7c c\u01b0\u1edbi, ho\u1eb7c trang tr\u00ed showroom.<\/div>\n<div><\/div>\n<h3><span class=\"ez-toc-section\" id=\"dac_diem_cua_hoa_hong_kem_trung_da_lat\"><\/span><strong>\u0110\u1eb7c \u0111i\u1ec3m c\u1ee7a hoa h\u1ed3ng kem tr\u1ee9ng \u0110\u00e0 L\u1ea1t<\/strong><span class=\"ez-toc-section-end\"><\/span><\/h3>\n<h4><span class=\"ez-toc-section\" id=\"mau_sac_va_hinh_dang\"><\/span><strong>M\u00e0u s\u1eafc v\u00e0 h\u00ecnh d\u00e1ng<\/strong><span class=\"ez-toc-section-end\"><\/span><\/h4>\n<div>M\u00e0u: Kem ng\u00e0 pha ch\u00fat v\u00e0ng nh\u1ea1t \u2013 gi\u1ed1ng m\u00e0u l\u00f2ng \u0111\u1ecf tr\u1ee9ng g\u00e0<\/div>\n<div>C\u00e1nh hoa: D\u00e0y, m\u1ecbn, x\u1ebfp kh\u00edt t\u1ea1o c\u1ea3m gi\u00e1c \u0111\u1ea7y \u0111\u1eb7n<\/div>\n<div>\u0110\u01b0\u1eddng k\u00ednh b\u00f4ng: ~5\u20137 cm<\/div>\n<div>Chi\u1ec1u d\u00e0i c\u00e0nh: 40\u201360 cm<\/div>\n<div>H\u01b0\u01a1ng th\u01a1m: Nh\u1eb9 nh\u00e0ng, d\u1ec5 ch\u1ecbu<\/div>\n<div><\/div>\n<h4><span class=\"ez-toc-section\" id=\"do_ben_va_kha_nang_bao_quan\"><\/span><strong>\u0110\u1ed9 b\u1ec1n v\u00e0 kh\u1ea3 n\u0103ng b\u1ea3o qu\u1ea3n<\/strong><span class=\"ez-toc-section-end\"><\/span><\/h4>\n<div>Khi c\u1eafm n\u01b0\u1edbc: t\u01b0\u01a1i t\u1eeb 5\u20137 ng\u00e0y<\/div>\n<div>Khi b\u1ea3o qu\u1ea3n l\u1ea1nh: c\u00f3 th\u1ec3 gi\u1eef form t\u1eeb 7\u201310 ng\u00e0y<\/div>\n<div>N\u00ean thay n\u01b0\u1edbc m\u1ed7i ng\u00e0y v\u00e0 c\u1eaft x\u00e9o g\u1ed1c \u0111\u1ec3 hoa h\u00fat n\u01b0\u1edbc t\u1ed1t h\u01a1n<\/div>\n<div><\/div>\n<h4><span class=\"ez-toc-section\" id=\"mua_vu_va_nguon_goc\"><\/span><strong>M\u00f9a v\u1ee5 v\u00e0 ngu\u1ed3n g\u1ed1c<\/strong><span class=\"ez-toc-section-end\"><\/span><\/h4>\n<div>Hoa h\u1ed3ng kem tr\u1ee9ng \u0111\u01b0\u1ee3c nh\u00e2n gi\u1ed1ng t\u1eeb gi\u1ed1ng hoa nh\u1eadp kh\u1ea9u ch\u00e2u \u00c2u, nh\u01b0ng nay \u0111\u00e3 \u0111\u01b0\u1ee3c tr\u1ed3ng ph\u1ed5 bi\u1ebfn t\u1ea1i \u0110\u00e0 L\u1ea1t \u2013 n\u01a1i c\u00f3 kh\u00ed h\u1eadu \u00f4n \u0111\u1edbi m\u00e1t m\u1ebb, l\u00fd t\u01b0\u1edfng cho s\u1ef1 ph\u00e1t tri\u1ec3n \u0111\u1ec1u m\u00e0u v\u00e0 b\u1ec1n d\u00e1ng.<\/div>\n<div><\/div>\n<h3><span class=\"ez-toc-section\" id=\"ung_dung_cua_hoa_hong_kem_trung_trong_doi_song\"><\/span><strong>\u1ee8ng d\u1ee5ng c\u1ee7a hoa h\u1ed3ng kem tr\u1ee9ng trong \u0111\u1eddi s\u1ed1ng<\/strong><span class=\"ez-toc-section-end\"><\/span><\/h3>\n<h4><span class=\"ez-toc-section\" id=\"trang_tri_su_kien_cao_cap\"><\/span><strong>Trang tr\u00ed s\u1ef1 ki\u1ec7n cao c\u1ea5p<\/strong><span class=\"ez-toc-section-end\"><\/span><\/h4>\n<div>M\u00e0u kem tr\u1ee9ng \u0111\u01b0\u1ee3c xem l\u00e0 m\u00e0u \u201can to\u00e0n\u201d trong decor v\u00ec kh\u00f4ng qu\u00e1 n\u1ed5i b\u1eadt nh\u01b0ng v\u1eabn mang l\u1ea1i s\u1ef1 nh\u00e3 nh\u1eb7n v\u00e0 d\u1ec5 k\u1ebft h\u1ee3p. Trong c\u00e1c b\u1eefa ti\u1ec7c, h\u1ed9i ngh\u1ecb hay l\u1ec5 c\u01b0\u1edbi, hoa h\u1ed3ng kem tr\u1ee9ng th\u01b0\u1eddng \u0111\u01b0\u1ee3c s\u1eed d\u1ee5ng l\u00e0m hoa ch\u1ee7 \u0111\u1ea1o ho\u1eb7c hoa n\u1ec1n \u0111\u1ec3 t\u1ea1o kh\u00f4ng gian sang tr\u1ecdng.<\/div>\n<div><\/div>\n<div>\u1ee8ng d\u1ee5ng th\u1ef1c t\u1ebf:<\/div>\n<div><\/div>\n<div>Hoa b\u00e0n ti\u1ec7c<\/div>\n<div>Hoa c\u1ea7m tay c\u00f4 d\u00e2u<\/div>\n<div>Hoa ch\u00fac m\u1eebng khai tr\u01b0\u01a1ng, l\u1ec5 t\u00e2n v\u0103n ph\u00f2ng<\/div>\n<div><\/div>\n<h4><span class=\"ez-toc-section\" id=\"lam_qua_tang_tinh_te\"><\/span><strong>L\u00e0m qu\u00e0 t\u1eb7ng tinh t\u1ebf<\/strong><span class=\"ez-toc-section-end\"><\/span><\/h4>\n<div>T\u1eb7ng ng\u01b0\u1eddi y\u00eau: th\u1ec3 hi\u1ec7n t\u00ecnh c\u1ea3m s\u00e2u l\u1eafng<\/div>\n<div>T\u1eb7ng m\u1eb9, c\u00f4 gi\u00e1o: b\u00e0y t\u1ecf s\u1ef1 k\u00ednh tr\u1ecdng v\u00e0 bi\u1ebft \u01a1n<\/div>\n<div>T\u1eb7ng \u0111\u1ed1i t\u00e1c, kh\u00e1ch h\u00e0ng: t\u1ea1o thi\u1ec7n c\u1ea3m nh\u1eb9 nh\u00e0ng, l\u1ecbch s\u1ef1<\/div>\n<div><\/div>\n<h4><span class=\"ez-toc-section\" id=\"hoa_decor_khong_gian_song\"><\/span><strong>Hoa decor kh\u00f4ng gian s\u1ed1ng<\/strong><span class=\"ez-toc-section-end\"><\/span><\/h4>\n<div>B\u00ecnh hoa h\u1ed3ng kem tr\u1ee9ng \u0111\u1eb7t t\u1ea1i ph\u00f2ng kh\u00e1ch, b\u00e0n \u0103n hay ph\u00f2ng l\u00e0m vi\u1ec7c s\u1ebd mang \u0111\u1ebfn s\u1ef1 \u1ea5m \u00e1p, d\u1ec5 ch\u1ecbu v\u00e0 thanh l\u1ecbch. Nhi\u1ec1u gia ch\u1ee7 ch\u1ecdn gam m\u00e0u n\u00e0y \u0111\u1ec3 trung h\u00f2a kh\u00f4ng gian c\u00f3 qu\u00e1 nhi\u1ec1u m\u00e0u n\u00f3ng ho\u1eb7c m\u00e0u l\u1ea1nh.<\/div>\n<div><\/div>\n<h3><span class=\"ez-toc-section\" id=\"noi_mua_hoa_hong_kem_trung_da_lat_uy_tin\"><\/span><strong>N\u01a1i mua hoa h\u1ed3ng kem tr\u1ee9ng \u0110\u00e0 L\u1ea1t uy t\u00edn<\/strong><span class=\"ez-toc-section-end\"><\/span><\/h3>\n<div>B\u1ea1n c\u00f3 th\u1ec3 d\u1ec5 d\u00e0ng \u0111\u1eb7t mua hoa h\u1ed3ng kem tr\u1ee9ng th\u00f4ng qua:<\/div>\n<div><\/div>\n<div>C\u00e1c shop hoa cao c\u1ea5p t\u1ea1i TP.HCM v\u00e0 H\u00e0 N\u1ed9i<\/div>\n<div>(VD: May Lily Flower &amp; Decor, Liti Florist, Dalat Hasfarm)<\/div>\n<div><\/div>\n<div>\u0110\u1eb7t tr\u1ef1c ti\u1ebfp t\u1eeb nh\u00e0 v\u01b0\u1eddn \u0110\u00e0 L\u1ea1t qua fanpage ho\u1eb7c website<\/div>\n<div><\/div>\n<div>S\u00e0n th\u01b0\u01a1ng m\u1ea1i \u0111i\u1ec7n t\u1eed: Shopee, Lazada (lo\u1ea1i \u201choa t\u01b0\u01a1i \u0110\u00e0 L\u1ea1t\u201d)<\/div>\n<div><\/div>\n<div>D\u1ecbch v\u1ee5 giao hoa nhanh trong 2H t\u1ea1i c\u00e1c th\u00e0nh ph\u1ed1 l\u1edbn<\/div>\n<div><\/div>\n<h3><span class=\"ez-toc-section\" id=\"tong_ket\"><\/span><strong>T\u1ed5ng k\u1ebft<\/strong><span class=\"ez-toc-section-end\"><\/span><\/h3>\n<div>Hoa h\u1ed3ng kem tr\u1ee9ng kh\u00f4ng ch\u1ec9 l\u00e0 m\u1ed9t lo\u00e0i hoa \u0111\u1eb9p v\u1ec1 m\u1eb7t h\u00ecnh th\u1ee9c m\u00e0 c\u00f2n mang \u00fd ngh\u0129a s\u00e2u s\u1eafc v\u1ec1 m\u1eb7t c\u1ea3m x\u00fac v\u00e0 th\u1ea9m m\u1ef9. N\u1ebfu b\u1ea1n \u0111ang t\u00ecm ki\u1ebfm m\u1ed9t m\u00f3n qu\u00e0 nh\u1eb9 nh\u00e0ng nh\u01b0ng \u0111\u1ee7 tinh t\u1ebf \u0111\u1ec3 th\u1ec3 hi\u1ec7n t\u00ecnh c\u1ea3m, th\u00ec hoa h\u1ed3ng kem tr\u1ee9ng \u0110\u00e0 L\u1ea1t ch\u00ednh l\u00e0 l\u1ef1a ch\u1ecdn ho\u00e0n h\u1ea3o.<\/div>\n<div><\/div>\n","protected":false},"excerpt":{"rendered":"<p>Hoa H\u1ed3ng Kem Tr\u1ee9ng \u0110\u00e0 L\u1ea1t \u2013 S\u1ef1 Tinh T\u1ebf \u1ea8n M\u00ecnh Trong Gam M\u00e0u D\u1ecbu Ng\u1ecdt Gi\u1edbi thi\u1ec7u v\u1ec1 hoa h\u1ed3ng kem tr\u1ee9ng (tr\u1ee9ng g\u00e0) \u0110\u00e0 L\u1ea1t Hoa h\u1ed3ng kem tr\u1ee9ng (c\u00f2n g\u1ecdi l\u00e0 hoa h\u1ed3ng m\u00e0u tr\u1ee9ng g\u00e0) l\u00e0 m\u1ed9t trong nh\u1eefng gi\u1ed1ng hoa \u0111\u01b0\u1ee3c y\u00eau th\u00edch nh\u1ea5t t\u1ea1i \u0110\u00e0 L\u1ea1t nh\u1edd gam [&#8230;]\n","protected":false},"featured_media":5845,"comment_status":"open","ping_status":"closed","template":"","meta":[],"product_brand":[],"product_cat":[273,298],"product_tag":[332,339,338,342,340,341,343],"class_list":{"0":"post-4369","1":"product","2":"type-product","3":"status-publish","4":"has-post-thumbnail","6":"product_cat-hoa-noi-dia-viet-nam","7":"product_cat-hoa-hong-da-lat-hoa-noi-dia-viet-nam-2","8":"product_tag-hoa-hong-da-lat-cao-cap","9":"product_tag-hoa-hong-kem-da-lat","10":"product_tag-hoa-hong-mau-trung-ga","11":"product_tag-hoa-hong-nhap-khau-da-lat","12":"product_tag-hoa-hong-nhe-nhang-sang-trong","13":"product_tag-hoa-hong-pastel","14":"product_tag-hoa-hong-tang-sinh-nhat","16":"first","17":"instock","18":"shipping-taxable","19":"product-type-simple"},"_links":{"self":[{"href":"https:\/\/gvgarden.asia\/index.php?rest_route=\/wp\/v2\/product\/4369","targetHints":{"allow":["GET"]}}],"collection":[{"href":"https:\/\/gvgarden.asia\/index.php?rest_route=\/wp\/v2\/product"}],"about":[{"href":"https:\/\/gvgarden.asia\/index.php?rest_route=\/wp\/v2\/types\/product"}],"replies":[{"embeddable":true,"href":"https:\/\/gvgarden.asia\/index.php?rest_route=%2Fwp%2Fv2%2Fcomments&post=4369"}],"version-history":[{"count":3,"href":"https:\/\/gvgarden.asia\/index.php?rest_route=\/wp\/v2\/product\/4369\/revisions"}],"predecessor-version":[{"id":5621,"href":"https:\/\/gvgarden.asia\/index.php?rest_route=\/wp\/v2\/product\/4369\/revisions\/5621"}],"wp:featuredmedia":[{"embeddable":true,"href":"https:\/\/gvgarden.asia\/index.php?rest_route=\/wp\/v2\/media\/5845"}],"wp:attachment":[{"href":"https:\/\/gvgarden.asia\/index.php?rest_route=%2Fwp%2Fv2%2Fmedia&parent=4369"}],"wp:term":[{"taxonomy":"product_brand","embeddable":true,"href":"https:\/\/gvgarden.asia\/index.php?rest_route=%2Fwp%2Fv2%2Fproduct_brand&post=4369"},{"taxonomy":"product_cat","embeddable":true,"href":"https:\/\/gvgarden.asia\/index.php?rest_route=%2Fwp%2Fv2%2Fproduct_cat&post=4369"},{"taxonomy":"product_tag","embeddable":true,"href":"https:\/\/gvgarden.asia\/index.php?rest_route=%2Fwp%2Fv2%2Fproduct_tag&post=4369"}],"curies":[{"name":"wp","href":"https:\/\/api.w.org\/{rel}","templated":true}]}}