{"id":4368,"date":"2025-07-19T12:43:43","date_gmt":"2025-07-19T05:43:43","guid":{"rendered":"https:\/\/gvgarden.asia\/?post_type=product&#038;p=4368"},"modified":"2025-09-19T16:35:31","modified_gmt":"2025-09-19T09:35:31","slug":"hoa-hong-hy-trung-da-lat","status":"publish","type":"product","link":"https:\/\/gvgarden.asia\/?product=hoa-hong-hy-trung-da-lat","title":{"rendered":"Hoa H\u1ed3ng H\u1ef7 Tr\u1ee9ng"},"content":{"rendered":"<div id=\"ez-toc-container\" class=\"ez-toc-v2_0_76 counter-hierarchy ez-toc-counter ez-toc-grey ez-toc-container-direction\">\n<div class=\"ez-toc-title-container\">\n<p class=\"ez-toc-title\" style=\"cursor:inherit\">N\u1ed9i Dung B\u00e0i Vi\u1ebft<\/p>\n<span class=\"ez-toc-title-toggle\"><a href=\"#\" class=\"ez-toc-pull-right ez-toc-btn ez-toc-btn-xs ez-toc-btn-default ez-toc-toggle\" aria-label=\"Toggle Table of Content\"><span class=\"ez-toc-js-icon-con\"><span class=\"\"><span class=\"eztoc-hide\" style=\"display:none;\">Toggle<\/span><span class=\"ez-toc-icon-toggle-span\"><svg style=\"fill: #999;color:#999\" xmlns=\"http:\/\/www.w3.org\/2000\/svg\" class=\"list-377408\" width=\"20px\" height=\"20px\" viewBox=\"0 0 24 24\" fill=\"none\"><path d=\"M6 6H4v2h2V6zm14 0H8v2h12V6zM4 11h2v2H4v-2zm16 0H8v2h12v-2zM4 16h2v2H4v-2zm16 0H8v2h12v-2z\" fill=\"currentColor\"><\/path><\/svg><svg style=\"fill: #999;color:#999\" class=\"arrow-unsorted-368013\" xmlns=\"http:\/\/www.w3.org\/2000\/svg\" width=\"10px\" height=\"10px\" viewBox=\"0 0 24 24\" version=\"1.2\" baseProfile=\"tiny\"><path d=\"M18.2 9.3l-6.2-6.3-6.2 6.3c-.2.2-.3.4-.3.7s.1.5.3.7c.2.2.4.3.7.3h11c.3 0 .5-.1.7-.3.2-.2.3-.5.3-.7s-.1-.5-.3-.7zM5.8 14.7l6.2 6.3 6.2-6.3c.2-.2.3-.5.3-.7s-.1-.5-.3-.7c-.2-.2-.4-.3-.7-.3h-11c-.3 0-.5.1-.7.3-.2.2-.3.5-.3.7s.1.5.3.7z\"\/><\/svg><\/span><\/span><\/span><\/a><\/span><\/div>\n<nav><ul class='ez-toc-list ez-toc-list-level-1 eztoc-toggle-hide-by-default' ><li class='ez-toc-page-1 ez-toc-heading-level-2'><a class=\"ez-toc-link ez-toc-heading-1\" href=\"https:\/\/gvgarden.asia\/?product=hoa-hong-hy-trung-da-lat\/#hoa_hong_hy_trung_da_lat_%e2%80%93_net_quy_phai_tu_thien_nhien_ban_tang\" >Hoa h\u1ed3ng H\u1ef7 Tr\u1ee9ng \u0110\u00e0 L\u1ea1t \u2013 N\u00e9t qu\u00fd ph\u00e1i t\u1eeb thi\u00ean nhi\u00ean ban t\u1eb7ng<\/a><ul class='ez-toc-list-level-3' ><li class='ez-toc-heading-level-3'><a class=\"ez-toc-link ez-toc-heading-2\" href=\"https:\/\/gvgarden.asia\/?product=hoa-hong-hy-trung-da-lat\/#gioi_thieu_ve_hoa_hong_hy_trung_da_lat\" >Gi\u1edbi thi\u1ec7u v\u1ec1 hoa h\u1ed3ng H\u1ef7 Tr\u1ee9ng \u0110\u00e0 L\u1ea1t<\/a><ul class='ez-toc-list-level-4' ><li class='ez-toc-heading-level-4'><a class=\"ez-toc-link ez-toc-heading-3\" href=\"https:\/\/gvgarden.asia\/?product=hoa-hong-hy-trung-da-lat\/#nguon_goc_va_ten_goi_dac_biet\" >Ngu\u1ed3n g\u1ed1c v\u00e0 t\u00ean g\u1ecdi \u0111\u1eb7c bi\u1ec7t<\/a><\/li><\/ul><\/li><li class='ez-toc-page-1 ez-toc-heading-level-3'><a class=\"ez-toc-link ez-toc-heading-4\" href=\"https:\/\/gvgarden.asia\/?product=hoa-hong-hy-trung-da-lat\/#y_nghia_dac_biet_cua_hoa_hong_hy_trung\" >\u00dd ngh\u0129a \u0111\u1eb7c bi\u1ec7t c\u1ee7a hoa h\u1ed3ng H\u1ef7 Tr\u1ee9ng<\/a><ul class='ez-toc-list-level-4' ><li class='ez-toc-heading-level-4'><a class=\"ez-toc-link ez-toc-heading-5\" href=\"https:\/\/gvgarden.asia\/?product=hoa-hong-hy-trung-da-lat\/#bieu_tuong_cua_khoi_dau_moi_va_may_man\" >Bi\u1ec3u t\u01b0\u1ee3ng c\u1ee7a kh\u1edfi \u0111\u1ea7u m\u1edbi v\u00e0 may m\u1eafn<\/a><\/li><li class='ez-toc-page-1 ez-toc-heading-level-4'><a class=\"ez-toc-link ez-toc-heading-6\" href=\"https:\/\/gvgarden.asia\/?product=hoa-hong-hy-trung-da-lat\/#bieu_tuong_cua_tinh_yeu_nhe_nhang_va_ben_vung\" >Bi\u1ec3u t\u01b0\u1ee3ng c\u1ee7a t\u00ecnh y\u00eau nh\u1eb9 nh\u00e0ng v\u00e0 b\u1ec1n v\u1eefng<\/a><\/li><\/ul><\/li><li class='ez-toc-page-1 ez-toc-heading-level-3'><a class=\"ez-toc-link ez-toc-heading-7\" href=\"https:\/\/gvgarden.asia\/?product=hoa-hong-hy-trung-da-lat\/#dac_diem_nhan_dien_cua_hoa_hong_hy_trung\" >\u0110\u1eb7c \u0111i\u1ec3m nh\u1eadn di\u1ec7n c\u1ee7a hoa h\u1ed3ng H\u1ef7 Tr\u1ee9ng<\/a><ul class='ez-toc-list-level-4' ><li class='ez-toc-heading-level-4'><a class=\"ez-toc-link ez-toc-heading-8\" href=\"https:\/\/gvgarden.asia\/?product=hoa-hong-hy-trung-da-lat\/#hinh_dang_va_mau_sac_dac_trung\" >H\u00ecnh d\u00e1ng v\u00e0 m\u00e0u s\u1eafc \u0111\u1eb7c tr\u01b0ng<\/a><\/li><li class='ez-toc-page-1 ez-toc-heading-level-4'><a class=\"ez-toc-link ez-toc-heading-9\" href=\"https:\/\/gvgarden.asia\/?product=hoa-hong-hy-trung-da-lat\/#huong_thom_va_do_ben_hoa\" >H\u01b0\u01a1ng th\u01a1m v\u00e0 \u0111\u1ed9 b\u1ec1n hoa<\/a><\/li><\/ul><\/li><li class='ez-toc-page-1 ez-toc-heading-level-3'><a class=\"ez-toc-link ez-toc-heading-10\" href=\"https:\/\/gvgarden.asia\/?product=hoa-hong-hy-trung-da-lat\/#ung_dung_cua_hoa_hong_hy_trung_trong_doi_song\" >\u1ee8ng d\u1ee5ng c\u1ee7a hoa h\u1ed3ng H\u1ef7 Tr\u1ee9ng trong \u0111\u1eddi s\u1ed1ng<\/a><ul class='ez-toc-list-level-4' ><li class='ez-toc-heading-level-4'><a class=\"ez-toc-link ez-toc-heading-11\" href=\"https:\/\/gvgarden.asia\/?product=hoa-hong-hy-trung-da-lat\/#lam_hoa_cuoi_hoa_su_kien_cao_cap\" >L\u00e0m hoa c\u01b0\u1edbi, hoa s\u1ef1 ki\u1ec7n cao c\u1ea5p<\/a><\/li><li class='ez-toc-page-1 ez-toc-heading-level-4'><a class=\"ez-toc-link ez-toc-heading-12\" href=\"https:\/\/gvgarden.asia\/?product=hoa-hong-hy-trung-da-lat\/#trang_tri_khong_gian_song_quan_ca_phe_nha_hang\" >Trang tr\u00ed kh\u00f4ng gian s\u1ed1ng, qu\u00e1n c\u00e0 ph\u00ea, nh\u00e0 h\u00e0ng<\/a><\/li><li class='ez-toc-page-1 ez-toc-heading-level-4'><a class=\"ez-toc-link ez-toc-heading-13\" href=\"https:\/\/gvgarden.asia\/?product=hoa-hong-hy-trung-da-lat\/#qua_tang_y_nghia_trong_phong_thuy_va_le_tet\" >Qu\u00e0 t\u1eb7ng \u00fd ngh\u0129a trong phong th\u1ee7y v\u00e0 l\u1ec5 t\u1ebft<\/a><\/li><\/ul><\/li><li class='ez-toc-page-1 ez-toc-heading-level-3'><a class=\"ez-toc-link ez-toc-heading-14\" href=\"https:\/\/gvgarden.asia\/?product=hoa-hong-hy-trung-da-lat\/#mua_hoa_hong_hy_trung_da_lat_o_dau_chat_luong\" >Mua hoa h\u1ed3ng H\u1ef7 Tr\u1ee9ng \u0110\u00e0 L\u1ea1t \u1edf \u0111\u00e2u ch\u1ea5t l\u01b0\u1ee3ng?<\/a><\/li><li class='ez-toc-page-1 ez-toc-heading-level-3'><a class=\"ez-toc-link ez-toc-heading-15\" href=\"https:\/\/gvgarden.asia\/?product=hoa-hong-hy-trung-da-lat\/#ket_luan\" >K\u1ebft lu\u1eadn<\/a><\/li><\/ul><\/li><\/ul><\/nav><\/div>\n<h2><span class=\"ez-toc-section\" id=\"hoa_hong_hy_trung_da_lat_%e2%80%93_net_quy_phai_tu_thien_nhien_ban_tang\"><\/span><strong>Hoa h\u1ed3ng H\u1ef7 Tr\u1ee9ng \u0110\u00e0 L\u1ea1t \u2013 N\u00e9t qu\u00fd ph\u00e1i t\u1eeb thi\u00ean nhi\u00ean ban t\u1eb7ng<\/strong><span class=\"ez-toc-section-end\"><\/span><\/h2>\n<h3><span class=\"ez-toc-section\" id=\"gioi_thieu_ve_hoa_hong_hy_trung_da_lat\"><\/span><strong>Gi\u1edbi thi\u1ec7u v\u1ec1 hoa h\u1ed3ng H\u1ef7 Tr\u1ee9ng \u0110\u00e0 L\u1ea1t<\/strong><span class=\"ez-toc-section-end\"><\/span><\/h3>\n<h4><span class=\"ez-toc-section\" id=\"nguon_goc_va_ten_goi_dac_biet\"><\/span><strong>Ngu\u1ed3n g\u1ed1c v\u00e0 t\u00ean g\u1ecdi \u0111\u1eb7c bi\u1ec7t<\/strong><span class=\"ez-toc-section-end\"><\/span><\/h4>\n<div>Hoa h\u1ed3ng H\u1ef7 Tr\u1ee9ng l\u00e0 m\u1ed9t trong nh\u1eefng gi\u1ed1ng hoa h\u1ed3ng lai nh\u1eadp kh\u1ea9u \u0111\u01b0\u1ee3c tr\u1ed3ng t\u1ea1i \u0110\u00e0 L\u1ea1t \u2013 v\u00f9ng \u0111\u1ea5t l\u00fd t\u01b0\u1edfng cho s\u1ef1 ph\u00e1t tri\u1ec3n c\u1ee7a c\u00e1c gi\u1ed1ng hoa cao c\u1ea5p. T\u00ean g\u1ecdi \u201cH\u1ef7 Tr\u1ee9ng\u201d b\u1eaft ngu\u1ed3n t\u1eeb h\u00ecnh d\u00e1ng v\u00e0 m\u00e0u s\u1eafc c\u1ee7a hoa: n\u1ee5 tr\u00f2n nh\u01b0 l\u00f2ng tr\u1ee9ng g\u00e0 v\u00e0 c\u00e1nh hoa c\u00f3 s\u1ef1 chuy\u1ec3n s\u1eafc nh\u1eb9 nh\u00e0ng t\u1eeb v\u00e0ng kem \u0111\u1ebfn h\u1ed3ng ph\u1ea5n.<\/div>\n<div><\/div>\n<div>C\u00e1i t\u00ean &#8220;H\u1ef7&#8221; mang h\u00e0m \u00fd ni\u1ec1m vui, h\u1ea1nh ph\u00fac, kh\u1edfi \u0111\u1ea7u may m\u1eafn, khi\u1ebfn lo\u00e0i hoa n\u00e0y c\u00e0ng \u0111\u01b0\u1ee3c \u01b0a chu\u1ed9ng trong c\u00e1c d\u1ecbp \u0111\u1eb7c bi\u1ec7t nh\u01b0 c\u01b0\u1edbi h\u1ecfi, khai tr\u01b0\u01a1ng, ho\u1eb7c trang tr\u00ed kh\u00f4ng gian s\u1ed1ng, l\u00e0m vi\u1ec7c.<\/div>\n<div><\/div>\n<h3><span class=\"ez-toc-section\" id=\"y_nghia_dac_biet_cua_hoa_hong_hy_trung\"><\/span><strong>\u00dd ngh\u0129a \u0111\u1eb7c bi\u1ec7t c\u1ee7a hoa h\u1ed3ng H\u1ef7 Tr\u1ee9ng<\/strong><span class=\"ez-toc-section-end\"><\/span><\/h3>\n<h4><span class=\"ez-toc-section\" id=\"bieu_tuong_cua_khoi_dau_moi_va_may_man\"><\/span><strong>Bi\u1ec3u t\u01b0\u1ee3ng c\u1ee7a kh\u1edfi \u0111\u1ea7u m\u1edbi v\u00e0 may m\u1eafn<\/strong><span class=\"ez-toc-section-end\"><\/span><\/h4>\n<div>Hoa h\u1ed3ng H\u1ef7 Tr\u1ee9ng kh\u00f4ng ch\u1ec9 n\u1ed5i b\u1eadt b\u1edfi m\u00e0u s\u1eafc l\u1ea1 m\u1eaft m\u00e0 c\u00f2n mang trong m\u00ecnh th\u00f4ng \u0111i\u1ec7p phong th\u1ee7y t\u00edch c\u1ef1c. S\u1eafc v\u00e0ng kem k\u1ebft h\u1ee3p h\u1ed3ng nh\u1ea1t th\u1ec3 hi\u1ec7n s\u1ef1 h\u00e0i h\u00f2a, \u1ea5m \u00e1p v\u00e0 th\u1ecbnh v\u01b0\u1ee3ng.<\/div>\n<div><\/div>\n<div>Trong v\u0103n h\u00f3a \u00c1 \u0110\u00f4ng, hoa h\u1ed3ng H\u1ef7 Tr\u1ee9ng t\u01b0\u1ee3ng tr\u01b0ng cho s\u1ef1 kh\u1edfi \u0111\u1ea7u hanh th\u00f4ng, cu\u1ed9c s\u1ed1ng vi\u00ean m\u00e3n v\u00e0 n\u0103ng l\u01b0\u1ee3ng t\u00edch c\u1ef1c. \u0110\u00f3 l\u00e0 l\u00fd do lo\u00e0i hoa n\u00e0y th\u01b0\u1eddng \u0111\u01b0\u1ee3c ch\u1ecdn l\u00e0m hoa t\u1eb7ng khai tr\u01b0\u01a1ng, hoa c\u01b0\u1edbi ho\u1eb7c qu\u00e0 t\u1eb7ng ch\u00fac m\u1eebng trong c\u00e1c d\u1ecbp quan tr\u1ecdng.<\/div>\n<div><\/div>\n<h4><span class=\"ez-toc-section\" id=\"bieu_tuong_cua_tinh_yeu_nhe_nhang_va_ben_vung\"><\/span><strong>Bi\u1ec3u t\u01b0\u1ee3ng c\u1ee7a t\u00ecnh y\u00eau nh\u1eb9 nh\u00e0ng v\u00e0 b\u1ec1n v\u1eefng<\/strong><span class=\"ez-toc-section-end\"><\/span><\/h4>\n<div>M\u00e0u h\u1ed3ng nh\u1ea1t t\u01b0\u1ee3ng tr\u01b0ng cho s\u1ef1 d\u1ecbu d\u00e0ng, t\u00ecnh y\u00eau trong s\u00e1ng v\u00e0 ch\u00e2n th\u00e0nh. Khi k\u1ebft h\u1ee3p v\u1edbi s\u1eafc v\u00e0ng kem, hoa h\u1ed3ng H\u1ef7 Tr\u1ee9ng tr\u1edf th\u00e0nh l\u1eddi nh\u1eafn g\u1eedi nh\u1eb9 nh\u00e0ng v\u1ec1 t\u00ecnh c\u1ea3m b\u1ec1n v\u1eefng, th\u1ee7y chung v\u00e0 hy v\u1ecdng.<\/div>\n<div><\/div>\n<h3><span class=\"ez-toc-section\" id=\"dac_diem_nhan_dien_cua_hoa_hong_hy_trung\"><\/span><strong>\u0110\u1eb7c \u0111i\u1ec3m nh\u1eadn di\u1ec7n c\u1ee7a hoa h\u1ed3ng H\u1ef7 Tr\u1ee9ng<\/strong><span class=\"ez-toc-section-end\"><\/span><\/h3>\n<h4><span class=\"ez-toc-section\" id=\"hinh_dang_va_mau_sac_dac_trung\"><\/span><strong>H\u00ecnh d\u00e1ng v\u00e0 m\u00e0u s\u1eafc \u0111\u1eb7c tr\u01b0ng<\/strong><span class=\"ez-toc-section-end\"><\/span><\/h4>\n<div>Hoa h\u1ed3ng H\u1ef7 Tr\u1ee9ng c\u00f3 n\u1ee5 tr\u00f2n \u0111\u1ea7y, khi n\u1edf bung l\u1edbp c\u00e1nh xo\u1eafn nh\u1eb9, t\u1ea1o h\u00ecnh v\u00f2m nh\u01b0 l\u00f2ng tr\u1ee9ng ch\u00edn t\u1edbi \u2013 \u0111i\u1ec1u t\u1ea1o n\u00ean s\u1ef1 kh\u00e1c bi\u1ec7t v\u1edbi c\u00e1c gi\u1ed1ng hoa h\u1ed3ng th\u00f4ng th\u01b0\u1eddng.<\/div>\n<div><\/div>\n<div>M\u00e0u s\u1eafc l\u00e0 \u0111i\u1ec3m n\u1ed5i b\u1eadt nh\u1ea5t: l\u1edbp c\u00e1nh ngo\u00e0i ng\u1ea3 v\u00e0ng kem, d\u1ea7n chuy\u1ec3n v\u00e0o trong th\u00e0nh h\u1ed3ng ph\u1ea5n d\u1ecbu nh\u1eb9. Khi n\u1edf r\u1ed9, hoa mang v\u1ebb \u0111\u1eb9p m\u1ecbn m\u00e0ng, trang nh\u00e3, khi\u1ebfn ng\u01b0\u1eddi nh\u00ecn m\u00ea m\u1ea9n ngay t\u1eeb \u00e1nh nh\u00ecn \u0111\u1ea7u ti\u00ean.<\/div>\n<h4><span class=\"ez-toc-section\" id=\"huong_thom_va_do_ben_hoa\"><\/span><strong>H\u01b0\u01a1ng th\u01a1m v\u00e0 \u0111\u1ed9 b\u1ec1n hoa<\/strong><span class=\"ez-toc-section-end\"><\/span><\/h4>\n<div>Hoa c\u00f3 m\u00f9i th\u01a1m nh\u1eb9 nh\u00e0ng, ng\u1ecdt d\u1ecbu, kh\u00f4ng qu\u00e1 n\u1ed3ng nh\u01b0ng \u0111\u1ee7 t\u1ea1o c\u1ea3m gi\u00e1c th\u01b0 gi\u00e3n. \u0110\u01b0\u1ee3c tr\u1ed3ng t\u1ea1i \u0110\u00e0 L\u1ea1t v\u1edbi kh\u00ed h\u1eadu l\u00fd t\u01b0\u1edfng, hoa h\u1ed3ng H\u1ef7 Tr\u1ee9ng gi\u1eef \u0111\u01b0\u1ee3c \u0111\u1ed9 t\u01b0\u01a1i l\u00e2u t\u1eeb 5\u20137 ng\u00e0y khi c\u1eafm trong n\u01b0\u1edbc ho\u1eb7c s\u1eed d\u1ee5ng trong b\u00f3 hoa ngh\u1ec7 thu\u1eadt.<\/div>\n<div><\/div>\n<h3><span class=\"ez-toc-section\" id=\"ung_dung_cua_hoa_hong_hy_trung_trong_doi_song\"><\/span><strong>\u1ee8ng d\u1ee5ng c\u1ee7a hoa h\u1ed3ng H\u1ef7 Tr\u1ee9ng trong \u0111\u1eddi s\u1ed1ng<\/strong><span class=\"ez-toc-section-end\"><\/span><\/h3>\n<h4><span class=\"ez-toc-section\" id=\"lam_hoa_cuoi_hoa_su_kien_cao_cap\"><\/span><strong>L\u00e0m hoa c\u01b0\u1edbi, hoa s\u1ef1 ki\u1ec7n cao c\u1ea5p<\/strong><span class=\"ez-toc-section-end\"><\/span><\/h4>\n<div>V\u1edbi v\u1ebb \u0111\u1eb9p sang tr\u1ecdng v\u00e0 \u00fd ngh\u0129a t\u00edch c\u1ef1c, hoa h\u1ed3ng H\u1ef7 Tr\u1ee9ng th\u01b0\u1eddng xu\u1ea5t hi\u1ec7n trong c\u00e1c b\u00f3 hoa c\u01b0\u1edbi, hoa trang tr\u00ed l\u1ec5 \u0111\u01b0\u1eddng, ho\u1eb7c s\u1ef1 ki\u1ec7n tr\u1ecdng \u0111\u1ea1i nh\u01b0 khai tr\u01b0\u01a1ng, sinh nh\u1eadt, k\u1ef7 ni\u1ec7m ng\u00e0y c\u01b0\u1edbi. M\u00e0u s\u1eafc nh\u00e3 nh\u1eb7n gi\u00fap d\u1ec5 ph\u1ed1i v\u1edbi c\u00e1c lo\u1ea1i hoa kh\u00e1c, t\u1ea1o n\u00ean b\u1ed1 c\u1ee5c h\u00e0i h\u00f2a, thanh l\u1ecbch.<\/div>\n<h4><span class=\"ez-toc-section\" id=\"trang_tri_khong_gian_song_quan_ca_phe_nha_hang\"><\/span><strong>Trang tr\u00ed kh\u00f4ng gian s\u1ed1ng, qu\u00e1n c\u00e0 ph\u00ea, nh\u00e0 h\u00e0ng<\/strong><span class=\"ez-toc-section-end\"><\/span><\/h4>\n<div>Nh\u1eefng ch\u1eadu hoa h\u1ed3ng H\u1ef7 Tr\u1ee9ng tr\u01b0ng b\u00e0y t\u1ea1i ph\u00f2ng kh\u00e1ch, b\u00e0n l\u00e0m vi\u1ec7c, qu\u00e1n c\u00e0 ph\u00ea kh\u00f4ng ch\u1ec9 l\u00e0m \u0111\u1eb9p kh\u00f4ng gian m\u00e0 c\u00f2n mang \u0111\u1ebfn n\u0103ng l\u01b0\u1ee3ng t\u00edch c\u1ef1c, d\u1ec5 ch\u1ecbu v\u00e0 s\u00e1ng t\u1ea1o. \u0110\u00e2y l\u00e0 l\u1ef1a ch\u1ecdn l\u00fd t\u01b0\u1edfng cho nh\u1eefng ai theo \u0111u\u1ed5i phong c\u00e1ch s\u1ed1ng th\u1ea9m m\u1ef9, thanh l\u1ecbch.<\/div>\n<h4><span class=\"ez-toc-section\" id=\"qua_tang_y_nghia_trong_phong_thuy_va_le_tet\"><\/span><strong>Qu\u00e0 t\u1eb7ng \u00fd ngh\u0129a trong phong th\u1ee7y v\u00e0 l\u1ec5 t\u1ebft<\/strong><span class=\"ez-toc-section-end\"><\/span><\/h4>\n<div>Nh\u1edd mang \u00fd ngh\u0129a t\u1ed1t l\u00e0nh, hoa h\u1ed3ng H\u1ef7 Tr\u1ee9ng th\u01b0\u1eddng \u0111\u01b0\u1ee3c ch\u1ecdn l\u00e0m qu\u00e0 bi\u1ebfu trong d\u1ecbp T\u1ebft, l\u1ec5 Vu Lan, l\u1ec5 t\u00ecnh nh\u00e2n, Qu\u1ed1c t\u1ebf ph\u1ee5 n\u1eef ho\u1eb7c d\u00e0nh t\u1eb7ng ng\u01b0\u1eddi th\u00e2n, \u0111\u1ed1i t\u00e1c nh\u01b0 l\u1eddi ch\u00fac h\u1ea1nh ph\u00fac, ph\u00e1t t\u00e0i, vi\u00ean m\u00e3n.<\/div>\n<h3><span class=\"ez-toc-section\" id=\"mua_hoa_hong_hy_trung_da_lat_o_dau_chat_luong\"><\/span><strong>Mua hoa h\u1ed3ng H\u1ef7 Tr\u1ee9ng \u0110\u00e0 L\u1ea1t \u1edf \u0111\u00e2u ch\u1ea5t l\u01b0\u1ee3ng?<\/strong><span class=\"ez-toc-section-end\"><\/span><\/h3>\n<div>\u0110\u1ec3 c\u00f3 \u0111\u01b0\u1ee3c hoa h\u1ed3ng H\u1ef7 Tr\u1ee9ng \u0111\u00fang chu\u1ea9n, t\u01b0\u01a1i l\u00e2u v\u00e0 s\u1eafc n\u00e9t, n\u00ean ch\u1ecdn nh\u1eefng \u0111\u01a1n v\u1ecb uy t\u00edn chuy\u00ean cung c\u1ea5p hoa \u0110\u00e0 L\u1ea1t ch\u1ea5t l\u01b0\u1ee3ng cao. T\u1ea1i GV Garden, b\u1ea1n c\u00f3 th\u1ec3 t\u00ecm th\u1ea5y hoa h\u1ed3ng H\u1ef7 Tr\u1ee9ng v\u1edbi gi\u00e1 c\u1ea3 h\u1ee3p l\u00fd, \u0111\u1ed9 t\u01b0\u01a1i \u0111\u1ea3m b\u1ea3o v\u00e0 \u0111\u01b0\u1ee3c ch\u0103m s\u00f3c theo quy tr\u00ecnh chuy\u00ean nghi\u1ec7p.<\/div>\n<div><\/div>\n<div>\u0110\u1eb7c bi\u1ec7t, v\u1edbi d\u1ecbch v\u1ee5 giao hoa to\u00e0n qu\u1ed1c v\u00e0 h\u1ed7 tr\u1ee3 theo y\u00eau c\u1ea7u, kh\u00e1ch h\u00e0ng c\u00f3 th\u1ec3 y\u00ean t\u00e2m l\u1ef1a ch\u1ecdn hoa h\u1ed3ng H\u1ef7 Tr\u1ee9ng t\u1eb7ng ng\u01b0\u1eddi th\u00e2n ho\u1eb7c trang tr\u00ed s\u1ef1 ki\u1ec7n m\u1ecdi l\u00fac, m\u1ecdi n\u01a1i.<\/div>\n<h3><span class=\"ez-toc-section\" id=\"ket_luan\"><\/span><strong>K\u1ebft lu\u1eadn<\/strong><span class=\"ez-toc-section-end\"><\/span><\/h3>\n<div>Hoa h\u1ed3ng H\u1ef7 Tr\u1ee9ng \u0110\u00e0 L\u1ea1t l\u00e0 s\u1ef1 k\u1ebft h\u1ee3p tinh t\u1ebf gi\u1eefa m\u00e0u s\u1eafc, h\u01b0\u01a1ng th\u01a1m v\u00e0 \u00fd ngh\u0129a phong th\u1ee7y s\u00e2u s\u1eafc. D\u00f9 d\u00f9ng l\u00e0m hoa c\u01b0\u1edbi, trang tr\u00ed hay qu\u00e0 t\u1eb7ng, lo\u00e0i hoa n\u00e0y lu\u00f4n th\u1ec3 hi\u1ec7n s\u1ef1 sang tr\u1ecdng, ch\u1ec9n chu v\u00e0 t\u1ea5m l\u00f2ng ng\u01b0\u1eddi trao.<\/div>\n<div><\/div>\n<div>N\u1ebfu b\u1ea1n \u0111ang t\u00ecm ki\u1ebfm m\u1ed9t lo\u00e0i hoa \u0111\u1ed9c l\u1ea1, tinh t\u1ebf v\u00e0 \u0111\u1ea7y c\u1ea3m x\u00fac, hoa h\u1ed3ng H\u1ef7 Tr\u1ee9ng ch\u1eafc ch\u1eafn l\u00e0 l\u1ef1a ch\u1ecdn kh\u00f4ng th\u1ec3 b\u1ecf qua.<\/div>\n","protected":false},"excerpt":{"rendered":"<p>Hoa h\u1ed3ng H\u1ef7 Tr\u1ee9ng \u0110\u00e0 L\u1ea1t \u2013 N\u00e9t qu\u00fd ph\u00e1i t\u1eeb thi\u00ean nhi\u00ean ban t\u1eb7ng Gi\u1edbi thi\u1ec7u v\u1ec1 hoa h\u1ed3ng H\u1ef7 Tr\u1ee9ng \u0110\u00e0 L\u1ea1t Ngu\u1ed3n g\u1ed1c v\u00e0 t\u00ean g\u1ecdi \u0111\u1eb7c bi\u1ec7t Hoa h\u1ed3ng H\u1ef7 Tr\u1ee9ng l\u00e0 m\u1ed9t trong nh\u1eefng gi\u1ed1ng hoa h\u1ed3ng lai nh\u1eadp kh\u1ea9u \u0111\u01b0\u1ee3c tr\u1ed3ng t\u1ea1i \u0110\u00e0 L\u1ea1t \u2013 v\u00f9ng \u0111\u1ea5t l\u00fd t\u01b0\u1edfng [&#8230;]\n","protected":false},"featured_media":5844,"comment_status":"open","ping_status":"closed","template":"","meta":[],"product_brand":[],"product_cat":[273,298],"product_tag":[345,344,346,347,348,349],"class_list":{"0":"post-4368","1":"product","2":"type-product","3":"status-publish","4":"has-post-thumbnail","6":"product_cat-hoa-noi-dia-viet-nam","7":"product_cat-hoa-hong-da-lat-hoa-noi-dia-viet-nam-2","8":"product_tag-hoa-hong-da-lat-dep","9":"product_tag-hoa-hong-doc-la","10":"product_tag-hoa-hong-mau-la","11":"product_tag-hoa-hong-y-nghia-phong-thuy","12":"product_tag-mua-hoa-hong-hy-trung","13":"product_tag-ung-dung-hoa-hong-trong-trang-tri","15":"first","16":"instock","17":"shipping-taxable","18":"product-type-simple"},"_links":{"self":[{"href":"https:\/\/gvgarden.asia\/index.php?rest_route=\/wp\/v2\/product\/4368","targetHints":{"allow":["GET"]}}],"collection":[{"href":"https:\/\/gvgarden.asia\/index.php?rest_route=\/wp\/v2\/product"}],"about":[{"href":"https:\/\/gvgarden.asia\/index.php?rest_route=\/wp\/v2\/types\/product"}],"replies":[{"embeddable":true,"href":"https:\/\/gvgarden.asia\/index.php?rest_route=%2Fwp%2Fv2%2Fcomments&post=4368"}],"version-history":[{"count":3,"href":"https:\/\/gvgarden.asia\/index.php?rest_route=\/wp\/v2\/product\/4368\/revisions"}],"predecessor-version":[{"id":5624,"href":"https:\/\/gvgarden.asia\/index.php?rest_route=\/wp\/v2\/product\/4368\/revisions\/5624"}],"wp:featuredmedia":[{"embeddable":true,"href":"https:\/\/gvgarden.asia\/index.php?rest_route=\/wp\/v2\/media\/5844"}],"wp:attachment":[{"href":"https:\/\/gvgarden.asia\/index.php?rest_route=%2Fwp%2Fv2%2Fmedia&parent=4368"}],"wp:term":[{"taxonomy":"product_brand","embeddable":true,"href":"https:\/\/gvgarden.asia\/index.php?rest_route=%2Fwp%2Fv2%2Fproduct_brand&post=4368"},{"taxonomy":"product_cat","embeddable":true,"href":"https:\/\/gvgarden.asia\/index.php?rest_route=%2Fwp%2Fv2%2Fproduct_cat&post=4368"},{"taxonomy":"product_tag","embeddable":true,"href":"https:\/\/gvgarden.asia\/index.php?rest_route=%2Fwp%2Fv2%2Fproduct_tag&post=4368"}],"curies":[{"name":"wp","href":"https:\/\/api.w.org\/{rel}","templated":true}]}}