{"id":4367,"date":"2025-07-19T12:43:43","date_gmt":"2025-07-19T05:43:43","guid":{"rendered":"https:\/\/gvgarden.asia\/?post_type=product&#038;p=4367"},"modified":"2025-09-19T16:46:34","modified_gmt":"2025-09-19T09:46:34","slug":"hoa-hong-kem-dau-da-lat","status":"publish","type":"product","link":"https:\/\/gvgarden.asia\/?product=hoa-hong-kem-dau-da-lat","title":{"rendered":"Hoa H\u1ed3ng Kem D\u00e2u"},"content":{"rendered":"<div id=\"ez-toc-container\" class=\"ez-toc-v2_0_76 counter-hierarchy ez-toc-counter ez-toc-grey ez-toc-container-direction\">\n<div class=\"ez-toc-title-container\">\n<p class=\"ez-toc-title\" style=\"cursor:inherit\">N\u1ed9i Dung B\u00e0i Vi\u1ebft<\/p>\n<span class=\"ez-toc-title-toggle\"><a href=\"#\" class=\"ez-toc-pull-right ez-toc-btn ez-toc-btn-xs ez-toc-btn-default ez-toc-toggle\" aria-label=\"Toggle Table of Content\"><span class=\"ez-toc-js-icon-con\"><span class=\"\"><span class=\"eztoc-hide\" style=\"display:none;\">Toggle<\/span><span class=\"ez-toc-icon-toggle-span\"><svg style=\"fill: #999;color:#999\" xmlns=\"http:\/\/www.w3.org\/2000\/svg\" class=\"list-377408\" width=\"20px\" height=\"20px\" viewBox=\"0 0 24 24\" fill=\"none\"><path d=\"M6 6H4v2h2V6zm14 0H8v2h12V6zM4 11h2v2H4v-2zm16 0H8v2h12v-2zM4 16h2v2H4v-2zm16 0H8v2h12v-2z\" fill=\"currentColor\"><\/path><\/svg><svg style=\"fill: #999;color:#999\" class=\"arrow-unsorted-368013\" xmlns=\"http:\/\/www.w3.org\/2000\/svg\" width=\"10px\" height=\"10px\" viewBox=\"0 0 24 24\" version=\"1.2\" baseProfile=\"tiny\"><path d=\"M18.2 9.3l-6.2-6.3-6.2 6.3c-.2.2-.3.4-.3.7s.1.5.3.7c.2.2.4.3.7.3h11c.3 0 .5-.1.7-.3.2-.2.3-.5.3-.7s-.1-.5-.3-.7zM5.8 14.7l6.2 6.3 6.2-6.3c.2-.2.3-.5.3-.7s-.1-.5-.3-.7c-.2-.2-.4-.3-.7-.3h-11c-.3 0-.5.1-.7.3-.2.2-.3.5-.3.7s.1.5.3.7z\"\/><\/svg><\/span><\/span><\/span><\/a><\/span><\/div>\n<nav><ul class='ez-toc-list ez-toc-list-level-1 eztoc-toggle-hide-by-default' ><li class='ez-toc-page-1 ez-toc-heading-level-2'><a class=\"ez-toc-link ez-toc-heading-1\" href=\"https:\/\/gvgarden.asia\/?product=hoa-hong-kem-dau-da-lat\/#hoa_hong_kem_dau_da_lat_%e2%80%93_ve_dep_diu_dang_cua_tinh_yeu_tinh_khiet\" >Hoa H\u1ed3ng Kem D\u00e2u \u0110\u00e0 L\u1ea1t \u2013 V\u1ebb \u0110\u1eb9p D\u1ecbu D\u00e0ng C\u1ee7a T\u00ecnh Y\u00eau Tinh Khi\u1ebft<\/a><ul class='ez-toc-list-level-3' ><li class='ez-toc-heading-level-3'><a class=\"ez-toc-link ez-toc-heading-2\" href=\"https:\/\/gvgarden.asia\/?product=hoa-hong-kem-dau-da-lat\/#gioi_thieu_ve_hoa_hong_kem_dau_da_lat\" >Gi\u1edbi thi\u1ec7u v\u1ec1 hoa h\u1ed3ng kem d\u00e2u \u0110\u00e0 L\u1ea1t<\/a><\/li><li class='ez-toc-page-1 ez-toc-heading-level-3'><a class=\"ez-toc-link ez-toc-heading-3\" href=\"https:\/\/gvgarden.asia\/?product=hoa-hong-kem-dau-da-lat\/#y_nghia_cua_hoa_hong_kem_dau\" >\u00dd ngh\u0129a c\u1ee7a hoa h\u1ed3ng kem d\u00e2u<\/a><ul class='ez-toc-list-level-4' ><li class='ez-toc-heading-level-4'><a class=\"ez-toc-link ez-toc-heading-4\" href=\"https:\/\/gvgarden.asia\/?product=hoa-hong-kem-dau-da-lat\/#tinh_yeu_nhe_nhang_thuan_khiet\" >T\u00ecnh y\u00eau nh\u1eb9 nh\u00e0ng, thu\u1ea7n khi\u1ebft<\/a><\/li><li class='ez-toc-page-1 ez-toc-heading-level-4'><a class=\"ez-toc-link ez-toc-heading-5\" href=\"https:\/\/gvgarden.asia\/?product=hoa-hong-kem-dau-da-lat\/#bieu_tuong_cua_su_nu_tinh_va_thanh_lich\" >Bi\u1ec3u t\u01b0\u1ee3ng c\u1ee7a s\u1ef1 n\u1eef t\u00ednh v\u00e0 thanh l\u1ecbch<\/a><\/li><\/ul><\/li><li class='ez-toc-page-1 ez-toc-heading-level-3'><a class=\"ez-toc-link ez-toc-heading-6\" href=\"https:\/\/gvgarden.asia\/?product=hoa-hong-kem-dau-da-lat\/#dac_diem_cua_hoa_hong_kem_dau_da_lat\" >\u0110\u1eb7c \u0111i\u1ec3m c\u1ee7a hoa h\u1ed3ng kem d\u00e2u \u0110\u00e0 L\u1ea1t<\/a><ul class='ez-toc-list-level-4' ><li class='ez-toc-heading-level-4'><a class=\"ez-toc-link ez-toc-heading-7\" href=\"https:\/\/gvgarden.asia\/?product=hoa-hong-kem-dau-da-lat\/#mau_sac_va_hinh_dang\" >M\u00e0u s\u1eafc v\u00e0 h\u00ecnh d\u00e1ng<\/a><\/li><li class='ez-toc-page-1 ez-toc-heading-level-4'><a class=\"ez-toc-link ez-toc-heading-8\" href=\"https:\/\/gvgarden.asia\/?product=hoa-hong-kem-dau-da-lat\/#do_ben_va_dieu_kien_bao_quan\" >\u0110\u1ed9 b\u1ec1n v\u00e0 \u0111i\u1ec1u ki\u1ec7n b\u1ea3o qu\u1ea3n<\/a><\/li><li class='ez-toc-page-1 ez-toc-heading-level-4'><a class=\"ez-toc-link ez-toc-heading-9\" href=\"https:\/\/gvgarden.asia\/?product=hoa-hong-kem-dau-da-lat\/#nguon_goc_va_mua_vu\" >Ngu\u1ed3n g\u1ed1c v\u00e0 m\u00f9a v\u1ee5<\/a><\/li><\/ul><\/li><li class='ez-toc-page-1 ez-toc-heading-level-3'><a class=\"ez-toc-link ez-toc-heading-10\" href=\"https:\/\/gvgarden.asia\/?product=hoa-hong-kem-dau-da-lat\/#ung_dung_cua_hoa_hong_kem_dau_trong_doi_song\" >\u1ee8ng d\u1ee5ng c\u1ee7a hoa h\u1ed3ng kem d\u00e2u trong \u0111\u1eddi s\u1ed1ng<\/a><ul class='ez-toc-list-level-4' ><li class='ez-toc-heading-level-4'><a class=\"ez-toc-link ez-toc-heading-11\" href=\"https:\/\/gvgarden.asia\/?product=hoa-hong-kem-dau-da-lat\/#lam_qua_tang_cho_nhung_dip_dac_biet\" >L\u00e0m qu\u00e0 t\u1eb7ng cho nh\u1eefng d\u1ecbp \u0111\u1eb7c bi\u1ec7t<\/a><\/li><li class='ez-toc-page-1 ez-toc-heading-level-4'><a class=\"ez-toc-link ez-toc-heading-12\" href=\"https:\/\/gvgarden.asia\/?product=hoa-hong-kem-dau-da-lat\/#trang_tri_khong_gian_song_va_lam_viec\" >Trang tr\u00ed kh\u00f4ng gian s\u1ed1ng v\u00e0 l\u00e0m vi\u1ec7c<\/a><\/li><li class='ez-toc-page-1 ez-toc-heading-level-4'><a class=\"ez-toc-link ez-toc-heading-13\" href=\"https:\/\/gvgarden.asia\/?product=hoa-hong-kem-dau-da-lat\/#ung_dung_trong_nghe_thuat_cam_hoa\" >\u1ee8ng d\u1ee5ng trong ngh\u1ec7 thu\u1eadt c\u1eafm hoa<\/a><\/li><\/ul><\/li><li class='ez-toc-page-1 ez-toc-heading-level-3'><a class=\"ez-toc-link ez-toc-heading-14\" href=\"https:\/\/gvgarden.asia\/?product=hoa-hong-kem-dau-da-lat\/#noi_mua_hoa_hong_kem_dau_da_lat_uy_tin\" >N\u01a1i mua hoa h\u1ed3ng kem d\u00e2u \u0110\u00e0 L\u1ea1t uy t\u00edn<\/a><\/li><li class='ez-toc-page-1 ez-toc-heading-level-3'><a class=\"ez-toc-link ez-toc-heading-15\" href=\"https:\/\/gvgarden.asia\/?product=hoa-hong-kem-dau-da-lat\/#tong_ket\" >T\u1ed5ng k\u1ebft<\/a><\/li><\/ul><\/li><\/ul><\/nav><\/div>\n<h2><span class=\"ez-toc-section\" id=\"hoa_hong_kem_dau_da_lat_%e2%80%93_ve_dep_diu_dang_cua_tinh_yeu_tinh_khiet\"><\/span><strong>Hoa H\u1ed3ng Kem D\u00e2u \u0110\u00e0 L\u1ea1t \u2013 V\u1ebb \u0110\u1eb9p D\u1ecbu D\u00e0ng C\u1ee7a T\u00ecnh Y\u00eau Tinh Khi\u1ebft<\/strong><span class=\"ez-toc-section-end\"><\/span><\/h2>\n<h3><span class=\"ez-toc-section\" id=\"gioi_thieu_ve_hoa_hong_kem_dau_da_lat\"><\/span><strong>Gi\u1edbi thi\u1ec7u v\u1ec1 hoa h\u1ed3ng kem d\u00e2u \u0110\u00e0 L\u1ea1t<\/strong><span class=\"ez-toc-section-end\"><\/span><\/h3>\n<div>Hoa h\u1ed3ng kem d\u00e2u l\u00e0 m\u1ed9t trong nh\u1eefng gi\u1ed1ng hoa \u0111\u01b0\u1ee3c y\u00eau th\u00edch nh\u1ea5t t\u1ea1i \u0110\u00e0 L\u1ea1t nh\u1edd v\u1ebb ngo\u00e0i thanh tho\u00e1t v\u00e0 m\u00e0u s\u1eafc d\u1ecbu d\u00e0ng, n\u1eef t\u00ednh. V\u1edbi t\u00f4ng m\u00e0u ch\u1ee7 \u0111\u1ea1o l\u00e0 kem ng\u00e0 pha h\u1ed3ng ph\u1edbt nh\u01b0 m\u00e0u d\u00e2u s\u1eefa, lo\u00e0i hoa n\u00e0y kh\u00f4ng ch\u1ec9 thu h\u00fat \u00e1nh nh\u00ecn m\u00e0 c\u00f2n g\u1ee3i c\u1ea3m gi\u00e1c d\u1ec5 ch\u1ecbu, trong tr\u1ebbo \u2013 nh\u01b0 t\u00ecnh y\u00eau m\u1edbi ch\u1edbm n\u1edf.<\/div>\n<div><\/div>\n<div>T\u1ea1i \u0110\u00e0 L\u1ea1t \u2013 th\u1ee7 ph\u1ee7 hoa c\u1ee7a Vi\u1ec7t Nam, hoa h\u1ed3ng kem d\u00e2u \u0111\u01b0\u1ee3c tr\u1ed3ng \u1edf nhi\u1ec1u n\u00f4ng tr\u1ea1i ch\u1ea5t l\u01b0\u1ee3ng cao, ph\u1ee5c v\u1ee5 c\u1ea3 th\u1ecb tr\u01b0\u1eddng n\u1ed9i \u0111\u1ecba v\u00e0 xu\u1ea5t kh\u1ea9u nh\u1edd \u0111\u1ed9 b\u1ec1n v\u00e0 form hoa \u0111\u1eb9p.<\/div>\n<div><\/div>\n<div>\u0110i\u1ec3m n\u1ed5i b\u1eadt c\u1ee7a hoa h\u1ed3ng kem d\u00e2u:<\/div>\n<div><\/div>\n<div>M\u00e0u s\u1eafc pastel nh\u1eb9 nh\u00e0ng, h\u1ee3p xu h\u01b0\u1edbng<\/div>\n<div>H\u00ecnh d\u00e1ng b\u00f4ng tr\u00f2n \u0111\u1ea7y, m\u1ec1m m\u1ea1i<\/div>\n<div>T\u01b0\u1ee3ng tr\u01b0ng cho t\u00ecnh c\u1ea3m tinh kh\u00f4i, ch\u00e2n th\u00e0nh<\/div>\n<div><\/div>\n<h3><span class=\"ez-toc-section\" id=\"y_nghia_cua_hoa_hong_kem_dau\"><\/span><strong>\u00dd ngh\u0129a c\u1ee7a hoa h\u1ed3ng kem d\u00e2u<\/strong><span class=\"ez-toc-section-end\"><\/span><\/h3>\n<h4><span class=\"ez-toc-section\" id=\"tinh_yeu_nhe_nhang_thuan_khiet\"><\/span><strong>T\u00ecnh y\u00eau nh\u1eb9 nh\u00e0ng, thu\u1ea7n khi\u1ebft<\/strong><span class=\"ez-toc-section-end\"><\/span><\/h4>\n<div>M\u00e0u h\u1ed3ng ph\u1edbt trong hoa h\u1ed3ng kem d\u00e2u t\u01b0\u1ee3ng tr\u01b0ng cho t\u00ecnh y\u00eau nh\u1eb9 nh\u00e0ng, kh\u00f4ng qu\u00e1 m\u00e3nh li\u1ec7t nh\u01b0ng l\u1ea1i s\u00e2u s\u1eafc v\u00e0 b\u1ec1n v\u1eefng. \u0110\u00e2y l\u00e0 lo\u00e0i hoa th\u01b0\u1eddng \u0111\u01b0\u1ee3c d\u00f9ng \u0111\u1ec3 b\u00e0y t\u1ecf t\u00ecnh c\u1ea3m trong giai \u0111o\u1ea1n \u0111\u1ea7u c\u1ee7a m\u1ed1i quan h\u1ec7, khi c\u1ea3m x\u00fac c\u00f2n tinh kh\u00f4i v\u00e0 \u0111\u1ea7y hy v\u1ecdng.<\/div>\n<div><\/div>\n<div>Th\u00f4ng \u0111i\u1ec7p:<\/div>\n<div>\u201cT\u00ecnh c\u1ea3m c\u1ee7a t\u00f4i d\u00e0nh cho b\u1ea1n th\u1eadt d\u1ecbu d\u00e0ng, ng\u1ecdt ng\u00e0o v\u00e0 ch\u00e2n th\u00e0nh.\u201d<\/div>\n<div><\/div>\n<h4><span class=\"ez-toc-section\" id=\"bieu_tuong_cua_su_nu_tinh_va_thanh_lich\"><\/span><strong>Bi\u1ec3u t\u01b0\u1ee3ng c\u1ee7a s\u1ef1 n\u1eef t\u00ednh v\u00e0 thanh l\u1ecbch<\/strong><span class=\"ez-toc-section-end\"><\/span><\/h4>\n<div>T\u00f4ng m\u00e0u pastel kem-h\u1ed3ng lu\u00f4n g\u1ee3i l\u00ean v\u1ebb \u0111\u1eb9p tinh t\u1ebf, d\u1ecbu d\u00e0ng \u2013 r\u1ea5t ph\u00f9 h\u1ee3p v\u1edbi h\u00ecnh \u1ea3nh ng\u01b0\u1eddi ph\u1ee5 n\u1eef hi\u1ec7n \u0111\u1ea1i: nh\u1eb9 nh\u00e0ng nh\u01b0ng \u0111\u1ed9c l\u1eadp, quy\u1ebfn r\u0169 m\u00e0 kh\u00f4ng ph\u00f4 tr\u01b0\u01a1ng. V\u00ec v\u1eady, hoa h\u1ed3ng kem d\u00e2u c\u0169ng l\u00e0 l\u1ef1a ch\u1ecdn l\u00fd t\u01b0\u1edfng cho c\u00e1c d\u1ecbp nh\u01b0 8\/3, 20\/10, sinh nh\u1eadt v\u1ee3\/b\u1ea1n g\u00e1i, l\u1ec5 k\u1ef7 ni\u1ec7m&#8230;<\/div>\n<div><\/div>\n<h3><span class=\"ez-toc-section\" id=\"dac_diem_cua_hoa_hong_kem_dau_da_lat\"><\/span><strong>\u0110\u1eb7c \u0111i\u1ec3m c\u1ee7a hoa h\u1ed3ng kem d\u00e2u \u0110\u00e0 L\u1ea1t<\/strong><span class=\"ez-toc-section-end\"><\/span><\/h3>\n<h4><span class=\"ez-toc-section\" id=\"mau_sac_va_hinh_dang\"><\/span><strong>M\u00e0u s\u1eafc v\u00e0 h\u00ecnh d\u00e1ng<\/strong><span class=\"ez-toc-section-end\"><\/span><\/h4>\n<div>T\u00f4ng m\u00e0u ch\u1ee7 \u0111\u1ea1o: kem ng\u00e0 nh\u1ea1t vi\u1ec1n h\u1ed3ng ph\u1edbt (ho\u1eb7c m\u00e0u d\u00e2u s\u1eefa)<\/div>\n<div>C\u00e1nh hoa: m\u1ecfng m\u1ecbn, x\u1ebfp xo\u1eafn t\u1ef1 nhi\u00ean, t\u1ea1o form b\u00f4ng m\u1ec1m m\u1ea1i<\/div>\n<div>\u0110\u01b0\u1eddng k\u00ednh b\u00f4ng: ~5\u20137 cm<\/div>\n<div>Chi\u1ec1u d\u00e0i c\u00e0nh: 40\u201360 cm<\/div>\n<div>M\u00f9i h\u01b0\u01a1ng: nh\u1eb9 nh\u00e0ng, thoang tho\u1ea3ng<\/div>\n<h4><span class=\"ez-toc-section\" id=\"do_ben_va_dieu_kien_bao_quan\"><\/span><strong>\u0110\u1ed9 b\u1ec1n v\u00e0 \u0111i\u1ec1u ki\u1ec7n b\u1ea3o qu\u1ea3n<\/strong><span class=\"ez-toc-section-end\"><\/span><\/h4>\n<div>Th\u1eddi gian t\u01b0\u01a1i: 5\u20137 ng\u00e0y n\u1ebfu \u0111\u01b0\u1ee3c c\u1eafm n\u01b0\u1edbc v\u00e0 thay n\u01b0\u1edbc h\u00e0ng ng\u00e0y<\/div>\n<div>Khi b\u1ea3o qu\u1ea3n l\u1ea1nh: gi\u1eef form \u0111\u1ebfn 8\u201310 ng\u00e0y<\/div>\n<div>L\u01b0u \u00fd: Tr\u00e1nh \u00e1nh n\u1eafng tr\u1ef1c ti\u1ebfp v\u00e0 nhi\u1ec7t \u0111\u1ed9 cao<\/div>\n<h4><span class=\"ez-toc-section\" id=\"nguon_goc_va_mua_vu\"><\/span><strong>Ngu\u1ed3n g\u1ed1c v\u00e0 m\u00f9a v\u1ee5<\/strong><span class=\"ez-toc-section-end\"><\/span><\/h4>\n<div>Hoa h\u1ed3ng kem d\u00e2u \u0111\u01b0\u1ee3c lai t\u1ea1o t\u1eeb c\u00e1c gi\u1ed1ng h\u1ed3ng nh\u1eadp ch\u00e2u \u00c2u, sau \u0111\u00f3 \u0111\u01b0\u1ee3c tr\u1ed3ng th\u00edch nghi t\u1ea1i c\u00e1c trang tr\u1ea1i \u1edf \u0110\u00e0 L\u1ea1t \u2013 n\u01a1i c\u00f3 \u0111\u1ed9 \u1ea9m cao, kh\u00ed h\u1eadu m\u00e1t m\u1ebb quanh n\u0103m.<\/div>\n<h3><span class=\"ez-toc-section\" id=\"ung_dung_cua_hoa_hong_kem_dau_trong_doi_song\"><\/span><strong>\u1ee8ng d\u1ee5ng c\u1ee7a hoa h\u1ed3ng kem d\u00e2u trong \u0111\u1eddi s\u1ed1ng<\/strong><span class=\"ez-toc-section-end\"><\/span><\/h3>\n<h4><span class=\"ez-toc-section\" id=\"lam_qua_tang_cho_nhung_dip_dac_biet\"><\/span><strong>L\u00e0m qu\u00e0 t\u1eb7ng cho nh\u1eefng d\u1ecbp \u0111\u1eb7c bi\u1ec7t<\/strong><span class=\"ez-toc-section-end\"><\/span><\/h4>\n<div>V\u1edbi v\u1ebb ngo\u00e0i nh\u1eb9 nh\u00e0ng v\u00e0 th\u00f4ng \u0111i\u1ec7p tinh t\u1ebf, hoa h\u1ed3ng kem d\u00e2u th\u01b0\u1eddng \u0111\u01b0\u1ee3c ch\u1ecdn l\u00e0m qu\u00e0 t\u1eb7ng cho:<\/div>\n<div>Ng\u01b0\u1eddi y\u00eau (\u0111\u1eb7c bi\u1ec7t l\u00e0 d\u1ecbp k\u1ef7 ni\u1ec7m, Valentine, sinh nh\u1eadt)<\/div>\n<div>M\u1eb9, ch\u1ecb g\u00e1i, c\u00f4 gi\u00e1o (t\u1eb7ng 8\/3, 20\/10)<\/div>\n<div>Kh\u00e1ch h\u00e0ng n\u1eef trong d\u1ecbp tri \u00e2n, l\u1ec5 T\u1ebft<\/div>\n<div>\u0110\u1ed1i t\u00e1c n\u1eef trong c\u00e1c d\u1ecbp ch\u00fac m\u1eebng khai tr\u01b0\u01a1ng, th\u00e0nh l\u1eadp<\/div>\n<div>G\u1ee3i \u00fd b\u00f3 hoa: Kem d\u00e2u + baby tr\u1eafng + l\u00e1 b\u1ea1c \u2192 b\u00f3 hoa l\u00e3ng m\u1ea1n, thanh l\u1ecbch<\/div>\n<h4><span class=\"ez-toc-section\" id=\"trang_tri_khong_gian_song_va_lam_viec\"><\/span><strong>Trang tr\u00ed kh\u00f4ng gian s\u1ed1ng v\u00e0 l\u00e0m vi\u1ec7c<\/strong><span class=\"ez-toc-section-end\"><\/span><\/h4>\n<div>Ph\u00f2ng ng\u1ee7, ph\u00f2ng kh\u00e1ch, ban c\u00f4ng<\/div>\n<div>Qu\u00e1n c\u00e0 ph\u00ea, boutique th\u1eddi trang, salon spa<\/div>\n<div>B\u00e0n l\u00e0m vi\u1ec7c, qu\u1ea7y l\u1ec5 t\u00e2n, showroom tr\u01b0ng b\u00e0y<\/div>\n<div><\/div>\n<div>M\u00e0u s\u1eafc pastel c\u1ee7a hoa h\u1ed3ng kem d\u00e2u d\u1ec5 k\u1ebft h\u1ee3p v\u1edbi c\u00e1c kh\u00f4ng gian hi\u1ec7n \u0111\u1ea1i, t\u1ed1i gi\u1ea3n, t\u00f4ng tr\u1eafng \u2013 be ho\u1eb7c g\u1ed7 t\u1ef1 nhi\u00ean.<\/div>\n<h4><span class=\"ez-toc-section\" id=\"ung_dung_trong_nghe_thuat_cam_hoa\"><\/span><strong>\u1ee8ng d\u1ee5ng trong ngh\u1ec7 thu\u1eadt c\u1eafm hoa<\/strong><span class=\"ez-toc-section-end\"><\/span><\/h4>\n<div>D\u00f9ng l\u00e0m hoa ch\u1ee7 \u0111\u1ea1o cho b\u00f3 hoa ngh\u1ec7 thu\u1eadt<\/div>\n<div>K\u1ebft h\u1ee3p v\u1edbi c\u00e1c lo\u00e0i hoa m\u00e0u pastel (c\u1ea9m t\u00fa c\u1ea7u, m\u1eabu \u0111\u01a1n, lan h\u1ed3 \u0111i\u1ec7p)<\/div>\n<div>Ph\u1ed1i c\u00f9ng c\u00e1c lo\u1ea1i hoa ph\u1ee5: l\u00e1 b\u1ea1c, c\u1ecf \u0111u\u00f4i ch\u1ed3n, baby tr\u1eafng \u0111\u1ec3 t\u0103ng \u0111\u1ed9 sang tr\u1ecdng<\/div>\n<h3><span class=\"ez-toc-section\" id=\"noi_mua_hoa_hong_kem_dau_da_lat_uy_tin\"><\/span><strong>N\u01a1i mua hoa h\u1ed3ng kem d\u00e2u \u0110\u00e0 L\u1ea1t uy t\u00edn<\/strong><span class=\"ez-toc-section-end\"><\/span><\/h3>\n<div>B\u1ea1n c\u00f3 th\u1ec3 t\u00ecm mua hoa h\u1ed3ng kem d\u00e2u t\u1ea1i c\u00e1c \u0111\u1ecba ch\u1ec9 sau:<\/div>\n<div><\/div>\n<div>Shop hoa cao c\u1ea5p \u1edf TP.HCM \u2013 H\u00e0 N\u1ed9i:<\/div>\n<div>VD: May Lily Flower &amp; Decor, Liti Florist, Dalat Hasfarm<\/div>\n<div><\/div>\n<div>\u0110\u1eb7t tr\u1ef1c ti\u1ebfp t\u1eeb v\u01b0\u1eddn hoa \u0110\u00e0 L\u1ea1t th\u00f4ng qua fanpage\/website<\/div>\n<div><\/div>\n<div>S\u00e0n th\u01b0\u01a1ng m\u1ea1i \u0111i\u1ec7n t\u1eed: Shopee, Lazada, Tiki (ch\u1ecdn shop c\u00f3 uy t\u00edn v\u00e0 ngu\u1ed3n hoa \u0110\u00e0 L\u1ea1t)<\/div>\n<div><\/div>\n<div>M\u1eb9o ch\u1ecdn hoa: \u01afu ti\u00ean b\u00f4ng ch\u01b0a n\u1edf to (c\u00e1nh c\u00f2n \u00f4m) \u0111\u1ec3 khi n\u1edf \u0111\u1ea1t \u0111\u1ed9 tr\u00f2n \u0111\u1eb9p nh\u1ea5t v\u00e0 gi\u1eef \u0111\u01b0\u1ee3c l\u00e2u h\u01a1n.<\/div>\n<h3><span class=\"ez-toc-section\" id=\"tong_ket\"><\/span><strong>T\u1ed5ng k\u1ebft<\/strong><span class=\"ez-toc-section-end\"><\/span><\/h3>\n<div>Hoa h\u1ed3ng kem d\u00e2u kh\u00f4ng ch\u1ec9 l\u00e0 m\u1ed9t lo\u00e0i hoa c\u00f3 s\u1eafc \u0111\u1eb9p tinh t\u1ebf m\u00e0 c\u00f2n l\u00e0 bi\u1ec3u t\u01b0\u1ee3ng cho nh\u1eefng c\u1ea3m x\u00fac ch\u00e2n th\u00e0nh v\u00e0 d\u1ecbu d\u00e0ng. V\u1edbi m\u00e0u s\u1eafc pastel ng\u1ecdt ng\u00e0o, \u0111\u1ed9 b\u1ec1n cao v\u00e0 kh\u1ea3 n\u0103ng \u1ee9ng d\u1ee5ng linh ho\u1ea1t trong cu\u1ed9c s\u1ed1ng, hoa h\u1ed3ng kem d\u00e2u \u0110\u00e0 L\u1ea1t x\u1ee9ng \u0111\u00e1ng l\u00e0 l\u1ef1a ch\u1ecdn h\u00e0ng \u0111\u1ea7u cho nh\u1eefng ai y\u00eau hoa ngh\u1ec7 thu\u1eadt v\u00e0 mu\u1ed1n truy\u1ec1n t\u1ea3i th\u00f4ng \u0111i\u1ec7p y\u00eau th\u01b0\u01a1ng m\u1ed9t c\u00e1ch \u0111\u1ea7y tinh t\u1ebf.<\/div>\n","protected":false},"excerpt":{"rendered":"<p>Hoa H\u1ed3ng Kem D\u00e2u \u0110\u00e0 L\u1ea1t \u2013 V\u1ebb \u0110\u1eb9p D\u1ecbu D\u00e0ng C\u1ee7a T\u00ecnh Y\u00eau Tinh Khi\u1ebft Gi\u1edbi thi\u1ec7u v\u1ec1 hoa h\u1ed3ng kem d\u00e2u \u0110\u00e0 L\u1ea1t Hoa h\u1ed3ng kem d\u00e2u l\u00e0 m\u1ed9t trong nh\u1eefng gi\u1ed1ng hoa \u0111\u01b0\u1ee3c y\u00eau th\u00edch nh\u1ea5t t\u1ea1i \u0110\u00e0 L\u1ea1t nh\u1edd v\u1ebb ngo\u00e0i thanh tho\u00e1t v\u00e0 m\u00e0u s\u1eafc d\u1ecbu d\u00e0ng, n\u1eef t\u00ednh. V\u1edbi [&#8230;]\n","protected":false},"featured_media":5846,"comment_status":"open","ping_status":"closed","template":"","meta":[],"product_brand":[],"product_cat":[273,298],"product_tag":[332,370,371,368,341,336,369],"class_list":{"0":"post-4367","1":"product","2":"type-product","3":"status-publish","4":"has-post-thumbnail","6":"product_cat-hoa-noi-dia-viet-nam","7":"product_cat-hoa-hong-da-lat-hoa-noi-dia-viet-nam-2","8":"product_tag-hoa-hong-da-lat-cao-cap","9":"product_tag-hoa-hong-kem-hong-nhat","10":"product_tag-hoa-hong-mau-dau-sua","11":"product_tag-hoa-hong-nhe-nhang-lang-man","12":"product_tag-hoa-hong-pastel","13":"product_tag-hoa-hong-tang-nguoi-yeu","14":"product_tag-hoa-tuoi-nghe-thuat","16":"first","17":"instock","18":"shipping-taxable","19":"product-type-simple"},"_links":{"self":[{"href":"https:\/\/gvgarden.asia\/index.php?rest_route=\/wp\/v2\/product\/4367","targetHints":{"allow":["GET"]}}],"collection":[{"href":"https:\/\/gvgarden.asia\/index.php?rest_route=\/wp\/v2\/product"}],"about":[{"href":"https:\/\/gvgarden.asia\/index.php?rest_route=\/wp\/v2\/types\/product"}],"replies":[{"embeddable":true,"href":"https:\/\/gvgarden.asia\/index.php?rest_route=%2Fwp%2Fv2%2Fcomments&post=4367"}],"version-history":[{"count":3,"href":"https:\/\/gvgarden.asia\/index.php?rest_route=\/wp\/v2\/product\/4367\/revisions"}],"predecessor-version":[{"id":5634,"href":"https:\/\/gvgarden.asia\/index.php?rest_route=\/wp\/v2\/product\/4367\/revisions\/5634"}],"wp:featuredmedia":[{"embeddable":true,"href":"https:\/\/gvgarden.asia\/index.php?rest_route=\/wp\/v2\/media\/5846"}],"wp:attachment":[{"href":"https:\/\/gvgarden.asia\/index.php?rest_route=%2Fwp%2Fv2%2Fmedia&parent=4367"}],"wp:term":[{"taxonomy":"product_brand","embeddable":true,"href":"https:\/\/gvgarden.asia\/index.php?rest_route=%2Fwp%2Fv2%2Fproduct_brand&post=4367"},{"taxonomy":"product_cat","embeddable":true,"href":"https:\/\/gvgarden.asia\/index.php?rest_route=%2Fwp%2Fv2%2Fproduct_cat&post=4367"},{"taxonomy":"product_tag","embeddable":true,"href":"https:\/\/gvgarden.asia\/index.php?rest_route=%2Fwp%2Fv2%2Fproduct_tag&post=4367"}],"curies":[{"name":"wp","href":"https:\/\/api.w.org\/{rel}","templated":true}]}}