{"id":4365,"date":"2025-07-19T12:43:43","date_gmt":"2025-07-19T05:43:43","guid":{"rendered":"https:\/\/gvgarden.asia\/?post_type=product&#038;p=4365"},"modified":"2025-09-19T16:16:57","modified_gmt":"2025-09-19T09:16:57","slug":"hoa-hong-lac-than","status":"publish","type":"product","link":"https:\/\/gvgarden.asia\/?product=hoa-hong-lac-than","title":{"rendered":"Hoa H\u1ed3ng L\u1ea1c Th\u1ea7n"},"content":{"rendered":"<div id=\"ez-toc-container\" class=\"ez-toc-v2_0_76 counter-hierarchy ez-toc-counter ez-toc-grey ez-toc-container-direction\">\n<div class=\"ez-toc-title-container\">\n<p class=\"ez-toc-title\" style=\"cursor:inherit\">N\u1ed9i Dung B\u00e0i Vi\u1ebft<\/p>\n<span class=\"ez-toc-title-toggle\"><a href=\"#\" class=\"ez-toc-pull-right ez-toc-btn ez-toc-btn-xs ez-toc-btn-default ez-toc-toggle\" aria-label=\"Toggle Table of Content\"><span class=\"ez-toc-js-icon-con\"><span class=\"\"><span class=\"eztoc-hide\" style=\"display:none;\">Toggle<\/span><span class=\"ez-toc-icon-toggle-span\"><svg style=\"fill: #999;color:#999\" xmlns=\"http:\/\/www.w3.org\/2000\/svg\" class=\"list-377408\" width=\"20px\" height=\"20px\" viewBox=\"0 0 24 24\" fill=\"none\"><path d=\"M6 6H4v2h2V6zm14 0H8v2h12V6zM4 11h2v2H4v-2zm16 0H8v2h12v-2zM4 16h2v2H4v-2zm16 0H8v2h12v-2z\" fill=\"currentColor\"><\/path><\/svg><svg style=\"fill: #999;color:#999\" class=\"arrow-unsorted-368013\" xmlns=\"http:\/\/www.w3.org\/2000\/svg\" width=\"10px\" height=\"10px\" viewBox=\"0 0 24 24\" version=\"1.2\" baseProfile=\"tiny\"><path d=\"M18.2 9.3l-6.2-6.3-6.2 6.3c-.2.2-.3.4-.3.7s.1.5.3.7c.2.2.4.3.7.3h11c.3 0 .5-.1.7-.3.2-.2.3-.5.3-.7s-.1-.5-.3-.7zM5.8 14.7l6.2 6.3 6.2-6.3c.2-.2.3-.5.3-.7s-.1-.5-.3-.7c-.2-.2-.4-.3-.7-.3h-11c-.3 0-.5.1-.7.3-.2.2-.3.5-.3.7s.1.5.3.7z\"\/><\/svg><\/span><\/span><\/span><\/a><\/span><\/div>\n<nav><ul class='ez-toc-list ez-toc-list-level-1 eztoc-toggle-hide-by-default' ><li class='ez-toc-page-1 ez-toc-heading-level-2'><a class=\"ez-toc-link ez-toc-heading-1\" href=\"https:\/\/gvgarden.asia\/?product=hoa-hong-lac-than\/#hoa_hong_lac_than_da_lat_%e2%80%93_sac_hoa_nhe_nhang_nhu_nang_tho\" >Hoa H\u1ed3ng L\u1ea1c Th\u1ea7n \u0110\u00e0 L\u1ea1t \u2013 S\u1eafc Hoa Nh\u1eb9 Nh\u00e0ng Nh\u01b0 N\u00e0ng Th\u01a1<\/a><ul class='ez-toc-list-level-3' ><li class='ez-toc-heading-level-3'><a class=\"ez-toc-link ez-toc-heading-2\" href=\"https:\/\/gvgarden.asia\/?product=hoa-hong-lac-than\/#gioi_thieu_ve_hoa_hong_lac_than_%e2%80%93_tinh_te_tu_cai_nhin_dau_tien\" >Gi\u1edbi thi\u1ec7u v\u1ec1 hoa h\u1ed3ng L\u1ea1c Th\u1ea7n \u2013 Tinh t\u1ebf t\u1eeb c\u00e1i nh\u00ecn \u0111\u1ea7u ti\u00ean<\/a><\/li><li class='ez-toc-page-1 ez-toc-heading-level-3'><a class=\"ez-toc-link ez-toc-heading-3\" href=\"https:\/\/gvgarden.asia\/?product=hoa-hong-lac-than\/#y_nghia_cua_hoa_hong_lac_than_%e2%80%93_bieu_tuong_cua_su_thuan_khiet_va_tinh_yeu_diu_dang\" >\u00dd ngh\u0129a c\u1ee7a hoa h\u1ed3ng L\u1ea1c Th\u1ea7n \u2013 Bi\u1ec3u t\u01b0\u1ee3ng c\u1ee7a s\u1ef1 thu\u1ea7n khi\u1ebft v\u00e0 t\u00ecnh y\u00eau d\u1ecbu d\u00e0ng<\/a><ul class='ez-toc-list-level-4' ><li class='ez-toc-heading-level-4'><a class=\"ez-toc-link ez-toc-heading-4\" href=\"https:\/\/gvgarden.asia\/?product=hoa-hong-lac-than\/#sac_hong_phan_%e2%80%93_loi_thi_tham_cua_cam_xuc\" >S\u1eafc h\u1ed3ng ph\u1ea5n \u2013 l\u1eddi th\u00ec th\u1ea7m c\u1ee7a c\u1ea3m x\u00fac<\/a><\/li><li class='ez-toc-page-1 ez-toc-heading-level-4'><a class=\"ez-toc-link ez-toc-heading-5\" href=\"https:\/\/gvgarden.asia\/?product=hoa-hong-lac-than\/#tinh_te_nhung_van_noi_bat\" >Tinh t\u1ebf nh\u01b0ng v\u1eabn n\u1ed5i b\u1eadt<\/a><\/li><\/ul><\/li><li class='ez-toc-page-1 ez-toc-heading-level-3'><a class=\"ez-toc-link ez-toc-heading-6\" href=\"https:\/\/gvgarden.asia\/?product=hoa-hong-lac-than\/#%f0%9f%8c%ba_dac_diem_noi_bat_cua_hoa_hong_lac_than\" >\ud83c\udf3a \u0110\u1eb7c \u0111i\u1ec3m n\u1ed5i b\u1eadt c\u1ee7a hoa h\u1ed3ng L\u1ea1c Th\u1ea7n<\/a><ul class='ez-toc-list-level-4' ><li class='ez-toc-heading-level-4'><a class=\"ez-toc-link ez-toc-heading-7\" href=\"https:\/\/gvgarden.asia\/?product=hoa-hong-lac-than\/#mau_sac_phoi_dac_biet_%e2%80%93_hong_phan_pha_vien_trang_nga\" >M\u00e0u s\u1eafc ph\u1ed1i \u0111\u1eb7c bi\u1ec7t \u2013 H\u1ed3ng ph\u1ea5n pha vi\u1ec1n tr\u1eafng ng\u00e0<\/a><\/li><li class='ez-toc-page-1 ez-toc-heading-level-4'><a class=\"ez-toc-link ez-toc-heading-8\" href=\"https:\/\/gvgarden.asia\/?product=hoa-hong-lac-than\/#form_bong_trung_xoay_nhe_%e2%80%93_bieu_tuong_cua_su_thanh_lich\" >Form b\u00f4ng tr\u1ee9ng, xo\u00e1y nh\u1eb9 \u2013 bi\u1ec3u t\u01b0\u1ee3ng c\u1ee7a s\u1ef1 thanh l\u1ecbch<\/a><\/li><li class='ez-toc-page-1 ez-toc-heading-level-4'><a class=\"ez-toc-link ez-toc-heading-9\" href=\"https:\/\/gvgarden.asia\/?product=hoa-hong-lac-than\/#canh_chac_tan_la_day_do_ben_cao\" >C\u00e0nh ch\u1eafc, t\u00e1n l\u00e1 d\u00e0y, \u0111\u1ed9 b\u1ec1n cao<\/a><\/li><\/ul><\/li><li class='ez-toc-page-1 ez-toc-heading-level-3'><a class=\"ez-toc-link ez-toc-heading-10\" href=\"https:\/\/gvgarden.asia\/?product=hoa-hong-lac-than\/#%f0%9f%8e%80_ung_dung_cua_hoa_hong_lac_than_trong_cuoc_song_va_nghe_thuat_hoa\" >\ud83c\udf80 \u1ee8ng d\u1ee5ng c\u1ee7a hoa h\u1ed3ng L\u1ea1c Th\u1ea7n trong cu\u1ed9c s\u1ed1ng v\u00e0 ngh\u1ec7 thu\u1eadt hoa<\/a><ul class='ez-toc-list-level-4' ><li class='ez-toc-heading-level-4'><a class=\"ez-toc-link ez-toc-heading-11\" href=\"https:\/\/gvgarden.asia\/?product=hoa-hong-lac-than\/#hoa_cuoi_thanh_lich\" >Hoa c\u01b0\u1edbi thanh l\u1ecbch<\/a><\/li><li class='ez-toc-page-1 ez-toc-heading-level-4'><a class=\"ez-toc-link ez-toc-heading-12\" href=\"https:\/\/gvgarden.asia\/?product=hoa-hong-lac-than\/#hoa_trang_tri_khong_gian_studio_khach_san\" >Hoa trang tr\u00ed kh\u00f4ng gian, studio, kh\u00e1ch s\u1ea1n<\/a><\/li><\/ul><\/li><li class='ez-toc-page-1 ez-toc-heading-level-3'><a class=\"ez-toc-link ez-toc-heading-13\" href=\"https:\/\/gvgarden.asia\/?product=hoa-hong-lac-than\/#%f0%9f%9b%92_mua_hoa_hong_lac_than_da_lat_o_dau_uy_tin\" >\ud83d\uded2 Mua hoa h\u1ed3ng L\u1ea1c Th\u1ea7n \u0110\u00e0 L\u1ea1t \u1edf \u0111\u00e2u uy t\u00edn?<\/a><\/li><li class='ez-toc-page-1 ez-toc-heading-level-3'><a class=\"ez-toc-link ez-toc-heading-14\" href=\"https:\/\/gvgarden.asia\/?product=hoa-hong-lac-than\/#%e2%9c%85_ket_luan\" >\u2705 K\u1ebft lu\u1eadn<\/a><\/li><\/ul><\/li><\/ul><\/nav><\/div>\n<h2><span class=\"ez-toc-section\" id=\"hoa_hong_lac_than_da_lat_%e2%80%93_sac_hoa_nhe_nhang_nhu_nang_tho\"><\/span><strong>Hoa H\u1ed3ng L\u1ea1c Th\u1ea7n \u0110\u00e0 L\u1ea1t \u2013 S\u1eafc Hoa Nh\u1eb9 Nh\u00e0ng Nh\u01b0 N\u00e0ng Th\u01a1<\/strong><span class=\"ez-toc-section-end\"><\/span><\/h2>\n<h3><span class=\"ez-toc-section\" id=\"gioi_thieu_ve_hoa_hong_lac_than_%e2%80%93_tinh_te_tu_cai_nhin_dau_tien\"><\/span><strong>Gi\u1edbi thi\u1ec7u v\u1ec1 hoa h\u1ed3ng L\u1ea1c Th\u1ea7n \u2013 Tinh t\u1ebf t\u1eeb c\u00e1i nh\u00ecn \u0111\u1ea7u ti\u00ean<\/strong><span class=\"ez-toc-section-end\"><\/span><\/h3>\n<div>Hoa h\u1ed3ng L\u1ea1c Th\u1ea7n l\u00e0 gi\u1ed1ng h\u1ed3ng cao c\u1ea5p \u0111\u01b0\u1ee3c tr\u1ed3ng ch\u1ee7 y\u1ebfu t\u1ea1i c\u00e1c n\u00f4ng tr\u1ea1i \u0110\u00e0 L\u1ea1t. C\u00e1i t\u00ean &#8220;L\u1ea1c Th\u1ea7n&#8221; mang \u00e2m h\u01b0\u1edfng v\u0103n h\u1ecdc, c\u1ed5 \u0111i\u1ec3n, g\u1ee3i c\u1ea3m gi\u00e1c v\u1eeba b\u00ed \u1ea9n v\u1eeba nh\u1eb9 nh\u00e0ng \u2013 \u0111\u00fang v\u1edbi v\u1ebb ngo\u00e0i c\u1ee7a lo\u00e0i hoa n\u00e0y.<\/div>\n<div><\/div>\n<div>V\u1edbi m\u00e0u c\u00e1nh h\u1ed3ng ph\u1ea5n vi\u1ec1n tr\u1eafng ng\u1ecdt ng\u00e0o, form b\u00f4ng xo\u00e1y ch\u1eb7t h\u00ecnh tr\u1ee9ng, hoa h\u1ed3ng L\u1ea1c Th\u1ea7n d\u1ec5 d\u00e0ng chi\u1ebfm tr\u1ecdn tr\u00e1i tim c\u1ee7a nh\u1eefng ai y\u00eau phong c\u00e1ch nh\u1eb9 nh\u00e0ng, th\u01a1 m\u1ed9ng. Nh\u1edd \u0111i\u1ec1u ki\u1ec7n kh\u00ed h\u1eadu l\u00fd t\u01b0\u1edfng t\u1ea1i \u0110\u00e0 L\u1ea1t, hoa c\u00f3 ch\u1ea5t l\u01b0\u1ee3ng cao, m\u00e0u s\u1eafc chu\u1ea9n v\u00e0 \u0111\u1ed9 b\u1ec1n v\u01b0\u1ee3t tr\u1ed9i.<\/div>\n<h3><span class=\"ez-toc-section\" id=\"y_nghia_cua_hoa_hong_lac_than_%e2%80%93_bieu_tuong_cua_su_thuan_khiet_va_tinh_yeu_diu_dang\"><\/span><strong>\u00dd ngh\u0129a c\u1ee7a hoa h\u1ed3ng L\u1ea1c Th\u1ea7n \u2013 Bi\u1ec3u t\u01b0\u1ee3ng c\u1ee7a s\u1ef1 thu\u1ea7n khi\u1ebft v\u00e0 t\u00ecnh y\u00eau d\u1ecbu d\u00e0ng<\/strong><span class=\"ez-toc-section-end\"><\/span><\/h3>\n<h4><span class=\"ez-toc-section\" id=\"sac_hong_phan_%e2%80%93_loi_thi_tham_cua_cam_xuc\"><\/span><strong>S\u1eafc h\u1ed3ng ph\u1ea5n \u2013 l\u1eddi th\u00ec th\u1ea7m c\u1ee7a c\u1ea3m x\u00fac<\/strong><span class=\"ez-toc-section-end\"><\/span><\/h4>\n<div>M\u00e0u h\u1ed3ng ph\u1ea5n kh\u00f4ng qu\u00e1 r\u1ef1c r\u1ee1, c\u0169ng kh\u00f4ng m\u1edd nh\u1ea1t \u2013 l\u00e0 bi\u1ec3u t\u01b0\u1ee3ng c\u1ee7a t\u00ecnh y\u00eau ng\u00e2y th\u01a1, s\u1ef1 ch\u00e2n th\u00e0nh v\u00e0 l\u00e3ng m\u1ea1n. Khi \u0111\u01b0\u1ee3c vi\u1ec1n b\u1eb1ng s\u1eafc tr\u1eafng tinh kh\u00f4i, n\u00f3 c\u00e0ng tr\u1edf th\u00e0nh h\u00ecnh \u1ea3nh c\u1ee7a s\u1ef1 thu\u1ea7n khi\u1ebft, trong tr\u1ebbo v\u00e0 mong manh nh\u01b0 n\u1eafng s\u1edbm.<\/div>\n<div><\/div>\n<div>B\u00f3 hoa h\u1ed3ng L\u1ea1c Th\u1ea7n th\u01b0\u1eddng \u0111\u01b0\u1ee3c ch\u1ecdn l\u00e0m:<\/div>\n<div>Hoa t\u1eb7ng b\u1ea1n g\u00e1i, v\u1ee3 trong nh\u1eefng d\u1ecbp ng\u1ecdt ng\u00e0o<\/div>\n<div>Hoa c\u1ea7u h\u00f4n, k\u1ef7 ni\u1ec7m t\u00ecnh y\u00eau nh\u1eb9 nh\u00e0ng<\/div>\n<div>Hoa t\u1ed1t nghi\u1ec7p, ch\u00fac m\u1eebng \u2013 thay cho l\u1eddi ch\u00fac may m\u1eafn \u0111\u1ea7y t\u1ebf nh\u1ecb<\/div>\n<div><\/div>\n<h4><span class=\"ez-toc-section\" id=\"tinh_te_nhung_van_noi_bat\"><\/span><strong>Tinh t\u1ebf nh\u01b0ng v\u1eabn n\u1ed5i b\u1eadt<\/strong><span class=\"ez-toc-section-end\"><\/span><\/h4>\n<div>L\u1ea1c Th\u1ea7n kh\u00f4ng ph\u00f4 tr\u01b0\u01a1ng. V\u1ebb \u0111\u1eb9p c\u1ee7a n\u00f3 thu h\u00fat b\u1edfi s\u1ef1 h\u00e0i h\u00f2a gi\u1eefa m\u00e0u s\u1eafc v\u00e0 h\u00ecnh d\u00e1ng, l\u00e0 l\u1ef1a ch\u1ecdn l\u00fd t\u01b0\u1edfng cho nh\u1eefng ai th\u00edch s\u1ef1 tinh t\u1ebf, nh\u1eb9 nh\u00e0ng nh\u01b0ng kh\u00f4ng \u0111\u01a1n \u0111i\u1ec7u.<\/div>\n<div><\/div>\n<h3><span class=\"ez-toc-section\" id=\"%f0%9f%8c%ba_dac_diem_noi_bat_cua_hoa_hong_lac_than\"><\/span>\ud83c\udf3a<strong> \u0110\u1eb7c \u0111i\u1ec3m n\u1ed5i b\u1eadt c\u1ee7a hoa h\u1ed3ng L\u1ea1c Th\u1ea7n<\/strong><span class=\"ez-toc-section-end\"><\/span><\/h3>\n<h4><span class=\"ez-toc-section\" id=\"mau_sac_phoi_dac_biet_%e2%80%93_hong_phan_pha_vien_trang_nga\"><\/span><strong>M\u00e0u s\u1eafc ph\u1ed1i \u0111\u1eb7c bi\u1ec7t \u2013 H\u1ed3ng ph\u1ea5n pha vi\u1ec1n tr\u1eafng ng\u00e0<\/strong><span class=\"ez-toc-section-end\"><\/span><\/h4>\n<div>L\u1edbp c\u00e1nh ngo\u00e0i tr\u1eafng ng\u00e0, d\u1ea7n chuy\u1ec3n sang h\u1ed3ng ph\u1ea5n \u1edf trung t\u00e2m<\/div>\n<div>M\u00e0u s\u1eafc thay \u0111\u1ed5i nh\u1eb9 t\u00f9y theo \u0111\u1ed9 n\u1edf c\u1ee7a hoa v\u00e0 \u00e1nh s\u00e1ng t\u1ef1 nhi\u00ean<\/div>\n<div>Kh\u00f4ng b\u1ecb l\u1eabn v\u1edbi c\u00e1c gi\u1ed1ng h\u1ed3ng ph\u1ed5 th\u00f4ng kh\u00e1c tr\u00ean th\u1ecb tr\u01b0\u1eddng<\/div>\n<h4><span class=\"ez-toc-section\" id=\"form_bong_trung_xoay_nhe_%e2%80%93_bieu_tuong_cua_su_thanh_lich\"><\/span><strong>Form b\u00f4ng tr\u1ee9ng, xo\u00e1y nh\u1eb9 \u2013 bi\u1ec3u t\u01b0\u1ee3ng c\u1ee7a s\u1ef1 thanh l\u1ecbch<\/strong><span class=\"ez-toc-section-end\"><\/span><\/h4>\n<div>\u0110\u01b0\u1eddng k\u00ednh b\u00f4ng t\u1eeb 6\u20138cm, form b\u00fap tr\u1ee9ng xo\u00e1y \u0111\u1ec1u<\/div>\n<div>Khi n\u1edf, hoa gi\u1eef \u0111\u01b0\u1ee3c \u0111\u1ed9 \u00f4m v\u00e0 kh\u00f4ng x\u00f2e qu\u00e1 nhanh<\/div>\n<div>C\u00e1nh hoa m\u1ec1m m\u1ecbn, t\u1ea1o c\u1ea3m gi\u00e1c m\u1ecfng nh\u1eb9 nh\u01b0 l\u1ee5a<\/div>\n<h4><span class=\"ez-toc-section\" id=\"canh_chac_tan_la_day_do_ben_cao\"><\/span><strong>C\u00e0nh ch\u1eafc, t\u00e1n l\u00e1 d\u00e0y, \u0111\u1ed9 b\u1ec1n cao<\/strong><span class=\"ez-toc-section-end\"><\/span><\/h4>\n<div>C\u00e0nh d\u00e0i 40\u201360cm, kh\u1ecfe, d\u1ec5 ph\u1ed1i v\u00e0 c\u1eafm<\/div>\n<div>L\u00e1 xanh s\u1eabm, h\u00ecnh b\u1ea7u h\u01a1i d\u00e0i, gi\u00fap t\u1ed5ng th\u1ec3 b\u00f3 hoa h\u00e0i h\u00f2a<\/div>\n<div>\u0110\u1ed9 b\u1ec1n c\u1eafm n\u01b0\u1edbc 5\u20137 ng\u00e0y, c\u1eafm x\u1ed1p 3\u20135 ng\u00e0y<\/div>\n<h3><span class=\"ez-toc-section\" id=\"%f0%9f%8e%80_ung_dung_cua_hoa_hong_lac_than_trong_cuoc_song_va_nghe_thuat_hoa\"><\/span>\ud83c\udf80 <strong>\u1ee8ng d\u1ee5ng c\u1ee7a hoa h\u1ed3ng L\u1ea1c Th\u1ea7n trong cu\u1ed9c s\u1ed1ng v\u00e0 ngh\u1ec7 thu\u1eadt hoa<\/strong><span class=\"ez-toc-section-end\"><\/span><\/h3>\n<p><strong>B\u00f3 hoa t\u00ecnh y\u00eau nh\u1eb9 nh\u00e0ng, tinh t\u1ebf<\/strong><\/p>\n<div>Th\u01b0\u1eddng \u0111\u01b0\u1ee3c ch\u1ecdn cho b\u00f3 hoa k\u1ef7 ni\u1ec7m, qu\u00e0 t\u1eb7ng ng\u01b0\u1eddi th\u01b0\u01a1ng<\/div>\n<div><\/div>\n<div>D\u1ec5 ph\u1ed1i c\u00f9ng hoa baby tr\u1eafng, l\u00e1 b\u1ea1c, lan h\u1ed3 \u0111i\u1ec7p ho\u1eb7c th\u1ea1ch th\u1ea3o<\/div>\n<div><\/div>\n<div>M\u00e0u s\u1eafc ph\u00f9 h\u1ee3p c\u1ea3 xu\u00e2n \u2013 h\u1ea1 \u2013 thu \u2013 \u0111\u00f4ng<\/div>\n<h4><span class=\"ez-toc-section\" id=\"hoa_cuoi_thanh_lich\"><\/span><strong>Hoa c\u01b0\u1edbi thanh l\u1ecbch<\/strong><span class=\"ez-toc-section-end\"><\/span><\/h4>\n<div>R\u1ea5t \u0111\u01b0\u1ee3c \u01b0a chu\u1ed9ng trong c\u00e1c ti\u1ec7c c\u01b0\u1edbi phong c\u00e1ch ch\u00e2u \u00c2u, rustic ho\u1eb7c c\u1ed5 \u0111i\u1ec3n<\/div>\n<div><\/div>\n<div>D\u00f9ng \u0111\u1ec3 l\u00e0m hoa c\u1ea7m tay c\u00f4 d\u00e2u, hoa b\u00e0n gallery, hoa l\u1ed1i \u0111i<\/div>\n<div><\/div>\n<div>C\u00f3 th\u1ec3 ph\u1ed1i c\u00f9ng hoa m\u1eabu \u0111\u01a1n, mao l\u01b0\u01a1ng ho\u1eb7c h\u1ed3ng kem \u0111\u1ec3 t\u0103ng \u0111\u1ed9 sang tr\u1ecdng<\/div>\n<h4><span class=\"ez-toc-section\" id=\"hoa_trang_tri_khong_gian_studio_khach_san\"><\/span><strong>Hoa trang tr\u00ed kh\u00f4ng gian, studio, kh\u00e1ch s\u1ea1n<\/strong><span class=\"ez-toc-section-end\"><\/span><\/h4>\n<div>T\u1ea1o c\u1ea3m gi\u00e1c d\u1ecbu nh\u1eb9, th\u01b0 gi\u00e3n cho kh\u00f4ng gian n\u1ed9i th\u1ea5t<\/div>\n<div><\/div>\n<div>Ph\u00f9 h\u1ee3p decor ph\u00f2ng ng\u1ee7, g\u00f3c l\u00e0m vi\u1ec7c, qu\u00e1n tr\u00e0, spa cao c\u1ea5p<\/div>\n<div><\/div>\n<div>D\u00f9ng trong ch\u1ee5p \u1ea3nh ngh\u1ec7 thu\u1eadt ho\u1eb7c c\u1eafm b\u00ecnh b\u00e0n ti\u1ec7c<\/div>\n<h3><span class=\"ez-toc-section\" id=\"%f0%9f%9b%92_mua_hoa_hong_lac_than_da_lat_o_dau_uy_tin\"><\/span>\ud83d\uded2 <strong>Mua hoa h\u1ed3ng L\u1ea1c Th\u1ea7n \u0110\u00e0 L\u1ea1t \u1edf \u0111\u00e2u uy t\u00edn?<\/strong><span class=\"ez-toc-section-end\"><\/span><\/h3>\n<div>T\u1ea1i GV Garden, ch\u00fang t\u00f4i cung c\u1ea5p hoa h\u1ed3ng L\u1ea1c Th\u1ea7n tuy\u1ec3n ch\u1ecdn t\u1eeb v\u01b0\u1eddn t\u1ea1i \u0110\u00e0 L\u1ea1t:<\/div>\n<div><\/div>\n<div>Hoa t\u01b0\u01a1i c\u1eaft m\u1ed7i ng\u00e0y, m\u00e0u s\u1eafc chu\u1ea9n, c\u00e1nh m\u1ec1m, kh\u00f4ng d\u1eadp n\u00e1t<\/div>\n<div><\/div>\n<div>\u0110\u00f3ng g\u00f3i k\u1ef9 l\u01b0\u1ee1ng, b\u1ea3o qu\u1ea3n l\u1ea1nh khi v\u1eadn chuy\u1ec3n xa<\/div>\n<div><\/div>\n<div>H\u1ed7 tr\u1ee3 \u0111\u1eb7t hoa s\u1ec9, l\u1ebb, b\u00f3 hoa, h\u1ed9p hoa theo y\u00eau c\u1ea7u<\/div>\n<div><\/div>\n<div>\u01afu \u0111\u00e3i h\u1ea5p d\u1eabn cho wedding planner, shop hoa v\u00e0 decor s\u1ef1 ki\u1ec7n<\/div>\n<div><\/div>\n<div>\ud83d\udcde Li\u00ean h\u1ec7 ngay \u0111\u1ec3 \u0111\u01b0\u1ee3c b\u00e1o gi\u00e1 &amp; \u0111\u1eb7t h\u00e0ng s\u1ed1 l\u01b0\u1ee3ng linh ho\u1ea1t!<\/div>\n<h3><span class=\"ez-toc-section\" id=\"%e2%9c%85_ket_luan\"><\/span>\u2705 <strong>K\u1ebft lu\u1eadn<\/strong><span class=\"ez-toc-section-end\"><\/span><\/h3>\n<div>Hoa h\u1ed3ng L\u1ea1c Th\u1ea7n \u0110\u00e0 L\u1ea1t kh\u00f4ng ch\u1ec9 l\u00e0 m\u1ed9t lo\u00e0i hoa \u0111\u1eb9p \u2013 m\u00e0 c\u00f2n l\u00e0 bi\u1ec3u t\u01b0\u1ee3ng c\u1ee7a s\u1ef1 tinh t\u1ebf, thanh cao v\u00e0 y\u00eau th\u01b0\u01a1ng d\u1ecbu d\u00e0ng. D\u00f9 l\u00e0 b\u00f3 hoa c\u01b0\u1edbi, m\u00f3n qu\u00e0 sinh nh\u1eadt hay \u0111i\u1ec3m nh\u1ea5n cho kh\u00f4ng gian s\u1ed1ng, L\u1ea1c Th\u1ea7n lu\u00f4n mang \u0111\u1ebfn c\u1ea3m x\u00fac nh\u1eb9 nh\u00e0ng v\u00e0 s\u00e2u s\u1eafc.<\/div>\n<div><\/div>\n","protected":false},"excerpt":{"rendered":"<p>Hoa H\u1ed3ng L\u1ea1c Th\u1ea7n \u0110\u00e0 L\u1ea1t \u2013 S\u1eafc Hoa Nh\u1eb9 Nh\u00e0ng Nh\u01b0 N\u00e0ng Th\u01a1 Gi\u1edbi thi\u1ec7u v\u1ec1 hoa h\u1ed3ng L\u1ea1c Th\u1ea7n \u2013 Tinh t\u1ebf t\u1eeb c\u00e1i nh\u00ecn \u0111\u1ea7u ti\u00ean Hoa h\u1ed3ng L\u1ea1c Th\u1ea7n l\u00e0 gi\u1ed1ng h\u1ed3ng cao c\u1ea5p \u0111\u01b0\u1ee3c tr\u1ed3ng ch\u1ee7 y\u1ebfu t\u1ea1i c\u00e1c n\u00f4ng tr\u1ea1i \u0110\u00e0 L\u1ea1t. C\u00e1i t\u00ean &#8220;L\u1ea1c Th\u1ea7n&#8221; mang \u00e2m h\u01b0\u1edfng [&#8230;]\n","protected":false},"featured_media":5842,"comment_status":"open","ping_status":"closed","template":"","meta":[],"product_brand":[],"product_cat":[15],"product_tag":[365,361,363,364,362],"class_list":{"0":"post-4365","1":"product","2":"type-product","3":"status-publish","4":"has-post-thumbnail","6":"product_cat-khuyen-mai-goc","7":"product_tag-giong-hoa-hong-moi-da-lat","8":"product_tag-hoa-hong-lac-than-vien-trang-hong","9":"product_tag-hoa-hong-lang-man-da-lat","10":"product_tag-hoa-hong-pastel-dep","11":"product_tag-hoa-hong-phan-vien","13":"first","14":"instock","15":"shipping-taxable","16":"product-type-simple"},"_links":{"self":[{"href":"https:\/\/gvgarden.asia\/index.php?rest_route=\/wp\/v2\/product\/4365","targetHints":{"allow":["GET"]}}],"collection":[{"href":"https:\/\/gvgarden.asia\/index.php?rest_route=\/wp\/v2\/product"}],"about":[{"href":"https:\/\/gvgarden.asia\/index.php?rest_route=\/wp\/v2\/types\/product"}],"replies":[{"embeddable":true,"href":"https:\/\/gvgarden.asia\/index.php?rest_route=%2Fwp%2Fv2%2Fcomments&post=4365"}],"version-history":[{"count":3,"href":"https:\/\/gvgarden.asia\/index.php?rest_route=\/wp\/v2\/product\/4365\/revisions"}],"predecessor-version":[{"id":5630,"href":"https:\/\/gvgarden.asia\/index.php?rest_route=\/wp\/v2\/product\/4365\/revisions\/5630"}],"wp:featuredmedia":[{"embeddable":true,"href":"https:\/\/gvgarden.asia\/index.php?rest_route=\/wp\/v2\/media\/5842"}],"wp:attachment":[{"href":"https:\/\/gvgarden.asia\/index.php?rest_route=%2Fwp%2Fv2%2Fmedia&parent=4365"}],"wp:term":[{"taxonomy":"product_brand","embeddable":true,"href":"https:\/\/gvgarden.asia\/index.php?rest_route=%2Fwp%2Fv2%2Fproduct_brand&post=4365"},{"taxonomy":"product_cat","embeddable":true,"href":"https:\/\/gvgarden.asia\/index.php?rest_route=%2Fwp%2Fv2%2Fproduct_cat&post=4365"},{"taxonomy":"product_tag","embeddable":true,"href":"https:\/\/gvgarden.asia\/index.php?rest_route=%2Fwp%2Fv2%2Fproduct_tag&post=4365"}],"curies":[{"name":"wp","href":"https:\/\/api.w.org\/{rel}","templated":true}]}}