{"id":4363,"date":"2025-07-19T12:43:43","date_gmt":"2025-07-19T05:43:43","guid":{"rendered":"https:\/\/gvgarden.asia\/?post_type=product&#038;p=4363"},"modified":"2025-09-19T16:14:36","modified_gmt":"2025-09-19T09:14:36","slug":"hoa-hong-capuchino-da-lat","status":"publish","type":"product","link":"https:\/\/gvgarden.asia\/?product=hoa-hong-capuchino-da-lat","title":{"rendered":"Hoa H\u1ed3ng Capuchino"},"content":{"rendered":"<div id=\"ez-toc-container\" class=\"ez-toc-v2_0_76 counter-hierarchy ez-toc-counter ez-toc-grey ez-toc-container-direction\">\n<div class=\"ez-toc-title-container\">\n<p class=\"ez-toc-title\" style=\"cursor:inherit\">N\u1ed9i Dung B\u00e0i Vi\u1ebft<\/p>\n<span class=\"ez-toc-title-toggle\"><a href=\"#\" class=\"ez-toc-pull-right ez-toc-btn ez-toc-btn-xs ez-toc-btn-default ez-toc-toggle\" aria-label=\"Toggle Table of Content\"><span class=\"ez-toc-js-icon-con\"><span class=\"\"><span class=\"eztoc-hide\" style=\"display:none;\">Toggle<\/span><span class=\"ez-toc-icon-toggle-span\"><svg style=\"fill: #999;color:#999\" xmlns=\"http:\/\/www.w3.org\/2000\/svg\" class=\"list-377408\" width=\"20px\" height=\"20px\" viewBox=\"0 0 24 24\" fill=\"none\"><path d=\"M6 6H4v2h2V6zm14 0H8v2h12V6zM4 11h2v2H4v-2zm16 0H8v2h12v-2zM4 16h2v2H4v-2zm16 0H8v2h12v-2z\" fill=\"currentColor\"><\/path><\/svg><svg style=\"fill: #999;color:#999\" class=\"arrow-unsorted-368013\" xmlns=\"http:\/\/www.w3.org\/2000\/svg\" width=\"10px\" height=\"10px\" viewBox=\"0 0 24 24\" version=\"1.2\" baseProfile=\"tiny\"><path d=\"M18.2 9.3l-6.2-6.3-6.2 6.3c-.2.2-.3.4-.3.7s.1.5.3.7c.2.2.4.3.7.3h11c.3 0 .5-.1.7-.3.2-.2.3-.5.3-.7s-.1-.5-.3-.7zM5.8 14.7l6.2 6.3 6.2-6.3c.2-.2.3-.5.3-.7s-.1-.5-.3-.7c-.2-.2-.4-.3-.7-.3h-11c-.3 0-.5.1-.7.3-.2.2-.3.5-.3.7s.1.5.3.7z\"\/><\/svg><\/span><\/span><\/span><\/a><\/span><\/div>\n<nav><ul class='ez-toc-list ez-toc-list-level-1 eztoc-toggle-hide-by-default' ><li class='ez-toc-page-1 ez-toc-heading-level-2'><a class=\"ez-toc-link ez-toc-heading-1\" href=\"https:\/\/gvgarden.asia\/?product=hoa-hong-capuchino-da-lat\/#hoa_hong_capuchino_%e2%80%93_ve_dep_diu_dang_va_sang_trong_tu_da_lat\" >Hoa H\u1ed3ng Capuchino \u2013 V\u1ebb \u0110\u1eb9p D\u1ecbu D\u00e0ng V\u00e0 Sang Tr\u1ecdng T\u1eeb \u0110\u00e0 L\u1ea1t<\/a><ul class='ez-toc-list-level-3' ><li class='ez-toc-heading-level-3'><a class=\"ez-toc-link ez-toc-heading-2\" href=\"https:\/\/gvgarden.asia\/?product=hoa-hong-capuchino-da-lat\/#gioi_thieu_ve_hoa_hong_capuchino_da_lat\" >Gi\u1edbi thi\u1ec7u v\u1ec1 hoa h\u1ed3ng Capuchino \u0110\u00e0 L\u1ea1t<\/a><\/li><li class='ez-toc-page-1 ez-toc-heading-level-3'><a class=\"ez-toc-link ez-toc-heading-3\" href=\"https:\/\/gvgarden.asia\/?product=hoa-hong-capuchino-da-lat\/#%f0%9f%92%8c_y_nghia_cua_hoa_hong_capuchino\" >\ud83d\udc8c \u00dd ngh\u0129a c\u1ee7a hoa h\u1ed3ng Capuchino<\/a><ul class='ez-toc-list-level-4' ><li class='ez-toc-heading-level-4'><a class=\"ez-toc-link ez-toc-heading-4\" href=\"https:\/\/gvgarden.asia\/?product=hoa-hong-capuchino-da-lat\/#%e2%98%95_tuong_trung_cho_su_tinh_te_va_truong_thanh\" >\u2615 T\u01b0\u1ee3ng tr\u01b0ng cho s\u1ef1 tinh t\u1ebf v\u00e0 tr\u01b0\u1edfng th\u00e0nh<\/a><\/li><li class='ez-toc-page-1 ez-toc-heading-level-4'><a class=\"ez-toc-link ez-toc-heading-5\" href=\"https:\/\/gvgarden.asia\/?product=hoa-hong-capuchino-da-lat\/#%f0%9f%91%91_bieu_tuong_cua_phong_cach_thanh_lich\" >\ud83d\udc51 Bi\u1ec3u t\u01b0\u1ee3ng c\u1ee7a phong c\u00e1ch thanh l\u1ecbch<\/a><\/li><\/ul><\/li><li class='ez-toc-page-1 ez-toc-heading-level-3'><a class=\"ez-toc-link ez-toc-heading-6\" href=\"https:\/\/gvgarden.asia\/?product=hoa-hong-capuchino-da-lat\/#%f0%9f%8c%b8_dac_diem_noi_bat_cua_hoa_hong_capuchino\" >\ud83c\udf38 \u0110\u1eb7c \u0111i\u1ec3m n\u1ed5i b\u1eadt c\u1ee7a hoa h\u1ed3ng Capuchino<\/a><ul class='ez-toc-list-level-4' ><li class='ez-toc-heading-level-4'><a class=\"ez-toc-link ez-toc-heading-7\" href=\"https:\/\/gvgarden.asia\/?product=hoa-hong-capuchino-da-lat\/#%f0%9f%8e%a8_mau_nau_hong_doc_dao_la_mat\" >\ud83c\udfa8 M\u00e0u n\u00e2u h\u1ed3ng \u0111\u1ed9c \u0111\u00e1o, l\u1ea1 m\u1eaft<\/a><\/li><li class='ez-toc-page-1 ez-toc-heading-level-4'><a class=\"ez-toc-link ez-toc-heading-8\" href=\"https:\/\/gvgarden.asia\/?product=hoa-hong-capuchino-da-lat\/#%f0%9f%8c%b9_form_bong_co_dien_day_canh\" >\ud83c\udf39 Form b\u00f4ng c\u1ed5 \u0111i\u1ec3n, d\u00e0y c\u00e1nh<\/a><\/li><li class='ez-toc-page-1 ez-toc-heading-level-4'><a class=\"ez-toc-link ez-toc-heading-9\" href=\"https:\/\/gvgarden.asia\/?product=hoa-hong-capuchino-da-lat\/#%f0%9f%8c%bf_canh_la_chac_khoe_de_bao_quan\" >\ud83c\udf3f C\u00e0nh l\u00e1 ch\u1eafc kh\u1ecfe, d\u1ec5 b\u1ea3o qu\u1ea3n<\/a><\/li><\/ul><\/li><li class='ez-toc-page-1 ez-toc-heading-level-3'><a class=\"ez-toc-link ez-toc-heading-10\" href=\"https:\/\/gvgarden.asia\/?product=hoa-hong-capuchino-da-lat\/#%f0%9f%8c%bc_ung_dung_cua_hoa_hong_capuchino_trong_doi_song\" >\ud83c\udf3c \u1ee8ng d\u1ee5ng c\u1ee7a hoa h\u1ed3ng Capuchino trong \u0111\u1eddi s\u1ed1ng<\/a><ul class='ez-toc-list-level-4' ><li class='ez-toc-heading-level-4'><a class=\"ez-toc-link ez-toc-heading-11\" href=\"https:\/\/gvgarden.asia\/?product=hoa-hong-capuchino-da-lat\/#%f0%9f%92%90_lam_hoa_cuoi_tone_trung_tinh_sang_trong\" >\ud83d\udc90 L\u00e0m hoa c\u01b0\u1edbi tone trung t\u00ednh sang tr\u1ecdng<\/a><\/li><li class='ez-toc-page-1 ez-toc-heading-level-4'><a class=\"ez-toc-link ez-toc-heading-12\" href=\"https:\/\/gvgarden.asia\/?product=hoa-hong-capuchino-da-lat\/#%f0%9f%8e%81_hoa_tang_dip_dac_biet\" >\ud83c\udf81 Hoa t\u1eb7ng d\u1ecbp \u0111\u1eb7c bi\u1ec7t<\/a><\/li><li class='ez-toc-page-1 ez-toc-heading-level-4'><a class=\"ez-toc-link ez-toc-heading-13\" href=\"https:\/\/gvgarden.asia\/?product=hoa-hong-capuchino-da-lat\/#%f0%9f%8f%a1_trang_tri_khong_gian_phong_cach_chau_au\" >\ud83c\udfe1 Trang tr\u00ed kh\u00f4ng gian phong c\u00e1ch ch\u00e2u \u00c2u<\/a><\/li><\/ul><\/li><li class='ez-toc-page-1 ez-toc-heading-level-3'><a class=\"ez-toc-link ez-toc-heading-14\" href=\"https:\/\/gvgarden.asia\/?product=hoa-hong-capuchino-da-lat\/#%f0%9f%9b%92_mua_hoa_hong_capuchino_da_lat_chat_luong_tai_gv_garden\" >\ud83d\uded2 Mua hoa h\u1ed3ng Capuchino \u0110\u00e0 L\u1ea1t ch\u1ea5t l\u01b0\u1ee3ng t\u1ea1i GV Garden<\/a><\/li><li class='ez-toc-page-1 ez-toc-heading-level-3'><a class=\"ez-toc-link ez-toc-heading-15\" href=\"https:\/\/gvgarden.asia\/?product=hoa-hong-capuchino-da-lat\/#%e2%9c%85_ket_luan\" >\u2705 K\u1ebft lu\u1eadn<\/a><\/li><\/ul><\/li><\/ul><\/nav><\/div>\n<h2><span class=\"ez-toc-section\" id=\"hoa_hong_capuchino_%e2%80%93_ve_dep_diu_dang_va_sang_trong_tu_da_lat\"><\/span><strong>Hoa H\u1ed3ng Capuchino \u2013 V\u1ebb \u0110\u1eb9p D\u1ecbu D\u00e0ng V\u00e0 Sang Tr\u1ecdng T\u1eeb \u0110\u00e0 L\u1ea1t<\/strong><span class=\"ez-toc-section-end\"><\/span><\/h2>\n<h3><span class=\"ez-toc-section\" id=\"gioi_thieu_ve_hoa_hong_capuchino_da_lat\"><\/span><strong>Gi\u1edbi thi\u1ec7u v\u1ec1 hoa h\u1ed3ng Capuchino \u0110\u00e0 L\u1ea1t<\/strong><span class=\"ez-toc-section-end\"><\/span><\/h3>\n<div>Gi\u1eefa mu\u00f4n v\u00e0n s\u1eafc h\u1ed3ng, \u0111\u1ecf, cam r\u1ef1c r\u1ee1, hoa h\u1ed3ng Capuchino n\u1ed5i b\u1eadt v\u1edbi tone m\u00e0u n\u00e2u h\u1ed3ng tr\u1ea7m \u1ea5m v\u00e0 tinh t\u1ebf, g\u1ee3i nh\u1edb \u0111\u1ebfn m\u00e0u c\u00e0 ph\u00ea s\u1eefa pha ch\u00fat \u00e1nh h\u1ed3ng nh\u1eb9. Lo\u00e0i hoa n\u00e0y \u0111\u01b0\u1ee3c tr\u1ed3ng nhi\u1ec1u t\u1ea1i c\u00e1c v\u01b0\u1eddn hoa ch\u1ea5t l\u01b0\u1ee3ng cao \u1edf \u0110\u00e0 L\u1ea1t \u2013 n\u01a1i c\u00f3 \u0111i\u1ec1u ki\u1ec7n kh\u00ed h\u1eadu \u00f4n h\u00f2a l\u00fd t\u01b0\u1edfng cho gi\u1ed1ng hoa h\u1ed3ng nh\u1eadp kh\u1ea9u ph\u00e1t tri\u1ec3n.<\/div>\n<div><\/div>\n<div>Capuchino \u0111\u01b0\u1ee3c \u01b0a chu\u1ed9ng trong gi\u1edbi hoa t\u01b0\u01a1i ngh\u1ec7 thu\u1eadt nh\u1edd v\u1ebb \u0111\u1eb9p l\u1ea1, th\u1ec3 hi\u1ec7n c\u00e1 t\u00ednh thanh l\u1ecbch v\u00e0 chi\u1ec1u s\u00e2u n\u1ed9i t\u00e2m, \u0111\u1ed3ng th\u1eddi r\u1ea5t ph\u00f9 h\u1ee3p trong c\u00e1c thi\u1ebft k\u1ebf hoa c\u01b0\u1edbi, hoa ch\u00fac m\u1eebng sang tr\u1ecdng.<\/div>\n<div><\/div>\n<h3><span class=\"ez-toc-section\" id=\"%f0%9f%92%8c_y_nghia_cua_hoa_hong_capuchino\"><\/span>\ud83d\udc8c <strong>\u00dd ngh\u0129a c\u1ee7a hoa h\u1ed3ng Capuchino<\/strong><span class=\"ez-toc-section-end\"><\/span><\/h3>\n<h4><span class=\"ez-toc-section\" id=\"%e2%98%95_tuong_trung_cho_su_tinh_te_va_truong_thanh\"><\/span>\u2615 <strong>T\u01b0\u1ee3ng tr\u01b0ng cho s\u1ef1 tinh t\u1ebf v\u00e0 tr\u01b0\u1edfng th\u00e0nh<\/strong><span class=\"ez-toc-section-end\"><\/span><\/h4>\n<div>M\u00e0u n\u00e2u h\u1ed3ng c\u1ee7a Capuchino mang n\u00e9t tr\u01b0\u1edfng th\u00e0nh, \u0111i\u1ec1m t\u0129nh v\u00e0 c\u00f3 chi\u1ec1u s\u00e2u. Hoa kh\u00f4ng qu\u00e1 ph\u00f4 tr\u01b0\u01a1ng nh\u01b0ng l\u1ea1i khi\u1ebfn ng\u01b0\u1eddi ta ph\u1ea3i ng\u1eafm nh\u00ecn k\u1ef9 \u0111\u1ec3 c\u1ea3m nh\u1eadn v\u1ebb \u0111\u1eb9p \u0111\u1eadm ch\u1ea5t \u201ctr\u00e0 chi\u1ec1u\u201d ch\u00e2u \u00c2u \u2013 \u1ea5m \u00e1p, c\u1ed5 \u0111i\u1ec3n v\u00e0 quy\u1ebfn r\u0169.<\/div>\n<div><\/div>\n<div>\u0110\u00e2y l\u00e0 lo\u00e0i hoa \u0111\u1ea1i di\u1ec7n cho:<\/div>\n<div><\/div>\n<div>T\u00ecnh y\u00eau tr\u01b0\u1edfng th\u00e0nh, \u0111i\u1ec1m \u0111\u1ea1m<\/div>\n<div>S\u1ef1 sang tr\u1ecdng nh\u01b0ng kh\u00f4ng qu\u00e1 l\u00f2e lo\u1eb9t<\/div>\n<div>T\u1ea5m l\u00f2ng th\u1ea5u hi\u1ec3u, tinh t\u1ebf v\u00e0 d\u1ecbu d\u00e0ng<\/div>\n<div><\/div>\n<h4><span class=\"ez-toc-section\" id=\"%f0%9f%91%91_bieu_tuong_cua_phong_cach_thanh_lich\"><\/span>\ud83d\udc51 <strong>Bi\u1ec3u t\u01b0\u1ee3ng c\u1ee7a phong c\u00e1ch thanh l\u1ecbch<\/strong><span class=\"ez-toc-section-end\"><\/span><\/h4>\n<div>Capuchino th\u01b0\u1eddng \u0111\u01b0\u1ee3c ch\u1ecdn b\u1edfi nh\u1eefng ng\u01b0\u1eddi c\u00f3 gu th\u1ea9m m\u1ef9 tinh t\u1ebf, y\u00eau th\u00edch s\u1ef1 t\u1ed1i gi\u1ea3n \u2013 sang tr\u1ecdng \u2013 kh\u00e1c bi\u1ec7t. Kh\u00f4ng r\u1ef1c r\u1ee1, kh\u00f4ng qu\u00e1 n\u1ed5i b\u1eadt, nh\u01b0ng lu\u00f4n \u0111\u1ec3 l\u1ea1i \u1ea5n t\u01b0\u1ee3ng l\u00e2u d\u00e0i, nh\u01b0 m\u1ed9t lo\u1ea1i \u201cv\u1ebb \u0111\u1eb9p n\u1ed9i t\u00e2m\u201d gi\u1eefa r\u1eebng hoa showy.<\/div>\n<div><\/div>\n<h3><span class=\"ez-toc-section\" id=\"%f0%9f%8c%b8_dac_diem_noi_bat_cua_hoa_hong_capuchino\"><\/span>\ud83c\udf38 <strong>\u0110\u1eb7c \u0111i\u1ec3m n\u1ed5i b\u1eadt c\u1ee7a hoa h\u1ed3ng Capuchino<\/strong><span class=\"ez-toc-section-end\"><\/span><\/h3>\n<h4><span class=\"ez-toc-section\" id=\"%f0%9f%8e%a8_mau_nau_hong_doc_dao_la_mat\"><\/span>\ud83c\udfa8 <strong>M\u00e0u n\u00e2u h\u1ed3ng \u0111\u1ed9c \u0111\u00e1o, l\u1ea1 m\u1eaft<\/strong><span class=\"ez-toc-section-end\"><\/span><\/h4>\n<div>M\u00e0u s\u1eafc dao \u0111\u1ed9ng t\u1eeb h\u1ed3ng nude \u00e1nh n\u00e2u \u0111\u1ebfn n\u00e2u cafe s\u1eefa ng\u1ea3 h\u1ed3ng<\/div>\n<div>Khi n\u1edf l\u1edbn c\u00f3 th\u1ec3 chuy\u1ec3n s\u1eafc nh\u1eb9 theo \u00e1nh s\u00e1ng<\/div>\n<div>Tone m\u00e0u trung t\u00ednh, d\u1ec5 ph\u1ed1i v\u1edbi c\u00e1c lo\u1ea1i hoa ph\u1ee5 cao c\u1ea5p nh\u01b0 bi tr\u1eafng, phi y\u1ebfn, eucalyptus&#8230;<\/div>\n<div><\/div>\n<h4><span class=\"ez-toc-section\" id=\"%f0%9f%8c%b9_form_bong_co_dien_day_canh\"><\/span>\ud83c\udf39 <strong>Form b\u00f4ng c\u1ed5 \u0111i\u1ec3n, d\u00e0y c\u00e1nh<\/strong><span class=\"ez-toc-section-end\"><\/span><\/h4>\n<div>C\u00e1nh hoa m\u1ecfng, m\u1ecbn, xo\u1eafn tr\u00f2n \u0111\u1ec1u t\u1eeb t\u00e2m b\u00f4ng<\/div>\n<div>B\u00f4ng n\u1edf ki\u1ec3u tr\u00f2n ch\u1eb7t, \u0111\u01b0\u1eddng k\u00ednh trung b\u00ecnh 6\u20138cm<\/div>\n<div>L\u1edbp c\u00e1nh \u0111\u1ec1u, nhi\u1ec1u t\u1ea7ng, n\u1edf v\u1eeba ph\u1ea3i \u2013 kh\u00f4ng bung to<\/div>\n<div><\/div>\n<h4><span class=\"ez-toc-section\" id=\"%f0%9f%8c%bf_canh_la_chac_khoe_de_bao_quan\"><\/span>\ud83c\udf3f <strong>C\u00e0nh l\u00e1 ch\u1eafc kh\u1ecfe, d\u1ec5 b\u1ea3o qu\u1ea3n<\/strong><span class=\"ez-toc-section-end\"><\/span><\/h4>\n<div>C\u00e0nh d\u00e0i 50\u201360cm, th\u1eb3ng, ch\u1eafc<\/div>\n<div><\/div>\n<div>L\u00e1 nh\u1ecf m\u00e0u xanh r\u00eau, \u00edt gai<\/div>\n<div>Th\u1eddi gian gi\u1eef t\u01b0\u01a1i t\u1eeb 5\u20136 ng\u00e0y n\u1ebfu \u0111\u01b0\u1ee3c b\u1ea3o qu\u1ea3n \u0111\u00fang c\u00e1ch<\/div>\n<div>B\u1ec1n m\u00e0u, kh\u00f4ng r\u1ee5ng c\u00e1nh s\u1edbm<\/div>\n<div><\/div>\n<h3><span class=\"ez-toc-section\" id=\"%f0%9f%8c%bc_ung_dung_cua_hoa_hong_capuchino_trong_doi_song\"><\/span>\ud83c\udf3c <strong>\u1ee8ng d\u1ee5ng c\u1ee7a hoa h\u1ed3ng Capuchino trong \u0111\u1eddi s\u1ed1ng<\/strong><span class=\"ez-toc-section-end\"><\/span><\/h3>\n<h4><span class=\"ez-toc-section\" id=\"%f0%9f%92%90_lam_hoa_cuoi_tone_trung_tinh_sang_trong\"><\/span>\ud83d\udc90 <strong>L\u00e0m hoa c\u01b0\u1edbi tone trung t\u00ednh sang tr\u1ecdng<\/strong><span class=\"ez-toc-section-end\"><\/span><\/h4>\n<div>Capuchino l\u00e0 l\u1ef1a ch\u1ecdn h\u00e0ng \u0111\u1ea7u c\u1ee7a c\u00e1c c\u00f4 d\u00e2u y\u00eau th\u00edch s\u1ef1 thanh l\u1ecbch, t\u1ed1i gi\u1ea3n:<\/div>\n<div>L\u00e0m hoa c\u01b0\u1edbi c\u1ea7m tay theo tone nude, pastel, vintage<\/div>\n<div>Ph\u1ed1i v\u1edbi baby, thanh li\u1ec5u, h\u1ed3ng kem, l\u00e1 b\u1ea1c r\u1ea5t h\u00e0i h\u00f2a<\/div>\n<div>Ph\u00f9 h\u1ee3p v\u1edbi c\u00e1c concept c\u01b0\u1edbi ki\u1ec3u Ph\u00e1p, ch\u00e2u \u00c2u c\u1ed5 \u0111i\u1ec3n, rustic nh\u1eb9 nh\u00e0ng<\/div>\n<div><\/div>\n<h4><span class=\"ez-toc-section\" id=\"%f0%9f%8e%81_hoa_tang_dip_dac_biet\"><\/span>\ud83c\udf81 <strong>Hoa t\u1eb7ng d\u1ecbp \u0111\u1eb7c bi\u1ec7t<\/strong><span class=\"ez-toc-section-end\"><\/span><\/h4>\n<div>Hoa Capuchino th\u01b0\u1eddng \u0111\u01b0\u1ee3c b\u00f3 c\u00f9ng:<\/div>\n<div>H\u1ed3ng kem, tr\u1eafng ho\u1eb7c lavender nh\u1ea1t<\/div>\n<div>G\u00f3i gi\u1ea5y n\u00e2u, gi\u1ea5y g\u00e2n, gi\u1ea5y voan tone tr\u1ea7m<\/div>\n<div>T\u1eb7ng ng\u01b0\u1eddi y\u00eau, m\u1eb9, ch\u1ecb g\u00e1i, b\u1ea1n th\u00e2n v\u00e0o d\u1ecbp sinh nh\u1eadt, 8\/3, 20\/10 hay Valentine<\/div>\n<div><\/div>\n<div>Tone m\u00e0u l\u1ea1 gi\u00fap th\u1ec3 hi\u1ec7n s\u1ef1 kh\u00e1c bi\u1ec7t v\u00e0 gu ch\u1ecdn hoa tinh t\u1ebf c\u1ee7a ng\u01b0\u1eddi t\u1eb7ng.<\/div>\n<div><\/div>\n<h4><span class=\"ez-toc-section\" id=\"%f0%9f%8f%a1_trang_tri_khong_gian_phong_cach_chau_au\"><\/span>\ud83c\udfe1 Trang tr\u00ed kh\u00f4ng gian phong c\u00e1ch ch\u00e2u \u00c2u<span class=\"ez-toc-section-end\"><\/span><\/h4>\n<div>C\u1eafm b\u00ecnh pha l\u00ea, b\u00ecnh g\u1ed1m tr\u1eafng ho\u1eb7c g\u1ed7 m\u1ed9c cho c\u00e1c kh\u00f4ng gian c\u1ed5 \u0111i\u1ec3n<\/div>\n<div>D\u00f9ng trang tr\u00ed ph\u00f2ng kh\u00e1ch, b\u00e0n ti\u1ec7c, studio, showroom\u2026<\/div>\n<div>Ph\u1ed1i v\u1edbi n\u1ebfn, g\u1ed7, ren ho\u1eb7c \u00e1nh s\u00e1ng v\u00e0ng \u0111\u1ec3 t\u1ea1o chi\u1ec1u s\u00e2u<\/div>\n<div><\/div>\n<h3><span class=\"ez-toc-section\" id=\"%f0%9f%9b%92_mua_hoa_hong_capuchino_da_lat_chat_luong_tai_gv_garden\"><\/span>\ud83d\uded2 <strong>Mua hoa h\u1ed3ng Capuchino \u0110\u00e0 L\u1ea1t ch\u1ea5t l\u01b0\u1ee3ng t\u1ea1i GV Garden<\/strong><span class=\"ez-toc-section-end\"><\/span><\/h3>\n<div>GV Garden \u2013 \u0111\u01a1n v\u1ecb chuy\u00ean cung c\u1ea5p hoa h\u1ed3ng Capuchino \u0110\u00e0 L\u1ea1t tuy\u1ec3n ch\u1ecdn:<\/div>\n<div><\/div>\n<div>Hoa nh\u1eadp gi\u1ed1ng, ch\u0103m s\u00f3c k\u1ef9 l\u01b0\u1ee1ng, \u0111\u1ec1u m\u00e0u<\/div>\n<div><\/div>\n<div>C\u1eaft \u0111\u00fang \u0111\u1ed9 n\u1edf, b\u00f4ng \u0111\u1ea1t form chu\u1ea9n \u2013 kh\u00f4ng d\u1eadp, kh\u00f4ng h\u01b0<\/div>\n<div><\/div>\n<div>C\u00f3 d\u1ecbch v\u1ee5 b\u00f3 hoa s\u1eb5n, \u0111\u00f3ng th\u00f9ng s\u1ec9 cho ti\u1ec7m hoa, s\u1ef1 ki\u1ec7n<\/div>\n<div><\/div>\n<div>Giao hoa to\u00e0n qu\u1ed1c \u2013 h\u1ed7 tr\u1ee3 nhanh qua Zalo v\u00e0 fanpage<\/div>\n<div><\/div>\n<div>\ud83d\udc49 Li\u00ean h\u1ec7 GV Garden \u0111\u1ec3 nh\u1eadn b\u00e1o gi\u00e1 s\u1ec9, l\u1ebb v\u00e0 g\u1ee3i \u00fd ph\u1ed1i hoa theo y\u00eau c\u1ea7u.<\/div>\n<div><\/div>\n<h3><span class=\"ez-toc-section\" id=\"%e2%9c%85_ket_luan\"><\/span>\u2705 <strong>K\u1ebft lu\u1eadn<\/strong><span class=\"ez-toc-section-end\"><\/span><\/h3>\n<div>Hoa h\u1ed3ng Capuchino kh\u00f4ng ch\u1ec9 l\u00e0 m\u1ed9t lo\u00e0i hoa \u2013 \u0111\u00f3 l\u00e0 m\u1ed9t phong c\u00e1ch s\u1ed1ng, m\u1ed9t tinh th\u1ea7n y\u00eau c\u00e1i \u0111\u1eb9p s\u00e2u l\u1eafng v\u00e0 tinh t\u1ebf. V\u1edbi m\u00e0u s\u1eafc hi\u1ebfm, form b\u00f4ng c\u1ed5 \u0111i\u1ec3n, hoa Capuchino ch\u00ednh l\u00e0 s\u1ef1 l\u1ef1a ch\u1ecdn ho\u00e0n h\u1ea3o cho nh\u1eefng ai \u0111ang t\u00ecm ki\u1ebfm v\u1ebb \u0111\u1eb9p kh\u00f4ng \u1ed3n \u00e0o m\u00e0 \u0111\u1ea7y cu\u1ed1n h\u00fat t\u1eeb thi\u00ean nhi\u00ean \u0110\u00e0 L\u1ea1t.<\/div>\n<div><\/div>\n","protected":false},"excerpt":{"rendered":"<p>Hoa H\u1ed3ng Capuchino \u2013 V\u1ebb \u0110\u1eb9p D\u1ecbu D\u00e0ng V\u00e0 Sang Tr\u1ecdng T\u1eeb \u0110\u00e0 L\u1ea1t Gi\u1edbi thi\u1ec7u v\u1ec1 hoa h\u1ed3ng Capuchino \u0110\u00e0 L\u1ea1t Gi\u1eefa mu\u00f4n v\u00e0n s\u1eafc h\u1ed3ng, \u0111\u1ecf, cam r\u1ef1c r\u1ee1, hoa h\u1ed3ng Capuchino n\u1ed5i b\u1eadt v\u1edbi tone m\u00e0u n\u00e2u h\u1ed3ng tr\u1ea7m \u1ea5m v\u00e0 tinh t\u1ebf, g\u1ee3i nh\u1edb \u0111\u1ebfn m\u00e0u c\u00e0 ph\u00ea s\u1eefa pha ch\u00fat [&#8230;]\n","protected":false},"featured_media":5841,"comment_status":"open","ping_status":"closed","template":"","meta":[],"product_brand":[],"product_cat":[298,273],"product_tag":[353,352,350,351,355,354],"class_list":{"0":"post-4363","1":"product","2":"type-product","3":"status-publish","4":"has-post-thumbnail","6":"product_cat-hoa-hong-da-lat-hoa-noi-dia-viet-nam-2","7":"product_cat-hoa-noi-dia-viet-nam","8":"product_tag-giong-hoa-hong-la-da-lat","9":"product_tag-hoa-hong-capuchino-dep","10":"product_tag-hoa-hong-mau-cafe","11":"product_tag-hoa-hong-nau-hong","12":"product_tag-hoa-hong-phoi-tone-tram","13":"product_tag-hoa-hong-tiec-cuoi","15":"first","16":"instock","17":"shipping-taxable","18":"product-type-simple"},"_links":{"self":[{"href":"https:\/\/gvgarden.asia\/index.php?rest_route=\/wp\/v2\/product\/4363","targetHints":{"allow":["GET"]}}],"collection":[{"href":"https:\/\/gvgarden.asia\/index.php?rest_route=\/wp\/v2\/product"}],"about":[{"href":"https:\/\/gvgarden.asia\/index.php?rest_route=\/wp\/v2\/types\/product"}],"replies":[{"embeddable":true,"href":"https:\/\/gvgarden.asia\/index.php?rest_route=%2Fwp%2Fv2%2Fcomments&post=4363"}],"version-history":[{"count":3,"href":"https:\/\/gvgarden.asia\/index.php?rest_route=\/wp\/v2\/product\/4363\/revisions"}],"predecessor-version":[{"id":5626,"href":"https:\/\/gvgarden.asia\/index.php?rest_route=\/wp\/v2\/product\/4363\/revisions\/5626"}],"wp:featuredmedia":[{"embeddable":true,"href":"https:\/\/gvgarden.asia\/index.php?rest_route=\/wp\/v2\/media\/5841"}],"wp:attachment":[{"href":"https:\/\/gvgarden.asia\/index.php?rest_route=%2Fwp%2Fv2%2Fmedia&parent=4363"}],"wp:term":[{"taxonomy":"product_brand","embeddable":true,"href":"https:\/\/gvgarden.asia\/index.php?rest_route=%2Fwp%2Fv2%2Fproduct_brand&post=4363"},{"taxonomy":"product_cat","embeddable":true,"href":"https:\/\/gvgarden.asia\/index.php?rest_route=%2Fwp%2Fv2%2Fproduct_cat&post=4363"},{"taxonomy":"product_tag","embeddable":true,"href":"https:\/\/gvgarden.asia\/index.php?rest_route=%2Fwp%2Fv2%2Fproduct_tag&post=4363"}],"curies":[{"name":"wp","href":"https:\/\/api.w.org\/{rel}","templated":true}]}}