{"id":4362,"date":"2025-07-19T12:43:42","date_gmt":"2025-07-19T05:43:42","guid":{"rendered":"https:\/\/gvgarden.asia\/?post_type=product&#038;p=4362"},"modified":"2025-09-19T16:50:29","modified_gmt":"2025-09-19T09:50:29","slug":"hoa-hong-vang-chua","status":"publish","type":"product","link":"https:\/\/gvgarden.asia\/?product=hoa-hong-vang-chua","title":{"rendered":"Hoa H\u1ed3ng V\u00e0ng Ch\u00f9a"},"content":{"rendered":"<div id=\"ez-toc-container\" class=\"ez-toc-v2_0_76 counter-hierarchy ez-toc-counter ez-toc-grey ez-toc-container-direction\">\n<div class=\"ez-toc-title-container\">\n<p class=\"ez-toc-title\" style=\"cursor:inherit\">N\u1ed9i Dung B\u00e0i Vi\u1ebft<\/p>\n<span class=\"ez-toc-title-toggle\"><a href=\"#\" class=\"ez-toc-pull-right ez-toc-btn ez-toc-btn-xs ez-toc-btn-default ez-toc-toggle\" aria-label=\"Toggle Table of Content\"><span class=\"ez-toc-js-icon-con\"><span class=\"\"><span class=\"eztoc-hide\" style=\"display:none;\">Toggle<\/span><span class=\"ez-toc-icon-toggle-span\"><svg style=\"fill: #999;color:#999\" xmlns=\"http:\/\/www.w3.org\/2000\/svg\" class=\"list-377408\" width=\"20px\" height=\"20px\" viewBox=\"0 0 24 24\" fill=\"none\"><path d=\"M6 6H4v2h2V6zm14 0H8v2h12V6zM4 11h2v2H4v-2zm16 0H8v2h12v-2zM4 16h2v2H4v-2zm16 0H8v2h12v-2z\" fill=\"currentColor\"><\/path><\/svg><svg style=\"fill: #999;color:#999\" class=\"arrow-unsorted-368013\" xmlns=\"http:\/\/www.w3.org\/2000\/svg\" width=\"10px\" height=\"10px\" viewBox=\"0 0 24 24\" version=\"1.2\" baseProfile=\"tiny\"><path d=\"M18.2 9.3l-6.2-6.3-6.2 6.3c-.2.2-.3.4-.3.7s.1.5.3.7c.2.2.4.3.7.3h11c.3 0 .5-.1.7-.3.2-.2.3-.5.3-.7s-.1-.5-.3-.7zM5.8 14.7l6.2 6.3 6.2-6.3c.2-.2.3-.5.3-.7s-.1-.5-.3-.7c-.2-.2-.4-.3-.7-.3h-11c-.3 0-.5.1-.7.3-.2.2-.3.5-.3.7s.1.5.3.7z\"\/><\/svg><\/span><\/span><\/span><\/a><\/span><\/div>\n<nav><ul class='ez-toc-list ez-toc-list-level-1 eztoc-toggle-hide-by-default' ><li class='ez-toc-page-1 ez-toc-heading-level-2'><a class=\"ez-toc-link ez-toc-heading-1\" href=\"https:\/\/gvgarden.asia\/?product=hoa-hong-vang-chua\/#hoa_hong_vang_chua_%e2%80%93_thanh_khiet_rang_ngoi_giua_vuon_hoa_da_lat\" >Hoa H\u1ed3ng V\u00e0ng Ch\u00f9a \u2013 Thanh Khi\u1ebft, R\u1ea1ng Ng\u1eddi Gi\u1eefa V\u01b0\u1eddn Hoa \u0110\u00e0 L\u1ea1t\u00a0<\/a><ul class='ez-toc-list-level-3' ><li class='ez-toc-heading-level-3'><a class=\"ez-toc-link ez-toc-heading-2\" href=\"https:\/\/gvgarden.asia\/?product=hoa-hong-vang-chua\/#gioi_thieu_ve_hoa_hong_vang_chua_da_lat\" >Gi\u1edbi thi\u1ec7u v\u1ec1 hoa h\u1ed3ng v\u00e0ng ch\u00f9a \u0110\u00e0 L\u1ea1t<\/a><\/li><li class='ez-toc-page-1 ez-toc-heading-level-3'><a class=\"ez-toc-link ez-toc-heading-3\" href=\"https:\/\/gvgarden.asia\/?product=hoa-hong-vang-chua\/#y_nghia_cua_hoa_hong_vang_chua\" >\u00dd ngh\u0129a c\u1ee7a hoa h\u1ed3ng v\u00e0ng ch\u00f9a<\/a><ul class='ez-toc-list-level-4' ><li class='ez-toc-heading-level-4'><a class=\"ez-toc-link ez-toc-heading-4\" href=\"https:\/\/gvgarden.asia\/?product=hoa-hong-vang-chua\/#bieu_tuong_cua_su_thanh_tinh_va_binh_an\" >Bi\u1ec3u t\u01b0\u1ee3ng c\u1ee7a s\u1ef1 thanh t\u1ecbnh v\u00e0 b\u00ecnh an<\/a><\/li><li class='ez-toc-page-1 ez-toc-heading-level-4'><a class=\"ez-toc-link ez-toc-heading-5\" href=\"https:\/\/gvgarden.asia\/?product=hoa-hong-vang-chua\/#the_hien_su_biet_on_va_khoi_dau_moi\" >Th\u1ec3 hi\u1ec7n s\u1ef1 bi\u1ebft \u01a1n v\u00e0 kh\u1edfi \u0111\u1ea7u m\u1edbi<\/a><\/li><\/ul><\/li><li class='ez-toc-page-1 ez-toc-heading-level-3'><a class=\"ez-toc-link ez-toc-heading-6\" href=\"https:\/\/gvgarden.asia\/?product=hoa-hong-vang-chua\/#dac_diem_noi_bat_cua_hoa_hong_vang_chua\" >\u0110\u1eb7c \u0111i\u1ec3m n\u1ed5i b\u1eadt c\u1ee7a hoa h\u1ed3ng v\u00e0ng ch\u00f9a<\/a><ul class='ez-toc-list-level-4' ><li class='ez-toc-heading-level-4'><a class=\"ez-toc-link ez-toc-heading-7\" href=\"https:\/\/gvgarden.asia\/?product=hoa-hong-vang-chua\/#sac_vang_tuoi_sang_khong_gat\" >S\u1eafc v\u00e0ng t\u01b0\u01a1i s\u00e1ng, kh\u00f4ng g\u1eaft<\/a><\/li><li class='ez-toc-page-1 ez-toc-heading-level-4'><a class=\"ez-toc-link ez-toc-heading-8\" href=\"https:\/\/gvgarden.asia\/?product=hoa-hong-vang-chua\/#form_bong_chuan_canh_day\" >Form b\u00f4ng chu\u1ea9n, c\u00e1nh d\u00e0y<\/a><\/li><li class='ez-toc-page-1 ez-toc-heading-level-4'><a class=\"ez-toc-link ez-toc-heading-9\" href=\"https:\/\/gvgarden.asia\/?product=hoa-hong-vang-chua\/#canh_khoe_la_nho_lau_tan\" >C\u00e0nh kh\u1ecfe, l\u00e1 nh\u1ecf, l\u00e2u t\u00e0n<\/a><\/li><\/ul><\/li><li class='ez-toc-page-1 ez-toc-heading-level-3'><a class=\"ez-toc-link ez-toc-heading-10\" href=\"https:\/\/gvgarden.asia\/?product=hoa-hong-vang-chua\/#ung_dung_cua_hoa_hong_vang_chua_trong_doi_song\" >\u1ee8ng d\u1ee5ng c\u1ee7a hoa h\u1ed3ng v\u00e0ng ch\u00f9a trong \u0111\u1eddi s\u1ed1ng<\/a><ul class='ez-toc-list-level-4' ><li class='ez-toc-heading-level-4'><a class=\"ez-toc-link ez-toc-heading-11\" href=\"https:\/\/gvgarden.asia\/?product=hoa-hong-vang-chua\/#hoa_dang_chua_cung_phat_le_tam_linh\" >Hoa d\u00e2ng ch\u00f9a, c\u00fang Ph\u1eadt, l\u1ec5 t\u00e2m linh<\/a><\/li><li class='ez-toc-page-1 ez-toc-heading-level-4'><a class=\"ez-toc-link ez-toc-heading-12\" href=\"https:\/\/gvgarden.asia\/?product=hoa-hong-vang-chua\/#lam_hoa_bo_hoa_gio_qua_tang\" >L\u00e0m hoa b\u00f3, hoa gi\u1ecf qu\u00e0 t\u1eb7ng<\/a><\/li><li class='ez-toc-page-1 ez-toc-heading-level-4'><a class=\"ez-toc-link ez-toc-heading-13\" href=\"https:\/\/gvgarden.asia\/?product=hoa-hong-vang-chua\/#trang_tri_tiec_cuoi_le_hoi_khai_truong\" >Trang tr\u00ed ti\u1ec7c c\u01b0\u1edbi, l\u1ec5 h\u1ecfi, khai tr\u01b0\u01a1ng<\/a><\/li><\/ul><\/li><li class='ez-toc-page-1 ez-toc-heading-level-3'><a class=\"ez-toc-link ez-toc-heading-14\" href=\"https:\/\/gvgarden.asia\/?product=hoa-hong-vang-chua\/#mua_hoa_hong_vang_chua_da_lat_chat_luong_tai_gv_garden\" >Mua hoa h\u1ed3ng v\u00e0ng ch\u00f9a \u0110\u00e0 L\u1ea1t ch\u1ea5t l\u01b0\u1ee3ng t\u1ea1i GV Garden<\/a><\/li><li class='ez-toc-page-1 ez-toc-heading-level-3'><a class=\"ez-toc-link ez-toc-heading-15\" href=\"https:\/\/gvgarden.asia\/?product=hoa-hong-vang-chua\/#%e2%9c%85_ket_luan\" >\u2705 K\u1ebft lu\u1eadn<\/a><\/li><\/ul><\/li><\/ul><\/nav><\/div>\n<h2><span class=\"ez-toc-section\" id=\"hoa_hong_vang_chua_%e2%80%93_thanh_khiet_rang_ngoi_giua_vuon_hoa_da_lat\"><\/span><strong>Hoa H\u1ed3ng V\u00e0ng Ch\u00f9a \u2013 Thanh Khi\u1ebft, R\u1ea1ng Ng\u1eddi Gi\u1eefa V\u01b0\u1eddn Hoa \u0110\u00e0 L\u1ea1t\u00a0<\/strong><span class=\"ez-toc-section-end\"><\/span><\/h2>\n<h3><span class=\"ez-toc-section\" id=\"gioi_thieu_ve_hoa_hong_vang_chua_da_lat\"><\/span><strong>Gi\u1edbi thi\u1ec7u v\u1ec1 hoa h\u1ed3ng v\u00e0ng ch\u00f9a \u0110\u00e0 L\u1ea1t<\/strong><span class=\"ez-toc-section-end\"><\/span><\/h3>\n<div>Trong th\u1ebf gi\u1edbi hoa h\u1ed3ng \u0111a s\u1eafc, hoa h\u1ed3ng v\u00e0ng ch\u00f9a n\u1ed5i b\u1eadt b\u1edfi m\u00e0u v\u00e0ng t\u01b0\u01a1i r\u1ef1c r\u1ee1, nh\u1eb9 nh\u00e0ng nh\u01b0ng \u0111\u1ea7y n\u1ed9i l\u1ef1c. \u0110\u01b0\u1ee3c tr\u1ed3ng nhi\u1ec1u t\u1ea1i \u0110\u00e0 L\u1ea1t \u2013 v\u00f9ng \u0111\u1ea5t m\u00e1t l\u00e0nh quanh n\u0103m, gi\u1ed1ng h\u1ed3ng n\u00e0y kh\u00f4ng ch\u1ec9 c\u00f3 form b\u00f4ng \u0111\u1eb9p, m\u00e0u s\u1eafc n\u1ed5i b\u1eadt m\u00e0 c\u00f2n mang gi\u00e1 tr\u1ecb tinh th\u1ea7n s\u00e2u s\u1eafc.<\/div>\n<div><\/div>\n<div>\u0110\u00e2y l\u00e0 m\u1ed9t trong nh\u1eefng gi\u1ed1ng hoa h\u1ed3ng m\u00e0u v\u00e0ng b\u1ec1n \u0111\u1eb9p v\u00e0 \u0111\u01b0\u1ee3c y\u00eau th\u00edch nh\u1ea5t trong c\u00e1c l\u1ec5 nghi t\u00e2m linh, ti\u1ec7c c\u01b0\u1edbi ho\u1eb7c b\u00f3 hoa t\u1eb7ng ng\u01b0\u1eddi th\u00e2n. S\u1eafc v\u00e0ng ch\u00f9a kh\u00f4ng qu\u00e1 ch\u00f3i g\u1eaft m\u00e0 v\u1eeba v\u1eb7n, trang nh\u00e3, thanh t\u1ecbnh.<\/div>\n<h3><span class=\"ez-toc-section\" id=\"y_nghia_cua_hoa_hong_vang_chua\"><\/span><strong>\u00dd ngh\u0129a c\u1ee7a hoa h\u1ed3ng v\u00e0ng ch\u00f9a<\/strong><span class=\"ez-toc-section-end\"><\/span><\/h3>\n<h4><span class=\"ez-toc-section\" id=\"bieu_tuong_cua_su_thanh_tinh_va_binh_an\"><\/span><strong>Bi\u1ec3u t\u01b0\u1ee3ng c\u1ee7a s\u1ef1 thanh t\u1ecbnh v\u00e0 b\u00ecnh an<\/strong><span class=\"ez-toc-section-end\"><\/span><\/h4>\n<div>M\u00e0u v\u00e0ng c\u1ee7a hoa g\u1ee3i \u0111\u1ebfn \u00e1nh n\u1eafng bu\u1ed5i s\u1edbm \u2013 d\u1ecbu d\u00e0ng, \u1ea5m \u00e1p v\u00e0 tinh kh\u00f4i. Trong v\u0103n h\u00f3a ph\u01b0\u01a1ng \u0110\u00f4ng, hoa v\u00e0ng \u2013 \u0111\u1eb7c bi\u1ec7t l\u00e0 v\u00e0ng ch\u00f9a \u2013 th\u01b0\u1eddng t\u01b0\u1ee3ng tr\u01b0ng cho:<\/div>\n<div><\/div>\n<div>S\u1ef1 gi\u00e1c ng\u1ed9 v\u00e0 thanh cao<\/div>\n<div>L\u00f2ng t\u1eeb bi v\u00e0 s\u1ef1 bu\u00f4ng b\u1ecf<\/div>\n<div>N\u0103ng l\u01b0\u1ee3ng t\u00edch c\u1ef1c v\u00e0 ni\u1ec1m tin an y\u00ean<\/div>\n<div><\/div>\n<div>Hoa th\u01b0\u1eddng \u0111\u01b0\u1ee3c d\u00f9ng trong c\u00e1c d\u1ecbp l\u1ec5 c\u00fang ch\u00f9a, d\u00e2ng hoa ng\u00e0y r\u1eb1m, Ph\u1eadt \u0111\u1ea3n, Vu lan\u2026<\/div>\n<h4><span class=\"ez-toc-section\" id=\"the_hien_su_biet_on_va_khoi_dau_moi\"><\/span><strong>Th\u1ec3 hi\u1ec7n s\u1ef1 bi\u1ebft \u01a1n v\u00e0 kh\u1edfi \u0111\u1ea7u m\u1edbi<\/strong><span class=\"ez-toc-section-end\"><\/span><\/h4>\n<div>Kh\u00f4ng ch\u1ec9 mang \u00fd ngh\u0129a t\u00e2m linh, h\u1ed3ng v\u00e0ng ch\u00f9a c\u00f2n l\u00e0 bi\u1ec3u t\u01b0\u1ee3ng c\u1ee7a:<\/div>\n<div><\/div>\n<div>L\u00f2ng tri \u00e2n, bi\u1ebft \u01a1n s\u00e2u s\u1eafc<\/div>\n<div>T\u00ecnh b\u1ea1n b\u1ec1n ch\u1eb7t, s\u1ef1 t\u00f4n tr\u1ecdng v\u00e0 kh\u00edch l\u1ec7<\/div>\n<div>Ni\u1ec1m vui trong nh\u1eefng kh\u1edfi \u0111\u1ea7u t\u01b0\u01a1i s\u00e1ng<\/div>\n<div><\/div>\n<div>B\u1edfi v\u1eady, hoa r\u1ea5t \u0111\u01b0\u1ee3c \u01b0a chu\u1ed9ng l\u00e0m qu\u00e0 m\u1eebng khai tr\u01b0\u01a1ng, sinh nh\u1eadt, ho\u1eb7c tri \u00e2n th\u1ea7y c\u00f4, cha m\u1eb9.<\/div>\n<h3><span class=\"ez-toc-section\" id=\"dac_diem_noi_bat_cua_hoa_hong_vang_chua\"><\/span><strong>\u0110\u1eb7c \u0111i\u1ec3m n\u1ed5i b\u1eadt c\u1ee7a hoa h\u1ed3ng v\u00e0ng ch\u00f9a<\/strong><span class=\"ez-toc-section-end\"><\/span><\/h3>\n<h4><span class=\"ez-toc-section\" id=\"sac_vang_tuoi_sang_khong_gat\"><\/span><strong>S\u1eafc v\u00e0ng t\u01b0\u01a1i s\u00e1ng, kh\u00f4ng g\u1eaft<\/strong><span class=\"ez-toc-section-end\"><\/span><\/h4>\n<div>M\u00e0u s\u1eafc n\u1ed5i b\u1eadt nh\u01b0ng kh\u00f4ng qu\u00e1 neon hay v\u00e0ng chanh ch\u00f3i m\u1eaft<\/div>\n<div><\/div>\n<div>G\u1ea7n gi\u1ed1ng s\u1eafc \u00e1o c\u00e0 sa \u2013 trang nh\u00e3, t\u00f4n nghi\u00eam<\/div>\n<div><\/div>\n<div>D\u1ec5 ph\u1ed1i v\u1edbi nhi\u1ec1u tone hoa nh\u01b0 tr\u1eafng, cam, n\u00e2u \u0111\u1ea5t, xanh b\u1ea1c h\u00e0\u2026<\/div>\n<h4><span class=\"ez-toc-section\" id=\"form_bong_chuan_canh_day\"><\/span><strong>Form b\u00f4ng chu\u1ea9n, c\u00e1nh d\u00e0y<\/strong><span class=\"ez-toc-section-end\"><\/span><\/h4>\n<div>\u0110\u01b0\u1eddng k\u00ednh b\u00f4ng trung b\u00ecnh t\u1eeb 6\u20138cm, n\u1edf xo\u00e1y nh\u1eb9 t\u1eeb t\u00e2m<\/div>\n<div><\/div>\n<div>C\u00e1nh hoa m\u1ecbn, m\u1ec1m v\u00e0 \u0111\u1ec1u t\u1ea7ng, x\u1ebfp l\u1edbp r\u00f5 r\u00e0ng<\/div>\n<div><\/div>\n<div>Form b\u00f4ng c\u00fap tr\u00f2n, b\u1ec1n d\u00e1ng d\u00f9 sau nhi\u1ec1u ng\u00e0y c\u1eafm<\/div>\n<h4><span class=\"ez-toc-section\" id=\"canh_khoe_la_nho_lau_tan\"><\/span><strong>C\u00e0nh kh\u1ecfe, l\u00e1 nh\u1ecf, l\u00e2u t\u00e0n<\/strong><span class=\"ez-toc-section-end\"><\/span><\/h4>\n<div>C\u00e0nh d\u00e0i 50\u201360cm, th\u1eb3ng, \u00edt gai<\/div>\n<div><\/div>\n<div>L\u00e1 nh\u1ecf m\u00e0u xanh nh\u1ea1t, t\u1ea1o \u0111\u1ed9 t\u01b0\u01a1ng ph\u1ea3n v\u1edbi s\u1eafc hoa<\/div>\n<div><\/div>\n<div>Th\u1eddi gian gi\u1eef t\u01b0\u01a1i l\u00ean t\u1edbi 5\u20137 ng\u00e0y n\u1ebfu b\u1ea3o qu\u1ea3n trong n\u01b0\u1edbc l\u1ea1nh v\u00e0 tr\u00e1nh n\u1eafng<\/div>\n<h3><span class=\"ez-toc-section\" id=\"ung_dung_cua_hoa_hong_vang_chua_trong_doi_song\"><\/span><strong>\u1ee8ng d\u1ee5ng c\u1ee7a hoa h\u1ed3ng v\u00e0ng ch\u00f9a trong \u0111\u1eddi s\u1ed1ng<\/strong><span class=\"ez-toc-section-end\"><\/span><\/h3>\n<h4><span class=\"ez-toc-section\" id=\"hoa_dang_chua_cung_phat_le_tam_linh\"><\/span><strong>Hoa d\u00e2ng ch\u00f9a, c\u00fang Ph\u1eadt, l\u1ec5 t\u00e2m linh<\/strong><span class=\"ez-toc-section-end\"><\/span><\/h4>\n<div>V\u1edbi s\u1eafc v\u00e0ng trang nghi\u00eam, h\u1ed3ng v\u00e0ng ch\u00f9a l\u00e0 lo\u00e0i hoa l\u00fd t\u01b0\u1edfng \u0111\u1ec3 d\u00e2ng l\u1ec5 ch\u00f9a:<\/div>\n<div><\/div>\n<div>S\u1eed d\u1ee5ng trong l\u1ec5 Vu Lan, l\u1ec5 Ph\u1eadt \u0110\u1ea3n, ng\u00e0y r\u1eb1m, m\u00f9ng 1<\/div>\n<div><\/div>\n<div>B\u00e0y tr\u00ean b\u00e0n th\u1edd Ph\u1eadt ho\u1eb7c b\u00e0n th\u1edd gia ti\u00ean<\/div>\n<div><\/div>\n<div>G\u1ee3i c\u1ea3m gi\u00e1c t\u1ecbnh t\u00e2m, t\u00f4n k\u00ednh v\u00e0 nguy\u1ec7n \u01b0\u1edbc t\u1ed1t l\u00e0nh<\/div>\n<h4><span class=\"ez-toc-section\" id=\"lam_hoa_bo_hoa_gio_qua_tang\"><\/span><strong>L\u00e0m hoa b\u00f3, hoa gi\u1ecf qu\u00e0 t\u1eb7ng<\/strong><span class=\"ez-toc-section-end\"><\/span><\/h4>\n<div>Hoa h\u1ed3ng v\u00e0ng ch\u00f9a r\u1ea5t \u0111\u01b0\u1ee3c \u01b0a chu\u1ed9ng trong c\u00e1c b\u00f3 hoa mang t\u00ednh:<\/div>\n<div><\/div>\n<div>Ch\u00fac m\u1eebng \u2013 Tri \u00e2n \u2013 \u0110\u1ed9ng vi\u00ean tinh th\u1ea7n<\/div>\n<div><\/div>\n<div>Ph\u1ed1i h\u1ee3p v\u1edbi baby tr\u1eafng, eucalyptus, lan v\u0169 n\u1eef ho\u1eb7c salem<\/div>\n<div><\/div>\n<div>G\u00f3i b\u1eb1ng gi\u1ea5y kraft, gi\u1ea5y g\u00e2n ho\u1eb7c voan tone nude \u2013 n\u00e2u \u2013 kem<\/div>\n<h4><span class=\"ez-toc-section\" id=\"trang_tri_tiec_cuoi_le_hoi_khai_truong\"><\/span><strong>Trang tr\u00ed ti\u1ec7c c\u01b0\u1edbi, l\u1ec5 h\u1ecfi, khai tr\u01b0\u01a1ng<\/strong><span class=\"ez-toc-section-end\"><\/span><\/h4>\n<div>T\u1ea1o n\u00ean v\u1ebb \u0111\u1eb9p t\u01b0\u01a1i s\u00e1ng nh\u01b0ng kh\u00f4ng qu\u00e1 r\u1ef1c<\/div>\n<div><\/div>\n<div>Ph\u00f9 h\u1ee3p c\u00e1c concept c\u01b0\u1edbi nh\u1eb9 nh\u00e0ng, vintage, rustic ho\u1eb7c l\u1ec5 h\u1ecfi mi\u1ec1n Nam<\/div>\n<div><\/div>\n<div>C\u1eafm b\u00ecnh trang tr\u00ed s\u1ea3nh, b\u00e0n gallery, backdrop r\u1ea5t b\u1eaft m\u1eaft<\/div>\n<h3><span class=\"ez-toc-section\" id=\"mua_hoa_hong_vang_chua_da_lat_chat_luong_tai_gv_garden\"><\/span><strong>Mua hoa h\u1ed3ng v\u00e0ng ch\u00f9a \u0110\u00e0 L\u1ea1t ch\u1ea5t l\u01b0\u1ee3ng t\u1ea1i GV Garden<\/strong><span class=\"ez-toc-section-end\"><\/span><\/h3>\n<div>GV Garden \u2013 \u0111\u01a1n v\u1ecb chuy\u00ean cung c\u1ea5p hoa h\u1ed3ng ch\u1ea5t l\u01b0\u1ee3ng cao \u0110\u00e0 L\u1ea1t, t\u1ef1 tin mang \u0111\u1ebfn cho b\u1ea1n:<\/div>\n<div><\/div>\n<div>Hoa h\u1ed3ng v\u00e0ng ch\u00f9a tuy\u1ec3n ch\u1ecdn \u2013 \u0111\u1ec1u m\u00e0u, kh\u00f4ng d\u1eadp c\u00e1nh<\/div>\n<div><\/div>\n<div>\u0110\u01b0\u1ee3c c\u1eaft t\u1ea1i v\u01b0\u1eddn \u0111\u00fang \u0111\u1ed9 n\u1edf, \u0111\u00f3ng th\u00f9ng k\u1ef9 l\u01b0\u1ee1ng<\/div>\n<div><\/div>\n<div>C\u00f3 d\u1ecbch v\u1ee5 giao hoa to\u00e0n qu\u1ed1c, h\u1ed7 tr\u1ee3 kh\u00e1ch s\u1ec9 \u2013 shop hoa \u2013 s\u1ef1 ki\u1ec7n<\/div>\n<div><\/div>\n<div>\u0110\u1ed9i ng\u0169 am hi\u1ec3u ph\u1ed1i hoa, s\u1eb5n s\u00e0ng t\u01b0 v\u1ea5n theo y\u00eau c\u1ea7u<\/div>\n<div><\/div>\n<div>\ud83d\udc49 Li\u00ean h\u1ec7 ngay v\u1edbi GV Garden \u0111\u1ec3 nh\u1eadn b\u00e1o gi\u00e1 &amp; h\u00ecnh \u1ea3nh th\u1ef1c t\u1ebf.<\/div>\n<h3><span class=\"ez-toc-section\" id=\"%e2%9c%85_ket_luan\"><\/span>\u2705<strong> K\u1ebft lu\u1eadn<\/strong><span class=\"ez-toc-section-end\"><\/span><\/h3>\n<div>Hoa h\u1ed3ng v\u00e0ng ch\u00f9a \u0110\u00e0 L\u1ea1t kh\u00f4ng ch\u1ec9 l\u00e0 lo\u00e0i hoa \u0111\u1eb9p \u2013 \u0111\u00f3 l\u00e0 s\u1ef1 thanh khi\u1ebft, l\u00e0 l\u00f2ng bi\u1ebft \u01a1n v\u00e0 ni\u1ec1m tin v\u00e0o \u0111i\u1ec1u t\u1ed1t \u0111\u1eb9p. T\u1eeb b\u00e0n th\u1edd ch\u00f9a \u0111\u1ebfn nh\u1eefng b\u00f3 hoa t\u1eb7ng \u0111\u1ea7y tr\u00e2n tr\u1ecdng, lo\u00e0i hoa n\u00e0y lu\u00f4n mang theo th\u00f4ng \u0111i\u1ec7p s\u00e2u s\u1eafc \u2013 v\u1eeba nh\u1eb9 nh\u00e0ng, v\u1eeba ch\u1ea1m \u0111\u1ebfn t\u00e2m h\u1ed3n.<\/div>\n","protected":false},"excerpt":{"rendered":"<p>Hoa H\u1ed3ng V\u00e0ng Ch\u00f9a \u2013 Thanh Khi\u1ebft, R\u1ea1ng Ng\u1eddi Gi\u1eefa V\u01b0\u1eddn Hoa \u0110\u00e0 L\u1ea1t\u00a0 Gi\u1edbi thi\u1ec7u v\u1ec1 hoa h\u1ed3ng v\u00e0ng ch\u00f9a \u0110\u00e0 L\u1ea1t Trong th\u1ebf gi\u1edbi hoa h\u1ed3ng \u0111a s\u1eafc, hoa h\u1ed3ng v\u00e0ng ch\u00f9a n\u1ed5i b\u1eadt b\u1edfi m\u00e0u v\u00e0ng t\u01b0\u01a1i r\u1ef1c r\u1ee1, nh\u1eb9 nh\u00e0ng nh\u01b0ng \u0111\u1ea7y n\u1ed9i l\u1ef1c. \u0110\u01b0\u1ee3c tr\u1ed3ng nhi\u1ec1u t\u1ea1i \u0110\u00e0 L\u1ea1t \u2013 [&#8230;]\n","protected":false},"featured_media":5847,"comment_status":"open","ping_status":"closed","template":"","meta":[],"product_brand":[],"product_cat":[273,298],"product_tag":[397,398,399,396,395,394],"class_list":{"0":"post-4362","1":"product","2":"type-product","3":"status-publish","4":"has-post-thumbnail","6":"product_cat-hoa-noi-dia-viet-nam","7":"product_cat-hoa-hong-da-lat-hoa-noi-dia-viet-nam-2","8":"product_tag-giong-hoa-hong-vang","9":"product_tag-hoa-hong-cung-phat","10":"product_tag-hoa-hong-da-lat-mau-vang","11":"product_tag-hoa-hong-le-chua","12":"product_tag-hoa-hong-mau-vang-tuoi","13":"product_tag-hoa-hong-vang-chanh","15":"first","16":"instock","17":"shipping-taxable","18":"product-type-simple"},"_links":{"self":[{"href":"https:\/\/gvgarden.asia\/index.php?rest_route=\/wp\/v2\/product\/4362","targetHints":{"allow":["GET"]}}],"collection":[{"href":"https:\/\/gvgarden.asia\/index.php?rest_route=\/wp\/v2\/product"}],"about":[{"href":"https:\/\/gvgarden.asia\/index.php?rest_route=\/wp\/v2\/types\/product"}],"replies":[{"embeddable":true,"href":"https:\/\/gvgarden.asia\/index.php?rest_route=%2Fwp%2Fv2%2Fcomments&post=4362"}],"version-history":[{"count":3,"href":"https:\/\/gvgarden.asia\/index.php?rest_route=\/wp\/v2\/product\/4362\/revisions"}],"predecessor-version":[{"id":5645,"href":"https:\/\/gvgarden.asia\/index.php?rest_route=\/wp\/v2\/product\/4362\/revisions\/5645"}],"wp:featuredmedia":[{"embeddable":true,"href":"https:\/\/gvgarden.asia\/index.php?rest_route=\/wp\/v2\/media\/5847"}],"wp:attachment":[{"href":"https:\/\/gvgarden.asia\/index.php?rest_route=%2Fwp%2Fv2%2Fmedia&parent=4362"}],"wp:term":[{"taxonomy":"product_brand","embeddable":true,"href":"https:\/\/gvgarden.asia\/index.php?rest_route=%2Fwp%2Fv2%2Fproduct_brand&post=4362"},{"taxonomy":"product_cat","embeddable":true,"href":"https:\/\/gvgarden.asia\/index.php?rest_route=%2Fwp%2Fv2%2Fproduct_cat&post=4362"},{"taxonomy":"product_tag","embeddable":true,"href":"https:\/\/gvgarden.asia\/index.php?rest_route=%2Fwp%2Fv2%2Fproduct_tag&post=4362"}],"curies":[{"name":"wp","href":"https:\/\/api.w.org\/{rel}","templated":true}]}}