{"id":4361,"date":"2025-07-19T12:43:42","date_gmt":"2025-07-19T05:43:42","guid":{"rendered":"https:\/\/gvgarden.asia\/?post_type=product&#038;p=4361"},"modified":"2025-09-19T15:34:36","modified_gmt":"2025-09-19T08:34:36","slug":"hoa-hong-cam-spirit-da-lat","status":"publish","type":"product","link":"https:\/\/gvgarden.asia\/?product=hoa-hong-cam-spirit-da-lat","title":{"rendered":"Hoa H\u1ed3ng Cam Spirit"},"content":{"rendered":"<div id=\"ez-toc-container\" class=\"ez-toc-v2_0_76 counter-hierarchy ez-toc-counter ez-toc-grey ez-toc-container-direction\">\n<div class=\"ez-toc-title-container\">\n<p class=\"ez-toc-title\" style=\"cursor:inherit\">N\u1ed9i Dung B\u00e0i Vi\u1ebft<\/p>\n<span class=\"ez-toc-title-toggle\"><a href=\"#\" class=\"ez-toc-pull-right ez-toc-btn ez-toc-btn-xs ez-toc-btn-default ez-toc-toggle\" aria-label=\"Toggle Table of Content\"><span class=\"ez-toc-js-icon-con\"><span class=\"\"><span class=\"eztoc-hide\" style=\"display:none;\">Toggle<\/span><span class=\"ez-toc-icon-toggle-span\"><svg style=\"fill: #999;color:#999\" xmlns=\"http:\/\/www.w3.org\/2000\/svg\" class=\"list-377408\" width=\"20px\" height=\"20px\" viewBox=\"0 0 24 24\" fill=\"none\"><path d=\"M6 6H4v2h2V6zm14 0H8v2h12V6zM4 11h2v2H4v-2zm16 0H8v2h12v-2zM4 16h2v2H4v-2zm16 0H8v2h12v-2z\" fill=\"currentColor\"><\/path><\/svg><svg style=\"fill: #999;color:#999\" class=\"arrow-unsorted-368013\" xmlns=\"http:\/\/www.w3.org\/2000\/svg\" width=\"10px\" height=\"10px\" viewBox=\"0 0 24 24\" version=\"1.2\" baseProfile=\"tiny\"><path d=\"M18.2 9.3l-6.2-6.3-6.2 6.3c-.2.2-.3.4-.3.7s.1.5.3.7c.2.2.4.3.7.3h11c.3 0 .5-.1.7-.3.2-.2.3-.5.3-.7s-.1-.5-.3-.7zM5.8 14.7l6.2 6.3 6.2-6.3c.2-.2.3-.5.3-.7s-.1-.5-.3-.7c-.2-.2-.4-.3-.7-.3h-11c-.3 0-.5.1-.7.3-.2.2-.3.5-.3.7s.1.5.3.7z\"\/><\/svg><\/span><\/span><\/span><\/a><\/span><\/div>\n<nav><ul class='ez-toc-list ez-toc-list-level-1 eztoc-toggle-hide-by-default' ><li class='ez-toc-page-1 ez-toc-heading-level-2'><a class=\"ez-toc-link ez-toc-heading-1\" href=\"https:\/\/gvgarden.asia\/?product=hoa-hong-cam-spirit-da-lat\/#hoa_hong_cam_spirit_%e2%80%93_net_kieu_sa_dam_chat_nghe_thuat_cua_da_lat\" >Hoa H\u1ed3ng Cam Spirit \u2013 N\u00e9t Ki\u00eau Sa \u0110\u1eadm Ch\u1ea5t Ngh\u1ec7 Thu\u1eadt C\u1ee7a \u0110\u00e0 L\u1ea1t<\/a><ul class='ez-toc-list-level-3' ><li class='ez-toc-heading-level-3'><a class=\"ez-toc-link ez-toc-heading-2\" href=\"https:\/\/gvgarden.asia\/?product=hoa-hong-cam-spirit-da-lat\/#%f0%9f%8c%bf_gioi_thieu_ve_hoa_hong_cam_spirit\" >\ud83c\udf3f Gi\u1edbi thi\u1ec7u v\u1ec1 hoa h\u1ed3ng Cam Spirit<\/a><\/li><li class='ez-toc-page-1 ez-toc-heading-level-3'><a class=\"ez-toc-link ez-toc-heading-3\" href=\"https:\/\/gvgarden.asia\/?product=hoa-hong-cam-spirit-da-lat\/#%f0%9f%8c%88_y_nghia_cua_hoa_hong_cam_spirit\" >\ud83c\udf08 \u00dd ngh\u0129a c\u1ee7a hoa h\u1ed3ng Cam Spirit<\/a><ul class='ez-toc-list-level-4' ><li class='ez-toc-heading-level-4'><a class=\"ez-toc-link ez-toc-heading-4\" href=\"https:\/\/gvgarden.asia\/?product=hoa-hong-cam-spirit-da-lat\/#%f0%9f%94%a5_bieu_tuong_cua_tinh_yeu_chay_bong_va_dam_me\" >\ud83d\udd25 Bi\u1ec3u t\u01b0\u1ee3ng c\u1ee7a t\u00ecnh y\u00eau ch\u00e1y b\u1ecfng v\u00e0 \u0111am m\u00ea<\/a><\/li><li class='ez-toc-page-1 ez-toc-heading-level-4'><a class=\"ez-toc-link ez-toc-heading-5\" href=\"https:\/\/gvgarden.asia\/?product=hoa-hong-cam-spirit-da-lat\/#%f0%9f%8c%9e_nang_luong_tich_cuc_va_su_sang_tao_khong_gioi_han\" >\ud83c\udf1e N\u0103ng l\u01b0\u1ee3ng t\u00edch c\u1ef1c v\u00e0 s\u1ef1 s\u00e1ng t\u1ea1o kh\u00f4ng gi\u1edbi h\u1ea1n<\/a><\/li><\/ul><\/li><li class='ez-toc-page-1 ez-toc-heading-level-3'><a class=\"ez-toc-link ez-toc-heading-6\" href=\"https:\/\/gvgarden.asia\/?product=hoa-hong-cam-spirit-da-lat\/#%f0%9f%8c%bc_dac_diem_noi_bat_cua_hoa_hong_cam_spirit\" >\ud83c\udf3c \u0110\u1eb7c \u0111i\u1ec3m n\u1ed5i b\u1eadt c\u1ee7a hoa h\u1ed3ng Cam Spirit<\/a><ul class='ez-toc-list-level-4' ><li class='ez-toc-heading-level-4'><a class=\"ez-toc-link ez-toc-heading-7\" href=\"https:\/\/gvgarden.asia\/?product=hoa-hong-cam-spirit-da-lat\/#%f0%9f%8e%a8_mau_sac_chuyen_tang_an_tuong\" >\ud83c\udfa8 M\u00e0u s\u1eafc chuy\u1ec3n t\u1ea7ng \u1ea5n t\u01b0\u1ee3ng<\/a><\/li><li class='ez-toc-page-1 ez-toc-heading-level-4'><a class=\"ez-toc-link ez-toc-heading-8\" href=\"https:\/\/gvgarden.asia\/?product=hoa-hong-cam-spirit-da-lat\/#%f0%9f%8c%b9_form_hoa_xoay_dep_nhu_tranh\" >\ud83c\udf39 Form hoa xo\u00e1y \u0111\u1eb9p nh\u01b0 tranh<\/a><\/li><li class='ez-toc-page-1 ez-toc-heading-level-4'><a class=\"ez-toc-link ez-toc-heading-9\" href=\"https:\/\/gvgarden.asia\/?product=hoa-hong-cam-spirit-da-lat\/#%f0%9f%8c%bf_canh_khoe_de_cham_va_bao_quan\" >\ud83c\udf3f C\u00e0nh kh\u1ecfe, d\u1ec5 ch\u0103m v\u00e0 b\u1ea3o qu\u1ea3n<\/a><\/li><\/ul><\/li><li class='ez-toc-page-1 ez-toc-heading-level-3'><a class=\"ez-toc-link ez-toc-heading-10\" href=\"https:\/\/gvgarden.asia\/?product=hoa-hong-cam-spirit-da-lat\/#%f0%9f%92%90_ung_dung_cua_hoa_hong_cam_spirit_trong_doi_song\" >\ud83d\udc90 \u1ee8ng d\u1ee5ng c\u1ee7a hoa h\u1ed3ng Cam Spirit trong \u0111\u1eddi s\u1ed1ng<\/a><ul class='ez-toc-list-level-4' ><li class='ez-toc-heading-level-4'><a class=\"ez-toc-link ez-toc-heading-11\" href=\"https:\/\/gvgarden.asia\/?product=hoa-hong-cam-spirit-da-lat\/#%f0%9f%92%8c_lam_hoa_bo_tang_nguoi_yeu_nguoi_than\" >\ud83d\udc8c L\u00e0m hoa b\u00f3 t\u1eb7ng ng\u01b0\u1eddi y\u00eau, ng\u01b0\u1eddi th\u00e2n<\/a><\/li><li class='ez-toc-page-1 ez-toc-heading-level-4'><a class=\"ez-toc-link ez-toc-heading-12\" href=\"https:\/\/gvgarden.asia\/?product=hoa-hong-cam-spirit-da-lat\/#%f0%9f%92%8d_trang_tri_tiec_cuoi_su_kien_sang_trong\" >\ud83d\udc8d Trang tr\u00ed ti\u1ec7c c\u01b0\u1edbi, s\u1ef1 ki\u1ec7n sang tr\u1ecdng<\/a><\/li><li class='ez-toc-page-1 ez-toc-heading-level-4'><a class=\"ez-toc-link ez-toc-heading-13\" href=\"https:\/\/gvgarden.asia\/?product=hoa-hong-cam-spirit-da-lat\/#%f0%9f%96%bc%ef%b8%8f_cam_binh_trang_tri_nha_cua_studio_showroom\" >\ud83d\uddbc\ufe0f C\u1eafm b\u00ecnh trang tr\u00ed nh\u00e0 c\u1eeda, studio, showroom<\/a><\/li><\/ul><\/li><li class='ez-toc-page-1 ez-toc-heading-level-3'><a class=\"ez-toc-link ez-toc-heading-14\" href=\"https:\/\/gvgarden.asia\/?product=hoa-hong-cam-spirit-da-lat\/#%f0%9f%9b%92_dat_mua_hoa_hong_cam_spirit_da_lat_tai_gv_garden\" >\ud83d\uded2 \u0110\u1eb7t mua hoa h\u1ed3ng Cam Spirit \u0110\u00e0 L\u1ea1t t\u1ea1i GV Garden<\/a><\/li><li class='ez-toc-page-1 ez-toc-heading-level-3'><a class=\"ez-toc-link ez-toc-heading-15\" href=\"https:\/\/gvgarden.asia\/?product=hoa-hong-cam-spirit-da-lat\/#%e2%9c%85_ket_luan\" >\u2705 K\u1ebft lu\u1eadn<\/a><\/li><\/ul><\/li><\/ul><\/nav><\/div>\n<h2><span class=\"ez-toc-section\" id=\"hoa_hong_cam_spirit_%e2%80%93_net_kieu_sa_dam_chat_nghe_thuat_cua_da_lat\"><\/span><strong>Hoa H\u1ed3ng Cam Spirit \u2013 N\u00e9t Ki\u00eau Sa \u0110\u1eadm Ch\u1ea5t Ngh\u1ec7 Thu\u1eadt C\u1ee7a \u0110\u00e0 L\u1ea1t<\/strong><span class=\"ez-toc-section-end\"><\/span><\/h2>\n<h3><span class=\"ez-toc-section\" id=\"%f0%9f%8c%bf_gioi_thieu_ve_hoa_hong_cam_spirit\"><\/span>\ud83c\udf3f <strong>Gi\u1edbi thi\u1ec7u v\u1ec1 hoa h\u1ed3ng Cam Spirit<\/strong><span class=\"ez-toc-section-end\"><\/span><\/h3>\n<div>Hoa h\u1ed3ng Cam Spirit l\u00e0 m\u1ed9t trong nh\u1eefng gi\u1ed1ng h\u1ed3ng nh\u1eadp kh\u1ea9u \u0111\u01b0\u1ee3c tr\u1ed3ng th\u00e0nh c\u00f4ng t\u1ea1i \u0110\u00e0 L\u1ea1t, n\u1ed5i b\u1eadt b\u1edfi s\u1eafc cam r\u1ef1c nh\u01b0 ng\u1ecdn l\u1eeda v\u00e0 ki\u1ec3u c\u00e1nh x\u1ebfp xo\u00e1y c\u1ef1c k\u1ef3 ngh\u1ec7 thu\u1eadt.<\/div>\n<div><\/div>\n<div>S\u1edf h\u1eefu m\u00e0u s\u1eafc chuy\u1ec3n t\u1ea7ng t\u1eeb cam ch\u00e1y \u2013 v\u00e0ng ngh\u1ec7 \u0111\u1ebfn vi\u1ec1n h\u1ed3ng \u0111\u00e0o, hoa Cam Spirit d\u1ec5 d\u00e0ng g\u00e2y \u1ea5n t\u01b0\u1ee3ng m\u1ea1nh ngay t\u1eeb \u00e1nh nh\u00ecn \u0111\u1ea7u ti\u00ean. \u0110\u00e2y l\u00e0 l\u1ef1a ch\u1ecdn l\u00fd t\u01b0\u1edfng \u0111\u1ec3 th\u1ec3 hi\u1ec7n t\u00ecnh y\u00eau m\u00e3nh li\u1ec7t, s\u1ef1 nhi\u1ec7t huy\u1ebft v\u00e0 ni\u1ec1m c\u1ea3m h\u1ee9ng s\u00e1ng t\u1ea1o.<\/div>\n<div><\/div>\n<div>Kh\u00f4ng ch\u1ec9 ph\u00f9 h\u1ee3p cho hoa b\u00f3 cao c\u1ea5p, hoa c\u01b0\u1edbi hay l\u1ec5 k\u1ef7 ni\u1ec7m, Cam Spirit c\u00f2n \u0111\u01b0\u1ee3c nhi\u1ec1u ngh\u1ec7 nh\u00e2n hoa y\u00eau th\u00edch nh\u1edd form hoa \u0111\u1ed9c \u0111\u00e1o, sang tr\u1ecdng v\u00e0 r\u1ea5t \u201c\u0103n \u1ea3nh\u201d.<\/div>\n<h3><span class=\"ez-toc-section\" id=\"%f0%9f%8c%88_y_nghia_cua_hoa_hong_cam_spirit\"><\/span>\ud83c\udf08 <strong>\u00dd ngh\u0129a c\u1ee7a hoa h\u1ed3ng Cam Spirit<\/strong><span class=\"ez-toc-section-end\"><\/span><\/h3>\n<h4><span class=\"ez-toc-section\" id=\"%f0%9f%94%a5_bieu_tuong_cua_tinh_yeu_chay_bong_va_dam_me\"><\/span>\ud83d\udd25<strong> Bi\u1ec3u t\u01b0\u1ee3ng c\u1ee7a t\u00ecnh y\u00eau ch\u00e1y b\u1ecfng v\u00e0 \u0111am m\u00ea<\/strong><span class=\"ez-toc-section-end\"><\/span><\/h4>\n<div>M\u00e0u cam v\u1ed1n \u0111\u01b0\u1ee3c xem l\u00e0 m\u00e0u c\u1ee7a n\u0103ng l\u01b0\u1ee3ng, \u0111am m\u00ea v\u00e0 c\u1ea3m x\u00fac m\u00e3nh li\u1ec7t. Hoa h\u1ed3ng Cam Spirit th\u1ec3 hi\u1ec7n:<\/div>\n<div><\/div>\n<div>M\u1ed9t t\u00ecnh y\u00eau \u0111ang r\u1ef1c ch\u00e1y, s\u00e2u s\u1eafc v\u00e0 ch\u00e2n th\u00e0nh<\/div>\n<div>S\u1ef1 ng\u01b0\u1ee1ng m\u1ed9, c\u1ea3m ph\u1ee5c v\u00e0 tr\u00e2n tr\u1ecdng<\/div>\n<div>Ni\u1ec1m tin m\u1ea1nh m\u1ebd v\u00e0o \u0111\u1ed1i ph\u01b0\u01a1ng trong m\u1ed1i quan h\u1ec7<\/div>\n<div><\/div>\n<div>V\u00ec v\u1eady, hoa th\u01b0\u1eddng \u0111\u01b0\u1ee3c l\u1ef1a ch\u1ecdn l\u00e0m hoa t\u1ecf t\u00ecnh, hoa c\u01b0\u1edbi ho\u1eb7c k\u1ef7 ni\u1ec7m t\u00ecnh y\u00eau.<\/div>\n<h4><span class=\"ez-toc-section\" id=\"%f0%9f%8c%9e_nang_luong_tich_cuc_va_su_sang_tao_khong_gioi_han\"><\/span>\ud83c\udf1e <strong>N\u0103ng l\u01b0\u1ee3ng t\u00edch c\u1ef1c v\u00e0 s\u1ef1 s\u00e1ng t\u1ea1o kh\u00f4ng gi\u1edbi h\u1ea1n<\/strong><span class=\"ez-toc-section-end\"><\/span><\/h4>\n<div>Ngo\u00e0i t\u00ecnh y\u00eau, Cam Spirit c\u00f2n l\u00e0 bi\u1ec3u t\u01b0\u1ee3ng c\u1ee7a:<\/div>\n<div><\/div>\n<div>Tinh th\u1ea7n l\u1ea1c quan, vui v\u1ebb, h\u01b0\u1edbng v\u1ec1 t\u01b0\u01a1ng lai<\/div>\n<div>Ngu\u1ed3n c\u1ea3m h\u1ee9ng s\u00e1ng t\u1ea1o b\u1ea5t t\u1eadn<\/div>\n<div>L\u1eddi ch\u00fac may m\u1eafn v\u00e0 b\u00f9ng n\u1ed5 th\u00e0nh c\u00f4ng<\/div>\n<div><\/div>\n<div>R\u1ea5t th\u00edch h\u1ee3p \u0111\u1ec3 t\u1eb7ng cho ng\u01b0\u1eddi kh\u1edfi nghi\u1ec7p, ngh\u1ec7 s\u0129, ng\u01b0\u1eddi tr\u1ebb tr\u00e0n \u0111\u1ea7y nhi\u1ec7t huy\u1ebft.<\/div>\n<h3><span class=\"ez-toc-section\" id=\"%f0%9f%8c%bc_dac_diem_noi_bat_cua_hoa_hong_cam_spirit\"><\/span>\ud83c\udf3c <strong>\u0110\u1eb7c \u0111i\u1ec3m n\u1ed5i b\u1eadt c\u1ee7a hoa h\u1ed3ng Cam Spirit<\/strong><span class=\"ez-toc-section-end\"><\/span><\/h3>\n<h4><span class=\"ez-toc-section\" id=\"%f0%9f%8e%a8_mau_sac_chuyen_tang_an_tuong\"><\/span>\ud83c\udfa8 <strong>M\u00e0u s\u1eafc chuy\u1ec3n t\u1ea7ng \u1ea5n t\u01b0\u1ee3ng<\/strong><span class=\"ez-toc-section-end\"><\/span><\/h4>\n<div>C\u00e1nh hoa c\u00f3 s\u1ef1 chuy\u1ec3n s\u1eafc \u0111\u1eb7c tr\u01b0ng t\u1eeb v\u00e0ng ngh\u1ec7 \u2013 cam ch\u00e1y \u2013 h\u1ed3ng \u0111\u00e0o<\/div>\n<div><\/div>\n<div>T\u1ea1o hi\u1ec7u \u1ee9ng th\u1ecb gi\u00e1c n\u1ed5i b\u1eadt, r\u1ef1c r\u1ee1 nh\u01b0ng kh\u00f4ng h\u1ec1 ch\u00f3i<\/div>\n<div><\/div>\n<div>Tone m\u00e0u ph\u00f9 h\u1ee3p m\u1ecdi m\u00f9a trong n\u0103m, \u0111\u1eb7c bi\u1ec7t v\u00e0o thu \u2013 \u0111\u00f4ng<\/div>\n<h4><span class=\"ez-toc-section\" id=\"%f0%9f%8c%b9_form_hoa_xoay_dep_nhu_tranh\"><\/span>\ud83c\udf39 <strong>Form hoa xo\u00e1y \u0111\u1eb9p nh\u01b0 tranh<\/strong><span class=\"ez-toc-section-end\"><\/span><\/h4>\n<div>Hoa n\u1edf xo\u00e1y t\u1eeb t\u00e2m nh\u01b0 m\u1ed9t \u0111\u00f3a l\u1eeda \u0111ang b\u00f9ng ch\u00e1y<\/div>\n<div><\/div>\n<div>\u0110\u01b0\u1eddng k\u00ednh b\u00f4ng to: 7\u20139cm, n\u1edf bung \u0111\u1ec1u v\u00e0 l\u00e2u t\u00e0n<\/div>\n<div><\/div>\n<div>C\u00e1nh hoa d\u00e0y, x\u1ebfp t\u1ea7ng r\u00f5 n\u00e9t, khum nh\u1eb9 t\u1ea1o v\u1ebb ki\u00eau sa, sang tr\u1ecdng<\/div>\n<h4><span class=\"ez-toc-section\" id=\"%f0%9f%8c%bf_canh_khoe_de_cham_va_bao_quan\"><\/span>\ud83c\udf3f <strong>C\u00e0nh kh\u1ecfe, d\u1ec5 ch\u0103m v\u00e0 b\u1ea3o qu\u1ea3n<\/strong><span class=\"ez-toc-section-end\"><\/span><\/h4>\n<div>C\u00e0nh hoa d\u00e0i 50\u201370cm, ch\u1eafc, \u00edt cong<\/div>\n<div>L\u00e1 xanh b\u00f3ng, \u00edt s\u00e2u b\u1ec7nh, gi\u00fap t\u1ed5ng th\u1ec3 c\u00e0ng n\u1ed5i b\u1eadt<\/div>\n<div>Tu\u1ed5i th\u1ecd hoa l\u00e2u: 5\u20138 ng\u00e0y n\u1ebfu \u0111\u01b0\u1ee3c ch\u0103m s\u00f3c \u0111\u00fang c\u00e1ch<\/div>\n<h3><span class=\"ez-toc-section\" id=\"%f0%9f%92%90_ung_dung_cua_hoa_hong_cam_spirit_trong_doi_song\"><\/span>\ud83d\udc90 <strong>\u1ee8ng d\u1ee5ng c\u1ee7a hoa h\u1ed3ng Cam Spirit trong \u0111\u1eddi s\u1ed1ng<\/strong><span class=\"ez-toc-section-end\"><\/span><\/h3>\n<h4><span class=\"ez-toc-section\" id=\"%f0%9f%92%8c_lam_hoa_bo_tang_nguoi_yeu_nguoi_than\"><\/span>\ud83d\udc8c<strong> L\u00e0m hoa b\u00f3 t\u1eb7ng ng\u01b0\u1eddi y\u00eau, ng\u01b0\u1eddi th\u00e2n<\/strong><span class=\"ez-toc-section-end\"><\/span><\/h4>\n<div>V\u1edbi s\u1eafc cam r\u1ef1c r\u1ee1, Cam Spirit lu\u00f4n l\u00e0 l\u1ef1a ch\u1ecdn h\u00e0ng \u0111\u1ea7u cho c\u00e1c d\u1ecbp:<\/div>\n<div><\/div>\n<div>T\u1ecf t\u00ecnh, k\u1ef7 ni\u1ec7m t\u00ecnh y\u00eau, c\u1ea7u h\u00f4n<\/div>\n<div>Sinh nh\u1eadt, ng\u00e0y l\u1ec5 c\u1ee7a ng\u01b0\u1eddi th\u00e2n, b\u1ea1n b\u00e8<\/div>\n<div><\/div>\n<div>Ph\u1ed1i c\u00f9ng hoa baby tr\u1eafng, h\u1ed3ng pastel, l\u00e1 b\u1ea1c, t\u1ea1o n\u00ean t\u00e1c ph\u1ea9m h\u00e0i h\u00f2a \u0111\u1ea7y c\u1ea3m x\u00fac<\/div>\n<h4><span class=\"ez-toc-section\" id=\"%f0%9f%92%8d_trang_tri_tiec_cuoi_su_kien_sang_trong\"><\/span>\ud83d\udc8d <strong>Trang tr\u00ed ti\u1ec7c c\u01b0\u1edbi, s\u1ef1 ki\u1ec7n sang tr\u1ecdng<\/strong><span class=\"ez-toc-section-end\"><\/span><\/h4>\n<div>S\u1eafc cam k\u1ebft h\u1ee3p v\u00e0ng \u2013 h\u1ed3ng mang l\u1ea1i s\u1ef1 \u1ea5m \u00e1p v\u00e0 n\u1ed5i b\u1eadt trong trang tr\u00ed ti\u1ec7c<\/div>\n<div>D\u00f9ng trong hoa c\u1ea7m tay c\u00f4 d\u00e2u, hoa c\u1eafm b\u00e0n ti\u1ec7c, ph\u00f4ng c\u01b0\u1edbi tone cam \u2013 kem \u2013 nude<\/div>\n<div>Th\u1ec3 hi\u1ec7n s\u1ef1 n\u1ed3ng nhi\u1ec7t v\u00e0 h\u1ea1nh ph\u00fac vi\u00ean m\u00e3n<\/div>\n<h4><span class=\"ez-toc-section\" id=\"%f0%9f%96%bc%ef%b8%8f_cam_binh_trang_tri_nha_cua_studio_showroom\"><\/span>\ud83d\uddbc\ufe0f <strong>C\u1eafm b\u00ecnh trang tr\u00ed nh\u00e0 c\u1eeda, studio, showroom<\/strong><span class=\"ez-toc-section-end\"><\/span><\/h4>\n<div>M\u1ed9t b\u00ecnh hoa Cam Spirit gi\u00fap kh\u00f4ng gian s\u00e1ng b\u1eebng s\u1ee9c s\u1ed1ng v\u00e0 n\u0103ng l\u01b0\u1ee3ng<\/div>\n<div><\/div>\n<div>\u0110\u1eb7c bi\u1ec7t ph\u00f9 h\u1ee3p v\u1edbi phong c\u00e1ch hi\u1ec7n \u0111\u1ea1i, t\u1ed1i gi\u1ea3n, vintage<\/div>\n<div><\/div>\n<div>Th\u00edch h\u1ee3p c\u1eafm b\u00ecnh th\u1ee7y tinh, g\u1ed1m tr\u1eafng ho\u1eb7c ch\u1ea5t li\u1ec7u t\u1ef1 nhi\u00ean<\/div>\n<h3><span class=\"ez-toc-section\" id=\"%f0%9f%9b%92_dat_mua_hoa_hong_cam_spirit_da_lat_tai_gv_garden\"><\/span>\ud83d\uded2 <strong>\u0110\u1eb7t mua hoa h\u1ed3ng Cam Spirit \u0110\u00e0 L\u1ea1t t\u1ea1i GV Garden<\/strong><span class=\"ez-toc-section-end\"><\/span><\/h3>\n<div>B\u1ea1n \u0111ang t\u00ecm n\u01a1i cung c\u1ea5p hoa h\u1ed3ng Cam Spirit chu\u1ea9n \u0111\u1eb9p, gi\u00e1 t\u1ed1t?<\/div>\n<div><\/div>\n<div>GV Garden \u2013 Shop hoa chuy\u00ean s\u1ec9 &amp; l\u1ebb hoa h\u1ed3ng \u0110\u00e0 L\u1ea1t, cam k\u1ebft:<\/div>\n<div><\/div>\n<div>Ngu\u1ed3n hoa chu\u1ea9n v\u01b0\u1eddn, c\u1eaft \u0111\u00fang \u0111\u1ed9 n\u1edf, \u0111\u00f3ng th\u00f9ng k\u1ef9 l\u01b0\u1ee1ng<\/div>\n<div><\/div>\n<div>H\u00ecnh th\u1eadt 100%, h\u1ed7 tr\u1ee3 ch\u1ee5p m\u1eabu tr\u01b0\u1edbc khi \u0111\u00f3ng h\u00e0ng<\/div>\n<div><\/div>\n<div>Giao h\u00e0ng nhanh to\u00e0n qu\u1ed1c \u2013 nh\u1eadn s\u1ec9 s\u1ed1 l\u01b0\u1ee3ng l\u1edbn cho shop hoa, studio, wedding planner<\/div>\n<div><\/div>\n<div>\ud83d\udc49 Inbox GV Garden \u0111\u1ec3 nh\u1eadn b\u00e1o gi\u00e1 v\u00e0 h\u00ecnh \u1ea3nh hoa Cam Spirit m\u1edbi nh\u1ea5t h\u00f4m nay!<\/div>\n<h3><span class=\"ez-toc-section\" id=\"%e2%9c%85_ket_luan\"><\/span>\u2705 <strong>K\u1ebft lu\u1eadn<\/strong><span class=\"ez-toc-section-end\"><\/span><\/h3>\n<div>Hoa h\u1ed3ng Cam Spirit \u0110\u00e0 L\u1ea1t kh\u00f4ng ch\u1ec9 \u0111\u01a1n thu\u1ea7n l\u00e0 m\u1ed9t lo\u00e0i hoa \u2013 \u0111\u00f3 l\u00e0 bi\u1ec3u t\u01b0\u1ee3ng c\u1ee7a c\u1ea3m x\u00fac m\u00e3nh li\u1ec7t, s\u1ef1 \u0111am m\u00ea v\u00e0 ni\u1ec1m c\u1ea3m h\u1ee9ng kh\u00f4ng gi\u1edbi h\u1ea1n. N\u1ebfu b\u1ea1n \u0111ang t\u00ecm ki\u1ebfm m\u1ed9t lo\u00e0i hoa mang n\u0103ng l\u01b0\u1ee3ng r\u1ef1c r\u1ee1, kh\u00f3 qu\u00ean v\u00e0 \u0111\u1ea7y s\u00e1ng t\u1ea1o \u2013 th\u00ec Cam Spirit ch\u00ednh l\u00e0 l\u1ef1a ch\u1ecdn kh\u00f4ng th\u1ec3 b\u1ecf qua.<\/div>\n","protected":false},"excerpt":{"rendered":"<p>Hoa H\u1ed3ng Cam Spirit \u2013 N\u00e9t Ki\u00eau Sa \u0110\u1eadm Ch\u1ea5t Ngh\u1ec7 Thu\u1eadt C\u1ee7a \u0110\u00e0 L\u1ea1t \ud83c\udf3f Gi\u1edbi thi\u1ec7u v\u1ec1 hoa h\u1ed3ng Cam Spirit Hoa h\u1ed3ng Cam Spirit l\u00e0 m\u1ed9t trong nh\u1eefng gi\u1ed1ng h\u1ed3ng nh\u1eadp kh\u1ea9u \u0111\u01b0\u1ee3c tr\u1ed3ng th\u00e0nh c\u00f4ng t\u1ea1i \u0110\u00e0 L\u1ea1t, n\u1ed5i b\u1eadt b\u1edfi s\u1eafc cam r\u1ef1c nh\u01b0 ng\u1ecdn l\u1eeda v\u00e0 ki\u1ec3u c\u00e1nh x\u1ebfp [&#8230;]\n","protected":false},"featured_media":5832,"comment_status":"open","ping_status":"closed","template":"","meta":[],"product_brand":[],"product_cat":[298,273],"product_tag":[391,390,392,357,393,389],"class_list":{"0":"post-4361","1":"product","2":"type-product","3":"status-publish","4":"has-post-thumbnail","6":"product_cat-hoa-hong-da-lat-hoa-noi-dia-viet-nam-2","7":"product_cat-hoa-noi-dia-viet-nam","8":"product_tag-giong-hoa-hong-spirit","9":"product_tag-hoa-hong-cam-chay","10":"product_tag-hoa-hong-cam-dep","11":"product_tag-hoa-hong-cam-ruc","12":"product_tag-hoa-hong-da-lat-mau-cam","13":"product_tag-hoa-hong-tone-cam-vang","15":"first","16":"instock","17":"shipping-taxable","18":"product-type-simple"},"_links":{"self":[{"href":"https:\/\/gvgarden.asia\/index.php?rest_route=\/wp\/v2\/product\/4361","targetHints":{"allow":["GET"]}}],"collection":[{"href":"https:\/\/gvgarden.asia\/index.php?rest_route=\/wp\/v2\/product"}],"about":[{"href":"https:\/\/gvgarden.asia\/index.php?rest_route=\/wp\/v2\/types\/product"}],"replies":[{"embeddable":true,"href":"https:\/\/gvgarden.asia\/index.php?rest_route=%2Fwp%2Fv2%2Fcomments&post=4361"}],"version-history":[{"count":3,"href":"https:\/\/gvgarden.asia\/index.php?rest_route=\/wp\/v2\/product\/4361\/revisions"}],"predecessor-version":[{"id":5643,"href":"https:\/\/gvgarden.asia\/index.php?rest_route=\/wp\/v2\/product\/4361\/revisions\/5643"}],"wp:featuredmedia":[{"embeddable":true,"href":"https:\/\/gvgarden.asia\/index.php?rest_route=\/wp\/v2\/media\/5832"}],"wp:attachment":[{"href":"https:\/\/gvgarden.asia\/index.php?rest_route=%2Fwp%2Fv2%2Fmedia&parent=4361"}],"wp:term":[{"taxonomy":"product_brand","embeddable":true,"href":"https:\/\/gvgarden.asia\/index.php?rest_route=%2Fwp%2Fv2%2Fproduct_brand&post=4361"},{"taxonomy":"product_cat","embeddable":true,"href":"https:\/\/gvgarden.asia\/index.php?rest_route=%2Fwp%2Fv2%2Fproduct_cat&post=4361"},{"taxonomy":"product_tag","embeddable":true,"href":"https:\/\/gvgarden.asia\/index.php?rest_route=%2Fwp%2Fv2%2Fproduct_tag&post=4361"}],"curies":[{"name":"wp","href":"https:\/\/api.w.org\/{rel}","templated":true}]}}