{"id":4360,"date":"2025-07-19T12:43:42","date_gmt":"2025-07-19T05:43:42","guid":{"rendered":"https:\/\/gvgarden.asia\/?post_type=product&#038;p=4360"},"modified":"2025-09-06T12:08:41","modified_gmt":"2025-09-06T05:08:41","slug":"hoa-hong-juliet","status":"publish","type":"product","link":"https:\/\/gvgarden.asia\/?product=hoa-hong-juliet","title":{"rendered":"Hoa H\u1ed3ng Juliet"},"content":{"rendered":"<div id=\"ez-toc-container\" class=\"ez-toc-v2_0_76 counter-hierarchy ez-toc-counter ez-toc-grey ez-toc-container-direction\">\n<div class=\"ez-toc-title-container\">\n<p class=\"ez-toc-title\" style=\"cursor:inherit\">N\u1ed9i Dung B\u00e0i Vi\u1ebft<\/p>\n<span class=\"ez-toc-title-toggle\"><a href=\"#\" class=\"ez-toc-pull-right ez-toc-btn ez-toc-btn-xs ez-toc-btn-default ez-toc-toggle\" aria-label=\"Toggle Table of Content\"><span class=\"ez-toc-js-icon-con\"><span class=\"\"><span class=\"eztoc-hide\" style=\"display:none;\">Toggle<\/span><span class=\"ez-toc-icon-toggle-span\"><svg style=\"fill: #999;color:#999\" xmlns=\"http:\/\/www.w3.org\/2000\/svg\" class=\"list-377408\" width=\"20px\" height=\"20px\" viewBox=\"0 0 24 24\" fill=\"none\"><path d=\"M6 6H4v2h2V6zm14 0H8v2h12V6zM4 11h2v2H4v-2zm16 0H8v2h12v-2zM4 16h2v2H4v-2zm16 0H8v2h12v-2z\" fill=\"currentColor\"><\/path><\/svg><svg style=\"fill: #999;color:#999\" class=\"arrow-unsorted-368013\" xmlns=\"http:\/\/www.w3.org\/2000\/svg\" width=\"10px\" height=\"10px\" viewBox=\"0 0 24 24\" version=\"1.2\" baseProfile=\"tiny\"><path d=\"M18.2 9.3l-6.2-6.3-6.2 6.3c-.2.2-.3.4-.3.7s.1.5.3.7c.2.2.4.3.7.3h11c.3 0 .5-.1.7-.3.2-.2.3-.5.3-.7s-.1-.5-.3-.7zM5.8 14.7l6.2 6.3 6.2-6.3c.2-.2.3-.5.3-.7s-.1-.5-.3-.7c-.2-.2-.4-.3-.7-.3h-11c-.3 0-.5.1-.7.3-.2.2-.3.5-.3.7s.1.5.3.7z\"\/><\/svg><\/span><\/span><\/span><\/a><\/span><\/div>\n<nav><ul class='ez-toc-list ez-toc-list-level-1 eztoc-toggle-hide-by-default' ><li class='ez-toc-page-1 ez-toc-heading-level-2'><a class=\"ez-toc-link ez-toc-heading-1\" href=\"https:\/\/gvgarden.asia\/?product=hoa-hong-juliet\/#hoa_hong_juliet_da_lat_%e2%80%93_bieu_tuong_cua_su_thanh_lich_va_tinh_te\" >Hoa H\u1ed3ng Juliet \u0110\u00e0 L\u1ea1t \u2013 Bi\u1ec3u T\u01b0\u1ee3ng C\u1ee7a S\u1ef1 Thanh L\u1ecbch V\u00e0 Tinh T\u1ebf<\/a><ul class='ez-toc-list-level-3' ><li class='ez-toc-heading-level-3'><a class=\"ez-toc-link ez-toc-heading-2\" href=\"https:\/\/gvgarden.asia\/?product=hoa-hong-juliet\/#%f0%9f%8c%bf_gioi_thieu_ve_hoa_hong_juliet\" >\ud83c\udf3f Gi\u1edbi thi\u1ec7u v\u1ec1 hoa h\u1ed3ng Juliet<\/a><\/li><li class='ez-toc-page-1 ez-toc-heading-level-3'><a class=\"ez-toc-link ez-toc-heading-3\" href=\"https:\/\/gvgarden.asia\/?product=hoa-hong-juliet\/#%f0%9f%8c%b8_y_nghia_cua_hoa_hong_juliet\" >\ud83c\udf38 \u00dd ngh\u0129a c\u1ee7a hoa h\u1ed3ng Juliet<\/a><ul class='ez-toc-list-level-4' ><li class='ez-toc-heading-level-4'><a class=\"ez-toc-link ez-toc-heading-4\" href=\"https:\/\/gvgarden.asia\/?product=hoa-hong-juliet\/#%f0%9f%92%96_tinh_yeu_thanh_tao_tinh_khiet\" >\ud83d\udc96 T\u00ecnh y\u00eau thanh tao, tinh khi\u1ebft<\/a><\/li><li class='ez-toc-page-1 ez-toc-heading-level-4'><a class=\"ez-toc-link ez-toc-heading-5\" href=\"https:\/\/gvgarden.asia\/?product=hoa-hong-juliet\/#%f0%9f%91%91_ve_dep_quy_toc_sang_trong_va_khac_biet\" >\ud83d\udc51 V\u1ebb \u0111\u1eb9p qu\u00fd t\u1ed9c, sang tr\u1ecdng v\u00e0 kh\u00e1c bi\u1ec7t<\/a><\/li><\/ul><\/li><li class='ez-toc-page-1 ez-toc-heading-level-3'><a class=\"ez-toc-link ez-toc-heading-6\" href=\"https:\/\/gvgarden.asia\/?product=hoa-hong-juliet\/#%f0%9f%8c%bc_dac_diem_noi_bat_cua_hoa_hong_juliet_da_lat\" >\ud83c\udf3c \u0110\u1eb7c \u0111i\u1ec3m n\u1ed5i b\u1eadt c\u1ee7a hoa h\u1ed3ng Juliet \u0110\u00e0 L\u1ea1t<\/a><ul class='ez-toc-list-level-4' ><li class='ez-toc-heading-level-4'><a class=\"ez-toc-link ez-toc-heading-7\" href=\"https:\/\/gvgarden.asia\/?product=hoa-hong-juliet\/#%f0%9f%8e%a8_mau_sac_cam_dao_thanh_nha\" >\ud83c\udfa8 M\u00e0u s\u1eafc cam \u0111\u00e0o thanh nh\u00e3<\/a><\/li><li class='ez-toc-page-1 ez-toc-heading-level-4'><a class=\"ez-toc-link ez-toc-heading-8\" href=\"https:\/\/gvgarden.asia\/?product=hoa-hong-juliet\/#%f0%9f%8c%b9_canh_hoa_xep_rosette_tinh_xao\" >\ud83c\udf39 C\u00e1nh hoa x\u1ebfp rosette tinh x\u1ea3o<\/a><\/li><li class='ez-toc-page-1 ez-toc-heading-level-4'><a class=\"ez-toc-link ez-toc-heading-9\" href=\"https:\/\/gvgarden.asia\/?product=hoa-hong-juliet\/#%f0%9f%8d%83_than_canh_khoe_ben_va_bao_quan_lau\" >\ud83c\udf43 Th\u00e2n c\u00e0nh kh\u1ecfe, b\u1ec1n v\u00e0 b\u1ea3o qu\u1ea3n l\u00e2u<\/a><\/li><\/ul><\/li><li class='ez-toc-page-1 ez-toc-heading-level-3'><a class=\"ez-toc-link ez-toc-heading-10\" href=\"https:\/\/gvgarden.asia\/?product=hoa-hong-juliet\/#%f0%9f%92%90_ung_dung_cua_hoa_hong_juliet_trong_doi_song\" >\ud83d\udc90 \u1ee8ng d\u1ee5ng c\u1ee7a hoa h\u1ed3ng Juliet trong \u0111\u1eddi s\u1ed1ng<\/a><ul class='ez-toc-list-level-4' ><li class='ez-toc-heading-level-4'><a class=\"ez-toc-link ez-toc-heading-11\" href=\"https:\/\/gvgarden.asia\/?product=hoa-hong-juliet\/#%f0%9f%92%8d_hoa_cuoi_%e2%80%93_bieu_tuong_cho_dam_cuoi_thanh_lich\" >\ud83d\udc8d Hoa c\u01b0\u1edbi \u2013 Bi\u1ec3u t\u01b0\u1ee3ng cho \u0111\u00e1m c\u01b0\u1edbi thanh l\u1ecbch<\/a><\/li><li class='ez-toc-page-1 ez-toc-heading-level-4'><a class=\"ez-toc-link ez-toc-heading-12\" href=\"https:\/\/gvgarden.asia\/?product=hoa-hong-juliet\/#%f0%9f%92%8c_hoa_bo_cao_cap_danh_tang_nguoi_phu_nu_ban_tran_quy\" >\ud83d\udc8c Hoa b\u00f3 cao c\u1ea5p d\u00e0nh t\u1eb7ng ng\u01b0\u1eddi ph\u1ee5 n\u1eef b\u1ea1n tr\u00e2n qu\u00fd<\/a><\/li><li class='ez-toc-page-1 ez-toc-heading-level-4'><a class=\"ez-toc-link ez-toc-heading-13\" href=\"https:\/\/gvgarden.asia\/?product=hoa-hong-juliet\/#%f0%9f%8f%a1_trang_tri_khong_gian_song_studio_khach_san\" >\ud83c\udfe1 Trang tr\u00ed kh\u00f4ng gian s\u1ed1ng, studio, kh\u00e1ch s\u1ea1n<\/a><\/li><\/ul><\/li><li class='ez-toc-page-1 ez-toc-heading-level-3'><a class=\"ez-toc-link ez-toc-heading-14\" href=\"https:\/\/gvgarden.asia\/?product=hoa-hong-juliet\/#%f0%9f%9b%92_mua_hoa_hong_juliet_da_lat_tai_gv_garden\" >\ud83d\uded2 Mua hoa h\u1ed3ng Juliet \u0110\u00e0 L\u1ea1t t\u1ea1i GV Garden<\/a><\/li><li class='ez-toc-page-1 ez-toc-heading-level-3'><a class=\"ez-toc-link ez-toc-heading-15\" href=\"https:\/\/gvgarden.asia\/?product=hoa-hong-juliet\/#%e2%9c%85_ket_luan\" >\u2705 K\u1ebft lu\u1eadn<\/a><\/li><\/ul><\/li><\/ul><\/nav><\/div>\n<h2><span class=\"ez-toc-section\" id=\"hoa_hong_juliet_da_lat_%e2%80%93_bieu_tuong_cua_su_thanh_lich_va_tinh_te\"><\/span><strong>Hoa H\u1ed3ng Juliet \u0110\u00e0 L\u1ea1t \u2013 Bi\u1ec3u T\u01b0\u1ee3ng C\u1ee7a S\u1ef1 Thanh L\u1ecbch V\u00e0 Tinh T\u1ebf<\/strong><span class=\"ez-toc-section-end\"><\/span><\/h2>\n<h3><span class=\"ez-toc-section\" id=\"%f0%9f%8c%bf_gioi_thieu_ve_hoa_hong_juliet\"><\/span>\ud83c\udf3f <strong>Gi\u1edbi thi\u1ec7u v\u1ec1 hoa h\u1ed3ng Juliet<\/strong><span class=\"ez-toc-section-end\"><\/span><\/h3>\n<div>Hoa h\u1ed3ng Juliet l\u00e0 m\u1ed9t trong nh\u1eefng gi\u1ed1ng h\u1ed3ng Anh l\u1eebng danh c\u1ee7a d\u00f2ng David Austin, \u0111\u01b0\u1ee3c v\u00ed nh\u01b0 \u201cN\u1eef ho\u00e0ng hoa h\u1ed3ng n\u01b0\u1edbc Anh\u201d. Khi \u0111\u01b0\u1ee3c tr\u1ed3ng t\u1ea1i kh\u00ed h\u1eadu m\u00e1t l\u00e0nh c\u1ee7a \u0110\u00e0 L\u1ea1t, gi\u1ed1ng hoa n\u00e0y v\u1eabn gi\u1eef \u0111\u01b0\u1ee3c v\u1ebb \u0111\u1eb9p qu\u00fd t\u1ed9c v\u1ed1n c\u00f3, \u0111\u1ed3ng th\u1eddi ph\u00e1t tri\u1ec3n kh\u1ecfe, hoa n\u1edf chu\u1ea9n form v\u00e0 c\u00f3 \u0111\u1ed9 b\u1ec1n \u1ea5n t\u01b0\u1ee3ng.<\/div>\n<div><\/div>\n<div>Juliet \u0111\u01b0\u1ee3c y\u00eau th\u00edch b\u1edfi:<\/div>\n<div>M\u00e0u s\u1eafc cam \u0111\u00e0o nh\u1eb9 nh\u00e0ng, kh\u00f4ng ch\u00f3i g\u1eaft nh\u01b0ng v\u1eabn n\u1ed5i b\u1eadt<\/div>\n<div>C\u00e1nh hoa x\u1ebfp rosette (h\u00ecnh tr\u00f2n \u0111\u1ed1i x\u1ee9ng) nh\u01b0 m\u1ed9t t\u00e1c ph\u1ea9m ngh\u1ec7 thu\u1eadt<\/div>\n<div>Tho\u1ea3ng h\u01b0\u01a1ng tr\u00e0 nh\u1eb9 nh\u00e0ng \u0111\u1ea7y quy\u1ebfn r\u0169<\/div>\n<div><\/div>\n<div>\u0110\u00e2y l\u00e0 d\u00f2ng hoa th\u01b0\u1eddng xuy\u00ean xu\u1ea5t hi\u1ec7n trong c\u00e1c \u0111\u00e1m c\u01b0\u1edbi ho\u00e0ng gia, s\u1ef1 ki\u1ec7n cao c\u1ea5p ho\u1eb7c b\u00f3 hoa sang tr\u1ecdng d\u00e0nh t\u1eb7ng ng\u01b0\u1eddi \u0111\u1eb7c bi\u1ec7t.<\/div>\n<h3><span class=\"ez-toc-section\" id=\"%f0%9f%8c%b8_y_nghia_cua_hoa_hong_juliet\"><\/span>\ud83c\udf38 <strong>\u00dd ngh\u0129a c\u1ee7a hoa h\u1ed3ng Juliet<\/strong><span class=\"ez-toc-section-end\"><\/span><\/h3>\n<h4><span class=\"ez-toc-section\" id=\"%f0%9f%92%96_tinh_yeu_thanh_tao_tinh_khiet\"><\/span>\ud83d\udc96 <strong>T\u00ecnh y\u00eau thanh tao, tinh khi\u1ebft<\/strong><span class=\"ez-toc-section-end\"><\/span><\/h4>\n<div>Hoa h\u1ed3ng Juliet t\u01b0\u1ee3ng tr\u01b0ng cho:<\/div>\n<div>T\u00ecnh y\u00eau trong s\u00e1ng, thu\u1ea7n khi\u1ebft v\u00e0 \u0111\u1ea7y c\u1ea3m x\u00fac<\/div>\n<div>S\u1ef1 tr\u00e2n tr\u1ecdng s\u00e2u s\u1eafc d\u00e0nh cho ng\u01b0\u1eddi nh\u1eadn<\/div>\n<div>Nh\u1eefng c\u1ea3m x\u00fac \u0111\u1eb9p \u0111\u1ebd, l\u00e3ng m\u1ea1n nh\u01b0ng c\u0169ng k\u00edn \u0111\u00e1o v\u00e0 duy\u00ean d\u00e1ng<\/div>\n<div><\/div>\n<div>\u0110\u00e2y l\u00e0 l\u1ef1a ch\u1ecdn h\u00e0ng \u0111\u1ea7u trong c\u00e1c l\u1ec5 c\u01b0\u1edbi, l\u1ec5 \u0111\u00ednh h\u00f4n ho\u1eb7c d\u1ecbp k\u1ef7 ni\u1ec7m t\u00ecnh y\u00eau l\u00e2u b\u1ec1n.<\/div>\n<h4><span class=\"ez-toc-section\" id=\"%f0%9f%91%91_ve_dep_quy_toc_sang_trong_va_khac_biet\"><\/span>\ud83d\udc51 <strong>V\u1ebb \u0111\u1eb9p qu\u00fd t\u1ed9c, sang tr\u1ecdng v\u00e0 kh\u00e1c bi\u1ec7t<\/strong><span class=\"ez-toc-section-end\"><\/span><\/h4>\n<div>Juliet mang v\u1ebb \u0111\u1eb9p \u201c\u0111\u1eaft gi\u00e1\u201d kh\u00f4ng ch\u1ec9 v\u1ec1 gi\u00e1 tr\u1ecb th\u1ea9m m\u1ef9 m\u00e0 c\u00f2n \u00fd ngh\u0129a:<\/div>\n<div>Kh\u1eb3ng \u0111\u1ecbnh gu th\u1ea9m m\u1ef9 tinh t\u1ebf v\u00e0 \u0111\u1eb3ng c\u1ea5p<\/div>\n<div>T\u01b0\u1ee3ng tr\u01b0ng cho s\u1ef1 qu\u00fd ph\u00e1i, tao nh\u00e3, nh\u1eb9 nh\u00e0ng m\u00e0 s\u00e2u l\u1eafng<\/div>\n<div>Th\u00edch h\u1ee3p \u0111\u1ec3 d\u00e0nh t\u1eb7ng ph\u1ee5 n\u1eef tinh t\u1ebf, ng\u01b0\u1eddi th\u00e0nh \u0111\u1ea1t ho\u1eb7c c\u00e1c d\u1ecbp trang tr\u1ecdng<\/div>\n<h3><span class=\"ez-toc-section\" id=\"%f0%9f%8c%bc_dac_diem_noi_bat_cua_hoa_hong_juliet_da_lat\"><\/span>\ud83c\udf3c <strong>\u0110\u1eb7c \u0111i\u1ec3m n\u1ed5i b\u1eadt c\u1ee7a hoa h\u1ed3ng Juliet \u0110\u00e0 L\u1ea1t<\/strong><span class=\"ez-toc-section-end\"><\/span><\/h3>\n<h4><span class=\"ez-toc-section\" id=\"%f0%9f%8e%a8_mau_sac_cam_dao_thanh_nha\"><\/span>\ud83c\udfa8 <strong>M\u00e0u s\u1eafc cam \u0111\u00e0o thanh nh\u00e3<\/strong><span class=\"ez-toc-section-end\"><\/span><\/h4>\n<div>Tone cam \u0111\u00e0o nh\u1eb9 chuy\u1ec3n d\u1ea7n sang kem ph\u1edbt<\/div>\n<div>Mang l\u1ea1i c\u1ea3m gi\u00e1c ng\u1ecdt ng\u00e0o, n\u1eef t\u00ednh v\u00e0 \u0111\u1ea7y s\u1ee9c s\u1ed1ng<\/div>\n<div>Ph\u00f9 h\u1ee3p v\u1edbi nhi\u1ec1u phong c\u00e1ch c\u1eafm: c\u1ed5 \u0111i\u1ec3n \u2013 hi\u1ec7n \u0111\u1ea1i \u2013 vintage<\/div>\n<h4><span class=\"ez-toc-section\" id=\"%f0%9f%8c%b9_canh_hoa_xep_rosette_tinh_xao\"><\/span>\ud83c\udf39 <strong>C\u00e1nh hoa x\u1ebfp rosette tinh x\u1ea3o<\/strong><span class=\"ez-toc-section-end\"><\/span><\/h4>\n<div>C\u00e1nh hoa nh\u1ecf, m\u1ecfng nh\u01b0ng d\u00e0y v\u00e0 x\u1ebfp ch\u1eb7t th\u00e0nh h\u00ecnh xo\u1eafn \u1ed1c tr\u00f2n \u0111\u1ec1u<\/div>\n<div>Hoa n\u1edf ra nh\u01b0 m\u1ed9t qu\u1ea3 c\u1ea7u m\u1ec1m m\u1ea1i, t\u1ea1o hi\u1ec7u \u1ee9ng th\u1ecb gi\u00e1c \u1ea5n t\u01b0\u1ee3ng<\/div>\n<div>\u0110\u01b0\u1eddng k\u00ednh hoa t\u1eeb 6\u20139cm, bung tr\u00f2n \u0111\u1ec1u, \u00edt khi m\u00e9o form<\/div>\n<h4><span class=\"ez-toc-section\" id=\"%f0%9f%8d%83_than_canh_khoe_ben_va_bao_quan_lau\"><\/span>\ud83c\udf43 <strong>Th\u00e2n c\u00e0nh kh\u1ecfe, b\u1ec1n v\u00e0 b\u1ea3o qu\u1ea3n l\u00e2u<\/strong><span class=\"ez-toc-section-end\"><\/span><\/h4>\n<div>C\u00e0nh hoa ch\u1eafc, th\u1eb3ng, l\u00e1 xanh b\u00f3ng, d\u1ec5 ph\u1ed1i c\u00f9ng hoa l\u00e1 ph\u1ee5<\/div>\n<div>\u0110\u01b0\u1ee3c tr\u1ed3ng t\u1ea1i \u0110\u00e0 L\u1ea1t n\u00ean c\u00f3 kh\u1ea3 n\u0103ng gi\u1eef hoa t\u01b0\u01a1i \u0111\u1ebfn 5\u20137 ng\u00e0y trong \u0111i\u1ec1u ki\u1ec7n nhi\u1ec7t \u0111\u1edbi<\/div>\n<div>Th\u00edch h\u1ee3p \u0111\u1ec3 v\u1eadn chuy\u1ec3n xa, d\u00f9ng cho hoa c\u01b0\u1edbi, hoa b\u00f3 cao c\u1ea5p ho\u1eb7c hoa trang tr\u00ed<\/div>\n<div><\/div>\n<h3><span class=\"ez-toc-section\" id=\"%f0%9f%92%90_ung_dung_cua_hoa_hong_juliet_trong_doi_song\"><\/span>\ud83d\udc90 <strong>\u1ee8ng d\u1ee5ng c\u1ee7a hoa h\u1ed3ng Juliet trong \u0111\u1eddi s\u1ed1ng<\/strong><span class=\"ez-toc-section-end\"><\/span><\/h3>\n<h4><span class=\"ez-toc-section\" id=\"%f0%9f%92%8d_hoa_cuoi_%e2%80%93_bieu_tuong_cho_dam_cuoi_thanh_lich\"><\/span>\ud83d\udc8d <strong>Hoa c\u01b0\u1edbi \u2013 Bi\u1ec3u t\u01b0\u1ee3ng cho \u0111\u00e1m c\u01b0\u1edbi thanh l\u1ecbch<\/strong><span class=\"ez-toc-section-end\"><\/span><\/h4>\n<div>Juliet l\u00e0 \u201cn\u1eef ho\u00e0ng hoa c\u01b0\u1edbi\u201d trong nhi\u1ec1u phong c\u00e1ch \u0111\u00e1m c\u01b0\u1edbi hi\u1ec7n nay:<\/div>\n<div>Hoa c\u1ea7m tay c\u00f4 d\u00e2u tone cam \u0111\u00e0o \u2013 kem d\u1ecbu d\u00e0ng, c\u1ed5 \u0111i\u1ec3n<\/div>\n<div>Hoa c\u00e0i \u00e1o ch\u00fa r\u1ec3 ho\u1eb7c hoa trang tr\u00ed l\u1ec5 \u0111\u01b0\u1eddng sang tr\u1ecdng<\/div>\n<div>T\u1ea1o v\u1ebb \u0111\u1eb9p l\u00e3ng m\u1ea1n, tinh t\u1ebf m\u00e0 kh\u00f4ng ph\u00f4 tr\u01b0\u01a1ng<\/div>\n<h4><span class=\"ez-toc-section\" id=\"%f0%9f%92%8c_hoa_bo_cao_cap_danh_tang_nguoi_phu_nu_ban_tran_quy\"><\/span>\ud83d\udc8c <strong>Hoa b\u00f3 cao c\u1ea5p d\u00e0nh t\u1eb7ng ng\u01b0\u1eddi ph\u1ee5 n\u1eef b\u1ea1n tr\u00e2n qu\u00fd<\/strong><span class=\"ez-toc-section-end\"><\/span><\/h4>\n<div>L\u00e0 l\u1ef1a ch\u1ecdn ho\u00e0n h\u1ea3o cho sinh nh\u1eadt, 8\/3, 20\/10, ng\u00e0y c\u1ee7a m\u1eb9<\/div>\n<div>Mang th\u00f4ng \u0111i\u1ec7p s\u00e2u s\u1eafc v\u1ec1 s\u1ef1 tr\u00e2n tr\u1ecdng, y\u00eau th\u01b0\u01a1ng v\u00e0 th\u1ea5u hi\u1ec3u<\/div>\n<div>D\u1ec5 k\u1ebft h\u1ee3p c\u00f9ng baby tr\u1eafng, l\u00e1 b\u1ea1c, tulip pastel ho\u1eb7c hoa m\u1eabu \u0111\u01a1n<\/div>\n<h4><span class=\"ez-toc-section\" id=\"%f0%9f%8f%a1_trang_tri_khong_gian_song_studio_khach_san\"><\/span>\ud83c\udfe1 <strong>Trang tr\u00ed kh\u00f4ng gian s\u1ed1ng, studio, kh\u00e1ch s\u1ea1n<\/strong><span class=\"ez-toc-section-end\"><\/span><\/h4>\n<div>M\u1ed9t b\u00ecnh Juliet gi\u00fap kh\u00f4ng gian tr\u1edf n\u00ean thanh l\u1ecbch v\u00e0 nh\u1eb9 nh\u00e0ng<\/div>\n<div>Th\u00edch h\u1ee3p cho phong c\u00e1ch vintage, c\u1ed5 \u0111i\u1ec3n ho\u1eb7c Scandinavian<\/div>\n<div>\u0110\u1eb7t t\u1ea1i b\u00e0n ti\u1ebfp kh\u00e1ch, qu\u1ea7y l\u1ec5 t\u00e2n, b\u00e0n \u0103n ho\u1eb7c g\u00f3c l\u00e0m vi\u1ec7c ngh\u1ec7 thu\u1eadt<\/div>\n<h3><span class=\"ez-toc-section\" id=\"%f0%9f%9b%92_mua_hoa_hong_juliet_da_lat_tai_gv_garden\"><\/span>\ud83d\uded2 <strong>Mua hoa h\u1ed3ng Juliet \u0110\u00e0 L\u1ea1t t\u1ea1i GV Garden<\/strong><span class=\"ez-toc-section-end\"><\/span><\/h3>\n<div>GV Garden \u2013 \u0110\u01a1n v\u1ecb chuy\u00ean s\u1ec9 l\u1ebb c\u00e1c gi\u1ed1ng hoa h\u1ed3ng cao c\u1ea5p t\u1ea1i \u0110\u00e0 L\u1ea1t, trong \u0111\u00f3 gi\u1ed1ng Juliet lu\u00f4n l\u00e0 l\u1ef1a ch\u1ecdn \u0111\u01b0\u1ee3c kh\u00e1ch y\u00eau hoa \u201cs\u0103n \u0111\u00f3n\u201d h\u00e0ng \u0111\u1ea7u:<\/div>\n<div><\/div>\n<div>Cung c\u1ea5p hoa Juliet chu\u1ea9n gi\u1ed1ng, n\u1edf \u0111\u00fang form, \u0111\u1ed9 b\u1ec1n cao<\/div>\n<div><\/div>\n<div>Nh\u1eadn s\u1ec9 s\u1ed1 l\u01b0\u1ee3ng l\u1edbn cho c\u00e1c shop hoa, wedding planner, decor studio<\/div>\n<div><\/div>\n<div>H\u1ed7 tr\u1ee3 giao h\u00e0ng to\u00e0n qu\u1ed1c, ch\u1ed1t h\u00ecnh hoa th\u1eadt tr\u01b0\u1edbc khi giao<\/div>\n<div><\/div>\n<div>\ud83d\udce9 Inbox ngay cho GV Garden \u0111\u1ec3 \u0111\u1eb7t hoa Juliet \u0111\u1eb9p nh\u1ea5t h\u00f4m nay!<\/div>\n<h3><span class=\"ez-toc-section\" id=\"%e2%9c%85_ket_luan\"><\/span>\u2705 <strong>K\u1ebft lu\u1eadn<\/strong><span class=\"ez-toc-section-end\"><\/span><\/h3>\n<div>Hoa h\u1ed3ng Juliet \u0110\u00e0 L\u1ea1t l\u00e0 bi\u1ec3u t\u01b0\u1ee3ng ho\u00e0n h\u1ea3o c\u1ee7a t\u00ecnh y\u00eau d\u1ecbu d\u00e0ng, v\u1ebb \u0111\u1eb9p tinh t\u1ebf v\u00e0 gu th\u1ea9m m\u1ef9 qu\u00fd t\u1ed9c. N\u1ebfu b\u1ea1n \u0111ang t\u00ecm m\u1ed9t gi\u1ed1ng h\u1ed3ng mang l\u1ea1i c\u1ea3m x\u00fac s\u00e2u l\u1eafng v\u00e0 \u0111\u1ed9c \u0111\u00e1o \u2013 Juliet l\u00e0 l\u1ef1a ch\u1ecdn kh\u00f4ng th\u1ec3 b\u1ecf qua.<\/div>\n","protected":false},"excerpt":{"rendered":"<p>Hoa H\u1ed3ng Juliet \u0110\u00e0 L\u1ea1t \u2013 Bi\u1ec3u T\u01b0\u1ee3ng C\u1ee7a S\u1ef1 Thanh L\u1ecbch V\u00e0 Tinh T\u1ebf \ud83c\udf3f Gi\u1edbi thi\u1ec7u v\u1ec1 hoa h\u1ed3ng Juliet Hoa h\u1ed3ng Juliet l\u00e0 m\u1ed9t trong nh\u1eefng gi\u1ed1ng h\u1ed3ng Anh l\u1eebng danh c\u1ee7a d\u00f2ng David Austin, \u0111\u01b0\u1ee3c v\u00ed nh\u01b0 \u201cN\u1eef ho\u00e0ng hoa h\u1ed3ng n\u01b0\u1edbc Anh\u201d. Khi \u0111\u01b0\u1ee3c tr\u1ed3ng t\u1ea1i kh\u00ed h\u1eadu m\u00e1t l\u00e0nh [&#8230;]\n","protected":false},"featured_media":4413,"comment_status":"open","ping_status":"closed","template":"","meta":[],"product_brand":[],"product_cat":[298,273],"product_tag":[385,388,387,386,384,383],"class_list":{"0":"post-4360","1":"product","2":"type-product","3":"status-publish","4":"has-post-thumbnail","6":"product_cat-hoa-hong-da-lat-hoa-noi-dia-viet-nam-2","7":"product_cat-hoa-noi-dia-viet-nam","8":"product_tag-giong-hoa-juliet-david-austin","9":"product_tag-hoa-hong-cam-dao-da-lat","10":"product_tag-hoa-hong-juliet-cam-binh","11":"product_tag-hoa-hong-juliet-nhap-khau","12":"product_tag-hoa-hong-quy-toc","13":"product_tag-hoa-juliet-cam-dao","15":"first","16":"instock","17":"shipping-taxable","18":"product-type-simple"},"_links":{"self":[{"href":"https:\/\/gvgarden.asia\/index.php?rest_route=\/wp\/v2\/product\/4360","targetHints":{"allow":["GET"]}}],"collection":[{"href":"https:\/\/gvgarden.asia\/index.php?rest_route=\/wp\/v2\/product"}],"about":[{"href":"https:\/\/gvgarden.asia\/index.php?rest_route=\/wp\/v2\/types\/product"}],"replies":[{"embeddable":true,"href":"https:\/\/gvgarden.asia\/index.php?rest_route=%2Fwp%2Fv2%2Fcomments&post=4360"}],"version-history":[{"count":3,"href":"https:\/\/gvgarden.asia\/index.php?rest_route=\/wp\/v2\/product\/4360\/revisions"}],"predecessor-version":[{"id":5641,"href":"https:\/\/gvgarden.asia\/index.php?rest_route=\/wp\/v2\/product\/4360\/revisions\/5641"}],"wp:featuredmedia":[{"embeddable":true,"href":"https:\/\/gvgarden.asia\/index.php?rest_route=\/wp\/v2\/media\/4413"}],"wp:attachment":[{"href":"https:\/\/gvgarden.asia\/index.php?rest_route=%2Fwp%2Fv2%2Fmedia&parent=4360"}],"wp:term":[{"taxonomy":"product_brand","embeddable":true,"href":"https:\/\/gvgarden.asia\/index.php?rest_route=%2Fwp%2Fv2%2Fproduct_brand&post=4360"},{"taxonomy":"product_cat","embeddable":true,"href":"https:\/\/gvgarden.asia\/index.php?rest_route=%2Fwp%2Fv2%2Fproduct_cat&post=4360"},{"taxonomy":"product_tag","embeddable":true,"href":"https:\/\/gvgarden.asia\/index.php?rest_route=%2Fwp%2Fv2%2Fproduct_tag&post=4360"}],"curies":[{"name":"wp","href":"https:\/\/api.w.org\/{rel}","templated":true}]}}