{"id":4356,"date":"2025-07-19T12:43:42","date_gmt":"2025-07-19T05:43:42","guid":{"rendered":"https:\/\/gvgarden.asia\/?post_type=product&#038;p=4356"},"modified":"2025-09-15T17:29:35","modified_gmt":"2025-09-15T10:29:35","slug":"hoa-hong-ohara-do","status":"publish","type":"product","link":"https:\/\/gvgarden.asia\/?product=hoa-hong-ohara-do","title":{"rendered":"Hoa H\u1ed3ng Ohara \u0110\u1ecf"},"content":{"rendered":"<div id=\"ez-toc-container\" class=\"ez-toc-v2_0_76 counter-hierarchy ez-toc-counter ez-toc-grey ez-toc-container-direction\">\n<div class=\"ez-toc-title-container\">\n<p class=\"ez-toc-title\" style=\"cursor:inherit\">N\u1ed9i Dung B\u00e0i Vi\u1ebft<\/p>\n<span class=\"ez-toc-title-toggle\"><a href=\"#\" class=\"ez-toc-pull-right ez-toc-btn ez-toc-btn-xs ez-toc-btn-default ez-toc-toggle\" aria-label=\"Toggle Table of Content\"><span class=\"ez-toc-js-icon-con\"><span class=\"\"><span class=\"eztoc-hide\" style=\"display:none;\">Toggle<\/span><span class=\"ez-toc-icon-toggle-span\"><svg style=\"fill: #999;color:#999\" xmlns=\"http:\/\/www.w3.org\/2000\/svg\" class=\"list-377408\" width=\"20px\" height=\"20px\" viewBox=\"0 0 24 24\" fill=\"none\"><path d=\"M6 6H4v2h2V6zm14 0H8v2h12V6zM4 11h2v2H4v-2zm16 0H8v2h12v-2zM4 16h2v2H4v-2zm16 0H8v2h12v-2z\" fill=\"currentColor\"><\/path><\/svg><svg style=\"fill: #999;color:#999\" class=\"arrow-unsorted-368013\" xmlns=\"http:\/\/www.w3.org\/2000\/svg\" width=\"10px\" height=\"10px\" viewBox=\"0 0 24 24\" version=\"1.2\" baseProfile=\"tiny\"><path d=\"M18.2 9.3l-6.2-6.3-6.2 6.3c-.2.2-.3.4-.3.7s.1.5.3.7c.2.2.4.3.7.3h11c.3 0 .5-.1.7-.3.2-.2.3-.5.3-.7s-.1-.5-.3-.7zM5.8 14.7l6.2 6.3 6.2-6.3c.2-.2.3-.5.3-.7s-.1-.5-.3-.7c-.2-.2-.4-.3-.7-.3h-11c-.3 0-.5.1-.7.3-.2.2-.3.5-.3.7s.1.5.3.7z\"\/><\/svg><\/span><\/span><\/span><\/a><\/span><\/div>\n<nav><ul class='ez-toc-list ez-toc-list-level-1 eztoc-toggle-hide-by-default' ><li class='ez-toc-page-1 ez-toc-heading-level-2'><a class=\"ez-toc-link ez-toc-heading-1\" href=\"https:\/\/gvgarden.asia\/?product=hoa-hong-ohara-do\/#hoa_hong_ohara_do_da_lat_%e2%80%93_ve_dep_sang_trong_va_van_nguoi_me\" >Hoa H\u1ed3ng Ohara \u0110\u1ecf \u0110\u00e0 L\u1ea1t \u2013 V\u1ebb \u0110\u1eb9p Sang Tr\u1ecdng V\u00e0 V\u1ea1n Ng\u01b0\u1eddi M\u00ea<\/a><ul class='ez-toc-list-level-3' ><li class='ez-toc-heading-level-3'><a class=\"ez-toc-link ez-toc-heading-2\" href=\"https:\/\/gvgarden.asia\/?product=hoa-hong-ohara-do\/#%f0%9f%8c%bf_gioi_thieu_ve_hoa_hong_ohara_do\" >\ud83c\udf3f Gi\u1edbi thi\u1ec7u v\u1ec1 hoa h\u1ed3ng Ohara \u0111\u1ecf<\/a><\/li><li class='ez-toc-page-1 ez-toc-heading-level-3'><a class=\"ez-toc-link ez-toc-heading-3\" href=\"https:\/\/gvgarden.asia\/?product=hoa-hong-ohara-do\/#%f0%9f%8c%b8_y_nghia_cua_hoa_hong_ohara_do\" >\ud83c\udf38 \u00dd ngh\u0129a c\u1ee7a hoa h\u1ed3ng Ohara \u0111\u1ecf<\/a><ul class='ez-toc-list-level-4' ><li class='ez-toc-heading-level-4'><a class=\"ez-toc-link ez-toc-heading-4\" href=\"https:\/\/gvgarden.asia\/?product=hoa-hong-ohara-do\/#%f0%9f%92%96_bieu_tuong_cua_tinh_yeu_vinh_cuu_va_long_thuy_chung\" >\ud83d\udc96 Bi\u1ec3u t\u01b0\u1ee3ng c\u1ee7a t\u00ecnh y\u00eau v\u0129nh c\u1eedu v\u00e0 l\u00f2ng th\u1ee7y chung<\/a><\/li><li class='ez-toc-page-1 ez-toc-heading-level-4'><a class=\"ez-toc-link ez-toc-heading-5\" href=\"https:\/\/gvgarden.asia\/?product=hoa-hong-ohara-do\/#%f0%9f%8e%a9_dai_dien_cho_dang_cap_va_su_quyen_luc\" >\ud83c\udfa9 \u0110\u1ea1i di\u1ec7n cho \u0111\u1eb3ng c\u1ea5p v\u00e0 s\u1ef1 quy\u1ec1n l\u1ef1c<\/a><\/li><\/ul><\/li><li class='ez-toc-page-1 ez-toc-heading-level-3'><a class=\"ez-toc-link ez-toc-heading-6\" href=\"https:\/\/gvgarden.asia\/?product=hoa-hong-ohara-do\/#%f0%9f%8c%bc_dac_diem_noi_bat_cua_hoa_hong_ohara_do_da_lat\" >\ud83c\udf3c \u0110\u1eb7c \u0111i\u1ec3m n\u1ed5i b\u1eadt c\u1ee7a hoa h\u1ed3ng Ohara \u0111\u1ecf \u0110\u00e0 L\u1ea1t<\/a><ul class='ez-toc-list-level-4' ><li class='ez-toc-heading-level-4'><a class=\"ez-toc-link ez-toc-heading-7\" href=\"https:\/\/gvgarden.asia\/?product=hoa-hong-ohara-do\/#%f0%9f%8c%88_mau_do_nhung_tram_%e2%80%93_loi_cuon_va_thanh_lich\" >\ud83c\udf08 M\u00e0u \u0111\u1ecf nhung tr\u1ea7m \u2013 l\u00f4i cu\u1ed1n v\u00e0 thanh l\u1ecbch<\/a><\/li><li class='ez-toc-page-1 ez-toc-heading-level-4'><a class=\"ez-toc-link ez-toc-heading-8\" href=\"https:\/\/gvgarden.asia\/?product=hoa-hong-ohara-do\/#%f0%9f%8c%b9_bong_lon_nhieu_lop_canh_do_mo_hoan_hao\" >\ud83c\udf39 B\u00f4ng l\u1edbn, nhi\u1ec1u l\u1edbp c\u00e1nh, \u0111\u1ed9 m\u1edf ho\u00e0n h\u1ea3o<\/a><\/li><li class='ez-toc-page-1 ez-toc-heading-level-4'><a class=\"ez-toc-link ez-toc-heading-9\" href=\"https:\/\/gvgarden.asia\/?product=hoa-hong-ohara-do\/#%f0%9f%8c%b8_huong_thom_ngot_ngao_%e2%80%93_khac_biet_hoan_toan\" >\ud83c\udf38 H\u01b0\u01a1ng th\u01a1m ng\u1ecdt ng\u00e0o \u2013 kh\u00e1c bi\u1ec7t ho\u00e0n to\u00e0n<\/a><\/li><li class='ez-toc-page-1 ez-toc-heading-level-4'><a class=\"ez-toc-link ez-toc-heading-10\" href=\"https:\/\/gvgarden.asia\/?product=hoa-hong-ohara-do\/#%f0%9f%8d%83_canh_khoe_ben_hoa_de_phoi\" >\ud83c\udf43 C\u00e0nh kh\u1ecfe, b\u1ec1n hoa, d\u1ec5 ph\u1ed1i<\/a><\/li><li class='ez-toc-page-1 ez-toc-heading-level-4'><a class=\"ez-toc-link ez-toc-heading-11\" href=\"https:\/\/gvgarden.asia\/?product=hoa-hong-ohara-do\/#%f0%9f%92%90_ung_dung_cua_hoa_hong_ohara_do_trong_doi_song\" >\ud83d\udc90 \u1ee8ng d\u1ee5ng c\u1ee7a hoa h\u1ed3ng Ohara \u0111\u1ecf trong \u0111\u1eddi s\u1ed1ng<\/a><\/li><li class='ez-toc-page-1 ez-toc-heading-level-4'><a class=\"ez-toc-link ez-toc-heading-12\" href=\"https:\/\/gvgarden.asia\/?product=hoa-hong-ohara-do\/#%f0%9f%92%8d_hoa_cuoi_cao_cap_%e2%80%93_loi_the_nguyen_vinh_hang\" >\ud83d\udc8d Hoa c\u01b0\u1edbi cao c\u1ea5p \u2013 l\u1eddi th\u1ec1 nguy\u1ec7n v\u0129nh h\u1eb1ng<\/a><\/li><li class='ez-toc-page-1 ez-toc-heading-level-4'><a class=\"ez-toc-link ez-toc-heading-13\" href=\"https:\/\/gvgarden.asia\/?product=hoa-hong-ohara-do\/#%f0%9f%8e%81_lam_hoa_bo_tang_sang_trong_dang_cap\" >\ud83c\udf81 L\u00e0m hoa b\u00f3 t\u1eb7ng sang tr\u1ecdng, \u0111\u1eb3ng c\u1ea5p<\/a><\/li><li class='ez-toc-page-1 ez-toc-heading-level-4'><a class=\"ez-toc-link ez-toc-heading-14\" href=\"https:\/\/gvgarden.asia\/?product=hoa-hong-ohara-do\/#%f0%9f%8f%a1_cam_binh_decor_khong_gian_song_cao_cap\" >\ud83c\udfe1 C\u1eafm b\u00ecnh decor kh\u00f4ng gian s\u1ed1ng cao c\u1ea5p<\/a><\/li><\/ul><\/li><li class='ez-toc-page-1 ez-toc-heading-level-3'><a class=\"ez-toc-link ez-toc-heading-15\" href=\"https:\/\/gvgarden.asia\/?product=hoa-hong-ohara-do\/#%f0%9f%9b%92_mua_hoa_hong_ohara_do_da_lat_o_dau_uy_tin\" >\ud83d\uded2 Mua hoa h\u1ed3ng Ohara \u0111\u1ecf \u0110\u00e0 L\u1ea1t \u1edf \u0111\u00e2u uy t\u00edn?<\/a><\/li><li class='ez-toc-page-1 ez-toc-heading-level-3'><a class=\"ez-toc-link ez-toc-heading-16\" href=\"https:\/\/gvgarden.asia\/?product=hoa-hong-ohara-do\/#%e2%9c%85_ket_luan\" >\u2705 K\u1ebft lu\u1eadn<\/a><\/li><\/ul><\/li><\/ul><\/nav><\/div>\n<h2><span class=\"ez-toc-section\" id=\"hoa_hong_ohara_do_da_lat_%e2%80%93_ve_dep_sang_trong_va_van_nguoi_me\"><\/span><strong>Hoa H\u1ed3ng Ohara \u0110\u1ecf \u0110\u00e0 L\u1ea1t \u2013 V\u1ebb \u0110\u1eb9p Sang Tr\u1ecdng V\u00e0 V\u1ea1n Ng\u01b0\u1eddi M\u00ea<\/strong><span class=\"ez-toc-section-end\"><\/span><\/h2>\n<h3><span class=\"ez-toc-section\" id=\"%f0%9f%8c%bf_gioi_thieu_ve_hoa_hong_ohara_do\"><\/span>\ud83c\udf3f <strong>Gi\u1edbi thi\u1ec7u v\u1ec1 hoa h\u1ed3ng Ohara \u0111\u1ecf<\/strong><span class=\"ez-toc-section-end\"><\/span><\/h3>\n<div>Hoa h\u1ed3ng Ohara \u0111\u1ecf l\u00e0 m\u1ed9t trong nh\u1eefng gi\u1ed1ng hoa h\u1ed3ng nh\u1eadp kh\u1ea9u cao c\u1ea5p \u0111\u01b0\u1ee3c tr\u1ed3ng th\u00e0nh c\u00f4ng t\u1ea1i \u0110\u00e0 L\u1ea1t. \u0110\u01b0\u1ee3c m\u1ec7nh danh l\u00e0 \u201cn\u1eef ho\u00e0ng \u0111\u1ecf nhung\u201d trong th\u1ebf gi\u1edbi hoa h\u1ed3ng, Ohara \u0111\u1ecf chinh ph\u1ee5c ng\u01b0\u1eddi y\u00eau hoa b\u1edfi form b\u00f4ng to tr\u00f2n, m\u00e0u \u0111\u1ecf m\u1ecbn \u0111\u1eadm nh\u01b0 nhung v\u00e0 h\u01b0\u01a1ng th\u01a1m ng\u1ecdt ng\u00e0o \u0111\u1eb7c tr\u01b0ng.<\/div>\n<div><\/div>\n<div>Kh\u00f4ng ch\u1ec9 l\u00e0 l\u1ef1a ch\u1ecdn h\u00e0ng \u0111\u1ea7u cho hoa c\u01b0\u1edbi, hoa s\u1ef1 ki\u1ec7n cao c\u1ea5p, gi\u1ed1ng hoa n\u00e0y c\u00f2n \u0111\u01b0\u1ee3c s\u0103n \u0111\u00f3n b\u1edfi c\u00e1c studio, shop hoa ngh\u1ec7 thu\u1eadt, v\u00e0 gi\u1edbi decor chuy\u00ean nghi\u1ec7p nh\u1edd \u0111\u1ed9 b\u1ec1n cao, t\u00ednh \u1ee9ng d\u1ee5ng linh ho\u1ea1t.<\/div>\n<h3><span class=\"ez-toc-section\" id=\"%f0%9f%8c%b8_y_nghia_cua_hoa_hong_ohara_do\"><\/span>\ud83c\udf38 <strong>\u00dd ngh\u0129a c\u1ee7a hoa h\u1ed3ng Ohara \u0111\u1ecf<\/strong><span class=\"ez-toc-section-end\"><\/span><\/h3>\n<h4><span class=\"ez-toc-section\" id=\"%f0%9f%92%96_bieu_tuong_cua_tinh_yeu_vinh_cuu_va_long_thuy_chung\"><\/span>\ud83d\udc96 <strong>Bi\u1ec3u t\u01b0\u1ee3ng c\u1ee7a t\u00ecnh y\u00eau v\u0129nh c\u1eedu v\u00e0 l\u00f2ng th\u1ee7y chung<\/strong><span class=\"ez-toc-section-end\"><\/span><\/h4>\n<div>M\u00e0u \u0111\u1ecf nhung s\u00e2u l\u1eafng t\u01b0\u1ee3ng tr\u01b0ng cho:<\/div>\n<div>T\u00ecnh y\u00eau n\u1ed3ng n\u00e0n, b\u1ea5t di\u1ec7t<\/div>\n<div>L\u00f2ng th\u1ee7y chung v\u00e0 s\u1ef1 t\u1eadn t\u1ee5y trong t\u00ecnh c\u1ea3m<\/div>\n<div><\/div>\n<div>V\u00ec th\u1ebf, Ohara \u0111\u1ecf th\u01b0\u1eddng \u0111\u01b0\u1ee3c ch\u1ecdn \u0111\u1ec3 t\u1eb7ng ng\u01b0\u1eddi y\u00eau, b\u1ea1n \u0111\u1eddi ho\u1eb7c d\u00f9ng trong l\u1ec5 c\u01b0\u1edbi \u0111\u1ec3 th\u1ec3 hi\u1ec7n l\u1eddi h\u1ee9a g\u1eafn b\u00f3 tr\u1ecdn \u0111\u1eddi.<\/div>\n<h4><span class=\"ez-toc-section\" id=\"%f0%9f%8e%a9_dai_dien_cho_dang_cap_va_su_quyen_luc\"><\/span>\ud83c\udfa9 <strong>\u0110\u1ea1i di\u1ec7n cho \u0111\u1eb3ng c\u1ea5p v\u00e0 s\u1ef1 quy\u1ec1n l\u1ef1c<\/strong><span class=\"ez-toc-section-end\"><\/span><\/h4>\n<div>Kh\u00f4ng ch\u1ec9 mang t\u00ednh bi\u1ec3u t\u01b0\u1ee3ng trong t\u00ecnh y\u00eau, Ohara \u0111\u1ecf c\u00f2n th\u1ec3 hi\u1ec7n:<\/div>\n<div>S\u1ef1 qu\u00fd ph\u00e1i, quy\u1ec1n l\u1ef1c v\u00e0 sang tr\u1ecdng<\/div>\n<div><\/div>\n<div>L\u00e0 l\u1ef1a ch\u1ecdn ho\u00e0n h\u1ea3o \u0111\u1ec3 t\u1eb7ng c\u1ea5p tr\u00ean, \u0111\u1ed1i t\u00e1c quan tr\u1ecdng ho\u1eb7c trang tr\u00ed nh\u1eefng kh\u00f4ng gian cao c\u1ea5p nh\u01b0 kh\u00e1ch s\u1ea1n, showroom, s\u1ef1 ki\u1ec7n doanh nghi\u1ec7p<\/div>\n<div><\/div>\n<h3><span class=\"ez-toc-section\" id=\"%f0%9f%8c%bc_dac_diem_noi_bat_cua_hoa_hong_ohara_do_da_lat\"><\/span>\ud83c\udf3c <strong>\u0110\u1eb7c \u0111i\u1ec3m n\u1ed5i b\u1eadt c\u1ee7a hoa h\u1ed3ng Ohara \u0111\u1ecf \u0110\u00e0 L\u1ea1t<\/strong><span class=\"ez-toc-section-end\"><\/span><\/h3>\n<h4><span class=\"ez-toc-section\" id=\"%f0%9f%8c%88_mau_do_nhung_tram_%e2%80%93_loi_cuon_va_thanh_lich\"><\/span>\ud83c\udf08 <strong>M\u00e0u \u0111\u1ecf nhung tr\u1ea7m \u2013 l\u00f4i cu\u1ed1n v\u00e0 thanh l\u1ecbch<\/strong><span class=\"ez-toc-section-end\"><\/span><\/h4>\n<div>S\u1eafc \u0111\u1ecf \u0111\u1eadm nh\u01b0 r\u01b0\u1ee3u vang, kh\u00f4ng ch\u00f3i nh\u01b0ng v\u1eabn n\u1ed5i b\u1eadt<\/div>\n<div>M\u1ecbn m\u00e0ng, g\u1ee3i c\u1ea3m v\u00e0 thu h\u00fat \u00e1nh nh\u00ecn<\/div>\n<div>T\u1ea1o n\u00ean s\u1ef1 sang tr\u1ecdng v\u00e0 chi\u1ec1u s\u00e2u cho b\u1ea5t k\u1ef3 b\u00f3 hoa hay kh\u00f4ng gian n\u00e0o<\/div>\n<div><\/div>\n<h4><span class=\"ez-toc-section\" id=\"%f0%9f%8c%b9_bong_lon_nhieu_lop_canh_do_mo_hoan_hao\"><\/span>\ud83c\udf39 <strong>B\u00f4ng l\u1edbn, nhi\u1ec1u l\u1edbp c\u00e1nh, \u0111\u1ed9 m\u1edf ho\u00e0n h\u1ea3o<\/strong><span class=\"ez-toc-section-end\"><\/span><\/h4>\n<div>\u0110\u01b0\u1eddng k\u00ednh b\u00f4ng l\u00ean \u0111\u1ebfn 10\u201312 cm<\/div>\n<div>Form tr\u00f2n \u0111\u1ec1u, x\u1ebfp c\u00e1nh theo ki\u1ec3u rosette d\u00e0y \u0111\u1eb7c<\/div>\n<div>Khi n\u1edf t\u1ed1i \u0111a v\u1eabn gi\u1eef \u0111\u01b0\u1ee3c form v\u00e0 m\u00e0u, kh\u00f4ng b\u1ecb \u201cx\u00f2e x\u1ea5u\u201d<\/div>\n<h4><span class=\"ez-toc-section\" id=\"%f0%9f%8c%b8_huong_thom_ngot_ngao_%e2%80%93_khac_biet_hoan_toan\"><\/span>\ud83c\udf38 <strong>H\u01b0\u01a1ng th\u01a1m ng\u1ecdt ng\u00e0o \u2013 kh\u00e1c bi\u1ec7t ho\u00e0n to\u00e0n<\/strong><span class=\"ez-toc-section-end\"><\/span><\/h4>\n<div>M\u1ed9t trong nh\u1eefng \u0111i\u1ec3m khi\u1ebfn Ohara \u0111\u1ecf \u0111\u01b0\u1ee3c x\u1ebfp v\u00e0o h\u00e0ng \u201choa h\u1ed3ng c\u00f3 m\u00f9i th\u01a1m nh\u1ea5t\u201d ch\u00ednh l\u00e0:<\/div>\n<div>H\u01b0\u01a1ng th\u01a1m ng\u1ecdt d\u1ecbu, quy\u1ebfn r\u0169, d\u1ec5 lan t\u1ecfa<\/div>\n<div>Khi \u0111\u1eb7t trong ph\u00f2ng k\u00edn, m\u00f9i th\u01a1m c\u1ee7a Ohara \u0111\u1ecf c\u00f3 th\u1ec3 lan kh\u1eafp kh\u00f4ng gian<\/div>\n<h4><span class=\"ez-toc-section\" id=\"%f0%9f%8d%83_canh_khoe_ben_hoa_de_phoi\"><\/span>\ud83c\udf43 <strong>C\u00e0nh kh\u1ecfe, b\u1ec1n hoa, d\u1ec5 ph\u1ed1i<\/strong><span class=\"ez-toc-section-end\"><\/span><\/h4>\n<div>Th\u00e2n c\u1ee9ng, th\u1eb3ng, \u00edt ga<\/div>\n<div>Th\u1eddi gian t\u01b0\u01a1i k\u00e9o d\u00e0i t\u1eeb 5\u20137 ng\u00e0y (c\u00f3 th\u1ec3 h\u01a1n n\u1ebfu b\u1ea3o qu\u1ea3n l\u1ea1nh \u0111\u00fang c\u00e1ch)<\/div>\n<div>Ph\u1ed1i h\u1ee3p d\u1ec5 d\u00e0ng v\u1edbi c\u00e1c gi\u1ed1ng h\u1ed3ng tr\u1eafng, baby, l\u00e1 b\u1ea1c, c\u00fac m\u1eabu \u0111\u01a1n\u2026<\/div>\n<h4><span class=\"ez-toc-section\" id=\"%f0%9f%92%90_ung_dung_cua_hoa_hong_ohara_do_trong_doi_song\"><\/span>\ud83d\udc90 <strong>\u1ee8ng d\u1ee5ng c\u1ee7a hoa h\u1ed3ng Ohara \u0111\u1ecf trong \u0111\u1eddi s\u1ed1ng<\/strong><span class=\"ez-toc-section-end\"><\/span><\/h4>\n<h4><span class=\"ez-toc-section\" id=\"%f0%9f%92%8d_hoa_cuoi_cao_cap_%e2%80%93_loi_the_nguyen_vinh_hang\"><\/span>\ud83d\udc8d <strong>Hoa c\u01b0\u1edbi cao c\u1ea5p \u2013 l\u1eddi th\u1ec1 nguy\u1ec7n v\u0129nh h\u1eb1ng<\/strong><span class=\"ez-toc-section-end\"><\/span><\/h4>\n<div>Kh\u00f4ng m\u1ed9t gi\u1ed1ng hoa n\u00e0o th\u1ec3 hi\u1ec7n l\u1eddi th\u1ec1 nguy\u1ec7n t\u00ecnh y\u00eau tr\u1ecdn v\u1eb9n h\u01a1n hoa h\u1ed3ng Ohara \u0111\u1ecf:<\/div>\n<div>\u0110\u01b0\u1ee3c ch\u1ecdn l\u00e0m hoa c\u1ea7m tay c\u00f4 d\u00e2u, v\u00f2ng hoa \u0111\u1ea7u, hoa b\u00e0n c\u01b0\u1edbi<\/div>\n<div>T\u00f4 \u0111i\u1ec3m cho backdrop l\u1ec5 c\u01b0\u1edbi, hoa xe hoa ho\u1eb7c v\u00f2m c\u01b0\u1edbi<\/div>\n<div>S\u1ef1 xu\u1ea5t hi\u1ec7n c\u1ee7a Ohara \u0111\u1ecf gi\u00fap bu\u1ed5i l\u1ec5 n\u00e2ng t\u1ea7m \u0111\u1eb3ng c\u1ea5p v\u00e0 tr\u1edf n\u00ean \u0111\u00e1ng nh\u1edb h\u01a1n bao gi\u1edd h\u1ebft.<\/div>\n<div><\/div>\n<h4><span class=\"ez-toc-section\" id=\"%f0%9f%8e%81_lam_hoa_bo_tang_sang_trong_dang_cap\"><\/span>\ud83c\udf81 <strong>L\u00e0m hoa b\u00f3 t\u1eb7ng sang tr\u1ecdng, \u0111\u1eb3ng c\u1ea5p<\/strong><span class=\"ez-toc-section-end\"><\/span><\/h4>\n<div>V\u1edbi s\u1eafc \u0111\u1ecf sang tr\u1ecdng, Ohara \u0111\u1ecf r\u1ea5t ph\u00f9 h\u1ee3p \u0111\u1ec3 l\u00e0m qu\u00e0 t\u1eb7ng trong c\u00e1c d\u1ecbp:<\/div>\n<div><\/div>\n<div>Ng\u00e0y l\u1ec5 t\u00ecnh nh\u00e2n, sinh nh\u1eadt, k\u1ef7 ni\u1ec7m ng\u00e0y c\u01b0\u1edbi<\/div>\n<div><\/div>\n<div>T\u1eb7ng s\u1ebfp n\u1eef, kh\u00e1ch VIP ho\u1eb7c t\u1eb7ng ng\u01b0\u1eddi ph\u1ee5 n\u1eef \u0111\u1eb7c bi\u1ec7t trong \u0111\u1eddi<\/div>\n<div><\/div>\n<div>S\u1ef1 hi\u1ec7n di\u1ec7n c\u1ee7a Ohara \u0111\u1ecf kh\u00f4ng ch\u1ec9 n\u00f3i l\u00ean l\u1eddi y\u00eau th\u01b0\u01a1ng m\u00e0 c\u00f2n l\u00e0 m\u1ed9t l\u1eddi kh\u1eb3ng \u0111\u1ecbnh: &#8220;B\u1ea1n x\u1ee9ng \u0111\u00e1ng v\u1edbi nh\u1eefng \u0111i\u1ec1u tinh t\u1ebf nh\u1ea5t.&#8221;<\/div>\n<div><\/div>\n<h4><span class=\"ez-toc-section\" id=\"%f0%9f%8f%a1_cam_binh_decor_khong_gian_song_cao_cap\"><\/span>\ud83c\udfe1 <strong>C\u1eafm b\u00ecnh decor kh\u00f4ng gian s\u1ed1ng cao c\u1ea5p<\/strong><span class=\"ez-toc-section-end\"><\/span><\/h4>\n<div>Ch\u1ec9 c\u1ea7n m\u1ed9t v\u00e0i b\u00f4ng Ohara \u0111\u1ecf trong l\u1ecd pha l\u00ea l\u00e0 \u0111\u1ee7 \u0111\u1ec3:<\/div>\n<div><\/div>\n<div>L\u00e0m n\u1ed5i b\u1eadt kh\u00f4ng gian ph\u00f2ng kh\u00e1ch, b\u00e0n \u0103n hay s\u1ea3nh ch\u1edd<\/div>\n<div><\/div>\n<div>T\u1ea1o \u0111i\u1ec3m nh\u1ea5n trong c\u00e1c kh\u00f4ng gian n\u1ed9i th\u1ea5t t\u00f4ng tr\u1ea7m \u2013 sang<\/div>\n<div><\/div>\n<div>Ngo\u00e0i ra, Ohara \u0111\u1ecf c\u0169ng l\u00e0 l\u1ef1a ch\u1ecdn l\u00fd t\u01b0\u1edfng \u0111\u1ec3 ch\u1ee5p \u1ea3nh ngh\u1ec7 thu\u1eadt, thi\u1ebft k\u1ebf kh\u00f4ng gian luxury ho\u1eb7c set up b\u00e0n ti\u1ec7c.<\/div>\n<div><\/div>\n<h3><span class=\"ez-toc-section\" id=\"%f0%9f%9b%92_mua_hoa_hong_ohara_do_da_lat_o_dau_uy_tin\"><\/span>\ud83d\uded2 <strong>Mua hoa h\u1ed3ng Ohara \u0111\u1ecf \u0110\u00e0 L\u1ea1t \u1edf \u0111\u00e2u uy t\u00edn?<\/strong><span class=\"ez-toc-section-end\"><\/span><\/h3>\n<div>GV Garden l\u00e0 nh\u00e0 cung c\u1ea5p hoa h\u1ed3ng Ohara \u0111\u1ecf \u0110\u00e0 L\u1ea1t chu\u1ea9n gi\u1ed1ng, form \u0111\u1eb9p, m\u00e0u chu\u1ea9n, h\u01b0\u01a1ng th\u01a1m ng\u1ecdt ph\u1ee5c v\u1ee5 c\u1ea3 kh\u00e1ch s\u1ec9 v\u00e0 l\u1ebb to\u00e0n qu\u1ed1c.<\/div>\n<div><\/div>\n<div>\ud83d\udd11 \u01afu \u0111i\u1ec3m khi \u0111\u1eb7t hoa t\u1ea1i GV Garden:<\/div>\n<div>Hoa tr\u1ed3ng v\u00e0 c\u1eaft t\u1ea1i v\u01b0\u1eddn \u0110\u00e0 L\u1ea1t \u2013 \u0111\u1ea3m b\u1ea3o \u0111\u1ed9 t\u01b0\u01a1i m\u1edbi<\/div>\n<div><\/div>\n<div>\u0110\u1eb7t hoa theo s\u1ed1 l\u01b0\u1ee3ng ho\u1eb7c theo b\u00f3 theo y\u00eau c\u1ea7u<\/div>\n<div><\/div>\n<div>Giao hoa nhanh, \u0111\u00f3ng g\u00f3i chuy\u00ean nghi\u1ec7p cho \u0111\u01a1n h\u00e0ng \u0111i t\u1ec9nh<\/div>\n<div><\/div>\n<div>C\u00f3 ch\u00ednh s\u00e1ch \u01b0u \u0111\u00e3i cho kh\u00e1ch s\u1ec9, wedding planner, studio \u1ea3nh<\/div>\n<div><\/div>\n<div>\ud83d\udcde Inbox ho\u1eb7c g\u1ecdi ngay cho GV Garden \u0111\u1ec3 \u0111\u01b0\u1ee3c t\u01b0 v\u1ea5n m\u1eabu hoa Ohara \u0111\u1ecf \u0111\u1eb9p nh\u1ea5t h\u00f4m nay!<\/div>\n<h3><span class=\"ez-toc-section\" id=\"%e2%9c%85_ket_luan\"><\/span>\u2705 <strong>K\u1ebft lu\u1eadn<\/strong><span class=\"ez-toc-section-end\"><\/span><\/h3>\n<div>Hoa h\u1ed3ng Ohara \u0111\u1ecf \u0110\u00e0 L\u1ea1t kh\u00f4ng ch\u1ec9 \u0111\u01a1n thu\u1ea7n l\u00e0 m\u1ed9t gi\u1ed1ng hoa \u0111\u1eb9p, m\u00e0 c\u00f2n l\u00e0 bi\u1ec3u t\u01b0\u1ee3ng cho t\u00ecnh y\u00eau, s\u1ef1 sang tr\u1ecdng v\u00e0 \u0111\u1eb3ng c\u1ea5p. V\u1edbi form b\u00f4ng l\u1edbn, s\u1eafc \u0111\u1ecf nhung qu\u00fd ph\u00e1i v\u00e0 m\u00f9i th\u01a1m quy\u1ebfn r\u0169, Ohara \u0111\u1ecf x\u1ee9ng \u0111\u00e1ng l\u00e0 l\u1ef1a ch\u1ecdn s\u1ed1 1 cho nh\u1eefng ai y\u00eau c\u00e1i \u0111\u1eb9p m\u1ed9t c\u00e1ch tr\u1ecdn v\u1eb9n.<\/div>\n","protected":false},"excerpt":{"rendered":"<p>Hoa H\u1ed3ng Ohara \u0110\u1ecf \u0110\u00e0 L\u1ea1t \u2013 V\u1ebb \u0110\u1eb9p Sang Tr\u1ecdng V\u00e0 V\u1ea1n Ng\u01b0\u1eddi M\u00ea \ud83c\udf3f Gi\u1edbi thi\u1ec7u v\u1ec1 hoa h\u1ed3ng Ohara \u0111\u1ecf Hoa h\u1ed3ng Ohara \u0111\u1ecf l\u00e0 m\u1ed9t trong nh\u1eefng gi\u1ed1ng hoa h\u1ed3ng nh\u1eadp kh\u1ea9u cao c\u1ea5p \u0111\u01b0\u1ee3c tr\u1ed3ng th\u00e0nh c\u00f4ng t\u1ea1i \u0110\u00e0 L\u1ea1t. \u0110\u01b0\u1ee3c m\u1ec7nh danh l\u00e0 \u201cn\u1eef ho\u00e0ng \u0111\u1ecf nhung\u201d trong th\u1ebf [&#8230;]\n","protected":false},"featured_media":5802,"comment_status":"open","ping_status":"closed","template":"","meta":[],"product_brand":[],"product_cat":[273,298],"product_tag":[374,376,373,372,375],"class_list":{"0":"post-4356","1":"product","2":"type-product","3":"status-publish","4":"has-post-thumbnail","6":"product_cat-hoa-noi-dia-viet-nam","7":"product_cat-hoa-hong-da-lat-hoa-noi-dia-viet-nam-2","8":"product_tag-giong-hong-ohara-do-nhap-khau","9":"product_tag-hoa-cuoi-ohara-do","10":"product_tag-hoa-hong-do-nhung-da-lat","11":"product_tag-hoa-hong-do-ohara","12":"product_tag-hong-do-canh-kep-da-lat","14":"first","15":"instock","16":"shipping-taxable","17":"product-type-simple"},"_links":{"self":[{"href":"https:\/\/gvgarden.asia\/index.php?rest_route=\/wp\/v2\/product\/4356","targetHints":{"allow":["GET"]}}],"collection":[{"href":"https:\/\/gvgarden.asia\/index.php?rest_route=\/wp\/v2\/product"}],"about":[{"href":"https:\/\/gvgarden.asia\/index.php?rest_route=\/wp\/v2\/types\/product"}],"replies":[{"embeddable":true,"href":"https:\/\/gvgarden.asia\/index.php?rest_route=%2Fwp%2Fv2%2Fcomments&post=4356"}],"version-history":[{"count":3,"href":"https:\/\/gvgarden.asia\/index.php?rest_route=\/wp\/v2\/product\/4356\/revisions"}],"predecessor-version":[{"id":5637,"href":"https:\/\/gvgarden.asia\/index.php?rest_route=\/wp\/v2\/product\/4356\/revisions\/5637"}],"wp:featuredmedia":[{"embeddable":true,"href":"https:\/\/gvgarden.asia\/index.php?rest_route=\/wp\/v2\/media\/5802"}],"wp:attachment":[{"href":"https:\/\/gvgarden.asia\/index.php?rest_route=%2Fwp%2Fv2%2Fmedia&parent=4356"}],"wp:term":[{"taxonomy":"product_brand","embeddable":true,"href":"https:\/\/gvgarden.asia\/index.php?rest_route=%2Fwp%2Fv2%2Fproduct_brand&post=4356"},{"taxonomy":"product_cat","embeddable":true,"href":"https:\/\/gvgarden.asia\/index.php?rest_route=%2Fwp%2Fv2%2Fproduct_cat&post=4356"},{"taxonomy":"product_tag","embeddable":true,"href":"https:\/\/gvgarden.asia\/index.php?rest_route=%2Fwp%2Fv2%2Fproduct_tag&post=4356"}],"curies":[{"name":"wp","href":"https:\/\/api.w.org\/{rel}","templated":true}]}}