{"id":4353,"date":"2025-07-19T12:43:41","date_gmt":"2025-07-19T05:43:41","guid":{"rendered":"https:\/\/gvgarden.asia\/?post_type=product&#038;p=4353"},"modified":"2025-09-19T15:45:42","modified_gmt":"2025-09-19T08:45:42","slug":"hoa-hong-victo","status":"publish","type":"product","link":"https:\/\/gvgarden.asia\/?product=hoa-hong-victo","title":{"rendered":"Hoa H\u1ed3ng Victo"},"content":{"rendered":"<div id=\"ez-toc-container\" class=\"ez-toc-v2_0_76 counter-hierarchy ez-toc-counter ez-toc-grey ez-toc-container-direction\">\n<div class=\"ez-toc-title-container\">\n<p class=\"ez-toc-title\" style=\"cursor:inherit\">N\u1ed9i Dung B\u00e0i Vi\u1ebft<\/p>\n<span class=\"ez-toc-title-toggle\"><a href=\"#\" class=\"ez-toc-pull-right ez-toc-btn ez-toc-btn-xs ez-toc-btn-default ez-toc-toggle\" aria-label=\"Toggle Table of Content\"><span class=\"ez-toc-js-icon-con\"><span class=\"\"><span class=\"eztoc-hide\" style=\"display:none;\">Toggle<\/span><span class=\"ez-toc-icon-toggle-span\"><svg style=\"fill: #999;color:#999\" xmlns=\"http:\/\/www.w3.org\/2000\/svg\" class=\"list-377408\" width=\"20px\" height=\"20px\" viewBox=\"0 0 24 24\" fill=\"none\"><path d=\"M6 6H4v2h2V6zm14 0H8v2h12V6zM4 11h2v2H4v-2zm16 0H8v2h12v-2zM4 16h2v2H4v-2zm16 0H8v2h12v-2z\" fill=\"currentColor\"><\/path><\/svg><svg style=\"fill: #999;color:#999\" class=\"arrow-unsorted-368013\" xmlns=\"http:\/\/www.w3.org\/2000\/svg\" width=\"10px\" height=\"10px\" viewBox=\"0 0 24 24\" version=\"1.2\" baseProfile=\"tiny\"><path d=\"M18.2 9.3l-6.2-6.3-6.2 6.3c-.2.2-.3.4-.3.7s.1.5.3.7c.2.2.4.3.7.3h11c.3 0 .5-.1.7-.3.2-.2.3-.5.3-.7s-.1-.5-.3-.7zM5.8 14.7l6.2 6.3 6.2-6.3c.2-.2.3-.5.3-.7s-.1-.5-.3-.7c-.2-.2-.4-.3-.7-.3h-11c-.3 0-.5.1-.7.3-.2.2-.3.5-.3.7s.1.5.3.7z\"\/><\/svg><\/span><\/span><\/span><\/a><\/span><\/div>\n<nav><ul class='ez-toc-list ez-toc-list-level-1 eztoc-toggle-hide-by-default' ><li class='ez-toc-page-1 ez-toc-heading-level-2'><a class=\"ez-toc-link ez-toc-heading-1\" href=\"https:\/\/gvgarden.asia\/?product=hoa-hong-victo\/#hoa_hong_victo_vang_da_lat_%e2%80%93_ve_dep_tinh_te_cho_moi_dip_quan_trong\" >Hoa H\u1ed3ng Victo V\u00e0ng \u0110\u00e0 L\u1ea1t \u2013 V\u1ebb \u0110\u1eb9p Tinh T\u1ebf Cho M\u1ecdi D\u1ecbp Quan Tr\u1ecdng<\/a><ul class='ez-toc-list-level-3' ><li class='ez-toc-heading-level-3'><a class=\"ez-toc-link ez-toc-heading-2\" href=\"https:\/\/gvgarden.asia\/?product=hoa-hong-victo\/#gioi_thieu_hoa_hong_victo_%e2%80%93_dong_hoa_cao_cap_tu_da_lat\" >Gi\u1edbi Thi\u1ec7u Hoa H\u1ed3ng Victo \u2013 D\u00f2ng Hoa Cao C\u1ea5p T\u1eeb \u0110\u00e0 L\u1ea1t<\/a><\/li><li class='ez-toc-page-1 ez-toc-heading-level-3'><a class=\"ez-toc-link ez-toc-heading-3\" href=\"https:\/\/gvgarden.asia\/?product=hoa-hong-victo\/#y_nghia_cua_hoa_hong_victo_vang_%e2%80%93_su_am_ap_va_cao_quy\" >\u00dd Ngh\u0129a C\u1ee7a Hoa H\u1ed3ng Victo V\u00e0ng \u2013 S\u1ef1 \u1ea4m \u00c1p V\u00e0 Cao Qu\u00fd<\/a><ul class='ez-toc-list-level-4' ><li class='ez-toc-heading-level-4'><a class=\"ez-toc-link ez-toc-heading-4\" href=\"https:\/\/gvgarden.asia\/?product=hoa-hong-victo\/#bieu_tuong_cua_tinh_than_va_hy_vong\" >Bi\u1ec3u T\u01b0\u1ee3ng C\u1ee7a T\u00ecnh Th\u00e2n V\u00e0 Hy V\u1ecdng<\/a><\/li><\/ul><\/li><li class='ez-toc-page-1 ez-toc-heading-level-3'><a class=\"ez-toc-link ez-toc-heading-5\" href=\"https:\/\/gvgarden.asia\/?product=hoa-hong-victo\/#dac_diem_noi_bat_cua_hoa_hong_victo\" >\u0110\u1eb7c \u0110i\u1ec3m N\u1ed5i B\u1eadt C\u1ee7a Hoa H\u1ed3ng Victo<\/a><ul class='ez-toc-list-level-4' ><li class='ez-toc-heading-level-4'><a class=\"ez-toc-link ez-toc-heading-6\" href=\"https:\/\/gvgarden.asia\/?product=hoa-hong-victo\/#canh_hoa_xoan_lop_day_va_deu\" >C\u00e1nh Hoa Xo\u1eafn L\u1edbp, D\u00e0y V\u00e0 \u0110\u1ec1u<\/a><\/li><li class='ez-toc-page-1 ez-toc-heading-level-4'><a class=\"ez-toc-link ez-toc-heading-7\" href=\"https:\/\/gvgarden.asia\/?product=hoa-hong-victo\/#mau_sac_vang_kem_thanh_nha\" >M\u00e0u S\u1eafc V\u00e0ng Kem Thanh Nh\u00e3<\/a><\/li><li class='ez-toc-page-1 ez-toc-heading-level-4'><a class=\"ez-toc-link ez-toc-heading-8\" href=\"https:\/\/gvgarden.asia\/?product=hoa-hong-victo\/#do_ben_uu_viet\" >\u0110\u1ed9 B\u1ec1n \u01afu Vi\u1ec7t<\/a><\/li><\/ul><\/li><li class='ez-toc-page-1 ez-toc-heading-level-3'><a class=\"ez-toc-link ez-toc-heading-9\" href=\"https:\/\/gvgarden.asia\/?product=hoa-hong-victo\/#ung_dung_cua_hoa_hong_victo_vang_trong_nghe_thuat_cam_hoa\" >\u1ee8ng D\u1ee5ng C\u1ee7a Hoa H\u1ed3ng Victo V\u00e0ng Trong Ngh\u1ec7 Thu\u1eadt C\u1eafm Hoa<\/a><ul class='ez-toc-list-level-4' ><li class='ez-toc-heading-level-4'><a class=\"ez-toc-link ez-toc-heading-10\" href=\"https:\/\/gvgarden.asia\/?product=hoa-hong-victo\/#su_dung_trong_hoa_cuoi_hoa_le_va_gio_hoa_tang\" >S\u1eed D\u1ee5ng Trong Hoa C\u01b0\u1edbi, Hoa L\u1ec5 V\u00e0 Gi\u1ecf Hoa T\u1eb7ng<\/a><\/li><li class='ez-toc-page-1 ez-toc-heading-level-4'><a class=\"ez-toc-link ez-toc-heading-11\" href=\"https:\/\/gvgarden.asia\/?product=hoa-hong-victo\/#de_phoi_hop_voi_cac_loai_hoa_khac\" >D\u1ec5 Ph\u1ed1i H\u1ee3p V\u1edbi C\u00e1c Lo\u00e0i Hoa Kh\u00e1c<\/a><\/li><li class='ez-toc-page-1 ez-toc-heading-level-4'><a class=\"ez-toc-link ez-toc-heading-12\" href=\"https:\/\/gvgarden.asia\/?product=hoa-hong-victo\/#ly_tuong_cho_khach_si_va_du_an_lon\" >L\u00fd T\u01b0\u1edfng Cho Kh\u00e1ch S\u1ec9 V\u00e0 D\u1ef1 \u00c1n L\u1edbn<\/a><\/li><\/ul><\/li><li class='ez-toc-page-1 ez-toc-heading-level-3'><a class=\"ez-toc-link ez-toc-heading-13\" href=\"https:\/\/gvgarden.asia\/?product=hoa-hong-victo\/#mua_hoa_hong_victo_o_dau_uy_tin_tai_viet_nam\" >Mua Hoa H\u1ed3ng Victo \u1ede \u0110\u00e2u Uy T\u00edn T\u1ea1i Vi\u1ec7t Nam?<\/a><\/li><\/ul><\/li><\/ul><\/nav><\/div>\n<h2><span class=\"ez-toc-section\" id=\"hoa_hong_victo_vang_da_lat_%e2%80%93_ve_dep_tinh_te_cho_moi_dip_quan_trong\"><\/span><strong>Hoa H\u1ed3ng Victo V\u00e0ng \u0110\u00e0 L\u1ea1t \u2013 V\u1ebb \u0110\u1eb9p Tinh T\u1ebf Cho M\u1ecdi D\u1ecbp Quan Tr\u1ecdng<\/strong><span class=\"ez-toc-section-end\"><\/span><\/h2>\n<h3><span class=\"ez-toc-section\" id=\"gioi_thieu_hoa_hong_victo_%e2%80%93_dong_hoa_cao_cap_tu_da_lat\"><\/span><strong>Gi\u1edbi Thi\u1ec7u Hoa H\u1ed3ng Victo \u2013 D\u00f2ng Hoa Cao C\u1ea5p T\u1eeb \u0110\u00e0 L\u1ea1t<\/strong><span class=\"ez-toc-section-end\"><\/span><\/h3>\n<div>Hoa h\u1ed3ng Victo v\u00e0ng l\u00e0 m\u1ed9t trong nh\u1eefng gi\u1ed1ng hoa h\u1ed3ng cao c\u1ea5p \u0111\u01b0\u1ee3c tr\u1ed3ng t\u1ea1i v\u00f9ng kh\u00ed h\u1eadu l\u00fd t\u01b0\u1edfng \u0110\u00e0 L\u1ea1t. V\u1edbi s\u1eafc v\u00e0ng kem nh\u1eb9 nh\u00e0ng, form b\u00f4ng tr\u00f2n, n\u1edf xo\u1eafn c\u00e1nh v\u00e0 \u0111\u1ed9 b\u1ec1n \u1ea5n t\u01b0\u1ee3ng, Victo lu\u00f4n l\u00e0 l\u1ef1a ch\u1ecdn h\u00e0ng \u0111\u1ea7u trong c\u00e1c d\u1ecbp trang tr\u1ecdng ho\u1eb7c \u0111\u1ec3 l\u00e0m qu\u00e0 t\u1eb7ng cao c\u1ea5p.<\/div>\n<div><\/div>\n<div>T\u1ea1i GV Garden, ch\u00fang t\u00f4i t\u1ef1 h\u00e0o cung c\u1ea5p hoa h\u1ed3ng Victo \u0110\u00e0 L\u1ea1t ch\u00ednh g\u1ed1c v\u1edbi ch\u1ea5t l\u01b0\u1ee3ng ki\u1ec3m \u0111\u1ecbnh v\u00e0 m\u00e0u s\u1eafc \u0111\u1ea1t chu\u1ea9n \u2013 gi\u00fap b\u1ea1n d\u1ec5 d\u00e0ng s\u00e1ng t\u1ea1o n\u00ean c\u00e1c m\u1eabu hoa ngh\u1ec7 thu\u1eadt \u0111\u1ea7y c\u1ea3m x\u00fac.<\/div>\n<h3><span class=\"ez-toc-section\" id=\"y_nghia_cua_hoa_hong_victo_vang_%e2%80%93_su_am_ap_va_cao_quy\"><\/span><strong>\u00dd Ngh\u0129a C\u1ee7a Hoa H\u1ed3ng Victo V\u00e0ng \u2013 S\u1ef1 \u1ea4m \u00c1p V\u00e0 Cao Qu\u00fd<\/strong><span class=\"ez-toc-section-end\"><\/span><\/h3>\n<h4><span class=\"ez-toc-section\" id=\"bieu_tuong_cua_tinh_than_va_hy_vong\"><\/span><strong>Bi\u1ec3u T\u01b0\u1ee3ng C\u1ee7a T\u00ecnh Th\u00e2n V\u00e0 Hy V\u1ecdng<\/strong><span class=\"ez-toc-section-end\"><\/span><\/h4>\n<div>Hoa h\u1ed3ng v\u00e0ng th\u01b0\u1eddng mang th\u00f4ng \u0111i\u1ec7p c\u1ee7a t\u00ecnh th\u00e2n, s\u1ef1 \u1ea5m \u00e1p v\u00e0 ni\u1ec1m vui. Ri\u00eang v\u1edbi m\u00e0u v\u00e0ng kem tinh t\u1ebf nh\u01b0 c\u1ee7a hoa Victo, \u0111\u00f3 c\u00f2n l\u00e0 l\u1eddi ch\u00fac thanh cao, sang tr\u1ecdng v\u00e0 thu\u1ea7n khi\u1ebft \u2013 r\u1ea5t ph\u00f9 h\u1ee3p \u0111\u1ec3 t\u1eb7ng cho ng\u01b0\u1eddi th\u00e2n, \u0111\u1ed3ng nghi\u1ec7p ho\u1eb7c trong c\u00e1c d\u1ecbp khai tr\u01b0\u01a1ng, l\u1ec5 c\u01b0\u1edbi.<\/div>\n<div><\/div>\n<div>H3: M\u00e0u S\u1eafc T\u00f4n Vinh N\u0103ng L\u01b0\u1ee3ng T\u00edch C\u1ef1c<\/div>\n<div>S\u1eafc v\u00e0ng nh\u1ea1t c\u1ee7a hoa Victo mang l\u1ea1i c\u1ea3m gi\u00e1c th\u01b0 th\u00e1i, l\u1ea1c quan v\u00e0 tr\u00e0n \u0111\u1ea7y s\u1ee9c s\u1ed1ng. \u0110\u00e2y l\u00e0 m\u1ed9t trong nh\u1eefng gam m\u00e0u \u0111\u01b0\u1ee3c \u01b0a chu\u1ed9ng trong phong th\u1ee7y \u0111\u1ec3 thu h\u00fat may m\u1eafn v\u00e0 s\u1ef1 hanh th\u00f4ng trong c\u00f4ng vi\u1ec7c c\u0169ng nh\u01b0 cu\u1ed9c s\u1ed1ng.<\/div>\n<h3><span class=\"ez-toc-section\" id=\"dac_diem_noi_bat_cua_hoa_hong_victo\"><\/span><strong>\u0110\u1eb7c \u0110i\u1ec3m N\u1ed5i B\u1eadt C\u1ee7a Hoa H\u1ed3ng Victo<\/strong><span class=\"ez-toc-section-end\"><\/span><\/h3>\n<h4><span class=\"ez-toc-section\" id=\"canh_hoa_xoan_lop_day_va_deu\"><\/span><strong>C\u00e1nh Hoa Xo\u1eafn L\u1edbp, D\u00e0y V\u00e0 \u0110\u1ec1u<\/strong><span class=\"ez-toc-section-end\"><\/span><\/h4>\n<div>Hoa h\u1ed3ng Victo c\u00f3 c\u1ea5u tr\u00fac c\u00e1nh xo\u1eafn t\u1ea7ng \u0111\u1ed9c \u0111\u00e1o, m\u1ed7i l\u1edbp c\u00e1nh x\u1ebfp kh\u00edt \u0111\u1ec1u nhau t\u1ea1o n\u00ean v\u1ebb ngo\u00e0i tr\u00f2n \u0111\u1ea7y v\u00e0 \u0111\u1ea7y \u0111\u1eb7n. C\u00e1nh hoa d\u00e0y gi\u00fap b\u00f4ng Victo gi\u1eef \u0111\u01b0\u1ee3c form l\u00e2u, ngay c\u1ea3 khi \u0111\u1ec3 trong m\u00f4i tr\u01b0\u1eddng \u0111i\u1ec1u h\u00f2a hay th\u1eddi ti\u1ebft hanh kh\u00f4.<\/div>\n<h4><span class=\"ez-toc-section\" id=\"mau_sac_vang_kem_thanh_nha\"><\/span><strong>M\u00e0u S\u1eafc V\u00e0ng Kem Thanh Nh\u00e3<\/strong><span class=\"ez-toc-section-end\"><\/span><\/h4>\n<div>Kh\u00f4ng ph\u1ea3i l\u00e0 m\u00e0u v\u00e0ng ch\u00f3i, hoa Victo s\u1edf h\u1eefu s\u1eafc v\u00e0ng kem d\u1ecbu d\u00e0ng, trung t\u00ednh, d\u1ec5 k\u1ebft h\u1ee3p v\u1edbi nhi\u1ec1u lo\u1ea1i hoa kh\u00e1c ho\u1eb7c ph\u00f9 h\u1ee3p nhi\u1ec1u t\u00f4ng m\u00e0u s\u1ef1 ki\u1ec7n kh\u00e1c nhau (tr\u1eafng, xanh, pastel&#8230;).<\/div>\n<h4><span class=\"ez-toc-section\" id=\"do_ben_uu_viet\"><\/span><strong>\u0110\u1ed9 B\u1ec1n \u01afu Vi\u1ec7t<\/strong><span class=\"ez-toc-section-end\"><\/span><\/h4>\n<div>So v\u1edbi nhi\u1ec1u d\u00f2ng hoa h\u1ed3ng kh\u00e1c, Victo c\u00f3 th\u1ec3 gi\u1eef t\u01b0\u01a1i t\u1eeb 5\u20137 ng\u00e0y n\u1ebfu \u0111\u01b0\u1ee3c b\u1ea3o qu\u1ea3n \u0111\u00fang c\u00e1ch. \u0110\u00e2y l\u00e0 \u01b0u \u0111i\u1ec3m v\u01b0\u1ee3t tr\u1ed9i gi\u00fap c\u00e1c shop hoa ti\u1ebft ki\u1ec7m chi ph\u00ed h\u00e9o hoa v\u00e0 kh\u00e1ch h\u00e0ng y\u00ean t\u00e2m s\u1eed d\u1ee5ng.<\/div>\n<h3><span class=\"ez-toc-section\" id=\"ung_dung_cua_hoa_hong_victo_vang_trong_nghe_thuat_cam_hoa\"><\/span><strong>\u1ee8ng D\u1ee5ng C\u1ee7a Hoa H\u1ed3ng Victo V\u00e0ng Trong Ngh\u1ec7 Thu\u1eadt C\u1eafm Hoa<\/strong><span class=\"ez-toc-section-end\"><\/span><\/h3>\n<h4><span class=\"ez-toc-section\" id=\"su_dung_trong_hoa_cuoi_hoa_le_va_gio_hoa_tang\"><\/span><strong>S\u1eed D\u1ee5ng Trong Hoa C\u01b0\u1edbi, Hoa L\u1ec5 V\u00e0 Gi\u1ecf Hoa T\u1eb7ng<\/strong><span class=\"ez-toc-section-end\"><\/span><\/h4>\n<div>V\u1edbi v\u1ebb \u0111\u1eb9p thanh nh\u00e3, Victo v\u00e0ng r\u1ea5t \u0111\u01b0\u1ee3c \u01b0a chu\u1ed9ng \u0111\u1ec3 l\u00e0m:<\/div>\n<div><\/div>\n<div>B\u00f3 hoa c\u01b0\u1edbi c\u00f4 d\u00e2u<\/div>\n<div>Gi\u1ecf hoa ch\u00fac m\u1eebng khai tr\u01b0\u01a1ng, sinh nh\u1eadt, k\u1ef7 ni\u1ec7m<\/div>\n<div>C\u1eafm hoa b\u00e0n ti\u1ec7c c\u01b0\u1edbi ho\u1eb7c ti\u1ec7c sang tr\u1ecdng<\/div>\n<div>Trang tr\u00ed v\u0103n ph\u00f2ng, showroom, spa<\/div>\n<h4><span class=\"ez-toc-section\" id=\"de_phoi_hop_voi_cac_loai_hoa_khac\"><\/span><strong>D\u1ec5 Ph\u1ed1i H\u1ee3p V\u1edbi C\u00e1c Lo\u00e0i Hoa Kh\u00e1c<\/strong><span class=\"ez-toc-section-end\"><\/span><\/h4>\n<div>Victo v\u00e0ng c\u00f3 th\u1ec3 k\u1ebft h\u1ee3p \u0111\u1eb9p m\u1eaft v\u1edbi:<\/div>\n<div><\/div>\n<div>Hoa h\u1ed3ng tr\u1eafng, h\u1ed3ng pastel<\/div>\n<div>Hoa m\u1eabu \u0111\u01a1n, \u0111\u1ed3ng ti\u1ec1n, baby tr\u1eafng<\/div>\n<div>L\u00e1 ph\u1ee5 xanh nh\u01b0 l\u00e1 b\u1ea1c, l\u00e1 t\u00f9ng, c\u00fac l\u00e1 nho\u2026<\/div>\n<h4><span class=\"ez-toc-section\" id=\"ly_tuong_cho_khach_si_va_du_an_lon\"><\/span><strong>L\u00fd T\u01b0\u1edfng Cho Kh\u00e1ch S\u1ec9 V\u00e0 D\u1ef1 \u00c1n L\u1edbn<\/strong><span class=\"ez-toc-section-end\"><\/span><\/h4>\n<div>T\u1ea1i GV Garden, hoa h\u1ed3ng Victo v\u00e0ng \u0111\u01b0\u1ee3c cung c\u1ea5p s\u1ec9 s\u1ed1 l\u01b0\u1ee3ng l\u1edbn, \u1ed5n \u0111\u1ecbnh quanh n\u0103m. Ph\u00f9 h\u1ee3p v\u1edbi c\u00e1c shop hoa, \u0111\u01a1n v\u1ecb t\u1ed5 ch\u1ee9c s\u1ef1 ki\u1ec7n, wedding planner, kh\u00e1ch s\u1ea1n 5 sao ho\u1eb7c \u0111\u01a1n h\u00e0ng d\u1ef1 \u00e1n l\u1edbn.<\/div>\n<h3><span class=\"ez-toc-section\" id=\"mua_hoa_hong_victo_o_dau_uy_tin_tai_viet_nam\"><\/span><strong>Mua Hoa H\u1ed3ng Victo \u1ede \u0110\u00e2u Uy T\u00edn T\u1ea1i Vi\u1ec7t Nam?<\/strong><span class=\"ez-toc-section-end\"><\/span><\/h3>\n<div>GV Garden \u2013 nh\u00e0 cung c\u1ea5p hoa h\u1ed3ng \u0110\u00e0 L\u1ea1t h\u00e0ng \u0111\u1ea7u, v\u1edbi h\u1ec7 th\u1ed1ng v\u01b0\u1eddn li\u00ean k\u1ebft tr\u1ef1c ti\u1ebfp v\u00e0 chu\u1ed7i cung \u1ee9ng l\u1ea1nh gi\u00fap hoa lu\u00f4n t\u01b0\u01a1i m\u1edbi, \u0111\u00fang m\u00e0u, \u0111\u00fang form.<\/div>\n<div><\/div>\n<div>Ch\u00fang t\u00f4i nh\u1eadn \u0111\u1eb7t h\u00e0ng s\u1ec9 v\u00e0 l\u1ebb, giao hoa t\u1eadn n\u01a1i to\u00e0n qu\u1ed1c.<\/div>\n","protected":false},"excerpt":{"rendered":"<p>Hoa H\u1ed3ng Victo V\u00e0ng \u0110\u00e0 L\u1ea1t \u2013 V\u1ebb \u0110\u1eb9p Tinh T\u1ebf Cho M\u1ecdi D\u1ecbp Quan Tr\u1ecdng Gi\u1edbi Thi\u1ec7u Hoa H\u1ed3ng Victo \u2013 D\u00f2ng Hoa Cao C\u1ea5p T\u1eeb \u0110\u00e0 L\u1ea1t Hoa h\u1ed3ng Victo v\u00e0ng l\u00e0 m\u1ed9t trong nh\u1eefng gi\u1ed1ng hoa h\u1ed3ng cao c\u1ea5p \u0111\u01b0\u1ee3c tr\u1ed3ng t\u1ea1i v\u00f9ng kh\u00ed h\u1eadu l\u00fd t\u01b0\u1edfng \u0110\u00e0 L\u1ea1t. V\u1edbi s\u1eafc v\u00e0ng [&#8230;]\n","protected":false},"featured_media":5835,"comment_status":"open","ping_status":"closed","template":"","meta":[],"product_brand":[],"product_cat":[273,298],"product_tag":[405,311,408,409,407,406],"class_list":{"0":"post-4353","1":"product","2":"type-product","3":"status-publish","4":"has-post-thumbnail","6":"product_cat-hoa-noi-dia-viet-nam","7":"product_cat-hoa-hong-da-lat-hoa-noi-dia-viet-nam-2","8":"product_tag-dac-diem-hoa-hong-victo","9":"product_tag-hoa-hong-da-lat","10":"product_tag-hoa-tuoi-cao-cap","11":"product_tag-shop-hoa-tuoi-uy-tin","12":"product_tag-ung-dung-cua-hoa-hong-victo","13":"product_tag-y-nghia-hoa-hong-victo","15":"first","16":"instock","17":"shipping-taxable","18":"product-type-simple"},"_links":{"self":[{"href":"https:\/\/gvgarden.asia\/index.php?rest_route=\/wp\/v2\/product\/4353","targetHints":{"allow":["GET"]}}],"collection":[{"href":"https:\/\/gvgarden.asia\/index.php?rest_route=\/wp\/v2\/product"}],"about":[{"href":"https:\/\/gvgarden.asia\/index.php?rest_route=\/wp\/v2\/types\/product"}],"replies":[{"embeddable":true,"href":"https:\/\/gvgarden.asia\/index.php?rest_route=%2Fwp%2Fv2%2Fcomments&post=4353"}],"version-history":[{"count":4,"href":"https:\/\/gvgarden.asia\/index.php?rest_route=\/wp\/v2\/product\/4353\/revisions"}],"predecessor-version":[{"id":5836,"href":"https:\/\/gvgarden.asia\/index.php?rest_route=\/wp\/v2\/product\/4353\/revisions\/5836"}],"wp:featuredmedia":[{"embeddable":true,"href":"https:\/\/gvgarden.asia\/index.php?rest_route=\/wp\/v2\/media\/5835"}],"wp:attachment":[{"href":"https:\/\/gvgarden.asia\/index.php?rest_route=%2Fwp%2Fv2%2Fmedia&parent=4353"}],"wp:term":[{"taxonomy":"product_brand","embeddable":true,"href":"https:\/\/gvgarden.asia\/index.php?rest_route=%2Fwp%2Fv2%2Fproduct_brand&post=4353"},{"taxonomy":"product_cat","embeddable":true,"href":"https:\/\/gvgarden.asia\/index.php?rest_route=%2Fwp%2Fv2%2Fproduct_cat&post=4353"},{"taxonomy":"product_tag","embeddable":true,"href":"https:\/\/gvgarden.asia\/index.php?rest_route=%2Fwp%2Fv2%2Fproduct_tag&post=4353"}],"curies":[{"name":"wp","href":"https:\/\/api.w.org\/{rel}","templated":true}]}}