{"id":4352,"date":"2025-07-19T12:43:41","date_gmt":"2025-07-19T05:43:41","guid":{"rendered":"https:\/\/gvgarden.asia\/?post_type=product&#038;p=4352"},"modified":"2025-09-19T15:48:53","modified_gmt":"2025-09-19T08:48:53","slug":"hoa-hong-ecu-da-lat","status":"publish","type":"product","link":"https:\/\/gvgarden.asia\/?product=hoa-hong-ecu-da-lat","title":{"rendered":"Hoa H\u1ed3ng Ecu"},"content":{"rendered":"<div id=\"ez-toc-container\" class=\"ez-toc-v2_0_76 counter-hierarchy ez-toc-counter ez-toc-grey ez-toc-container-direction\">\n<div class=\"ez-toc-title-container\">\n<p class=\"ez-toc-title\" style=\"cursor:inherit\">N\u1ed9i Dung B\u00e0i Vi\u1ebft<\/p>\n<span class=\"ez-toc-title-toggle\"><a href=\"#\" class=\"ez-toc-pull-right ez-toc-btn ez-toc-btn-xs ez-toc-btn-default ez-toc-toggle\" aria-label=\"Toggle Table of Content\"><span class=\"ez-toc-js-icon-con\"><span class=\"\"><span class=\"eztoc-hide\" style=\"display:none;\">Toggle<\/span><span class=\"ez-toc-icon-toggle-span\"><svg style=\"fill: #999;color:#999\" xmlns=\"http:\/\/www.w3.org\/2000\/svg\" class=\"list-377408\" width=\"20px\" height=\"20px\" viewBox=\"0 0 24 24\" fill=\"none\"><path d=\"M6 6H4v2h2V6zm14 0H8v2h12V6zM4 11h2v2H4v-2zm16 0H8v2h12v-2zM4 16h2v2H4v-2zm16 0H8v2h12v-2z\" fill=\"currentColor\"><\/path><\/svg><svg style=\"fill: #999;color:#999\" class=\"arrow-unsorted-368013\" xmlns=\"http:\/\/www.w3.org\/2000\/svg\" width=\"10px\" height=\"10px\" viewBox=\"0 0 24 24\" version=\"1.2\" baseProfile=\"tiny\"><path d=\"M18.2 9.3l-6.2-6.3-6.2 6.3c-.2.2-.3.4-.3.7s.1.5.3.7c.2.2.4.3.7.3h11c.3 0 .5-.1.7-.3.2-.2.3-.5.3-.7s-.1-.5-.3-.7zM5.8 14.7l6.2 6.3 6.2-6.3c.2-.2.3-.5.3-.7s-.1-.5-.3-.7c-.2-.2-.4-.3-.7-.3h-11c-.3 0-.5.1-.7.3-.2.2-.3.5-.3.7s.1.5.3.7z\"\/><\/svg><\/span><\/span><\/span><\/a><\/span><\/div>\n<nav><ul class='ez-toc-list ez-toc-list-level-1 eztoc-toggle-hide-by-default' ><li class='ez-toc-page-1 ez-toc-heading-level-2'><a class=\"ez-toc-link ez-toc-heading-1\" href=\"https:\/\/gvgarden.asia\/?product=hoa-hong-ecu-da-lat\/#hoa_hong_do_ecu_da_lat_%e2%80%93_bieu_tuong_cua_su_quyen_ru_va_dang_cap\" >Hoa H\u1ed3ng \u0110\u1ecf Ecu \u0110\u00e0 L\u1ea1t \u2013 Bi\u1ec3u T\u01b0\u1ee3ng C\u1ee7a S\u1ef1 Quy\u1ebfn R\u0169 V\u00e0 \u0110\u1eb3ng C\u1ea5p<\/a><ul class='ez-toc-list-level-3' ><li class='ez-toc-heading-level-3'><a class=\"ez-toc-link ez-toc-heading-2\" href=\"https:\/\/gvgarden.asia\/?product=hoa-hong-ecu-da-lat\/#gioi_thieu_ve_hoa_hong_ecu_do\" >Gi\u1edbi thi\u1ec7u v\u1ec1 hoa h\u1ed3ng Ecu \u0111\u1ecf<\/a><\/li><li class='ez-toc-page-1 ez-toc-heading-level-3'><a class=\"ez-toc-link ez-toc-heading-3\" href=\"https:\/\/gvgarden.asia\/?product=hoa-hong-ecu-da-lat\/#y_nghia_cua_hoa_hong_do_ecu\" >\u00dd ngh\u0129a c\u1ee7a hoa h\u1ed3ng \u0111\u1ecf Ecu<\/a><ul class='ez-toc-list-level-4' ><li class='ez-toc-heading-level-4'><a class=\"ez-toc-link ez-toc-heading-4\" href=\"https:\/\/gvgarden.asia\/?product=hoa-hong-ecu-da-lat\/#bieu_tuong_cua_tinh_yeu_nong_chay\" >Bi\u1ec3u t\u01b0\u1ee3ng c\u1ee7a t\u00ecnh y\u00eau n\u1ed3ng ch\u00e1y<\/a><\/li><li class='ez-toc-page-1 ez-toc-heading-level-4'><a class=\"ez-toc-link ez-toc-heading-5\" href=\"https:\/\/gvgarden.asia\/?product=hoa-hong-ecu-da-lat\/#dai_dien_cho_su_sang_trong_va_quyen_luc\" >\u0110\u1ea1i di\u1ec7n cho s\u1ef1 sang tr\u1ecdng v\u00e0 quy\u1ec1n l\u1ef1c<\/a><\/li><li class='ez-toc-page-1 ez-toc-heading-level-4'><a class=\"ez-toc-link ez-toc-heading-6\" href=\"https:\/\/gvgarden.asia\/?product=hoa-hong-ecu-da-lat\/#gui_gam_thong_diep_manh_me\" >G\u1eedi g\u1eafm th\u00f4ng \u0111i\u1ec7p m\u1ea1nh m\u1ebd<\/a><\/li><\/ul><\/li><li class='ez-toc-page-1 ez-toc-heading-level-3'><a class=\"ez-toc-link ez-toc-heading-7\" href=\"https:\/\/gvgarden.asia\/?product=hoa-hong-ecu-da-lat\/#dac_diem_noi_bat_cua_hoa_hong_ecu_do_trong_tai_da_lat\" >\u0110\u1eb7c \u0111i\u1ec3m n\u1ed5i b\u1eadt c\u1ee7a hoa h\u1ed3ng Ecu \u0111\u1ecf tr\u1ed3ng t\u1ea1i \u0110\u00e0 L\u1ea1t<\/a><ul class='ez-toc-list-level-4' ><li class='ez-toc-heading-level-4'><a class=\"ez-toc-link ez-toc-heading-8\" href=\"https:\/\/gvgarden.asia\/?product=hoa-hong-ecu-da-lat\/#mau_sac_dam_va_nhat_quan\" >M\u00e0u s\u1eafc \u0111\u1eadm v\u00e0 nh\u1ea5t qu\u00e1n<\/a><\/li><li class='ez-toc-page-1 ez-toc-heading-level-4'><a class=\"ez-toc-link ez-toc-heading-9\" href=\"https:\/\/gvgarden.asia\/?product=hoa-hong-ecu-da-lat\/#canh_hoa_day_ben_va_xoay_dep\" >C\u00e1nh hoa d\u00e0y, b\u1ec1n v\u00e0 xo\u00e1y \u0111\u1eb9p<\/a><\/li><li class='ez-toc-page-1 ez-toc-heading-level-4'><a class=\"ez-toc-link ez-toc-heading-10\" href=\"https:\/\/gvgarden.asia\/?product=hoa-hong-ecu-da-lat\/#do_ben_len_den_7%e2%80%9310_ngay\" >\u0110\u1ed9 b\u1ec1n l\u00ean \u0111\u1ebfn 7\u201310 ng\u00e0y<\/a><\/li><li class='ez-toc-page-1 ez-toc-heading-level-4'><a class=\"ez-toc-link ez-toc-heading-11\" href=\"https:\/\/gvgarden.asia\/?product=hoa-hong-ecu-da-lat\/#mui_huong_diu_nhe_khong_gat\" >M\u00f9i h\u01b0\u01a1ng d\u1ecbu nh\u1eb9, kh\u00f4ng g\u1eaft<\/a><\/li><\/ul><\/li><li class='ez-toc-page-1 ez-toc-heading-level-3'><a class=\"ez-toc-link ez-toc-heading-12\" href=\"https:\/\/gvgarden.asia\/?product=hoa-hong-ecu-da-lat\/#ung_dung_cua_hoa_hong_ecu_do\" >\u1ee8ng d\u1ee5ng c\u1ee7a hoa h\u1ed3ng Ecu \u0111\u1ecf<\/a><ul class='ez-toc-list-level-4' ><li class='ez-toc-heading-level-4'><a class=\"ez-toc-link ez-toc-heading-13\" href=\"https:\/\/gvgarden.asia\/?product=hoa-hong-ecu-da-lat\/#su_dung_trong_bo_hoa_cao_cap\" >S\u1eed d\u1ee5ng trong b\u00f3 hoa cao c\u1ea5p<\/a><\/li><li class='ez-toc-page-1 ez-toc-heading-level-4'><a class=\"ez-toc-link ez-toc-heading-14\" href=\"https:\/\/gvgarden.asia\/?product=hoa-hong-ecu-da-lat\/#trang_tri_su_kien_le_cuoi\" >Trang tr\u00ed s\u1ef1 ki\u1ec7n &amp; l\u1ec5 c\u01b0\u1edbi<\/a><\/li><li class='ez-toc-page-1 ez-toc-heading-level-4'><a class=\"ez-toc-link ez-toc-heading-15\" href=\"https:\/\/gvgarden.asia\/?product=hoa-hong-ecu-da-lat\/#bay_tri_showroom_%e2%80%93_khach_san_%e2%80%93_nha_hang\" >B\u00e0y tr\u00ed showroom \u2013 kh\u00e1ch s\u1ea1n \u2013 nh\u00e0 h\u00e0ng<\/a><\/li><li class='ez-toc-page-1 ez-toc-heading-level-4'><a class=\"ez-toc-link ez-toc-heading-16\" href=\"https:\/\/gvgarden.asia\/?product=hoa-hong-ecu-da-lat\/#qua_tang_doi_tac_hoac_khach_vip\" >Qu\u00e0 t\u1eb7ng \u0111\u1ed1i t\u00e1c ho\u1eb7c kh\u00e1ch VIP<\/a><\/li><\/ul><\/li><li class='ez-toc-page-1 ez-toc-heading-level-3'><a class=\"ez-toc-link ez-toc-heading-17\" href=\"https:\/\/gvgarden.asia\/?product=hoa-hong-ecu-da-lat\/#gv_garden_%e2%80%93_dia_chi_cung_cap_hoa_hong_ecu_do_da_lat_uy_tin\" >GV Garden \u2013 \u0110\u1ecba ch\u1ec9 cung c\u1ea5p hoa h\u1ed3ng Ecu \u0111\u1ecf \u0110\u00e0 L\u1ea1t uy t\u00edn<\/a><\/li><\/ul><\/li><\/ul><\/nav><\/div>\n<h2><span class=\"ez-toc-section\" id=\"hoa_hong_do_ecu_da_lat_%e2%80%93_bieu_tuong_cua_su_quyen_ru_va_dang_cap\"><\/span><strong>Hoa H\u1ed3ng \u0110\u1ecf Ecu \u0110\u00e0 L\u1ea1t \u2013 Bi\u1ec3u T\u01b0\u1ee3ng C\u1ee7a S\u1ef1 Quy\u1ebfn R\u0169 V\u00e0 \u0110\u1eb3ng C\u1ea5p<\/strong><span class=\"ez-toc-section-end\"><\/span><\/h2>\n<h3><span class=\"ez-toc-section\" id=\"gioi_thieu_ve_hoa_hong_ecu_do\"><\/span><strong>Gi\u1edbi thi\u1ec7u v\u1ec1 hoa h\u1ed3ng Ecu \u0111\u1ecf<\/strong><span class=\"ez-toc-section-end\"><\/span><\/h3>\n<div>Hoa h\u1ed3ng Ecu \u0111\u1ecf l\u00e0 gi\u1ed1ng hoa h\u1ed3ng n\u1ed5i ti\u1ebfng c\u00f3 ngu\u1ed3n g\u1ed1c t\u1eeb Ecuador \u2013 qu\u1ed1c gia n\u1ed5i danh v\u1edbi kh\u00ed h\u1eadu l\u00fd t\u01b0\u1edfng cho c\u00e1c lo\u1ea1i hoa h\u1ed3ng cao c\u1ea5p. Khi \u0111\u01b0\u1ee3c tr\u1ed3ng t\u1ea1i v\u00f9ng \u0111\u1ea5t \u0110\u00e0 L\u1ea1t v\u1edbi \u0111\u1ed9 cao v\u00e0 kh\u00ed h\u1eadu m\u00e1t m\u1ebb quanh n\u0103m, gi\u1ed1ng hoa n\u00e0y ph\u00e1t tri\u1ec3n v\u01b0\u1ee3t tr\u1ed9i, gi\u1eef nguy\u00ean \u0111\u01b0\u1ee3c m\u00e0u s\u1eafc r\u1ef1c r\u1ee1, \u0111\u1ed9 b\u1ec1n l\u00e2u t\u00e0n, v\u00e0 ki\u1ec3u d\u00e1ng c\u00e1nh xo\u00e1y \u0111\u1ed9c \u0111\u00e1o.<\/div>\n<div><\/div>\n<div>T\u1ea1i GV Garden, hoa h\u1ed3ng \u0111\u1ecf Ecu l\u00e0 m\u1ed9t trong nh\u1eefng d\u00f2ng hoa b\u00e1n ch\u1ea1y nh\u1ea5t \u2013 \u0111\u01b0\u1ee3c gi\u1edbi s\u1ef1 ki\u1ec7n, c\u01b0\u1edbi h\u1ecfi v\u00e0 c\u00e1c t\u00edn \u0111\u1ed3 y\u00eau hoa l\u1ef1a ch\u1ecdn v\u00ec ch\u1ea5t l\u01b0\u1ee3ng v\u00e0 th\u1ea9m m\u1ef9 v\u01b0\u1ee3t tr\u1ed9i.<\/div>\n<h3><span class=\"ez-toc-section\" id=\"y_nghia_cua_hoa_hong_do_ecu\"><\/span><strong>\u00dd ngh\u0129a c\u1ee7a hoa h\u1ed3ng \u0111\u1ecf Ecu<\/strong><span class=\"ez-toc-section-end\"><\/span><\/h3>\n<h4><span class=\"ez-toc-section\" id=\"bieu_tuong_cua_tinh_yeu_nong_chay\"><\/span><strong>Bi\u1ec3u t\u01b0\u1ee3ng c\u1ee7a t\u00ecnh y\u00eau n\u1ed3ng ch\u00e1y<\/strong><span class=\"ez-toc-section-end\"><\/span><\/h4>\n<div>Kh\u00f4ng ph\u1ea3i ng\u1eabu nhi\u00ean m\u00e0 hoa h\u1ed3ng \u0111\u1ecf tr\u1edf th\u00e0nh bi\u1ec3u t\u01b0\u1ee3ng t\u00ecnh y\u00eau v\u01b0\u1ee3t th\u1eddi gian. M\u00e0u \u0111\u1ecf c\u1ee7a hoa h\u1ed3ng Ecu \u0111\u1eadm \u0111\u00e0, s\u00e2u s\u1eafc h\u01a1n c\u00e1c gi\u1ed1ng h\u1ed3ng th\u00f4ng th\u01b0\u1eddng \u2013 th\u1ec3 hi\u1ec7n s\u1ef1 m\u00e3nh li\u1ec7t, chung th\u1ee7y, v\u00e0 \u0111am m\u00ea b\u1ea5t t\u1eadn.<\/div>\n<h4><span class=\"ez-toc-section\" id=\"dai_dien_cho_su_sang_trong_va_quyen_luc\"><\/span><strong>\u0110\u1ea1i di\u1ec7n cho s\u1ef1 sang tr\u1ecdng v\u00e0 quy\u1ec1n l\u1ef1c<\/strong><span class=\"ez-toc-section-end\"><\/span><\/h4>\n<div>T\u00f4ng \u0111\u1ecf tr\u1ea7m v\u00e0 \u0111\u1eadm c\u1ee7a hoa h\u1ed3ng Ecu mang \u0111\u1ebfn c\u1ea3m gi\u00e1c qu\u00fd ph\u00e1i, cao c\u1ea5p, ph\u00f9 h\u1ee3p v\u1edbi c\u00e1c kh\u00f4ng gian sang tr\u1ecdng nh\u01b0 h\u1ed9i ngh\u1ecb, ti\u1ec7c c\u01b0\u1edbi, showroom, kh\u00e1ch s\u1ea1n ho\u1eb7c l\u1ec5 trao gi\u1ea3i.<\/div>\n<h4><span class=\"ez-toc-section\" id=\"gui_gam_thong_diep_manh_me\"><\/span><strong>G\u1eedi g\u1eafm th\u00f4ng \u0111i\u1ec7p m\u1ea1nh m\u1ebd<\/strong><span class=\"ez-toc-section-end\"><\/span><\/h4>\n<div>M\u1ed7i \u0111\u00f3a hoa h\u1ed3ng Ecu kh\u00f4ng ch\u1ec9 \u0111\u1eb9p m\u00e0 c\u00f2n mang gi\u00e1 tr\u1ecb th\u00f4ng \u0111i\u1ec7p: \u201cT\u00f4i y\u00eau b\u1ea1n ch\u00e2n th\u00e0nh\u201d hay \u201cB\u1ea1n x\u1ee9ng \u0111\u00e1ng \u0111\u01b0\u1ee3c tr\u00e2n tr\u1ecdng\u201d. \u0110\u00f3 l\u00e0 l\u00fd do hoa n\u00e0y \u0111\u01b0\u1ee3c l\u1ef1a ch\u1ecdn nhi\u1ec1u cho Valentine, ng\u00e0y k\u1ef7 ni\u1ec7m, ho\u1eb7c qu\u00e0 t\u1eb7ng \u0111\u1ed1i t\u00e1c cao c\u1ea5p.<\/div>\n<h3><span class=\"ez-toc-section\" id=\"dac_diem_noi_bat_cua_hoa_hong_ecu_do_trong_tai_da_lat\"><\/span><strong>\u0110\u1eb7c \u0111i\u1ec3m n\u1ed5i b\u1eadt c\u1ee7a hoa h\u1ed3ng Ecu \u0111\u1ecf tr\u1ed3ng t\u1ea1i \u0110\u00e0 L\u1ea1t<\/strong><span class=\"ez-toc-section-end\"><\/span><\/h3>\n<h4><span class=\"ez-toc-section\" id=\"mau_sac_dam_va_nhat_quan\"><\/span><strong>M\u00e0u s\u1eafc \u0111\u1eadm v\u00e0 nh\u1ea5t qu\u00e1n<\/strong><span class=\"ez-toc-section-end\"><\/span><\/h4>\n<div>M\u00e0u \u0111\u1ecf c\u1ee7a h\u1ed3ng Ecu c\u00f3 \u0111\u1ed9 b\u00e3o h\u00f2a cao, c\u00e1nh hoa kh\u00f4ng b\u1ecb phai hay nh\u1ea1t khi g\u1eb7p n\u01b0\u1edbc. Khi tr\u1ed3ng \u1edf \u0110\u00e0 L\u1ea1t, nh\u1edd \u00e1nh s\u00e1ng t\u1ef1 nhi\u00ean v\u00e0 nhi\u1ec7t \u0111\u1ed9 \u1ed5n \u0111\u1ecbnh, m\u00e0u \u0111\u1ecf c\u00e0ng tr\u1edf n\u00ean r\u1ef1c r\u1ee1, n\u1ed5i b\u1eadt so v\u1edbi c\u00e1c gi\u1ed1ng h\u1ed3ng \u0111\u1ecf kh\u00e1c.<\/div>\n<h4><span class=\"ez-toc-section\" id=\"canh_hoa_day_ben_va_xoay_dep\"><\/span><strong>C\u00e1nh hoa d\u00e0y, b\u1ec1n v\u00e0 xo\u00e1y \u0111\u1eb9p<\/strong><span class=\"ez-toc-section-end\"><\/span><\/h4>\n<div>H\u1ed3ng Ecu c\u00f3 form c\u00e1nh d\u00e0y, m\u1ec1m m\u1ecbn, x\u1ebfp xo\u1eafn \u0111\u1ec1u t\u1eeb trong ra ngo\u00e0i \u2013 t\u1ea1o hi\u1ec7u \u1ee9ng th\u1ecb gi\u00e1c r\u1ea5t cu\u1ed1n h\u00fat. Khi n\u1edf ho\u00e0n to\u00e0n, b\u00f4ng gi\u1eef \u0111\u01b0\u1ee3c d\u00e1ng xo\u00e1y \u0111\u1eb9p v\u00e0 l\u00e2u r\u1ee5ng c\u00e1nh.<\/div>\n<h4><span class=\"ez-toc-section\" id=\"do_ben_len_den_7%e2%80%9310_ngay\"><\/span><strong>\u0110\u1ed9 b\u1ec1n l\u00ean \u0111\u1ebfn 7\u201310 ng\u00e0y<\/strong><span class=\"ez-toc-section-end\"><\/span><\/h4>\n<div>Khi b\u1ea3o qu\u1ea3n \u0111\u00fang c\u00e1ch, hoa h\u1ed3ng \u0111\u1ecf Ecu c\u00f3 th\u1ec3 gi\u1eef \u0111\u01b0\u1ee3c v\u1ebb \u0111\u1eb9p t\u01b0\u01a1i m\u1edbi t\u1eeb 7 \u0111\u1ebfn 10 ng\u00e0y \u2013 l\u00e2u h\u01a1n nhi\u1ec1u so v\u1edbi c\u00e1c gi\u1ed1ng hoa n\u1ed9i \u0111\u1ecba th\u00f4ng th\u01b0\u1eddng.<\/div>\n<h4><span class=\"ez-toc-section\" id=\"mui_huong_diu_nhe_khong_gat\"><\/span><strong>M\u00f9i h\u01b0\u01a1ng d\u1ecbu nh\u1eb9, kh\u00f4ng g\u1eaft<\/strong><span class=\"ez-toc-section-end\"><\/span><\/h4>\n<div>D\u00f9 kh\u00f4ng c\u00f3 m\u00f9i th\u01a1m n\u1ed3ng nh\u01b0 h\u1ed3ng c\u1ed5, hoa Ecu mang m\u1ed9t h\u01b0\u01a1ng d\u1ecbu nh\u1eb9, sang tr\u1ecdng, th\u00edch h\u1ee3p d\u00f9ng trong kh\u00f4ng gian k\u00edn nh\u01b0 ph\u00f2ng kh\u00e1ch, ph\u00f2ng h\u1ecdp, l\u1ec5 \u0111\u01b0\u1eddng,&#8230;<\/div>\n<h3><span class=\"ez-toc-section\" id=\"ung_dung_cua_hoa_hong_ecu_do\"><\/span><strong>\u1ee8ng d\u1ee5ng c\u1ee7a hoa h\u1ed3ng Ecu \u0111\u1ecf<\/strong><span class=\"ez-toc-section-end\"><\/span><\/h3>\n<h4><span class=\"ez-toc-section\" id=\"su_dung_trong_bo_hoa_cao_cap\"><\/span><strong>S\u1eed d\u1ee5ng trong b\u00f3 hoa cao c\u1ea5p<\/strong><span class=\"ez-toc-section-end\"><\/span><\/h4>\n<div>V\u1edbi form d\u00e1ng sang tr\u1ecdng v\u00e0 m\u00e0u s\u1eafc quy\u1ec1n l\u1ef1c, hoa h\u1ed3ng \u0111\u1ecf Ecu l\u00e0 l\u1ef1a ch\u1ecdn h\u00e0ng \u0111\u1ea7u trong c\u00e1c b\u00f3 hoa t\u1eb7ng sinh nh\u1eadt, b\u00f3 hoa c\u01b0\u1edbi, hoa t\u1eb7ng ng\u00e0y k\u1ef7 ni\u1ec7m ho\u1eb7c c\u00e1c d\u1ecbp l\u1ec5 \u0111\u1eb7c bi\u1ec7t nh\u01b0 20\/10, 8\/3, Valentine.<\/div>\n<h4><span class=\"ez-toc-section\" id=\"trang_tri_su_kien_le_cuoi\"><\/span><strong>Trang tr\u00ed s\u1ef1 ki\u1ec7n &amp; l\u1ec5 c\u01b0\u1edbi<\/strong><span class=\"ez-toc-section-end\"><\/span><\/h4>\n<div>Kh\u00f4ng gian l\u1ec5 c\u01b0\u1edbi, ti\u1ec7c m\u1eebng hay s\u1ef1 ki\u1ec7n cao c\u1ea5p s\u1ebd tr\u1edf n\u00ean n\u1ed5i b\u1eadt v\u00e0 l\u1ed9ng l\u1eaby h\u01a1n khi k\u1ebft h\u1ee3p hoa h\u1ed3ng \u0111\u1ecf Ecu v\u1edbi c\u00e1c lo\u1ea1i hoa ph\u1ee5 tr\u1eafng, kem ho\u1eb7c xanh. S\u1ef1 t\u01b0\u01a1ng ph\u1ea3n gi\u00fap t\u1ea1o chi\u1ec1u s\u00e2u, t\u0103ng ph\u1ea7n \u0111\u1eb3ng c\u1ea5p cho kh\u00f4ng gian.<\/div>\n<h4><span class=\"ez-toc-section\" id=\"bay_tri_showroom_%e2%80%93_khach_san_%e2%80%93_nha_hang\"><\/span><strong>B\u00e0y tr\u00ed showroom \u2013 kh\u00e1ch s\u1ea1n \u2013 nh\u00e0 h\u00e0ng<\/strong><span class=\"ez-toc-section-end\"><\/span><\/h4>\n<div>Nhi\u1ec1u nh\u00e0 h\u00e0ng, kh\u00e1ch s\u1ea1n cao c\u1ea5p \u0111\u00e3 l\u1ef1a ch\u1ecdn h\u1ed3ng Ecu l\u00e0m hoa decor b\u00e0n ti\u1ebfp t\u00e2n, hoa c\u1eafm b\u00ecnh ph\u00f2ng h\u1ecdp hay s\u1ea3nh l\u1edbn v\u00ec v\u1eeba gi\u1eef l\u00e2u v\u1eeba mang h\u00ecnh \u1ea3nh th\u01b0\u01a1ng hi\u1ec7u ch\u1ec9n chu, thanh l\u1ecbch.<\/div>\n<h4><span class=\"ez-toc-section\" id=\"qua_tang_doi_tac_hoac_khach_vip\"><\/span><strong>Qu\u00e0 t\u1eb7ng \u0111\u1ed1i t\u00e1c ho\u1eb7c kh\u00e1ch VIP<\/strong><span class=\"ez-toc-section-end\"><\/span><\/h4>\n<div>Kh\u00f4ng ch\u1ec9 l\u00e0 m\u00f3n qu\u00e0 tinh th\u1ea7n, b\u00f3 hoa h\u1ed3ng \u0111\u1ecf Ecu c\u00f2n l\u00e0 c\u00e1ch th\u1ec3 hi\u1ec7n t\u1ea5m l\u00f2ng ch\u00e2n th\u00e0nh v\u00e0 chuy\u00ean nghi\u1ec7p, th\u01b0\u1eddng \u0111\u01b0\u1ee3c s\u1eed d\u1ee5ng trong c\u00e1c d\u1ecbp k\u00fd k\u1ebft h\u1ee3p \u0111\u1ed3ng, khai tr\u01b0\u01a1ng c\u00f4ng ty, tri \u00e2n kh\u00e1ch h\u00e0ng.<\/div>\n<h3><span class=\"ez-toc-section\" id=\"gv_garden_%e2%80%93_dia_chi_cung_cap_hoa_hong_ecu_do_da_lat_uy_tin\"><\/span><strong>GV Garden \u2013 \u0110\u1ecba ch\u1ec9 cung c\u1ea5p hoa h\u1ed3ng Ecu \u0111\u1ecf \u0110\u00e0 L\u1ea1t uy t\u00edn<\/strong><span class=\"ez-toc-section-end\"><\/span><\/h3>\n<div>T\u1ea1i GV Garden, b\u1ea1n s\u1ebd t\u00ecm th\u1ea5y hoa h\u1ed3ng \u0111\u1ecf Ecu \u0111\u01b0\u1ee3c tuy\u1ec3n ch\u1ecdn k\u1ef9 l\u01b0\u1ee1ng t\u1eeb c\u00e1c nh\u00e0 v\u01b0\u1eddn uy t\u00edn t\u1ea1i \u0110\u00e0 L\u1ea1t. Ch\u00fang t\u00f4i cam k\u1ebft:<\/div>\n<div><\/div>\n<div>Ch\u1ea5t l\u01b0\u1ee3ng hoa t\u01b0\u01a1i \u2013 b\u1ec1n \u2013 \u0111\u00fang gi\u1ed1ng<\/div>\n<div><\/div>\n<div>Gi\u00e1 s\u1ec9 \u2013 l\u1ebb c\u1ea1nh tranh<\/div>\n<div><\/div>\n<div>Giao h\u00e0ng to\u00e0n qu\u1ed1c \u2013 nhanh ch\u00f3ng, \u0111\u00fang h\u1eb9n<\/div>\n<div><\/div>\n<div>T\u01b0 v\u1ea5n mi\u1ec5n ph\u00ed \u2013 nhi\u1ec7t t\u00ecnh 24\/7<\/div>\n<div><\/div>\n","protected":false},"excerpt":{"rendered":"<div class=\"elementor-element elementor-element-24178e5 elementor-widget elementor-widget-heading\" data-id=\"24178e5\" data-element_type=\"widget\" data-widget_type=\"heading.default\">\n<div class=\"elementor-widget-container\">\n<h2 class=\"elementor-heading-title elementor-size-default\">M\u00f4 t\u1ea3 ng\u1eafn:<\/h2>\n<\/div>\n<\/div>\n<div class=\"elementor-element elementor-element-7f3718d3 elementor-widget elementor-widget-text-editor\" data-id=\"7f3718d3\" data-element_type=\"widget\" data-widget_type=\"text-editor.default\">\n<div class=\"elementor-widget-container\">\n<div class=\"elementor-element elementor-element-7f3718d3 elementor-widget elementor-widget-text-editor\" data-id=\"7f3718d3\" data-element_type=\"widget\" data-widget_type=\"text-editor.default\">\n<div class=\"elementor-widget-container\">\n<ul>\n<li>Chu\u0309ng loa\u0323i: Hoa Lan Dendrobium ( Chi Lan Ho\u00e0ng Tha\u0309o)<\/li>\n<li class=\"p1\">Xu\u00e2\u0301t x\u01b0\u0301: Th\u00e1i Lan<\/li>\n<li class=\"p1\">M\u00e0u s\u0103\u0301c: V\u00e0ng<\/li>\n<li class=\"p1\">K\u00edch th\u01b0\u01a1\u0301c: 55-70cm<\/li>\n<li class=\"p1\">Gi\u00e1 hoa thay \u0111\u00f4\u0309i theo ng\u00e0y kh\u00f4ng c\u00f4\u0301 \u0111i\u0323nh<\/li>\n<\/ul>\n<p class=\"p1\"><strong>* CH\u00cdNH S\u00c1CH MUA H\u00c0NG:<\/strong><\/p>\n<ul>\n<li class=\"p1\">Giao h\u00e0ng to\u00e0n qu\u00f4\u0301c<\/li>\n<li class=\"p1\">Ki\u00ea\u0309m tra h\u00e0ng tr\u01b0\u01a1\u0301c khi thanh to\u00e1n<\/li>\n<li class=\"p1\">Xu\u1ea5t VAT theo y\u00eau c\u1ea7u c\u1ee7a kh\u00e1ch h\u00e0ng<\/li>\n<li class=\"p1\">Kh\u00e1ch si\u0309 li\u00ean h\u00ea\u0323 b\u00e1o gi\u00e1<\/li>\n<\/ul>\n<\/div>\n<\/div>\n<\/div>\n<\/div>\n","protected":false},"featured_media":5837,"comment_status":"open","ping_status":"closed","template":"","meta":[],"product_brand":[],"product_cat":[273,298],"product_tag":[410,411,412,413,310],"class_list":{"0":"post-4352","1":"product","2":"type-product","3":"status-publish","4":"has-post-thumbnail","6":"product_cat-hoa-noi-dia-viet-nam","7":"product_cat-hoa-hong-da-lat-hoa-noi-dia-viet-nam-2","8":"product_tag-hoa-hong-do-da-lat","9":"product_tag-hoa-hong-nhap-khau-cao-cap","10":"product_tag-hoa-hong-sang-trong","11":"product_tag-hoa-tuoi-chuc-mung","12":"product_tag-shop-hoa-tuoi-da-lat","14":"first","15":"instock","16":"shipping-taxable","17":"product-type-simple"},"_links":{"self":[{"href":"https:\/\/gvgarden.asia\/index.php?rest_route=\/wp\/v2\/product\/4352","targetHints":{"allow":["GET"]}}],"collection":[{"href":"https:\/\/gvgarden.asia\/index.php?rest_route=\/wp\/v2\/product"}],"about":[{"href":"https:\/\/gvgarden.asia\/index.php?rest_route=\/wp\/v2\/types\/product"}],"replies":[{"embeddable":true,"href":"https:\/\/gvgarden.asia\/index.php?rest_route=%2Fwp%2Fv2%2Fcomments&post=4352"}],"version-history":[{"count":4,"href":"https:\/\/gvgarden.asia\/index.php?rest_route=\/wp\/v2\/product\/4352\/revisions"}],"predecessor-version":[{"id":5838,"href":"https:\/\/gvgarden.asia\/index.php?rest_route=\/wp\/v2\/product\/4352\/revisions\/5838"}],"wp:featuredmedia":[{"embeddable":true,"href":"https:\/\/gvgarden.asia\/index.php?rest_route=\/wp\/v2\/media\/5837"}],"wp:attachment":[{"href":"https:\/\/gvgarden.asia\/index.php?rest_route=%2Fwp%2Fv2%2Fmedia&parent=4352"}],"wp:term":[{"taxonomy":"product_brand","embeddable":true,"href":"https:\/\/gvgarden.asia\/index.php?rest_route=%2Fwp%2Fv2%2Fproduct_brand&post=4352"},{"taxonomy":"product_cat","embeddable":true,"href":"https:\/\/gvgarden.asia\/index.php?rest_route=%2Fwp%2Fv2%2Fproduct_cat&post=4352"},{"taxonomy":"product_tag","embeddable":true,"href":"https:\/\/gvgarden.asia\/index.php?rest_route=%2Fwp%2Fv2%2Fproduct_tag&post=4352"}],"curies":[{"name":"wp","href":"https:\/\/api.w.org\/{rel}","templated":true}]}}